{"id":17279,"date":"2025-04-11T09:43:10","date_gmt":"2025-04-11T09:43:10","guid":{"rendered":"https:\/\/saiga.es\/producte\/azada-bellota-5\/"},"modified":"2025-04-11T09:43:10","modified_gmt":"2025-04-11T09:43:10","slug":"azada-bellota-5","status":"publish","type":"product","link":"https:\/\/saiga.es\/es\/producto\/azada-bellota-5\/","title":{"rendered":"Azada Bellota 5"},"content":{"rendered":"<p>Azada Bellota 5<\/p>\n<p>Azada forjada en una sola pieza y fabricada con acero especial Bellota, pulida y afilada especialmente por la cara posterior para facilitar su inserci\u00f3n en la tierra.<br data-start=\"316\" data-end=\"319\">No se desgasta y podr\u00e1 utilizarla toda la vida gracias al temple integral de toda la pala. Tiene un nervio que le proporciona m\u00e1s robustez y durabilidad.<br data-start=\"473\" data-end=\"476\">Trabajar\u00e1 la tierra sin miedo a que la azada se deforme. Se introducir\u00e1 m\u00e1s f\u00e1cilmente y mejor, ahorrando tiempo y esfuerzo.<br data-start=\"595\" data-end=\"598\">Sirve para cavar y hacer fosas, facilitando la apertura de surcos para sembrar o colocar plantas.<br data-start=\"692\" data-end=\"695\">Incluye el sistema antigiro en el ojo: las dos muescas bloquean el giro del cabezal. Combinado con el mango especial antigiro, que tiene dos pesta\u00f1as en la zona de encaje, la uni\u00f3n es perfecta e impide cualquier giro, movimiento o juego.<br data-start=\"915\" data-end=\"918\">Se acab\u00f3 recurrir a cubos de agua, trapos y cu\u00f1as.<br data-start=\"974\" data-end=\"977\" data-is-only-node=\"\">El sistema antigiro es compatible con los mangos tradicionales, ya que la madera se asentar\u00e1 de forma natural en las muescas del cabezal.   <\/p>\n","protected":false},"excerpt":{"rendered":"<p>Azada Bellota 5<\/p>\n<p>Azada forjada en una sola pieza y fabricada con acero especial Bellota, pulida y afilada especialmente por la cara posterior para facilitar su inserci\u00f3n en la tierra.<br data-start=\"316\" data-end=\"319\">No se desgasta y podr\u00e1 utilizarla toda la vida gracias al temple integral de toda la pala. Tiene un nervio que le proporciona m\u00e1s robustez y durabilidad.<br data-start=\"473\" data-end=\"476\">Trabajar\u00e1 la tierra sin miedo a que la azada se deforme. Se introducir\u00e1 m\u00e1s f\u00e1cilmente y mejor, ahorrando tiempo y esfuerzo.<br data-start=\"595\" data-end=\"598\">Sirve para cavar y hacer fosas, facilitando la apertura de surcos para sembrar o colocar plantas.<br data-start=\"692\" data-end=\"695\">Incluye el sistema antigiro en el ojo: las dos muescas bloquean el giro del cabezal. Combinado con el mango especial antigiro, que tiene dos pesta\u00f1as en la zona de encaje, la uni\u00f3n es perfecta e impide cualquier giro, movimiento o juego.<br data-start=\"915\" data-end=\"918\">Se acab\u00f3 recurrir a cubos de agua, trapos y cu\u00f1as.<br data-start=\"974\" data-end=\"977\" data-is-only-node=\"\">El sistema antigiro es compatible con los mangos tradicionales, ya que la madera se asentar\u00e1 de forma natural en las muescas del cabezal.   <\/p>\n","protected":false},"featured_media":14573,"comment_status":"open","ping_status":"closed","template":"","meta":[],"product_brand":[2220],"product_cat":[1958],"product_tag":[],"class_list":{"0":"post-17279","1":"product","2":"type-product","3":"status-publish","4":"has-post-thumbnail","6":"product_brand-bellota-es","7":"product_cat-azada","9":"first","10":"instock","11":"taxable","12":"shipping-taxable","13":"purchasable","14":"product-type-simple"},"yoast_head":"<!-- This site is optimized with the Yoast SEO plugin v27.4 - https:\/\/yoast.com\/product\/yoast-seo-wordpress\/ -->\n<title>Azada Bellota 5 | SAIGA<\/title>\n<meta name=\"description\" content=\"Azada forjada en una sola pieza de acero Bellota, resistente y duradera. Ideal para airear y preparar la tierra para la siembra y limpiar alrededor de \u00e1rboles y cepas.\" \/>\n<meta name=\"robots\" content=\"index, follow, max-snippet:-1, max-image-preview:large, max-video-preview:-1\" \/>\n<link rel=\"canonical\" href=\"https:\/\/saiga.es\/es\/producto\/azada-bellota-5\/\" \/>\n<meta property=\"og:locale\" content=\"es_ES\" \/>\n<meta property=\"og:type\" content=\"article\" \/>\n<meta property=\"og:title\" content=\"Azada Bellota 5 | SAIGA\" \/>\n<meta property=\"og:description\" content=\"Azada forjada en una sola pieza de acero Bellota, resistente y duradera. Ideal para airear y preparar la tierra para la siembra y limpiar alrededor de \u00e1rboles y cepas.\" \/>\n<meta property=\"og:url\" content=\"https:\/\/saiga.es\/es\/producto\/azada-bellota-5\/\" \/>\n<meta property=\"og:site_name\" content=\"SAIGA\" \/>\n<meta property=\"og:image\" content=\"https:\/\/saiga.es\/wp-content\/uploads\/2025\/04\/Diseno-sin-titulo-3.png\" \/>\n\t<meta property=\"og:image:width\" content=\"1080\" \/>\n\t<meta property=\"og:image:height\" content=\"1080\" \/>\n\t<meta property=\"og:image:type\" content=\"image\/png\" \/>\n<meta name=\"twitter:card\" content=\"summary_large_image\" \/>\n<meta name=\"twitter:site\" content=\"@saiga_agro\" \/>\n<meta name=\"twitter:label1\" content=\"Tiempo de lectura\" \/>\n\t<meta name=\"twitter:data1\" content=\"1 minuto\" \/>\n<script type=\"application\/ld+json\" class=\"yoast-schema-graph\">{\"@context\":\"https:\\\/\\\/schema.org\",\"@graph\":[{\"@type\":\"WebPage\",\"@id\":\"https:\\\/\\\/saiga.es\\\/es\\\/producto\\\/azada-bellota-5\\\/\",\"url\":\"https:\\\/\\\/saiga.es\\\/es\\\/producto\\\/azada-bellota-5\\\/\",\"name\":\"Azada Bellota 5 | SAIGA\",\"isPartOf\":{\"@id\":\"https:\\\/\\\/saiga.es\\\/es\\\/#website\"},\"primaryImageOfPage\":{\"@id\":\"https:\\\/\\\/saiga.es\\\/es\\\/producto\\\/azada-bellota-5\\\/#primaryimage\"},\"image\":{\"@id\":\"https:\\\/\\\/saiga.es\\\/es\\\/producto\\\/azada-bellota-5\\\/#primaryimage\"},\"thumbnailUrl\":\"https:\\\/\\\/saiga.es\\\/wp-content\\\/uploads\\\/2025\\\/04\\\/Diseno-sin-titulo-3.png\",\"datePublished\":\"2025-04-11T09:43:10+00:00\",\"description\":\"Azada forjada en una sola pieza de acero Bellota, resistente y duradera. Ideal para airear y preparar la tierra para la siembra y limpiar alrededor de \u00e1rboles y cepas.\",\"breadcrumb\":{\"@id\":\"https:\\\/\\\/saiga.es\\\/es\\\/producto\\\/azada-bellota-5\\\/#breadcrumb\"},\"inLanguage\":\"es\",\"potentialAction\":[{\"@type\":\"ReadAction\",\"target\":[\"https:\\\/\\\/saiga.es\\\/es\\\/producto\\\/azada-bellota-5\\\/\"]}]},{\"@type\":\"ImageObject\",\"inLanguage\":\"es\",\"@id\":\"https:\\\/\\\/saiga.es\\\/es\\\/producto\\\/azada-bellota-5\\\/#primaryimage\",\"url\":\"https:\\\/\\\/saiga.es\\\/wp-content\\\/uploads\\\/2025\\\/04\\\/Diseno-sin-titulo-3.png\",\"contentUrl\":\"https:\\\/\\\/saiga.es\\\/wp-content\\\/uploads\\\/2025\\\/04\\\/Diseno-sin-titulo-3.png\",\"width\":1080,\"height\":1080},{\"@type\":\"BreadcrumbList\",\"@id\":\"https:\\\/\\\/saiga.es\\\/es\\\/producto\\\/azada-bellota-5\\\/#breadcrumb\",\"itemListElement\":[{\"@type\":\"ListItem\",\"position\":1,\"name\":\"Inici\",\"item\":\"https:\\\/\\\/saiga.es\\\/es\\\/\"},{\"@type\":\"ListItem\",\"position\":2,\"name\":\"Tienda\",\"item\":\"https:\\\/\\\/saiga.es\\\/es\\\/tienda\\\/\"},{\"@type\":\"ListItem\",\"position\":3,\"name\":\"Azada Bellota 5\"}]},{\"@type\":\"WebSite\",\"@id\":\"https:\\\/\\\/saiga.es\\\/es\\\/#website\",\"url\":\"https:\\\/\\\/saiga.es\\\/es\\\/\",\"name\":\"SAIGA\",\"description\":\"M\u00e9s de 50 anys al servei de la terra i treballant per a un \u00fas eficient de l\u2019aigua!\",\"publisher\":{\"@id\":\"https:\\\/\\\/saiga.es\\\/es\\\/#organization\"},\"potentialAction\":[{\"@type\":\"SearchAction\",\"target\":{\"@type\":\"EntryPoint\",\"urlTemplate\":\"https:\\\/\\\/saiga.es\\\/es\\\/?s={search_term_string}\"},\"query-input\":{\"@type\":\"PropertyValueSpecification\",\"valueRequired\":true,\"valueName\":\"search_term_string\"}}],\"inLanguage\":\"es\"},{\"@type\":\"Organization\",\"@id\":\"https:\\\/\\\/saiga.es\\\/es\\\/#organization\",\"name\":\"SAIGA\",\"url\":\"https:\\\/\\\/saiga.es\\\/es\\\/\",\"logo\":{\"@type\":\"ImageObject\",\"inLanguage\":\"es\",\"@id\":\"https:\\\/\\\/saiga.es\\\/es\\\/#\\\/schema\\\/logo\\\/image\\\/\",\"url\":\"https:\\\/\\\/saiga.es\\\/wp-content\\\/uploads\\\/2025\\\/07\\\/logo_saiga_baseline_optimitzat.svg\",\"contentUrl\":\"https:\\\/\\\/saiga.es\\\/wp-content\\\/uploads\\\/2025\\\/07\\\/logo_saiga_baseline_optimitzat.svg\",\"caption\":\"SAIGA\"},\"image\":{\"@id\":\"https:\\\/\\\/saiga.es\\\/es\\\/#\\\/schema\\\/logo\\\/image\\\/\"},\"sameAs\":[\"https:\\\/\\\/x.com\\\/saiga_agro\",\"https:\\\/\\\/www.instagram.com\\\/saiga_agro\\\/\"]}]}<\/script>\n<!-- \/ Yoast SEO plugin. -->","yoast_head_json":{"title":"Azada Bellota 5 | SAIGA","description":"Azada forjada en una sola pieza de acero Bellota, resistente y duradera. Ideal para airear y preparar la tierra para la siembra y limpiar alrededor de \u00e1rboles y cepas.","robots":{"index":"index","follow":"follow","max-snippet":"max-snippet:-1","max-image-preview":"max-image-preview:large","max-video-preview":"max-video-preview:-1"},"canonical":"https:\/\/saiga.es\/es\/producto\/azada-bellota-5\/","og_locale":"es_ES","og_type":"article","og_title":"Azada Bellota 5 | SAIGA","og_description":"Azada forjada en una sola pieza de acero Bellota, resistente y duradera. Ideal para airear y preparar la tierra para la siembra y limpiar alrededor de \u00e1rboles y cepas.","og_url":"https:\/\/saiga.es\/es\/producto\/azada-bellota-5\/","og_site_name":"SAIGA","og_image":[{"width":1080,"height":1080,"url":"https:\/\/saiga.es\/wp-content\/uploads\/2025\/04\/Diseno-sin-titulo-3.png","type":"image\/png"}],"twitter_card":"summary_large_image","twitter_site":"@saiga_agro","twitter_misc":{"Tiempo de lectura":"1 minuto"},"schema":{"@context":"https:\/\/schema.org","@graph":[{"@type":"WebPage","@id":"https:\/\/saiga.es\/es\/producto\/azada-bellota-5\/","url":"https:\/\/saiga.es\/es\/producto\/azada-bellota-5\/","name":"Azada Bellota 5 | SAIGA","isPartOf":{"@id":"https:\/\/saiga.es\/es\/#website"},"primaryImageOfPage":{"@id":"https:\/\/saiga.es\/es\/producto\/azada-bellota-5\/#primaryimage"},"image":{"@id":"https:\/\/saiga.es\/es\/producto\/azada-bellota-5\/#primaryimage"},"thumbnailUrl":"https:\/\/saiga.es\/wp-content\/uploads\/2025\/04\/Diseno-sin-titulo-3.png","datePublished":"2025-04-11T09:43:10+00:00","description":"Azada forjada en una sola pieza de acero Bellota, resistente y duradera. Ideal para airear y preparar la tierra para la siembra y limpiar alrededor de \u00e1rboles y cepas.","breadcrumb":{"@id":"https:\/\/saiga.es\/es\/producto\/azada-bellota-5\/#breadcrumb"},"inLanguage":"es","potentialAction":[{"@type":"ReadAction","target":["https:\/\/saiga.es\/es\/producto\/azada-bellota-5\/"]}]},{"@type":"ImageObject","inLanguage":"es","@id":"https:\/\/saiga.es\/es\/producto\/azada-bellota-5\/#primaryimage","url":"https:\/\/saiga.es\/wp-content\/uploads\/2025\/04\/Diseno-sin-titulo-3.png","contentUrl":"https:\/\/saiga.es\/wp-content\/uploads\/2025\/04\/Diseno-sin-titulo-3.png","width":1080,"height":1080},{"@type":"BreadcrumbList","@id":"https:\/\/saiga.es\/es\/producto\/azada-bellota-5\/#breadcrumb","itemListElement":[{"@type":"ListItem","position":1,"name":"Inici","item":"https:\/\/saiga.es\/es\/"},{"@type":"ListItem","position":2,"name":"Tienda","item":"https:\/\/saiga.es\/es\/tienda\/"},{"@type":"ListItem","position":3,"name":"Azada Bellota 5"}]},{"@type":"WebSite","@id":"https:\/\/saiga.es\/es\/#website","url":"https:\/\/saiga.es\/es\/","name":"SAIGA","description":"M\u00e9s de 50 anys al servei de la terra i treballant per a un \u00fas eficient de l\u2019aigua!","publisher":{"@id":"https:\/\/saiga.es\/es\/#organization"},"potentialAction":[{"@type":"SearchAction","target":{"@type":"EntryPoint","urlTemplate":"https:\/\/saiga.es\/es\/?s={search_term_string}"},"query-input":{"@type":"PropertyValueSpecification","valueRequired":true,"valueName":"search_term_string"}}],"inLanguage":"es"},{"@type":"Organization","@id":"https:\/\/saiga.es\/es\/#organization","name":"SAIGA","url":"https:\/\/saiga.es\/es\/","logo":{"@type":"ImageObject","inLanguage":"es","@id":"https:\/\/saiga.es\/es\/#\/schema\/logo\/image\/","url":"https:\/\/saiga.es\/wp-content\/uploads\/2025\/07\/logo_saiga_baseline_optimitzat.svg","contentUrl":"https:\/\/saiga.es\/wp-content\/uploads\/2025\/07\/logo_saiga_baseline_optimitzat.svg","caption":"SAIGA"},"image":{"@id":"https:\/\/saiga.es\/es\/#\/schema\/logo\/image\/"},"sameAs":["https:\/\/x.com\/saiga_agro","https:\/\/www.instagram.com\/saiga_agro\/"]}]}},"_links":{"self":[{"href":"https:\/\/saiga.es\/es\/wp-json\/wp\/v2\/product\/17279","targetHints":{"allow":["GET"]}}],"collection":[{"href":"https:\/\/saiga.es\/es\/wp-json\/wp\/v2\/product"}],"about":[{"href":"https:\/\/saiga.es\/es\/wp-json\/wp\/v2\/types\/product"}],"replies":[{"embeddable":true,"href":"https:\/\/saiga.es\/es\/wp-json\/wp\/v2\/comments?post=17279"}],"wp:featuredmedia":[{"embeddable":true,"href":"https:\/\/saiga.es\/es\/wp-json\/wp\/v2\/media\/14573"}],"wp:attachment":[{"href":"https:\/\/saiga.es\/es\/wp-json\/wp\/v2\/media?parent=17279"}],"wp:term":[{"taxonomy":"product_brand","embeddable":true,"href":"https:\/\/saiga.es\/es\/wp-json\/wp\/v2\/product_brand?post=17279"},{"taxonomy":"product_cat","embeddable":true,"href":"https:\/\/saiga.es\/es\/wp-json\/wp\/v2\/product_cat?post=17279"},{"taxonomy":"product_tag","embeddable":true,"href":"https:\/\/saiga.es\/es\/wp-json\/wp\/v2\/product_tag?post=17279"}],"curies":[{"name":"wp","href":"https:\/\/api.w.org\/{rel}","templated":true}]}}