{"id":17281,"date":"2025-04-11T09:24:39","date_gmt":"2025-04-11T09:24:39","guid":{"rendered":"https:\/\/saiga.es\/producte\/azada-bellota-87-c\/"},"modified":"2025-04-11T09:24:39","modified_gmt":"2025-04-11T09:24:39","slug":"azada-bellota-87-c","status":"publish","type":"product","link":"https:\/\/saiga.es\/es\/producto\/azada-bellota-87-c\/","title":{"rendered":"Azada Bellota 87 C"},"content":{"rendered":"<p>Azada Bellota 87 C<\/p>\n<p>Azada forjada en una sola pieza y fabricada con acero especial Bellota, ideal para el cultivo de esp\u00e1rragos. Pulida y afilada especialmente por la cara posterior para facilitar la inserci\u00f3n en la tierra y trabajar con precisi\u00f3n en suelos sueltos o arenosos, t\u00edpicos de este cultivo.<br data-start=\"530\" data-end=\"533\">No se desgasta y podr\u00e1 utilizarla toda la vida gracias al temple integral de toda la pala. Incorpora un nervio central que le da m\u00e1s robustez y durabilidad, incluso en trabajos intensivos.<br data-start=\"729\" data-end=\"732\">Podr\u00e1 preparar los caballones y abrir surcos para sembrar o cosechar esp\u00e1rragos sin miedo a que la azada se deforme. Su dise\u00f1o afilado permite una penetraci\u00f3n suave y eficiente, ahorrando tiempo y esfuerzo.   <br data-start=\"929\" data-end=\"932\">Incluye un sistema antigiro en el ojo: las dos muescas evitan que el cabezal gire. Combinado con el mango especial con pesta\u00f1as antigiro, la uni\u00f3n es firme y estable, sin movimientos.<br data-start=\"1105\" data-end=\"1108\">Se acab\u00f3 recurrir a cu\u00f1as, trapos o agua para fijar el mango. El sistema antigiro tambi\u00e9n es compatible con mangos tradicionales, ya que la madera se adapta de forma natural a las muescas.  <\/p>\n","protected":false},"excerpt":{"rendered":"<p>Azada Bellota 87 C<\/p>\n<p>Azada forjada en una sola pieza y fabricada con acero especial Bellota, ideal para el cultivo de esp\u00e1rragos. Pulida y afilada especialmente por la cara posterior para facilitar la inserci\u00f3n en la tierra y trabajar con precisi\u00f3n en suelos sueltos o arenosos, t\u00edpicos de este cultivo.<br data-start=\"530\" data-end=\"533\">No se desgasta y podr\u00e1 utilizarla toda la vida gracias al temple integral de toda la pala. Incorpora un nervio central que le da m\u00e1s robustez y durabilidad, incluso en trabajos intensivos.<br data-start=\"729\" data-end=\"732\">Podr\u00e1 preparar los caballones y abrir surcos para sembrar o cosechar esp\u00e1rragos sin miedo a que la azada se deforme. Su dise\u00f1o afilado permite una penetraci\u00f3n suave y eficiente, ahorrando tiempo y esfuerzo.   <br data-start=\"929\" data-end=\"932\">Incluye un sistema antigiro en el ojo: las dos muescas evitan que el cabezal gire. Combinado con el mango especial con pesta\u00f1as antigiro, la uni\u00f3n es firme y estable, sin movimientos.<br data-start=\"1105\" data-end=\"1108\">Se acab\u00f3 recurrir a cu\u00f1as, trapos o agua para fijar el mango. El sistema antigiro tambi\u00e9n es compatible con mangos tradicionales, ya que la madera se adapta de forma natural a las muescas.  <\/p>\n","protected":false},"featured_media":14561,"comment_status":"open","ping_status":"closed","template":"","meta":[],"product_brand":[2220],"product_cat":[1958],"product_tag":[],"class_list":{"0":"post-17281","1":"product","2":"type-product","3":"status-publish","4":"has-post-thumbnail","6":"product_brand-bellota-es","7":"product_cat-azada","9":"first","10":"instock","11":"taxable","12":"shipping-taxable","13":"purchasable","14":"product-type-simple"},"yoast_head":"<!-- This site is optimized with the Yoast SEO plugin v27.4 - https:\/\/yoast.com\/product\/yoast-seo-wordpress\/ -->\n<title>Azada Bellota 87 C | SAIGA<\/title>\n<meta name=\"description\" content=\"Azada forjada en una sola pieza de acero Bellota, resistente y duradera. Ideal para airear y preparar la tierra para la siembra y limpiar alrededor de \u00e1rboles y cepas.\" \/>\n<meta name=\"robots\" content=\"index, follow, max-snippet:-1, max-image-preview:large, max-video-preview:-1\" \/>\n<link rel=\"canonical\" href=\"https:\/\/saiga.es\/es\/producto\/azada-bellota-87-c\/\" \/>\n<meta property=\"og:locale\" content=\"es_ES\" \/>\n<meta property=\"og:type\" content=\"article\" \/>\n<meta property=\"og:title\" content=\"Azada Bellota 87 C | SAIGA\" \/>\n<meta property=\"og:description\" content=\"Azada forjada en una sola pieza de acero Bellota, resistente y duradera. Ideal para airear y preparar la tierra para la siembra y limpiar alrededor de \u00e1rboles y cepas.\" \/>\n<meta property=\"og:url\" content=\"https:\/\/saiga.es\/es\/producto\/azada-bellota-87-c\/\" \/>\n<meta property=\"og:site_name\" content=\"SAIGA\" \/>\n<meta property=\"og:image\" content=\"https:\/\/saiga.es\/wp-content\/uploads\/2025\/04\/Diseno-sin-titulo-2.png\" \/>\n\t<meta property=\"og:image:width\" content=\"1080\" \/>\n\t<meta property=\"og:image:height\" content=\"1080\" \/>\n\t<meta property=\"og:image:type\" content=\"image\/png\" \/>\n<meta name=\"twitter:card\" content=\"summary_large_image\" \/>\n<meta name=\"twitter:site\" content=\"@saiga_agro\" \/>\n<meta name=\"twitter:label1\" content=\"Tiempo de lectura\" \/>\n\t<meta name=\"twitter:data1\" content=\"1 minuto\" \/>\n<script type=\"application\/ld+json\" class=\"yoast-schema-graph\">{\"@context\":\"https:\\\/\\\/schema.org\",\"@graph\":[{\"@type\":\"WebPage\",\"@id\":\"https:\\\/\\\/saiga.es\\\/es\\\/producto\\\/azada-bellota-87-c\\\/\",\"url\":\"https:\\\/\\\/saiga.es\\\/es\\\/producto\\\/azada-bellota-87-c\\\/\",\"name\":\"Azada Bellota 87 C | SAIGA\",\"isPartOf\":{\"@id\":\"https:\\\/\\\/saiga.es\\\/es\\\/#website\"},\"primaryImageOfPage\":{\"@id\":\"https:\\\/\\\/saiga.es\\\/es\\\/producto\\\/azada-bellota-87-c\\\/#primaryimage\"},\"image\":{\"@id\":\"https:\\\/\\\/saiga.es\\\/es\\\/producto\\\/azada-bellota-87-c\\\/#primaryimage\"},\"thumbnailUrl\":\"https:\\\/\\\/saiga.es\\\/wp-content\\\/uploads\\\/2025\\\/04\\\/Diseno-sin-titulo-2.png\",\"datePublished\":\"2025-04-11T09:24:39+00:00\",\"description\":\"Azada forjada en una sola pieza de acero Bellota, resistente y duradera. Ideal para airear y preparar la tierra para la siembra y limpiar alrededor de \u00e1rboles y cepas.\",\"breadcrumb\":{\"@id\":\"https:\\\/\\\/saiga.es\\\/es\\\/producto\\\/azada-bellota-87-c\\\/#breadcrumb\"},\"inLanguage\":\"es\",\"potentialAction\":[{\"@type\":\"ReadAction\",\"target\":[\"https:\\\/\\\/saiga.es\\\/es\\\/producto\\\/azada-bellota-87-c\\\/\"]}]},{\"@type\":\"ImageObject\",\"inLanguage\":\"es\",\"@id\":\"https:\\\/\\\/saiga.es\\\/es\\\/producto\\\/azada-bellota-87-c\\\/#primaryimage\",\"url\":\"https:\\\/\\\/saiga.es\\\/wp-content\\\/uploads\\\/2025\\\/04\\\/Diseno-sin-titulo-2.png\",\"contentUrl\":\"https:\\\/\\\/saiga.es\\\/wp-content\\\/uploads\\\/2025\\\/04\\\/Diseno-sin-titulo-2.png\",\"width\":1080,\"height\":1080},{\"@type\":\"BreadcrumbList\",\"@id\":\"https:\\\/\\\/saiga.es\\\/es\\\/producto\\\/azada-bellota-87-c\\\/#breadcrumb\",\"itemListElement\":[{\"@type\":\"ListItem\",\"position\":1,\"name\":\"Inici\",\"item\":\"https:\\\/\\\/saiga.es\\\/es\\\/\"},{\"@type\":\"ListItem\",\"position\":2,\"name\":\"Tienda\",\"item\":\"https:\\\/\\\/saiga.es\\\/es\\\/tienda\\\/\"},{\"@type\":\"ListItem\",\"position\":3,\"name\":\"Azada Bellota 87 C\"}]},{\"@type\":\"WebSite\",\"@id\":\"https:\\\/\\\/saiga.es\\\/es\\\/#website\",\"url\":\"https:\\\/\\\/saiga.es\\\/es\\\/\",\"name\":\"SAIGA\",\"description\":\"M\u00e9s de 50 anys al servei de la terra i treballant per a un \u00fas eficient de l\u2019aigua!\",\"publisher\":{\"@id\":\"https:\\\/\\\/saiga.es\\\/es\\\/#organization\"},\"potentialAction\":[{\"@type\":\"SearchAction\",\"target\":{\"@type\":\"EntryPoint\",\"urlTemplate\":\"https:\\\/\\\/saiga.es\\\/es\\\/?s={search_term_string}\"},\"query-input\":{\"@type\":\"PropertyValueSpecification\",\"valueRequired\":true,\"valueName\":\"search_term_string\"}}],\"inLanguage\":\"es\"},{\"@type\":\"Organization\",\"@id\":\"https:\\\/\\\/saiga.es\\\/es\\\/#organization\",\"name\":\"SAIGA\",\"url\":\"https:\\\/\\\/saiga.es\\\/es\\\/\",\"logo\":{\"@type\":\"ImageObject\",\"inLanguage\":\"es\",\"@id\":\"https:\\\/\\\/saiga.es\\\/es\\\/#\\\/schema\\\/logo\\\/image\\\/\",\"url\":\"https:\\\/\\\/saiga.es\\\/wp-content\\\/uploads\\\/2025\\\/07\\\/logo_saiga_baseline_optimitzat.svg\",\"contentUrl\":\"https:\\\/\\\/saiga.es\\\/wp-content\\\/uploads\\\/2025\\\/07\\\/logo_saiga_baseline_optimitzat.svg\",\"caption\":\"SAIGA\"},\"image\":{\"@id\":\"https:\\\/\\\/saiga.es\\\/es\\\/#\\\/schema\\\/logo\\\/image\\\/\"},\"sameAs\":[\"https:\\\/\\\/x.com\\\/saiga_agro\",\"https:\\\/\\\/www.instagram.com\\\/saiga_agro\\\/\"]}]}<\/script>\n<!-- \/ Yoast SEO plugin. -->","yoast_head_json":{"title":"Azada Bellota 87 C | SAIGA","description":"Azada forjada en una sola pieza de acero Bellota, resistente y duradera. Ideal para airear y preparar la tierra para la siembra y limpiar alrededor de \u00e1rboles y cepas.","robots":{"index":"index","follow":"follow","max-snippet":"max-snippet:-1","max-image-preview":"max-image-preview:large","max-video-preview":"max-video-preview:-1"},"canonical":"https:\/\/saiga.es\/es\/producto\/azada-bellota-87-c\/","og_locale":"es_ES","og_type":"article","og_title":"Azada Bellota 87 C | SAIGA","og_description":"Azada forjada en una sola pieza de acero Bellota, resistente y duradera. Ideal para airear y preparar la tierra para la siembra y limpiar alrededor de \u00e1rboles y cepas.","og_url":"https:\/\/saiga.es\/es\/producto\/azada-bellota-87-c\/","og_site_name":"SAIGA","og_image":[{"width":1080,"height":1080,"url":"https:\/\/saiga.es\/wp-content\/uploads\/2025\/04\/Diseno-sin-titulo-2.png","type":"image\/png"}],"twitter_card":"summary_large_image","twitter_site":"@saiga_agro","twitter_misc":{"Tiempo de lectura":"1 minuto"},"schema":{"@context":"https:\/\/schema.org","@graph":[{"@type":"WebPage","@id":"https:\/\/saiga.es\/es\/producto\/azada-bellota-87-c\/","url":"https:\/\/saiga.es\/es\/producto\/azada-bellota-87-c\/","name":"Azada Bellota 87 C | SAIGA","isPartOf":{"@id":"https:\/\/saiga.es\/es\/#website"},"primaryImageOfPage":{"@id":"https:\/\/saiga.es\/es\/producto\/azada-bellota-87-c\/#primaryimage"},"image":{"@id":"https:\/\/saiga.es\/es\/producto\/azada-bellota-87-c\/#primaryimage"},"thumbnailUrl":"https:\/\/saiga.es\/wp-content\/uploads\/2025\/04\/Diseno-sin-titulo-2.png","datePublished":"2025-04-11T09:24:39+00:00","description":"Azada forjada en una sola pieza de acero Bellota, resistente y duradera. Ideal para airear y preparar la tierra para la siembra y limpiar alrededor de \u00e1rboles y cepas.","breadcrumb":{"@id":"https:\/\/saiga.es\/es\/producto\/azada-bellota-87-c\/#breadcrumb"},"inLanguage":"es","potentialAction":[{"@type":"ReadAction","target":["https:\/\/saiga.es\/es\/producto\/azada-bellota-87-c\/"]}]},{"@type":"ImageObject","inLanguage":"es","@id":"https:\/\/saiga.es\/es\/producto\/azada-bellota-87-c\/#primaryimage","url":"https:\/\/saiga.es\/wp-content\/uploads\/2025\/04\/Diseno-sin-titulo-2.png","contentUrl":"https:\/\/saiga.es\/wp-content\/uploads\/2025\/04\/Diseno-sin-titulo-2.png","width":1080,"height":1080},{"@type":"BreadcrumbList","@id":"https:\/\/saiga.es\/es\/producto\/azada-bellota-87-c\/#breadcrumb","itemListElement":[{"@type":"ListItem","position":1,"name":"Inici","item":"https:\/\/saiga.es\/es\/"},{"@type":"ListItem","position":2,"name":"Tienda","item":"https:\/\/saiga.es\/es\/tienda\/"},{"@type":"ListItem","position":3,"name":"Azada Bellota 87 C"}]},{"@type":"WebSite","@id":"https:\/\/saiga.es\/es\/#website","url":"https:\/\/saiga.es\/es\/","name":"SAIGA","description":"M\u00e9s de 50 anys al servei de la terra i treballant per a un \u00fas eficient de l\u2019aigua!","publisher":{"@id":"https:\/\/saiga.es\/es\/#organization"},"potentialAction":[{"@type":"SearchAction","target":{"@type":"EntryPoint","urlTemplate":"https:\/\/saiga.es\/es\/?s={search_term_string}"},"query-input":{"@type":"PropertyValueSpecification","valueRequired":true,"valueName":"search_term_string"}}],"inLanguage":"es"},{"@type":"Organization","@id":"https:\/\/saiga.es\/es\/#organization","name":"SAIGA","url":"https:\/\/saiga.es\/es\/","logo":{"@type":"ImageObject","inLanguage":"es","@id":"https:\/\/saiga.es\/es\/#\/schema\/logo\/image\/","url":"https:\/\/saiga.es\/wp-content\/uploads\/2025\/07\/logo_saiga_baseline_optimitzat.svg","contentUrl":"https:\/\/saiga.es\/wp-content\/uploads\/2025\/07\/logo_saiga_baseline_optimitzat.svg","caption":"SAIGA"},"image":{"@id":"https:\/\/saiga.es\/es\/#\/schema\/logo\/image\/"},"sameAs":["https:\/\/x.com\/saiga_agro","https:\/\/www.instagram.com\/saiga_agro\/"]}]}},"_links":{"self":[{"href":"https:\/\/saiga.es\/es\/wp-json\/wp\/v2\/product\/17281","targetHints":{"allow":["GET"]}}],"collection":[{"href":"https:\/\/saiga.es\/es\/wp-json\/wp\/v2\/product"}],"about":[{"href":"https:\/\/saiga.es\/es\/wp-json\/wp\/v2\/types\/product"}],"replies":[{"embeddable":true,"href":"https:\/\/saiga.es\/es\/wp-json\/wp\/v2\/comments?post=17281"}],"wp:featuredmedia":[{"embeddable":true,"href":"https:\/\/saiga.es\/es\/wp-json\/wp\/v2\/media\/14561"}],"wp:attachment":[{"href":"https:\/\/saiga.es\/es\/wp-json\/wp\/v2\/media?parent=17281"}],"wp:term":[{"taxonomy":"product_brand","embeddable":true,"href":"https:\/\/saiga.es\/es\/wp-json\/wp\/v2\/product_brand?post=17281"},{"taxonomy":"product_cat","embeddable":true,"href":"https:\/\/saiga.es\/es\/wp-json\/wp\/v2\/product_cat?post=17281"},{"taxonomy":"product_tag","embeddable":true,"href":"https:\/\/saiga.es\/es\/wp-json\/wp\/v2\/product_tag?post=17281"}],"curies":[{"name":"wp","href":"https:\/\/api.w.org\/{rel}","templated":true}]}}