{"id":17289,"date":"2025-05-08T07:59:18","date_gmt":"2025-05-08T07:59:18","guid":{"rendered":"https:\/\/saiga.es\/producte\/par-guantes-duralux-palm\/"},"modified":"2025-05-08T07:59:18","modified_gmt":"2025-05-08T07:59:18","slug":"par-guantes-duralux-palm","status":"publish","type":"product","link":"https:\/\/saiga.es\/es\/producto\/par-guantes-duralux-palm\/","title":{"rendered":"Par guantes duralux palm"},"content":{"rendered":"<p>Par guantes duralux palm<\/p>\n<p>Guantes de alta calidad con base de nylon y lycra, recubiertos \u00edntegramente de nitrilo microporoso. Su acabado satinado evita la proliferaci\u00f3n de bacterias y los malos olores. Gracias a la lycra, se adaptan perfectamente a la mano, ofreciendo una gran comodidad y sensibilidad al tacto, sin causar presi\u00f3n ni fatiga. Los microporos del nitrilo permiten una buena transpiraci\u00f3n. Alta resistencia a la abrasi\u00f3n con una durabilidad de hasta 21.000 ciclos (nivel 4 seg\u00fan normativa \u2013 8.000 ciclos m\u00ednimos).    <\/p>\n<p>&nbsp;<\/p>\n","protected":false},"excerpt":{"rendered":"<p>Par guantes duralux palm<\/p>\n<p>Guantes de alta calidad con base de nylon y lycra, recubiertos \u00edntegramente de nitrilo microporoso. Su acabado satinado evita la proliferaci\u00f3n de bacterias y los malos olores. Gracias a la lycra, se adaptan perfectamente a la mano, ofreciendo una gran comodidad y sensibilidad al tacto, sin causar presi\u00f3n ni fatiga. Los microporos del nitrilo permiten una buena transpiraci\u00f3n. Alta resistencia a la abrasi\u00f3n con una durabilidad de hasta 21.000 ciclos (nivel 4 seg\u00fan normativa \u2013 8.000 ciclos m\u00ednimos).    <\/p>\n<p>&nbsp;<\/p>\n","protected":false},"featured_media":14772,"comment_status":"open","ping_status":"closed","template":"","meta":[],"product_brand":[2136],"product_cat":[178],"product_tag":[],"class_list":{"0":"post-17289","1":"product","2":"type-product","3":"status-publish","4":"has-post-thumbnail","6":"product_brand-duralux","7":"product_cat-guantes-de-trabajo","9":"first","10":"instock","11":"taxable","12":"shipping-taxable","13":"purchasable","14":"product-type-variable"},"yoast_head":"<!-- This site is optimized with the Yoast SEO plugin v27.3 - https:\/\/yoast.com\/product\/yoast-seo-wordpress\/ -->\n<title>Par guantes duralux palm | SAIGA<\/title>\n<meta name=\"description\" content=\"Guantes de nylon y lycra recubiertos de nitrilo microporoso, transpirables y con gran sensibilidad al tacto. Resistencia a la abrasi\u00f3n (hasta 21.000 ciclos).\" \/>\n<meta name=\"robots\" content=\"index, follow, max-snippet:-1, max-image-preview:large, max-video-preview:-1\" \/>\n<link rel=\"canonical\" href=\"https:\/\/saiga.es\/es\/producto\/par-guantes-duralux-palm\/\" \/>\n<meta property=\"og:locale\" content=\"es_ES\" \/>\n<meta property=\"og:type\" content=\"article\" \/>\n<meta property=\"og:title\" content=\"Par guantes duralux palm | SAIGA\" \/>\n<meta property=\"og:description\" content=\"Guantes de nylon y lycra recubiertos de nitrilo microporoso, transpirables y con gran sensibilidad al tacto. Resistencia a la abrasi\u00f3n (hasta 21.000 ciclos).\" \/>\n<meta property=\"og:url\" content=\"https:\/\/saiga.es\/es\/producto\/par-guantes-duralux-palm\/\" \/>\n<meta property=\"og:site_name\" content=\"SAIGA\" \/>\n<meta property=\"og:image\" content=\"https:\/\/saiga.es\/wp-content\/uploads\/2025\/05\/Diseno-sin-titulo-1.png\" \/>\n\t<meta property=\"og:image:width\" content=\"1080\" \/>\n\t<meta property=\"og:image:height\" content=\"1080\" \/>\n\t<meta property=\"og:image:type\" content=\"image\/png\" \/>\n<meta name=\"twitter:card\" content=\"summary_large_image\" \/>\n<meta name=\"twitter:site\" content=\"@saiga_agro\" \/>\n<script type=\"application\/ld+json\" class=\"yoast-schema-graph\">{\"@context\":\"https:\\\/\\\/schema.org\",\"@graph\":[{\"@type\":\"WebPage\",\"@id\":\"https:\\\/\\\/saiga.es\\\/es\\\/producto\\\/par-guantes-duralux-palm\\\/\",\"url\":\"https:\\\/\\\/saiga.es\\\/es\\\/producto\\\/par-guantes-duralux-palm\\\/\",\"name\":\"Par guantes duralux palm | SAIGA\",\"isPartOf\":{\"@id\":\"https:\\\/\\\/saiga.es\\\/es\\\/#website\"},\"primaryImageOfPage\":{\"@id\":\"https:\\\/\\\/saiga.es\\\/es\\\/producto\\\/par-guantes-duralux-palm\\\/#primaryimage\"},\"image\":{\"@id\":\"https:\\\/\\\/saiga.es\\\/es\\\/producto\\\/par-guantes-duralux-palm\\\/#primaryimage\"},\"thumbnailUrl\":\"https:\\\/\\\/saiga.es\\\/wp-content\\\/uploads\\\/2025\\\/05\\\/Diseno-sin-titulo-1.png\",\"datePublished\":\"2025-05-08T07:59:18+00:00\",\"description\":\"Guantes de nylon y lycra recubiertos de nitrilo microporoso, transpirables y con gran sensibilidad al tacto. Resistencia a la abrasi\u00f3n (hasta 21.000 ciclos).\",\"breadcrumb\":{\"@id\":\"https:\\\/\\\/saiga.es\\\/es\\\/producto\\\/par-guantes-duralux-palm\\\/#breadcrumb\"},\"inLanguage\":\"es\",\"potentialAction\":[{\"@type\":\"ReadAction\",\"target\":[\"https:\\\/\\\/saiga.es\\\/es\\\/producto\\\/par-guantes-duralux-palm\\\/\"]}]},{\"@type\":\"ImageObject\",\"inLanguage\":\"es\",\"@id\":\"https:\\\/\\\/saiga.es\\\/es\\\/producto\\\/par-guantes-duralux-palm\\\/#primaryimage\",\"url\":\"https:\\\/\\\/saiga.es\\\/wp-content\\\/uploads\\\/2025\\\/05\\\/Diseno-sin-titulo-1.png\",\"contentUrl\":\"https:\\\/\\\/saiga.es\\\/wp-content\\\/uploads\\\/2025\\\/05\\\/Diseno-sin-titulo-1.png\",\"width\":1080,\"height\":1080},{\"@type\":\"BreadcrumbList\",\"@id\":\"https:\\\/\\\/saiga.es\\\/es\\\/producto\\\/par-guantes-duralux-palm\\\/#breadcrumb\",\"itemListElement\":[{\"@type\":\"ListItem\",\"position\":1,\"name\":\"Inici\",\"item\":\"https:\\\/\\\/saiga.es\\\/es\\\/\"},{\"@type\":\"ListItem\",\"position\":2,\"name\":\"Tienda\",\"item\":\"https:\\\/\\\/saiga.es\\\/es\\\/tienda\\\/\"},{\"@type\":\"ListItem\",\"position\":3,\"name\":\"Par guantes duralux palm\"}]},{\"@type\":\"WebSite\",\"@id\":\"https:\\\/\\\/saiga.es\\\/es\\\/#website\",\"url\":\"https:\\\/\\\/saiga.es\\\/es\\\/\",\"name\":\"SAIGA\",\"description\":\"M\u00e9s de 50 anys al servei de la terra i treballant per a un \u00fas eficient de l\u2019aigua!\",\"publisher\":{\"@id\":\"https:\\\/\\\/saiga.es\\\/es\\\/#organization\"},\"potentialAction\":[{\"@type\":\"SearchAction\",\"target\":{\"@type\":\"EntryPoint\",\"urlTemplate\":\"https:\\\/\\\/saiga.es\\\/es\\\/?s={search_term_string}\"},\"query-input\":{\"@type\":\"PropertyValueSpecification\",\"valueRequired\":true,\"valueName\":\"search_term_string\"}}],\"inLanguage\":\"es\"},{\"@type\":\"Organization\",\"@id\":\"https:\\\/\\\/saiga.es\\\/es\\\/#organization\",\"name\":\"SAIGA\",\"url\":\"https:\\\/\\\/saiga.es\\\/es\\\/\",\"logo\":{\"@type\":\"ImageObject\",\"inLanguage\":\"es\",\"@id\":\"https:\\\/\\\/saiga.es\\\/es\\\/#\\\/schema\\\/logo\\\/image\\\/\",\"url\":\"https:\\\/\\\/saiga.es\\\/wp-content\\\/uploads\\\/2025\\\/07\\\/logo_saiga_baseline_optimitzat.svg\",\"contentUrl\":\"https:\\\/\\\/saiga.es\\\/wp-content\\\/uploads\\\/2025\\\/07\\\/logo_saiga_baseline_optimitzat.svg\",\"caption\":\"SAIGA\"},\"image\":{\"@id\":\"https:\\\/\\\/saiga.es\\\/es\\\/#\\\/schema\\\/logo\\\/image\\\/\"},\"sameAs\":[\"https:\\\/\\\/x.com\\\/saiga_agro\",\"https:\\\/\\\/www.instagram.com\\\/saiga_agro\\\/\"]}]}<\/script>\n<!-- \/ Yoast SEO plugin. -->","yoast_head_json":{"title":"Par guantes duralux palm | SAIGA","description":"Guantes de nylon y lycra recubiertos de nitrilo microporoso, transpirables y con gran sensibilidad al tacto. Resistencia a la abrasi\u00f3n (hasta 21.000 ciclos).","robots":{"index":"index","follow":"follow","max-snippet":"max-snippet:-1","max-image-preview":"max-image-preview:large","max-video-preview":"max-video-preview:-1"},"canonical":"https:\/\/saiga.es\/es\/producto\/par-guantes-duralux-palm\/","og_locale":"es_ES","og_type":"article","og_title":"Par guantes duralux palm | SAIGA","og_description":"Guantes de nylon y lycra recubiertos de nitrilo microporoso, transpirables y con gran sensibilidad al tacto. Resistencia a la abrasi\u00f3n (hasta 21.000 ciclos).","og_url":"https:\/\/saiga.es\/es\/producto\/par-guantes-duralux-palm\/","og_site_name":"SAIGA","og_image":[{"width":1080,"height":1080,"url":"https:\/\/saiga.es\/wp-content\/uploads\/2025\/05\/Diseno-sin-titulo-1.png","type":"image\/png"}],"twitter_card":"summary_large_image","twitter_site":"@saiga_agro","schema":{"@context":"https:\/\/schema.org","@graph":[{"@type":"WebPage","@id":"https:\/\/saiga.es\/es\/producto\/par-guantes-duralux-palm\/","url":"https:\/\/saiga.es\/es\/producto\/par-guantes-duralux-palm\/","name":"Par guantes duralux palm | SAIGA","isPartOf":{"@id":"https:\/\/saiga.es\/es\/#website"},"primaryImageOfPage":{"@id":"https:\/\/saiga.es\/es\/producto\/par-guantes-duralux-palm\/#primaryimage"},"image":{"@id":"https:\/\/saiga.es\/es\/producto\/par-guantes-duralux-palm\/#primaryimage"},"thumbnailUrl":"https:\/\/saiga.es\/wp-content\/uploads\/2025\/05\/Diseno-sin-titulo-1.png","datePublished":"2025-05-08T07:59:18+00:00","description":"Guantes de nylon y lycra recubiertos de nitrilo microporoso, transpirables y con gran sensibilidad al tacto. Resistencia a la abrasi\u00f3n (hasta 21.000 ciclos).","breadcrumb":{"@id":"https:\/\/saiga.es\/es\/producto\/par-guantes-duralux-palm\/#breadcrumb"},"inLanguage":"es","potentialAction":[{"@type":"ReadAction","target":["https:\/\/saiga.es\/es\/producto\/par-guantes-duralux-palm\/"]}]},{"@type":"ImageObject","inLanguage":"es","@id":"https:\/\/saiga.es\/es\/producto\/par-guantes-duralux-palm\/#primaryimage","url":"https:\/\/saiga.es\/wp-content\/uploads\/2025\/05\/Diseno-sin-titulo-1.png","contentUrl":"https:\/\/saiga.es\/wp-content\/uploads\/2025\/05\/Diseno-sin-titulo-1.png","width":1080,"height":1080},{"@type":"BreadcrumbList","@id":"https:\/\/saiga.es\/es\/producto\/par-guantes-duralux-palm\/#breadcrumb","itemListElement":[{"@type":"ListItem","position":1,"name":"Inici","item":"https:\/\/saiga.es\/es\/"},{"@type":"ListItem","position":2,"name":"Tienda","item":"https:\/\/saiga.es\/es\/tienda\/"},{"@type":"ListItem","position":3,"name":"Par guantes duralux palm"}]},{"@type":"WebSite","@id":"https:\/\/saiga.es\/es\/#website","url":"https:\/\/saiga.es\/es\/","name":"SAIGA","description":"M\u00e9s de 50 anys al servei de la terra i treballant per a un \u00fas eficient de l\u2019aigua!","publisher":{"@id":"https:\/\/saiga.es\/es\/#organization"},"potentialAction":[{"@type":"SearchAction","target":{"@type":"EntryPoint","urlTemplate":"https:\/\/saiga.es\/es\/?s={search_term_string}"},"query-input":{"@type":"PropertyValueSpecification","valueRequired":true,"valueName":"search_term_string"}}],"inLanguage":"es"},{"@type":"Organization","@id":"https:\/\/saiga.es\/es\/#organization","name":"SAIGA","url":"https:\/\/saiga.es\/es\/","logo":{"@type":"ImageObject","inLanguage":"es","@id":"https:\/\/saiga.es\/es\/#\/schema\/logo\/image\/","url":"https:\/\/saiga.es\/wp-content\/uploads\/2025\/07\/logo_saiga_baseline_optimitzat.svg","contentUrl":"https:\/\/saiga.es\/wp-content\/uploads\/2025\/07\/logo_saiga_baseline_optimitzat.svg","caption":"SAIGA"},"image":{"@id":"https:\/\/saiga.es\/es\/#\/schema\/logo\/image\/"},"sameAs":["https:\/\/x.com\/saiga_agro","https:\/\/www.instagram.com\/saiga_agro\/"]}]}},"_links":{"self":[{"href":"https:\/\/saiga.es\/es\/wp-json\/wp\/v2\/product\/17289","targetHints":{"allow":["GET"]}}],"collection":[{"href":"https:\/\/saiga.es\/es\/wp-json\/wp\/v2\/product"}],"about":[{"href":"https:\/\/saiga.es\/es\/wp-json\/wp\/v2\/types\/product"}],"replies":[{"embeddable":true,"href":"https:\/\/saiga.es\/es\/wp-json\/wp\/v2\/comments?post=17289"}],"wp:featuredmedia":[{"embeddable":true,"href":"https:\/\/saiga.es\/es\/wp-json\/wp\/v2\/media\/14772"}],"wp:attachment":[{"href":"https:\/\/saiga.es\/es\/wp-json\/wp\/v2\/media?parent=17289"}],"wp:term":[{"taxonomy":"product_brand","embeddable":true,"href":"https:\/\/saiga.es\/es\/wp-json\/wp\/v2\/product_brand?post=17289"},{"taxonomy":"product_cat","embeddable":true,"href":"https:\/\/saiga.es\/es\/wp-json\/wp\/v2\/product_cat?post=17289"},{"taxonomy":"product_tag","embeddable":true,"href":"https:\/\/saiga.es\/es\/wp-json\/wp\/v2\/product_tag?post=17289"}],"curies":[{"name":"wp","href":"https:\/\/api.w.org\/{rel}","templated":true}]}}