{"id":17374,"date":"2024-04-09T12:16:33","date_gmt":"2024-04-09T12:16:33","guid":{"rendered":"https:\/\/saiga.es\/producte\/robot-limpiafondos-de-piscina-e-tron-i30\/"},"modified":"2024-04-09T12:16:33","modified_gmt":"2024-04-09T12:16:33","slug":"robot-limpiafondos-de-piscina-e-tron-i30","status":"publish","type":"product","link":"https:\/\/saiga.es\/es\/producto\/robot-limpiafondos-de-piscina-e-tron-i30\/","title":{"rendered":"Robot limpiafondos de piscina E-Tron i30"},"content":{"rendered":"<p>El robot limpiafondos E-TRON i30 de Wybot es un robot sin cables con control de APP m\u00f3vil que funciona de forma independiente. Est\u00e1 dise\u00f1ado para todo tipo de piscinas de hasta 80m2 de superficie.<\/p>\n","protected":false},"excerpt":{"rendered":"<p>El limpiafondos inal\u00e1mbrico E-TRON i30 no requiere un equipo adicional como manguera o bomba de refuerzo y su avanzado motor de tres ejes ofrece una limpieza potente y eficiente. Al finalizar la limpieza se aproxima autom\u00e1ticamente a la pared para que pueda ser recogido y gracias a un chip de procesador avanzado impide que se quede detenido en medio de la piscina. <\/p>\n","protected":false},"featured_media":9757,"comment_status":"open","ping_status":"closed","template":"","meta":[],"product_brand":[],"product_cat":[208],"product_tag":[2328,2329,1339],"class_list":{"0":"post-17374","1":"product","2":"type-product","3":"status-publish","4":"has-post-thumbnail","6":"product_cat-productos-para-piscinas","7":"product_tag-limpiafondos-2","8":"product_tag-piscinas-2","9":"product_tag-robot-es","11":"first","12":"outofstock","13":"taxable","14":"shipping-taxable","15":"purchasable","16":"product-type-simple"},"yoast_head":"<!-- This site is optimized with the Yoast SEO plugin v27.3 - https:\/\/yoast.com\/product\/yoast-seo-wordpress\/ -->\n<title>Robot limpiafondos de piscina E-Tron i30 | SAIGA<\/title>\n<meta name=\"description\" content=\"El robot netejafons E-TRON i30 de Wybot \u00e9s un robot sense cables amb control d&#039;APP m\u00f2bil que funciona de manera independent. Est\u00e0 dissenyat per a tot tipus de piscines de fins a 80m2 de superf\u00edcie.\" \/>\n<meta name=\"robots\" content=\"index, follow, max-snippet:-1, max-image-preview:large, max-video-preview:-1\" \/>\n<link rel=\"canonical\" href=\"https:\/\/saiga.es\/es\/producto\/robot-limpiafondos-de-piscina-e-tron-i30\/\" \/>\n<meta property=\"og:locale\" content=\"es_ES\" \/>\n<meta property=\"og:type\" content=\"article\" \/>\n<meta property=\"og:title\" content=\"Robot limpiafondos de piscina E-Tron i30 | SAIGA\" \/>\n<meta property=\"og:description\" content=\"El robot netejafons E-TRON i30 de Wybot \u00e9s un robot sense cables amb control d&#039;APP m\u00f2bil que funciona de manera independent. Est\u00e0 dissenyat per a tot tipus de piscines de fins a 80m2 de superf\u00edcie.\" \/>\n<meta property=\"og:url\" content=\"https:\/\/saiga.es\/es\/producto\/robot-limpiafondos-de-piscina-e-tron-i30\/\" \/>\n<meta property=\"og:site_name\" content=\"SAIGA\" \/>\n<meta property=\"og:image\" content=\"https:\/\/saiga.es\/wp-content\/uploads\/2024\/04\/Wybot-i30.jpg\" \/>\n\t<meta property=\"og:image:width\" content=\"400\" \/>\n\t<meta property=\"og:image:height\" content=\"400\" \/>\n\t<meta property=\"og:image:type\" content=\"image\/jpeg\" \/>\n<meta name=\"twitter:card\" content=\"summary_large_image\" \/>\n<meta name=\"twitter:site\" content=\"@saiga_agro\" \/>\n<script type=\"application\/ld+json\" class=\"yoast-schema-graph\">{\"@context\":\"https:\\\/\\\/schema.org\",\"@graph\":[{\"@type\":\"WebPage\",\"@id\":\"https:\\\/\\\/saiga.es\\\/es\\\/producto\\\/robot-limpiafondos-de-piscina-e-tron-i30\\\/\",\"url\":\"https:\\\/\\\/saiga.es\\\/es\\\/producto\\\/robot-limpiafondos-de-piscina-e-tron-i30\\\/\",\"name\":\"Robot limpiafondos de piscina E-Tron i30 | SAIGA\",\"isPartOf\":{\"@id\":\"https:\\\/\\\/saiga.es\\\/es\\\/#website\"},\"primaryImageOfPage\":{\"@id\":\"https:\\\/\\\/saiga.es\\\/es\\\/producto\\\/robot-limpiafondos-de-piscina-e-tron-i30\\\/#primaryimage\"},\"image\":{\"@id\":\"https:\\\/\\\/saiga.es\\\/es\\\/producto\\\/robot-limpiafondos-de-piscina-e-tron-i30\\\/#primaryimage\"},\"thumbnailUrl\":\"https:\\\/\\\/saiga.es\\\/wp-content\\\/uploads\\\/2024\\\/04\\\/Wybot-i30.jpg\",\"datePublished\":\"2024-04-09T12:16:33+00:00\",\"description\":\"El robot netejafons E-TRON i30 de Wybot \u00e9s un robot sense cables amb control d'APP m\u00f2bil que funciona de manera independent. Est\u00e0 dissenyat per a tot tipus de piscines de fins a 80m2 de superf\u00edcie.\",\"breadcrumb\":{\"@id\":\"https:\\\/\\\/saiga.es\\\/es\\\/producto\\\/robot-limpiafondos-de-piscina-e-tron-i30\\\/#breadcrumb\"},\"inLanguage\":\"es\",\"potentialAction\":[{\"@type\":\"ReadAction\",\"target\":[\"https:\\\/\\\/saiga.es\\\/es\\\/producto\\\/robot-limpiafondos-de-piscina-e-tron-i30\\\/\"]}]},{\"@type\":\"ImageObject\",\"inLanguage\":\"es\",\"@id\":\"https:\\\/\\\/saiga.es\\\/es\\\/producto\\\/robot-limpiafondos-de-piscina-e-tron-i30\\\/#primaryimage\",\"url\":\"https:\\\/\\\/saiga.es\\\/wp-content\\\/uploads\\\/2024\\\/04\\\/Wybot-i30.jpg\",\"contentUrl\":\"https:\\\/\\\/saiga.es\\\/wp-content\\\/uploads\\\/2024\\\/04\\\/Wybot-i30.jpg\",\"width\":400,\"height\":400,\"caption\":\"Limpiafondos Wybot i30\"},{\"@type\":\"BreadcrumbList\",\"@id\":\"https:\\\/\\\/saiga.es\\\/es\\\/producto\\\/robot-limpiafondos-de-piscina-e-tron-i30\\\/#breadcrumb\",\"itemListElement\":[{\"@type\":\"ListItem\",\"position\":1,\"name\":\"Inici\",\"item\":\"https:\\\/\\\/saiga.es\\\/es\\\/\"},{\"@type\":\"ListItem\",\"position\":2,\"name\":\"Tienda\",\"item\":\"https:\\\/\\\/saiga.es\\\/es\\\/tienda\\\/\"},{\"@type\":\"ListItem\",\"position\":3,\"name\":\"Robot limpiafondos de piscina E-Tron i30\"}]},{\"@type\":\"WebSite\",\"@id\":\"https:\\\/\\\/saiga.es\\\/es\\\/#website\",\"url\":\"https:\\\/\\\/saiga.es\\\/es\\\/\",\"name\":\"SAIGA\",\"description\":\"M\u00e9s de 50 anys al servei de la terra i treballant per a un \u00fas eficient de l\u2019aigua!\",\"publisher\":{\"@id\":\"https:\\\/\\\/saiga.es\\\/es\\\/#organization\"},\"potentialAction\":[{\"@type\":\"SearchAction\",\"target\":{\"@type\":\"EntryPoint\",\"urlTemplate\":\"https:\\\/\\\/saiga.es\\\/es\\\/?s={search_term_string}\"},\"query-input\":{\"@type\":\"PropertyValueSpecification\",\"valueRequired\":true,\"valueName\":\"search_term_string\"}}],\"inLanguage\":\"es\"},{\"@type\":\"Organization\",\"@id\":\"https:\\\/\\\/saiga.es\\\/es\\\/#organization\",\"name\":\"SAIGA\",\"url\":\"https:\\\/\\\/saiga.es\\\/es\\\/\",\"logo\":{\"@type\":\"ImageObject\",\"inLanguage\":\"es\",\"@id\":\"https:\\\/\\\/saiga.es\\\/es\\\/#\\\/schema\\\/logo\\\/image\\\/\",\"url\":\"https:\\\/\\\/saiga.es\\\/wp-content\\\/uploads\\\/2025\\\/07\\\/logo_saiga_baseline_optimitzat.svg\",\"contentUrl\":\"https:\\\/\\\/saiga.es\\\/wp-content\\\/uploads\\\/2025\\\/07\\\/logo_saiga_baseline_optimitzat.svg\",\"caption\":\"SAIGA\"},\"image\":{\"@id\":\"https:\\\/\\\/saiga.es\\\/es\\\/#\\\/schema\\\/logo\\\/image\\\/\"},\"sameAs\":[\"https:\\\/\\\/x.com\\\/saiga_agro\",\"https:\\\/\\\/www.instagram.com\\\/saiga_agro\\\/\"]}]}<\/script>\n<!-- \/ Yoast SEO plugin. -->","yoast_head_json":{"title":"Robot limpiafondos de piscina E-Tron i30 | SAIGA","description":"El robot netejafons E-TRON i30 de Wybot \u00e9s un robot sense cables amb control d'APP m\u00f2bil que funciona de manera independent. Est\u00e0 dissenyat per a tot tipus de piscines de fins a 80m2 de superf\u00edcie.","robots":{"index":"index","follow":"follow","max-snippet":"max-snippet:-1","max-image-preview":"max-image-preview:large","max-video-preview":"max-video-preview:-1"},"canonical":"https:\/\/saiga.es\/es\/producto\/robot-limpiafondos-de-piscina-e-tron-i30\/","og_locale":"es_ES","og_type":"article","og_title":"Robot limpiafondos de piscina E-Tron i30 | SAIGA","og_description":"El robot netejafons E-TRON i30 de Wybot \u00e9s un robot sense cables amb control d'APP m\u00f2bil que funciona de manera independent. Est\u00e0 dissenyat per a tot tipus de piscines de fins a 80m2 de superf\u00edcie.","og_url":"https:\/\/saiga.es\/es\/producto\/robot-limpiafondos-de-piscina-e-tron-i30\/","og_site_name":"SAIGA","og_image":[{"width":400,"height":400,"url":"https:\/\/saiga.es\/wp-content\/uploads\/2024\/04\/Wybot-i30.jpg","type":"image\/jpeg"}],"twitter_card":"summary_large_image","twitter_site":"@saiga_agro","schema":{"@context":"https:\/\/schema.org","@graph":[{"@type":"WebPage","@id":"https:\/\/saiga.es\/es\/producto\/robot-limpiafondos-de-piscina-e-tron-i30\/","url":"https:\/\/saiga.es\/es\/producto\/robot-limpiafondos-de-piscina-e-tron-i30\/","name":"Robot limpiafondos de piscina E-Tron i30 | SAIGA","isPartOf":{"@id":"https:\/\/saiga.es\/es\/#website"},"primaryImageOfPage":{"@id":"https:\/\/saiga.es\/es\/producto\/robot-limpiafondos-de-piscina-e-tron-i30\/#primaryimage"},"image":{"@id":"https:\/\/saiga.es\/es\/producto\/robot-limpiafondos-de-piscina-e-tron-i30\/#primaryimage"},"thumbnailUrl":"https:\/\/saiga.es\/wp-content\/uploads\/2024\/04\/Wybot-i30.jpg","datePublished":"2024-04-09T12:16:33+00:00","description":"El robot netejafons E-TRON i30 de Wybot \u00e9s un robot sense cables amb control d'APP m\u00f2bil que funciona de manera independent. Est\u00e0 dissenyat per a tot tipus de piscines de fins a 80m2 de superf\u00edcie.","breadcrumb":{"@id":"https:\/\/saiga.es\/es\/producto\/robot-limpiafondos-de-piscina-e-tron-i30\/#breadcrumb"},"inLanguage":"es","potentialAction":[{"@type":"ReadAction","target":["https:\/\/saiga.es\/es\/producto\/robot-limpiafondos-de-piscina-e-tron-i30\/"]}]},{"@type":"ImageObject","inLanguage":"es","@id":"https:\/\/saiga.es\/es\/producto\/robot-limpiafondos-de-piscina-e-tron-i30\/#primaryimage","url":"https:\/\/saiga.es\/wp-content\/uploads\/2024\/04\/Wybot-i30.jpg","contentUrl":"https:\/\/saiga.es\/wp-content\/uploads\/2024\/04\/Wybot-i30.jpg","width":400,"height":400,"caption":"Limpiafondos Wybot i30"},{"@type":"BreadcrumbList","@id":"https:\/\/saiga.es\/es\/producto\/robot-limpiafondos-de-piscina-e-tron-i30\/#breadcrumb","itemListElement":[{"@type":"ListItem","position":1,"name":"Inici","item":"https:\/\/saiga.es\/es\/"},{"@type":"ListItem","position":2,"name":"Tienda","item":"https:\/\/saiga.es\/es\/tienda\/"},{"@type":"ListItem","position":3,"name":"Robot limpiafondos de piscina E-Tron i30"}]},{"@type":"WebSite","@id":"https:\/\/saiga.es\/es\/#website","url":"https:\/\/saiga.es\/es\/","name":"SAIGA","description":"M\u00e9s de 50 anys al servei de la terra i treballant per a un \u00fas eficient de l\u2019aigua!","publisher":{"@id":"https:\/\/saiga.es\/es\/#organization"},"potentialAction":[{"@type":"SearchAction","target":{"@type":"EntryPoint","urlTemplate":"https:\/\/saiga.es\/es\/?s={search_term_string}"},"query-input":{"@type":"PropertyValueSpecification","valueRequired":true,"valueName":"search_term_string"}}],"inLanguage":"es"},{"@type":"Organization","@id":"https:\/\/saiga.es\/es\/#organization","name":"SAIGA","url":"https:\/\/saiga.es\/es\/","logo":{"@type":"ImageObject","inLanguage":"es","@id":"https:\/\/saiga.es\/es\/#\/schema\/logo\/image\/","url":"https:\/\/saiga.es\/wp-content\/uploads\/2025\/07\/logo_saiga_baseline_optimitzat.svg","contentUrl":"https:\/\/saiga.es\/wp-content\/uploads\/2025\/07\/logo_saiga_baseline_optimitzat.svg","caption":"SAIGA"},"image":{"@id":"https:\/\/saiga.es\/es\/#\/schema\/logo\/image\/"},"sameAs":["https:\/\/x.com\/saiga_agro","https:\/\/www.instagram.com\/saiga_agro\/"]}]}},"_links":{"self":[{"href":"https:\/\/saiga.es\/es\/wp-json\/wp\/v2\/product\/17374","targetHints":{"allow":["GET"]}}],"collection":[{"href":"https:\/\/saiga.es\/es\/wp-json\/wp\/v2\/product"}],"about":[{"href":"https:\/\/saiga.es\/es\/wp-json\/wp\/v2\/types\/product"}],"replies":[{"embeddable":true,"href":"https:\/\/saiga.es\/es\/wp-json\/wp\/v2\/comments?post=17374"}],"wp:featuredmedia":[{"embeddable":true,"href":"https:\/\/saiga.es\/es\/wp-json\/wp\/v2\/media\/9757"}],"wp:attachment":[{"href":"https:\/\/saiga.es\/es\/wp-json\/wp\/v2\/media?parent=17374"}],"wp:term":[{"taxonomy":"product_brand","embeddable":true,"href":"https:\/\/saiga.es\/es\/wp-json\/wp\/v2\/product_brand?post=17374"},{"taxonomy":"product_cat","embeddable":true,"href":"https:\/\/saiga.es\/es\/wp-json\/wp\/v2\/product_cat?post=17374"},{"taxonomy":"product_tag","embeddable":true,"href":"https:\/\/saiga.es\/es\/wp-json\/wp\/v2\/product_tag?post=17374"}],"curies":[{"name":"wp","href":"https:\/\/api.w.org\/{rel}","templated":true}]}}