{"id":17375,"date":"2024-04-09T13:05:07","date_gmt":"2024-04-09T13:05:07","guid":{"rendered":"https:\/\/saiga.es\/producte\/robot-limpiafondos-de-piscina-wybot-i20\/"},"modified":"2024-04-09T13:05:07","modified_gmt":"2024-04-09T13:05:07","slug":"robot-limpiafondos-de-piscina-wybot-i20","status":"publish","type":"product","link":"https:\/\/saiga.es\/es\/producto\/robot-limpiafondos-de-piscina-wybot-i20\/","title":{"rendered":"Robot limpiafondos de piscina Wybot i20"},"content":{"rendered":"<p>El robot limpiafondos E-tron i20 inal\u00e1mbrico de la innovadora marca Wybot presenta grandes noticias para todos aquellos que estamos buscando una opci\u00f3n de excelente calidad-precio, ya que incorpora elementos de tecnolog\u00eda avanzada que agilizan y facilitan much\u00edsimo la tarea de limpieza en nuestra piscina. Lo fundamental es que funciona sin cables y nos permite librarnos de las limitaciones del espacio, y es que es obvio que el futuro de la limpieza de piscinas se enfoca hacia aqu\u00ed, por eso debemos ser muy cuidadosos con qu\u00e9 opci\u00f3n elegimos. Otro muy relevante y propio s\u00f3lo de este modelo es el chip de procesador avanzado, que evita que se quede atascado en medio del ciclo y nos avisa antes de que se le acabe la bater\u00eda (o al terminar el ciclo) y sube hasta la pared, esper\u00e1ndonos.  <\/p>\n","protected":false},"excerpt":{"rendered":"<p>El Limpiafondos E-tron i20 inal\u00e1mbrico de la innovadora marca Wybot presenta grandes noticias para todos aquellos que estamos buscando una opci\u00f3n de excelente calidad-precio, ya que incorpora elementos de tecnolog\u00eda avanzada que agilizan y facilitan much\u00edsimo la labor de limpieza en nuestra piscina.<\/p>\n","protected":false},"featured_media":9761,"comment_status":"closed","ping_status":"closed","template":"","meta":[],"product_brand":[],"product_cat":[208],"product_tag":[1340,226,1339],"class_list":{"0":"post-17375","1":"product","2":"type-product","3":"status-publish","4":"has-post-thumbnail","6":"product_cat-productos-para-piscinas","7":"product_tag-limpiafondos","8":"product_tag-piscina-es","9":"product_tag-robot-es","11":"first","12":"outofstock","13":"taxable","14":"shipping-taxable","15":"purchasable","16":"product-type-simple"},"yoast_head":"<!-- This site is optimized with the Yoast SEO plugin v27.3 - https:\/\/yoast.com\/product\/yoast-seo-wordpress\/ -->\n<title>Robot limpiafondos de piscina Wybot i20 | SAIGA<\/title>\n<meta name=\"description\" content=\"El Limpiafondos E-tron i20 inal\u00e1mbrico de la innovadora marca Wybot presenta grandes noticias para todos aquellos que estamos buscando una opci\u00f3n de excelente calidad-precio, ya que incorpora elementos de tecnolog\u00eda avanzada que agilizan y facilitan much\u00edsimo la labor de limpieza en nuestra piscina.\" \/>\n<meta name=\"robots\" content=\"index, follow, max-snippet:-1, max-image-preview:large, max-video-preview:-1\" \/>\n<link rel=\"canonical\" href=\"https:\/\/saiga.es\/es\/producto\/robot-limpiafondos-de-piscina-wybot-i20\/\" \/>\n<meta property=\"og:locale\" content=\"es_ES\" \/>\n<meta property=\"og:type\" content=\"article\" \/>\n<meta property=\"og:title\" content=\"Robot limpiafondos de piscina Wybot i20 | SAIGA\" \/>\n<meta property=\"og:description\" content=\"El Limpiafondos E-tron i20 inal\u00e1mbrico de la innovadora marca Wybot presenta grandes noticias para todos aquellos que estamos buscando una opci\u00f3n de excelente calidad-precio, ya que incorpora elementos de tecnolog\u00eda avanzada que agilizan y facilitan much\u00edsimo la labor de limpieza en nuestra piscina.\" \/>\n<meta property=\"og:url\" content=\"https:\/\/saiga.es\/es\/producto\/robot-limpiafondos-de-piscina-wybot-i20\/\" \/>\n<meta property=\"og:site_name\" content=\"SAIGA\" \/>\n<meta property=\"og:image\" content=\"https:\/\/saiga.es\/wp-content\/uploads\/2024\/04\/limpiafondos-e-tron-i-20.jpg\" \/>\n\t<meta property=\"og:image:width\" content=\"800\" \/>\n\t<meta property=\"og:image:height\" content=\"800\" \/>\n\t<meta property=\"og:image:type\" content=\"image\/jpeg\" \/>\n<meta name=\"twitter:card\" content=\"summary_large_image\" \/>\n<meta name=\"twitter:site\" content=\"@saiga_agro\" \/>\n<meta name=\"twitter:label1\" content=\"Tiempo de lectura\" \/>\n\t<meta name=\"twitter:data1\" content=\"1 minuto\" \/>\n<script type=\"application\/ld+json\" class=\"yoast-schema-graph\">{\"@context\":\"https:\\\/\\\/schema.org\",\"@graph\":[{\"@type\":\"WebPage\",\"@id\":\"https:\\\/\\\/saiga.es\\\/es\\\/producto\\\/robot-limpiafondos-de-piscina-wybot-i20\\\/\",\"url\":\"https:\\\/\\\/saiga.es\\\/es\\\/producto\\\/robot-limpiafondos-de-piscina-wybot-i20\\\/\",\"name\":\"Robot limpiafondos de piscina Wybot i20 | SAIGA\",\"isPartOf\":{\"@id\":\"https:\\\/\\\/saiga.es\\\/es\\\/#website\"},\"primaryImageOfPage\":{\"@id\":\"https:\\\/\\\/saiga.es\\\/es\\\/producto\\\/robot-limpiafondos-de-piscina-wybot-i20\\\/#primaryimage\"},\"image\":{\"@id\":\"https:\\\/\\\/saiga.es\\\/es\\\/producto\\\/robot-limpiafondos-de-piscina-wybot-i20\\\/#primaryimage\"},\"thumbnailUrl\":\"https:\\\/\\\/saiga.es\\\/wp-content\\\/uploads\\\/2024\\\/04\\\/limpiafondos-e-tron-i-20.jpg\",\"datePublished\":\"2024-04-09T13:05:07+00:00\",\"description\":\"El Limpiafondos E-tron i20 inal\u00e1mbrico de la innovadora marca Wybot presenta grandes noticias para todos aquellos que estamos buscando una opci\u00f3n de excelente calidad-precio, ya que incorpora elementos de tecnolog\u00eda avanzada que agilizan y facilitan much\u00edsimo la labor de limpieza en nuestra piscina.\",\"breadcrumb\":{\"@id\":\"https:\\\/\\\/saiga.es\\\/es\\\/producto\\\/robot-limpiafondos-de-piscina-wybot-i20\\\/#breadcrumb\"},\"inLanguage\":\"es\",\"potentialAction\":[{\"@type\":\"ReadAction\",\"target\":[\"https:\\\/\\\/saiga.es\\\/es\\\/producto\\\/robot-limpiafondos-de-piscina-wybot-i20\\\/\"]}]},{\"@type\":\"ImageObject\",\"inLanguage\":\"es\",\"@id\":\"https:\\\/\\\/saiga.es\\\/es\\\/producto\\\/robot-limpiafondos-de-piscina-wybot-i20\\\/#primaryimage\",\"url\":\"https:\\\/\\\/saiga.es\\\/wp-content\\\/uploads\\\/2024\\\/04\\\/limpiafondos-e-tron-i-20.jpg\",\"contentUrl\":\"https:\\\/\\\/saiga.es\\\/wp-content\\\/uploads\\\/2024\\\/04\\\/limpiafondos-e-tron-i-20.jpg\",\"width\":800,\"height\":800,\"caption\":\"Robot netejafons i20\"},{\"@type\":\"BreadcrumbList\",\"@id\":\"https:\\\/\\\/saiga.es\\\/es\\\/producto\\\/robot-limpiafondos-de-piscina-wybot-i20\\\/#breadcrumb\",\"itemListElement\":[{\"@type\":\"ListItem\",\"position\":1,\"name\":\"Inici\",\"item\":\"https:\\\/\\\/saiga.es\\\/es\\\/\"},{\"@type\":\"ListItem\",\"position\":2,\"name\":\"Tienda\",\"item\":\"https:\\\/\\\/saiga.es\\\/es\\\/tienda\\\/\"},{\"@type\":\"ListItem\",\"position\":3,\"name\":\"Robot limpiafondos de piscina Wybot i20\"}]},{\"@type\":\"WebSite\",\"@id\":\"https:\\\/\\\/saiga.es\\\/es\\\/#website\",\"url\":\"https:\\\/\\\/saiga.es\\\/es\\\/\",\"name\":\"SAIGA\",\"description\":\"M\u00e9s de 50 anys al servei de la terra i treballant per a un \u00fas eficient de l\u2019aigua!\",\"publisher\":{\"@id\":\"https:\\\/\\\/saiga.es\\\/es\\\/#organization\"},\"potentialAction\":[{\"@type\":\"SearchAction\",\"target\":{\"@type\":\"EntryPoint\",\"urlTemplate\":\"https:\\\/\\\/saiga.es\\\/es\\\/?s={search_term_string}\"},\"query-input\":{\"@type\":\"PropertyValueSpecification\",\"valueRequired\":true,\"valueName\":\"search_term_string\"}}],\"inLanguage\":\"es\"},{\"@type\":\"Organization\",\"@id\":\"https:\\\/\\\/saiga.es\\\/es\\\/#organization\",\"name\":\"SAIGA\",\"url\":\"https:\\\/\\\/saiga.es\\\/es\\\/\",\"logo\":{\"@type\":\"ImageObject\",\"inLanguage\":\"es\",\"@id\":\"https:\\\/\\\/saiga.es\\\/es\\\/#\\\/schema\\\/logo\\\/image\\\/\",\"url\":\"https:\\\/\\\/saiga.es\\\/wp-content\\\/uploads\\\/2025\\\/07\\\/logo_saiga_baseline_optimitzat.svg\",\"contentUrl\":\"https:\\\/\\\/saiga.es\\\/wp-content\\\/uploads\\\/2025\\\/07\\\/logo_saiga_baseline_optimitzat.svg\",\"caption\":\"SAIGA\"},\"image\":{\"@id\":\"https:\\\/\\\/saiga.es\\\/es\\\/#\\\/schema\\\/logo\\\/image\\\/\"},\"sameAs\":[\"https:\\\/\\\/x.com\\\/saiga_agro\",\"https:\\\/\\\/www.instagram.com\\\/saiga_agro\\\/\"]}]}<\/script>\n<!-- \/ Yoast SEO plugin. -->","yoast_head_json":{"title":"Robot limpiafondos de piscina Wybot i20 | SAIGA","description":"El Limpiafondos E-tron i20 inal\u00e1mbrico de la innovadora marca Wybot presenta grandes noticias para todos aquellos que estamos buscando una opci\u00f3n de excelente calidad-precio, ya que incorpora elementos de tecnolog\u00eda avanzada que agilizan y facilitan much\u00edsimo la labor de limpieza en nuestra piscina.","robots":{"index":"index","follow":"follow","max-snippet":"max-snippet:-1","max-image-preview":"max-image-preview:large","max-video-preview":"max-video-preview:-1"},"canonical":"https:\/\/saiga.es\/es\/producto\/robot-limpiafondos-de-piscina-wybot-i20\/","og_locale":"es_ES","og_type":"article","og_title":"Robot limpiafondos de piscina Wybot i20 | SAIGA","og_description":"El Limpiafondos E-tron i20 inal\u00e1mbrico de la innovadora marca Wybot presenta grandes noticias para todos aquellos que estamos buscando una opci\u00f3n de excelente calidad-precio, ya que incorpora elementos de tecnolog\u00eda avanzada que agilizan y facilitan much\u00edsimo la labor de limpieza en nuestra piscina.","og_url":"https:\/\/saiga.es\/es\/producto\/robot-limpiafondos-de-piscina-wybot-i20\/","og_site_name":"SAIGA","og_image":[{"width":800,"height":800,"url":"https:\/\/saiga.es\/wp-content\/uploads\/2024\/04\/limpiafondos-e-tron-i-20.jpg","type":"image\/jpeg"}],"twitter_card":"summary_large_image","twitter_site":"@saiga_agro","twitter_misc":{"Tiempo de lectura":"1 minuto"},"schema":{"@context":"https:\/\/schema.org","@graph":[{"@type":"WebPage","@id":"https:\/\/saiga.es\/es\/producto\/robot-limpiafondos-de-piscina-wybot-i20\/","url":"https:\/\/saiga.es\/es\/producto\/robot-limpiafondos-de-piscina-wybot-i20\/","name":"Robot limpiafondos de piscina Wybot i20 | SAIGA","isPartOf":{"@id":"https:\/\/saiga.es\/es\/#website"},"primaryImageOfPage":{"@id":"https:\/\/saiga.es\/es\/producto\/robot-limpiafondos-de-piscina-wybot-i20\/#primaryimage"},"image":{"@id":"https:\/\/saiga.es\/es\/producto\/robot-limpiafondos-de-piscina-wybot-i20\/#primaryimage"},"thumbnailUrl":"https:\/\/saiga.es\/wp-content\/uploads\/2024\/04\/limpiafondos-e-tron-i-20.jpg","datePublished":"2024-04-09T13:05:07+00:00","description":"El Limpiafondos E-tron i20 inal\u00e1mbrico de la innovadora marca Wybot presenta grandes noticias para todos aquellos que estamos buscando una opci\u00f3n de excelente calidad-precio, ya que incorpora elementos de tecnolog\u00eda avanzada que agilizan y facilitan much\u00edsimo la labor de limpieza en nuestra piscina.","breadcrumb":{"@id":"https:\/\/saiga.es\/es\/producto\/robot-limpiafondos-de-piscina-wybot-i20\/#breadcrumb"},"inLanguage":"es","potentialAction":[{"@type":"ReadAction","target":["https:\/\/saiga.es\/es\/producto\/robot-limpiafondos-de-piscina-wybot-i20\/"]}]},{"@type":"ImageObject","inLanguage":"es","@id":"https:\/\/saiga.es\/es\/producto\/robot-limpiafondos-de-piscina-wybot-i20\/#primaryimage","url":"https:\/\/saiga.es\/wp-content\/uploads\/2024\/04\/limpiafondos-e-tron-i-20.jpg","contentUrl":"https:\/\/saiga.es\/wp-content\/uploads\/2024\/04\/limpiafondos-e-tron-i-20.jpg","width":800,"height":800,"caption":"Robot netejafons i20"},{"@type":"BreadcrumbList","@id":"https:\/\/saiga.es\/es\/producto\/robot-limpiafondos-de-piscina-wybot-i20\/#breadcrumb","itemListElement":[{"@type":"ListItem","position":1,"name":"Inici","item":"https:\/\/saiga.es\/es\/"},{"@type":"ListItem","position":2,"name":"Tienda","item":"https:\/\/saiga.es\/es\/tienda\/"},{"@type":"ListItem","position":3,"name":"Robot limpiafondos de piscina Wybot i20"}]},{"@type":"WebSite","@id":"https:\/\/saiga.es\/es\/#website","url":"https:\/\/saiga.es\/es\/","name":"SAIGA","description":"M\u00e9s de 50 anys al servei de la terra i treballant per a un \u00fas eficient de l\u2019aigua!","publisher":{"@id":"https:\/\/saiga.es\/es\/#organization"},"potentialAction":[{"@type":"SearchAction","target":{"@type":"EntryPoint","urlTemplate":"https:\/\/saiga.es\/es\/?s={search_term_string}"},"query-input":{"@type":"PropertyValueSpecification","valueRequired":true,"valueName":"search_term_string"}}],"inLanguage":"es"},{"@type":"Organization","@id":"https:\/\/saiga.es\/es\/#organization","name":"SAIGA","url":"https:\/\/saiga.es\/es\/","logo":{"@type":"ImageObject","inLanguage":"es","@id":"https:\/\/saiga.es\/es\/#\/schema\/logo\/image\/","url":"https:\/\/saiga.es\/wp-content\/uploads\/2025\/07\/logo_saiga_baseline_optimitzat.svg","contentUrl":"https:\/\/saiga.es\/wp-content\/uploads\/2025\/07\/logo_saiga_baseline_optimitzat.svg","caption":"SAIGA"},"image":{"@id":"https:\/\/saiga.es\/es\/#\/schema\/logo\/image\/"},"sameAs":["https:\/\/x.com\/saiga_agro","https:\/\/www.instagram.com\/saiga_agro\/"]}]}},"_links":{"self":[{"href":"https:\/\/saiga.es\/es\/wp-json\/wp\/v2\/product\/17375","targetHints":{"allow":["GET"]}}],"collection":[{"href":"https:\/\/saiga.es\/es\/wp-json\/wp\/v2\/product"}],"about":[{"href":"https:\/\/saiga.es\/es\/wp-json\/wp\/v2\/types\/product"}],"replies":[{"embeddable":true,"href":"https:\/\/saiga.es\/es\/wp-json\/wp\/v2\/comments?post=17375"}],"wp:featuredmedia":[{"embeddable":true,"href":"https:\/\/saiga.es\/es\/wp-json\/wp\/v2\/media\/9761"}],"wp:attachment":[{"href":"https:\/\/saiga.es\/es\/wp-json\/wp\/v2\/media?parent=17375"}],"wp:term":[{"taxonomy":"product_brand","embeddable":true,"href":"https:\/\/saiga.es\/es\/wp-json\/wp\/v2\/product_brand?post=17375"},{"taxonomy":"product_cat","embeddable":true,"href":"https:\/\/saiga.es\/es\/wp-json\/wp\/v2\/product_cat?post=17375"},{"taxonomy":"product_tag","embeddable":true,"href":"https:\/\/saiga.es\/es\/wp-json\/wp\/v2\/product_tag?post=17375"}],"curies":[{"name":"wp","href":"https:\/\/api.w.org\/{rel}","templated":true}]}}