{"id":17381,"date":"2024-03-25T09:11:48","date_gmt":"2024-03-25T09:11:48","guid":{"rendered":"https:\/\/saiga.es\/producte\/par-de-zapatos-modelo-vesubio\/"},"modified":"2024-03-25T09:11:48","modified_gmt":"2024-03-25T09:11:48","slug":"par-de-zapatos-modelo-vesubio","status":"publish","type":"product","link":"https:\/\/saiga.es\/es\/producto\/par-de-zapatos-modelo-vesubio\/","title":{"rendered":"Par de zapatos modelo Vesubio"},"content":{"rendered":"<p>Par de zapatos modelo Vesubio<\/p>\n<p>Zapatos con cordones elaborado en sierra nobuck de color marr\u00f3n, dotado con agujeros para airear estrat\u00e9gicamente situados para mantener el pie ventilado y asegurar una transpiraci\u00f3n \u00f3ptima.<\/p>\n<p>Destaca por su resistencia a la flexi\u00f3n, el arrugamiento y la compresi\u00f3n, ofreciendo una protecci\u00f3n ancha en el dedo del pie. El interior est\u00e1 recubierto con una suave malla de poli\u00e9ster, mientras que la plantilla antibacteriana proporciona un confort adicional. La suela de doble densidad de poliuretano inyectado y la leng\u00fceta acolchada aseguran una sensaci\u00f3n de comodidad duradera. <\/p>\n<p>Adem\u00e1s, la punta extremadamente ligera y flexible ofrece una protecci\u00f3n excepcional con resistencia de 200J. Con unos entresuelos de kevlar\u00ae antiperforaciones hasta 1100N (P), estos zapatos son adecuados para diversas condiciones laborales. Es anticorrosivo y altamente resistentes a hidrocarburos, aceites y \u00e1lcalis, garantizando una durabilidad excepcional y protecci\u00f3n integral.  <\/p>\n","protected":false},"excerpt":{"rendered":"<p>Par de zapatos modelo Vesubio<\/p>\n<p>Zapatos con cordones elaborado en sierra nobuck de color marr\u00f3n, dotado con agujeros para airear estrat\u00e9gicamente situados para mantener el pie ventilado y asegurar una transpiraci\u00f3n \u00f3ptima.<\/p>\n<p>Destaca por su resistencia a la flexi\u00f3n, el arrugamiento y la compresi\u00f3n, ofreciendo una protecci\u00f3n ancha en el dedo del pie. El interior est\u00e1 recubierto con una suave malla de poli\u00e9ster, mientras que la plantilla antibacteriana proporciona un confort adicional. La suela de doble densidad de poliuretano inyectado y la leng\u00fceta acolchada aseguran una sensaci\u00f3n de comodidad duradera. <\/p>\n<p>Adem\u00e1s, la punta extremadamente ligera y flexible ofrece una protecci\u00f3n excepcional con resistencia de 200J. Con unos entresuelos de kevlar\u00ae antiperforaciones hasta 1100N (P), estos zapatos son adecuados para diversas condiciones laborales. Es anticorrosivo y altamente resistentes a hidrocarburos, aceites y \u00e1lcalis, garantizando una durabilidad excepcional y protecci\u00f3n integral.  <\/p>\n","protected":false},"featured_media":9196,"comment_status":"open","ping_status":"closed","template":"","meta":[],"product_brand":[],"product_cat":[1285],"product_tag":[],"class_list":{"0":"post-17381","1":"product","2":"type-product","3":"status-publish","4":"has-post-thumbnail","6":"product_cat-zapatos-de-trabajo","8":"first","9":"outofstock","10":"sale","11":"taxable","12":"shipping-taxable","13":"purchasable","14":"product-type-variable"},"yoast_head":"<!-- This site is optimized with the Yoast SEO plugin v27.4 - https:\/\/yoast.com\/product\/yoast-seo-wordpress\/ -->\n<title>Par de zapatos modelo Vesubio | SAIGA<\/title>\n<meta name=\"description\" content=\"Zapatos transpirables y resistentes, con puntera de composite ligera y protecci\u00f3n antiperforaciones de kevlar\u00ae, perfectas para entornos laborales exigentes.\" \/>\n<meta name=\"robots\" content=\"index, follow, max-snippet:-1, max-image-preview:large, max-video-preview:-1\" \/>\n<link rel=\"canonical\" href=\"https:\/\/saiga.es\/es\/producto\/par-de-zapatos-modelo-vesubio\/\" \/>\n<meta property=\"og:locale\" content=\"es_ES\" \/>\n<meta property=\"og:type\" content=\"article\" \/>\n<meta property=\"og:title\" content=\"Par de zapatos modelo Vesubio | SAIGA\" \/>\n<meta property=\"og:description\" content=\"Zapatos transpirables y resistentes, con puntera de composite ligera y protecci\u00f3n antiperforaciones de kevlar\u00ae, perfectas para entornos laborales exigentes.\" \/>\n<meta property=\"og:url\" content=\"https:\/\/saiga.es\/es\/producto\/par-de-zapatos-modelo-vesubio\/\" \/>\n<meta property=\"og:site_name\" content=\"SAIGA\" \/>\n<meta property=\"og:image\" content=\"https:\/\/saiga.es\/wp-content\/uploads\/2024\/03\/zapatos-con-cordones-en-serraje-nobuck-safetop-vesubio.jpg\" \/>\n\t<meta property=\"og:image:width\" content=\"1200\" \/>\n\t<meta property=\"og:image:height\" content=\"1372\" \/>\n\t<meta property=\"og:image:type\" content=\"image\/jpeg\" \/>\n<meta name=\"twitter:card\" content=\"summary_large_image\" \/>\n<meta name=\"twitter:site\" content=\"@saiga_agro\" \/>\n<meta name=\"twitter:label1\" content=\"Tiempo de lectura\" \/>\n\t<meta name=\"twitter:data1\" content=\"1 minuto\" \/>\n<script type=\"application\/ld+json\" class=\"yoast-schema-graph\">{\"@context\":\"https:\\\/\\\/schema.org\",\"@graph\":[{\"@type\":\"WebPage\",\"@id\":\"https:\\\/\\\/saiga.es\\\/es\\\/producto\\\/par-de-zapatos-modelo-vesubio\\\/\",\"url\":\"https:\\\/\\\/saiga.es\\\/es\\\/producto\\\/par-de-zapatos-modelo-vesubio\\\/\",\"name\":\"Par de zapatos modelo Vesubio | SAIGA\",\"isPartOf\":{\"@id\":\"https:\\\/\\\/saiga.es\\\/es\\\/#website\"},\"primaryImageOfPage\":{\"@id\":\"https:\\\/\\\/saiga.es\\\/es\\\/producto\\\/par-de-zapatos-modelo-vesubio\\\/#primaryimage\"},\"image\":{\"@id\":\"https:\\\/\\\/saiga.es\\\/es\\\/producto\\\/par-de-zapatos-modelo-vesubio\\\/#primaryimage\"},\"thumbnailUrl\":\"https:\\\/\\\/saiga.es\\\/wp-content\\\/uploads\\\/2024\\\/03\\\/zapatos-con-cordones-en-serraje-nobuck-safetop-vesubio.jpg\",\"datePublished\":\"2024-03-25T09:11:48+00:00\",\"description\":\"Zapatos transpirables y resistentes, con puntera de composite ligera y protecci\u00f3n antiperforaciones de kevlar\u00ae, perfectas para entornos laborales exigentes.\",\"breadcrumb\":{\"@id\":\"https:\\\/\\\/saiga.es\\\/es\\\/producto\\\/par-de-zapatos-modelo-vesubio\\\/#breadcrumb\"},\"inLanguage\":\"es\",\"potentialAction\":[{\"@type\":\"ReadAction\",\"target\":[\"https:\\\/\\\/saiga.es\\\/es\\\/producto\\\/par-de-zapatos-modelo-vesubio\\\/\"]}]},{\"@type\":\"ImageObject\",\"inLanguage\":\"es\",\"@id\":\"https:\\\/\\\/saiga.es\\\/es\\\/producto\\\/par-de-zapatos-modelo-vesubio\\\/#primaryimage\",\"url\":\"https:\\\/\\\/saiga.es\\\/wp-content\\\/uploads\\\/2024\\\/03\\\/zapatos-con-cordones-en-serraje-nobuck-safetop-vesubio.jpg\",\"contentUrl\":\"https:\\\/\\\/saiga.es\\\/wp-content\\\/uploads\\\/2024\\\/03\\\/zapatos-con-cordones-en-serraje-nobuck-safetop-vesubio.jpg\",\"width\":1200,\"height\":1372},{\"@type\":\"BreadcrumbList\",\"@id\":\"https:\\\/\\\/saiga.es\\\/es\\\/producto\\\/par-de-zapatos-modelo-vesubio\\\/#breadcrumb\",\"itemListElement\":[{\"@type\":\"ListItem\",\"position\":1,\"name\":\"Inici\",\"item\":\"https:\\\/\\\/saiga.es\\\/es\\\/\"},{\"@type\":\"ListItem\",\"position\":2,\"name\":\"Tienda\",\"item\":\"https:\\\/\\\/saiga.es\\\/es\\\/tienda\\\/\"},{\"@type\":\"ListItem\",\"position\":3,\"name\":\"Par de zapatos modelo Vesubio\"}]},{\"@type\":\"WebSite\",\"@id\":\"https:\\\/\\\/saiga.es\\\/es\\\/#website\",\"url\":\"https:\\\/\\\/saiga.es\\\/es\\\/\",\"name\":\"SAIGA\",\"description\":\"M\u00e9s de 50 anys al servei de la terra i treballant per a un \u00fas eficient de l\u2019aigua!\",\"publisher\":{\"@id\":\"https:\\\/\\\/saiga.es\\\/es\\\/#organization\"},\"potentialAction\":[{\"@type\":\"SearchAction\",\"target\":{\"@type\":\"EntryPoint\",\"urlTemplate\":\"https:\\\/\\\/saiga.es\\\/es\\\/?s={search_term_string}\"},\"query-input\":{\"@type\":\"PropertyValueSpecification\",\"valueRequired\":true,\"valueName\":\"search_term_string\"}}],\"inLanguage\":\"es\"},{\"@type\":\"Organization\",\"@id\":\"https:\\\/\\\/saiga.es\\\/es\\\/#organization\",\"name\":\"SAIGA\",\"url\":\"https:\\\/\\\/saiga.es\\\/es\\\/\",\"logo\":{\"@type\":\"ImageObject\",\"inLanguage\":\"es\",\"@id\":\"https:\\\/\\\/saiga.es\\\/es\\\/#\\\/schema\\\/logo\\\/image\\\/\",\"url\":\"https:\\\/\\\/saiga.es\\\/wp-content\\\/uploads\\\/2025\\\/07\\\/logo_saiga_baseline_optimitzat.svg\",\"contentUrl\":\"https:\\\/\\\/saiga.es\\\/wp-content\\\/uploads\\\/2025\\\/07\\\/logo_saiga_baseline_optimitzat.svg\",\"caption\":\"SAIGA\"},\"image\":{\"@id\":\"https:\\\/\\\/saiga.es\\\/es\\\/#\\\/schema\\\/logo\\\/image\\\/\"},\"sameAs\":[\"https:\\\/\\\/x.com\\\/saiga_agro\",\"https:\\\/\\\/www.instagram.com\\\/saiga_agro\\\/\"]}]}<\/script>\n<!-- \/ Yoast SEO plugin. -->","yoast_head_json":{"title":"Par de zapatos modelo Vesubio | SAIGA","description":"Zapatos transpirables y resistentes, con puntera de composite ligera y protecci\u00f3n antiperforaciones de kevlar\u00ae, perfectas para entornos laborales exigentes.","robots":{"index":"index","follow":"follow","max-snippet":"max-snippet:-1","max-image-preview":"max-image-preview:large","max-video-preview":"max-video-preview:-1"},"canonical":"https:\/\/saiga.es\/es\/producto\/par-de-zapatos-modelo-vesubio\/","og_locale":"es_ES","og_type":"article","og_title":"Par de zapatos modelo Vesubio | SAIGA","og_description":"Zapatos transpirables y resistentes, con puntera de composite ligera y protecci\u00f3n antiperforaciones de kevlar\u00ae, perfectas para entornos laborales exigentes.","og_url":"https:\/\/saiga.es\/es\/producto\/par-de-zapatos-modelo-vesubio\/","og_site_name":"SAIGA","og_image":[{"width":1200,"height":1372,"url":"https:\/\/saiga.es\/wp-content\/uploads\/2024\/03\/zapatos-con-cordones-en-serraje-nobuck-safetop-vesubio.jpg","type":"image\/jpeg"}],"twitter_card":"summary_large_image","twitter_site":"@saiga_agro","twitter_misc":{"Tiempo de lectura":"1 minuto"},"schema":{"@context":"https:\/\/schema.org","@graph":[{"@type":"WebPage","@id":"https:\/\/saiga.es\/es\/producto\/par-de-zapatos-modelo-vesubio\/","url":"https:\/\/saiga.es\/es\/producto\/par-de-zapatos-modelo-vesubio\/","name":"Par de zapatos modelo Vesubio | SAIGA","isPartOf":{"@id":"https:\/\/saiga.es\/es\/#website"},"primaryImageOfPage":{"@id":"https:\/\/saiga.es\/es\/producto\/par-de-zapatos-modelo-vesubio\/#primaryimage"},"image":{"@id":"https:\/\/saiga.es\/es\/producto\/par-de-zapatos-modelo-vesubio\/#primaryimage"},"thumbnailUrl":"https:\/\/saiga.es\/wp-content\/uploads\/2024\/03\/zapatos-con-cordones-en-serraje-nobuck-safetop-vesubio.jpg","datePublished":"2024-03-25T09:11:48+00:00","description":"Zapatos transpirables y resistentes, con puntera de composite ligera y protecci\u00f3n antiperforaciones de kevlar\u00ae, perfectas para entornos laborales exigentes.","breadcrumb":{"@id":"https:\/\/saiga.es\/es\/producto\/par-de-zapatos-modelo-vesubio\/#breadcrumb"},"inLanguage":"es","potentialAction":[{"@type":"ReadAction","target":["https:\/\/saiga.es\/es\/producto\/par-de-zapatos-modelo-vesubio\/"]}]},{"@type":"ImageObject","inLanguage":"es","@id":"https:\/\/saiga.es\/es\/producto\/par-de-zapatos-modelo-vesubio\/#primaryimage","url":"https:\/\/saiga.es\/wp-content\/uploads\/2024\/03\/zapatos-con-cordones-en-serraje-nobuck-safetop-vesubio.jpg","contentUrl":"https:\/\/saiga.es\/wp-content\/uploads\/2024\/03\/zapatos-con-cordones-en-serraje-nobuck-safetop-vesubio.jpg","width":1200,"height":1372},{"@type":"BreadcrumbList","@id":"https:\/\/saiga.es\/es\/producto\/par-de-zapatos-modelo-vesubio\/#breadcrumb","itemListElement":[{"@type":"ListItem","position":1,"name":"Inici","item":"https:\/\/saiga.es\/es\/"},{"@type":"ListItem","position":2,"name":"Tienda","item":"https:\/\/saiga.es\/es\/tienda\/"},{"@type":"ListItem","position":3,"name":"Par de zapatos modelo Vesubio"}]},{"@type":"WebSite","@id":"https:\/\/saiga.es\/es\/#website","url":"https:\/\/saiga.es\/es\/","name":"SAIGA","description":"M\u00e9s de 50 anys al servei de la terra i treballant per a un \u00fas eficient de l\u2019aigua!","publisher":{"@id":"https:\/\/saiga.es\/es\/#organization"},"potentialAction":[{"@type":"SearchAction","target":{"@type":"EntryPoint","urlTemplate":"https:\/\/saiga.es\/es\/?s={search_term_string}"},"query-input":{"@type":"PropertyValueSpecification","valueRequired":true,"valueName":"search_term_string"}}],"inLanguage":"es"},{"@type":"Organization","@id":"https:\/\/saiga.es\/es\/#organization","name":"SAIGA","url":"https:\/\/saiga.es\/es\/","logo":{"@type":"ImageObject","inLanguage":"es","@id":"https:\/\/saiga.es\/es\/#\/schema\/logo\/image\/","url":"https:\/\/saiga.es\/wp-content\/uploads\/2025\/07\/logo_saiga_baseline_optimitzat.svg","contentUrl":"https:\/\/saiga.es\/wp-content\/uploads\/2025\/07\/logo_saiga_baseline_optimitzat.svg","caption":"SAIGA"},"image":{"@id":"https:\/\/saiga.es\/es\/#\/schema\/logo\/image\/"},"sameAs":["https:\/\/x.com\/saiga_agro","https:\/\/www.instagram.com\/saiga_agro\/"]}]}},"_links":{"self":[{"href":"https:\/\/saiga.es\/es\/wp-json\/wp\/v2\/product\/17381","targetHints":{"allow":["GET"]}}],"collection":[{"href":"https:\/\/saiga.es\/es\/wp-json\/wp\/v2\/product"}],"about":[{"href":"https:\/\/saiga.es\/es\/wp-json\/wp\/v2\/types\/product"}],"replies":[{"embeddable":true,"href":"https:\/\/saiga.es\/es\/wp-json\/wp\/v2\/comments?post=17381"}],"wp:featuredmedia":[{"embeddable":true,"href":"https:\/\/saiga.es\/es\/wp-json\/wp\/v2\/media\/9196"}],"wp:attachment":[{"href":"https:\/\/saiga.es\/es\/wp-json\/wp\/v2\/media?parent=17381"}],"wp:term":[{"taxonomy":"product_brand","embeddable":true,"href":"https:\/\/saiga.es\/es\/wp-json\/wp\/v2\/product_brand?post=17381"},{"taxonomy":"product_cat","embeddable":true,"href":"https:\/\/saiga.es\/es\/wp-json\/wp\/v2\/product_cat?post=17381"},{"taxonomy":"product_tag","embeddable":true,"href":"https:\/\/saiga.es\/es\/wp-json\/wp\/v2\/product_tag?post=17381"}],"curies":[{"name":"wp","href":"https:\/\/api.w.org\/{rel}","templated":true}]}}