{"id":17608,"date":"2024-06-12T15:30:42","date_gmt":"2024-06-12T15:30:42","guid":{"rendered":"https:\/\/saiga.es\/producte\/neudorff-loxiran-spray-antihormigas\/"},"modified":"2025-12-09T14:15:02","modified_gmt":"2025-12-09T14:15:02","slug":"neudorff-loxiran-spray-antihormigas","status":"publish","type":"product","link":"https:\/\/saiga.es\/es\/producto\/neudorff-loxiran-spray-antihormigas\/","title":{"rendered":"Neudorff Loxiran Spray Antihormigas"},"content":{"rendered":"<p data-start=\"254\" data-end=\"496\">El Neudorff Loxiran Spray Antihormigas es un insecticida ecol\u00f3gico pensado para acabar con plagas de hormigas tanto en interior como exterior: ideal para balcones, terrazas, caminos, garajes o hogar.<\/p>\n<p data-start=\"498\" data-end=\"781\">Este spray act\u00faa r\u00e1pidamente gracias a su sustancia activa de origen vegetal &#8211; piretrina derivada de la flor de crisantemo Chrysanthemum cinerariaefolium &#8211; y combina su potencia con aceites vegetales para ofrecer un efecto de choque inmediato. sin piretroides ni otros agentes sint\u00e9ticos agresivos.<\/p>\n<p data-start=\"973\" data-end=\"1299\">Uso recomendado: aplica de forma dirigida a suelos, z\u00f3calos, rincones, caminos y puntos de paso de hormigas &#8211; no debe aplicarse de forma a\u00e9rea ni sobre alimentos, utensilios de cocina, plantas o zonas ocupadas por personas o mascotas. Es importante ventilar bien los espacios despu\u00e9s de su aplicaci\u00f3n. <\/p>\n<p data-start=\"1301\" data-end=\"1458\">Este spray ofrece una soluci\u00f3n pr\u00e1ctica, natural y efectiva para mantener el espacio libre de hormigas sin tener que recurrir a productos qu\u00edmicos agresivos.<\/p>\n","protected":false},"excerpt":{"rendered":"<p>El Neudorff Loxiran Spray Antihormigas es un insecticida ecol\u00f3gico pensado para acabar con plagas de hormigas tanto en interior como exterior: ideal para balcones, terrazas, caminos, garajes o hogar.<\/p>\n","protected":false},"featured_media":17605,"comment_status":"closed","ping_status":"closed","template":"","meta":[],"product_brand":[2223],"product_cat":[395],"product_tag":[],"class_list":{"0":"post-17608","1":"product","2":"type-product","3":"status-publish","4":"has-post-thumbnail","6":"product_brand-neudorff-es","7":"product_cat-biocidas-es","9":"first","10":"instock","11":"taxable","12":"shipping-taxable","13":"purchasable","14":"product-type-simple"},"yoast_head":"<!-- This site is optimized with the Yoast SEO plugin v27.3 - https:\/\/yoast.com\/product\/yoast-seo-wordpress\/ -->\n<title>Neudorff Loxiran Spray Antihormigas | SAIGA<\/title>\n<meta name=\"description\" content=\"Loxiran Spray Antihormigas de Neudorff: eliminaci\u00f3n r\u00e1pida y natural de hormigas en interior y exterior. Insecticida de origen vegetal, seguro y eficaz.\" \/>\n<meta name=\"robots\" content=\"index, follow, max-snippet:-1, max-image-preview:large, max-video-preview:-1\" \/>\n<link rel=\"canonical\" href=\"https:\/\/saiga.es\/es\/producto\/neudorff-loxiran-spray-antihormigas\/\" \/>\n<meta property=\"og:locale\" content=\"es_ES\" \/>\n<meta property=\"og:type\" content=\"article\" \/>\n<meta property=\"og:title\" content=\"Neudorff Loxiran Spray Antihormigas | SAIGA\" \/>\n<meta property=\"og:description\" content=\"Loxiran Spray Antihormigas de Neudorff: eliminaci\u00f3n r\u00e1pida y natural de hormigas en interior y exterior. Insecticida de origen vegetal, seguro y eficaz.\" \/>\n<meta property=\"og:url\" content=\"https:\/\/saiga.es\/es\/producto\/neudorff-loxiran-spray-antihormigas\/\" \/>\n<meta property=\"og:site_name\" content=\"SAIGA\" \/>\n<meta property=\"article:modified_time\" content=\"2025-12-09T14:15:02+00:00\" \/>\n<meta property=\"og:image\" content=\"https:\/\/saiga.es\/wp-content\/uploads\/2024\/06\/Spray-antihormigas-Loxiran.jpg\" \/>\n\t<meta property=\"og:image:width\" content=\"1080\" \/>\n\t<meta property=\"og:image:height\" content=\"1080\" \/>\n\t<meta property=\"og:image:type\" content=\"image\/jpeg\" \/>\n<meta name=\"twitter:card\" content=\"summary_large_image\" \/>\n<meta name=\"twitter:site\" content=\"@saiga_agro\" \/>\n<meta name=\"twitter:label1\" content=\"Tiempo de lectura\" \/>\n\t<meta name=\"twitter:data1\" content=\"1 minuto\" \/>\n<script type=\"application\/ld+json\" class=\"yoast-schema-graph\">{\"@context\":\"https:\\\/\\\/schema.org\",\"@graph\":[{\"@type\":\"WebPage\",\"@id\":\"https:\\\/\\\/saiga.es\\\/es\\\/producto\\\/neudorff-loxiran-spray-antihormigas\\\/\",\"url\":\"https:\\\/\\\/saiga.es\\\/es\\\/producto\\\/neudorff-loxiran-spray-antihormigas\\\/\",\"name\":\"Neudorff Loxiran Spray Antihormigas | SAIGA\",\"isPartOf\":{\"@id\":\"https:\\\/\\\/saiga.es\\\/es\\\/#website\"},\"primaryImageOfPage\":{\"@id\":\"https:\\\/\\\/saiga.es\\\/es\\\/producto\\\/neudorff-loxiran-spray-antihormigas\\\/#primaryimage\"},\"image\":{\"@id\":\"https:\\\/\\\/saiga.es\\\/es\\\/producto\\\/neudorff-loxiran-spray-antihormigas\\\/#primaryimage\"},\"thumbnailUrl\":\"https:\\\/\\\/saiga.es\\\/wp-content\\\/uploads\\\/2024\\\/06\\\/Spray-antihormigas-Loxiran.jpg\",\"datePublished\":\"2024-06-12T15:30:42+00:00\",\"dateModified\":\"2025-12-09T14:15:02+00:00\",\"description\":\"Loxiran Spray Antihormigas de Neudorff: eliminaci\u00f3n r\u00e1pida y natural de hormigas en interior y exterior. Insecticida de origen vegetal, seguro y eficaz.\",\"breadcrumb\":{\"@id\":\"https:\\\/\\\/saiga.es\\\/es\\\/producto\\\/neudorff-loxiran-spray-antihormigas\\\/#breadcrumb\"},\"inLanguage\":\"es\",\"potentialAction\":[{\"@type\":\"ReadAction\",\"target\":[\"https:\\\/\\\/saiga.es\\\/es\\\/producto\\\/neudorff-loxiran-spray-antihormigas\\\/\"]}]},{\"@type\":\"ImageObject\",\"inLanguage\":\"es\",\"@id\":\"https:\\\/\\\/saiga.es\\\/es\\\/producto\\\/neudorff-loxiran-spray-antihormigas\\\/#primaryimage\",\"url\":\"https:\\\/\\\/saiga.es\\\/wp-content\\\/uploads\\\/2024\\\/06\\\/Spray-antihormigas-Loxiran.jpg\",\"contentUrl\":\"https:\\\/\\\/saiga.es\\\/wp-content\\\/uploads\\\/2024\\\/06\\\/Spray-antihormigas-Loxiran.jpg\",\"width\":1080,\"height\":1080,\"caption\":\"El Neudorff Loxiran Spray Antihormigas\"},{\"@type\":\"BreadcrumbList\",\"@id\":\"https:\\\/\\\/saiga.es\\\/es\\\/producto\\\/neudorff-loxiran-spray-antihormigas\\\/#breadcrumb\",\"itemListElement\":[{\"@type\":\"ListItem\",\"position\":1,\"name\":\"Inici\",\"item\":\"https:\\\/\\\/saiga.es\\\/es\\\/\"},{\"@type\":\"ListItem\",\"position\":2,\"name\":\"Tienda\",\"item\":\"https:\\\/\\\/saiga.es\\\/es\\\/tienda\\\/\"},{\"@type\":\"ListItem\",\"position\":3,\"name\":\"Neudorff Loxiran Spray Antihormigas\"}]},{\"@type\":\"WebSite\",\"@id\":\"https:\\\/\\\/saiga.es\\\/es\\\/#website\",\"url\":\"https:\\\/\\\/saiga.es\\\/es\\\/\",\"name\":\"SAIGA\",\"description\":\"M\u00e9s de 50 anys al servei de la terra i treballant per a un \u00fas eficient de l\u2019aigua!\",\"publisher\":{\"@id\":\"https:\\\/\\\/saiga.es\\\/es\\\/#organization\"},\"potentialAction\":[{\"@type\":\"SearchAction\",\"target\":{\"@type\":\"EntryPoint\",\"urlTemplate\":\"https:\\\/\\\/saiga.es\\\/es\\\/?s={search_term_string}\"},\"query-input\":{\"@type\":\"PropertyValueSpecification\",\"valueRequired\":true,\"valueName\":\"search_term_string\"}}],\"inLanguage\":\"es\"},{\"@type\":\"Organization\",\"@id\":\"https:\\\/\\\/saiga.es\\\/es\\\/#organization\",\"name\":\"SAIGA\",\"url\":\"https:\\\/\\\/saiga.es\\\/es\\\/\",\"logo\":{\"@type\":\"ImageObject\",\"inLanguage\":\"es\",\"@id\":\"https:\\\/\\\/saiga.es\\\/es\\\/#\\\/schema\\\/logo\\\/image\\\/\",\"url\":\"https:\\\/\\\/saiga.es\\\/wp-content\\\/uploads\\\/2025\\\/07\\\/logo_saiga_baseline_optimitzat.svg\",\"contentUrl\":\"https:\\\/\\\/saiga.es\\\/wp-content\\\/uploads\\\/2025\\\/07\\\/logo_saiga_baseline_optimitzat.svg\",\"caption\":\"SAIGA\"},\"image\":{\"@id\":\"https:\\\/\\\/saiga.es\\\/es\\\/#\\\/schema\\\/logo\\\/image\\\/\"},\"sameAs\":[\"https:\\\/\\\/x.com\\\/saiga_agro\",\"https:\\\/\\\/www.instagram.com\\\/saiga_agro\\\/\"]}]}<\/script>\n<!-- \/ Yoast SEO plugin. -->","yoast_head_json":{"title":"Neudorff Loxiran Spray Antihormigas | SAIGA","description":"Loxiran Spray Antihormigas de Neudorff: eliminaci\u00f3n r\u00e1pida y natural de hormigas en interior y exterior. Insecticida de origen vegetal, seguro y eficaz.","robots":{"index":"index","follow":"follow","max-snippet":"max-snippet:-1","max-image-preview":"max-image-preview:large","max-video-preview":"max-video-preview:-1"},"canonical":"https:\/\/saiga.es\/es\/producto\/neudorff-loxiran-spray-antihormigas\/","og_locale":"es_ES","og_type":"article","og_title":"Neudorff Loxiran Spray Antihormigas | SAIGA","og_description":"Loxiran Spray Antihormigas de Neudorff: eliminaci\u00f3n r\u00e1pida y natural de hormigas en interior y exterior. Insecticida de origen vegetal, seguro y eficaz.","og_url":"https:\/\/saiga.es\/es\/producto\/neudorff-loxiran-spray-antihormigas\/","og_site_name":"SAIGA","article_modified_time":"2025-12-09T14:15:02+00:00","og_image":[{"width":1080,"height":1080,"url":"https:\/\/saiga.es\/wp-content\/uploads\/2024\/06\/Spray-antihormigas-Loxiran.jpg","type":"image\/jpeg"}],"twitter_card":"summary_large_image","twitter_site":"@saiga_agro","twitter_misc":{"Tiempo de lectura":"1 minuto"},"schema":{"@context":"https:\/\/schema.org","@graph":[{"@type":"WebPage","@id":"https:\/\/saiga.es\/es\/producto\/neudorff-loxiran-spray-antihormigas\/","url":"https:\/\/saiga.es\/es\/producto\/neudorff-loxiran-spray-antihormigas\/","name":"Neudorff Loxiran Spray Antihormigas | SAIGA","isPartOf":{"@id":"https:\/\/saiga.es\/es\/#website"},"primaryImageOfPage":{"@id":"https:\/\/saiga.es\/es\/producto\/neudorff-loxiran-spray-antihormigas\/#primaryimage"},"image":{"@id":"https:\/\/saiga.es\/es\/producto\/neudorff-loxiran-spray-antihormigas\/#primaryimage"},"thumbnailUrl":"https:\/\/saiga.es\/wp-content\/uploads\/2024\/06\/Spray-antihormigas-Loxiran.jpg","datePublished":"2024-06-12T15:30:42+00:00","dateModified":"2025-12-09T14:15:02+00:00","description":"Loxiran Spray Antihormigas de Neudorff: eliminaci\u00f3n r\u00e1pida y natural de hormigas en interior y exterior. Insecticida de origen vegetal, seguro y eficaz.","breadcrumb":{"@id":"https:\/\/saiga.es\/es\/producto\/neudorff-loxiran-spray-antihormigas\/#breadcrumb"},"inLanguage":"es","potentialAction":[{"@type":"ReadAction","target":["https:\/\/saiga.es\/es\/producto\/neudorff-loxiran-spray-antihormigas\/"]}]},{"@type":"ImageObject","inLanguage":"es","@id":"https:\/\/saiga.es\/es\/producto\/neudorff-loxiran-spray-antihormigas\/#primaryimage","url":"https:\/\/saiga.es\/wp-content\/uploads\/2024\/06\/Spray-antihormigas-Loxiran.jpg","contentUrl":"https:\/\/saiga.es\/wp-content\/uploads\/2024\/06\/Spray-antihormigas-Loxiran.jpg","width":1080,"height":1080,"caption":"El Neudorff Loxiran Spray Antihormigas"},{"@type":"BreadcrumbList","@id":"https:\/\/saiga.es\/es\/producto\/neudorff-loxiran-spray-antihormigas\/#breadcrumb","itemListElement":[{"@type":"ListItem","position":1,"name":"Inici","item":"https:\/\/saiga.es\/es\/"},{"@type":"ListItem","position":2,"name":"Tienda","item":"https:\/\/saiga.es\/es\/tienda\/"},{"@type":"ListItem","position":3,"name":"Neudorff Loxiran Spray Antihormigas"}]},{"@type":"WebSite","@id":"https:\/\/saiga.es\/es\/#website","url":"https:\/\/saiga.es\/es\/","name":"SAIGA","description":"M\u00e9s de 50 anys al servei de la terra i treballant per a un \u00fas eficient de l\u2019aigua!","publisher":{"@id":"https:\/\/saiga.es\/es\/#organization"},"potentialAction":[{"@type":"SearchAction","target":{"@type":"EntryPoint","urlTemplate":"https:\/\/saiga.es\/es\/?s={search_term_string}"},"query-input":{"@type":"PropertyValueSpecification","valueRequired":true,"valueName":"search_term_string"}}],"inLanguage":"es"},{"@type":"Organization","@id":"https:\/\/saiga.es\/es\/#organization","name":"SAIGA","url":"https:\/\/saiga.es\/es\/","logo":{"@type":"ImageObject","inLanguage":"es","@id":"https:\/\/saiga.es\/es\/#\/schema\/logo\/image\/","url":"https:\/\/saiga.es\/wp-content\/uploads\/2025\/07\/logo_saiga_baseline_optimitzat.svg","contentUrl":"https:\/\/saiga.es\/wp-content\/uploads\/2025\/07\/logo_saiga_baseline_optimitzat.svg","caption":"SAIGA"},"image":{"@id":"https:\/\/saiga.es\/es\/#\/schema\/logo\/image\/"},"sameAs":["https:\/\/x.com\/saiga_agro","https:\/\/www.instagram.com\/saiga_agro\/"]}]}},"_links":{"self":[{"href":"https:\/\/saiga.es\/es\/wp-json\/wp\/v2\/product\/17608","targetHints":{"allow":["GET"]}}],"collection":[{"href":"https:\/\/saiga.es\/es\/wp-json\/wp\/v2\/product"}],"about":[{"href":"https:\/\/saiga.es\/es\/wp-json\/wp\/v2\/types\/product"}],"replies":[{"embeddable":true,"href":"https:\/\/saiga.es\/es\/wp-json\/wp\/v2\/comments?post=17608"}],"wp:featuredmedia":[{"embeddable":true,"href":"https:\/\/saiga.es\/es\/wp-json\/wp\/v2\/media\/17605"}],"wp:attachment":[{"href":"https:\/\/saiga.es\/es\/wp-json\/wp\/v2\/media?parent=17608"}],"wp:term":[{"taxonomy":"product_brand","embeddable":true,"href":"https:\/\/saiga.es\/es\/wp-json\/wp\/v2\/product_brand?post=17608"},{"taxonomy":"product_cat","embeddable":true,"href":"https:\/\/saiga.es\/es\/wp-json\/wp\/v2\/product_cat?post=17608"},{"taxonomy":"product_tag","embeddable":true,"href":"https:\/\/saiga.es\/es\/wp-json\/wp\/v2\/product_tag?post=17608"}],"curies":[{"name":"wp","href":"https:\/\/api.w.org\/{rel}","templated":true}]}}