{"id":17632,"date":"2025-12-05T13:09:23","date_gmt":"2025-12-05T13:09:23","guid":{"rendered":"https:\/\/saiga.es\/producte\/quelato-de-hierro\/"},"modified":"2025-12-05T13:09:23","modified_gmt":"2025-12-05T13:09:23","slug":"quelato-de-hierro","status":"publish","type":"product","link":"https:\/\/saiga.es\/es\/producto\/quelato-de-hierro\/","title":{"rendered":"Quelato de hierro"},"content":{"rendered":"<p>VITHAL Quelato de Hierro Nitrosphere es un corrector microgranulado de hierro dirigido a combatir la clorosis f\u00e9rrica causada por la carencia de hierro asimilable al suelo.<\/p>\n<p>Su f\u00f3rmula basa el elemento hierro quelatado mediante EDDHA. Garantizado un efecto de respuesta r\u00e1pida que promueve un verde intenso y visible en sus hojas. <\/p>\n<p>Contiene un 6% de hierro (Fe), y su formato microgranulado facilita la aplicaci\u00f3n directa al suelo o en mezcla con agua, permitiendo la r\u00e1pida asimilaci\u00f3n por las ra\u00edces sin necesidad de tratamientos complicados.<\/p>\n<p>El Quelato de hierro es ideal para todo tipo de cultivos \u2013 c\u00edtricos, \u00e1rboles frutales, hort\u00edcolas, ornamentales \u2013 y especialmente recomendado en suelos calc\u00e1reos o pobres en hierro disponible, donde la deficiencia provoca hojas amarillentas u hojas p\u00e1lidas.<\/p>\n<h3>Principales beneficios<\/h3>\n<ul>\n<li>Correcci\u00f3n r\u00e1pida de la clorosis f\u00e9rrica y recuperaci\u00f3n del verde natural de hojas.<\/li>\n<li>Hierro quelatado de alta disponibilidad para plantas &#8211; alta eficacia y asimilaci\u00f3n nada dependiendo del pH del suelo.<\/li>\n<li>Aplicaci\u00f3n sencilla: microgranulado, f\u00e1cil de mezclar o aplicar directamente en el suelo.<\/li>\n<li>\u00datil para una gran variedad de cultivos: frutales, hortalizas, ornamentales, c\u00edtricos\u2026<\/li>\n<\/ul>\n","protected":false},"excerpt":{"rendered":"<p>VITHAL Quelato de Hierro Nitrosphere es un corrector microgranulado de hierro dirigido a combatir la clorosis f\u00e9rrica causada por la carencia de hierro asimilable al suelo.<\/p>\n","protected":false},"featured_media":17594,"comment_status":"closed","ping_status":"closed","template":"","meta":[],"product_brand":[],"product_cat":[1879,389,1899],"product_tag":[],"class_list":{"0":"post-17632","1":"product","2":"type-product","3":"status-publish","4":"has-post-thumbnail","6":"product_cat-frutales","7":"product_cat-huerto","8":"product_cat-plantas-ornamentales","10":"first","11":"instock","12":"taxable","13":"shipping-taxable","14":"purchasable","15":"product-type-simple"},"yoast_head":"<!-- This site is optimized with the Yoast SEO plugin v27.6 - https:\/\/yoast.com\/product\/yoast-seo-wordpress\/ -->\n<title>Quelato de hierro | SAIGA<\/title>\n<meta name=\"description\" content=\"VITHAL Quelato de Hierro corrector de hierro para evitar la clorosis f\u00e9rrica. Recupera el verde de las hojas en c\u00edtricos, frutales, hort\u00edcolas y ornamentales.\" \/>\n<meta name=\"robots\" content=\"index, follow, max-snippet:-1, max-image-preview:large, max-video-preview:-1\" \/>\n<link rel=\"canonical\" href=\"https:\/\/saiga.es\/es\/producto\/quelato-de-hierro\/\" \/>\n<meta property=\"og:locale\" content=\"es_ES\" \/>\n<meta property=\"og:type\" content=\"article\" \/>\n<meta property=\"og:title\" content=\"Quelato de hierro | SAIGA\" \/>\n<meta property=\"og:description\" content=\"VITHAL Quelato de Hierro corrector de hierro para evitar la clorosis f\u00e9rrica. Recupera el verde de las hojas en c\u00edtricos, frutales, hort\u00edcolas y ornamentales.\" \/>\n<meta property=\"og:url\" content=\"https:\/\/saiga.es\/es\/producto\/quelato-de-hierro\/\" \/>\n<meta property=\"og:site_name\" content=\"SAIGA\" \/>\n<meta property=\"og:image\" content=\"https:\/\/saiga.es\/wp-content\/uploads\/2025\/12\/Quelato-de-hierro-Vithal.jpg\" \/>\n\t<meta property=\"og:image:width\" content=\"1080\" \/>\n\t<meta property=\"og:image:height\" content=\"1080\" \/>\n\t<meta property=\"og:image:type\" content=\"image\/jpeg\" \/>\n<meta name=\"twitter:card\" content=\"summary_large_image\" \/>\n<meta name=\"twitter:site\" content=\"@saiga_agro\" \/>\n<meta name=\"twitter:label1\" content=\"Tiempo de lectura\" \/>\n\t<meta name=\"twitter:data1\" content=\"1 minuto\" \/>\n<script type=\"application\/ld+json\" class=\"yoast-schema-graph\">{\"@context\":\"https:\\\/\\\/schema.org\",\"@graph\":[{\"@type\":\"WebPage\",\"@id\":\"https:\\\/\\\/saiga.es\\\/es\\\/producto\\\/quelato-de-hierro\\\/\",\"url\":\"https:\\\/\\\/saiga.es\\\/es\\\/producto\\\/quelato-de-hierro\\\/\",\"name\":\"Quelato de hierro | SAIGA\",\"isPartOf\":{\"@id\":\"https:\\\/\\\/saiga.es\\\/es\\\/#website\"},\"primaryImageOfPage\":{\"@id\":\"https:\\\/\\\/saiga.es\\\/es\\\/producto\\\/quelato-de-hierro\\\/#primaryimage\"},\"image\":{\"@id\":\"https:\\\/\\\/saiga.es\\\/es\\\/producto\\\/quelato-de-hierro\\\/#primaryimage\"},\"thumbnailUrl\":\"https:\\\/\\\/saiga.es\\\/wp-content\\\/uploads\\\/2025\\\/12\\\/Quelato-de-hierro-Vithal.jpg\",\"datePublished\":\"2025-12-05T13:09:23+00:00\",\"description\":\"VITHAL Quelato de Hierro corrector de hierro para evitar la clorosis f\u00e9rrica. Recupera el verde de las hojas en c\u00edtricos, frutales, hort\u00edcolas y ornamentales.\",\"breadcrumb\":{\"@id\":\"https:\\\/\\\/saiga.es\\\/es\\\/producto\\\/quelato-de-hierro\\\/#breadcrumb\"},\"inLanguage\":\"es\",\"potentialAction\":[{\"@type\":\"ReadAction\",\"target\":[\"https:\\\/\\\/saiga.es\\\/es\\\/producto\\\/quelato-de-hierro\\\/\"]}]},{\"@type\":\"ImageObject\",\"inLanguage\":\"es\",\"@id\":\"https:\\\/\\\/saiga.es\\\/es\\\/producto\\\/quelato-de-hierro\\\/#primaryimage\",\"url\":\"https:\\\/\\\/saiga.es\\\/wp-content\\\/uploads\\\/2025\\\/12\\\/Quelato-de-hierro-Vithal.jpg\",\"contentUrl\":\"https:\\\/\\\/saiga.es\\\/wp-content\\\/uploads\\\/2025\\\/12\\\/Quelato-de-hierro-Vithal.jpg\",\"width\":1080,\"height\":1080,\"caption\":\"Quelat de Hierro de Vithal\"},{\"@type\":\"BreadcrumbList\",\"@id\":\"https:\\\/\\\/saiga.es\\\/es\\\/producto\\\/quelato-de-hierro\\\/#breadcrumb\",\"itemListElement\":[{\"@type\":\"ListItem\",\"position\":1,\"name\":\"Inici\",\"item\":\"https:\\\/\\\/saiga.es\\\/es\\\/\"},{\"@type\":\"ListItem\",\"position\":2,\"name\":\"Tienda\",\"item\":\"https:\\\/\\\/saiga.es\\\/es\\\/tienda\\\/\"},{\"@type\":\"ListItem\",\"position\":3,\"name\":\"Quelato de hierro\"}]},{\"@type\":\"WebSite\",\"@id\":\"https:\\\/\\\/saiga.es\\\/es\\\/#website\",\"url\":\"https:\\\/\\\/saiga.es\\\/es\\\/\",\"name\":\"SAIGA\",\"description\":\"M\u00e9s de 50 anys al servei de la terra i treballant per a un \u00fas eficient de l\u2019aigua!\",\"publisher\":{\"@id\":\"https:\\\/\\\/saiga.es\\\/es\\\/#organization\"},\"potentialAction\":[{\"@type\":\"SearchAction\",\"target\":{\"@type\":\"EntryPoint\",\"urlTemplate\":\"https:\\\/\\\/saiga.es\\\/es\\\/?s={search_term_string}\"},\"query-input\":{\"@type\":\"PropertyValueSpecification\",\"valueRequired\":true,\"valueName\":\"search_term_string\"}}],\"inLanguage\":\"es\"},{\"@type\":\"Organization\",\"@id\":\"https:\\\/\\\/saiga.es\\\/es\\\/#organization\",\"name\":\"SAIGA\",\"url\":\"https:\\\/\\\/saiga.es\\\/es\\\/\",\"logo\":{\"@type\":\"ImageObject\",\"inLanguage\":\"es\",\"@id\":\"https:\\\/\\\/saiga.es\\\/es\\\/#\\\/schema\\\/logo\\\/image\\\/\",\"url\":\"https:\\\/\\\/saiga.es\\\/wp-content\\\/uploads\\\/2025\\\/07\\\/logo_saiga_baseline_optimitzat.svg\",\"contentUrl\":\"https:\\\/\\\/saiga.es\\\/wp-content\\\/uploads\\\/2025\\\/07\\\/logo_saiga_baseline_optimitzat.svg\",\"caption\":\"SAIGA\"},\"image\":{\"@id\":\"https:\\\/\\\/saiga.es\\\/es\\\/#\\\/schema\\\/logo\\\/image\\\/\"},\"sameAs\":[\"https:\\\/\\\/x.com\\\/saiga_agro\",\"https:\\\/\\\/www.instagram.com\\\/saiga_agro\\\/\"]}]}<\/script>\n<!-- \/ Yoast SEO plugin. -->","yoast_head_json":{"title":"Quelato de hierro | SAIGA","description":"VITHAL Quelato de Hierro corrector de hierro para evitar la clorosis f\u00e9rrica. Recupera el verde de las hojas en c\u00edtricos, frutales, hort\u00edcolas y ornamentales.","robots":{"index":"index","follow":"follow","max-snippet":"max-snippet:-1","max-image-preview":"max-image-preview:large","max-video-preview":"max-video-preview:-1"},"canonical":"https:\/\/saiga.es\/es\/producto\/quelato-de-hierro\/","og_locale":"es_ES","og_type":"article","og_title":"Quelato de hierro | SAIGA","og_description":"VITHAL Quelato de Hierro corrector de hierro para evitar la clorosis f\u00e9rrica. Recupera el verde de las hojas en c\u00edtricos, frutales, hort\u00edcolas y ornamentales.","og_url":"https:\/\/saiga.es\/es\/producto\/quelato-de-hierro\/","og_site_name":"SAIGA","og_image":[{"width":1080,"height":1080,"url":"https:\/\/saiga.es\/wp-content\/uploads\/2025\/12\/Quelato-de-hierro-Vithal.jpg","type":"image\/jpeg"}],"twitter_card":"summary_large_image","twitter_site":"@saiga_agro","twitter_misc":{"Tiempo de lectura":"1 minuto"},"schema":{"@context":"https:\/\/schema.org","@graph":[{"@type":"WebPage","@id":"https:\/\/saiga.es\/es\/producto\/quelato-de-hierro\/","url":"https:\/\/saiga.es\/es\/producto\/quelato-de-hierro\/","name":"Quelato de hierro | SAIGA","isPartOf":{"@id":"https:\/\/saiga.es\/es\/#website"},"primaryImageOfPage":{"@id":"https:\/\/saiga.es\/es\/producto\/quelato-de-hierro\/#primaryimage"},"image":{"@id":"https:\/\/saiga.es\/es\/producto\/quelato-de-hierro\/#primaryimage"},"thumbnailUrl":"https:\/\/saiga.es\/wp-content\/uploads\/2025\/12\/Quelato-de-hierro-Vithal.jpg","datePublished":"2025-12-05T13:09:23+00:00","description":"VITHAL Quelato de Hierro corrector de hierro para evitar la clorosis f\u00e9rrica. Recupera el verde de las hojas en c\u00edtricos, frutales, hort\u00edcolas y ornamentales.","breadcrumb":{"@id":"https:\/\/saiga.es\/es\/producto\/quelato-de-hierro\/#breadcrumb"},"inLanguage":"es","potentialAction":[{"@type":"ReadAction","target":["https:\/\/saiga.es\/es\/producto\/quelato-de-hierro\/"]}]},{"@type":"ImageObject","inLanguage":"es","@id":"https:\/\/saiga.es\/es\/producto\/quelato-de-hierro\/#primaryimage","url":"https:\/\/saiga.es\/wp-content\/uploads\/2025\/12\/Quelato-de-hierro-Vithal.jpg","contentUrl":"https:\/\/saiga.es\/wp-content\/uploads\/2025\/12\/Quelato-de-hierro-Vithal.jpg","width":1080,"height":1080,"caption":"Quelat de Hierro de Vithal"},{"@type":"BreadcrumbList","@id":"https:\/\/saiga.es\/es\/producto\/quelato-de-hierro\/#breadcrumb","itemListElement":[{"@type":"ListItem","position":1,"name":"Inici","item":"https:\/\/saiga.es\/es\/"},{"@type":"ListItem","position":2,"name":"Tienda","item":"https:\/\/saiga.es\/es\/tienda\/"},{"@type":"ListItem","position":3,"name":"Quelato de hierro"}]},{"@type":"WebSite","@id":"https:\/\/saiga.es\/es\/#website","url":"https:\/\/saiga.es\/es\/","name":"SAIGA","description":"M\u00e9s de 50 anys al servei de la terra i treballant per a un \u00fas eficient de l\u2019aigua!","publisher":{"@id":"https:\/\/saiga.es\/es\/#organization"},"potentialAction":[{"@type":"SearchAction","target":{"@type":"EntryPoint","urlTemplate":"https:\/\/saiga.es\/es\/?s={search_term_string}"},"query-input":{"@type":"PropertyValueSpecification","valueRequired":true,"valueName":"search_term_string"}}],"inLanguage":"es"},{"@type":"Organization","@id":"https:\/\/saiga.es\/es\/#organization","name":"SAIGA","url":"https:\/\/saiga.es\/es\/","logo":{"@type":"ImageObject","inLanguage":"es","@id":"https:\/\/saiga.es\/es\/#\/schema\/logo\/image\/","url":"https:\/\/saiga.es\/wp-content\/uploads\/2025\/07\/logo_saiga_baseline_optimitzat.svg","contentUrl":"https:\/\/saiga.es\/wp-content\/uploads\/2025\/07\/logo_saiga_baseline_optimitzat.svg","caption":"SAIGA"},"image":{"@id":"https:\/\/saiga.es\/es\/#\/schema\/logo\/image\/"},"sameAs":["https:\/\/x.com\/saiga_agro","https:\/\/www.instagram.com\/saiga_agro\/"]}]}},"_links":{"self":[{"href":"https:\/\/saiga.es\/es\/wp-json\/wp\/v2\/product\/17632","targetHints":{"allow":["GET"]}}],"collection":[{"href":"https:\/\/saiga.es\/es\/wp-json\/wp\/v2\/product"}],"about":[{"href":"https:\/\/saiga.es\/es\/wp-json\/wp\/v2\/types\/product"}],"replies":[{"embeddable":true,"href":"https:\/\/saiga.es\/es\/wp-json\/wp\/v2\/comments?post=17632"}],"wp:featuredmedia":[{"embeddable":true,"href":"https:\/\/saiga.es\/es\/wp-json\/wp\/v2\/media\/17594"}],"wp:attachment":[{"href":"https:\/\/saiga.es\/es\/wp-json\/wp\/v2\/media?parent=17632"}],"wp:term":[{"taxonomy":"product_brand","embeddable":true,"href":"https:\/\/saiga.es\/es\/wp-json\/wp\/v2\/product_brand?post=17632"},{"taxonomy":"product_cat","embeddable":true,"href":"https:\/\/saiga.es\/es\/wp-json\/wp\/v2\/product_cat?post=17632"},{"taxonomy":"product_tag","embeddable":true,"href":"https:\/\/saiga.es\/es\/wp-json\/wp\/v2\/product_tag?post=17632"}],"curies":[{"name":"wp","href":"https:\/\/api.w.org\/{rel}","templated":true}]}}