{"id":17647,"date":"2025-05-06T10:57:18","date_gmt":"2025-05-06T10:57:18","guid":{"rendered":"https:\/\/saiga.es\/producte\/plantadora-hortalizas-reforzada\/"},"modified":"2025-05-06T10:57:18","modified_gmt":"2025-05-06T10:57:18","slug":"plantadora-hortalizas-reforzada","status":"publish","type":"product","link":"https:\/\/saiga.es\/es\/producto\/plantadora-hortalizas-reforzada\/","title":{"rendered":"Plantadora hortalizas reforzada"},"content":{"rendered":"<p>&nbsp;<\/p>\n<p>Plantadora Doble Mango con Punta Reforzada. Herramienta de jardiner\u00eda pr\u00e1ctica y resistente, dise\u00f1ada para facilitar la plantaci\u00f3n de bulbos, semillas o planteles en suelos duros o compactados. La plantadora doble mango ofrece un control \u00f3ptimo y una mayor comodidad gracias a sus dos mangos ergon\u00f3micos, que permiten aplicar bastante con precisi\u00f3n y sin esfuerzo excesivo.<x id=\"gid_0\"><\/x>La punta reforzada garantiza una penetraci\u00f3n f\u00e1cil en el suelo y una durabilidad superior, incluso en condiciones exigentes. Ideal para jardineros aficionados y profesionales que buscan una herramienta fiable, eficiente y c\u00f3moda.   <\/p>\n<p>&nbsp;<\/p>\n","protected":false},"excerpt":{"rendered":"<p>Herramienta de jardiner\u00eda pr\u00e1ctica y resistente, dise\u00f1ada para facilitar la plantaci\u00f3n de bulbos, semillas o planteles en suelos duros o compactados.<\/p>\n","protected":false},"featured_media":14732,"comment_status":"closed","ping_status":"closed","template":"","meta":[],"product_brand":[2244],"product_cat":[1638],"product_tag":[190,2336,2337],"class_list":{"0":"post-17647","1":"product","2":"type-product","3":"status-publish","4":"has-post-thumbnail","6":"product_brand-sirfran-es","7":"product_cat-otros","8":"product_tag-huerto-es-2","9":"product_tag-plantadora","10":"product_tag-plantel","12":"first","13":"instock","14":"taxable","15":"shipping-taxable","16":"purchasable","17":"product-type-simple"},"yoast_head":"<!-- This site is optimized with the Yoast SEO plugin v27.4 - https:\/\/yoast.com\/product\/yoast-seo-wordpress\/ -->\n<title>Plantadora hortalizas reforzada | SAIGA<\/title>\n<meta name=\"description\" content=\"Plantadora Doble Mango con Punta Reforzada. Herramienta de jardiner\u00eda pr\u00e1ctica y resistente, dise\u00f1ada para facilitar la plantaci\u00f3n de bulbos, semillas o planteles en suelos duros o compactados.\" \/>\n<meta name=\"robots\" content=\"index, follow, max-snippet:-1, max-image-preview:large, max-video-preview:-1\" \/>\n<link rel=\"canonical\" href=\"https:\/\/saiga.es\/es\/producto\/plantadora-hortalizas-reforzada\/\" \/>\n<meta property=\"og:locale\" content=\"es_ES\" \/>\n<meta property=\"og:type\" content=\"article\" \/>\n<meta property=\"og:title\" content=\"Plantadora hortalizas reforzada | SAIGA\" \/>\n<meta property=\"og:description\" content=\"Plantadora Doble Mango con Punta Reforzada. Herramienta de jardiner\u00eda pr\u00e1ctica y resistente, dise\u00f1ada para facilitar la plantaci\u00f3n de bulbos, semillas o planteles en suelos duros o compactados.\" \/>\n<meta property=\"og:url\" content=\"https:\/\/saiga.es\/es\/producto\/plantadora-hortalizas-reforzada\/\" \/>\n<meta property=\"og:site_name\" content=\"SAIGA\" \/>\n<meta property=\"og:image\" content=\"https:\/\/saiga.es\/wp-content\/uploads\/2025\/05\/Plantadora-Sirfran.jpg\" \/>\n\t<meta property=\"og:image:width\" content=\"1080\" \/>\n\t<meta property=\"og:image:height\" content=\"1080\" \/>\n\t<meta property=\"og:image:type\" content=\"image\/jpeg\" \/>\n<meta name=\"twitter:card\" content=\"summary_large_image\" \/>\n<meta name=\"twitter:site\" content=\"@saiga_agro\" \/>\n<script type=\"application\/ld+json\" class=\"yoast-schema-graph\">{\"@context\":\"https:\\\/\\\/schema.org\",\"@graph\":[{\"@type\":\"WebPage\",\"@id\":\"https:\\\/\\\/saiga.es\\\/es\\\/producto\\\/plantadora-hortalizas-reforzada\\\/\",\"url\":\"https:\\\/\\\/saiga.es\\\/es\\\/producto\\\/plantadora-hortalizas-reforzada\\\/\",\"name\":\"Plantadora hortalizas reforzada | SAIGA\",\"isPartOf\":{\"@id\":\"https:\\\/\\\/saiga.es\\\/es\\\/#website\"},\"primaryImageOfPage\":{\"@id\":\"https:\\\/\\\/saiga.es\\\/es\\\/producto\\\/plantadora-hortalizas-reforzada\\\/#primaryimage\"},\"image\":{\"@id\":\"https:\\\/\\\/saiga.es\\\/es\\\/producto\\\/plantadora-hortalizas-reforzada\\\/#primaryimage\"},\"thumbnailUrl\":\"https:\\\/\\\/saiga.es\\\/wp-content\\\/uploads\\\/2025\\\/05\\\/Plantadora-Sirfran.jpg\",\"datePublished\":\"2025-05-06T10:57:18+00:00\",\"description\":\"Plantadora Doble Mango con Punta Reforzada. Herramienta de jardiner\u00eda pr\u00e1ctica y resistente, dise\u00f1ada para facilitar la plantaci\u00f3n de bulbos, semillas o planteles en suelos duros o compactados.\",\"breadcrumb\":{\"@id\":\"https:\\\/\\\/saiga.es\\\/es\\\/producto\\\/plantadora-hortalizas-reforzada\\\/#breadcrumb\"},\"inLanguage\":\"es\",\"potentialAction\":[{\"@type\":\"ReadAction\",\"target\":[\"https:\\\/\\\/saiga.es\\\/es\\\/producto\\\/plantadora-hortalizas-reforzada\\\/\"]}]},{\"@type\":\"ImageObject\",\"inLanguage\":\"es\",\"@id\":\"https:\\\/\\\/saiga.es\\\/es\\\/producto\\\/plantadora-hortalizas-reforzada\\\/#primaryimage\",\"url\":\"https:\\\/\\\/saiga.es\\\/wp-content\\\/uploads\\\/2025\\\/05\\\/Plantadora-Sirfran.jpg\",\"contentUrl\":\"https:\\\/\\\/saiga.es\\\/wp-content\\\/uploads\\\/2025\\\/05\\\/Plantadora-Sirfran.jpg\",\"width\":1080,\"height\":1080,\"caption\":\"Plantadora Sirfran\"},{\"@type\":\"BreadcrumbList\",\"@id\":\"https:\\\/\\\/saiga.es\\\/es\\\/producto\\\/plantadora-hortalizas-reforzada\\\/#breadcrumb\",\"itemListElement\":[{\"@type\":\"ListItem\",\"position\":1,\"name\":\"Inici\",\"item\":\"https:\\\/\\\/saiga.es\\\/es\\\/\"},{\"@type\":\"ListItem\",\"position\":2,\"name\":\"Tienda\",\"item\":\"https:\\\/\\\/saiga.es\\\/es\\\/tienda\\\/\"},{\"@type\":\"ListItem\",\"position\":3,\"name\":\"Plantadora hortalizas reforzada\"}]},{\"@type\":\"WebSite\",\"@id\":\"https:\\\/\\\/saiga.es\\\/es\\\/#website\",\"url\":\"https:\\\/\\\/saiga.es\\\/es\\\/\",\"name\":\"SAIGA\",\"description\":\"M\u00e9s de 50 anys al servei de la terra i treballant per a un \u00fas eficient de l\u2019aigua!\",\"publisher\":{\"@id\":\"https:\\\/\\\/saiga.es\\\/es\\\/#organization\"},\"potentialAction\":[{\"@type\":\"SearchAction\",\"target\":{\"@type\":\"EntryPoint\",\"urlTemplate\":\"https:\\\/\\\/saiga.es\\\/es\\\/?s={search_term_string}\"},\"query-input\":{\"@type\":\"PropertyValueSpecification\",\"valueRequired\":true,\"valueName\":\"search_term_string\"}}],\"inLanguage\":\"es\"},{\"@type\":\"Organization\",\"@id\":\"https:\\\/\\\/saiga.es\\\/es\\\/#organization\",\"name\":\"SAIGA\",\"url\":\"https:\\\/\\\/saiga.es\\\/es\\\/\",\"logo\":{\"@type\":\"ImageObject\",\"inLanguage\":\"es\",\"@id\":\"https:\\\/\\\/saiga.es\\\/es\\\/#\\\/schema\\\/logo\\\/image\\\/\",\"url\":\"https:\\\/\\\/saiga.es\\\/wp-content\\\/uploads\\\/2025\\\/07\\\/logo_saiga_baseline_optimitzat.svg\",\"contentUrl\":\"https:\\\/\\\/saiga.es\\\/wp-content\\\/uploads\\\/2025\\\/07\\\/logo_saiga_baseline_optimitzat.svg\",\"caption\":\"SAIGA\"},\"image\":{\"@id\":\"https:\\\/\\\/saiga.es\\\/es\\\/#\\\/schema\\\/logo\\\/image\\\/\"},\"sameAs\":[\"https:\\\/\\\/x.com\\\/saiga_agro\",\"https:\\\/\\\/www.instagram.com\\\/saiga_agro\\\/\"]}]}<\/script>\n<!-- \/ Yoast SEO plugin. -->","yoast_head_json":{"title":"Plantadora hortalizas reforzada | SAIGA","description":"Plantadora Doble Mango con Punta Reforzada. Herramienta de jardiner\u00eda pr\u00e1ctica y resistente, dise\u00f1ada para facilitar la plantaci\u00f3n de bulbos, semillas o planteles en suelos duros o compactados.","robots":{"index":"index","follow":"follow","max-snippet":"max-snippet:-1","max-image-preview":"max-image-preview:large","max-video-preview":"max-video-preview:-1"},"canonical":"https:\/\/saiga.es\/es\/producto\/plantadora-hortalizas-reforzada\/","og_locale":"es_ES","og_type":"article","og_title":"Plantadora hortalizas reforzada | SAIGA","og_description":"Plantadora Doble Mango con Punta Reforzada. Herramienta de jardiner\u00eda pr\u00e1ctica y resistente, dise\u00f1ada para facilitar la plantaci\u00f3n de bulbos, semillas o planteles en suelos duros o compactados.","og_url":"https:\/\/saiga.es\/es\/producto\/plantadora-hortalizas-reforzada\/","og_site_name":"SAIGA","og_image":[{"width":1080,"height":1080,"url":"https:\/\/saiga.es\/wp-content\/uploads\/2025\/05\/Plantadora-Sirfran.jpg","type":"image\/jpeg"}],"twitter_card":"summary_large_image","twitter_site":"@saiga_agro","schema":{"@context":"https:\/\/schema.org","@graph":[{"@type":"WebPage","@id":"https:\/\/saiga.es\/es\/producto\/plantadora-hortalizas-reforzada\/","url":"https:\/\/saiga.es\/es\/producto\/plantadora-hortalizas-reforzada\/","name":"Plantadora hortalizas reforzada | SAIGA","isPartOf":{"@id":"https:\/\/saiga.es\/es\/#website"},"primaryImageOfPage":{"@id":"https:\/\/saiga.es\/es\/producto\/plantadora-hortalizas-reforzada\/#primaryimage"},"image":{"@id":"https:\/\/saiga.es\/es\/producto\/plantadora-hortalizas-reforzada\/#primaryimage"},"thumbnailUrl":"https:\/\/saiga.es\/wp-content\/uploads\/2025\/05\/Plantadora-Sirfran.jpg","datePublished":"2025-05-06T10:57:18+00:00","description":"Plantadora Doble Mango con Punta Reforzada. Herramienta de jardiner\u00eda pr\u00e1ctica y resistente, dise\u00f1ada para facilitar la plantaci\u00f3n de bulbos, semillas o planteles en suelos duros o compactados.","breadcrumb":{"@id":"https:\/\/saiga.es\/es\/producto\/plantadora-hortalizas-reforzada\/#breadcrumb"},"inLanguage":"es","potentialAction":[{"@type":"ReadAction","target":["https:\/\/saiga.es\/es\/producto\/plantadora-hortalizas-reforzada\/"]}]},{"@type":"ImageObject","inLanguage":"es","@id":"https:\/\/saiga.es\/es\/producto\/plantadora-hortalizas-reforzada\/#primaryimage","url":"https:\/\/saiga.es\/wp-content\/uploads\/2025\/05\/Plantadora-Sirfran.jpg","contentUrl":"https:\/\/saiga.es\/wp-content\/uploads\/2025\/05\/Plantadora-Sirfran.jpg","width":1080,"height":1080,"caption":"Plantadora Sirfran"},{"@type":"BreadcrumbList","@id":"https:\/\/saiga.es\/es\/producto\/plantadora-hortalizas-reforzada\/#breadcrumb","itemListElement":[{"@type":"ListItem","position":1,"name":"Inici","item":"https:\/\/saiga.es\/es\/"},{"@type":"ListItem","position":2,"name":"Tienda","item":"https:\/\/saiga.es\/es\/tienda\/"},{"@type":"ListItem","position":3,"name":"Plantadora hortalizas reforzada"}]},{"@type":"WebSite","@id":"https:\/\/saiga.es\/es\/#website","url":"https:\/\/saiga.es\/es\/","name":"SAIGA","description":"M\u00e9s de 50 anys al servei de la terra i treballant per a un \u00fas eficient de l\u2019aigua!","publisher":{"@id":"https:\/\/saiga.es\/es\/#organization"},"potentialAction":[{"@type":"SearchAction","target":{"@type":"EntryPoint","urlTemplate":"https:\/\/saiga.es\/es\/?s={search_term_string}"},"query-input":{"@type":"PropertyValueSpecification","valueRequired":true,"valueName":"search_term_string"}}],"inLanguage":"es"},{"@type":"Organization","@id":"https:\/\/saiga.es\/es\/#organization","name":"SAIGA","url":"https:\/\/saiga.es\/es\/","logo":{"@type":"ImageObject","inLanguage":"es","@id":"https:\/\/saiga.es\/es\/#\/schema\/logo\/image\/","url":"https:\/\/saiga.es\/wp-content\/uploads\/2025\/07\/logo_saiga_baseline_optimitzat.svg","contentUrl":"https:\/\/saiga.es\/wp-content\/uploads\/2025\/07\/logo_saiga_baseline_optimitzat.svg","caption":"SAIGA"},"image":{"@id":"https:\/\/saiga.es\/es\/#\/schema\/logo\/image\/"},"sameAs":["https:\/\/x.com\/saiga_agro","https:\/\/www.instagram.com\/saiga_agro\/"]}]}},"_links":{"self":[{"href":"https:\/\/saiga.es\/es\/wp-json\/wp\/v2\/product\/17647","targetHints":{"allow":["GET"]}}],"collection":[{"href":"https:\/\/saiga.es\/es\/wp-json\/wp\/v2\/product"}],"about":[{"href":"https:\/\/saiga.es\/es\/wp-json\/wp\/v2\/types\/product"}],"replies":[{"embeddable":true,"href":"https:\/\/saiga.es\/es\/wp-json\/wp\/v2\/comments?post=17647"}],"wp:featuredmedia":[{"embeddable":true,"href":"https:\/\/saiga.es\/es\/wp-json\/wp\/v2\/media\/14732"}],"wp:attachment":[{"href":"https:\/\/saiga.es\/es\/wp-json\/wp\/v2\/media?parent=17647"}],"wp:term":[{"taxonomy":"product_brand","embeddable":true,"href":"https:\/\/saiga.es\/es\/wp-json\/wp\/v2\/product_brand?post=17647"},{"taxonomy":"product_cat","embeddable":true,"href":"https:\/\/saiga.es\/es\/wp-json\/wp\/v2\/product_cat?post=17647"},{"taxonomy":"product_tag","embeddable":true,"href":"https:\/\/saiga.es\/es\/wp-json\/wp\/v2\/product_tag?post=17647"}],"curies":[{"name":"wp","href":"https:\/\/api.w.org\/{rel}","templated":true}]}}