{"id":17649,"date":"2025-05-20T14:00:25","date_gmt":"2025-05-20T14:00:25","guid":{"rendered":"https:\/\/saiga.es\/producte\/azada-bellota-228a\/"},"modified":"2025-12-10T14:24:02","modified_gmt":"2025-12-10T14:24:02","slug":"azada-bellota-228a","status":"publish","type":"product","link":"https:\/\/saiga.es\/es\/producto\/azada-bellota-228a\/","title":{"rendered":"Azada Bellota 228A"},"content":{"rendered":"<p>Azada Bellota 228A<\/p>\n<p>Azada forjada en una sola pieza y templada de manera integral para garantizar la m\u00e1xima resistencia contra roturas y deformaciones. Presenta un acabado pulido y un afilado espec\u00edfico en la parte posterior para facilitar su penetraci\u00f3n en el suelo. Dispone de un sistema antigiro incorporado en el ojo de la pieza, con ranuras que impiden que la cabeza gire. Cuando se utiliza con un mango antigiro, la herramienta mantiene una fijaci\u00f3n estable y duradera. Dise\u00f1ada con doble funci\u00f3n: por un lado, trabaja la tierra, y por otro, act\u00faa como horca para eliminar ra\u00edces despu\u00e9s de arar, ideal para trabajos de jardiner\u00eda.    <\/p>\n","protected":false},"excerpt":{"rendered":"<p>Azada Bellota 228A<\/p>\n<p>Azada forjada en una sola pieza y templada de manera integral para garantizar la m\u00e1xima resistencia contra roturas y deformaciones. Presenta un acabado pulido y un afilado espec\u00edfico en la parte posterior para facilitar su penetraci\u00f3n en el suelo. Dispone de un sistema antigiro incorporado en el ojo de la pieza, con ranuras que impiden que la cabeza gire. Cuando se utiliza con un mango antigiro, la herramienta mantiene una fijaci\u00f3n estable y duradera. Dise\u00f1ada con doble funci\u00f3n: por un lado, trabaja la tierra, y por otro, act\u00faa como horca para eliminar ra\u00edces despu\u00e9s de arar, ideal para trabajos de jardiner\u00eda.    <\/p>\n","protected":false},"featured_media":14874,"comment_status":"open","ping_status":"closed","template":"","meta":[],"product_brand":[2220],"product_cat":[1958],"product_tag":[],"class_list":{"0":"post-17649","1":"product","2":"type-product","3":"status-publish","4":"has-post-thumbnail","6":"product_brand-bellota-es","7":"product_cat-azada","9":"first","10":"instock","11":"taxable","12":"shipping-taxable","13":"purchasable","14":"product-type-simple"},"yoast_head":"<!-- This site is optimized with the Yoast SEO plugin v27.4 - https:\/\/yoast.com\/product\/yoast-seo-wordpress\/ -->\n<title>Azada Bellota 228A | SAIGA<\/title>\n<meta name=\"description\" content=\"Azada forjada de una sola pieza, con sistema antigiro y doble funci\u00f3n: para remover tierra y limpiar ra\u00edces. Ideal para jardiner\u00eda con un ajuste duradero.\" \/>\n<meta name=\"robots\" content=\"index, follow, max-snippet:-1, max-image-preview:large, max-video-preview:-1\" \/>\n<link rel=\"canonical\" href=\"https:\/\/saiga.es\/es\/producto\/azada-bellota-228a\/\" \/>\n<meta property=\"og:locale\" content=\"es_ES\" \/>\n<meta property=\"og:type\" content=\"article\" \/>\n<meta property=\"og:title\" content=\"Azada Bellota 228A | SAIGA\" \/>\n<meta property=\"og:description\" content=\"Azada forjada de una sola pieza, con sistema antigiro y doble funci\u00f3n: para remover tierra y limpiar ra\u00edces. Ideal para jardiner\u00eda con un ajuste duradero.\" \/>\n<meta property=\"og:url\" content=\"https:\/\/saiga.es\/es\/producto\/azada-bellota-228a\/\" \/>\n<meta property=\"og:site_name\" content=\"SAIGA\" \/>\n<meta property=\"article:modified_time\" content=\"2025-12-10T14:24:02+00:00\" \/>\n<meta property=\"og:image\" content=\"https:\/\/saiga.es\/wp-content\/uploads\/2025\/05\/Diseno-sin-titulo-2.png\" \/>\n\t<meta property=\"og:image:width\" content=\"1080\" \/>\n\t<meta property=\"og:image:height\" content=\"1080\" \/>\n\t<meta property=\"og:image:type\" content=\"image\/png\" \/>\n<meta name=\"twitter:card\" content=\"summary_large_image\" \/>\n<meta name=\"twitter:site\" content=\"@saiga_agro\" \/>\n<meta name=\"twitter:label1\" content=\"Tiempo de lectura\" \/>\n\t<meta name=\"twitter:data1\" content=\"1 minuto\" \/>\n<script type=\"application\/ld+json\" class=\"yoast-schema-graph\">{\"@context\":\"https:\\\/\\\/schema.org\",\"@graph\":[{\"@type\":\"WebPage\",\"@id\":\"https:\\\/\\\/saiga.es\\\/es\\\/producto\\\/azada-bellota-228a\\\/\",\"url\":\"https:\\\/\\\/saiga.es\\\/es\\\/producto\\\/azada-bellota-228a\\\/\",\"name\":\"Azada Bellota 228A | SAIGA\",\"isPartOf\":{\"@id\":\"https:\\\/\\\/saiga.es\\\/es\\\/#website\"},\"primaryImageOfPage\":{\"@id\":\"https:\\\/\\\/saiga.es\\\/es\\\/producto\\\/azada-bellota-228a\\\/#primaryimage\"},\"image\":{\"@id\":\"https:\\\/\\\/saiga.es\\\/es\\\/producto\\\/azada-bellota-228a\\\/#primaryimage\"},\"thumbnailUrl\":\"https:\\\/\\\/saiga.es\\\/wp-content\\\/uploads\\\/2025\\\/05\\\/Diseno-sin-titulo-2.png\",\"datePublished\":\"2025-05-20T14:00:25+00:00\",\"dateModified\":\"2025-12-10T14:24:02+00:00\",\"description\":\"Azada forjada de una sola pieza, con sistema antigiro y doble funci\u00f3n: para remover tierra y limpiar ra\u00edces. Ideal para jardiner\u00eda con un ajuste duradero.\",\"breadcrumb\":{\"@id\":\"https:\\\/\\\/saiga.es\\\/es\\\/producto\\\/azada-bellota-228a\\\/#breadcrumb\"},\"inLanguage\":\"es\",\"potentialAction\":[{\"@type\":\"ReadAction\",\"target\":[\"https:\\\/\\\/saiga.es\\\/es\\\/producto\\\/azada-bellota-228a\\\/\"]}]},{\"@type\":\"ImageObject\",\"inLanguage\":\"es\",\"@id\":\"https:\\\/\\\/saiga.es\\\/es\\\/producto\\\/azada-bellota-228a\\\/#primaryimage\",\"url\":\"https:\\\/\\\/saiga.es\\\/wp-content\\\/uploads\\\/2025\\\/05\\\/Diseno-sin-titulo-2.png\",\"contentUrl\":\"https:\\\/\\\/saiga.es\\\/wp-content\\\/uploads\\\/2025\\\/05\\\/Diseno-sin-titulo-2.png\",\"width\":1080,\"height\":1080},{\"@type\":\"BreadcrumbList\",\"@id\":\"https:\\\/\\\/saiga.es\\\/es\\\/producto\\\/azada-bellota-228a\\\/#breadcrumb\",\"itemListElement\":[{\"@type\":\"ListItem\",\"position\":1,\"name\":\"Inici\",\"item\":\"https:\\\/\\\/saiga.es\\\/es\\\/\"},{\"@type\":\"ListItem\",\"position\":2,\"name\":\"Tienda\",\"item\":\"https:\\\/\\\/saiga.es\\\/es\\\/tienda\\\/\"},{\"@type\":\"ListItem\",\"position\":3,\"name\":\"Azada Bellota 228A\"}]},{\"@type\":\"WebSite\",\"@id\":\"https:\\\/\\\/saiga.es\\\/es\\\/#website\",\"url\":\"https:\\\/\\\/saiga.es\\\/es\\\/\",\"name\":\"SAIGA\",\"description\":\"M\u00e9s de 50 anys al servei de la terra i treballant per a un \u00fas eficient de l\u2019aigua!\",\"publisher\":{\"@id\":\"https:\\\/\\\/saiga.es\\\/es\\\/#organization\"},\"potentialAction\":[{\"@type\":\"SearchAction\",\"target\":{\"@type\":\"EntryPoint\",\"urlTemplate\":\"https:\\\/\\\/saiga.es\\\/es\\\/?s={search_term_string}\"},\"query-input\":{\"@type\":\"PropertyValueSpecification\",\"valueRequired\":true,\"valueName\":\"search_term_string\"}}],\"inLanguage\":\"es\"},{\"@type\":\"Organization\",\"@id\":\"https:\\\/\\\/saiga.es\\\/es\\\/#organization\",\"name\":\"SAIGA\",\"url\":\"https:\\\/\\\/saiga.es\\\/es\\\/\",\"logo\":{\"@type\":\"ImageObject\",\"inLanguage\":\"es\",\"@id\":\"https:\\\/\\\/saiga.es\\\/es\\\/#\\\/schema\\\/logo\\\/image\\\/\",\"url\":\"https:\\\/\\\/saiga.es\\\/wp-content\\\/uploads\\\/2025\\\/07\\\/logo_saiga_baseline_optimitzat.svg\",\"contentUrl\":\"https:\\\/\\\/saiga.es\\\/wp-content\\\/uploads\\\/2025\\\/07\\\/logo_saiga_baseline_optimitzat.svg\",\"caption\":\"SAIGA\"},\"image\":{\"@id\":\"https:\\\/\\\/saiga.es\\\/es\\\/#\\\/schema\\\/logo\\\/image\\\/\"},\"sameAs\":[\"https:\\\/\\\/x.com\\\/saiga_agro\",\"https:\\\/\\\/www.instagram.com\\\/saiga_agro\\\/\"]}]}<\/script>\n<!-- \/ Yoast SEO plugin. -->","yoast_head_json":{"title":"Azada Bellota 228A | SAIGA","description":"Azada forjada de una sola pieza, con sistema antigiro y doble funci\u00f3n: para remover tierra y limpiar ra\u00edces. Ideal para jardiner\u00eda con un ajuste duradero.","robots":{"index":"index","follow":"follow","max-snippet":"max-snippet:-1","max-image-preview":"max-image-preview:large","max-video-preview":"max-video-preview:-1"},"canonical":"https:\/\/saiga.es\/es\/producto\/azada-bellota-228a\/","og_locale":"es_ES","og_type":"article","og_title":"Azada Bellota 228A | SAIGA","og_description":"Azada forjada de una sola pieza, con sistema antigiro y doble funci\u00f3n: para remover tierra y limpiar ra\u00edces. Ideal para jardiner\u00eda con un ajuste duradero.","og_url":"https:\/\/saiga.es\/es\/producto\/azada-bellota-228a\/","og_site_name":"SAIGA","article_modified_time":"2025-12-10T14:24:02+00:00","og_image":[{"width":1080,"height":1080,"url":"https:\/\/saiga.es\/wp-content\/uploads\/2025\/05\/Diseno-sin-titulo-2.png","type":"image\/png"}],"twitter_card":"summary_large_image","twitter_site":"@saiga_agro","twitter_misc":{"Tiempo de lectura":"1 minuto"},"schema":{"@context":"https:\/\/schema.org","@graph":[{"@type":"WebPage","@id":"https:\/\/saiga.es\/es\/producto\/azada-bellota-228a\/","url":"https:\/\/saiga.es\/es\/producto\/azada-bellota-228a\/","name":"Azada Bellota 228A | SAIGA","isPartOf":{"@id":"https:\/\/saiga.es\/es\/#website"},"primaryImageOfPage":{"@id":"https:\/\/saiga.es\/es\/producto\/azada-bellota-228a\/#primaryimage"},"image":{"@id":"https:\/\/saiga.es\/es\/producto\/azada-bellota-228a\/#primaryimage"},"thumbnailUrl":"https:\/\/saiga.es\/wp-content\/uploads\/2025\/05\/Diseno-sin-titulo-2.png","datePublished":"2025-05-20T14:00:25+00:00","dateModified":"2025-12-10T14:24:02+00:00","description":"Azada forjada de una sola pieza, con sistema antigiro y doble funci\u00f3n: para remover tierra y limpiar ra\u00edces. Ideal para jardiner\u00eda con un ajuste duradero.","breadcrumb":{"@id":"https:\/\/saiga.es\/es\/producto\/azada-bellota-228a\/#breadcrumb"},"inLanguage":"es","potentialAction":[{"@type":"ReadAction","target":["https:\/\/saiga.es\/es\/producto\/azada-bellota-228a\/"]}]},{"@type":"ImageObject","inLanguage":"es","@id":"https:\/\/saiga.es\/es\/producto\/azada-bellota-228a\/#primaryimage","url":"https:\/\/saiga.es\/wp-content\/uploads\/2025\/05\/Diseno-sin-titulo-2.png","contentUrl":"https:\/\/saiga.es\/wp-content\/uploads\/2025\/05\/Diseno-sin-titulo-2.png","width":1080,"height":1080},{"@type":"BreadcrumbList","@id":"https:\/\/saiga.es\/es\/producto\/azada-bellota-228a\/#breadcrumb","itemListElement":[{"@type":"ListItem","position":1,"name":"Inici","item":"https:\/\/saiga.es\/es\/"},{"@type":"ListItem","position":2,"name":"Tienda","item":"https:\/\/saiga.es\/es\/tienda\/"},{"@type":"ListItem","position":3,"name":"Azada Bellota 228A"}]},{"@type":"WebSite","@id":"https:\/\/saiga.es\/es\/#website","url":"https:\/\/saiga.es\/es\/","name":"SAIGA","description":"M\u00e9s de 50 anys al servei de la terra i treballant per a un \u00fas eficient de l\u2019aigua!","publisher":{"@id":"https:\/\/saiga.es\/es\/#organization"},"potentialAction":[{"@type":"SearchAction","target":{"@type":"EntryPoint","urlTemplate":"https:\/\/saiga.es\/es\/?s={search_term_string}"},"query-input":{"@type":"PropertyValueSpecification","valueRequired":true,"valueName":"search_term_string"}}],"inLanguage":"es"},{"@type":"Organization","@id":"https:\/\/saiga.es\/es\/#organization","name":"SAIGA","url":"https:\/\/saiga.es\/es\/","logo":{"@type":"ImageObject","inLanguage":"es","@id":"https:\/\/saiga.es\/es\/#\/schema\/logo\/image\/","url":"https:\/\/saiga.es\/wp-content\/uploads\/2025\/07\/logo_saiga_baseline_optimitzat.svg","contentUrl":"https:\/\/saiga.es\/wp-content\/uploads\/2025\/07\/logo_saiga_baseline_optimitzat.svg","caption":"SAIGA"},"image":{"@id":"https:\/\/saiga.es\/es\/#\/schema\/logo\/image\/"},"sameAs":["https:\/\/x.com\/saiga_agro","https:\/\/www.instagram.com\/saiga_agro\/"]}]}},"_links":{"self":[{"href":"https:\/\/saiga.es\/es\/wp-json\/wp\/v2\/product\/17649","targetHints":{"allow":["GET"]}}],"collection":[{"href":"https:\/\/saiga.es\/es\/wp-json\/wp\/v2\/product"}],"about":[{"href":"https:\/\/saiga.es\/es\/wp-json\/wp\/v2\/types\/product"}],"replies":[{"embeddable":true,"href":"https:\/\/saiga.es\/es\/wp-json\/wp\/v2\/comments?post=17649"}],"wp:featuredmedia":[{"embeddable":true,"href":"https:\/\/saiga.es\/es\/wp-json\/wp\/v2\/media\/14874"}],"wp:attachment":[{"href":"https:\/\/saiga.es\/es\/wp-json\/wp\/v2\/media?parent=17649"}],"wp:term":[{"taxonomy":"product_brand","embeddable":true,"href":"https:\/\/saiga.es\/es\/wp-json\/wp\/v2\/product_brand?post=17649"},{"taxonomy":"product_cat","embeddable":true,"href":"https:\/\/saiga.es\/es\/wp-json\/wp\/v2\/product_cat?post=17649"},{"taxonomy":"product_tag","embeddable":true,"href":"https:\/\/saiga.es\/es\/wp-json\/wp\/v2\/product_tag?post=17649"}],"curies":[{"name":"wp","href":"https:\/\/api.w.org\/{rel}","templated":true}]}}