{"id":17652,"date":"2025-04-23T11:57:25","date_gmt":"2025-04-23T11:57:25","guid":{"rendered":"https:\/\/saiga.es\/producte\/quimifloc-ps-cartucho-flucolante\/"},"modified":"2025-04-23T11:57:25","modified_gmt":"2025-04-23T11:57:25","slug":"quimifloc-ps-cartucho-flucolante","status":"publish","type":"product","link":"https:\/\/saiga.es\/es\/producto\/quimifloc-ps-cartucho-flucolante\/","title":{"rendered":"Quimifloc Ps, cartucho flucolante"},"content":{"rendered":"<p>El floculante en cartuchos Quimifloc PS mejora la filtraci\u00f3n en los equipos depuradores de arena o vidrio. Flocula y coagula toda la suciedad que se encuentra en suspensi\u00f3n en el agua de la piscina. Crea una capa sobre la cama filtrante que proporciona una mayor retenci\u00f3n de suciedad, lo que se traduce en una mayor transparencia y claridad del agua. Ayuda a la desinfecci\u00f3n que realiza el cloro, eliminando cualquier tipo de part\u00edcula que pueda llegar a interferir en esta acci\u00f3n y dando como resultado un agua totalmente clara, limpia y transparente. No debe ser usado con filtros de diatomeas ni filtros cartuchos.    <\/p>\n","protected":false},"excerpt":{"rendered":"<p>El floculante en cartuchos Quimifloc PS mejora la filtraci\u00f3n en los equipos depuradores de arena o vidrio.<\/p>\n","protected":false},"featured_media":14638,"comment_status":"closed","ping_status":"closed","template":"","meta":[],"product_brand":[],"product_cat":[208],"product_tag":[226,2339],"class_list":{"0":"post-17652","1":"product","2":"type-product","3":"status-publish","4":"has-post-thumbnail","6":"product_cat-productos-para-piscinas","7":"product_tag-piscina-es","8":"product_tag-productos-piscina","10":"first","11":"instock","12":"taxable","13":"shipping-taxable","14":"purchasable","15":"product-type-simple"},"yoast_head":"<!-- This site is optimized with the Yoast SEO plugin v27.3 - https:\/\/yoast.com\/product\/yoast-seo-wordpress\/ -->\n<title>Quimifloc Ps, cartucho flucolante | SAIGA<\/title>\n<meta name=\"description\" content=\"El floculante en cartuchos Quimifloc PS mejora la filtraci\u00f3n en los equipos depuradores de arena o vidrio.\" \/>\n<meta name=\"robots\" content=\"index, follow, max-snippet:-1, max-image-preview:large, max-video-preview:-1\" \/>\n<link rel=\"canonical\" href=\"https:\/\/saiga.es\/es\/producto\/quimifloc-ps-cartucho-flucolante\/\" \/>\n<meta property=\"og:locale\" content=\"es_ES\" \/>\n<meta property=\"og:type\" content=\"article\" \/>\n<meta property=\"og:title\" content=\"Quimifloc Ps, cartucho flucolante | SAIGA\" \/>\n<meta property=\"og:description\" content=\"El floculante en cartuchos Quimifloc PS mejora la filtraci\u00f3n en los equipos depuradores de arena o vidrio.\" \/>\n<meta property=\"og:url\" content=\"https:\/\/saiga.es\/es\/producto\/quimifloc-ps-cartucho-flucolante\/\" \/>\n<meta property=\"og:site_name\" content=\"SAIGA\" \/>\n<meta property=\"og:image\" content=\"https:\/\/saiga.es\/wp-content\/uploads\/2025\/04\/Quimifloc.jpg\" \/>\n\t<meta property=\"og:image:width\" content=\"1080\" \/>\n\t<meta property=\"og:image:height\" content=\"1080\" \/>\n\t<meta property=\"og:image:type\" content=\"image\/jpeg\" \/>\n<meta name=\"twitter:card\" content=\"summary_large_image\" \/>\n<meta name=\"twitter:site\" content=\"@saiga_agro\" \/>\n<meta name=\"twitter:label1\" content=\"Tiempo de lectura\" \/>\n\t<meta name=\"twitter:data1\" content=\"1 minuto\" \/>\n<script type=\"application\/ld+json\" class=\"yoast-schema-graph\">{\"@context\":\"https:\\\/\\\/schema.org\",\"@graph\":[{\"@type\":\"WebPage\",\"@id\":\"https:\\\/\\\/saiga.es\\\/es\\\/producto\\\/quimifloc-ps-cartucho-flucolante\\\/\",\"url\":\"https:\\\/\\\/saiga.es\\\/es\\\/producto\\\/quimifloc-ps-cartucho-flucolante\\\/\",\"name\":\"Quimifloc Ps, cartucho flucolante | SAIGA\",\"isPartOf\":{\"@id\":\"https:\\\/\\\/saiga.es\\\/es\\\/#website\"},\"primaryImageOfPage\":{\"@id\":\"https:\\\/\\\/saiga.es\\\/es\\\/producto\\\/quimifloc-ps-cartucho-flucolante\\\/#primaryimage\"},\"image\":{\"@id\":\"https:\\\/\\\/saiga.es\\\/es\\\/producto\\\/quimifloc-ps-cartucho-flucolante\\\/#primaryimage\"},\"thumbnailUrl\":\"https:\\\/\\\/saiga.es\\\/wp-content\\\/uploads\\\/2025\\\/04\\\/Quimifloc.jpg\",\"datePublished\":\"2025-04-23T11:57:25+00:00\",\"description\":\"El floculante en cartuchos Quimifloc PS mejora la filtraci\u00f3n en los equipos depuradores de arena o vidrio.\",\"breadcrumb\":{\"@id\":\"https:\\\/\\\/saiga.es\\\/es\\\/producto\\\/quimifloc-ps-cartucho-flucolante\\\/#breadcrumb\"},\"inLanguage\":\"es\",\"potentialAction\":[{\"@type\":\"ReadAction\",\"target\":[\"https:\\\/\\\/saiga.es\\\/es\\\/producto\\\/quimifloc-ps-cartucho-flucolante\\\/\"]}]},{\"@type\":\"ImageObject\",\"inLanguage\":\"es\",\"@id\":\"https:\\\/\\\/saiga.es\\\/es\\\/producto\\\/quimifloc-ps-cartucho-flucolante\\\/#primaryimage\",\"url\":\"https:\\\/\\\/saiga.es\\\/wp-content\\\/uploads\\\/2025\\\/04\\\/Quimifloc.jpg\",\"contentUrl\":\"https:\\\/\\\/saiga.es\\\/wp-content\\\/uploads\\\/2025\\\/04\\\/Quimifloc.jpg\",\"width\":1080,\"height\":1080,\"caption\":\"Quimifloc\"},{\"@type\":\"BreadcrumbList\",\"@id\":\"https:\\\/\\\/saiga.es\\\/es\\\/producto\\\/quimifloc-ps-cartucho-flucolante\\\/#breadcrumb\",\"itemListElement\":[{\"@type\":\"ListItem\",\"position\":1,\"name\":\"Inici\",\"item\":\"https:\\\/\\\/saiga.es\\\/es\\\/\"},{\"@type\":\"ListItem\",\"position\":2,\"name\":\"Tienda\",\"item\":\"https:\\\/\\\/saiga.es\\\/es\\\/tienda\\\/\"},{\"@type\":\"ListItem\",\"position\":3,\"name\":\"Quimifloc Ps, cartucho flucolante\"}]},{\"@type\":\"WebSite\",\"@id\":\"https:\\\/\\\/saiga.es\\\/es\\\/#website\",\"url\":\"https:\\\/\\\/saiga.es\\\/es\\\/\",\"name\":\"SAIGA\",\"description\":\"M\u00e9s de 50 anys al servei de la terra i treballant per a un \u00fas eficient de l\u2019aigua!\",\"publisher\":{\"@id\":\"https:\\\/\\\/saiga.es\\\/es\\\/#organization\"},\"potentialAction\":[{\"@type\":\"SearchAction\",\"target\":{\"@type\":\"EntryPoint\",\"urlTemplate\":\"https:\\\/\\\/saiga.es\\\/es\\\/?s={search_term_string}\"},\"query-input\":{\"@type\":\"PropertyValueSpecification\",\"valueRequired\":true,\"valueName\":\"search_term_string\"}}],\"inLanguage\":\"es\"},{\"@type\":\"Organization\",\"@id\":\"https:\\\/\\\/saiga.es\\\/es\\\/#organization\",\"name\":\"SAIGA\",\"url\":\"https:\\\/\\\/saiga.es\\\/es\\\/\",\"logo\":{\"@type\":\"ImageObject\",\"inLanguage\":\"es\",\"@id\":\"https:\\\/\\\/saiga.es\\\/es\\\/#\\\/schema\\\/logo\\\/image\\\/\",\"url\":\"https:\\\/\\\/saiga.es\\\/wp-content\\\/uploads\\\/2025\\\/07\\\/logo_saiga_baseline_optimitzat.svg\",\"contentUrl\":\"https:\\\/\\\/saiga.es\\\/wp-content\\\/uploads\\\/2025\\\/07\\\/logo_saiga_baseline_optimitzat.svg\",\"caption\":\"SAIGA\"},\"image\":{\"@id\":\"https:\\\/\\\/saiga.es\\\/es\\\/#\\\/schema\\\/logo\\\/image\\\/\"},\"sameAs\":[\"https:\\\/\\\/x.com\\\/saiga_agro\",\"https:\\\/\\\/www.instagram.com\\\/saiga_agro\\\/\"]}]}<\/script>\n<!-- \/ Yoast SEO plugin. -->","yoast_head_json":{"title":"Quimifloc Ps, cartucho flucolante | SAIGA","description":"El floculante en cartuchos Quimifloc PS mejora la filtraci\u00f3n en los equipos depuradores de arena o vidrio.","robots":{"index":"index","follow":"follow","max-snippet":"max-snippet:-1","max-image-preview":"max-image-preview:large","max-video-preview":"max-video-preview:-1"},"canonical":"https:\/\/saiga.es\/es\/producto\/quimifloc-ps-cartucho-flucolante\/","og_locale":"es_ES","og_type":"article","og_title":"Quimifloc Ps, cartucho flucolante | SAIGA","og_description":"El floculante en cartuchos Quimifloc PS mejora la filtraci\u00f3n en los equipos depuradores de arena o vidrio.","og_url":"https:\/\/saiga.es\/es\/producto\/quimifloc-ps-cartucho-flucolante\/","og_site_name":"SAIGA","og_image":[{"width":1080,"height":1080,"url":"https:\/\/saiga.es\/wp-content\/uploads\/2025\/04\/Quimifloc.jpg","type":"image\/jpeg"}],"twitter_card":"summary_large_image","twitter_site":"@saiga_agro","twitter_misc":{"Tiempo de lectura":"1 minuto"},"schema":{"@context":"https:\/\/schema.org","@graph":[{"@type":"WebPage","@id":"https:\/\/saiga.es\/es\/producto\/quimifloc-ps-cartucho-flucolante\/","url":"https:\/\/saiga.es\/es\/producto\/quimifloc-ps-cartucho-flucolante\/","name":"Quimifloc Ps, cartucho flucolante | SAIGA","isPartOf":{"@id":"https:\/\/saiga.es\/es\/#website"},"primaryImageOfPage":{"@id":"https:\/\/saiga.es\/es\/producto\/quimifloc-ps-cartucho-flucolante\/#primaryimage"},"image":{"@id":"https:\/\/saiga.es\/es\/producto\/quimifloc-ps-cartucho-flucolante\/#primaryimage"},"thumbnailUrl":"https:\/\/saiga.es\/wp-content\/uploads\/2025\/04\/Quimifloc.jpg","datePublished":"2025-04-23T11:57:25+00:00","description":"El floculante en cartuchos Quimifloc PS mejora la filtraci\u00f3n en los equipos depuradores de arena o vidrio.","breadcrumb":{"@id":"https:\/\/saiga.es\/es\/producto\/quimifloc-ps-cartucho-flucolante\/#breadcrumb"},"inLanguage":"es","potentialAction":[{"@type":"ReadAction","target":["https:\/\/saiga.es\/es\/producto\/quimifloc-ps-cartucho-flucolante\/"]}]},{"@type":"ImageObject","inLanguage":"es","@id":"https:\/\/saiga.es\/es\/producto\/quimifloc-ps-cartucho-flucolante\/#primaryimage","url":"https:\/\/saiga.es\/wp-content\/uploads\/2025\/04\/Quimifloc.jpg","contentUrl":"https:\/\/saiga.es\/wp-content\/uploads\/2025\/04\/Quimifloc.jpg","width":1080,"height":1080,"caption":"Quimifloc"},{"@type":"BreadcrumbList","@id":"https:\/\/saiga.es\/es\/producto\/quimifloc-ps-cartucho-flucolante\/#breadcrumb","itemListElement":[{"@type":"ListItem","position":1,"name":"Inici","item":"https:\/\/saiga.es\/es\/"},{"@type":"ListItem","position":2,"name":"Tienda","item":"https:\/\/saiga.es\/es\/tienda\/"},{"@type":"ListItem","position":3,"name":"Quimifloc Ps, cartucho flucolante"}]},{"@type":"WebSite","@id":"https:\/\/saiga.es\/es\/#website","url":"https:\/\/saiga.es\/es\/","name":"SAIGA","description":"M\u00e9s de 50 anys al servei de la terra i treballant per a un \u00fas eficient de l\u2019aigua!","publisher":{"@id":"https:\/\/saiga.es\/es\/#organization"},"potentialAction":[{"@type":"SearchAction","target":{"@type":"EntryPoint","urlTemplate":"https:\/\/saiga.es\/es\/?s={search_term_string}"},"query-input":{"@type":"PropertyValueSpecification","valueRequired":true,"valueName":"search_term_string"}}],"inLanguage":"es"},{"@type":"Organization","@id":"https:\/\/saiga.es\/es\/#organization","name":"SAIGA","url":"https:\/\/saiga.es\/es\/","logo":{"@type":"ImageObject","inLanguage":"es","@id":"https:\/\/saiga.es\/es\/#\/schema\/logo\/image\/","url":"https:\/\/saiga.es\/wp-content\/uploads\/2025\/07\/logo_saiga_baseline_optimitzat.svg","contentUrl":"https:\/\/saiga.es\/wp-content\/uploads\/2025\/07\/logo_saiga_baseline_optimitzat.svg","caption":"SAIGA"},"image":{"@id":"https:\/\/saiga.es\/es\/#\/schema\/logo\/image\/"},"sameAs":["https:\/\/x.com\/saiga_agro","https:\/\/www.instagram.com\/saiga_agro\/"]}]}},"_links":{"self":[{"href":"https:\/\/saiga.es\/es\/wp-json\/wp\/v2\/product\/17652","targetHints":{"allow":["GET"]}}],"collection":[{"href":"https:\/\/saiga.es\/es\/wp-json\/wp\/v2\/product"}],"about":[{"href":"https:\/\/saiga.es\/es\/wp-json\/wp\/v2\/types\/product"}],"replies":[{"embeddable":true,"href":"https:\/\/saiga.es\/es\/wp-json\/wp\/v2\/comments?post=17652"}],"wp:featuredmedia":[{"embeddable":true,"href":"https:\/\/saiga.es\/es\/wp-json\/wp\/v2\/media\/14638"}],"wp:attachment":[{"href":"https:\/\/saiga.es\/es\/wp-json\/wp\/v2\/media?parent=17652"}],"wp:term":[{"taxonomy":"product_brand","embeddable":true,"href":"https:\/\/saiga.es\/es\/wp-json\/wp\/v2\/product_brand?post=17652"},{"taxonomy":"product_cat","embeddable":true,"href":"https:\/\/saiga.es\/es\/wp-json\/wp\/v2\/product_cat?post=17652"},{"taxonomy":"product_tag","embeddable":true,"href":"https:\/\/saiga.es\/es\/wp-json\/wp\/v2\/product_tag?post=17652"}],"curies":[{"name":"wp","href":"https:\/\/api.w.org\/{rel}","templated":true}]}}