{"id":17691,"date":"2025-12-17T11:40:05","date_gmt":"2025-12-17T11:40:05","guid":{"rendered":"https:\/\/saiga.es\/producte\/pack-tratamiento-frutales\/"},"modified":"2025-12-17T11:40:05","modified_gmt":"2025-12-17T11:40:05","slug":"pack-tratamiento-frutales","status":"publish","type":"product","link":"https:\/\/saiga.es\/es\/producto\/pack-tratamiento-frutales\/","title":{"rendered":"Pack Tratamiento Frutales"},"content":{"rendered":"<p>El Pack Tratamiento frutales de Sipcam Jard\u00ed es la soluci\u00f3n ideal para el cuidado integral de los \u00e1rboles frutales en jardines y huertos. Dise\u00f1ado para ofrecer una protecci\u00f3n eficaz frente a las principales plagas y enfermedades, ayuda a mantener los frutales fuertes, sanos y con una producci\u00f3n de fruta de alta calidad. <\/p>\n<p>Este pack es perfecto tanto para aficionados a la jardiner\u00eda como usuarios profesionales, ya que combina f\u00e1cil aplicaci\u00f3n, alta eficacia y resultados visibles. Es adecuado para una amplia variedad de \u00e1rboles frutales como manzanos, perales, melocotoneros, ciruelos, cerezos, c\u00edtricos y otros frutales. <\/p>\n","protected":false},"excerpt":{"rendered":"<p>El Pack Tratamiento Frutales de Sipcam Jard\u00edn es la soluci\u00f3n ideal para el cuidado integral de los \u00e1rboles frutales en jardines y huertos. Dise\u00f1ado para ofrecer una protecci\u00f3n eficaz frente a las principales plagas y enfermedades, ayuda a mantener los frutales fuertes, sanos y con una producci\u00f3n de fruta de alta calidad. <\/p>\n","protected":false},"featured_media":17689,"comment_status":"closed","ping_status":"closed","template":"","meta":[],"product_brand":[2201],"product_cat":[184,181],"product_tag":[],"class_list":{"0":"post-17691","1":"product","2":"type-product","3":"status-publish","4":"has-post-thumbnail","6":"product_brand-sipcam-es","7":"product_cat-fungicidas","8":"product_cat-insecticidas","10":"first","11":"instock","12":"taxable","13":"shipping-taxable","14":"purchasable","15":"product-type-simple"},"yoast_head":"<!-- This site is optimized with the Yoast SEO plugin v27.3 - https:\/\/yoast.com\/product\/yoast-seo-wordpress\/ -->\n<title>Pack Tratamiento Frutales | SAIGA<\/title>\n<meta name=\"description\" content=\"Pack Tratamiento Frutales Sipcam Jard\u00edn para proteger \u00e1rboles frutales frente a plagas y enfermedades. Ideal para huerto y jard\u00edn dom\u00e9stico.\" \/>\n<meta name=\"robots\" content=\"index, follow, max-snippet:-1, max-image-preview:large, max-video-preview:-1\" \/>\n<link rel=\"canonical\" href=\"https:\/\/saiga.es\/es\/producto\/pack-tratamiento-frutales\/\" \/>\n<meta property=\"og:locale\" content=\"es_ES\" \/>\n<meta property=\"og:type\" content=\"article\" \/>\n<meta property=\"og:title\" content=\"Pack Tratamiento Frutales | SAIGA\" \/>\n<meta property=\"og:description\" content=\"Pack Tratamiento Frutales Sipcam Jard\u00edn para proteger \u00e1rboles frutales frente a plagas y enfermedades. Ideal para huerto y jard\u00edn dom\u00e9stico.\" \/>\n<meta property=\"og:url\" content=\"https:\/\/saiga.es\/es\/producto\/pack-tratamiento-frutales\/\" \/>\n<meta property=\"og:site_name\" content=\"SAIGA\" \/>\n<meta property=\"og:image\" content=\"https:\/\/saiga.es\/wp-content\/uploads\/2025\/12\/Pack-tratamiento-invierno.jpg\" \/>\n\t<meta property=\"og:image:width\" content=\"1080\" \/>\n\t<meta property=\"og:image:height\" content=\"1080\" \/>\n\t<meta property=\"og:image:type\" content=\"image\/jpeg\" \/>\n<meta name=\"twitter:card\" content=\"summary_large_image\" \/>\n<meta name=\"twitter:site\" content=\"@saiga_agro\" \/>\n<meta name=\"twitter:label1\" content=\"Tiempo de lectura\" \/>\n\t<meta name=\"twitter:data1\" content=\"1 minuto\" \/>\n<script type=\"application\/ld+json\" class=\"yoast-schema-graph\">{\"@context\":\"https:\\\/\\\/schema.org\",\"@graph\":[{\"@type\":\"WebPage\",\"@id\":\"https:\\\/\\\/saiga.es\\\/es\\\/producto\\\/pack-tratamiento-frutales\\\/\",\"url\":\"https:\\\/\\\/saiga.es\\\/es\\\/producto\\\/pack-tratamiento-frutales\\\/\",\"name\":\"Pack Tratamiento Frutales | SAIGA\",\"isPartOf\":{\"@id\":\"https:\\\/\\\/saiga.es\\\/es\\\/#website\"},\"primaryImageOfPage\":{\"@id\":\"https:\\\/\\\/saiga.es\\\/es\\\/producto\\\/pack-tratamiento-frutales\\\/#primaryimage\"},\"image\":{\"@id\":\"https:\\\/\\\/saiga.es\\\/es\\\/producto\\\/pack-tratamiento-frutales\\\/#primaryimage\"},\"thumbnailUrl\":\"https:\\\/\\\/saiga.es\\\/wp-content\\\/uploads\\\/2025\\\/12\\\/Pack-tratamiento-invierno.jpg\",\"datePublished\":\"2025-12-17T11:40:05+00:00\",\"description\":\"Pack Tratamiento Frutales Sipcam Jard\u00edn para proteger \u00e1rboles frutales frente a plagas y enfermedades. Ideal para huerto y jard\u00edn dom\u00e9stico.\",\"breadcrumb\":{\"@id\":\"https:\\\/\\\/saiga.es\\\/es\\\/producto\\\/pack-tratamiento-frutales\\\/#breadcrumb\"},\"inLanguage\":\"es\",\"potentialAction\":[{\"@type\":\"ReadAction\",\"target\":[\"https:\\\/\\\/saiga.es\\\/es\\\/producto\\\/pack-tratamiento-frutales\\\/\"]}]},{\"@type\":\"ImageObject\",\"inLanguage\":\"es\",\"@id\":\"https:\\\/\\\/saiga.es\\\/es\\\/producto\\\/pack-tratamiento-frutales\\\/#primaryimage\",\"url\":\"https:\\\/\\\/saiga.es\\\/wp-content\\\/uploads\\\/2025\\\/12\\\/Pack-tratamiento-invierno.jpg\",\"contentUrl\":\"https:\\\/\\\/saiga.es\\\/wp-content\\\/uploads\\\/2025\\\/12\\\/Pack-tratamiento-invierno.jpg\",\"width\":1080,\"height\":1080,\"caption\":\"Pack tratamiento frutales\"},{\"@type\":\"BreadcrumbList\",\"@id\":\"https:\\\/\\\/saiga.es\\\/es\\\/producto\\\/pack-tratamiento-frutales\\\/#breadcrumb\",\"itemListElement\":[{\"@type\":\"ListItem\",\"position\":1,\"name\":\"Inici\",\"item\":\"https:\\\/\\\/saiga.es\\\/es\\\/\"},{\"@type\":\"ListItem\",\"position\":2,\"name\":\"Tienda\",\"item\":\"https:\\\/\\\/saiga.es\\\/es\\\/tienda\\\/\"},{\"@type\":\"ListItem\",\"position\":3,\"name\":\"Pack Tratamiento Frutales\"}]},{\"@type\":\"WebSite\",\"@id\":\"https:\\\/\\\/saiga.es\\\/es\\\/#website\",\"url\":\"https:\\\/\\\/saiga.es\\\/es\\\/\",\"name\":\"SAIGA\",\"description\":\"M\u00e9s de 50 anys al servei de la terra i treballant per a un \u00fas eficient de l\u2019aigua!\",\"publisher\":{\"@id\":\"https:\\\/\\\/saiga.es\\\/es\\\/#organization\"},\"potentialAction\":[{\"@type\":\"SearchAction\",\"target\":{\"@type\":\"EntryPoint\",\"urlTemplate\":\"https:\\\/\\\/saiga.es\\\/es\\\/?s={search_term_string}\"},\"query-input\":{\"@type\":\"PropertyValueSpecification\",\"valueRequired\":true,\"valueName\":\"search_term_string\"}}],\"inLanguage\":\"es\"},{\"@type\":\"Organization\",\"@id\":\"https:\\\/\\\/saiga.es\\\/es\\\/#organization\",\"name\":\"SAIGA\",\"url\":\"https:\\\/\\\/saiga.es\\\/es\\\/\",\"logo\":{\"@type\":\"ImageObject\",\"inLanguage\":\"es\",\"@id\":\"https:\\\/\\\/saiga.es\\\/es\\\/#\\\/schema\\\/logo\\\/image\\\/\",\"url\":\"https:\\\/\\\/saiga.es\\\/wp-content\\\/uploads\\\/2025\\\/07\\\/logo_saiga_baseline_optimitzat.svg\",\"contentUrl\":\"https:\\\/\\\/saiga.es\\\/wp-content\\\/uploads\\\/2025\\\/07\\\/logo_saiga_baseline_optimitzat.svg\",\"caption\":\"SAIGA\"},\"image\":{\"@id\":\"https:\\\/\\\/saiga.es\\\/es\\\/#\\\/schema\\\/logo\\\/image\\\/\"},\"sameAs\":[\"https:\\\/\\\/x.com\\\/saiga_agro\",\"https:\\\/\\\/www.instagram.com\\\/saiga_agro\\\/\"]}]}<\/script>\n<!-- \/ Yoast SEO plugin. -->","yoast_head_json":{"title":"Pack Tratamiento Frutales | SAIGA","description":"Pack Tratamiento Frutales Sipcam Jard\u00edn para proteger \u00e1rboles frutales frente a plagas y enfermedades. Ideal para huerto y jard\u00edn dom\u00e9stico.","robots":{"index":"index","follow":"follow","max-snippet":"max-snippet:-1","max-image-preview":"max-image-preview:large","max-video-preview":"max-video-preview:-1"},"canonical":"https:\/\/saiga.es\/es\/producto\/pack-tratamiento-frutales\/","og_locale":"es_ES","og_type":"article","og_title":"Pack Tratamiento Frutales | SAIGA","og_description":"Pack Tratamiento Frutales Sipcam Jard\u00edn para proteger \u00e1rboles frutales frente a plagas y enfermedades. Ideal para huerto y jard\u00edn dom\u00e9stico.","og_url":"https:\/\/saiga.es\/es\/producto\/pack-tratamiento-frutales\/","og_site_name":"SAIGA","og_image":[{"width":1080,"height":1080,"url":"https:\/\/saiga.es\/wp-content\/uploads\/2025\/12\/Pack-tratamiento-invierno.jpg","type":"image\/jpeg"}],"twitter_card":"summary_large_image","twitter_site":"@saiga_agro","twitter_misc":{"Tiempo de lectura":"1 minuto"},"schema":{"@context":"https:\/\/schema.org","@graph":[{"@type":"WebPage","@id":"https:\/\/saiga.es\/es\/producto\/pack-tratamiento-frutales\/","url":"https:\/\/saiga.es\/es\/producto\/pack-tratamiento-frutales\/","name":"Pack Tratamiento Frutales | SAIGA","isPartOf":{"@id":"https:\/\/saiga.es\/es\/#website"},"primaryImageOfPage":{"@id":"https:\/\/saiga.es\/es\/producto\/pack-tratamiento-frutales\/#primaryimage"},"image":{"@id":"https:\/\/saiga.es\/es\/producto\/pack-tratamiento-frutales\/#primaryimage"},"thumbnailUrl":"https:\/\/saiga.es\/wp-content\/uploads\/2025\/12\/Pack-tratamiento-invierno.jpg","datePublished":"2025-12-17T11:40:05+00:00","description":"Pack Tratamiento Frutales Sipcam Jard\u00edn para proteger \u00e1rboles frutales frente a plagas y enfermedades. Ideal para huerto y jard\u00edn dom\u00e9stico.","breadcrumb":{"@id":"https:\/\/saiga.es\/es\/producto\/pack-tratamiento-frutales\/#breadcrumb"},"inLanguage":"es","potentialAction":[{"@type":"ReadAction","target":["https:\/\/saiga.es\/es\/producto\/pack-tratamiento-frutales\/"]}]},{"@type":"ImageObject","inLanguage":"es","@id":"https:\/\/saiga.es\/es\/producto\/pack-tratamiento-frutales\/#primaryimage","url":"https:\/\/saiga.es\/wp-content\/uploads\/2025\/12\/Pack-tratamiento-invierno.jpg","contentUrl":"https:\/\/saiga.es\/wp-content\/uploads\/2025\/12\/Pack-tratamiento-invierno.jpg","width":1080,"height":1080,"caption":"Pack tratamiento frutales"},{"@type":"BreadcrumbList","@id":"https:\/\/saiga.es\/es\/producto\/pack-tratamiento-frutales\/#breadcrumb","itemListElement":[{"@type":"ListItem","position":1,"name":"Inici","item":"https:\/\/saiga.es\/es\/"},{"@type":"ListItem","position":2,"name":"Tienda","item":"https:\/\/saiga.es\/es\/tienda\/"},{"@type":"ListItem","position":3,"name":"Pack Tratamiento Frutales"}]},{"@type":"WebSite","@id":"https:\/\/saiga.es\/es\/#website","url":"https:\/\/saiga.es\/es\/","name":"SAIGA","description":"M\u00e9s de 50 anys al servei de la terra i treballant per a un \u00fas eficient de l\u2019aigua!","publisher":{"@id":"https:\/\/saiga.es\/es\/#organization"},"potentialAction":[{"@type":"SearchAction","target":{"@type":"EntryPoint","urlTemplate":"https:\/\/saiga.es\/es\/?s={search_term_string}"},"query-input":{"@type":"PropertyValueSpecification","valueRequired":true,"valueName":"search_term_string"}}],"inLanguage":"es"},{"@type":"Organization","@id":"https:\/\/saiga.es\/es\/#organization","name":"SAIGA","url":"https:\/\/saiga.es\/es\/","logo":{"@type":"ImageObject","inLanguage":"es","@id":"https:\/\/saiga.es\/es\/#\/schema\/logo\/image\/","url":"https:\/\/saiga.es\/wp-content\/uploads\/2025\/07\/logo_saiga_baseline_optimitzat.svg","contentUrl":"https:\/\/saiga.es\/wp-content\/uploads\/2025\/07\/logo_saiga_baseline_optimitzat.svg","caption":"SAIGA"},"image":{"@id":"https:\/\/saiga.es\/es\/#\/schema\/logo\/image\/"},"sameAs":["https:\/\/x.com\/saiga_agro","https:\/\/www.instagram.com\/saiga_agro\/"]}]}},"_links":{"self":[{"href":"https:\/\/saiga.es\/es\/wp-json\/wp\/v2\/product\/17691","targetHints":{"allow":["GET"]}}],"collection":[{"href":"https:\/\/saiga.es\/es\/wp-json\/wp\/v2\/product"}],"about":[{"href":"https:\/\/saiga.es\/es\/wp-json\/wp\/v2\/types\/product"}],"replies":[{"embeddable":true,"href":"https:\/\/saiga.es\/es\/wp-json\/wp\/v2\/comments?post=17691"}],"wp:featuredmedia":[{"embeddable":true,"href":"https:\/\/saiga.es\/es\/wp-json\/wp\/v2\/media\/17689"}],"wp:attachment":[{"href":"https:\/\/saiga.es\/es\/wp-json\/wp\/v2\/media?parent=17691"}],"wp:term":[{"taxonomy":"product_brand","embeddable":true,"href":"https:\/\/saiga.es\/es\/wp-json\/wp\/v2\/product_brand?post=17691"},{"taxonomy":"product_cat","embeddable":true,"href":"https:\/\/saiga.es\/es\/wp-json\/wp\/v2\/product_cat?post=17691"},{"taxonomy":"product_tag","embeddable":true,"href":"https:\/\/saiga.es\/es\/wp-json\/wp\/v2\/product_tag?post=17691"}],"curies":[{"name":"wp","href":"https:\/\/api.w.org\/{rel}","templated":true}]}}