{"id":17713,"date":"2026-01-09T14:19:40","date_gmt":"2026-01-09T14:19:40","guid":{"rendered":"https:\/\/saiga.es\/producte\/siapton-bioestimulante-con-aminoacidos\/"},"modified":"2026-01-09T14:19:40","modified_gmt":"2026-01-09T14:19:40","slug":"siapton-bioestimulante-con-aminoacidos","status":"publish","type":"product","link":"https:\/\/saiga.es\/es\/producto\/siapton-bioestimulante-con-aminoacidos\/","title":{"rendered":"Siapton bioestimulante con amino\u00e1cidos"},"content":{"rendered":"<p>Siapton bioestimulante con amino\u00e1cidos es un producto que la planta absorbe r\u00e1pidamente. Ayuda a los cultivos a estar m\u00e1s fuertes y equilibrados, mejorando su funcionamiento interno y favoreciendo una cosecha de mayor calidad y rendimiento. <\/p>\n<p data-start=\"634\" data-end=\"665\"><strong data-start=\"641\" data-end=\"665\">Beneficios principales<\/strong><\/p>\n<ul data-start=\"666\" data-end=\"1302\">\n<li data-start=\"666\" data-end=\"800\">\n<p data-start=\"668\" data-end=\"800\">Mejora del vigor y crecimiento del cultivo gracias a la acci\u00f3n directa de los amino\u00e1cidos.<\/p>\n<\/li>\n<li data-start=\"801\" data-end=\"905\">\n<p data-start=\"803\" data-end=\"905\">R\u00e1pida absorci\u00f3n y translocaci\u00f3n tanto en hoja como en la ra\u00edz.<\/p>\n<\/li>\n<li data-start=\"906\" data-end=\"1075\">\n<p data-start=\"908\" data-end=\"1075\">Ayuda a las plantas a recuperarse del estr\u00e9s ambiental, incluyendo por heladas, sequ\u00eda, calor intenso o da\u00f1os por plagas.<\/p>\n<\/li>\n<li data-start=\"1076\" data-end=\"1193\">\n<p data-start=\"1078\" data-end=\"1193\">Mejora la calidad del fruto y aumenta el rendimiento final del cultivo.<\/p>\n<\/li>\n<li data-start=\"1194\" data-end=\"1302\">\n<p data-start=\"1196\" data-end=\"1302\">Potente bioactivador para aplicaciones foliar y fertirrigaci\u00f3n.<\/p>\n<\/li>\n<\/ul>\n<p data-start=\"1304\" data-end=\"1338\"><strong data-start=\"1311\" data-end=\"1338\">Aplicaciones recomendadas<\/strong><\/p>\n<p data-start=\"1339\" data-end=\"1552\">Siapton es indicado para un amplio abanico de cultivos: hort\u00edcolas (como lechugas y hojas), frutales, c\u00edtricos, vid, cereales, forrajeras, ornamentales y m\u00e1s.<\/p>\n<p data-start=\"1554\" data-end=\"1791\">Se puede aplicar en cualquier fase de desarrollo del cultivo, especialmente en momentos de gran crecimiento vegetativo y despu\u00e9s de situaciones de estr\u00e9s (heladas, pedrisco, sequ\u00eda o fitotoxicidad).<\/p>\n<p data-start=\"1793\" data-end=\"1813\"><strong data-start=\"1800\" data-end=\"1813\">C\u00f3mo act\u00faa<\/strong><\/p>\n<p data-start=\"1814\" data-end=\"2070\">Los amino\u00e1cidos de Siapton son absorbidos r\u00e1pidamente por la planta, translocados eficientemente a lo largo de tejidos y utilizados para potenciar procesos vitales como crecimiento, recuperaci\u00f3n y metabolismo.<\/p>\n","protected":false},"excerpt":{"rendered":"<p>Siapton bioestimulante con amino\u00e1cidos es un producto que la planta absorbe r\u00e1pidamente. Ayuda a los cultivos a estar m\u00e1s fuertes y equilibrados, mejorando su funcionamiento interno y favoreciendo una cosecha de mayor calidad y rendimiento. <\/p>\n","protected":false},"featured_media":17706,"comment_status":"closed","ping_status":"closed","template":"","meta":[],"product_brand":[],"product_cat":[1879,389,157],"product_tag":[],"class_list":{"0":"post-17713","1":"product","2":"type-product","3":"status-publish","4":"has-post-thumbnail","6":"product_cat-frutales","7":"product_cat-huerto","8":"product_cat-biocidas","10":"first","11":"instock","12":"taxable","13":"shipping-taxable","14":"purchasable","15":"product-type-variable"},"yoast_head":"<!-- This site is optimized with the Yoast SEO plugin v27.4 - https:\/\/yoast.com\/product\/yoast-seo-wordpress\/ -->\n<title>Siapton bioestimulante con amino\u00e1cidos | SAIGA<\/title>\n<meta name=\"description\" content=\"Siapton bioestimulante con amino\u00e1cidos para reforzar el cultivo frente al estr\u00e9s ambiental. Muy eficaz en episodios de heladas y fr\u00edo intenso.\" \/>\n<meta name=\"robots\" content=\"index, follow, max-snippet:-1, max-image-preview:large, max-video-preview:-1\" \/>\n<link rel=\"canonical\" href=\"https:\/\/saiga.es\/es\/producto\/siapton-bioestimulante-con-aminoacidos\/\" \/>\n<meta property=\"og:locale\" content=\"es_ES\" \/>\n<meta property=\"og:type\" content=\"article\" \/>\n<meta property=\"og:title\" content=\"Siapton bioestimulante con amino\u00e1cidos | SAIGA\" \/>\n<meta property=\"og:description\" content=\"Siapton bioestimulante con amino\u00e1cidos para reforzar el cultivo frente al estr\u00e9s ambiental. Muy eficaz en episodios de heladas y fr\u00edo intenso.\" \/>\n<meta property=\"og:url\" content=\"https:\/\/saiga.es\/es\/producto\/siapton-bioestimulante-con-aminoacidos\/\" \/>\n<meta property=\"og:site_name\" content=\"SAIGA\" \/>\n<meta property=\"og:image\" content=\"https:\/\/saiga.es\/wp-content\/uploads\/2026\/01\/Siapton.jpg\" \/>\n\t<meta property=\"og:image:width\" content=\"1080\" \/>\n\t<meta property=\"og:image:height\" content=\"1080\" \/>\n\t<meta property=\"og:image:type\" content=\"image\/jpeg\" \/>\n<meta name=\"twitter:card\" content=\"summary_large_image\" \/>\n<meta name=\"twitter:site\" content=\"@saiga_agro\" \/>\n<meta name=\"twitter:label1\" content=\"Tiempo de lectura\" \/>\n\t<meta name=\"twitter:data1\" content=\"1 minuto\" \/>\n<script type=\"application\/ld+json\" class=\"yoast-schema-graph\">{\"@context\":\"https:\\\/\\\/schema.org\",\"@graph\":[{\"@type\":\"WebPage\",\"@id\":\"https:\\\/\\\/saiga.es\\\/es\\\/producto\\\/siapton-bioestimulante-con-aminoacidos\\\/\",\"url\":\"https:\\\/\\\/saiga.es\\\/es\\\/producto\\\/siapton-bioestimulante-con-aminoacidos\\\/\",\"name\":\"Siapton bioestimulante con amino\u00e1cidos | SAIGA\",\"isPartOf\":{\"@id\":\"https:\\\/\\\/saiga.es\\\/es\\\/#website\"},\"primaryImageOfPage\":{\"@id\":\"https:\\\/\\\/saiga.es\\\/es\\\/producto\\\/siapton-bioestimulante-con-aminoacidos\\\/#primaryimage\"},\"image\":{\"@id\":\"https:\\\/\\\/saiga.es\\\/es\\\/producto\\\/siapton-bioestimulante-con-aminoacidos\\\/#primaryimage\"},\"thumbnailUrl\":\"https:\\\/\\\/saiga.es\\\/wp-content\\\/uploads\\\/2026\\\/01\\\/Siapton.jpg\",\"datePublished\":\"2026-01-09T14:19:40+00:00\",\"description\":\"Siapton bioestimulante con amino\u00e1cidos para reforzar el cultivo frente al estr\u00e9s ambiental. Muy eficaz en episodios de heladas y fr\u00edo intenso.\",\"breadcrumb\":{\"@id\":\"https:\\\/\\\/saiga.es\\\/es\\\/producto\\\/siapton-bioestimulante-con-aminoacidos\\\/#breadcrumb\"},\"inLanguage\":\"es\",\"potentialAction\":[{\"@type\":\"ReadAction\",\"target\":[\"https:\\\/\\\/saiga.es\\\/es\\\/producto\\\/siapton-bioestimulante-con-aminoacidos\\\/\"]}]},{\"@type\":\"ImageObject\",\"inLanguage\":\"es\",\"@id\":\"https:\\\/\\\/saiga.es\\\/es\\\/producto\\\/siapton-bioestimulante-con-aminoacidos\\\/#primaryimage\",\"url\":\"https:\\\/\\\/saiga.es\\\/wp-content\\\/uploads\\\/2026\\\/01\\\/Siapton.jpg\",\"contentUrl\":\"https:\\\/\\\/saiga.es\\\/wp-content\\\/uploads\\\/2026\\\/01\\\/Siapton.jpg\",\"width\":1080,\"height\":1080,\"caption\":\"Siapton amino\u00e1cido\"},{\"@type\":\"BreadcrumbList\",\"@id\":\"https:\\\/\\\/saiga.es\\\/es\\\/producto\\\/siapton-bioestimulante-con-aminoacidos\\\/#breadcrumb\",\"itemListElement\":[{\"@type\":\"ListItem\",\"position\":1,\"name\":\"Inici\",\"item\":\"https:\\\/\\\/saiga.es\\\/es\\\/\"},{\"@type\":\"ListItem\",\"position\":2,\"name\":\"Tienda\",\"item\":\"https:\\\/\\\/saiga.es\\\/es\\\/tienda\\\/\"},{\"@type\":\"ListItem\",\"position\":3,\"name\":\"Siapton bioestimulante con amino\u00e1cidos\"}]},{\"@type\":\"WebSite\",\"@id\":\"https:\\\/\\\/saiga.es\\\/es\\\/#website\",\"url\":\"https:\\\/\\\/saiga.es\\\/es\\\/\",\"name\":\"SAIGA\",\"description\":\"M\u00e9s de 50 anys al servei de la terra i treballant per a un \u00fas eficient de l\u2019aigua!\",\"publisher\":{\"@id\":\"https:\\\/\\\/saiga.es\\\/es\\\/#organization\"},\"potentialAction\":[{\"@type\":\"SearchAction\",\"target\":{\"@type\":\"EntryPoint\",\"urlTemplate\":\"https:\\\/\\\/saiga.es\\\/es\\\/?s={search_term_string}\"},\"query-input\":{\"@type\":\"PropertyValueSpecification\",\"valueRequired\":true,\"valueName\":\"search_term_string\"}}],\"inLanguage\":\"es\"},{\"@type\":\"Organization\",\"@id\":\"https:\\\/\\\/saiga.es\\\/es\\\/#organization\",\"name\":\"SAIGA\",\"url\":\"https:\\\/\\\/saiga.es\\\/es\\\/\",\"logo\":{\"@type\":\"ImageObject\",\"inLanguage\":\"es\",\"@id\":\"https:\\\/\\\/saiga.es\\\/es\\\/#\\\/schema\\\/logo\\\/image\\\/\",\"url\":\"https:\\\/\\\/saiga.es\\\/wp-content\\\/uploads\\\/2025\\\/07\\\/logo_saiga_baseline_optimitzat.svg\",\"contentUrl\":\"https:\\\/\\\/saiga.es\\\/wp-content\\\/uploads\\\/2025\\\/07\\\/logo_saiga_baseline_optimitzat.svg\",\"caption\":\"SAIGA\"},\"image\":{\"@id\":\"https:\\\/\\\/saiga.es\\\/es\\\/#\\\/schema\\\/logo\\\/image\\\/\"},\"sameAs\":[\"https:\\\/\\\/x.com\\\/saiga_agro\",\"https:\\\/\\\/www.instagram.com\\\/saiga_agro\\\/\"]}]}<\/script>\n<!-- \/ Yoast SEO plugin. -->","yoast_head_json":{"title":"Siapton bioestimulante con amino\u00e1cidos | SAIGA","description":"Siapton bioestimulante con amino\u00e1cidos para reforzar el cultivo frente al estr\u00e9s ambiental. Muy eficaz en episodios de heladas y fr\u00edo intenso.","robots":{"index":"index","follow":"follow","max-snippet":"max-snippet:-1","max-image-preview":"max-image-preview:large","max-video-preview":"max-video-preview:-1"},"canonical":"https:\/\/saiga.es\/es\/producto\/siapton-bioestimulante-con-aminoacidos\/","og_locale":"es_ES","og_type":"article","og_title":"Siapton bioestimulante con amino\u00e1cidos | SAIGA","og_description":"Siapton bioestimulante con amino\u00e1cidos para reforzar el cultivo frente al estr\u00e9s ambiental. Muy eficaz en episodios de heladas y fr\u00edo intenso.","og_url":"https:\/\/saiga.es\/es\/producto\/siapton-bioestimulante-con-aminoacidos\/","og_site_name":"SAIGA","og_image":[{"width":1080,"height":1080,"url":"https:\/\/saiga.es\/wp-content\/uploads\/2026\/01\/Siapton.jpg","type":"image\/jpeg"}],"twitter_card":"summary_large_image","twitter_site":"@saiga_agro","twitter_misc":{"Tiempo de lectura":"1 minuto"},"schema":{"@context":"https:\/\/schema.org","@graph":[{"@type":"WebPage","@id":"https:\/\/saiga.es\/es\/producto\/siapton-bioestimulante-con-aminoacidos\/","url":"https:\/\/saiga.es\/es\/producto\/siapton-bioestimulante-con-aminoacidos\/","name":"Siapton bioestimulante con amino\u00e1cidos | SAIGA","isPartOf":{"@id":"https:\/\/saiga.es\/es\/#website"},"primaryImageOfPage":{"@id":"https:\/\/saiga.es\/es\/producto\/siapton-bioestimulante-con-aminoacidos\/#primaryimage"},"image":{"@id":"https:\/\/saiga.es\/es\/producto\/siapton-bioestimulante-con-aminoacidos\/#primaryimage"},"thumbnailUrl":"https:\/\/saiga.es\/wp-content\/uploads\/2026\/01\/Siapton.jpg","datePublished":"2026-01-09T14:19:40+00:00","description":"Siapton bioestimulante con amino\u00e1cidos para reforzar el cultivo frente al estr\u00e9s ambiental. Muy eficaz en episodios de heladas y fr\u00edo intenso.","breadcrumb":{"@id":"https:\/\/saiga.es\/es\/producto\/siapton-bioestimulante-con-aminoacidos\/#breadcrumb"},"inLanguage":"es","potentialAction":[{"@type":"ReadAction","target":["https:\/\/saiga.es\/es\/producto\/siapton-bioestimulante-con-aminoacidos\/"]}]},{"@type":"ImageObject","inLanguage":"es","@id":"https:\/\/saiga.es\/es\/producto\/siapton-bioestimulante-con-aminoacidos\/#primaryimage","url":"https:\/\/saiga.es\/wp-content\/uploads\/2026\/01\/Siapton.jpg","contentUrl":"https:\/\/saiga.es\/wp-content\/uploads\/2026\/01\/Siapton.jpg","width":1080,"height":1080,"caption":"Siapton amino\u00e1cido"},{"@type":"BreadcrumbList","@id":"https:\/\/saiga.es\/es\/producto\/siapton-bioestimulante-con-aminoacidos\/#breadcrumb","itemListElement":[{"@type":"ListItem","position":1,"name":"Inici","item":"https:\/\/saiga.es\/es\/"},{"@type":"ListItem","position":2,"name":"Tienda","item":"https:\/\/saiga.es\/es\/tienda\/"},{"@type":"ListItem","position":3,"name":"Siapton bioestimulante con amino\u00e1cidos"}]},{"@type":"WebSite","@id":"https:\/\/saiga.es\/es\/#website","url":"https:\/\/saiga.es\/es\/","name":"SAIGA","description":"M\u00e9s de 50 anys al servei de la terra i treballant per a un \u00fas eficient de l\u2019aigua!","publisher":{"@id":"https:\/\/saiga.es\/es\/#organization"},"potentialAction":[{"@type":"SearchAction","target":{"@type":"EntryPoint","urlTemplate":"https:\/\/saiga.es\/es\/?s={search_term_string}"},"query-input":{"@type":"PropertyValueSpecification","valueRequired":true,"valueName":"search_term_string"}}],"inLanguage":"es"},{"@type":"Organization","@id":"https:\/\/saiga.es\/es\/#organization","name":"SAIGA","url":"https:\/\/saiga.es\/es\/","logo":{"@type":"ImageObject","inLanguage":"es","@id":"https:\/\/saiga.es\/es\/#\/schema\/logo\/image\/","url":"https:\/\/saiga.es\/wp-content\/uploads\/2025\/07\/logo_saiga_baseline_optimitzat.svg","contentUrl":"https:\/\/saiga.es\/wp-content\/uploads\/2025\/07\/logo_saiga_baseline_optimitzat.svg","caption":"SAIGA"},"image":{"@id":"https:\/\/saiga.es\/es\/#\/schema\/logo\/image\/"},"sameAs":["https:\/\/x.com\/saiga_agro","https:\/\/www.instagram.com\/saiga_agro\/"]}]}},"_links":{"self":[{"href":"https:\/\/saiga.es\/es\/wp-json\/wp\/v2\/product\/17713","targetHints":{"allow":["GET"]}}],"collection":[{"href":"https:\/\/saiga.es\/es\/wp-json\/wp\/v2\/product"}],"about":[{"href":"https:\/\/saiga.es\/es\/wp-json\/wp\/v2\/types\/product"}],"replies":[{"embeddable":true,"href":"https:\/\/saiga.es\/es\/wp-json\/wp\/v2\/comments?post=17713"}],"wp:featuredmedia":[{"embeddable":true,"href":"https:\/\/saiga.es\/es\/wp-json\/wp\/v2\/media\/17706"}],"wp:attachment":[{"href":"https:\/\/saiga.es\/es\/wp-json\/wp\/v2\/media?parent=17713"}],"wp:term":[{"taxonomy":"product_brand","embeddable":true,"href":"https:\/\/saiga.es\/es\/wp-json\/wp\/v2\/product_brand?post=17713"},{"taxonomy":"product_cat","embeddable":true,"href":"https:\/\/saiga.es\/es\/wp-json\/wp\/v2\/product_cat?post=17713"},{"taxonomy":"product_tag","embeddable":true,"href":"https:\/\/saiga.es\/es\/wp-json\/wp\/v2\/product_tag?post=17713"}],"curies":[{"name":"wp","href":"https:\/\/api.w.org\/{rel}","templated":true}]}}