{"id":17785,"date":"2026-01-14T10:49:38","date_gmt":"2026-01-14T10:49:38","guid":{"rendered":"https:\/\/saiga.es\/producte\/protectnet-protector-de-malla-para-arboles-y-plantas\/"},"modified":"2026-01-27T14:58:06","modified_gmt":"2026-01-27T14:58:06","slug":"protectnet-protector-de-malla-para-arboles-y-plantas","status":"publish","type":"product","link":"https:\/\/saiga.es\/es\/producto\/protectnet-protector-de-malla-para-arboles-y-plantas\/","title":{"rendered":"Protection en filet pour arbres et plantes"},"content":{"rendered":"<p>El Protectnet es una soluci\u00f3n de protecci\u00f3n agr\u00edcola econ\u00f3mica y eficiente para proteger a \u00e1rboles j\u00f3venes, \u00e1rboles frutales, olivos y otras plantas en crecimiento contra el ataque de roedores y animales de campo. Fabricado con malla resistente y ligera, este protector evita los da\u00f1os que pueden causar conejos, liebres y otros animales herb\u00edvoros, facilitando un desarrollo sano de los plantones y reduciendo el riesgo de p\u00e9rdidas en plantaciones nuevas. <\/p>\n<p data-start=\"791\" data-end=\"823\">Caracter\u00edsticas principales:<\/p>\n<ul data-start=\"824\" data-end=\"1330\">\n<li data-start=\"824\" data-end=\"995\">\n<p data-start=\"826\" data-end=\"995\">Dimensiones est\u00e1ndar: 50 cm de altura x 23 cm de ancho, adaptado a diferentes especies de \u00e1rboles j\u00f3venes.<\/p>\n<\/li>\n<li data-start=\"996\" data-end=\"1179\">\n<p data-start=\"998\" data-end=\"1179\">Malla de protecci\u00f3n: Aperturas de malla de 8 \u00d7 8 mm que impiden el acceso de roedores sin afectar al crecimiento de la planta.<\/p>\n<\/li>\n<li data-start=\"1180\" data-end=\"1330\">\n<p data-start=\"1182\" data-end=\"1330\">Instalaci\u00f3n sencilla: Se coloca f\u00e1cilmente con 2 tutores para garantizar estabilidad y resistencia.<\/p>\n<\/li>\n<\/ul>\n<p data-start=\"1182\" data-end=\"1330\">Aplicaciones recomendadas:<\/p>\n<p data-start=\"1182\" data-end=\"1330\">Ideal para frutales, olivos, \u00e1rboles peque\u00f1os y zonas agr\u00edcolas expuestas a animales de campo, el Protectnet ofrece una barrera f\u00edsica duradera y de bajo coste que favorece el crecimiento saludable de las plantas.<\/p>\n","protected":false},"excerpt":{"rendered":"<p>Le filet de protection est une solution \u00e9conomique et efficace pour prot\u00e9ger les jeunes arbres, les arbres fruitiers, les oliviers et autres plantes en croissance contre les attaques de rongeurs et d&#8217;animaux des champs. Fabriqu\u00e9 en filet r\u00e9sistant et l\u00e9ger, ce filet pr\u00e9vient les d\u00e9g\u00e2ts caus\u00e9s par les lapins, les li\u00e8vres et autres herbivores, favorisant ainsi le bon d\u00e9veloppement des semis et r\u00e9duisant les risques de pertes dans les nouvelles plantations. <\/p>\n","protected":false},"featured_media":17780,"comment_status":"closed","ping_status":"closed","template":"","meta":[],"product_brand":[],"product_cat":[395,1554,157],"product_tag":[],"class_list":{"0":"post-17785","1":"product","2":"type-product","3":"status-publish","4":"has-post-thumbnail","6":"product_cat-biocidas-es","7":"product_cat-productos-naturales","8":"product_cat-biocidas","10":"first","11":"instock","12":"taxable","13":"shipping-taxable","14":"purchasable","15":"product-type-simple"},"yoast_head":"<!-- This site is optimized with the Yoast SEO plugin v27.4 - https:\/\/yoast.com\/product\/yoast-seo-wordpress\/ -->\n<title>Protection en filet pour arbres et plantes | SAIGA<\/title>\n<meta name=\"description\" content=\"Protection en filet pour jeunes arbres, pr\u00e9venant les dommages caus\u00e9s par les rongeurs et autres animaux. Id\u00e9ale pour les arbres fruitiers et les oliviers.\" \/>\n<meta name=\"robots\" content=\"index, follow, max-snippet:-1, max-image-preview:large, max-video-preview:-1\" \/>\n<link rel=\"canonical\" href=\"https:\/\/saiga.es\/es\/producto\/protectnet-protector-de-malla-para-arboles-y-plantas\/\" \/>\n<meta property=\"og:locale\" content=\"es_ES\" \/>\n<meta property=\"og:type\" content=\"article\" \/>\n<meta property=\"og:title\" content=\"Protection en filet pour arbres et plantes | SAIGA\" \/>\n<meta property=\"og:description\" content=\"Protection en filet pour jeunes arbres, pr\u00e9venant les dommages caus\u00e9s par les rongeurs et autres animaux. Id\u00e9ale pour les arbres fruitiers et les oliviers.\" \/>\n<meta property=\"og:url\" content=\"https:\/\/saiga.es\/es\/producto\/protectnet-protector-de-malla-para-arboles-y-plantas\/\" \/>\n<meta property=\"og:site_name\" content=\"SAIGA\" \/>\n<meta property=\"article:modified_time\" content=\"2026-01-27T14:58:06+00:00\" \/>\n<meta property=\"og:image\" content=\"https:\/\/saiga.es\/wp-content\/uploads\/2026\/01\/Protecnet.jpg\" \/>\n\t<meta property=\"og:image:width\" content=\"1080\" \/>\n\t<meta property=\"og:image:height\" content=\"1080\" \/>\n\t<meta property=\"og:image:type\" content=\"image\/jpeg\" \/>\n<meta name=\"twitter:card\" content=\"summary_large_image\" \/>\n<meta name=\"twitter:site\" content=\"@saiga_agro\" \/>\n<meta name=\"twitter:label1\" content=\"Tiempo de lectura\" \/>\n\t<meta name=\"twitter:data1\" content=\"1 minuto\" \/>\n<script type=\"application\/ld+json\" class=\"yoast-schema-graph\">{\"@context\":\"https:\\\/\\\/schema.org\",\"@graph\":[{\"@type\":\"WebPage\",\"@id\":\"https:\\\/\\\/saiga.es\\\/es\\\/producto\\\/protectnet-protector-de-malla-para-arboles-y-plantas\\\/\",\"url\":\"https:\\\/\\\/saiga.es\\\/es\\\/producto\\\/protectnet-protector-de-malla-para-arboles-y-plantas\\\/\",\"name\":\"Protection en filet pour arbres et plantes | SAIGA\",\"isPartOf\":{\"@id\":\"https:\\\/\\\/saiga.es\\\/es\\\/#website\"},\"primaryImageOfPage\":{\"@id\":\"https:\\\/\\\/saiga.es\\\/es\\\/producto\\\/protectnet-protector-de-malla-para-arboles-y-plantas\\\/#primaryimage\"},\"image\":{\"@id\":\"https:\\\/\\\/saiga.es\\\/es\\\/producto\\\/protectnet-protector-de-malla-para-arboles-y-plantas\\\/#primaryimage\"},\"thumbnailUrl\":\"https:\\\/\\\/saiga.es\\\/wp-content\\\/uploads\\\/2026\\\/01\\\/Protecnet.jpg\",\"datePublished\":\"2026-01-14T10:49:38+00:00\",\"dateModified\":\"2026-01-27T14:58:06+00:00\",\"description\":\"Protection en filet pour jeunes arbres, pr\u00e9venant les dommages caus\u00e9s par les rongeurs et autres animaux. Id\u00e9ale pour les arbres fruitiers et les oliviers.\",\"breadcrumb\":{\"@id\":\"https:\\\/\\\/saiga.es\\\/es\\\/producto\\\/protectnet-protector-de-malla-para-arboles-y-plantas\\\/#breadcrumb\"},\"inLanguage\":\"es\",\"potentialAction\":[{\"@type\":\"ReadAction\",\"target\":[\"https:\\\/\\\/saiga.es\\\/es\\\/producto\\\/protectnet-protector-de-malla-para-arboles-y-plantas\\\/\"]}]},{\"@type\":\"ImageObject\",\"inLanguage\":\"es\",\"@id\":\"https:\\\/\\\/saiga.es\\\/es\\\/producto\\\/protectnet-protector-de-malla-para-arboles-y-plantas\\\/#primaryimage\",\"url\":\"https:\\\/\\\/saiga.es\\\/wp-content\\\/uploads\\\/2026\\\/01\\\/Protecnet.jpg\",\"contentUrl\":\"https:\\\/\\\/saiga.es\\\/wp-content\\\/uploads\\\/2026\\\/01\\\/Protecnet.jpg\",\"width\":1080,\"height\":1080,\"caption\":\"Protectnet\"},{\"@type\":\"BreadcrumbList\",\"@id\":\"https:\\\/\\\/saiga.es\\\/es\\\/producto\\\/protectnet-protector-de-malla-para-arboles-y-plantas\\\/#breadcrumb\",\"itemListElement\":[{\"@type\":\"ListItem\",\"position\":1,\"name\":\"Inici\",\"item\":\"https:\\\/\\\/saiga.es\\\/es\\\/\"},{\"@type\":\"ListItem\",\"position\":2,\"name\":\"Tienda\",\"item\":\"https:\\\/\\\/saiga.es\\\/es\\\/tienda\\\/\"},{\"@type\":\"ListItem\",\"position\":3,\"name\":\"Protection en filet pour arbres et plantes\"}]},{\"@type\":\"WebSite\",\"@id\":\"https:\\\/\\\/saiga.es\\\/es\\\/#website\",\"url\":\"https:\\\/\\\/saiga.es\\\/es\\\/\",\"name\":\"SAIGA\",\"description\":\"M\u00e9s de 50 anys al servei de la terra i treballant per a un \u00fas eficient de l\u2019aigua!\",\"publisher\":{\"@id\":\"https:\\\/\\\/saiga.es\\\/es\\\/#organization\"},\"potentialAction\":[{\"@type\":\"SearchAction\",\"target\":{\"@type\":\"EntryPoint\",\"urlTemplate\":\"https:\\\/\\\/saiga.es\\\/es\\\/?s={search_term_string}\"},\"query-input\":{\"@type\":\"PropertyValueSpecification\",\"valueRequired\":true,\"valueName\":\"search_term_string\"}}],\"inLanguage\":\"es\"},{\"@type\":\"Organization\",\"@id\":\"https:\\\/\\\/saiga.es\\\/es\\\/#organization\",\"name\":\"SAIGA\",\"url\":\"https:\\\/\\\/saiga.es\\\/es\\\/\",\"logo\":{\"@type\":\"ImageObject\",\"inLanguage\":\"es\",\"@id\":\"https:\\\/\\\/saiga.es\\\/es\\\/#\\\/schema\\\/logo\\\/image\\\/\",\"url\":\"https:\\\/\\\/saiga.es\\\/wp-content\\\/uploads\\\/2025\\\/07\\\/logo_saiga_baseline_optimitzat.svg\",\"contentUrl\":\"https:\\\/\\\/saiga.es\\\/wp-content\\\/uploads\\\/2025\\\/07\\\/logo_saiga_baseline_optimitzat.svg\",\"caption\":\"SAIGA\"},\"image\":{\"@id\":\"https:\\\/\\\/saiga.es\\\/es\\\/#\\\/schema\\\/logo\\\/image\\\/\"},\"sameAs\":[\"https:\\\/\\\/x.com\\\/saiga_agro\",\"https:\\\/\\\/www.instagram.com\\\/saiga_agro\\\/\"]}]}<\/script>\n<!-- \/ Yoast SEO plugin. -->","yoast_head_json":{"title":"Protection en filet pour arbres et plantes | SAIGA","description":"Protection en filet pour jeunes arbres, pr\u00e9venant les dommages caus\u00e9s par les rongeurs et autres animaux. Id\u00e9ale pour les arbres fruitiers et les oliviers.","robots":{"index":"index","follow":"follow","max-snippet":"max-snippet:-1","max-image-preview":"max-image-preview:large","max-video-preview":"max-video-preview:-1"},"canonical":"https:\/\/saiga.es\/es\/producto\/protectnet-protector-de-malla-para-arboles-y-plantas\/","og_locale":"es_ES","og_type":"article","og_title":"Protection en filet pour arbres et plantes | SAIGA","og_description":"Protection en filet pour jeunes arbres, pr\u00e9venant les dommages caus\u00e9s par les rongeurs et autres animaux. Id\u00e9ale pour les arbres fruitiers et les oliviers.","og_url":"https:\/\/saiga.es\/es\/producto\/protectnet-protector-de-malla-para-arboles-y-plantas\/","og_site_name":"SAIGA","article_modified_time":"2026-01-27T14:58:06+00:00","og_image":[{"width":1080,"height":1080,"url":"https:\/\/saiga.es\/wp-content\/uploads\/2026\/01\/Protecnet.jpg","type":"image\/jpeg"}],"twitter_card":"summary_large_image","twitter_site":"@saiga_agro","twitter_misc":{"Tiempo de lectura":"1 minuto"},"schema":{"@context":"https:\/\/schema.org","@graph":[{"@type":"WebPage","@id":"https:\/\/saiga.es\/es\/producto\/protectnet-protector-de-malla-para-arboles-y-plantas\/","url":"https:\/\/saiga.es\/es\/producto\/protectnet-protector-de-malla-para-arboles-y-plantas\/","name":"Protection en filet pour arbres et plantes | SAIGA","isPartOf":{"@id":"https:\/\/saiga.es\/es\/#website"},"primaryImageOfPage":{"@id":"https:\/\/saiga.es\/es\/producto\/protectnet-protector-de-malla-para-arboles-y-plantas\/#primaryimage"},"image":{"@id":"https:\/\/saiga.es\/es\/producto\/protectnet-protector-de-malla-para-arboles-y-plantas\/#primaryimage"},"thumbnailUrl":"https:\/\/saiga.es\/wp-content\/uploads\/2026\/01\/Protecnet.jpg","datePublished":"2026-01-14T10:49:38+00:00","dateModified":"2026-01-27T14:58:06+00:00","description":"Protection en filet pour jeunes arbres, pr\u00e9venant les dommages caus\u00e9s par les rongeurs et autres animaux. Id\u00e9ale pour les arbres fruitiers et les oliviers.","breadcrumb":{"@id":"https:\/\/saiga.es\/es\/producto\/protectnet-protector-de-malla-para-arboles-y-plantas\/#breadcrumb"},"inLanguage":"es","potentialAction":[{"@type":"ReadAction","target":["https:\/\/saiga.es\/es\/producto\/protectnet-protector-de-malla-para-arboles-y-plantas\/"]}]},{"@type":"ImageObject","inLanguage":"es","@id":"https:\/\/saiga.es\/es\/producto\/protectnet-protector-de-malla-para-arboles-y-plantas\/#primaryimage","url":"https:\/\/saiga.es\/wp-content\/uploads\/2026\/01\/Protecnet.jpg","contentUrl":"https:\/\/saiga.es\/wp-content\/uploads\/2026\/01\/Protecnet.jpg","width":1080,"height":1080,"caption":"Protectnet"},{"@type":"BreadcrumbList","@id":"https:\/\/saiga.es\/es\/producto\/protectnet-protector-de-malla-para-arboles-y-plantas\/#breadcrumb","itemListElement":[{"@type":"ListItem","position":1,"name":"Inici","item":"https:\/\/saiga.es\/es\/"},{"@type":"ListItem","position":2,"name":"Tienda","item":"https:\/\/saiga.es\/es\/tienda\/"},{"@type":"ListItem","position":3,"name":"Protection en filet pour arbres et plantes"}]},{"@type":"WebSite","@id":"https:\/\/saiga.es\/es\/#website","url":"https:\/\/saiga.es\/es\/","name":"SAIGA","description":"M\u00e9s de 50 anys al servei de la terra i treballant per a un \u00fas eficient de l\u2019aigua!","publisher":{"@id":"https:\/\/saiga.es\/es\/#organization"},"potentialAction":[{"@type":"SearchAction","target":{"@type":"EntryPoint","urlTemplate":"https:\/\/saiga.es\/es\/?s={search_term_string}"},"query-input":{"@type":"PropertyValueSpecification","valueRequired":true,"valueName":"search_term_string"}}],"inLanguage":"es"},{"@type":"Organization","@id":"https:\/\/saiga.es\/es\/#organization","name":"SAIGA","url":"https:\/\/saiga.es\/es\/","logo":{"@type":"ImageObject","inLanguage":"es","@id":"https:\/\/saiga.es\/es\/#\/schema\/logo\/image\/","url":"https:\/\/saiga.es\/wp-content\/uploads\/2025\/07\/logo_saiga_baseline_optimitzat.svg","contentUrl":"https:\/\/saiga.es\/wp-content\/uploads\/2025\/07\/logo_saiga_baseline_optimitzat.svg","caption":"SAIGA"},"image":{"@id":"https:\/\/saiga.es\/es\/#\/schema\/logo\/image\/"},"sameAs":["https:\/\/x.com\/saiga_agro","https:\/\/www.instagram.com\/saiga_agro\/"]}]}},"_links":{"self":[{"href":"https:\/\/saiga.es\/es\/wp-json\/wp\/v2\/product\/17785","targetHints":{"allow":["GET"]}}],"collection":[{"href":"https:\/\/saiga.es\/es\/wp-json\/wp\/v2\/product"}],"about":[{"href":"https:\/\/saiga.es\/es\/wp-json\/wp\/v2\/types\/product"}],"replies":[{"embeddable":true,"href":"https:\/\/saiga.es\/es\/wp-json\/wp\/v2\/comments?post=17785"}],"wp:featuredmedia":[{"embeddable":true,"href":"https:\/\/saiga.es\/es\/wp-json\/wp\/v2\/media\/17780"}],"wp:attachment":[{"href":"https:\/\/saiga.es\/es\/wp-json\/wp\/v2\/media?parent=17785"}],"wp:term":[{"taxonomy":"product_brand","embeddable":true,"href":"https:\/\/saiga.es\/es\/wp-json\/wp\/v2\/product_brand?post=17785"},{"taxonomy":"product_cat","embeddable":true,"href":"https:\/\/saiga.es\/es\/wp-json\/wp\/v2\/product_cat?post=17785"},{"taxonomy":"product_tag","embeddable":true,"href":"https:\/\/saiga.es\/es\/wp-json\/wp\/v2\/product_tag?post=17785"}],"curies":[{"name":"wp","href":"https:\/\/api.w.org\/{rel}","templated":true}]}}