{"id":18028,"date":"2026-01-21T13:10:38","date_gmt":"2026-01-21T13:10:38","guid":{"rendered":"https:\/\/saiga.es\/producte\/te-90-pvc-presion-f-f\/"},"modified":"2026-01-21T13:10:38","modified_gmt":"2026-01-21T13:10:38","slug":"te-90-pvc-presion-f-f","status":"publish","type":"product","link":"https:\/\/saiga.es\/es\/producto\/te-90-pvc-presion-f-f\/","title":{"rendered":"T\u00e9 90\u00b0 PVC Presi\u00f3n F-F"},"content":{"rendered":"<p data-start=\"282\" data-end=\"725\">T\u00e9 de 90\u00b0 para PVC de presi\u00f3n con conexiones Hembra &#8211; Hembra es un accesorio esencial para instalaciones de conducci\u00f3n de agua al vac\u00edo ya presi\u00f3n, especialmente en redes de agua potable, regad\u00edo o distribuci\u00f3n de fluidos. Est\u00e1 fabricado en PVC duro (PVC-U) de gran resistencia, que garantiza una uni\u00f3n estanca y duradera sin corrosi\u00f3n ni deterioro con uso continuado. <\/p>\n<p data-start=\"727\" data-end=\"762\">Caracter\u00edsticas principales:<\/p>\n<ul data-start=\"763\" data-end=\"1468\">\n<li data-start=\"763\" data-end=\"864\">\n<p data-start=\"765\" data-end=\"864\">Material de calidad: PVC r\u00edgido para alta durabilidad.<\/p>\n<\/li>\n<li data-start=\"865\" data-end=\"1009\">\n<p data-start=\"867\" data-end=\"1009\">Conexiones hembra-hembra: Permite unir tres tramos de tubo con el mismo di\u00e1metro de forma sencilla.<\/p>\n<\/li>\n<li data-start=\"1010\" data-end=\"1144\">\n<p data-start=\"1012\" data-end=\"1144\">Dise\u00f1o en forma de \u201cT\u201d a 90\u00b0: Ideal para crear derivaciones en sistemas de canalizaci\u00f3n.<\/p>\n<\/li>\n<li data-start=\"1145\" data-end=\"1310\">\n<p data-start=\"1147\" data-end=\"1310\">Uso profesional: Adecuado para instalaciones de agua potable, sistemas de presi\u00f3n y otros fluidos compatibles con PVC.<\/p>\n<\/li>\n<li data-start=\"1311\" data-end=\"1468\">\n<p data-start=\"1313\" data-end=\"1468\">F\u00e1cil de montar: Conexi\u00f3n para encolar (encaje solvente) o roscada seg\u00fan modelo, para un montaje r\u00e1pido y seguro.<\/p>\n<\/li>\n<\/ul>\n<p data-start=\"1470\" data-end=\"1841\">La Te igual 90\u00ba PVC presi\u00f3n F-F es una soluci\u00f3n robusta y eficaz para profesionales de la fontaner\u00eda, constructoras o aficionados que necesitan una derivaci\u00f3n de tuber\u00eda consistente y duradera. Es compatible con sistemas de tuber\u00eda normalizados y puede integrarse con facilidad en cualquier proyecto de conducci\u00f3n de agua. <\/p>\n","protected":false},"excerpt":{"rendered":"<p>T\u00e9 de 90\u00b0 para PVC de presi\u00f3n con conexiones Hembra &#8211; Hembra es un accesorio esencial para instalaciones de conducci\u00f3n de agua al vac\u00edo ya presi\u00f3n, especialmente en redes de agua potable, regad\u00edo o distribuci\u00f3n de fluidos. Est\u00e1 fabricado en PVC duro (PVC-U) de gran resistencia, que garantiza una uni\u00f3n estanca y duradera sin corrosi\u00f3n ni deterioro con uso continuado. <\/p>\n","protected":false},"featured_media":17977,"comment_status":"closed","ping_status":"closed","template":"","meta":[],"product_brand":[],"product_cat":[2344,157],"product_tag":[],"class_list":{"0":"post-18028","1":"product","2":"type-product","3":"status-publish","4":"has-post-thumbnail","6":"product_cat-accessoris-pvc","7":"product_cat-biocidas","9":"first","10":"instock","11":"taxable","12":"shipping-taxable","13":"purchasable","14":"product-type-variable"},"yoast_head":"<!-- This site is optimized with the Yoast SEO plugin v27.4 - https:\/\/yoast.com\/product\/yoast-seo-wordpress\/ -->\n<title>T\u00e9 90\u00b0 PVC Presi\u00f3n F-F | SAIGA<\/title>\n<meta name=\"description\" content=\"T\u00e9 90\u00b0 PVC Presi\u00f3n F-Fde presi\u00f3n con conexiones Hembra - Hembra es un accesorio esencial para instalaciones de conducci\u00f3n de agua al vac\u00edo ya presi\u00f3n.\" \/>\n<meta name=\"robots\" content=\"index, follow, max-snippet:-1, max-image-preview:large, max-video-preview:-1\" \/>\n<link rel=\"canonical\" href=\"https:\/\/saiga.es\/es\/producto\/te-90-pvc-presion-f-f\/\" \/>\n<meta property=\"og:locale\" content=\"es_ES\" \/>\n<meta property=\"og:type\" content=\"article\" \/>\n<meta property=\"og:title\" content=\"T\u00e9 90\u00b0 PVC Presi\u00f3n F-F | SAIGA\" \/>\n<meta property=\"og:description\" content=\"T\u00e9 90\u00b0 PVC Presi\u00f3n F-Fde presi\u00f3n con conexiones Hembra - Hembra es un accesorio esencial para instalaciones de conducci\u00f3n de agua al vac\u00edo ya presi\u00f3n.\" \/>\n<meta property=\"og:url\" content=\"https:\/\/saiga.es\/es\/producto\/te-90-pvc-presion-f-f\/\" \/>\n<meta property=\"og:site_name\" content=\"SAIGA\" \/>\n<meta property=\"og:image\" content=\"https:\/\/saiga.es\/wp-content\/uploads\/2026\/01\/Te-igual-90o-F-PVC.jpg\" \/>\n\t<meta property=\"og:image:width\" content=\"1080\" \/>\n\t<meta property=\"og:image:height\" content=\"1080\" \/>\n\t<meta property=\"og:image:type\" content=\"image\/jpeg\" \/>\n<meta name=\"twitter:card\" content=\"summary_large_image\" \/>\n<meta name=\"twitter:site\" content=\"@saiga_agro\" \/>\n<meta name=\"twitter:label1\" content=\"Tiempo de lectura\" \/>\n\t<meta name=\"twitter:data1\" content=\"1 minuto\" \/>\n<script type=\"application\/ld+json\" class=\"yoast-schema-graph\">{\"@context\":\"https:\\\/\\\/schema.org\",\"@graph\":[{\"@type\":\"WebPage\",\"@id\":\"https:\\\/\\\/saiga.es\\\/es\\\/producto\\\/te-90-pvc-presion-f-f\\\/\",\"url\":\"https:\\\/\\\/saiga.es\\\/es\\\/producto\\\/te-90-pvc-presion-f-f\\\/\",\"name\":\"T\u00e9 90\u00b0 PVC Presi\u00f3n F-F | SAIGA\",\"isPartOf\":{\"@id\":\"https:\\\/\\\/saiga.es\\\/es\\\/#website\"},\"primaryImageOfPage\":{\"@id\":\"https:\\\/\\\/saiga.es\\\/es\\\/producto\\\/te-90-pvc-presion-f-f\\\/#primaryimage\"},\"image\":{\"@id\":\"https:\\\/\\\/saiga.es\\\/es\\\/producto\\\/te-90-pvc-presion-f-f\\\/#primaryimage\"},\"thumbnailUrl\":\"https:\\\/\\\/saiga.es\\\/wp-content\\\/uploads\\\/2026\\\/01\\\/Te-igual-90o-F-PVC.jpg\",\"datePublished\":\"2026-01-21T13:10:38+00:00\",\"description\":\"T\u00e9 90\u00b0 PVC Presi\u00f3n F-Fde presi\u00f3n con conexiones Hembra - Hembra es un accesorio esencial para instalaciones de conducci\u00f3n de agua al vac\u00edo ya presi\u00f3n.\",\"breadcrumb\":{\"@id\":\"https:\\\/\\\/saiga.es\\\/es\\\/producto\\\/te-90-pvc-presion-f-f\\\/#breadcrumb\"},\"inLanguage\":\"es\",\"potentialAction\":[{\"@type\":\"ReadAction\",\"target\":[\"https:\\\/\\\/saiga.es\\\/es\\\/producto\\\/te-90-pvc-presion-f-f\\\/\"]}]},{\"@type\":\"ImageObject\",\"inLanguage\":\"es\",\"@id\":\"https:\\\/\\\/saiga.es\\\/es\\\/producto\\\/te-90-pvc-presion-f-f\\\/#primaryimage\",\"url\":\"https:\\\/\\\/saiga.es\\\/wp-content\\\/uploads\\\/2026\\\/01\\\/Te-igual-90o-F-PVC.jpg\",\"contentUrl\":\"https:\\\/\\\/saiga.es\\\/wp-content\\\/uploads\\\/2026\\\/01\\\/Te-igual-90o-F-PVC.jpg\",\"width\":1080,\"height\":1080,\"caption\":\"Te 90\u00b0 PVC Pressi\u00f3 F-F\"},{\"@type\":\"BreadcrumbList\",\"@id\":\"https:\\\/\\\/saiga.es\\\/es\\\/producto\\\/te-90-pvc-presion-f-f\\\/#breadcrumb\",\"itemListElement\":[{\"@type\":\"ListItem\",\"position\":1,\"name\":\"Inici\",\"item\":\"https:\\\/\\\/saiga.es\\\/es\\\/\"},{\"@type\":\"ListItem\",\"position\":2,\"name\":\"Tienda\",\"item\":\"https:\\\/\\\/saiga.es\\\/es\\\/tienda\\\/\"},{\"@type\":\"ListItem\",\"position\":3,\"name\":\"T\u00e9 90\u00b0 PVC Presi\u00f3n F-F\"}]},{\"@type\":\"WebSite\",\"@id\":\"https:\\\/\\\/saiga.es\\\/es\\\/#website\",\"url\":\"https:\\\/\\\/saiga.es\\\/es\\\/\",\"name\":\"SAIGA\",\"description\":\"M\u00e9s de 50 anys al servei de la terra i treballant per a un \u00fas eficient de l\u2019aigua!\",\"publisher\":{\"@id\":\"https:\\\/\\\/saiga.es\\\/es\\\/#organization\"},\"potentialAction\":[{\"@type\":\"SearchAction\",\"target\":{\"@type\":\"EntryPoint\",\"urlTemplate\":\"https:\\\/\\\/saiga.es\\\/es\\\/?s={search_term_string}\"},\"query-input\":{\"@type\":\"PropertyValueSpecification\",\"valueRequired\":true,\"valueName\":\"search_term_string\"}}],\"inLanguage\":\"es\"},{\"@type\":\"Organization\",\"@id\":\"https:\\\/\\\/saiga.es\\\/es\\\/#organization\",\"name\":\"SAIGA\",\"url\":\"https:\\\/\\\/saiga.es\\\/es\\\/\",\"logo\":{\"@type\":\"ImageObject\",\"inLanguage\":\"es\",\"@id\":\"https:\\\/\\\/saiga.es\\\/es\\\/#\\\/schema\\\/logo\\\/image\\\/\",\"url\":\"https:\\\/\\\/saiga.es\\\/wp-content\\\/uploads\\\/2025\\\/07\\\/logo_saiga_baseline_optimitzat.svg\",\"contentUrl\":\"https:\\\/\\\/saiga.es\\\/wp-content\\\/uploads\\\/2025\\\/07\\\/logo_saiga_baseline_optimitzat.svg\",\"caption\":\"SAIGA\"},\"image\":{\"@id\":\"https:\\\/\\\/saiga.es\\\/es\\\/#\\\/schema\\\/logo\\\/image\\\/\"},\"sameAs\":[\"https:\\\/\\\/x.com\\\/saiga_agro\",\"https:\\\/\\\/www.instagram.com\\\/saiga_agro\\\/\"]}]}<\/script>\n<!-- \/ Yoast SEO plugin. -->","yoast_head_json":{"title":"T\u00e9 90\u00b0 PVC Presi\u00f3n F-F | SAIGA","description":"T\u00e9 90\u00b0 PVC Presi\u00f3n F-Fde presi\u00f3n con conexiones Hembra - Hembra es un accesorio esencial para instalaciones de conducci\u00f3n de agua al vac\u00edo ya presi\u00f3n.","robots":{"index":"index","follow":"follow","max-snippet":"max-snippet:-1","max-image-preview":"max-image-preview:large","max-video-preview":"max-video-preview:-1"},"canonical":"https:\/\/saiga.es\/es\/producto\/te-90-pvc-presion-f-f\/","og_locale":"es_ES","og_type":"article","og_title":"T\u00e9 90\u00b0 PVC Presi\u00f3n F-F | SAIGA","og_description":"T\u00e9 90\u00b0 PVC Presi\u00f3n F-Fde presi\u00f3n con conexiones Hembra - Hembra es un accesorio esencial para instalaciones de conducci\u00f3n de agua al vac\u00edo ya presi\u00f3n.","og_url":"https:\/\/saiga.es\/es\/producto\/te-90-pvc-presion-f-f\/","og_site_name":"SAIGA","og_image":[{"width":1080,"height":1080,"url":"https:\/\/saiga.es\/wp-content\/uploads\/2026\/01\/Te-igual-90o-F-PVC.jpg","type":"image\/jpeg"}],"twitter_card":"summary_large_image","twitter_site":"@saiga_agro","twitter_misc":{"Tiempo de lectura":"1 minuto"},"schema":{"@context":"https:\/\/schema.org","@graph":[{"@type":"WebPage","@id":"https:\/\/saiga.es\/es\/producto\/te-90-pvc-presion-f-f\/","url":"https:\/\/saiga.es\/es\/producto\/te-90-pvc-presion-f-f\/","name":"T\u00e9 90\u00b0 PVC Presi\u00f3n F-F | SAIGA","isPartOf":{"@id":"https:\/\/saiga.es\/es\/#website"},"primaryImageOfPage":{"@id":"https:\/\/saiga.es\/es\/producto\/te-90-pvc-presion-f-f\/#primaryimage"},"image":{"@id":"https:\/\/saiga.es\/es\/producto\/te-90-pvc-presion-f-f\/#primaryimage"},"thumbnailUrl":"https:\/\/saiga.es\/wp-content\/uploads\/2026\/01\/Te-igual-90o-F-PVC.jpg","datePublished":"2026-01-21T13:10:38+00:00","description":"T\u00e9 90\u00b0 PVC Presi\u00f3n F-Fde presi\u00f3n con conexiones Hembra - Hembra es un accesorio esencial para instalaciones de conducci\u00f3n de agua al vac\u00edo ya presi\u00f3n.","breadcrumb":{"@id":"https:\/\/saiga.es\/es\/producto\/te-90-pvc-presion-f-f\/#breadcrumb"},"inLanguage":"es","potentialAction":[{"@type":"ReadAction","target":["https:\/\/saiga.es\/es\/producto\/te-90-pvc-presion-f-f\/"]}]},{"@type":"ImageObject","inLanguage":"es","@id":"https:\/\/saiga.es\/es\/producto\/te-90-pvc-presion-f-f\/#primaryimage","url":"https:\/\/saiga.es\/wp-content\/uploads\/2026\/01\/Te-igual-90o-F-PVC.jpg","contentUrl":"https:\/\/saiga.es\/wp-content\/uploads\/2026\/01\/Te-igual-90o-F-PVC.jpg","width":1080,"height":1080,"caption":"Te 90\u00b0 PVC Pressi\u00f3 F-F"},{"@type":"BreadcrumbList","@id":"https:\/\/saiga.es\/es\/producto\/te-90-pvc-presion-f-f\/#breadcrumb","itemListElement":[{"@type":"ListItem","position":1,"name":"Inici","item":"https:\/\/saiga.es\/es\/"},{"@type":"ListItem","position":2,"name":"Tienda","item":"https:\/\/saiga.es\/es\/tienda\/"},{"@type":"ListItem","position":3,"name":"T\u00e9 90\u00b0 PVC Presi\u00f3n F-F"}]},{"@type":"WebSite","@id":"https:\/\/saiga.es\/es\/#website","url":"https:\/\/saiga.es\/es\/","name":"SAIGA","description":"M\u00e9s de 50 anys al servei de la terra i treballant per a un \u00fas eficient de l\u2019aigua!","publisher":{"@id":"https:\/\/saiga.es\/es\/#organization"},"potentialAction":[{"@type":"SearchAction","target":{"@type":"EntryPoint","urlTemplate":"https:\/\/saiga.es\/es\/?s={search_term_string}"},"query-input":{"@type":"PropertyValueSpecification","valueRequired":true,"valueName":"search_term_string"}}],"inLanguage":"es"},{"@type":"Organization","@id":"https:\/\/saiga.es\/es\/#organization","name":"SAIGA","url":"https:\/\/saiga.es\/es\/","logo":{"@type":"ImageObject","inLanguage":"es","@id":"https:\/\/saiga.es\/es\/#\/schema\/logo\/image\/","url":"https:\/\/saiga.es\/wp-content\/uploads\/2025\/07\/logo_saiga_baseline_optimitzat.svg","contentUrl":"https:\/\/saiga.es\/wp-content\/uploads\/2025\/07\/logo_saiga_baseline_optimitzat.svg","caption":"SAIGA"},"image":{"@id":"https:\/\/saiga.es\/es\/#\/schema\/logo\/image\/"},"sameAs":["https:\/\/x.com\/saiga_agro","https:\/\/www.instagram.com\/saiga_agro\/"]}]}},"_links":{"self":[{"href":"https:\/\/saiga.es\/es\/wp-json\/wp\/v2\/product\/18028","targetHints":{"allow":["GET"]}}],"collection":[{"href":"https:\/\/saiga.es\/es\/wp-json\/wp\/v2\/product"}],"about":[{"href":"https:\/\/saiga.es\/es\/wp-json\/wp\/v2\/types\/product"}],"replies":[{"embeddable":true,"href":"https:\/\/saiga.es\/es\/wp-json\/wp\/v2\/comments?post=18028"}],"wp:featuredmedia":[{"embeddable":true,"href":"https:\/\/saiga.es\/es\/wp-json\/wp\/v2\/media\/17977"}],"wp:attachment":[{"href":"https:\/\/saiga.es\/es\/wp-json\/wp\/v2\/media?parent=18028"}],"wp:term":[{"taxonomy":"product_brand","embeddable":true,"href":"https:\/\/saiga.es\/es\/wp-json\/wp\/v2\/product_brand?post=18028"},{"taxonomy":"product_cat","embeddable":true,"href":"https:\/\/saiga.es\/es\/wp-json\/wp\/v2\/product_cat?post=18028"},{"taxonomy":"product_tag","embeddable":true,"href":"https:\/\/saiga.es\/es\/wp-json\/wp\/v2\/product_tag?post=18028"}],"curies":[{"name":"wp","href":"https:\/\/api.w.org\/{rel}","templated":true}]}}