{"id":18099,"date":"2026-01-26T10:10:14","date_gmt":"2026-01-26T10:10:14","guid":{"rendered":"https:\/\/saiga.es\/producte\/protector-contra-conejos-y-para-herbicida\/"},"modified":"2026-01-26T10:10:14","modified_gmt":"2026-01-26T10:10:14","slug":"protector-contra-conejos-y-para-herbicida","status":"publish","type":"product","link":"https:\/\/saiga.es\/es\/producto\/protector-contra-conejos-y-para-herbicida\/","title":{"rendered":"Protector contra conejos y para herbicida"},"content":{"rendered":"<p data-start=\"262\" data-end=\"657\">El Protector contra conejos y para herbicida, es una soluci\u00f3n agr\u00edcola eficiente dise\u00f1ada para proteger plantones, vi\u00f1edo, \u00e1rboles frutales y otros cultivos del campo abierto. Con una altura de 35 cm y un di\u00e1metro de 11 cm, este protector incluye varilla de soporte y se entrega desmontado en unidades o en paquetes de 500 unidades, ideal para plantaciones de tama\u00f1o medio o grande. <\/p>\n<h4 data-start=\"659\" data-end=\"692\">Caracter\u00edsticas principales:<\/h4>\n<ul data-start=\"693\" data-end=\"1442\">\n<li data-start=\"693\" data-end=\"879\">\n<p data-start=\"695\" data-end=\"879\">Protecci\u00f3n completa: defensa eficaz contra herbicidas, roedores, conejos y vientos fuertes, mejorando el \u00e9xito de desarrollo de la planta.<\/p>\n<\/li>\n<li data-start=\"880\" data-end=\"1089\">\n<p data-start=\"882\" data-end=\"1089\">Material resistente: fabricado en polipropileno transl\u00facido blanco con aditivo anti-UV, que protege contra la degradaci\u00f3n del sol y las inclemencias meteorol\u00f3gicas.<\/p>\n<\/li>\n<li data-start=\"1090\" data-end=\"1260\">\n<p data-start=\"1092\" data-end=\"1260\">Durabilidad: dise\u00f1ado para durar un m\u00ednimo de 3 a\u00f1os en condiciones normales, lo que permite la reutilizaci\u00f3n del protector.<\/p>\n<\/li>\n<li data-start=\"1261\" data-end=\"1442\">\n<p data-start=\"1263\" data-end=\"1442\">F\u00e1cil instalaci\u00f3n: el protector se monta r\u00e1pidamente con la varilla incluida, facilitando la colocaci\u00f3n en hileras de vid o plantaciones.<\/p>\n<\/li>\n<\/ul>\n<h4 data-start=\"1444\" data-end=\"1477\">Beneficios para tu cultivo:<\/h4>\n<ul data-start=\"1478\" data-end=\"1892\">\n<li data-start=\"1478\" data-end=\"1608\">\n<p data-start=\"1480\" data-end=\"1608\">Fomenta un microclima favorable que favorece el crecimiento y salud de la planta.<\/p>\n<\/li>\n<li data-start=\"1609\" data-end=\"1767\">\n<p data-start=\"1611\" data-end=\"1767\">Reduce el impacto de factores externos que pueden frenar el desarrollo, tales como vientos secos o presi\u00f3n de plagas.<\/p>\n<\/li>\n<li data-start=\"1768\" data-end=\"1892\">\n<p data-start=\"1770\" data-end=\"1892\">Optimiza el \u00e9xito de las operaciones agr\u00edcolas con protecci\u00f3n duradera y econ\u00f3mica.<\/p>\n<\/li>\n<\/ul>\n","protected":false},"excerpt":{"rendered":"<p>El Protector contra conejos y para herbicida, es una soluci\u00f3n agr\u00edcola eficiente dise\u00f1ada para proteger plantones, vi\u00f1edo, \u00e1rboles frutales y otros cultivos del campo abierto. Con una altura de 35 cm y un di\u00e1metro de 11 cm, este protector incluye varilla de soporte y se entrega desmontado en unidades o en paquetes de 500 unidades, ideal para plantaciones de tama\u00f1o medio o grande. <\/p>\n","protected":false},"featured_media":18094,"comment_status":"closed","ping_status":"closed","template":"","meta":[],"product_brand":[],"product_cat":[395,1554],"product_tag":[],"class_list":{"0":"post-18099","1":"product","2":"type-product","3":"status-publish","4":"has-post-thumbnail","6":"product_cat-biocidas-es","7":"product_cat-productos-naturales","9":"first","10":"instock","11":"taxable","12":"shipping-taxable","13":"purchasable","14":"product-type-simple"},"yoast_head":"<!-- This site is optimized with the Yoast SEO plugin v27.3 - https:\/\/yoast.com\/product\/yoast-seo-wordpress\/ -->\n<title>Protector contra conejos y para herbicida | SAIGA<\/title>\n<meta name=\"description\" content=\"Protector A-35 \u00d811 para vi\u00f1a y \u00e1rboles. Protege de roedores, herbicidas y viento. Material resistente con tratamiento UV y f\u00e1cil instalaci\u00f3n.\" \/>\n<meta name=\"robots\" content=\"index, follow, max-snippet:-1, max-image-preview:large, max-video-preview:-1\" \/>\n<link rel=\"canonical\" href=\"https:\/\/saiga.es\/es\/producto\/protector-contra-conejos-y-para-herbicida\/\" \/>\n<meta property=\"og:locale\" content=\"es_ES\" \/>\n<meta property=\"og:type\" content=\"article\" \/>\n<meta property=\"og:title\" content=\"Protector contra conejos y para herbicida | SAIGA\" \/>\n<meta property=\"og:description\" content=\"Protector A-35 \u00d811 para vi\u00f1a y \u00e1rboles. Protege de roedores, herbicidas y viento. Material resistente con tratamiento UV y f\u00e1cil instalaci\u00f3n.\" \/>\n<meta property=\"og:url\" content=\"https:\/\/saiga.es\/es\/producto\/protector-contra-conejos-y-para-herbicida\/\" \/>\n<meta property=\"og:site_name\" content=\"SAIGA\" \/>\n<meta property=\"og:image\" content=\"https:\/\/saiga.es\/wp-content\/uploads\/2026\/01\/2.png\" \/>\n\t<meta property=\"og:image:width\" content=\"1080\" \/>\n\t<meta property=\"og:image:height\" content=\"1080\" \/>\n\t<meta property=\"og:image:type\" content=\"image\/png\" \/>\n<meta name=\"twitter:card\" content=\"summary_large_image\" \/>\n<meta name=\"twitter:site\" content=\"@saiga_agro\" \/>\n<meta name=\"twitter:label1\" content=\"Tiempo de lectura\" \/>\n\t<meta name=\"twitter:data1\" content=\"1 minuto\" \/>\n<script type=\"application\/ld+json\" class=\"yoast-schema-graph\">{\"@context\":\"https:\\\/\\\/schema.org\",\"@graph\":[{\"@type\":\"WebPage\",\"@id\":\"https:\\\/\\\/saiga.es\\\/es\\\/producto\\\/protector-contra-conejos-y-para-herbicida\\\/\",\"url\":\"https:\\\/\\\/saiga.es\\\/es\\\/producto\\\/protector-contra-conejos-y-para-herbicida\\\/\",\"name\":\"Protector contra conejos y para herbicida | SAIGA\",\"isPartOf\":{\"@id\":\"https:\\\/\\\/saiga.es\\\/es\\\/#website\"},\"primaryImageOfPage\":{\"@id\":\"https:\\\/\\\/saiga.es\\\/es\\\/producto\\\/protector-contra-conejos-y-para-herbicida\\\/#primaryimage\"},\"image\":{\"@id\":\"https:\\\/\\\/saiga.es\\\/es\\\/producto\\\/protector-contra-conejos-y-para-herbicida\\\/#primaryimage\"},\"thumbnailUrl\":\"https:\\\/\\\/saiga.es\\\/wp-content\\\/uploads\\\/2026\\\/01\\\/2.png\",\"datePublished\":\"2026-01-26T10:10:14+00:00\",\"description\":\"Protector A-35 \u00d811 para vi\u00f1a y \u00e1rboles. Protege de roedores, herbicidas y viento. Material resistente con tratamiento UV y f\u00e1cil instalaci\u00f3n.\",\"breadcrumb\":{\"@id\":\"https:\\\/\\\/saiga.es\\\/es\\\/producto\\\/protector-contra-conejos-y-para-herbicida\\\/#breadcrumb\"},\"inLanguage\":\"es\",\"potentialAction\":[{\"@type\":\"ReadAction\",\"target\":[\"https:\\\/\\\/saiga.es\\\/es\\\/producto\\\/protector-contra-conejos-y-para-herbicida\\\/\"]}]},{\"@type\":\"ImageObject\",\"inLanguage\":\"es\",\"@id\":\"https:\\\/\\\/saiga.es\\\/es\\\/producto\\\/protector-contra-conejos-y-para-herbicida\\\/#primaryimage\",\"url\":\"https:\\\/\\\/saiga.es\\\/wp-content\\\/uploads\\\/2026\\\/01\\\/2.png\",\"contentUrl\":\"https:\\\/\\\/saiga.es\\\/wp-content\\\/uploads\\\/2026\\\/01\\\/2.png\",\"width\":1080,\"height\":1080,\"caption\":\"Protector per a conills i per a herbicida\"},{\"@type\":\"BreadcrumbList\",\"@id\":\"https:\\\/\\\/saiga.es\\\/es\\\/producto\\\/protector-contra-conejos-y-para-herbicida\\\/#breadcrumb\",\"itemListElement\":[{\"@type\":\"ListItem\",\"position\":1,\"name\":\"Inici\",\"item\":\"https:\\\/\\\/saiga.es\\\/es\\\/\"},{\"@type\":\"ListItem\",\"position\":2,\"name\":\"Tienda\",\"item\":\"https:\\\/\\\/saiga.es\\\/es\\\/tienda\\\/\"},{\"@type\":\"ListItem\",\"position\":3,\"name\":\"Protector contra conejos y para herbicida\"}]},{\"@type\":\"WebSite\",\"@id\":\"https:\\\/\\\/saiga.es\\\/es\\\/#website\",\"url\":\"https:\\\/\\\/saiga.es\\\/es\\\/\",\"name\":\"SAIGA\",\"description\":\"M\u00e9s de 50 anys al servei de la terra i treballant per a un \u00fas eficient de l\u2019aigua!\",\"publisher\":{\"@id\":\"https:\\\/\\\/saiga.es\\\/es\\\/#organization\"},\"potentialAction\":[{\"@type\":\"SearchAction\",\"target\":{\"@type\":\"EntryPoint\",\"urlTemplate\":\"https:\\\/\\\/saiga.es\\\/es\\\/?s={search_term_string}\"},\"query-input\":{\"@type\":\"PropertyValueSpecification\",\"valueRequired\":true,\"valueName\":\"search_term_string\"}}],\"inLanguage\":\"es\"},{\"@type\":\"Organization\",\"@id\":\"https:\\\/\\\/saiga.es\\\/es\\\/#organization\",\"name\":\"SAIGA\",\"url\":\"https:\\\/\\\/saiga.es\\\/es\\\/\",\"logo\":{\"@type\":\"ImageObject\",\"inLanguage\":\"es\",\"@id\":\"https:\\\/\\\/saiga.es\\\/es\\\/#\\\/schema\\\/logo\\\/image\\\/\",\"url\":\"https:\\\/\\\/saiga.es\\\/wp-content\\\/uploads\\\/2025\\\/07\\\/logo_saiga_baseline_optimitzat.svg\",\"contentUrl\":\"https:\\\/\\\/saiga.es\\\/wp-content\\\/uploads\\\/2025\\\/07\\\/logo_saiga_baseline_optimitzat.svg\",\"caption\":\"SAIGA\"},\"image\":{\"@id\":\"https:\\\/\\\/saiga.es\\\/es\\\/#\\\/schema\\\/logo\\\/image\\\/\"},\"sameAs\":[\"https:\\\/\\\/x.com\\\/saiga_agro\",\"https:\\\/\\\/www.instagram.com\\\/saiga_agro\\\/\"]}]}<\/script>\n<!-- \/ Yoast SEO plugin. -->","yoast_head_json":{"title":"Protector contra conejos y para herbicida | SAIGA","description":"Protector A-35 \u00d811 para vi\u00f1a y \u00e1rboles. Protege de roedores, herbicidas y viento. Material resistente con tratamiento UV y f\u00e1cil instalaci\u00f3n.","robots":{"index":"index","follow":"follow","max-snippet":"max-snippet:-1","max-image-preview":"max-image-preview:large","max-video-preview":"max-video-preview:-1"},"canonical":"https:\/\/saiga.es\/es\/producto\/protector-contra-conejos-y-para-herbicida\/","og_locale":"es_ES","og_type":"article","og_title":"Protector contra conejos y para herbicida | SAIGA","og_description":"Protector A-35 \u00d811 para vi\u00f1a y \u00e1rboles. Protege de roedores, herbicidas y viento. Material resistente con tratamiento UV y f\u00e1cil instalaci\u00f3n.","og_url":"https:\/\/saiga.es\/es\/producto\/protector-contra-conejos-y-para-herbicida\/","og_site_name":"SAIGA","og_image":[{"width":1080,"height":1080,"url":"https:\/\/saiga.es\/wp-content\/uploads\/2026\/01\/2.png","type":"image\/png"}],"twitter_card":"summary_large_image","twitter_site":"@saiga_agro","twitter_misc":{"Tiempo de lectura":"1 minuto"},"schema":{"@context":"https:\/\/schema.org","@graph":[{"@type":"WebPage","@id":"https:\/\/saiga.es\/es\/producto\/protector-contra-conejos-y-para-herbicida\/","url":"https:\/\/saiga.es\/es\/producto\/protector-contra-conejos-y-para-herbicida\/","name":"Protector contra conejos y para herbicida | SAIGA","isPartOf":{"@id":"https:\/\/saiga.es\/es\/#website"},"primaryImageOfPage":{"@id":"https:\/\/saiga.es\/es\/producto\/protector-contra-conejos-y-para-herbicida\/#primaryimage"},"image":{"@id":"https:\/\/saiga.es\/es\/producto\/protector-contra-conejos-y-para-herbicida\/#primaryimage"},"thumbnailUrl":"https:\/\/saiga.es\/wp-content\/uploads\/2026\/01\/2.png","datePublished":"2026-01-26T10:10:14+00:00","description":"Protector A-35 \u00d811 para vi\u00f1a y \u00e1rboles. Protege de roedores, herbicidas y viento. Material resistente con tratamiento UV y f\u00e1cil instalaci\u00f3n.","breadcrumb":{"@id":"https:\/\/saiga.es\/es\/producto\/protector-contra-conejos-y-para-herbicida\/#breadcrumb"},"inLanguage":"es","potentialAction":[{"@type":"ReadAction","target":["https:\/\/saiga.es\/es\/producto\/protector-contra-conejos-y-para-herbicida\/"]}]},{"@type":"ImageObject","inLanguage":"es","@id":"https:\/\/saiga.es\/es\/producto\/protector-contra-conejos-y-para-herbicida\/#primaryimage","url":"https:\/\/saiga.es\/wp-content\/uploads\/2026\/01\/2.png","contentUrl":"https:\/\/saiga.es\/wp-content\/uploads\/2026\/01\/2.png","width":1080,"height":1080,"caption":"Protector per a conills i per a herbicida"},{"@type":"BreadcrumbList","@id":"https:\/\/saiga.es\/es\/producto\/protector-contra-conejos-y-para-herbicida\/#breadcrumb","itemListElement":[{"@type":"ListItem","position":1,"name":"Inici","item":"https:\/\/saiga.es\/es\/"},{"@type":"ListItem","position":2,"name":"Tienda","item":"https:\/\/saiga.es\/es\/tienda\/"},{"@type":"ListItem","position":3,"name":"Protector contra conejos y para herbicida"}]},{"@type":"WebSite","@id":"https:\/\/saiga.es\/es\/#website","url":"https:\/\/saiga.es\/es\/","name":"SAIGA","description":"M\u00e9s de 50 anys al servei de la terra i treballant per a un \u00fas eficient de l\u2019aigua!","publisher":{"@id":"https:\/\/saiga.es\/es\/#organization"},"potentialAction":[{"@type":"SearchAction","target":{"@type":"EntryPoint","urlTemplate":"https:\/\/saiga.es\/es\/?s={search_term_string}"},"query-input":{"@type":"PropertyValueSpecification","valueRequired":true,"valueName":"search_term_string"}}],"inLanguage":"es"},{"@type":"Organization","@id":"https:\/\/saiga.es\/es\/#organization","name":"SAIGA","url":"https:\/\/saiga.es\/es\/","logo":{"@type":"ImageObject","inLanguage":"es","@id":"https:\/\/saiga.es\/es\/#\/schema\/logo\/image\/","url":"https:\/\/saiga.es\/wp-content\/uploads\/2025\/07\/logo_saiga_baseline_optimitzat.svg","contentUrl":"https:\/\/saiga.es\/wp-content\/uploads\/2025\/07\/logo_saiga_baseline_optimitzat.svg","caption":"SAIGA"},"image":{"@id":"https:\/\/saiga.es\/es\/#\/schema\/logo\/image\/"},"sameAs":["https:\/\/x.com\/saiga_agro","https:\/\/www.instagram.com\/saiga_agro\/"]}]}},"_links":{"self":[{"href":"https:\/\/saiga.es\/es\/wp-json\/wp\/v2\/product\/18099","targetHints":{"allow":["GET"]}}],"collection":[{"href":"https:\/\/saiga.es\/es\/wp-json\/wp\/v2\/product"}],"about":[{"href":"https:\/\/saiga.es\/es\/wp-json\/wp\/v2\/types\/product"}],"replies":[{"embeddable":true,"href":"https:\/\/saiga.es\/es\/wp-json\/wp\/v2\/comments?post=18099"}],"wp:featuredmedia":[{"embeddable":true,"href":"https:\/\/saiga.es\/es\/wp-json\/wp\/v2\/media\/18094"}],"wp:attachment":[{"href":"https:\/\/saiga.es\/es\/wp-json\/wp\/v2\/media?parent=18099"}],"wp:term":[{"taxonomy":"product_brand","embeddable":true,"href":"https:\/\/saiga.es\/es\/wp-json\/wp\/v2\/product_brand?post=18099"},{"taxonomy":"product_cat","embeddable":true,"href":"https:\/\/saiga.es\/es\/wp-json\/wp\/v2\/product_cat?post=18099"},{"taxonomy":"product_tag","embeddable":true,"href":"https:\/\/saiga.es\/es\/wp-json\/wp\/v2\/product_tag?post=18099"}],"curies":[{"name":"wp","href":"https:\/\/api.w.org\/{rel}","templated":true}]}}