{"id":18116,"date":"2026-01-28T11:24:14","date_gmt":"2026-01-28T11:24:14","guid":{"rendered":"https:\/\/saiga.es\/producte\/sincronizador-de-riego-mecanico-cofan\/"},"modified":"2026-01-28T11:34:33","modified_gmt":"2026-01-28T11:34:33","slug":"sincronizador-de-riego-mecanico-cofan","status":"publish","type":"product","link":"https:\/\/saiga.es\/es\/producto\/sincronizador-de-riego-mecanico-cofan\/","title":{"rendered":"Sincronizador de riego mec\u00e1nico Cofan"},"content":{"rendered":"<p data-start=\"228\" data-end=\"640\">Cofan Sincronizador de riego mec\u00e1nico es un temporizador de riego 100% mec\u00e1nico ideal para jardines y zonas verdes que facilita la automatizaci\u00f3n de tus sesiones de riego sin necesidad de electricidad. Fabricado en polipropileno resistente y duradero, este sincronizador permite programar el tiempo de riego hasta 120 minutos simplemente girando la ruleta ajustable. <\/p>\n<p data-start=\"642\" data-end=\"1029\">Gracias a su sistema sencillo y eficiente, evitar\u00e1s desperdiciar agua y conseguir\u00e1s un riego m\u00e1s uniforme y econ\u00f3mico tanto en espacios dom\u00e9sticos como profesionales. Su funcionamiento mec\u00e1nico hace que sea fiable y f\u00e1cil de instalar: basta con conectarlo al grifo del jard\u00edn y ajustar el temporizador seg\u00fan la duraci\u00f3n de riego deseada. <\/p>\n<p data-start=\"1031\" data-end=\"1276\">Este sincronizador es perfecto para quienes buscan una soluci\u00f3n de riego sostenible, sin pilas ni conexiones el\u00e9ctricas, y con una larga vida \u00fatil gracias a su dise\u00f1o robusto y resistente a impactos.<\/p>\n","protected":false},"excerpt":{"rendered":"<p>Cofan Sincronizador de riego mec\u00e1nico es un temporizador de riego 100% mec\u00e1nico ideal para jardines y zonas verdes que facilita la automatizaci\u00f3n de tus sesiones de riego sin necesidad de electricidad. Fabricado en polipropileno resistente y duradero, este sincronizador permite programar el tiempo de riego hasta 120 minutos simplemente girando la ruleta ajustable. <\/p>\n","protected":false},"featured_media":18114,"comment_status":"closed","ping_status":"closed","template":"","meta":[],"product_brand":[],"product_cat":[417,186],"product_tag":[2353,207,205],"class_list":{"0":"post-18116","1":"product","2":"type-product","3":"status-publish","4":"has-post-thumbnail","6":"product_cat-mangueras-y-complementos","7":"product_cat-programadores","8":"product_tag-cofan","9":"product_tag-programador-es","10":"product_tag-riego","12":"first","13":"instock","14":"taxable","15":"shipping-taxable","16":"purchasable","17":"product-type-simple"},"yoast_head":"<!-- This site is optimized with the Yoast SEO plugin v27.3 - https:\/\/yoast.com\/product\/yoast-seo-wordpress\/ -->\n<title>Sincronizador de riego mec\u00e1nico Cofan | SAIGA<\/title>\n<meta name=\"description\" content=\"Sincronizador de riego mec\u00e1nico con programador de 120 minutos, fabricado en polipropileno resistente. Ideal para jardines y sin electricidad.\" \/>\n<meta name=\"robots\" content=\"index, follow, max-snippet:-1, max-image-preview:large, max-video-preview:-1\" \/>\n<link rel=\"canonical\" href=\"https:\/\/saiga.es\/es\/producto\/sincronizador-de-riego-mecanico-cofan\/\" \/>\n<meta property=\"og:locale\" content=\"es_ES\" \/>\n<meta property=\"og:type\" content=\"article\" \/>\n<meta property=\"og:title\" content=\"Sincronizador de riego mec\u00e1nico Cofan | SAIGA\" \/>\n<meta property=\"og:description\" content=\"Sincronizador de riego mec\u00e1nico con programador de 120 minutos, fabricado en polipropileno resistente. Ideal para jardines y sin electricidad.\" \/>\n<meta property=\"og:url\" content=\"https:\/\/saiga.es\/es\/producto\/sincronizador-de-riego-mecanico-cofan\/\" \/>\n<meta property=\"og:site_name\" content=\"SAIGA\" \/>\n<meta property=\"article:modified_time\" content=\"2026-01-28T11:34:33+00:00\" \/>\n<meta property=\"og:image\" content=\"https:\/\/saiga.es\/wp-content\/uploads\/2026\/01\/Sincronitzador-de-reg-Cofan.jpg\" \/>\n\t<meta property=\"og:image:width\" content=\"1080\" \/>\n\t<meta property=\"og:image:height\" content=\"1080\" \/>\n\t<meta property=\"og:image:type\" content=\"image\/jpeg\" \/>\n<meta name=\"twitter:card\" content=\"summary_large_image\" \/>\n<meta name=\"twitter:site\" content=\"@saiga_agro\" \/>\n<meta name=\"twitter:label1\" content=\"Tiempo de lectura\" \/>\n\t<meta name=\"twitter:data1\" content=\"1 minuto\" \/>\n<script type=\"application\/ld+json\" class=\"yoast-schema-graph\">{\"@context\":\"https:\\\/\\\/schema.org\",\"@graph\":[{\"@type\":\"WebPage\",\"@id\":\"https:\\\/\\\/saiga.es\\\/es\\\/producto\\\/sincronizador-de-riego-mecanico-cofan\\\/\",\"url\":\"https:\\\/\\\/saiga.es\\\/es\\\/producto\\\/sincronizador-de-riego-mecanico-cofan\\\/\",\"name\":\"Sincronizador de riego mec\u00e1nico Cofan | SAIGA\",\"isPartOf\":{\"@id\":\"https:\\\/\\\/saiga.es\\\/es\\\/#website\"},\"primaryImageOfPage\":{\"@id\":\"https:\\\/\\\/saiga.es\\\/es\\\/producto\\\/sincronizador-de-riego-mecanico-cofan\\\/#primaryimage\"},\"image\":{\"@id\":\"https:\\\/\\\/saiga.es\\\/es\\\/producto\\\/sincronizador-de-riego-mecanico-cofan\\\/#primaryimage\"},\"thumbnailUrl\":\"https:\\\/\\\/saiga.es\\\/wp-content\\\/uploads\\\/2026\\\/01\\\/Sincronitzador-de-reg-Cofan.jpg\",\"datePublished\":\"2026-01-28T11:24:14+00:00\",\"dateModified\":\"2026-01-28T11:34:33+00:00\",\"description\":\"Sincronizador de riego mec\u00e1nico con programador de 120 minutos, fabricado en polipropileno resistente. Ideal para jardines y sin electricidad.\",\"breadcrumb\":{\"@id\":\"https:\\\/\\\/saiga.es\\\/es\\\/producto\\\/sincronizador-de-riego-mecanico-cofan\\\/#breadcrumb\"},\"inLanguage\":\"es\",\"potentialAction\":[{\"@type\":\"ReadAction\",\"target\":[\"https:\\\/\\\/saiga.es\\\/es\\\/producto\\\/sincronizador-de-riego-mecanico-cofan\\\/\"]}]},{\"@type\":\"ImageObject\",\"inLanguage\":\"es\",\"@id\":\"https:\\\/\\\/saiga.es\\\/es\\\/producto\\\/sincronizador-de-riego-mecanico-cofan\\\/#primaryimage\",\"url\":\"https:\\\/\\\/saiga.es\\\/wp-content\\\/uploads\\\/2026\\\/01\\\/Sincronitzador-de-reg-Cofan.jpg\",\"contentUrl\":\"https:\\\/\\\/saiga.es\\\/wp-content\\\/uploads\\\/2026\\\/01\\\/Sincronitzador-de-reg-Cofan.jpg\",\"width\":1080,\"height\":1080,\"caption\":\"Sincronizador de riego\"},{\"@type\":\"BreadcrumbList\",\"@id\":\"https:\\\/\\\/saiga.es\\\/es\\\/producto\\\/sincronizador-de-riego-mecanico-cofan\\\/#breadcrumb\",\"itemListElement\":[{\"@type\":\"ListItem\",\"position\":1,\"name\":\"Inici\",\"item\":\"https:\\\/\\\/saiga.es\\\/es\\\/\"},{\"@type\":\"ListItem\",\"position\":2,\"name\":\"Tienda\",\"item\":\"https:\\\/\\\/saiga.es\\\/es\\\/tienda\\\/\"},{\"@type\":\"ListItem\",\"position\":3,\"name\":\"Sincronizador de riego mec\u00e1nico Cofan\"}]},{\"@type\":\"WebSite\",\"@id\":\"https:\\\/\\\/saiga.es\\\/es\\\/#website\",\"url\":\"https:\\\/\\\/saiga.es\\\/es\\\/\",\"name\":\"SAIGA\",\"description\":\"M\u00e9s de 50 anys al servei de la terra i treballant per a un \u00fas eficient de l\u2019aigua!\",\"publisher\":{\"@id\":\"https:\\\/\\\/saiga.es\\\/es\\\/#organization\"},\"potentialAction\":[{\"@type\":\"SearchAction\",\"target\":{\"@type\":\"EntryPoint\",\"urlTemplate\":\"https:\\\/\\\/saiga.es\\\/es\\\/?s={search_term_string}\"},\"query-input\":{\"@type\":\"PropertyValueSpecification\",\"valueRequired\":true,\"valueName\":\"search_term_string\"}}],\"inLanguage\":\"es\"},{\"@type\":\"Organization\",\"@id\":\"https:\\\/\\\/saiga.es\\\/es\\\/#organization\",\"name\":\"SAIGA\",\"url\":\"https:\\\/\\\/saiga.es\\\/es\\\/\",\"logo\":{\"@type\":\"ImageObject\",\"inLanguage\":\"es\",\"@id\":\"https:\\\/\\\/saiga.es\\\/es\\\/#\\\/schema\\\/logo\\\/image\\\/\",\"url\":\"https:\\\/\\\/saiga.es\\\/wp-content\\\/uploads\\\/2025\\\/07\\\/logo_saiga_baseline_optimitzat.svg\",\"contentUrl\":\"https:\\\/\\\/saiga.es\\\/wp-content\\\/uploads\\\/2025\\\/07\\\/logo_saiga_baseline_optimitzat.svg\",\"caption\":\"SAIGA\"},\"image\":{\"@id\":\"https:\\\/\\\/saiga.es\\\/es\\\/#\\\/schema\\\/logo\\\/image\\\/\"},\"sameAs\":[\"https:\\\/\\\/x.com\\\/saiga_agro\",\"https:\\\/\\\/www.instagram.com\\\/saiga_agro\\\/\"]}]}<\/script>\n<!-- \/ Yoast SEO plugin. -->","yoast_head_json":{"title":"Sincronizador de riego mec\u00e1nico Cofan | SAIGA","description":"Sincronizador de riego mec\u00e1nico con programador de 120 minutos, fabricado en polipropileno resistente. Ideal para jardines y sin electricidad.","robots":{"index":"index","follow":"follow","max-snippet":"max-snippet:-1","max-image-preview":"max-image-preview:large","max-video-preview":"max-video-preview:-1"},"canonical":"https:\/\/saiga.es\/es\/producto\/sincronizador-de-riego-mecanico-cofan\/","og_locale":"es_ES","og_type":"article","og_title":"Sincronizador de riego mec\u00e1nico Cofan | SAIGA","og_description":"Sincronizador de riego mec\u00e1nico con programador de 120 minutos, fabricado en polipropileno resistente. Ideal para jardines y sin electricidad.","og_url":"https:\/\/saiga.es\/es\/producto\/sincronizador-de-riego-mecanico-cofan\/","og_site_name":"SAIGA","article_modified_time":"2026-01-28T11:34:33+00:00","og_image":[{"width":1080,"height":1080,"url":"https:\/\/saiga.es\/wp-content\/uploads\/2026\/01\/Sincronitzador-de-reg-Cofan.jpg","type":"image\/jpeg"}],"twitter_card":"summary_large_image","twitter_site":"@saiga_agro","twitter_misc":{"Tiempo de lectura":"1 minuto"},"schema":{"@context":"https:\/\/schema.org","@graph":[{"@type":"WebPage","@id":"https:\/\/saiga.es\/es\/producto\/sincronizador-de-riego-mecanico-cofan\/","url":"https:\/\/saiga.es\/es\/producto\/sincronizador-de-riego-mecanico-cofan\/","name":"Sincronizador de riego mec\u00e1nico Cofan | SAIGA","isPartOf":{"@id":"https:\/\/saiga.es\/es\/#website"},"primaryImageOfPage":{"@id":"https:\/\/saiga.es\/es\/producto\/sincronizador-de-riego-mecanico-cofan\/#primaryimage"},"image":{"@id":"https:\/\/saiga.es\/es\/producto\/sincronizador-de-riego-mecanico-cofan\/#primaryimage"},"thumbnailUrl":"https:\/\/saiga.es\/wp-content\/uploads\/2026\/01\/Sincronitzador-de-reg-Cofan.jpg","datePublished":"2026-01-28T11:24:14+00:00","dateModified":"2026-01-28T11:34:33+00:00","description":"Sincronizador de riego mec\u00e1nico con programador de 120 minutos, fabricado en polipropileno resistente. Ideal para jardines y sin electricidad.","breadcrumb":{"@id":"https:\/\/saiga.es\/es\/producto\/sincronizador-de-riego-mecanico-cofan\/#breadcrumb"},"inLanguage":"es","potentialAction":[{"@type":"ReadAction","target":["https:\/\/saiga.es\/es\/producto\/sincronizador-de-riego-mecanico-cofan\/"]}]},{"@type":"ImageObject","inLanguage":"es","@id":"https:\/\/saiga.es\/es\/producto\/sincronizador-de-riego-mecanico-cofan\/#primaryimage","url":"https:\/\/saiga.es\/wp-content\/uploads\/2026\/01\/Sincronitzador-de-reg-Cofan.jpg","contentUrl":"https:\/\/saiga.es\/wp-content\/uploads\/2026\/01\/Sincronitzador-de-reg-Cofan.jpg","width":1080,"height":1080,"caption":"Sincronizador de riego"},{"@type":"BreadcrumbList","@id":"https:\/\/saiga.es\/es\/producto\/sincronizador-de-riego-mecanico-cofan\/#breadcrumb","itemListElement":[{"@type":"ListItem","position":1,"name":"Inici","item":"https:\/\/saiga.es\/es\/"},{"@type":"ListItem","position":2,"name":"Tienda","item":"https:\/\/saiga.es\/es\/tienda\/"},{"@type":"ListItem","position":3,"name":"Sincronizador de riego mec\u00e1nico Cofan"}]},{"@type":"WebSite","@id":"https:\/\/saiga.es\/es\/#website","url":"https:\/\/saiga.es\/es\/","name":"SAIGA","description":"M\u00e9s de 50 anys al servei de la terra i treballant per a un \u00fas eficient de l\u2019aigua!","publisher":{"@id":"https:\/\/saiga.es\/es\/#organization"},"potentialAction":[{"@type":"SearchAction","target":{"@type":"EntryPoint","urlTemplate":"https:\/\/saiga.es\/es\/?s={search_term_string}"},"query-input":{"@type":"PropertyValueSpecification","valueRequired":true,"valueName":"search_term_string"}}],"inLanguage":"es"},{"@type":"Organization","@id":"https:\/\/saiga.es\/es\/#organization","name":"SAIGA","url":"https:\/\/saiga.es\/es\/","logo":{"@type":"ImageObject","inLanguage":"es","@id":"https:\/\/saiga.es\/es\/#\/schema\/logo\/image\/","url":"https:\/\/saiga.es\/wp-content\/uploads\/2025\/07\/logo_saiga_baseline_optimitzat.svg","contentUrl":"https:\/\/saiga.es\/wp-content\/uploads\/2025\/07\/logo_saiga_baseline_optimitzat.svg","caption":"SAIGA"},"image":{"@id":"https:\/\/saiga.es\/es\/#\/schema\/logo\/image\/"},"sameAs":["https:\/\/x.com\/saiga_agro","https:\/\/www.instagram.com\/saiga_agro\/"]}]}},"_links":{"self":[{"href":"https:\/\/saiga.es\/es\/wp-json\/wp\/v2\/product\/18116","targetHints":{"allow":["GET"]}}],"collection":[{"href":"https:\/\/saiga.es\/es\/wp-json\/wp\/v2\/product"}],"about":[{"href":"https:\/\/saiga.es\/es\/wp-json\/wp\/v2\/types\/product"}],"replies":[{"embeddable":true,"href":"https:\/\/saiga.es\/es\/wp-json\/wp\/v2\/comments?post=18116"}],"wp:featuredmedia":[{"embeddable":true,"href":"https:\/\/saiga.es\/es\/wp-json\/wp\/v2\/media\/18114"}],"wp:attachment":[{"href":"https:\/\/saiga.es\/es\/wp-json\/wp\/v2\/media?parent=18116"}],"wp:term":[{"taxonomy":"product_brand","embeddable":true,"href":"https:\/\/saiga.es\/es\/wp-json\/wp\/v2\/product_brand?post=18116"},{"taxonomy":"product_cat","embeddable":true,"href":"https:\/\/saiga.es\/es\/wp-json\/wp\/v2\/product_cat?post=18116"},{"taxonomy":"product_tag","embeddable":true,"href":"https:\/\/saiga.es\/es\/wp-json\/wp\/v2\/product_tag?post=18116"}],"curies":[{"name":"wp","href":"https:\/\/api.w.org\/{rel}","templated":true}]}}