{"id":18128,"date":"2026-01-28T12:22:05","date_gmt":"2026-01-28T12:22:05","guid":{"rendered":"https:\/\/saiga.es\/producte\/aspersor-sectorial-de-360o-con-piqueta\/"},"modified":"2026-01-28T12:22:05","modified_gmt":"2026-01-28T12:22:05","slug":"aspersor-sectorial-de-360o-con-piqueta","status":"publish","type":"product","link":"https:\/\/saiga.es\/es\/producto\/aspersor-sectorial-de-360o-con-piqueta\/","title":{"rendered":"Aspersor sectorial de 360\u00ba con piqueta"},"content":{"rendered":"<p data-start=\"177\" data-end=\"514\">Aspersor sectorial de 360\u00ba con piqueta fabricado en metal resistente, dise\u00f1ado para ofrecer un riego uniforme y eficiente en grandes superficies de jardines, huertos y zonas agr\u00edcolas. Su sistema de rotaci\u00f3n permite distribuir el agua de forma homog\u00e9nea, optimizando el consumo y asegurando una cobertura completa de la zona a regar. <\/p>\n<p data-start=\"516\" data-end=\"804\">La piqueta met\u00e1lica facilita una instalaci\u00f3n r\u00e1pida y estable directamente en el terreno, evitando desplazamientos durante su funcionamiento. Gracias a su robusta construcci\u00f3n, es apto tanto para uso dom\u00e9stico como profesional, garantizando una larga vida \u00fatil incluso en condiciones exigentes. <\/p>\n<p data-start=\"806\" data-end=\"901\">Ideal para quien busca una soluci\u00f3n de riego duradera, sencilla y eficaz para superficies amplias.<\/p>\n","protected":false},"excerpt":{"rendered":"<p>Aspersor sectorial de 360\u00ba con piqueta fabricado en metal resistente, dise\u00f1ado para ofrecer un riego uniforme y eficiente en grandes superficies de jardines, huertos y zonas agr\u00edcolas. Su sistema de rotaci\u00f3n permite distribuir el agua de forma homog\u00e9nea, optimizando el consumo y asegurando una cobertura completa de la zona a regar. <\/p>\n","protected":false},"featured_media":18120,"comment_status":"closed","ping_status":"closed","template":"","meta":[],"product_brand":[],"product_cat":[182],"product_tag":[],"class_list":{"0":"post-18128","1":"product","2":"type-product","3":"status-publish","4":"has-post-thumbnail","6":"product_cat-aspersores-y-difusores","8":"first","9":"instock","10":"taxable","11":"shipping-taxable","12":"purchasable","13":"product-type-simple"},"yoast_head":"<!-- This site is optimized with the Yoast SEO plugin v27.4 - https:\/\/yoast.com\/product\/yoast-seo-wordpress\/ -->\n<title>Aspersor sectorial de 360\u00ba con piqueta | SAIGA<\/title>\n<meta name=\"description\" content=\"Aspersor sectorial de metal con piqueta y giro de 360 \u200b\u200b\u00ba para el riego de grandes superficies. Riego uniforme, f\u00e1cil instalaci\u00f3n y uso dom\u00e9stico o agr\u00edcola.\" \/>\n<meta name=\"robots\" content=\"index, follow, max-snippet:-1, max-image-preview:large, max-video-preview:-1\" \/>\n<link rel=\"canonical\" href=\"https:\/\/saiga.es\/es\/producto\/aspersor-sectorial-de-360o-con-piqueta\/\" \/>\n<meta property=\"og:locale\" content=\"es_ES\" \/>\n<meta property=\"og:type\" content=\"article\" \/>\n<meta property=\"og:title\" content=\"Aspersor sectorial de 360\u00ba con piqueta | SAIGA\" \/>\n<meta property=\"og:description\" content=\"Aspersor sectorial de metal con piqueta y giro de 360 \u200b\u200b\u00ba para el riego de grandes superficies. Riego uniforme, f\u00e1cil instalaci\u00f3n y uso dom\u00e9stico o agr\u00edcola.\" \/>\n<meta property=\"og:url\" content=\"https:\/\/saiga.es\/es\/producto\/aspersor-sectorial-de-360o-con-piqueta\/\" \/>\n<meta property=\"og:site_name\" content=\"SAIGA\" \/>\n<meta property=\"og:image\" content=\"https:\/\/saiga.es\/wp-content\/uploads\/2026\/01\/Aspersor-sectorial-360.jpg\" \/>\n\t<meta property=\"og:image:width\" content=\"1080\" \/>\n\t<meta property=\"og:image:height\" content=\"1080\" \/>\n\t<meta property=\"og:image:type\" content=\"image\/jpeg\" \/>\n<meta name=\"twitter:card\" content=\"summary_large_image\" \/>\n<meta name=\"twitter:site\" content=\"@saiga_agro\" \/>\n<meta name=\"twitter:label1\" content=\"Tiempo de lectura\" \/>\n\t<meta name=\"twitter:data1\" content=\"1 minuto\" \/>\n<script type=\"application\/ld+json\" class=\"yoast-schema-graph\">{\"@context\":\"https:\\\/\\\/schema.org\",\"@graph\":[{\"@type\":\"WebPage\",\"@id\":\"https:\\\/\\\/saiga.es\\\/es\\\/producto\\\/aspersor-sectorial-de-360o-con-piqueta\\\/\",\"url\":\"https:\\\/\\\/saiga.es\\\/es\\\/producto\\\/aspersor-sectorial-de-360o-con-piqueta\\\/\",\"name\":\"Aspersor sectorial de 360\u00ba con piqueta | SAIGA\",\"isPartOf\":{\"@id\":\"https:\\\/\\\/saiga.es\\\/es\\\/#website\"},\"primaryImageOfPage\":{\"@id\":\"https:\\\/\\\/saiga.es\\\/es\\\/producto\\\/aspersor-sectorial-de-360o-con-piqueta\\\/#primaryimage\"},\"image\":{\"@id\":\"https:\\\/\\\/saiga.es\\\/es\\\/producto\\\/aspersor-sectorial-de-360o-con-piqueta\\\/#primaryimage\"},\"thumbnailUrl\":\"https:\\\/\\\/saiga.es\\\/wp-content\\\/uploads\\\/2026\\\/01\\\/Aspersor-sectorial-360.jpg\",\"datePublished\":\"2026-01-28T12:22:05+00:00\",\"description\":\"Aspersor sectorial de metal con piqueta y giro de 360 \u200b\u200b\u00ba para el riego de grandes superficies. Riego uniforme, f\u00e1cil instalaci\u00f3n y uso dom\u00e9stico o agr\u00edcola.\",\"breadcrumb\":{\"@id\":\"https:\\\/\\\/saiga.es\\\/es\\\/producto\\\/aspersor-sectorial-de-360o-con-piqueta\\\/#breadcrumb\"},\"inLanguage\":\"es\",\"potentialAction\":[{\"@type\":\"ReadAction\",\"target\":[\"https:\\\/\\\/saiga.es\\\/es\\\/producto\\\/aspersor-sectorial-de-360o-con-piqueta\\\/\"]}]},{\"@type\":\"ImageObject\",\"inLanguage\":\"es\",\"@id\":\"https:\\\/\\\/saiga.es\\\/es\\\/producto\\\/aspersor-sectorial-de-360o-con-piqueta\\\/#primaryimage\",\"url\":\"https:\\\/\\\/saiga.es\\\/wp-content\\\/uploads\\\/2026\\\/01\\\/Aspersor-sectorial-360.jpg\",\"contentUrl\":\"https:\\\/\\\/saiga.es\\\/wp-content\\\/uploads\\\/2026\\\/01\\\/Aspersor-sectorial-360.jpg\",\"width\":1080,\"height\":1080,\"caption\":\"Aspersor sectorial 360\"},{\"@type\":\"BreadcrumbList\",\"@id\":\"https:\\\/\\\/saiga.es\\\/es\\\/producto\\\/aspersor-sectorial-de-360o-con-piqueta\\\/#breadcrumb\",\"itemListElement\":[{\"@type\":\"ListItem\",\"position\":1,\"name\":\"Inici\",\"item\":\"https:\\\/\\\/saiga.es\\\/es\\\/\"},{\"@type\":\"ListItem\",\"position\":2,\"name\":\"Tienda\",\"item\":\"https:\\\/\\\/saiga.es\\\/es\\\/tienda\\\/\"},{\"@type\":\"ListItem\",\"position\":3,\"name\":\"Aspersor sectorial de 360\u00ba con piqueta\"}]},{\"@type\":\"WebSite\",\"@id\":\"https:\\\/\\\/saiga.es\\\/es\\\/#website\",\"url\":\"https:\\\/\\\/saiga.es\\\/es\\\/\",\"name\":\"SAIGA\",\"description\":\"M\u00e9s de 50 anys al servei de la terra i treballant per a un \u00fas eficient de l\u2019aigua!\",\"publisher\":{\"@id\":\"https:\\\/\\\/saiga.es\\\/es\\\/#organization\"},\"potentialAction\":[{\"@type\":\"SearchAction\",\"target\":{\"@type\":\"EntryPoint\",\"urlTemplate\":\"https:\\\/\\\/saiga.es\\\/es\\\/?s={search_term_string}\"},\"query-input\":{\"@type\":\"PropertyValueSpecification\",\"valueRequired\":true,\"valueName\":\"search_term_string\"}}],\"inLanguage\":\"es\"},{\"@type\":\"Organization\",\"@id\":\"https:\\\/\\\/saiga.es\\\/es\\\/#organization\",\"name\":\"SAIGA\",\"url\":\"https:\\\/\\\/saiga.es\\\/es\\\/\",\"logo\":{\"@type\":\"ImageObject\",\"inLanguage\":\"es\",\"@id\":\"https:\\\/\\\/saiga.es\\\/es\\\/#\\\/schema\\\/logo\\\/image\\\/\",\"url\":\"https:\\\/\\\/saiga.es\\\/wp-content\\\/uploads\\\/2025\\\/07\\\/logo_saiga_baseline_optimitzat.svg\",\"contentUrl\":\"https:\\\/\\\/saiga.es\\\/wp-content\\\/uploads\\\/2025\\\/07\\\/logo_saiga_baseline_optimitzat.svg\",\"caption\":\"SAIGA\"},\"image\":{\"@id\":\"https:\\\/\\\/saiga.es\\\/es\\\/#\\\/schema\\\/logo\\\/image\\\/\"},\"sameAs\":[\"https:\\\/\\\/x.com\\\/saiga_agro\",\"https:\\\/\\\/www.instagram.com\\\/saiga_agro\\\/\"]}]}<\/script>\n<!-- \/ Yoast SEO plugin. -->","yoast_head_json":{"title":"Aspersor sectorial de 360\u00ba con piqueta | SAIGA","description":"Aspersor sectorial de metal con piqueta y giro de 360 \u200b\u200b\u00ba para el riego de grandes superficies. Riego uniforme, f\u00e1cil instalaci\u00f3n y uso dom\u00e9stico o agr\u00edcola.","robots":{"index":"index","follow":"follow","max-snippet":"max-snippet:-1","max-image-preview":"max-image-preview:large","max-video-preview":"max-video-preview:-1"},"canonical":"https:\/\/saiga.es\/es\/producto\/aspersor-sectorial-de-360o-con-piqueta\/","og_locale":"es_ES","og_type":"article","og_title":"Aspersor sectorial de 360\u00ba con piqueta | SAIGA","og_description":"Aspersor sectorial de metal con piqueta y giro de 360 \u200b\u200b\u00ba para el riego de grandes superficies. Riego uniforme, f\u00e1cil instalaci\u00f3n y uso dom\u00e9stico o agr\u00edcola.","og_url":"https:\/\/saiga.es\/es\/producto\/aspersor-sectorial-de-360o-con-piqueta\/","og_site_name":"SAIGA","og_image":[{"width":1080,"height":1080,"url":"https:\/\/saiga.es\/wp-content\/uploads\/2026\/01\/Aspersor-sectorial-360.jpg","type":"image\/jpeg"}],"twitter_card":"summary_large_image","twitter_site":"@saiga_agro","twitter_misc":{"Tiempo de lectura":"1 minuto"},"schema":{"@context":"https:\/\/schema.org","@graph":[{"@type":"WebPage","@id":"https:\/\/saiga.es\/es\/producto\/aspersor-sectorial-de-360o-con-piqueta\/","url":"https:\/\/saiga.es\/es\/producto\/aspersor-sectorial-de-360o-con-piqueta\/","name":"Aspersor sectorial de 360\u00ba con piqueta | SAIGA","isPartOf":{"@id":"https:\/\/saiga.es\/es\/#website"},"primaryImageOfPage":{"@id":"https:\/\/saiga.es\/es\/producto\/aspersor-sectorial-de-360o-con-piqueta\/#primaryimage"},"image":{"@id":"https:\/\/saiga.es\/es\/producto\/aspersor-sectorial-de-360o-con-piqueta\/#primaryimage"},"thumbnailUrl":"https:\/\/saiga.es\/wp-content\/uploads\/2026\/01\/Aspersor-sectorial-360.jpg","datePublished":"2026-01-28T12:22:05+00:00","description":"Aspersor sectorial de metal con piqueta y giro de 360 \u200b\u200b\u00ba para el riego de grandes superficies. Riego uniforme, f\u00e1cil instalaci\u00f3n y uso dom\u00e9stico o agr\u00edcola.","breadcrumb":{"@id":"https:\/\/saiga.es\/es\/producto\/aspersor-sectorial-de-360o-con-piqueta\/#breadcrumb"},"inLanguage":"es","potentialAction":[{"@type":"ReadAction","target":["https:\/\/saiga.es\/es\/producto\/aspersor-sectorial-de-360o-con-piqueta\/"]}]},{"@type":"ImageObject","inLanguage":"es","@id":"https:\/\/saiga.es\/es\/producto\/aspersor-sectorial-de-360o-con-piqueta\/#primaryimage","url":"https:\/\/saiga.es\/wp-content\/uploads\/2026\/01\/Aspersor-sectorial-360.jpg","contentUrl":"https:\/\/saiga.es\/wp-content\/uploads\/2026\/01\/Aspersor-sectorial-360.jpg","width":1080,"height":1080,"caption":"Aspersor sectorial 360"},{"@type":"BreadcrumbList","@id":"https:\/\/saiga.es\/es\/producto\/aspersor-sectorial-de-360o-con-piqueta\/#breadcrumb","itemListElement":[{"@type":"ListItem","position":1,"name":"Inici","item":"https:\/\/saiga.es\/es\/"},{"@type":"ListItem","position":2,"name":"Tienda","item":"https:\/\/saiga.es\/es\/tienda\/"},{"@type":"ListItem","position":3,"name":"Aspersor sectorial de 360\u00ba con piqueta"}]},{"@type":"WebSite","@id":"https:\/\/saiga.es\/es\/#website","url":"https:\/\/saiga.es\/es\/","name":"SAIGA","description":"M\u00e9s de 50 anys al servei de la terra i treballant per a un \u00fas eficient de l\u2019aigua!","publisher":{"@id":"https:\/\/saiga.es\/es\/#organization"},"potentialAction":[{"@type":"SearchAction","target":{"@type":"EntryPoint","urlTemplate":"https:\/\/saiga.es\/es\/?s={search_term_string}"},"query-input":{"@type":"PropertyValueSpecification","valueRequired":true,"valueName":"search_term_string"}}],"inLanguage":"es"},{"@type":"Organization","@id":"https:\/\/saiga.es\/es\/#organization","name":"SAIGA","url":"https:\/\/saiga.es\/es\/","logo":{"@type":"ImageObject","inLanguage":"es","@id":"https:\/\/saiga.es\/es\/#\/schema\/logo\/image\/","url":"https:\/\/saiga.es\/wp-content\/uploads\/2025\/07\/logo_saiga_baseline_optimitzat.svg","contentUrl":"https:\/\/saiga.es\/wp-content\/uploads\/2025\/07\/logo_saiga_baseline_optimitzat.svg","caption":"SAIGA"},"image":{"@id":"https:\/\/saiga.es\/es\/#\/schema\/logo\/image\/"},"sameAs":["https:\/\/x.com\/saiga_agro","https:\/\/www.instagram.com\/saiga_agro\/"]}]}},"_links":{"self":[{"href":"https:\/\/saiga.es\/es\/wp-json\/wp\/v2\/product\/18128","targetHints":{"allow":["GET"]}}],"collection":[{"href":"https:\/\/saiga.es\/es\/wp-json\/wp\/v2\/product"}],"about":[{"href":"https:\/\/saiga.es\/es\/wp-json\/wp\/v2\/types\/product"}],"replies":[{"embeddable":true,"href":"https:\/\/saiga.es\/es\/wp-json\/wp\/v2\/comments?post=18128"}],"wp:featuredmedia":[{"embeddable":true,"href":"https:\/\/saiga.es\/es\/wp-json\/wp\/v2\/media\/18120"}],"wp:attachment":[{"href":"https:\/\/saiga.es\/es\/wp-json\/wp\/v2\/media?parent=18128"}],"wp:term":[{"taxonomy":"product_brand","embeddable":true,"href":"https:\/\/saiga.es\/es\/wp-json\/wp\/v2\/product_brand?post=18128"},{"taxonomy":"product_cat","embeddable":true,"href":"https:\/\/saiga.es\/es\/wp-json\/wp\/v2\/product_cat?post=18128"},{"taxonomy":"product_tag","embeddable":true,"href":"https:\/\/saiga.es\/es\/wp-json\/wp\/v2\/product_tag?post=18128"}],"curies":[{"name":"wp","href":"https:\/\/api.w.org\/{rel}","templated":true}]}}