{"id":18137,"date":"2026-01-28T12:40:11","date_gmt":"2026-01-28T12:40:11","guid":{"rendered":"https:\/\/saiga.es\/producte\/aspersor-sectorial-de-riego-de-polipropileno\/"},"modified":"2026-01-28T12:47:40","modified_gmt":"2026-01-28T12:47:40","slug":"aspersor-sectorial-de-riego-de-polipropileno","status":"publish","type":"product","link":"https:\/\/saiga.es\/es\/producto\/aspersor-sectorial-de-riego-de-polipropileno\/","title":{"rendered":"Aspersor sectorial de riego de polipropileno"},"content":{"rendered":"<p data-start=\"173\" data-end=\"608\">El aspersor sectorial de riego de polipropileno es una soluci\u00f3n eficaz y sencilla para el riego uniforme de zonas verdes y jardines. Fabricado en polipropileno resistente, este aspersor de impacto con piqueta se instala f\u00e1cilmente clav\u00e1ndolo en el terreno y ofrece una cobertura de riego de 360\u00ba para asegurar que el agua llegue a toda la superficie de forma homog\u00e9nea y eficiente. <\/p>\n<p data-start=\"610\" data-end=\"959\">Amb rotaci\u00f3 autom\u00e0tica i una construcci\u00f3 robusta, \u00e9s apte tant per a \u00fas dom\u00e8stic com professional, aportant una llarga vida \u00fatil i suportant l\u2019\u00fas continu en diferents condicions de jardineria o agricultura lleugera. Perfecte per mantenir cesped, parterres i horts verds i saludables sense complicacions. <\/p>\n","protected":false},"excerpt":{"rendered":"<p>El aspersor sectorial de riego de polipropileno es una soluci\u00f3n eficaz y sencilla para el riego uniforme de zonas verdes y jardines. Fabricado en polipropileno resistente, este aspersor de impacto con piqueta se instala f\u00e1cilmente clav\u00e1ndolo en el terreno y ofrece una cobertura de riego de 360\u00ba para asegurar que el agua llegue a toda la superficie de forma homog\u00e9nea y eficiente. <\/p>\n","protected":false},"featured_media":18135,"comment_status":"closed","ping_status":"closed","template":"","meta":[],"product_brand":[],"product_cat":[182],"product_tag":[],"class_list":{"0":"post-18137","1":"product","2":"type-product","3":"status-publish","4":"has-post-thumbnail","6":"product_cat-aspersores-y-difusores","8":"first","9":"instock","10":"taxable","11":"shipping-taxable","12":"purchasable","13":"product-type-simple"},"yoast_head":"<!-- This site is optimized with the Yoast SEO plugin v27.4 - https:\/\/yoast.com\/product\/yoast-seo-wordpress\/ -->\n<title>Aspersor sectorial de riego de polipropileno | SAIGA<\/title>\n<meta name=\"description\" content=\"Aspersor sectorial de riego de polipropileno con piqueta y cobertura de 360 \u200b\u200b\u00ba. Resistencia, f\u00e1cil instalaci\u00f3n y uso dom\u00e9stico o profesional.\" \/>\n<meta name=\"robots\" content=\"index, follow, max-snippet:-1, max-image-preview:large, max-video-preview:-1\" \/>\n<link rel=\"canonical\" href=\"https:\/\/saiga.es\/es\/producto\/aspersor-sectorial-de-riego-de-polipropileno\/\" \/>\n<meta property=\"og:locale\" content=\"es_ES\" \/>\n<meta property=\"og:type\" content=\"article\" \/>\n<meta property=\"og:title\" content=\"Aspersor sectorial de riego de polipropileno | SAIGA\" \/>\n<meta property=\"og:description\" content=\"Aspersor sectorial de riego de polipropileno con piqueta y cobertura de 360 \u200b\u200b\u00ba. Resistencia, f\u00e1cil instalaci\u00f3n y uso dom\u00e9stico o profesional.\" \/>\n<meta property=\"og:url\" content=\"https:\/\/saiga.es\/es\/producto\/aspersor-sectorial-de-riego-de-polipropileno\/\" \/>\n<meta property=\"og:site_name\" content=\"SAIGA\" \/>\n<meta property=\"article:modified_time\" content=\"2026-01-28T12:47:40+00:00\" \/>\n<meta property=\"og:image\" content=\"https:\/\/saiga.es\/wp-content\/uploads\/2026\/01\/Aspersor-sectorial-de-reg-de-polipropile-.jpg\" \/>\n\t<meta property=\"og:image:width\" content=\"1080\" \/>\n\t<meta property=\"og:image:height\" content=\"1080\" \/>\n\t<meta property=\"og:image:type\" content=\"image\/jpeg\" \/>\n<meta name=\"twitter:card\" content=\"summary_large_image\" \/>\n<meta name=\"twitter:site\" content=\"@saiga_agro\" \/>\n<meta name=\"twitter:label1\" content=\"Tiempo de lectura\" \/>\n\t<meta name=\"twitter:data1\" content=\"1 minuto\" \/>\n<script type=\"application\/ld+json\" class=\"yoast-schema-graph\">{\"@context\":\"https:\\\/\\\/schema.org\",\"@graph\":[{\"@type\":\"WebPage\",\"@id\":\"https:\\\/\\\/saiga.es\\\/es\\\/producto\\\/aspersor-sectorial-de-riego-de-polipropileno\\\/\",\"url\":\"https:\\\/\\\/saiga.es\\\/es\\\/producto\\\/aspersor-sectorial-de-riego-de-polipropileno\\\/\",\"name\":\"Aspersor sectorial de riego de polipropileno | SAIGA\",\"isPartOf\":{\"@id\":\"https:\\\/\\\/saiga.es\\\/es\\\/#website\"},\"primaryImageOfPage\":{\"@id\":\"https:\\\/\\\/saiga.es\\\/es\\\/producto\\\/aspersor-sectorial-de-riego-de-polipropileno\\\/#primaryimage\"},\"image\":{\"@id\":\"https:\\\/\\\/saiga.es\\\/es\\\/producto\\\/aspersor-sectorial-de-riego-de-polipropileno\\\/#primaryimage\"},\"thumbnailUrl\":\"https:\\\/\\\/saiga.es\\\/wp-content\\\/uploads\\\/2026\\\/01\\\/Aspersor-sectorial-de-reg-de-polipropile-.jpg\",\"datePublished\":\"2026-01-28T12:40:11+00:00\",\"dateModified\":\"2026-01-28T12:47:40+00:00\",\"description\":\"Aspersor sectorial de riego de polipropileno con piqueta y cobertura de 360 \u200b\u200b\u00ba. Resistencia, f\u00e1cil instalaci\u00f3n y uso dom\u00e9stico o profesional.\",\"breadcrumb\":{\"@id\":\"https:\\\/\\\/saiga.es\\\/es\\\/producto\\\/aspersor-sectorial-de-riego-de-polipropileno\\\/#breadcrumb\"},\"inLanguage\":\"es\",\"potentialAction\":[{\"@type\":\"ReadAction\",\"target\":[\"https:\\\/\\\/saiga.es\\\/es\\\/producto\\\/aspersor-sectorial-de-riego-de-polipropileno\\\/\"]}]},{\"@type\":\"ImageObject\",\"inLanguage\":\"es\",\"@id\":\"https:\\\/\\\/saiga.es\\\/es\\\/producto\\\/aspersor-sectorial-de-riego-de-polipropileno\\\/#primaryimage\",\"url\":\"https:\\\/\\\/saiga.es\\\/wp-content\\\/uploads\\\/2026\\\/01\\\/Aspersor-sectorial-de-reg-de-polipropile-.jpg\",\"contentUrl\":\"https:\\\/\\\/saiga.es\\\/wp-content\\\/uploads\\\/2026\\\/01\\\/Aspersor-sectorial-de-reg-de-polipropile-.jpg\",\"width\":1080,\"height\":1080,\"caption\":\"Aspersor sectorial de riego de polipropileno\"},{\"@type\":\"BreadcrumbList\",\"@id\":\"https:\\\/\\\/saiga.es\\\/es\\\/producto\\\/aspersor-sectorial-de-riego-de-polipropileno\\\/#breadcrumb\",\"itemListElement\":[{\"@type\":\"ListItem\",\"position\":1,\"name\":\"Inici\",\"item\":\"https:\\\/\\\/saiga.es\\\/es\\\/\"},{\"@type\":\"ListItem\",\"position\":2,\"name\":\"Tienda\",\"item\":\"https:\\\/\\\/saiga.es\\\/es\\\/tienda\\\/\"},{\"@type\":\"ListItem\",\"position\":3,\"name\":\"Aspersor sectorial de riego de polipropileno\"}]},{\"@type\":\"WebSite\",\"@id\":\"https:\\\/\\\/saiga.es\\\/es\\\/#website\",\"url\":\"https:\\\/\\\/saiga.es\\\/es\\\/\",\"name\":\"SAIGA\",\"description\":\"M\u00e9s de 50 anys al servei de la terra i treballant per a un \u00fas eficient de l\u2019aigua!\",\"publisher\":{\"@id\":\"https:\\\/\\\/saiga.es\\\/es\\\/#organization\"},\"potentialAction\":[{\"@type\":\"SearchAction\",\"target\":{\"@type\":\"EntryPoint\",\"urlTemplate\":\"https:\\\/\\\/saiga.es\\\/es\\\/?s={search_term_string}\"},\"query-input\":{\"@type\":\"PropertyValueSpecification\",\"valueRequired\":true,\"valueName\":\"search_term_string\"}}],\"inLanguage\":\"es\"},{\"@type\":\"Organization\",\"@id\":\"https:\\\/\\\/saiga.es\\\/es\\\/#organization\",\"name\":\"SAIGA\",\"url\":\"https:\\\/\\\/saiga.es\\\/es\\\/\",\"logo\":{\"@type\":\"ImageObject\",\"inLanguage\":\"es\",\"@id\":\"https:\\\/\\\/saiga.es\\\/es\\\/#\\\/schema\\\/logo\\\/image\\\/\",\"url\":\"https:\\\/\\\/saiga.es\\\/wp-content\\\/uploads\\\/2025\\\/07\\\/logo_saiga_baseline_optimitzat.svg\",\"contentUrl\":\"https:\\\/\\\/saiga.es\\\/wp-content\\\/uploads\\\/2025\\\/07\\\/logo_saiga_baseline_optimitzat.svg\",\"caption\":\"SAIGA\"},\"image\":{\"@id\":\"https:\\\/\\\/saiga.es\\\/es\\\/#\\\/schema\\\/logo\\\/image\\\/\"},\"sameAs\":[\"https:\\\/\\\/x.com\\\/saiga_agro\",\"https:\\\/\\\/www.instagram.com\\\/saiga_agro\\\/\"]}]}<\/script>\n<!-- \/ Yoast SEO plugin. -->","yoast_head_json":{"title":"Aspersor sectorial de riego de polipropileno | SAIGA","description":"Aspersor sectorial de riego de polipropileno con piqueta y cobertura de 360 \u200b\u200b\u00ba. Resistencia, f\u00e1cil instalaci\u00f3n y uso dom\u00e9stico o profesional.","robots":{"index":"index","follow":"follow","max-snippet":"max-snippet:-1","max-image-preview":"max-image-preview:large","max-video-preview":"max-video-preview:-1"},"canonical":"https:\/\/saiga.es\/es\/producto\/aspersor-sectorial-de-riego-de-polipropileno\/","og_locale":"es_ES","og_type":"article","og_title":"Aspersor sectorial de riego de polipropileno | SAIGA","og_description":"Aspersor sectorial de riego de polipropileno con piqueta y cobertura de 360 \u200b\u200b\u00ba. Resistencia, f\u00e1cil instalaci\u00f3n y uso dom\u00e9stico o profesional.","og_url":"https:\/\/saiga.es\/es\/producto\/aspersor-sectorial-de-riego-de-polipropileno\/","og_site_name":"SAIGA","article_modified_time":"2026-01-28T12:47:40+00:00","og_image":[{"width":1080,"height":1080,"url":"https:\/\/saiga.es\/wp-content\/uploads\/2026\/01\/Aspersor-sectorial-de-reg-de-polipropile-.jpg","type":"image\/jpeg"}],"twitter_card":"summary_large_image","twitter_site":"@saiga_agro","twitter_misc":{"Tiempo de lectura":"1 minuto"},"schema":{"@context":"https:\/\/schema.org","@graph":[{"@type":"WebPage","@id":"https:\/\/saiga.es\/es\/producto\/aspersor-sectorial-de-riego-de-polipropileno\/","url":"https:\/\/saiga.es\/es\/producto\/aspersor-sectorial-de-riego-de-polipropileno\/","name":"Aspersor sectorial de riego de polipropileno | SAIGA","isPartOf":{"@id":"https:\/\/saiga.es\/es\/#website"},"primaryImageOfPage":{"@id":"https:\/\/saiga.es\/es\/producto\/aspersor-sectorial-de-riego-de-polipropileno\/#primaryimage"},"image":{"@id":"https:\/\/saiga.es\/es\/producto\/aspersor-sectorial-de-riego-de-polipropileno\/#primaryimage"},"thumbnailUrl":"https:\/\/saiga.es\/wp-content\/uploads\/2026\/01\/Aspersor-sectorial-de-reg-de-polipropile-.jpg","datePublished":"2026-01-28T12:40:11+00:00","dateModified":"2026-01-28T12:47:40+00:00","description":"Aspersor sectorial de riego de polipropileno con piqueta y cobertura de 360 \u200b\u200b\u00ba. Resistencia, f\u00e1cil instalaci\u00f3n y uso dom\u00e9stico o profesional.","breadcrumb":{"@id":"https:\/\/saiga.es\/es\/producto\/aspersor-sectorial-de-riego-de-polipropileno\/#breadcrumb"},"inLanguage":"es","potentialAction":[{"@type":"ReadAction","target":["https:\/\/saiga.es\/es\/producto\/aspersor-sectorial-de-riego-de-polipropileno\/"]}]},{"@type":"ImageObject","inLanguage":"es","@id":"https:\/\/saiga.es\/es\/producto\/aspersor-sectorial-de-riego-de-polipropileno\/#primaryimage","url":"https:\/\/saiga.es\/wp-content\/uploads\/2026\/01\/Aspersor-sectorial-de-reg-de-polipropile-.jpg","contentUrl":"https:\/\/saiga.es\/wp-content\/uploads\/2026\/01\/Aspersor-sectorial-de-reg-de-polipropile-.jpg","width":1080,"height":1080,"caption":"Aspersor sectorial de riego de polipropileno"},{"@type":"BreadcrumbList","@id":"https:\/\/saiga.es\/es\/producto\/aspersor-sectorial-de-riego-de-polipropileno\/#breadcrumb","itemListElement":[{"@type":"ListItem","position":1,"name":"Inici","item":"https:\/\/saiga.es\/es\/"},{"@type":"ListItem","position":2,"name":"Tienda","item":"https:\/\/saiga.es\/es\/tienda\/"},{"@type":"ListItem","position":3,"name":"Aspersor sectorial de riego de polipropileno"}]},{"@type":"WebSite","@id":"https:\/\/saiga.es\/es\/#website","url":"https:\/\/saiga.es\/es\/","name":"SAIGA","description":"M\u00e9s de 50 anys al servei de la terra i treballant per a un \u00fas eficient de l\u2019aigua!","publisher":{"@id":"https:\/\/saiga.es\/es\/#organization"},"potentialAction":[{"@type":"SearchAction","target":{"@type":"EntryPoint","urlTemplate":"https:\/\/saiga.es\/es\/?s={search_term_string}"},"query-input":{"@type":"PropertyValueSpecification","valueRequired":true,"valueName":"search_term_string"}}],"inLanguage":"es"},{"@type":"Organization","@id":"https:\/\/saiga.es\/es\/#organization","name":"SAIGA","url":"https:\/\/saiga.es\/es\/","logo":{"@type":"ImageObject","inLanguage":"es","@id":"https:\/\/saiga.es\/es\/#\/schema\/logo\/image\/","url":"https:\/\/saiga.es\/wp-content\/uploads\/2025\/07\/logo_saiga_baseline_optimitzat.svg","contentUrl":"https:\/\/saiga.es\/wp-content\/uploads\/2025\/07\/logo_saiga_baseline_optimitzat.svg","caption":"SAIGA"},"image":{"@id":"https:\/\/saiga.es\/es\/#\/schema\/logo\/image\/"},"sameAs":["https:\/\/x.com\/saiga_agro","https:\/\/www.instagram.com\/saiga_agro\/"]}]}},"_links":{"self":[{"href":"https:\/\/saiga.es\/es\/wp-json\/wp\/v2\/product\/18137","targetHints":{"allow":["GET"]}}],"collection":[{"href":"https:\/\/saiga.es\/es\/wp-json\/wp\/v2\/product"}],"about":[{"href":"https:\/\/saiga.es\/es\/wp-json\/wp\/v2\/types\/product"}],"replies":[{"embeddable":true,"href":"https:\/\/saiga.es\/es\/wp-json\/wp\/v2\/comments?post=18137"}],"wp:featuredmedia":[{"embeddable":true,"href":"https:\/\/saiga.es\/es\/wp-json\/wp\/v2\/media\/18135"}],"wp:attachment":[{"href":"https:\/\/saiga.es\/es\/wp-json\/wp\/v2\/media?parent=18137"}],"wp:term":[{"taxonomy":"product_brand","embeddable":true,"href":"https:\/\/saiga.es\/es\/wp-json\/wp\/v2\/product_brand?post=18137"},{"taxonomy":"product_cat","embeddable":true,"href":"https:\/\/saiga.es\/es\/wp-json\/wp\/v2\/product_cat?post=18137"},{"taxonomy":"product_tag","embeddable":true,"href":"https:\/\/saiga.es\/es\/wp-json\/wp\/v2\/product_tag?post=18137"}],"curies":[{"name":"wp","href":"https:\/\/api.w.org\/{rel}","templated":true}]}}