{"id":18147,"date":"2026-01-28T13:02:51","date_gmt":"2026-01-28T13:02:51","guid":{"rendered":"https:\/\/saiga.es\/producte\/aspersor-rotatorio-con-4-funciones-de-chorros-de-agua\/"},"modified":"2026-01-28T13:02:51","modified_gmt":"2026-01-28T13:02:51","slug":"aspersor-rotatorio-con-4-funciones-de-chorros-de-agua","status":"publish","type":"product","link":"https:\/\/saiga.es\/es\/producto\/aspersor-rotatorio-con-4-funciones-de-chorros-de-agua\/","title":{"rendered":"Aspersor rotatorio con 4 funciones de chorros de agua"},"content":{"rendered":"<p data-start=\"170\" data-end=\"623\">Aspersor rotatorio con 4 funciones de chorros de agua, fabricado en polipropileno de gran calidad, dise\u00f1ado para ofrecer un riego uniforme, eficiente y adaptable a distintas necesidades de jard\u00edn y zonas verdes. Este aspersor permite ajustar el \u00e1ngulo de ca\u00edda del agua para adaptar la trayectoria y alcance del chorro, as\u00ed como elegir entre diversas funciones de riego seg\u00fan el tipo de zona o vegetaci\u00f3n a regar. <\/p>\n<p data-start=\"625\" data-end=\"1087\">Su cobertura puede alcanzar los 360\u00b0, garantizando una distribuci\u00f3n homog\u00e9nea del agua y consiguiendo un riego completo tanto en entornos dom\u00e9sticos como profesionales. El dise\u00f1o robusto y resistente soporta condiciones exigentes de temperatura e impactos, manteniendo su integridad con el paso del tiempo. Adem\u00e1s, se puede fijar directamente en el terreno o colocar sobre soportes especiales para adaptarlo mejor al espacio de riego.  <\/p>\n<p data-start=\"1089\" data-end=\"1322\">Este aspersor rotatorio es f\u00e1cil de transportar, maniobrar y limpiar, y representa una soluci\u00f3n fiable para mantener c\u00e9sped, parterres y huertos verdes y bien hidratados de forma c\u00f3moda y eficiente.<\/p>\n","protected":false},"excerpt":{"rendered":"<p>Aspersor rotatorio con 4 funciones de chorros de agua, fabricado en polipropileno de gran calidad, dise\u00f1ado para ofrecer un riego uniforme, eficiente y adaptable a distintas necesidades de jard\u00edn y zonas verdes. Este aspersor permite ajustar el \u00e1ngulo de ca\u00edda del agua para adaptar la trayectoria y alcance del chorro, as\u00ed como elegir entre diversas funciones de riego seg\u00fan el tipo de zona o vegetaci\u00f3n a regar. <\/p>\n","protected":false},"featured_media":18144,"comment_status":"closed","ping_status":"closed","template":"","meta":[],"product_brand":[],"product_cat":[182],"product_tag":[],"class_list":{"0":"post-18147","1":"product","2":"type-product","3":"status-publish","4":"has-post-thumbnail","6":"product_cat-aspersores-y-difusores","8":"first","9":"instock","10":"taxable","11":"shipping-taxable","12":"purchasable","13":"product-type-simple"},"yoast_head":"<!-- This site is optimized with the Yoast SEO plugin v27.4 - https:\/\/yoast.com\/product\/yoast-seo-wordpress\/ -->\n<title>Aspersor rotatorio con 4 funciones de chorros de agua | SAIGA<\/title>\n<meta name=\"description\" content=\"Aspersor rotatorio con 4 funciones de agua y \u00e1ngulo ajustable para el riego uniforme de jardines. En polipropileno, cobertura de 360\u00b0, adaptable y eficiente.\" \/>\n<meta name=\"robots\" content=\"index, follow, max-snippet:-1, max-image-preview:large, max-video-preview:-1\" \/>\n<link rel=\"canonical\" href=\"https:\/\/saiga.es\/es\/producto\/aspersor-rotatorio-con-4-funciones-de-chorros-de-agua\/\" \/>\n<meta property=\"og:locale\" content=\"es_ES\" \/>\n<meta property=\"og:type\" content=\"article\" \/>\n<meta property=\"og:title\" content=\"Aspersor rotatorio con 4 funciones de chorros de agua | SAIGA\" \/>\n<meta property=\"og:description\" content=\"Aspersor rotatorio con 4 funciones de agua y \u00e1ngulo ajustable para el riego uniforme de jardines. En polipropileno, cobertura de 360\u00b0, adaptable y eficiente.\" \/>\n<meta property=\"og:url\" content=\"https:\/\/saiga.es\/es\/producto\/aspersor-rotatorio-con-4-funciones-de-chorros-de-agua\/\" \/>\n<meta property=\"og:site_name\" content=\"SAIGA\" \/>\n<meta property=\"og:image\" content=\"https:\/\/saiga.es\/wp-content\/uploads\/2026\/01\/Aspersor-rotatori-amb-4-funcions.jpg\" \/>\n\t<meta property=\"og:image:width\" content=\"1080\" \/>\n\t<meta property=\"og:image:height\" content=\"1080\" \/>\n\t<meta property=\"og:image:type\" content=\"image\/jpeg\" \/>\n<meta name=\"twitter:card\" content=\"summary_large_image\" \/>\n<meta name=\"twitter:site\" content=\"@saiga_agro\" \/>\n<meta name=\"twitter:label1\" content=\"Tiempo de lectura\" \/>\n\t<meta name=\"twitter:data1\" content=\"1 minuto\" \/>\n<script type=\"application\/ld+json\" class=\"yoast-schema-graph\">{\"@context\":\"https:\\\/\\\/schema.org\",\"@graph\":[{\"@type\":\"WebPage\",\"@id\":\"https:\\\/\\\/saiga.es\\\/es\\\/producto\\\/aspersor-rotatorio-con-4-funciones-de-chorros-de-agua\\\/\",\"url\":\"https:\\\/\\\/saiga.es\\\/es\\\/producto\\\/aspersor-rotatorio-con-4-funciones-de-chorros-de-agua\\\/\",\"name\":\"Aspersor rotatorio con 4 funciones de chorros de agua | SAIGA\",\"isPartOf\":{\"@id\":\"https:\\\/\\\/saiga.es\\\/es\\\/#website\"},\"primaryImageOfPage\":{\"@id\":\"https:\\\/\\\/saiga.es\\\/es\\\/producto\\\/aspersor-rotatorio-con-4-funciones-de-chorros-de-agua\\\/#primaryimage\"},\"image\":{\"@id\":\"https:\\\/\\\/saiga.es\\\/es\\\/producto\\\/aspersor-rotatorio-con-4-funciones-de-chorros-de-agua\\\/#primaryimage\"},\"thumbnailUrl\":\"https:\\\/\\\/saiga.es\\\/wp-content\\\/uploads\\\/2026\\\/01\\\/Aspersor-rotatori-amb-4-funcions.jpg\",\"datePublished\":\"2026-01-28T13:02:51+00:00\",\"description\":\"Aspersor rotatorio con 4 funciones de agua y \u00e1ngulo ajustable para el riego uniforme de jardines. En polipropileno, cobertura de 360\u00b0, adaptable y eficiente.\",\"breadcrumb\":{\"@id\":\"https:\\\/\\\/saiga.es\\\/es\\\/producto\\\/aspersor-rotatorio-con-4-funciones-de-chorros-de-agua\\\/#breadcrumb\"},\"inLanguage\":\"es\",\"potentialAction\":[{\"@type\":\"ReadAction\",\"target\":[\"https:\\\/\\\/saiga.es\\\/es\\\/producto\\\/aspersor-rotatorio-con-4-funciones-de-chorros-de-agua\\\/\"]}]},{\"@type\":\"ImageObject\",\"inLanguage\":\"es\",\"@id\":\"https:\\\/\\\/saiga.es\\\/es\\\/producto\\\/aspersor-rotatorio-con-4-funciones-de-chorros-de-agua\\\/#primaryimage\",\"url\":\"https:\\\/\\\/saiga.es\\\/wp-content\\\/uploads\\\/2026\\\/01\\\/Aspersor-rotatori-amb-4-funcions.jpg\",\"contentUrl\":\"https:\\\/\\\/saiga.es\\\/wp-content\\\/uploads\\\/2026\\\/01\\\/Aspersor-rotatori-amb-4-funcions.jpg\",\"width\":1080,\"height\":1080,\"caption\":\"Aspersor rotatorio 4 funciones\"},{\"@type\":\"BreadcrumbList\",\"@id\":\"https:\\\/\\\/saiga.es\\\/es\\\/producto\\\/aspersor-rotatorio-con-4-funciones-de-chorros-de-agua\\\/#breadcrumb\",\"itemListElement\":[{\"@type\":\"ListItem\",\"position\":1,\"name\":\"Inici\",\"item\":\"https:\\\/\\\/saiga.es\\\/es\\\/\"},{\"@type\":\"ListItem\",\"position\":2,\"name\":\"Tienda\",\"item\":\"https:\\\/\\\/saiga.es\\\/es\\\/tienda\\\/\"},{\"@type\":\"ListItem\",\"position\":3,\"name\":\"Aspersor rotatorio con 4 funciones de chorros de agua\"}]},{\"@type\":\"WebSite\",\"@id\":\"https:\\\/\\\/saiga.es\\\/es\\\/#website\",\"url\":\"https:\\\/\\\/saiga.es\\\/es\\\/\",\"name\":\"SAIGA\",\"description\":\"M\u00e9s de 50 anys al servei de la terra i treballant per a un \u00fas eficient de l\u2019aigua!\",\"publisher\":{\"@id\":\"https:\\\/\\\/saiga.es\\\/es\\\/#organization\"},\"potentialAction\":[{\"@type\":\"SearchAction\",\"target\":{\"@type\":\"EntryPoint\",\"urlTemplate\":\"https:\\\/\\\/saiga.es\\\/es\\\/?s={search_term_string}\"},\"query-input\":{\"@type\":\"PropertyValueSpecification\",\"valueRequired\":true,\"valueName\":\"search_term_string\"}}],\"inLanguage\":\"es\"},{\"@type\":\"Organization\",\"@id\":\"https:\\\/\\\/saiga.es\\\/es\\\/#organization\",\"name\":\"SAIGA\",\"url\":\"https:\\\/\\\/saiga.es\\\/es\\\/\",\"logo\":{\"@type\":\"ImageObject\",\"inLanguage\":\"es\",\"@id\":\"https:\\\/\\\/saiga.es\\\/es\\\/#\\\/schema\\\/logo\\\/image\\\/\",\"url\":\"https:\\\/\\\/saiga.es\\\/wp-content\\\/uploads\\\/2025\\\/07\\\/logo_saiga_baseline_optimitzat.svg\",\"contentUrl\":\"https:\\\/\\\/saiga.es\\\/wp-content\\\/uploads\\\/2025\\\/07\\\/logo_saiga_baseline_optimitzat.svg\",\"caption\":\"SAIGA\"},\"image\":{\"@id\":\"https:\\\/\\\/saiga.es\\\/es\\\/#\\\/schema\\\/logo\\\/image\\\/\"},\"sameAs\":[\"https:\\\/\\\/x.com\\\/saiga_agro\",\"https:\\\/\\\/www.instagram.com\\\/saiga_agro\\\/\"]}]}<\/script>\n<!-- \/ Yoast SEO plugin. -->","yoast_head_json":{"title":"Aspersor rotatorio con 4 funciones de chorros de agua | SAIGA","description":"Aspersor rotatorio con 4 funciones de agua y \u00e1ngulo ajustable para el riego uniforme de jardines. En polipropileno, cobertura de 360\u00b0, adaptable y eficiente.","robots":{"index":"index","follow":"follow","max-snippet":"max-snippet:-1","max-image-preview":"max-image-preview:large","max-video-preview":"max-video-preview:-1"},"canonical":"https:\/\/saiga.es\/es\/producto\/aspersor-rotatorio-con-4-funciones-de-chorros-de-agua\/","og_locale":"es_ES","og_type":"article","og_title":"Aspersor rotatorio con 4 funciones de chorros de agua | SAIGA","og_description":"Aspersor rotatorio con 4 funciones de agua y \u00e1ngulo ajustable para el riego uniforme de jardines. En polipropileno, cobertura de 360\u00b0, adaptable y eficiente.","og_url":"https:\/\/saiga.es\/es\/producto\/aspersor-rotatorio-con-4-funciones-de-chorros-de-agua\/","og_site_name":"SAIGA","og_image":[{"width":1080,"height":1080,"url":"https:\/\/saiga.es\/wp-content\/uploads\/2026\/01\/Aspersor-rotatori-amb-4-funcions.jpg","type":"image\/jpeg"}],"twitter_card":"summary_large_image","twitter_site":"@saiga_agro","twitter_misc":{"Tiempo de lectura":"1 minuto"},"schema":{"@context":"https:\/\/schema.org","@graph":[{"@type":"WebPage","@id":"https:\/\/saiga.es\/es\/producto\/aspersor-rotatorio-con-4-funciones-de-chorros-de-agua\/","url":"https:\/\/saiga.es\/es\/producto\/aspersor-rotatorio-con-4-funciones-de-chorros-de-agua\/","name":"Aspersor rotatorio con 4 funciones de chorros de agua | SAIGA","isPartOf":{"@id":"https:\/\/saiga.es\/es\/#website"},"primaryImageOfPage":{"@id":"https:\/\/saiga.es\/es\/producto\/aspersor-rotatorio-con-4-funciones-de-chorros-de-agua\/#primaryimage"},"image":{"@id":"https:\/\/saiga.es\/es\/producto\/aspersor-rotatorio-con-4-funciones-de-chorros-de-agua\/#primaryimage"},"thumbnailUrl":"https:\/\/saiga.es\/wp-content\/uploads\/2026\/01\/Aspersor-rotatori-amb-4-funcions.jpg","datePublished":"2026-01-28T13:02:51+00:00","description":"Aspersor rotatorio con 4 funciones de agua y \u00e1ngulo ajustable para el riego uniforme de jardines. En polipropileno, cobertura de 360\u00b0, adaptable y eficiente.","breadcrumb":{"@id":"https:\/\/saiga.es\/es\/producto\/aspersor-rotatorio-con-4-funciones-de-chorros-de-agua\/#breadcrumb"},"inLanguage":"es","potentialAction":[{"@type":"ReadAction","target":["https:\/\/saiga.es\/es\/producto\/aspersor-rotatorio-con-4-funciones-de-chorros-de-agua\/"]}]},{"@type":"ImageObject","inLanguage":"es","@id":"https:\/\/saiga.es\/es\/producto\/aspersor-rotatorio-con-4-funciones-de-chorros-de-agua\/#primaryimage","url":"https:\/\/saiga.es\/wp-content\/uploads\/2026\/01\/Aspersor-rotatori-amb-4-funcions.jpg","contentUrl":"https:\/\/saiga.es\/wp-content\/uploads\/2026\/01\/Aspersor-rotatori-amb-4-funcions.jpg","width":1080,"height":1080,"caption":"Aspersor rotatorio 4 funciones"},{"@type":"BreadcrumbList","@id":"https:\/\/saiga.es\/es\/producto\/aspersor-rotatorio-con-4-funciones-de-chorros-de-agua\/#breadcrumb","itemListElement":[{"@type":"ListItem","position":1,"name":"Inici","item":"https:\/\/saiga.es\/es\/"},{"@type":"ListItem","position":2,"name":"Tienda","item":"https:\/\/saiga.es\/es\/tienda\/"},{"@type":"ListItem","position":3,"name":"Aspersor rotatorio con 4 funciones de chorros de agua"}]},{"@type":"WebSite","@id":"https:\/\/saiga.es\/es\/#website","url":"https:\/\/saiga.es\/es\/","name":"SAIGA","description":"M\u00e9s de 50 anys al servei de la terra i treballant per a un \u00fas eficient de l\u2019aigua!","publisher":{"@id":"https:\/\/saiga.es\/es\/#organization"},"potentialAction":[{"@type":"SearchAction","target":{"@type":"EntryPoint","urlTemplate":"https:\/\/saiga.es\/es\/?s={search_term_string}"},"query-input":{"@type":"PropertyValueSpecification","valueRequired":true,"valueName":"search_term_string"}}],"inLanguage":"es"},{"@type":"Organization","@id":"https:\/\/saiga.es\/es\/#organization","name":"SAIGA","url":"https:\/\/saiga.es\/es\/","logo":{"@type":"ImageObject","inLanguage":"es","@id":"https:\/\/saiga.es\/es\/#\/schema\/logo\/image\/","url":"https:\/\/saiga.es\/wp-content\/uploads\/2025\/07\/logo_saiga_baseline_optimitzat.svg","contentUrl":"https:\/\/saiga.es\/wp-content\/uploads\/2025\/07\/logo_saiga_baseline_optimitzat.svg","caption":"SAIGA"},"image":{"@id":"https:\/\/saiga.es\/es\/#\/schema\/logo\/image\/"},"sameAs":["https:\/\/x.com\/saiga_agro","https:\/\/www.instagram.com\/saiga_agro\/"]}]}},"_links":{"self":[{"href":"https:\/\/saiga.es\/es\/wp-json\/wp\/v2\/product\/18147","targetHints":{"allow":["GET"]}}],"collection":[{"href":"https:\/\/saiga.es\/es\/wp-json\/wp\/v2\/product"}],"about":[{"href":"https:\/\/saiga.es\/es\/wp-json\/wp\/v2\/types\/product"}],"replies":[{"embeddable":true,"href":"https:\/\/saiga.es\/es\/wp-json\/wp\/v2\/comments?post=18147"}],"wp:featuredmedia":[{"embeddable":true,"href":"https:\/\/saiga.es\/es\/wp-json\/wp\/v2\/media\/18144"}],"wp:attachment":[{"href":"https:\/\/saiga.es\/es\/wp-json\/wp\/v2\/media?parent=18147"}],"wp:term":[{"taxonomy":"product_brand","embeddable":true,"href":"https:\/\/saiga.es\/es\/wp-json\/wp\/v2\/product_brand?post=18147"},{"taxonomy":"product_cat","embeddable":true,"href":"https:\/\/saiga.es\/es\/wp-json\/wp\/v2\/product_cat?post=18147"},{"taxonomy":"product_tag","embeddable":true,"href":"https:\/\/saiga.es\/es\/wp-json\/wp\/v2\/product_tag?post=18147"}],"curies":[{"name":"wp","href":"https:\/\/api.w.org\/{rel}","templated":true}]}}