{"id":18153,"date":"2026-01-28T14:00:05","date_gmt":"2026-01-28T14:00:05","guid":{"rendered":"https:\/\/saiga.es\/producte\/aspersor-oscilante-multifuncion\/"},"modified":"2026-01-28T14:00:05","modified_gmt":"2026-01-28T14:00:05","slug":"aspersor-oscilante-multifuncion","status":"publish","type":"product","link":"https:\/\/saiga.es\/es\/producto\/aspersor-oscilante-multifuncion\/","title":{"rendered":"Aspersor oscilante multifunci\u00f3n"},"content":{"rendered":"<p data-start=\"172\" data-end=\"584\">El aspersor oscilante multifunci\u00f3n es un aspersor de riego oscilante multifunci\u00f3n con 16 posiciones de salida de agua pensado para ofrecer una cobertura ajustable y un riego uniforme en jardines de distintos tama\u00f1os. Su construcci\u00f3n en polipropileno resistente a golpes, ara\u00f1azos e impactos garantiza durabilidad y fiabilidad en el uso regular de riego jardinero. <\/p>\n<p data-start=\"586\" data-end=\"1023\">Este aspersor permite ajustar tanto la direcci\u00f3n como la intensidad de las salidas, as\u00ed como adaptar la cobertura de riego a la anchura y longitud de la zona a regar. Con ello consigues un riego eficiente y personalizado, reduciendo zonas mal regadas y maximizando el rendimiento del agua. Su cobertura puede llegar hasta aproximadamente 366 m\u00b2, haci\u00e9ndolo ideal para jardines medios y grandes.  <\/p>\n<p data-start=\"1025\" data-end=\"1388\">Les connexions interiors s\u00f3n compactes i robustes, la qual cosa fa que la instal\u00b7laci\u00f3 i el funcionament siguin senzills i segurs. Aquest aspersor \u00e9s adequat per a \u00fas dom\u00e8stic i d\u2019hivernacle, aportant comoditat, flexibilitat i una millor distribuci\u00f3 de l\u2019aigua per mantenir el teu espai verd saludable i ben hidratat. <\/p>\n","protected":false},"excerpt":{"rendered":"<p>Aspersor oscilante multifunci\u00f3n es un aspersor de riego oscilante multifunci\u00f3n con 16 posiciones de salida de agua pensado para ofrecer una cobertura ajustable y un riego uniforme en jardines de distintos tama\u00f1os. Su construcci\u00f3n en polipropileno resistente a golpes, ara\u00f1azos e impactos garantiza durabilidad y fiabilidad en el uso regular de riego jardinero. <\/p>\n","protected":false},"featured_media":18151,"comment_status":"closed","ping_status":"closed","template":"","meta":[],"product_brand":[],"product_cat":[182],"product_tag":[],"class_list":{"0":"post-18153","1":"product","2":"type-product","3":"status-publish","4":"has-post-thumbnail","6":"product_cat-aspersores-y-difusores","8":"first","9":"instock","10":"taxable","11":"shipping-taxable","12":"purchasable","13":"product-type-simple"},"yoast_head":"<!-- This site is optimized with the Yoast SEO plugin v27.4 - https:\/\/yoast.com\/product\/yoast-seo-wordpress\/ -->\n<title>Aspersor oscilante multifunci\u00f3n | SAIGA<\/title>\n<meta name=\"description\" content=\"Aspersor oscilante multifunci\u00f3n con 16 posiciones y cobertura regulable de hasta 366 m\u00b2. Base de polipropileno, riego eficiente y uniforme en jardines.\" \/>\n<meta name=\"robots\" content=\"index, follow, max-snippet:-1, max-image-preview:large, max-video-preview:-1\" \/>\n<link rel=\"canonical\" href=\"https:\/\/saiga.es\/es\/producto\/aspersor-oscilante-multifuncion\/\" \/>\n<meta property=\"og:locale\" content=\"es_ES\" \/>\n<meta property=\"og:type\" content=\"article\" \/>\n<meta property=\"og:title\" content=\"Aspersor oscilante multifunci\u00f3n | SAIGA\" \/>\n<meta property=\"og:description\" content=\"Aspersor oscilante multifunci\u00f3n con 16 posiciones y cobertura regulable de hasta 366 m\u00b2. Base de polipropileno, riego eficiente y uniforme en jardines.\" \/>\n<meta property=\"og:url\" content=\"https:\/\/saiga.es\/es\/producto\/aspersor-oscilante-multifuncion\/\" \/>\n<meta property=\"og:site_name\" content=\"SAIGA\" \/>\n<meta property=\"og:image\" content=\"https:\/\/saiga.es\/wp-content\/uploads\/2026\/01\/Aspersor-multifuncio.jpg\" \/>\n\t<meta property=\"og:image:width\" content=\"1080\" \/>\n\t<meta property=\"og:image:height\" content=\"1080\" \/>\n\t<meta property=\"og:image:type\" content=\"image\/jpeg\" \/>\n<meta name=\"twitter:card\" content=\"summary_large_image\" \/>\n<meta name=\"twitter:site\" content=\"@saiga_agro\" \/>\n<meta name=\"twitter:label1\" content=\"Tiempo de lectura\" \/>\n\t<meta name=\"twitter:data1\" content=\"1 minuto\" \/>\n<script type=\"application\/ld+json\" class=\"yoast-schema-graph\">{\"@context\":\"https:\\\/\\\/schema.org\",\"@graph\":[{\"@type\":\"WebPage\",\"@id\":\"https:\\\/\\\/saiga.es\\\/es\\\/producto\\\/aspersor-oscilante-multifuncion\\\/\",\"url\":\"https:\\\/\\\/saiga.es\\\/es\\\/producto\\\/aspersor-oscilante-multifuncion\\\/\",\"name\":\"Aspersor oscilante multifunci\u00f3n | SAIGA\",\"isPartOf\":{\"@id\":\"https:\\\/\\\/saiga.es\\\/es\\\/#website\"},\"primaryImageOfPage\":{\"@id\":\"https:\\\/\\\/saiga.es\\\/es\\\/producto\\\/aspersor-oscilante-multifuncion\\\/#primaryimage\"},\"image\":{\"@id\":\"https:\\\/\\\/saiga.es\\\/es\\\/producto\\\/aspersor-oscilante-multifuncion\\\/#primaryimage\"},\"thumbnailUrl\":\"https:\\\/\\\/saiga.es\\\/wp-content\\\/uploads\\\/2026\\\/01\\\/Aspersor-multifuncio.jpg\",\"datePublished\":\"2026-01-28T14:00:05+00:00\",\"description\":\"Aspersor oscilante multifunci\u00f3n con 16 posiciones y cobertura regulable de hasta 366 m\u00b2. Base de polipropileno, riego eficiente y uniforme en jardines.\",\"breadcrumb\":{\"@id\":\"https:\\\/\\\/saiga.es\\\/es\\\/producto\\\/aspersor-oscilante-multifuncion\\\/#breadcrumb\"},\"inLanguage\":\"es\",\"potentialAction\":[{\"@type\":\"ReadAction\",\"target\":[\"https:\\\/\\\/saiga.es\\\/es\\\/producto\\\/aspersor-oscilante-multifuncion\\\/\"]}]},{\"@type\":\"ImageObject\",\"inLanguage\":\"es\",\"@id\":\"https:\\\/\\\/saiga.es\\\/es\\\/producto\\\/aspersor-oscilante-multifuncion\\\/#primaryimage\",\"url\":\"https:\\\/\\\/saiga.es\\\/wp-content\\\/uploads\\\/2026\\\/01\\\/Aspersor-multifuncio.jpg\",\"contentUrl\":\"https:\\\/\\\/saiga.es\\\/wp-content\\\/uploads\\\/2026\\\/01\\\/Aspersor-multifuncio.jpg\",\"width\":1080,\"height\":1080,\"caption\":\"Aspersor oscilante multifunci\u00f3n\"},{\"@type\":\"BreadcrumbList\",\"@id\":\"https:\\\/\\\/saiga.es\\\/es\\\/producto\\\/aspersor-oscilante-multifuncion\\\/#breadcrumb\",\"itemListElement\":[{\"@type\":\"ListItem\",\"position\":1,\"name\":\"Inici\",\"item\":\"https:\\\/\\\/saiga.es\\\/es\\\/\"},{\"@type\":\"ListItem\",\"position\":2,\"name\":\"Tienda\",\"item\":\"https:\\\/\\\/saiga.es\\\/es\\\/tienda\\\/\"},{\"@type\":\"ListItem\",\"position\":3,\"name\":\"Aspersor oscilante multifunci\u00f3n\"}]},{\"@type\":\"WebSite\",\"@id\":\"https:\\\/\\\/saiga.es\\\/es\\\/#website\",\"url\":\"https:\\\/\\\/saiga.es\\\/es\\\/\",\"name\":\"SAIGA\",\"description\":\"M\u00e9s de 50 anys al servei de la terra i treballant per a un \u00fas eficient de l\u2019aigua!\",\"publisher\":{\"@id\":\"https:\\\/\\\/saiga.es\\\/es\\\/#organization\"},\"potentialAction\":[{\"@type\":\"SearchAction\",\"target\":{\"@type\":\"EntryPoint\",\"urlTemplate\":\"https:\\\/\\\/saiga.es\\\/es\\\/?s={search_term_string}\"},\"query-input\":{\"@type\":\"PropertyValueSpecification\",\"valueRequired\":true,\"valueName\":\"search_term_string\"}}],\"inLanguage\":\"es\"},{\"@type\":\"Organization\",\"@id\":\"https:\\\/\\\/saiga.es\\\/es\\\/#organization\",\"name\":\"SAIGA\",\"url\":\"https:\\\/\\\/saiga.es\\\/es\\\/\",\"logo\":{\"@type\":\"ImageObject\",\"inLanguage\":\"es\",\"@id\":\"https:\\\/\\\/saiga.es\\\/es\\\/#\\\/schema\\\/logo\\\/image\\\/\",\"url\":\"https:\\\/\\\/saiga.es\\\/wp-content\\\/uploads\\\/2025\\\/07\\\/logo_saiga_baseline_optimitzat.svg\",\"contentUrl\":\"https:\\\/\\\/saiga.es\\\/wp-content\\\/uploads\\\/2025\\\/07\\\/logo_saiga_baseline_optimitzat.svg\",\"caption\":\"SAIGA\"},\"image\":{\"@id\":\"https:\\\/\\\/saiga.es\\\/es\\\/#\\\/schema\\\/logo\\\/image\\\/\"},\"sameAs\":[\"https:\\\/\\\/x.com\\\/saiga_agro\",\"https:\\\/\\\/www.instagram.com\\\/saiga_agro\\\/\"]}]}<\/script>\n<!-- \/ Yoast SEO plugin. -->","yoast_head_json":{"title":"Aspersor oscilante multifunci\u00f3n | SAIGA","description":"Aspersor oscilante multifunci\u00f3n con 16 posiciones y cobertura regulable de hasta 366 m\u00b2. Base de polipropileno, riego eficiente y uniforme en jardines.","robots":{"index":"index","follow":"follow","max-snippet":"max-snippet:-1","max-image-preview":"max-image-preview:large","max-video-preview":"max-video-preview:-1"},"canonical":"https:\/\/saiga.es\/es\/producto\/aspersor-oscilante-multifuncion\/","og_locale":"es_ES","og_type":"article","og_title":"Aspersor oscilante multifunci\u00f3n | SAIGA","og_description":"Aspersor oscilante multifunci\u00f3n con 16 posiciones y cobertura regulable de hasta 366 m\u00b2. Base de polipropileno, riego eficiente y uniforme en jardines.","og_url":"https:\/\/saiga.es\/es\/producto\/aspersor-oscilante-multifuncion\/","og_site_name":"SAIGA","og_image":[{"width":1080,"height":1080,"url":"https:\/\/saiga.es\/wp-content\/uploads\/2026\/01\/Aspersor-multifuncio.jpg","type":"image\/jpeg"}],"twitter_card":"summary_large_image","twitter_site":"@saiga_agro","twitter_misc":{"Tiempo de lectura":"1 minuto"},"schema":{"@context":"https:\/\/schema.org","@graph":[{"@type":"WebPage","@id":"https:\/\/saiga.es\/es\/producto\/aspersor-oscilante-multifuncion\/","url":"https:\/\/saiga.es\/es\/producto\/aspersor-oscilante-multifuncion\/","name":"Aspersor oscilante multifunci\u00f3n | SAIGA","isPartOf":{"@id":"https:\/\/saiga.es\/es\/#website"},"primaryImageOfPage":{"@id":"https:\/\/saiga.es\/es\/producto\/aspersor-oscilante-multifuncion\/#primaryimage"},"image":{"@id":"https:\/\/saiga.es\/es\/producto\/aspersor-oscilante-multifuncion\/#primaryimage"},"thumbnailUrl":"https:\/\/saiga.es\/wp-content\/uploads\/2026\/01\/Aspersor-multifuncio.jpg","datePublished":"2026-01-28T14:00:05+00:00","description":"Aspersor oscilante multifunci\u00f3n con 16 posiciones y cobertura regulable de hasta 366 m\u00b2. Base de polipropileno, riego eficiente y uniforme en jardines.","breadcrumb":{"@id":"https:\/\/saiga.es\/es\/producto\/aspersor-oscilante-multifuncion\/#breadcrumb"},"inLanguage":"es","potentialAction":[{"@type":"ReadAction","target":["https:\/\/saiga.es\/es\/producto\/aspersor-oscilante-multifuncion\/"]}]},{"@type":"ImageObject","inLanguage":"es","@id":"https:\/\/saiga.es\/es\/producto\/aspersor-oscilante-multifuncion\/#primaryimage","url":"https:\/\/saiga.es\/wp-content\/uploads\/2026\/01\/Aspersor-multifuncio.jpg","contentUrl":"https:\/\/saiga.es\/wp-content\/uploads\/2026\/01\/Aspersor-multifuncio.jpg","width":1080,"height":1080,"caption":"Aspersor oscilante multifunci\u00f3n"},{"@type":"BreadcrumbList","@id":"https:\/\/saiga.es\/es\/producto\/aspersor-oscilante-multifuncion\/#breadcrumb","itemListElement":[{"@type":"ListItem","position":1,"name":"Inici","item":"https:\/\/saiga.es\/es\/"},{"@type":"ListItem","position":2,"name":"Tienda","item":"https:\/\/saiga.es\/es\/tienda\/"},{"@type":"ListItem","position":3,"name":"Aspersor oscilante multifunci\u00f3n"}]},{"@type":"WebSite","@id":"https:\/\/saiga.es\/es\/#website","url":"https:\/\/saiga.es\/es\/","name":"SAIGA","description":"M\u00e9s de 50 anys al servei de la terra i treballant per a un \u00fas eficient de l\u2019aigua!","publisher":{"@id":"https:\/\/saiga.es\/es\/#organization"},"potentialAction":[{"@type":"SearchAction","target":{"@type":"EntryPoint","urlTemplate":"https:\/\/saiga.es\/es\/?s={search_term_string}"},"query-input":{"@type":"PropertyValueSpecification","valueRequired":true,"valueName":"search_term_string"}}],"inLanguage":"es"},{"@type":"Organization","@id":"https:\/\/saiga.es\/es\/#organization","name":"SAIGA","url":"https:\/\/saiga.es\/es\/","logo":{"@type":"ImageObject","inLanguage":"es","@id":"https:\/\/saiga.es\/es\/#\/schema\/logo\/image\/","url":"https:\/\/saiga.es\/wp-content\/uploads\/2025\/07\/logo_saiga_baseline_optimitzat.svg","contentUrl":"https:\/\/saiga.es\/wp-content\/uploads\/2025\/07\/logo_saiga_baseline_optimitzat.svg","caption":"SAIGA"},"image":{"@id":"https:\/\/saiga.es\/es\/#\/schema\/logo\/image\/"},"sameAs":["https:\/\/x.com\/saiga_agro","https:\/\/www.instagram.com\/saiga_agro\/"]}]}},"_links":{"self":[{"href":"https:\/\/saiga.es\/es\/wp-json\/wp\/v2\/product\/18153","targetHints":{"allow":["GET"]}}],"collection":[{"href":"https:\/\/saiga.es\/es\/wp-json\/wp\/v2\/product"}],"about":[{"href":"https:\/\/saiga.es\/es\/wp-json\/wp\/v2\/types\/product"}],"replies":[{"embeddable":true,"href":"https:\/\/saiga.es\/es\/wp-json\/wp\/v2\/comments?post=18153"}],"wp:featuredmedia":[{"embeddable":true,"href":"https:\/\/saiga.es\/es\/wp-json\/wp\/v2\/media\/18151"}],"wp:attachment":[{"href":"https:\/\/saiga.es\/es\/wp-json\/wp\/v2\/media?parent=18153"}],"wp:term":[{"taxonomy":"product_brand","embeddable":true,"href":"https:\/\/saiga.es\/es\/wp-json\/wp\/v2\/product_brand?post=18153"},{"taxonomy":"product_cat","embeddable":true,"href":"https:\/\/saiga.es\/es\/wp-json\/wp\/v2\/product_cat?post=18153"},{"taxonomy":"product_tag","embeddable":true,"href":"https:\/\/saiga.es\/es\/wp-json\/wp\/v2\/product_tag?post=18153"}],"curies":[{"name":"wp","href":"https:\/\/api.w.org\/{rel}","templated":true}]}}