{"id":18166,"date":"2026-01-28T14:46:04","date_gmt":"2026-01-28T14:46:04","guid":{"rendered":"https:\/\/saiga.es\/producte\/aspersor-de-riego-oscilante-16-rayos\/"},"modified":"2026-01-28T14:46:04","modified_gmt":"2026-01-28T14:46:04","slug":"aspersor-de-riego-oscilante-16-rayos","status":"publish","type":"product","link":"https:\/\/saiga.es\/es\/producto\/aspersor-de-riego-oscilante-16-rayos\/","title":{"rendered":"Aspersor de riego oscilante 16 rayos"},"content":{"rendered":"<p data-start=\"51\" data-end=\"442\">El aspersor de riego oscilante de 16 rayos es una soluci\u00f3n eficiente y vers\u00e1til para mantener tu jard\u00edn verde y bien hidratado. Este aspersor de superficie est\u00e1 fabricado en polipropileno resistente, con un tubo central flexible que evita roturas por golpes o pisadas accidentales, lo que aumenta su durabilidad y fiabilidad. <\/p>\n<p data-start=\"444\" data-end=\"889\">Gracias a las 16 charlas distribuidas en paralelo, este modelo permite una cobertura de riego uniforme y eficaz en superficies de jard\u00edn de entre 160 y 200 m\u00b2, con una longitud de riego rectangular de 11 a 15 metros (depender\u00e1 de la presi\u00f3n del agua y la longitud de la manga). Su instalaci\u00f3n es r\u00e1pida y sencilla; basta con conectarlo a la manguera y colocarlo en la zona que quieres regar. <\/p>\n<p data-start=\"891\" data-end=\"1168\">Este aspersor es f\u00e1cil de transportar y vers\u00e1til, apto para uso dom\u00e9stico y profesional, ayudando a realizar un riego uniforme con una dosificaci\u00f3n \u00f3ptima de agua, ahorrando recursos y contribuyendo a un uso sostenible del agua.<\/p>\n","protected":false},"excerpt":{"rendered":"<p>El aspersor de riego oscilante de 16 rayos es una soluci\u00f3n eficiente y vers\u00e1til para mantener tu jard\u00edn verde y bien hidratado. Este aspersor de superficie est\u00e1 fabricado en polipropileno resistente, con un tubo central flexible que evita roturas por golpes o pisadas accidentales, lo que aumenta su durabilidad y fiabilidad. <\/p>\n","protected":false},"featured_media":18161,"comment_status":"closed","ping_status":"closed","template":"","meta":[],"product_brand":[],"product_cat":[182],"product_tag":[],"class_list":{"0":"post-18166","1":"product","2":"type-product","3":"status-publish","4":"has-post-thumbnail","6":"product_cat-aspersores-y-difusores","8":"first","9":"instock","10":"taxable","11":"shipping-taxable","12":"purchasable","13":"product-type-simple"},"yoast_head":"<!-- This site is optimized with the Yoast SEO plugin v27.4 - https:\/\/yoast.com\/product\/yoast-seo-wordpress\/ -->\n<title>Aspersor de riego oscilante 16 rayos | SAIGA<\/title>\n<meta name=\"description\" content=\"Aspersor de riego oscilante 16 rayos en polipropileno con tubo flexible anti-roturas. Para jardines de 160-200 m\u00b2 y riego eficiente y sostenible.\" \/>\n<meta name=\"robots\" content=\"index, follow, max-snippet:-1, max-image-preview:large, max-video-preview:-1\" \/>\n<link rel=\"canonical\" href=\"https:\/\/saiga.es\/es\/producto\/aspersor-de-riego-oscilante-16-rayos\/\" \/>\n<meta property=\"og:locale\" content=\"es_ES\" \/>\n<meta property=\"og:type\" content=\"article\" \/>\n<meta property=\"og:title\" content=\"Aspersor de riego oscilante 16 rayos | SAIGA\" \/>\n<meta property=\"og:description\" content=\"Aspersor de riego oscilante 16 rayos en polipropileno con tubo flexible anti-roturas. Para jardines de 160-200 m\u00b2 y riego eficiente y sostenible.\" \/>\n<meta property=\"og:url\" content=\"https:\/\/saiga.es\/es\/producto\/aspersor-de-riego-oscilante-16-rayos\/\" \/>\n<meta property=\"og:site_name\" content=\"SAIGA\" \/>\n<meta property=\"og:image\" content=\"https:\/\/saiga.es\/wp-content\/uploads\/2026\/01\/Aspersor-oscilant-16-raigs.jpg\" \/>\n\t<meta property=\"og:image:width\" content=\"1080\" \/>\n\t<meta property=\"og:image:height\" content=\"1080\" \/>\n\t<meta property=\"og:image:type\" content=\"image\/jpeg\" \/>\n<meta name=\"twitter:card\" content=\"summary_large_image\" \/>\n<meta name=\"twitter:site\" content=\"@saiga_agro\" \/>\n<meta name=\"twitter:label1\" content=\"Tiempo de lectura\" \/>\n\t<meta name=\"twitter:data1\" content=\"1 minuto\" \/>\n<script type=\"application\/ld+json\" class=\"yoast-schema-graph\">{\"@context\":\"https:\\\/\\\/schema.org\",\"@graph\":[{\"@type\":\"WebPage\",\"@id\":\"https:\\\/\\\/saiga.es\\\/es\\\/producto\\\/aspersor-de-riego-oscilante-16-rayos\\\/\",\"url\":\"https:\\\/\\\/saiga.es\\\/es\\\/producto\\\/aspersor-de-riego-oscilante-16-rayos\\\/\",\"name\":\"Aspersor de riego oscilante 16 rayos | SAIGA\",\"isPartOf\":{\"@id\":\"https:\\\/\\\/saiga.es\\\/es\\\/#website\"},\"primaryImageOfPage\":{\"@id\":\"https:\\\/\\\/saiga.es\\\/es\\\/producto\\\/aspersor-de-riego-oscilante-16-rayos\\\/#primaryimage\"},\"image\":{\"@id\":\"https:\\\/\\\/saiga.es\\\/es\\\/producto\\\/aspersor-de-riego-oscilante-16-rayos\\\/#primaryimage\"},\"thumbnailUrl\":\"https:\\\/\\\/saiga.es\\\/wp-content\\\/uploads\\\/2026\\\/01\\\/Aspersor-oscilant-16-raigs.jpg\",\"datePublished\":\"2026-01-28T14:46:04+00:00\",\"description\":\"Aspersor de riego oscilante 16 rayos en polipropileno con tubo flexible anti-roturas. Para jardines de 160-200 m\u00b2 y riego eficiente y sostenible.\",\"breadcrumb\":{\"@id\":\"https:\\\/\\\/saiga.es\\\/es\\\/producto\\\/aspersor-de-riego-oscilante-16-rayos\\\/#breadcrumb\"},\"inLanguage\":\"es\",\"potentialAction\":[{\"@type\":\"ReadAction\",\"target\":[\"https:\\\/\\\/saiga.es\\\/es\\\/producto\\\/aspersor-de-riego-oscilante-16-rayos\\\/\"]}]},{\"@type\":\"ImageObject\",\"inLanguage\":\"es\",\"@id\":\"https:\\\/\\\/saiga.es\\\/es\\\/producto\\\/aspersor-de-riego-oscilante-16-rayos\\\/#primaryimage\",\"url\":\"https:\\\/\\\/saiga.es\\\/wp-content\\\/uploads\\\/2026\\\/01\\\/Aspersor-oscilant-16-raigs.jpg\",\"contentUrl\":\"https:\\\/\\\/saiga.es\\\/wp-content\\\/uploads\\\/2026\\\/01\\\/Aspersor-oscilant-16-raigs.jpg\",\"width\":1080,\"height\":1080,\"caption\":\"Aspersor oscilante 16 rayos\"},{\"@type\":\"BreadcrumbList\",\"@id\":\"https:\\\/\\\/saiga.es\\\/es\\\/producto\\\/aspersor-de-riego-oscilante-16-rayos\\\/#breadcrumb\",\"itemListElement\":[{\"@type\":\"ListItem\",\"position\":1,\"name\":\"Inici\",\"item\":\"https:\\\/\\\/saiga.es\\\/es\\\/\"},{\"@type\":\"ListItem\",\"position\":2,\"name\":\"Tienda\",\"item\":\"https:\\\/\\\/saiga.es\\\/es\\\/tienda\\\/\"},{\"@type\":\"ListItem\",\"position\":3,\"name\":\"Aspersor de riego oscilante 16 rayos\"}]},{\"@type\":\"WebSite\",\"@id\":\"https:\\\/\\\/saiga.es\\\/es\\\/#website\",\"url\":\"https:\\\/\\\/saiga.es\\\/es\\\/\",\"name\":\"SAIGA\",\"description\":\"M\u00e9s de 50 anys al servei de la terra i treballant per a un \u00fas eficient de l\u2019aigua!\",\"publisher\":{\"@id\":\"https:\\\/\\\/saiga.es\\\/es\\\/#organization\"},\"potentialAction\":[{\"@type\":\"SearchAction\",\"target\":{\"@type\":\"EntryPoint\",\"urlTemplate\":\"https:\\\/\\\/saiga.es\\\/es\\\/?s={search_term_string}\"},\"query-input\":{\"@type\":\"PropertyValueSpecification\",\"valueRequired\":true,\"valueName\":\"search_term_string\"}}],\"inLanguage\":\"es\"},{\"@type\":\"Organization\",\"@id\":\"https:\\\/\\\/saiga.es\\\/es\\\/#organization\",\"name\":\"SAIGA\",\"url\":\"https:\\\/\\\/saiga.es\\\/es\\\/\",\"logo\":{\"@type\":\"ImageObject\",\"inLanguage\":\"es\",\"@id\":\"https:\\\/\\\/saiga.es\\\/es\\\/#\\\/schema\\\/logo\\\/image\\\/\",\"url\":\"https:\\\/\\\/saiga.es\\\/wp-content\\\/uploads\\\/2025\\\/07\\\/logo_saiga_baseline_optimitzat.svg\",\"contentUrl\":\"https:\\\/\\\/saiga.es\\\/wp-content\\\/uploads\\\/2025\\\/07\\\/logo_saiga_baseline_optimitzat.svg\",\"caption\":\"SAIGA\"},\"image\":{\"@id\":\"https:\\\/\\\/saiga.es\\\/es\\\/#\\\/schema\\\/logo\\\/image\\\/\"},\"sameAs\":[\"https:\\\/\\\/x.com\\\/saiga_agro\",\"https:\\\/\\\/www.instagram.com\\\/saiga_agro\\\/\"]}]}<\/script>\n<!-- \/ Yoast SEO plugin. -->","yoast_head_json":{"title":"Aspersor de riego oscilante 16 rayos | SAIGA","description":"Aspersor de riego oscilante 16 rayos en polipropileno con tubo flexible anti-roturas. Para jardines de 160-200 m\u00b2 y riego eficiente y sostenible.","robots":{"index":"index","follow":"follow","max-snippet":"max-snippet:-1","max-image-preview":"max-image-preview:large","max-video-preview":"max-video-preview:-1"},"canonical":"https:\/\/saiga.es\/es\/producto\/aspersor-de-riego-oscilante-16-rayos\/","og_locale":"es_ES","og_type":"article","og_title":"Aspersor de riego oscilante 16 rayos | SAIGA","og_description":"Aspersor de riego oscilante 16 rayos en polipropileno con tubo flexible anti-roturas. Para jardines de 160-200 m\u00b2 y riego eficiente y sostenible.","og_url":"https:\/\/saiga.es\/es\/producto\/aspersor-de-riego-oscilante-16-rayos\/","og_site_name":"SAIGA","og_image":[{"width":1080,"height":1080,"url":"https:\/\/saiga.es\/wp-content\/uploads\/2026\/01\/Aspersor-oscilant-16-raigs.jpg","type":"image\/jpeg"}],"twitter_card":"summary_large_image","twitter_site":"@saiga_agro","twitter_misc":{"Tiempo de lectura":"1 minuto"},"schema":{"@context":"https:\/\/schema.org","@graph":[{"@type":"WebPage","@id":"https:\/\/saiga.es\/es\/producto\/aspersor-de-riego-oscilante-16-rayos\/","url":"https:\/\/saiga.es\/es\/producto\/aspersor-de-riego-oscilante-16-rayos\/","name":"Aspersor de riego oscilante 16 rayos | SAIGA","isPartOf":{"@id":"https:\/\/saiga.es\/es\/#website"},"primaryImageOfPage":{"@id":"https:\/\/saiga.es\/es\/producto\/aspersor-de-riego-oscilante-16-rayos\/#primaryimage"},"image":{"@id":"https:\/\/saiga.es\/es\/producto\/aspersor-de-riego-oscilante-16-rayos\/#primaryimage"},"thumbnailUrl":"https:\/\/saiga.es\/wp-content\/uploads\/2026\/01\/Aspersor-oscilant-16-raigs.jpg","datePublished":"2026-01-28T14:46:04+00:00","description":"Aspersor de riego oscilante 16 rayos en polipropileno con tubo flexible anti-roturas. Para jardines de 160-200 m\u00b2 y riego eficiente y sostenible.","breadcrumb":{"@id":"https:\/\/saiga.es\/es\/producto\/aspersor-de-riego-oscilante-16-rayos\/#breadcrumb"},"inLanguage":"es","potentialAction":[{"@type":"ReadAction","target":["https:\/\/saiga.es\/es\/producto\/aspersor-de-riego-oscilante-16-rayos\/"]}]},{"@type":"ImageObject","inLanguage":"es","@id":"https:\/\/saiga.es\/es\/producto\/aspersor-de-riego-oscilante-16-rayos\/#primaryimage","url":"https:\/\/saiga.es\/wp-content\/uploads\/2026\/01\/Aspersor-oscilant-16-raigs.jpg","contentUrl":"https:\/\/saiga.es\/wp-content\/uploads\/2026\/01\/Aspersor-oscilant-16-raigs.jpg","width":1080,"height":1080,"caption":"Aspersor oscilante 16 rayos"},{"@type":"BreadcrumbList","@id":"https:\/\/saiga.es\/es\/producto\/aspersor-de-riego-oscilante-16-rayos\/#breadcrumb","itemListElement":[{"@type":"ListItem","position":1,"name":"Inici","item":"https:\/\/saiga.es\/es\/"},{"@type":"ListItem","position":2,"name":"Tienda","item":"https:\/\/saiga.es\/es\/tienda\/"},{"@type":"ListItem","position":3,"name":"Aspersor de riego oscilante 16 rayos"}]},{"@type":"WebSite","@id":"https:\/\/saiga.es\/es\/#website","url":"https:\/\/saiga.es\/es\/","name":"SAIGA","description":"M\u00e9s de 50 anys al servei de la terra i treballant per a un \u00fas eficient de l\u2019aigua!","publisher":{"@id":"https:\/\/saiga.es\/es\/#organization"},"potentialAction":[{"@type":"SearchAction","target":{"@type":"EntryPoint","urlTemplate":"https:\/\/saiga.es\/es\/?s={search_term_string}"},"query-input":{"@type":"PropertyValueSpecification","valueRequired":true,"valueName":"search_term_string"}}],"inLanguage":"es"},{"@type":"Organization","@id":"https:\/\/saiga.es\/es\/#organization","name":"SAIGA","url":"https:\/\/saiga.es\/es\/","logo":{"@type":"ImageObject","inLanguage":"es","@id":"https:\/\/saiga.es\/es\/#\/schema\/logo\/image\/","url":"https:\/\/saiga.es\/wp-content\/uploads\/2025\/07\/logo_saiga_baseline_optimitzat.svg","contentUrl":"https:\/\/saiga.es\/wp-content\/uploads\/2025\/07\/logo_saiga_baseline_optimitzat.svg","caption":"SAIGA"},"image":{"@id":"https:\/\/saiga.es\/es\/#\/schema\/logo\/image\/"},"sameAs":["https:\/\/x.com\/saiga_agro","https:\/\/www.instagram.com\/saiga_agro\/"]}]}},"_links":{"self":[{"href":"https:\/\/saiga.es\/es\/wp-json\/wp\/v2\/product\/18166","targetHints":{"allow":["GET"]}}],"collection":[{"href":"https:\/\/saiga.es\/es\/wp-json\/wp\/v2\/product"}],"about":[{"href":"https:\/\/saiga.es\/es\/wp-json\/wp\/v2\/types\/product"}],"replies":[{"embeddable":true,"href":"https:\/\/saiga.es\/es\/wp-json\/wp\/v2\/comments?post=18166"}],"wp:featuredmedia":[{"embeddable":true,"href":"https:\/\/saiga.es\/es\/wp-json\/wp\/v2\/media\/18161"}],"wp:attachment":[{"href":"https:\/\/saiga.es\/es\/wp-json\/wp\/v2\/media?parent=18166"}],"wp:term":[{"taxonomy":"product_brand","embeddable":true,"href":"https:\/\/saiga.es\/es\/wp-json\/wp\/v2\/product_brand?post=18166"},{"taxonomy":"product_cat","embeddable":true,"href":"https:\/\/saiga.es\/es\/wp-json\/wp\/v2\/product_cat?post=18166"},{"taxonomy":"product_tag","embeddable":true,"href":"https:\/\/saiga.es\/es\/wp-json\/wp\/v2\/product_tag?post=18166"}],"curies":[{"name":"wp","href":"https:\/\/api.w.org\/{rel}","templated":true}]}}