{"id":18268,"date":"2026-02-13T08:17:01","date_gmt":"2026-02-13T08:17:01","guid":{"rendered":"https:\/\/saiga.es\/producte\/programador-analogico-aqua-control-c4109\/"},"modified":"2026-02-13T08:17:01","modified_gmt":"2026-02-13T08:17:01","slug":"programador-analogico-aqua-control-c4109","status":"publish","type":"product","link":"https:\/\/saiga.es\/es\/producto\/programador-analogico-aqua-control-c4109\/","title":{"rendered":"Programador anal\u00f3gico Aqua Control C4109"},"content":{"rendered":"<p data-start=\"296\" data-end=\"717\">El Programador anal\u00f3gico Aqua Control C4109 es un programador de riego autom\u00e1tico para grifos de jard\u00edn que facilita el cuidado de plantas, c\u00e9sped y huerto sin necesidad de estar presente. Con configuraci\u00f3n manual sencilla mediante dos mandos rotativos, este programador permite seleccionar f\u00e1cilmente la frecuencia de riego (cada 1 \u2013 72 h o semanal) y la duraci\u00f3n del riego (de 1 a 120 min). <\/p>\n<p data-start=\"719\" data-end=\"1047\">Dise\u00f1ado con mecanismo interno de bola y compartimiento de bater\u00edas estanco, el C4109 funciona con 2 pilas AAA (no incluidas) y es ideal para jardines, huertos y sistemas de riego por goteo. Cuando la bater\u00eda est\u00e1 baja, la v\u00e1lvula se cierra autom\u00e1ticamente para proteger la instalaci\u00f3n. <\/p>\n<p data-start=\"1049\" data-end=\"1435\">Este temporizador incluye una funci\u00f3n \u201cDelay\u201d para retrasar el inicio del riego hasta 12 horas, y un LED indicador de bater\u00eda que facilita el mantenimiento. Con presi\u00f3n de trabajo de 0 \u2013 6 bar y adaptador est\u00e1ndar de grifo de \u00be\u201d, destaca por su fiabilidad, facilidad de instalaci\u00f3n sin herramientas y su uso vers\u00e1til en exterior. <\/p>\n","protected":false},"excerpt":{"rendered":"<p>El Programador anal\u00f3gico Aqua Control C4109 es un programador de riego autom\u00e1tico para grifos de jard\u00edn que facilita el cuidado de plantas, c\u00e9sped y huerto sin necesidad de estar presente. Con configuraci\u00f3n manual sencilla mediante dos mandos rotativos, este programador permite seleccionar f\u00e1cilmente la frecuencia de riego (cada 1 \u2013 72 h o semanal) y la duraci\u00f3n del riego (de 1 a 120 min). <\/p>\n","protected":false},"featured_media":18266,"comment_status":"closed","ping_status":"closed","template":"","meta":[],"product_brand":[],"product_cat":[186],"product_tag":[207,205,217],"class_list":{"0":"post-18268","1":"product","2":"type-product","3":"status-publish","4":"has-post-thumbnail","6":"product_cat-programadores","7":"product_tag-programador-es","8":"product_tag-riego","9":"product_tag-riego-automatico","11":"first","12":"instock","13":"taxable","14":"shipping-taxable","15":"purchasable","16":"product-type-simple"},"yoast_head":"<!-- This site is optimized with the Yoast SEO plugin v27.4 - https:\/\/yoast.com\/product\/yoast-seo-wordpress\/ -->\n<title>Programador anal\u00f3gico Aqua Control C4109 | SAIGA<\/title>\n<meta name=\"description\" content=\"Programador de riego Aqua Control C4109 para grifos de jard\u00edn, con configuraci\u00f3n manual, intervalos ajustables de 1-72 horas semanales y duraciones de 1-120 min.\" \/>\n<meta name=\"robots\" content=\"index, follow, max-snippet:-1, max-image-preview:large, max-video-preview:-1\" \/>\n<link rel=\"canonical\" href=\"https:\/\/saiga.es\/es\/producto\/programador-analogico-aqua-control-c4109\/\" \/>\n<meta property=\"og:locale\" content=\"es_ES\" \/>\n<meta property=\"og:type\" content=\"article\" \/>\n<meta property=\"og:title\" content=\"Programador anal\u00f3gico Aqua Control C4109 | SAIGA\" \/>\n<meta property=\"og:description\" content=\"Programador de riego Aqua Control C4109 para grifos de jard\u00edn, con configuraci\u00f3n manual, intervalos ajustables de 1-72 horas semanales y duraciones de 1-120 min.\" \/>\n<meta property=\"og:url\" content=\"https:\/\/saiga.es\/es\/producto\/programador-analogico-aqua-control-c4109\/\" \/>\n<meta property=\"og:site_name\" content=\"SAIGA\" \/>\n<meta property=\"og:image\" content=\"https:\/\/saiga.es\/wp-content\/uploads\/2026\/02\/Programador-c4109.jpg\" \/>\n\t<meta property=\"og:image:width\" content=\"1080\" \/>\n\t<meta property=\"og:image:height\" content=\"1080\" \/>\n\t<meta property=\"og:image:type\" content=\"image\/jpeg\" \/>\n<meta name=\"twitter:card\" content=\"summary_large_image\" \/>\n<meta name=\"twitter:site\" content=\"@saiga_agro\" \/>\n<meta name=\"twitter:label1\" content=\"Tiempo de lectura\" \/>\n\t<meta name=\"twitter:data1\" content=\"1 minuto\" \/>\n<script type=\"application\/ld+json\" class=\"yoast-schema-graph\">{\"@context\":\"https:\\\/\\\/schema.org\",\"@graph\":[{\"@type\":\"WebPage\",\"@id\":\"https:\\\/\\\/saiga.es\\\/es\\\/producto\\\/programador-analogico-aqua-control-c4109\\\/\",\"url\":\"https:\\\/\\\/saiga.es\\\/es\\\/producto\\\/programador-analogico-aqua-control-c4109\\\/\",\"name\":\"Programador anal\u00f3gico Aqua Control C4109 | SAIGA\",\"isPartOf\":{\"@id\":\"https:\\\/\\\/saiga.es\\\/es\\\/#website\"},\"primaryImageOfPage\":{\"@id\":\"https:\\\/\\\/saiga.es\\\/es\\\/producto\\\/programador-analogico-aqua-control-c4109\\\/#primaryimage\"},\"image\":{\"@id\":\"https:\\\/\\\/saiga.es\\\/es\\\/producto\\\/programador-analogico-aqua-control-c4109\\\/#primaryimage\"},\"thumbnailUrl\":\"https:\\\/\\\/saiga.es\\\/wp-content\\\/uploads\\\/2026\\\/02\\\/Programador-c4109.jpg\",\"datePublished\":\"2026-02-13T08:17:01+00:00\",\"description\":\"Programador de riego Aqua Control C4109 para grifos de jard\u00edn, con configuraci\u00f3n manual, intervalos ajustables de 1-72 horas semanales y duraciones de 1-120 min.\",\"breadcrumb\":{\"@id\":\"https:\\\/\\\/saiga.es\\\/es\\\/producto\\\/programador-analogico-aqua-control-c4109\\\/#breadcrumb\"},\"inLanguage\":\"es\",\"potentialAction\":[{\"@type\":\"ReadAction\",\"target\":[\"https:\\\/\\\/saiga.es\\\/es\\\/producto\\\/programador-analogico-aqua-control-c4109\\\/\"]}]},{\"@type\":\"ImageObject\",\"inLanguage\":\"es\",\"@id\":\"https:\\\/\\\/saiga.es\\\/es\\\/producto\\\/programador-analogico-aqua-control-c4109\\\/#primaryimage\",\"url\":\"https:\\\/\\\/saiga.es\\\/wp-content\\\/uploads\\\/2026\\\/02\\\/Programador-c4109.jpg\",\"contentUrl\":\"https:\\\/\\\/saiga.es\\\/wp-content\\\/uploads\\\/2026\\\/02\\\/Programador-c4109.jpg\",\"width\":1080,\"height\":1080,\"caption\":\"Programador anal\u00f3gico Aqua Control C4109\"},{\"@type\":\"BreadcrumbList\",\"@id\":\"https:\\\/\\\/saiga.es\\\/es\\\/producto\\\/programador-analogico-aqua-control-c4109\\\/#breadcrumb\",\"itemListElement\":[{\"@type\":\"ListItem\",\"position\":1,\"name\":\"Inici\",\"item\":\"https:\\\/\\\/saiga.es\\\/es\\\/\"},{\"@type\":\"ListItem\",\"position\":2,\"name\":\"Tienda\",\"item\":\"https:\\\/\\\/saiga.es\\\/es\\\/tienda\\\/\"},{\"@type\":\"ListItem\",\"position\":3,\"name\":\"Programador anal\u00f3gico Aqua Control C4109\"}]},{\"@type\":\"WebSite\",\"@id\":\"https:\\\/\\\/saiga.es\\\/es\\\/#website\",\"url\":\"https:\\\/\\\/saiga.es\\\/es\\\/\",\"name\":\"SAIGA\",\"description\":\"M\u00e9s de 50 anys al servei de la terra i treballant per a un \u00fas eficient de l\u2019aigua!\",\"publisher\":{\"@id\":\"https:\\\/\\\/saiga.es\\\/es\\\/#organization\"},\"potentialAction\":[{\"@type\":\"SearchAction\",\"target\":{\"@type\":\"EntryPoint\",\"urlTemplate\":\"https:\\\/\\\/saiga.es\\\/es\\\/?s={search_term_string}\"},\"query-input\":{\"@type\":\"PropertyValueSpecification\",\"valueRequired\":true,\"valueName\":\"search_term_string\"}}],\"inLanguage\":\"es\"},{\"@type\":\"Organization\",\"@id\":\"https:\\\/\\\/saiga.es\\\/es\\\/#organization\",\"name\":\"SAIGA\",\"url\":\"https:\\\/\\\/saiga.es\\\/es\\\/\",\"logo\":{\"@type\":\"ImageObject\",\"inLanguage\":\"es\",\"@id\":\"https:\\\/\\\/saiga.es\\\/es\\\/#\\\/schema\\\/logo\\\/image\\\/\",\"url\":\"https:\\\/\\\/saiga.es\\\/wp-content\\\/uploads\\\/2025\\\/07\\\/logo_saiga_baseline_optimitzat.svg\",\"contentUrl\":\"https:\\\/\\\/saiga.es\\\/wp-content\\\/uploads\\\/2025\\\/07\\\/logo_saiga_baseline_optimitzat.svg\",\"caption\":\"SAIGA\"},\"image\":{\"@id\":\"https:\\\/\\\/saiga.es\\\/es\\\/#\\\/schema\\\/logo\\\/image\\\/\"},\"sameAs\":[\"https:\\\/\\\/x.com\\\/saiga_agro\",\"https:\\\/\\\/www.instagram.com\\\/saiga_agro\\\/\"]}]}<\/script>\n<!-- \/ Yoast SEO plugin. -->","yoast_head_json":{"title":"Programador anal\u00f3gico Aqua Control C4109 | SAIGA","description":"Programador de riego Aqua Control C4109 para grifos de jard\u00edn, con configuraci\u00f3n manual, intervalos ajustables de 1-72 horas semanales y duraciones de 1-120 min.","robots":{"index":"index","follow":"follow","max-snippet":"max-snippet:-1","max-image-preview":"max-image-preview:large","max-video-preview":"max-video-preview:-1"},"canonical":"https:\/\/saiga.es\/es\/producto\/programador-analogico-aqua-control-c4109\/","og_locale":"es_ES","og_type":"article","og_title":"Programador anal\u00f3gico Aqua Control C4109 | SAIGA","og_description":"Programador de riego Aqua Control C4109 para grifos de jard\u00edn, con configuraci\u00f3n manual, intervalos ajustables de 1-72 horas semanales y duraciones de 1-120 min.","og_url":"https:\/\/saiga.es\/es\/producto\/programador-analogico-aqua-control-c4109\/","og_site_name":"SAIGA","og_image":[{"width":1080,"height":1080,"url":"https:\/\/saiga.es\/wp-content\/uploads\/2026\/02\/Programador-c4109.jpg","type":"image\/jpeg"}],"twitter_card":"summary_large_image","twitter_site":"@saiga_agro","twitter_misc":{"Tiempo de lectura":"1 minuto"},"schema":{"@context":"https:\/\/schema.org","@graph":[{"@type":"WebPage","@id":"https:\/\/saiga.es\/es\/producto\/programador-analogico-aqua-control-c4109\/","url":"https:\/\/saiga.es\/es\/producto\/programador-analogico-aqua-control-c4109\/","name":"Programador anal\u00f3gico Aqua Control C4109 | SAIGA","isPartOf":{"@id":"https:\/\/saiga.es\/es\/#website"},"primaryImageOfPage":{"@id":"https:\/\/saiga.es\/es\/producto\/programador-analogico-aqua-control-c4109\/#primaryimage"},"image":{"@id":"https:\/\/saiga.es\/es\/producto\/programador-analogico-aqua-control-c4109\/#primaryimage"},"thumbnailUrl":"https:\/\/saiga.es\/wp-content\/uploads\/2026\/02\/Programador-c4109.jpg","datePublished":"2026-02-13T08:17:01+00:00","description":"Programador de riego Aqua Control C4109 para grifos de jard\u00edn, con configuraci\u00f3n manual, intervalos ajustables de 1-72 horas semanales y duraciones de 1-120 min.","breadcrumb":{"@id":"https:\/\/saiga.es\/es\/producto\/programador-analogico-aqua-control-c4109\/#breadcrumb"},"inLanguage":"es","potentialAction":[{"@type":"ReadAction","target":["https:\/\/saiga.es\/es\/producto\/programador-analogico-aqua-control-c4109\/"]}]},{"@type":"ImageObject","inLanguage":"es","@id":"https:\/\/saiga.es\/es\/producto\/programador-analogico-aqua-control-c4109\/#primaryimage","url":"https:\/\/saiga.es\/wp-content\/uploads\/2026\/02\/Programador-c4109.jpg","contentUrl":"https:\/\/saiga.es\/wp-content\/uploads\/2026\/02\/Programador-c4109.jpg","width":1080,"height":1080,"caption":"Programador anal\u00f3gico Aqua Control C4109"},{"@type":"BreadcrumbList","@id":"https:\/\/saiga.es\/es\/producto\/programador-analogico-aqua-control-c4109\/#breadcrumb","itemListElement":[{"@type":"ListItem","position":1,"name":"Inici","item":"https:\/\/saiga.es\/es\/"},{"@type":"ListItem","position":2,"name":"Tienda","item":"https:\/\/saiga.es\/es\/tienda\/"},{"@type":"ListItem","position":3,"name":"Programador anal\u00f3gico Aqua Control C4109"}]},{"@type":"WebSite","@id":"https:\/\/saiga.es\/es\/#website","url":"https:\/\/saiga.es\/es\/","name":"SAIGA","description":"M\u00e9s de 50 anys al servei de la terra i treballant per a un \u00fas eficient de l\u2019aigua!","publisher":{"@id":"https:\/\/saiga.es\/es\/#organization"},"potentialAction":[{"@type":"SearchAction","target":{"@type":"EntryPoint","urlTemplate":"https:\/\/saiga.es\/es\/?s={search_term_string}"},"query-input":{"@type":"PropertyValueSpecification","valueRequired":true,"valueName":"search_term_string"}}],"inLanguage":"es"},{"@type":"Organization","@id":"https:\/\/saiga.es\/es\/#organization","name":"SAIGA","url":"https:\/\/saiga.es\/es\/","logo":{"@type":"ImageObject","inLanguage":"es","@id":"https:\/\/saiga.es\/es\/#\/schema\/logo\/image\/","url":"https:\/\/saiga.es\/wp-content\/uploads\/2025\/07\/logo_saiga_baseline_optimitzat.svg","contentUrl":"https:\/\/saiga.es\/wp-content\/uploads\/2025\/07\/logo_saiga_baseline_optimitzat.svg","caption":"SAIGA"},"image":{"@id":"https:\/\/saiga.es\/es\/#\/schema\/logo\/image\/"},"sameAs":["https:\/\/x.com\/saiga_agro","https:\/\/www.instagram.com\/saiga_agro\/"]}]}},"_links":{"self":[{"href":"https:\/\/saiga.es\/es\/wp-json\/wp\/v2\/product\/18268","targetHints":{"allow":["GET"]}}],"collection":[{"href":"https:\/\/saiga.es\/es\/wp-json\/wp\/v2\/product"}],"about":[{"href":"https:\/\/saiga.es\/es\/wp-json\/wp\/v2\/types\/product"}],"replies":[{"embeddable":true,"href":"https:\/\/saiga.es\/es\/wp-json\/wp\/v2\/comments?post=18268"}],"wp:featuredmedia":[{"embeddable":true,"href":"https:\/\/saiga.es\/es\/wp-json\/wp\/v2\/media\/18266"}],"wp:attachment":[{"href":"https:\/\/saiga.es\/es\/wp-json\/wp\/v2\/media?parent=18268"}],"wp:term":[{"taxonomy":"product_brand","embeddable":true,"href":"https:\/\/saiga.es\/es\/wp-json\/wp\/v2\/product_brand?post=18268"},{"taxonomy":"product_cat","embeddable":true,"href":"https:\/\/saiga.es\/es\/wp-json\/wp\/v2\/product_cat?post=18268"},{"taxonomy":"product_tag","embeddable":true,"href":"https:\/\/saiga.es\/es\/wp-json\/wp\/v2\/product_tag?post=18268"}],"curies":[{"name":"wp","href":"https:\/\/api.w.org\/{rel}","templated":true}]}}