{"id":18294,"date":"2026-02-19T10:49:15","date_gmt":"2026-02-19T10:49:15","guid":{"rendered":"https:\/\/saiga.es\/producte\/guantes-de-nitrilo-amarillo-recubiertos\/"},"modified":"2026-02-19T10:49:15","modified_gmt":"2026-02-19T10:49:15","slug":"guantes-de-nitrilo-amarillo-recubiertos","status":"publish","type":"product","link":"https:\/\/saiga.es\/es\/producto\/guantes-de-nitrilo-amarillo-recubiertos\/","title":{"rendered":"Guantes de nitrilo amarillo recubiertos"},"content":{"rendered":"<p data-start=\"340\" data-end=\"783\">Los guantes de nitrilo amarillo recubierto son la soluci\u00f3n ideal para apicultores que buscan una combinaci\u00f3n perfecta de protecci\u00f3n, sensibilidad y comodidad durante la manipulaci\u00f3n de cajas. Fabricados con nitrilo de calidad extra y con una manga de tela de 15cm, estos guantes ofrecen una barrera fiable contra picaduras de abejas y humedades, manteniendo las manos seguras y confortables. <\/p>\n<p data-start=\"785\" data-end=\"1139\">El recubrimiento de nitrilo no s\u00f3lo refuerza la resistencia del guante, sino que proporciona un tacto superior respecto a los guantes de nitrilo tradicionales, permitiendo trabajar con precisi\u00f3n en tareas delicadas del apiario. Los guantes est\u00e1n disponibles en tallas 8, 9 y 10, adapt\u00e1ndose a diferentes tama\u00f1os de manos. <\/p>\n<p data-start=\"1141\" data-end=\"1509\">Con una longitud total de 30cm + 15cm de manga, estos guantes garantizan una cobertura hasta la mu\u00f1eca y parte del antebrazo, evitando la entrada de insectos o suciedad dentro del guante mientras trabajas. Son pieza esencial en el equipo de apicultura, \u00fatil tanto para principiantes como para apicultores con experiencia. <\/p>\n","protected":false},"excerpt":{"rendered":"<p>Los guantes de nitrilo amarillo recubierto son la soluci\u00f3n ideal para apicultores que buscan una combinaci\u00f3n perfecta de protecci\u00f3n, sensibilidad y comodidad durante la manipulaci\u00f3n de cajas. Fabricados con nitrilo de calidad extra y con una manga de tela de 15cm, estos guantes ofrecen una barrera fiable contra picaduras de abejas y humedades, manteniendo las manos seguras y confortables. <\/p>\n","protected":false},"featured_media":18286,"comment_status":"closed","ping_status":"closed","template":"","meta":[],"product_brand":[],"product_cat":[2369],"product_tag":[],"class_list":{"0":"post-18294","1":"product","2":"type-product","3":"status-publish","4":"has-post-thumbnail","6":"product_cat-abejas","8":"first","9":"instock","10":"taxable","11":"shipping-taxable","12":"purchasable","13":"product-type-variable"},"yoast_head":"<!-- This site is optimized with the Yoast SEO plugin v27.3 - https:\/\/yoast.com\/product\/yoast-seo-wordpress\/ -->\n<title>Guantes de nitrilo amarillo recubiertos | SAIGA<\/title>\n<meta name=\"description\" content=\"Los guantes de nitrilo amarillo recubiertos son la soluci\u00f3n ideal para apicultores que buscan una combinaci\u00f3n perfecta de protecci\u00f3n, sensibilidad y comodidad.\" \/>\n<meta name=\"robots\" content=\"index, follow, max-snippet:-1, max-image-preview:large, max-video-preview:-1\" \/>\n<link rel=\"canonical\" href=\"https:\/\/saiga.es\/es\/producto\/guantes-de-nitrilo-amarillo-recubiertos\/\" \/>\n<meta property=\"og:locale\" content=\"es_ES\" \/>\n<meta property=\"og:type\" content=\"article\" \/>\n<meta property=\"og:title\" content=\"Guantes de nitrilo amarillo recubiertos | SAIGA\" \/>\n<meta property=\"og:description\" content=\"Los guantes de nitrilo amarillo recubiertos son la soluci\u00f3n ideal para apicultores que buscan una combinaci\u00f3n perfecta de protecci\u00f3n, sensibilidad y comodidad.\" \/>\n<meta property=\"og:url\" content=\"https:\/\/saiga.es\/es\/producto\/guantes-de-nitrilo-amarillo-recubiertos\/\" \/>\n<meta property=\"og:site_name\" content=\"SAIGA\" \/>\n<meta property=\"og:image\" content=\"https:\/\/saiga.es\/wp-content\/uploads\/2026\/02\/Guants-de-nitril-groc-recobert.jpg\" \/>\n\t<meta property=\"og:image:width\" content=\"1080\" \/>\n\t<meta property=\"og:image:height\" content=\"1080\" \/>\n\t<meta property=\"og:image:type\" content=\"image\/jpeg\" \/>\n<meta name=\"twitter:card\" content=\"summary_large_image\" \/>\n<meta name=\"twitter:site\" content=\"@saiga_agro\" \/>\n<meta name=\"twitter:label1\" content=\"Tiempo de lectura\" \/>\n\t<meta name=\"twitter:data1\" content=\"1 minuto\" \/>\n<script type=\"application\/ld+json\" class=\"yoast-schema-graph\">{\"@context\":\"https:\\\/\\\/schema.org\",\"@graph\":[{\"@type\":\"WebPage\",\"@id\":\"https:\\\/\\\/saiga.es\\\/es\\\/producto\\\/guantes-de-nitrilo-amarillo-recubiertos\\\/\",\"url\":\"https:\\\/\\\/saiga.es\\\/es\\\/producto\\\/guantes-de-nitrilo-amarillo-recubiertos\\\/\",\"name\":\"Guantes de nitrilo amarillo recubiertos | SAIGA\",\"isPartOf\":{\"@id\":\"https:\\\/\\\/saiga.es\\\/es\\\/#website\"},\"primaryImageOfPage\":{\"@id\":\"https:\\\/\\\/saiga.es\\\/es\\\/producto\\\/guantes-de-nitrilo-amarillo-recubiertos\\\/#primaryimage\"},\"image\":{\"@id\":\"https:\\\/\\\/saiga.es\\\/es\\\/producto\\\/guantes-de-nitrilo-amarillo-recubiertos\\\/#primaryimage\"},\"thumbnailUrl\":\"https:\\\/\\\/saiga.es\\\/wp-content\\\/uploads\\\/2026\\\/02\\\/Guants-de-nitril-groc-recobert.jpg\",\"datePublished\":\"2026-02-19T10:49:15+00:00\",\"description\":\"Los guantes de nitrilo amarillo recubiertos son la soluci\u00f3n ideal para apicultores que buscan una combinaci\u00f3n perfecta de protecci\u00f3n, sensibilidad y comodidad.\",\"breadcrumb\":{\"@id\":\"https:\\\/\\\/saiga.es\\\/es\\\/producto\\\/guantes-de-nitrilo-amarillo-recubiertos\\\/#breadcrumb\"},\"inLanguage\":\"es\",\"potentialAction\":[{\"@type\":\"ReadAction\",\"target\":[\"https:\\\/\\\/saiga.es\\\/es\\\/producto\\\/guantes-de-nitrilo-amarillo-recubiertos\\\/\"]}]},{\"@type\":\"ImageObject\",\"inLanguage\":\"es\",\"@id\":\"https:\\\/\\\/saiga.es\\\/es\\\/producto\\\/guantes-de-nitrilo-amarillo-recubiertos\\\/#primaryimage\",\"url\":\"https:\\\/\\\/saiga.es\\\/wp-content\\\/uploads\\\/2026\\\/02\\\/Guants-de-nitril-groc-recobert.jpg\",\"contentUrl\":\"https:\\\/\\\/saiga.es\\\/wp-content\\\/uploads\\\/2026\\\/02\\\/Guants-de-nitril-groc-recobert.jpg\",\"width\":1080,\"height\":1080,\"caption\":\"Guantes de nitrilo amarillo recubierto\"},{\"@type\":\"BreadcrumbList\",\"@id\":\"https:\\\/\\\/saiga.es\\\/es\\\/producto\\\/guantes-de-nitrilo-amarillo-recubiertos\\\/#breadcrumb\",\"itemListElement\":[{\"@type\":\"ListItem\",\"position\":1,\"name\":\"Inici\",\"item\":\"https:\\\/\\\/saiga.es\\\/es\\\/\"},{\"@type\":\"ListItem\",\"position\":2,\"name\":\"Tienda\",\"item\":\"https:\\\/\\\/saiga.es\\\/es\\\/tienda\\\/\"},{\"@type\":\"ListItem\",\"position\":3,\"name\":\"Guantes de nitrilo amarillo recubiertos\"}]},{\"@type\":\"WebSite\",\"@id\":\"https:\\\/\\\/saiga.es\\\/es\\\/#website\",\"url\":\"https:\\\/\\\/saiga.es\\\/es\\\/\",\"name\":\"SAIGA\",\"description\":\"M\u00e9s de 50 anys al servei de la terra i treballant per a un \u00fas eficient de l\u2019aigua!\",\"publisher\":{\"@id\":\"https:\\\/\\\/saiga.es\\\/es\\\/#organization\"},\"potentialAction\":[{\"@type\":\"SearchAction\",\"target\":{\"@type\":\"EntryPoint\",\"urlTemplate\":\"https:\\\/\\\/saiga.es\\\/es\\\/?s={search_term_string}\"},\"query-input\":{\"@type\":\"PropertyValueSpecification\",\"valueRequired\":true,\"valueName\":\"search_term_string\"}}],\"inLanguage\":\"es\"},{\"@type\":\"Organization\",\"@id\":\"https:\\\/\\\/saiga.es\\\/es\\\/#organization\",\"name\":\"SAIGA\",\"url\":\"https:\\\/\\\/saiga.es\\\/es\\\/\",\"logo\":{\"@type\":\"ImageObject\",\"inLanguage\":\"es\",\"@id\":\"https:\\\/\\\/saiga.es\\\/es\\\/#\\\/schema\\\/logo\\\/image\\\/\",\"url\":\"https:\\\/\\\/saiga.es\\\/wp-content\\\/uploads\\\/2025\\\/07\\\/logo_saiga_baseline_optimitzat.svg\",\"contentUrl\":\"https:\\\/\\\/saiga.es\\\/wp-content\\\/uploads\\\/2025\\\/07\\\/logo_saiga_baseline_optimitzat.svg\",\"caption\":\"SAIGA\"},\"image\":{\"@id\":\"https:\\\/\\\/saiga.es\\\/es\\\/#\\\/schema\\\/logo\\\/image\\\/\"},\"sameAs\":[\"https:\\\/\\\/x.com\\\/saiga_agro\",\"https:\\\/\\\/www.instagram.com\\\/saiga_agro\\\/\"]}]}<\/script>\n<!-- \/ Yoast SEO plugin. -->","yoast_head_json":{"title":"Guantes de nitrilo amarillo recubiertos | SAIGA","description":"Los guantes de nitrilo amarillo recubiertos son la soluci\u00f3n ideal para apicultores que buscan una combinaci\u00f3n perfecta de protecci\u00f3n, sensibilidad y comodidad.","robots":{"index":"index","follow":"follow","max-snippet":"max-snippet:-1","max-image-preview":"max-image-preview:large","max-video-preview":"max-video-preview:-1"},"canonical":"https:\/\/saiga.es\/es\/producto\/guantes-de-nitrilo-amarillo-recubiertos\/","og_locale":"es_ES","og_type":"article","og_title":"Guantes de nitrilo amarillo recubiertos | SAIGA","og_description":"Los guantes de nitrilo amarillo recubiertos son la soluci\u00f3n ideal para apicultores que buscan una combinaci\u00f3n perfecta de protecci\u00f3n, sensibilidad y comodidad.","og_url":"https:\/\/saiga.es\/es\/producto\/guantes-de-nitrilo-amarillo-recubiertos\/","og_site_name":"SAIGA","og_image":[{"width":1080,"height":1080,"url":"https:\/\/saiga.es\/wp-content\/uploads\/2026\/02\/Guants-de-nitril-groc-recobert.jpg","type":"image\/jpeg"}],"twitter_card":"summary_large_image","twitter_site":"@saiga_agro","twitter_misc":{"Tiempo de lectura":"1 minuto"},"schema":{"@context":"https:\/\/schema.org","@graph":[{"@type":"WebPage","@id":"https:\/\/saiga.es\/es\/producto\/guantes-de-nitrilo-amarillo-recubiertos\/","url":"https:\/\/saiga.es\/es\/producto\/guantes-de-nitrilo-amarillo-recubiertos\/","name":"Guantes de nitrilo amarillo recubiertos | SAIGA","isPartOf":{"@id":"https:\/\/saiga.es\/es\/#website"},"primaryImageOfPage":{"@id":"https:\/\/saiga.es\/es\/producto\/guantes-de-nitrilo-amarillo-recubiertos\/#primaryimage"},"image":{"@id":"https:\/\/saiga.es\/es\/producto\/guantes-de-nitrilo-amarillo-recubiertos\/#primaryimage"},"thumbnailUrl":"https:\/\/saiga.es\/wp-content\/uploads\/2026\/02\/Guants-de-nitril-groc-recobert.jpg","datePublished":"2026-02-19T10:49:15+00:00","description":"Los guantes de nitrilo amarillo recubiertos son la soluci\u00f3n ideal para apicultores que buscan una combinaci\u00f3n perfecta de protecci\u00f3n, sensibilidad y comodidad.","breadcrumb":{"@id":"https:\/\/saiga.es\/es\/producto\/guantes-de-nitrilo-amarillo-recubiertos\/#breadcrumb"},"inLanguage":"es","potentialAction":[{"@type":"ReadAction","target":["https:\/\/saiga.es\/es\/producto\/guantes-de-nitrilo-amarillo-recubiertos\/"]}]},{"@type":"ImageObject","inLanguage":"es","@id":"https:\/\/saiga.es\/es\/producto\/guantes-de-nitrilo-amarillo-recubiertos\/#primaryimage","url":"https:\/\/saiga.es\/wp-content\/uploads\/2026\/02\/Guants-de-nitril-groc-recobert.jpg","contentUrl":"https:\/\/saiga.es\/wp-content\/uploads\/2026\/02\/Guants-de-nitril-groc-recobert.jpg","width":1080,"height":1080,"caption":"Guantes de nitrilo amarillo recubierto"},{"@type":"BreadcrumbList","@id":"https:\/\/saiga.es\/es\/producto\/guantes-de-nitrilo-amarillo-recubiertos\/#breadcrumb","itemListElement":[{"@type":"ListItem","position":1,"name":"Inici","item":"https:\/\/saiga.es\/es\/"},{"@type":"ListItem","position":2,"name":"Tienda","item":"https:\/\/saiga.es\/es\/tienda\/"},{"@type":"ListItem","position":3,"name":"Guantes de nitrilo amarillo recubiertos"}]},{"@type":"WebSite","@id":"https:\/\/saiga.es\/es\/#website","url":"https:\/\/saiga.es\/es\/","name":"SAIGA","description":"M\u00e9s de 50 anys al servei de la terra i treballant per a un \u00fas eficient de l\u2019aigua!","publisher":{"@id":"https:\/\/saiga.es\/es\/#organization"},"potentialAction":[{"@type":"SearchAction","target":{"@type":"EntryPoint","urlTemplate":"https:\/\/saiga.es\/es\/?s={search_term_string}"},"query-input":{"@type":"PropertyValueSpecification","valueRequired":true,"valueName":"search_term_string"}}],"inLanguage":"es"},{"@type":"Organization","@id":"https:\/\/saiga.es\/es\/#organization","name":"SAIGA","url":"https:\/\/saiga.es\/es\/","logo":{"@type":"ImageObject","inLanguage":"es","@id":"https:\/\/saiga.es\/es\/#\/schema\/logo\/image\/","url":"https:\/\/saiga.es\/wp-content\/uploads\/2025\/07\/logo_saiga_baseline_optimitzat.svg","contentUrl":"https:\/\/saiga.es\/wp-content\/uploads\/2025\/07\/logo_saiga_baseline_optimitzat.svg","caption":"SAIGA"},"image":{"@id":"https:\/\/saiga.es\/es\/#\/schema\/logo\/image\/"},"sameAs":["https:\/\/x.com\/saiga_agro","https:\/\/www.instagram.com\/saiga_agro\/"]}]}},"_links":{"self":[{"href":"https:\/\/saiga.es\/es\/wp-json\/wp\/v2\/product\/18294","targetHints":{"allow":["GET"]}}],"collection":[{"href":"https:\/\/saiga.es\/es\/wp-json\/wp\/v2\/product"}],"about":[{"href":"https:\/\/saiga.es\/es\/wp-json\/wp\/v2\/types\/product"}],"replies":[{"embeddable":true,"href":"https:\/\/saiga.es\/es\/wp-json\/wp\/v2\/comments?post=18294"}],"wp:featuredmedia":[{"embeddable":true,"href":"https:\/\/saiga.es\/es\/wp-json\/wp\/v2\/media\/18286"}],"wp:attachment":[{"href":"https:\/\/saiga.es\/es\/wp-json\/wp\/v2\/media?parent=18294"}],"wp:term":[{"taxonomy":"product_brand","embeddable":true,"href":"https:\/\/saiga.es\/es\/wp-json\/wp\/v2\/product_brand?post=18294"},{"taxonomy":"product_cat","embeddable":true,"href":"https:\/\/saiga.es\/es\/wp-json\/wp\/v2\/product_cat?post=18294"},{"taxonomy":"product_tag","embeddable":true,"href":"https:\/\/saiga.es\/es\/wp-json\/wp\/v2\/product_tag?post=18294"}],"curies":[{"name":"wp","href":"https:\/\/api.w.org\/{rel}","templated":true}]}}