{"id":6088,"date":"2023-07-25T09:02:41","date_gmt":"2023-07-25T09:02:41","guid":{"rendered":"https:\/\/botiga.saiga.es\/producte\/nitrosip-abono-azul-vithal-5-kg\/"},"modified":"2026-03-27T14:40:25","modified_gmt":"2026-03-27T14:40:25","slug":"nitrosip-abono-azul-vithal-5-kg","status":"publish","type":"product","link":"https:\/\/saiga.es\/es\/producto\/nitrosip-abono-azul-vithal-5-kg\/","title":{"rendered":"Nitrosip abono granulado azul"},"content":{"rendered":"<p data-start=\"361\" data-end=\"874\">Nitrosip es un abono granulado azul de alta calidad con un equilibrio estudiado de nutrientes (nitr\u00f3geno, f\u00f3sforo y potasio) dise\u00f1ado para potenciar el crecimiento, desarrollo y floraci\u00f3n de las plantas. Formulado con alto contenido en azufre y potasa de primera calidad, este abono azul especial se puede utilizar tanto como abono de fondo como de cobertura, ofreciendo una nutrici\u00f3n efectiva para plantas ornamentales, c\u00e9sped, setos, hortalizas y \u00e1rboles frutales. <\/p>\n<p data-start=\"876\" data-end=\"1295\">Su alta solubilidad facilita que los nutrientes sean accesibles y asimilables, mejorando la vitalidad del suelo y favoreciendo el engorde de los frutos en cultivos hort\u00edcolas y frutales. Nitrosip es ideal para jardiner\u00eda dom\u00e9stica y profesional, con dosis recomendadas adaptadas a cada tipolog\u00eda de cultivo: desde 30-70 g\/m2 para ornamentales hasta 60-120 g\/m2 para frutales. <\/p>\n","protected":false},"excerpt":{"rendered":"<p>Nitrosip es un abono granulado azul de alta calidad con un equilibrio estudiado de nutrientes (nitr\u00f3geno, f\u00f3sforo y potasio) dise\u00f1ado para potenciar el crecimiento, desarrollo y floraci\u00f3n de las plantas. Formulado con alto contenido en azufre y potasa de primera calidad, este abono azul especial se puede utilizar tanto como abono de fondo como de cobertura, ofreciendo una nutrici\u00f3n efectiva para plantas ornamentales, c\u00e9sped, setos, hortalizas y \u00e1rboles frutales. <\/p>\n","protected":false},"featured_media":18171,"comment_status":"closed","ping_status":"closed","template":"","meta":[],"product_brand":[],"product_cat":[389],"product_tag":[],"class_list":{"0":"post-6088","1":"product","2":"type-product","3":"status-publish","4":"has-post-thumbnail","6":"product_cat-huerto","8":"first","9":"instock","10":"taxable","11":"shipping-taxable","12":"purchasable","13":"product-type-simple"},"yoast_head":"<!-- This site is optimized with the Yoast SEO plugin v27.4 - https:\/\/yoast.com\/product\/yoast-seo-wordpress\/ -->\n<title>Nitrosip abono granulado azul | SAIGA<\/title>\n<meta name=\"description\" content=\"Nitrosip abono granulado azul de Sipcam Jard\u00edn con N-P-K equilibrado para crecimiento, floraci\u00f3n y engorde de frutos en hortalizas, frutales y plantas ornamentales.\" \/>\n<meta name=\"robots\" content=\"index, follow, max-snippet:-1, max-image-preview:large, max-video-preview:-1\" \/>\n<link rel=\"canonical\" href=\"https:\/\/saiga.es\/es\/producto\/nitrosip-abono-azul-vithal-5-kg\/\" \/>\n<meta property=\"og:locale\" content=\"es_ES\" \/>\n<meta property=\"og:type\" content=\"article\" \/>\n<meta property=\"og:title\" content=\"Nitrosip abono granulado azul | SAIGA\" \/>\n<meta property=\"og:description\" content=\"Nitrosip abono granulado azul de Sipcam Jard\u00edn con N-P-K equilibrado para crecimiento, floraci\u00f3n y engorde de frutos en hortalizas, frutales y plantas ornamentales.\" \/>\n<meta property=\"og:url\" content=\"https:\/\/saiga.es\/es\/producto\/nitrosip-abono-azul-vithal-5-kg\/\" \/>\n<meta property=\"og:site_name\" content=\"SAIGA\" \/>\n<meta property=\"article:modified_time\" content=\"2026-03-27T14:40:25+00:00\" \/>\n<meta property=\"og:image\" content=\"https:\/\/saiga.es\/wp-content\/uploads\/2023\/07\/Nitrosip-adob-blau.jpg\" \/>\n\t<meta property=\"og:image:width\" content=\"1080\" \/>\n\t<meta property=\"og:image:height\" content=\"1080\" \/>\n\t<meta property=\"og:image:type\" content=\"image\/jpeg\" \/>\n<meta name=\"twitter:card\" content=\"summary_large_image\" \/>\n<meta name=\"twitter:site\" content=\"@saiga_agro\" \/>\n<meta name=\"twitter:label1\" content=\"Tiempo de lectura\" \/>\n\t<meta name=\"twitter:data1\" content=\"1 minuto\" \/>\n<script type=\"application\/ld+json\" class=\"yoast-schema-graph\">{\"@context\":\"https:\\\/\\\/schema.org\",\"@graph\":[{\"@type\":\"WebPage\",\"@id\":\"https:\\\/\\\/saiga.es\\\/es\\\/producto\\\/nitrosip-abono-azul-vithal-5-kg\\\/\",\"url\":\"https:\\\/\\\/saiga.es\\\/es\\\/producto\\\/nitrosip-abono-azul-vithal-5-kg\\\/\",\"name\":\"Nitrosip abono granulado azul | SAIGA\",\"isPartOf\":{\"@id\":\"https:\\\/\\\/saiga.es\\\/es\\\/#website\"},\"primaryImageOfPage\":{\"@id\":\"https:\\\/\\\/saiga.es\\\/es\\\/producto\\\/nitrosip-abono-azul-vithal-5-kg\\\/#primaryimage\"},\"image\":{\"@id\":\"https:\\\/\\\/saiga.es\\\/es\\\/producto\\\/nitrosip-abono-azul-vithal-5-kg\\\/#primaryimage\"},\"thumbnailUrl\":\"https:\\\/\\\/saiga.es\\\/wp-content\\\/uploads\\\/2023\\\/07\\\/Nitrosip-adob-blau.jpg\",\"datePublished\":\"2023-07-25T09:02:41+00:00\",\"dateModified\":\"2026-03-27T14:40:25+00:00\",\"description\":\"Nitrosip abono granulado azul de Sipcam Jard\u00edn con N-P-K equilibrado para crecimiento, floraci\u00f3n y engorde de frutos en hortalizas, frutales y plantas ornamentales.\",\"breadcrumb\":{\"@id\":\"https:\\\/\\\/saiga.es\\\/es\\\/producto\\\/nitrosip-abono-azul-vithal-5-kg\\\/#breadcrumb\"},\"inLanguage\":\"es\",\"potentialAction\":[{\"@type\":\"ReadAction\",\"target\":[\"https:\\\/\\\/saiga.es\\\/es\\\/producto\\\/nitrosip-abono-azul-vithal-5-kg\\\/\"]}]},{\"@type\":\"ImageObject\",\"inLanguage\":\"es\",\"@id\":\"https:\\\/\\\/saiga.es\\\/es\\\/producto\\\/nitrosip-abono-azul-vithal-5-kg\\\/#primaryimage\",\"url\":\"https:\\\/\\\/saiga.es\\\/wp-content\\\/uploads\\\/2023\\\/07\\\/Nitrosip-adob-blau.jpg\",\"contentUrl\":\"https:\\\/\\\/saiga.es\\\/wp-content\\\/uploads\\\/2023\\\/07\\\/Nitrosip-adob-blau.jpg\",\"width\":1080,\"height\":1080,\"caption\":\"Nitrosip granulat adob blau\"},{\"@type\":\"BreadcrumbList\",\"@id\":\"https:\\\/\\\/saiga.es\\\/es\\\/producto\\\/nitrosip-abono-azul-vithal-5-kg\\\/#breadcrumb\",\"itemListElement\":[{\"@type\":\"ListItem\",\"position\":1,\"name\":\"Inici\",\"item\":\"https:\\\/\\\/saiga.es\\\/es\\\/\"},{\"@type\":\"ListItem\",\"position\":2,\"name\":\"Tienda\",\"item\":\"https:\\\/\\\/saiga.es\\\/es\\\/tienda\\\/\"},{\"@type\":\"ListItem\",\"position\":3,\"name\":\"Nitrosip abono granulado azul\"}]},{\"@type\":\"WebSite\",\"@id\":\"https:\\\/\\\/saiga.es\\\/es\\\/#website\",\"url\":\"https:\\\/\\\/saiga.es\\\/es\\\/\",\"name\":\"SAIGA\",\"description\":\"M\u00e9s de 50 anys al servei de la terra i treballant per a un \u00fas eficient de l\u2019aigua!\",\"publisher\":{\"@id\":\"https:\\\/\\\/saiga.es\\\/es\\\/#organization\"},\"potentialAction\":[{\"@type\":\"SearchAction\",\"target\":{\"@type\":\"EntryPoint\",\"urlTemplate\":\"https:\\\/\\\/saiga.es\\\/es\\\/?s={search_term_string}\"},\"query-input\":{\"@type\":\"PropertyValueSpecification\",\"valueRequired\":true,\"valueName\":\"search_term_string\"}}],\"inLanguage\":\"es\"},{\"@type\":\"Organization\",\"@id\":\"https:\\\/\\\/saiga.es\\\/es\\\/#organization\",\"name\":\"SAIGA\",\"url\":\"https:\\\/\\\/saiga.es\\\/es\\\/\",\"logo\":{\"@type\":\"ImageObject\",\"inLanguage\":\"es\",\"@id\":\"https:\\\/\\\/saiga.es\\\/es\\\/#\\\/schema\\\/logo\\\/image\\\/\",\"url\":\"https:\\\/\\\/saiga.es\\\/wp-content\\\/uploads\\\/2025\\\/07\\\/logo_saiga_baseline_optimitzat.svg\",\"contentUrl\":\"https:\\\/\\\/saiga.es\\\/wp-content\\\/uploads\\\/2025\\\/07\\\/logo_saiga_baseline_optimitzat.svg\",\"caption\":\"SAIGA\"},\"image\":{\"@id\":\"https:\\\/\\\/saiga.es\\\/es\\\/#\\\/schema\\\/logo\\\/image\\\/\"},\"sameAs\":[\"https:\\\/\\\/x.com\\\/saiga_agro\",\"https:\\\/\\\/www.instagram.com\\\/saiga_agro\\\/\"]}]}<\/script>\n<!-- \/ Yoast SEO plugin. -->","yoast_head_json":{"title":"Nitrosip abono granulado azul | SAIGA","description":"Nitrosip abono granulado azul de Sipcam Jard\u00edn con N-P-K equilibrado para crecimiento, floraci\u00f3n y engorde de frutos en hortalizas, frutales y plantas ornamentales.","robots":{"index":"index","follow":"follow","max-snippet":"max-snippet:-1","max-image-preview":"max-image-preview:large","max-video-preview":"max-video-preview:-1"},"canonical":"https:\/\/saiga.es\/es\/producto\/nitrosip-abono-azul-vithal-5-kg\/","og_locale":"es_ES","og_type":"article","og_title":"Nitrosip abono granulado azul | SAIGA","og_description":"Nitrosip abono granulado azul de Sipcam Jard\u00edn con N-P-K equilibrado para crecimiento, floraci\u00f3n y engorde de frutos en hortalizas, frutales y plantas ornamentales.","og_url":"https:\/\/saiga.es\/es\/producto\/nitrosip-abono-azul-vithal-5-kg\/","og_site_name":"SAIGA","article_modified_time":"2026-03-27T14:40:25+00:00","og_image":[{"width":1080,"height":1080,"url":"https:\/\/saiga.es\/wp-content\/uploads\/2023\/07\/Nitrosip-adob-blau.jpg","type":"image\/jpeg"}],"twitter_card":"summary_large_image","twitter_site":"@saiga_agro","twitter_misc":{"Tiempo de lectura":"1 minuto"},"schema":{"@context":"https:\/\/schema.org","@graph":[{"@type":"WebPage","@id":"https:\/\/saiga.es\/es\/producto\/nitrosip-abono-azul-vithal-5-kg\/","url":"https:\/\/saiga.es\/es\/producto\/nitrosip-abono-azul-vithal-5-kg\/","name":"Nitrosip abono granulado azul | SAIGA","isPartOf":{"@id":"https:\/\/saiga.es\/es\/#website"},"primaryImageOfPage":{"@id":"https:\/\/saiga.es\/es\/producto\/nitrosip-abono-azul-vithal-5-kg\/#primaryimage"},"image":{"@id":"https:\/\/saiga.es\/es\/producto\/nitrosip-abono-azul-vithal-5-kg\/#primaryimage"},"thumbnailUrl":"https:\/\/saiga.es\/wp-content\/uploads\/2023\/07\/Nitrosip-adob-blau.jpg","datePublished":"2023-07-25T09:02:41+00:00","dateModified":"2026-03-27T14:40:25+00:00","description":"Nitrosip abono granulado azul de Sipcam Jard\u00edn con N-P-K equilibrado para crecimiento, floraci\u00f3n y engorde de frutos en hortalizas, frutales y plantas ornamentales.","breadcrumb":{"@id":"https:\/\/saiga.es\/es\/producto\/nitrosip-abono-azul-vithal-5-kg\/#breadcrumb"},"inLanguage":"es","potentialAction":[{"@type":"ReadAction","target":["https:\/\/saiga.es\/es\/producto\/nitrosip-abono-azul-vithal-5-kg\/"]}]},{"@type":"ImageObject","inLanguage":"es","@id":"https:\/\/saiga.es\/es\/producto\/nitrosip-abono-azul-vithal-5-kg\/#primaryimage","url":"https:\/\/saiga.es\/wp-content\/uploads\/2023\/07\/Nitrosip-adob-blau.jpg","contentUrl":"https:\/\/saiga.es\/wp-content\/uploads\/2023\/07\/Nitrosip-adob-blau.jpg","width":1080,"height":1080,"caption":"Nitrosip granulat adob blau"},{"@type":"BreadcrumbList","@id":"https:\/\/saiga.es\/es\/producto\/nitrosip-abono-azul-vithal-5-kg\/#breadcrumb","itemListElement":[{"@type":"ListItem","position":1,"name":"Inici","item":"https:\/\/saiga.es\/es\/"},{"@type":"ListItem","position":2,"name":"Tienda","item":"https:\/\/saiga.es\/es\/tienda\/"},{"@type":"ListItem","position":3,"name":"Nitrosip abono granulado azul"}]},{"@type":"WebSite","@id":"https:\/\/saiga.es\/es\/#website","url":"https:\/\/saiga.es\/es\/","name":"SAIGA","description":"M\u00e9s de 50 anys al servei de la terra i treballant per a un \u00fas eficient de l\u2019aigua!","publisher":{"@id":"https:\/\/saiga.es\/es\/#organization"},"potentialAction":[{"@type":"SearchAction","target":{"@type":"EntryPoint","urlTemplate":"https:\/\/saiga.es\/es\/?s={search_term_string}"},"query-input":{"@type":"PropertyValueSpecification","valueRequired":true,"valueName":"search_term_string"}}],"inLanguage":"es"},{"@type":"Organization","@id":"https:\/\/saiga.es\/es\/#organization","name":"SAIGA","url":"https:\/\/saiga.es\/es\/","logo":{"@type":"ImageObject","inLanguage":"es","@id":"https:\/\/saiga.es\/es\/#\/schema\/logo\/image\/","url":"https:\/\/saiga.es\/wp-content\/uploads\/2025\/07\/logo_saiga_baseline_optimitzat.svg","contentUrl":"https:\/\/saiga.es\/wp-content\/uploads\/2025\/07\/logo_saiga_baseline_optimitzat.svg","caption":"SAIGA"},"image":{"@id":"https:\/\/saiga.es\/es\/#\/schema\/logo\/image\/"},"sameAs":["https:\/\/x.com\/saiga_agro","https:\/\/www.instagram.com\/saiga_agro\/"]}]}},"_links":{"self":[{"href":"https:\/\/saiga.es\/es\/wp-json\/wp\/v2\/product\/6088","targetHints":{"allow":["GET"]}}],"collection":[{"href":"https:\/\/saiga.es\/es\/wp-json\/wp\/v2\/product"}],"about":[{"href":"https:\/\/saiga.es\/es\/wp-json\/wp\/v2\/types\/product"}],"replies":[{"embeddable":true,"href":"https:\/\/saiga.es\/es\/wp-json\/wp\/v2\/comments?post=6088"}],"wp:featuredmedia":[{"embeddable":true,"href":"https:\/\/saiga.es\/es\/wp-json\/wp\/v2\/media\/18171"}],"wp:attachment":[{"href":"https:\/\/saiga.es\/es\/wp-json\/wp\/v2\/media?parent=6088"}],"wp:term":[{"taxonomy":"product_brand","embeddable":true,"href":"https:\/\/saiga.es\/es\/wp-json\/wp\/v2\/product_brand?post=6088"},{"taxonomy":"product_cat","embeddable":true,"href":"https:\/\/saiga.es\/es\/wp-json\/wp\/v2\/product_cat?post=6088"},{"taxonomy":"product_tag","embeddable":true,"href":"https:\/\/saiga.es\/es\/wp-json\/wp\/v2\/product_tag?post=6088"}],"curies":[{"name":"wp","href":"https:\/\/api.w.org\/{rel}","templated":true}]}}