{"id":6098,"date":"2023-07-25T09:07:20","date_gmt":"2023-07-25T09:07:20","guid":{"rendered":"https:\/\/botiga.saiga.es\/producte\/asir-horto-500-pastillas\/"},"modified":"2025-11-20T11:29:44","modified_gmt":"2025-11-20T11:29:44","slug":"asir-horto-500-pastillas","status":"publish","type":"product","link":"https:\/\/saiga.es\/es\/producto\/asir-horto-500-pastillas\/","title":{"rendered":"Asir horto 500 pastillas"},"content":{"rendered":"<p>Asir Horto se aplica en el momento del trasplante. Aporta microorganismos beneficiosos que estimulan el crecimiento, solubilizan el f\u00f3sforo, y estimulan las defensas de los cultivos frente a los pat\u00f3genos. Asir Horto, adem\u00e1s de nutrir los cultivos, aporta gran cantidad de materia org\u00e1nica que mejora la estructura del terreno y aumenta las reservas h\u00eddricas. Con certificado ecol\u00f3gico.   <\/p>\n<p>Contiene micorriza arbuscular, trichoderma y bacterias de rizosfera con efecto biofertilizante y bioestimulante.<br \/>\nAsir Horto Bio es un producto a base de micorriza, trichoderma y bacterias con abono en formato de tableta y aplicaci\u00f3n directa al agujero de trasplante para especies hort\u00edcolas.Cont\u00e9 micorritssa arbuscular, Trichoderma i bacteris de rizosfera amb efecte biofertilitzant i bioestimulant.<br \/>Asir Horto Bio \u00e9s un producte a base de micorrissa, Trichoderma i bacteris amb adob en format de tauleta i aplicaci\u00f3 directa al forat de trasplantament per a esp\u00e8cies hort\u00edcoles.<\/p>\n<p><strong>Composici\u00f3n<\/strong><br \/>\nMicorriza reproducida in vivo:<br \/>\nRhizoglomus irregular BEG72 25 esporas\/g<br \/>\nFunneliformis mosseae BEG234 25 esporas\/g<br \/>\nTrichoderma reproducida en biorreactor de estado s\u00f3lido:<br \/>\nTrichoderma koningii TK7 1 x 10^6 UFC\/g<br \/>\nBacterias de la rizosfera:<br \/>\nBacillus megaterium MHBM06 1 x 10^6 UFC\/g<br \/>\nBacillus megaterium MHBM77 1 x 10^6 UFC\/g<br \/>\nAmino\u00e1cidos libres: 2%<br \/>\nNitr\u00f3geno (N) total: 3%<br \/>\nNitr\u00f3geno (N) org\u00e1nico: 3%<br \/>\nPent\u00f3xido de f\u00f3sforo (P2O5) soluble en agua: 2%<br \/>\nOxido de potasio (K2O) soluble en agua: 4%<\/p>\n<p><strong>Beneficis<\/strong><br \/>\nIncrementa la producci\u00f3 (kg\/ha) i augmenta la rendibilitat del cultiu (+Calibre, +Homogene\u00eftat, +Precocitat, +Avan\u00e7ament en la maduraci\u00f3 del fruit, +Vida \u00fatil postcollita).<br \/>\nMillora la qualitat nutrac\u00e8utica, nutricional i organol\u00e8ptica dels cultius: + Brix, + Prote\u00efnes, + Antioxidants, + Vitamines.<br \/>\nRedueix l&#8217;\u00fas de fertilitzants millorant l&#8217;acc\u00e9s i l&#8217;absorci\u00f3 dels nutrients del terra.<br \/>\nEstalvia aigua i incrementa la productivitat (producci\u00f3 per aigua consumida), millorant-ne l&#8217;absorci\u00f3 i la toler\u00e0ncia a situacions d&#8217;estr\u00e8s h\u00eddric.<br \/>\nResposta \u00f2ptima a condicions d&#8217;estr\u00e8s abi\u00f2tic (salinitat, sequera, temperatures extremes o metalls pesants).<br \/>\nPromou una microbiota \u00fatil que augmenta la resist\u00e8ncia a pat\u00f2gens.<br \/>\nMillora la fertilitat del terra. Augmenta la toler\u00e0ncia a situacions d&#8217;estr\u00e8s radicular. <\/p>\n<p><strong>Dosis de aplicaci\u00f3n recomendada<br \/>\n<\/strong>Asir Horto Bio se aplica directamente en el agujero de trasplante. La dosis recomendada es de 1 pastilla por planta en el trasplante. <\/p>\n","protected":false},"excerpt":{"rendered":"<p>Asir Horto se aplica en el momento del trasplante. Aporta microorganismos beneficiosos que estimulan el crecimiento, solubilizan el f\u00f3sforo, y estimulan las defensas de los cultivos frente a los pat\u00f3genos. Asir Horto, adem\u00e1s de nutrir los cultivos, aporta gran cantidad de materia org\u00e1nica que mejora la estructura del terreno y aumenta las reservas h\u00eddricas. Con certificado ecol\u00f3gico.   <\/p>\n","protected":false},"featured_media":4632,"comment_status":"closed","ping_status":"closed","template":"","meta":[],"product_brand":[],"product_cat":[389],"product_tag":[1888,1890,1891,1892,1020,190,1889],"class_list":{"0":"post-6098","1":"product","2":"type-product","3":"status-publish","4":"has-post-thumbnail","6":"product_cat-huerto","7":"product_tag-arrelador-es","8":"product_tag-asir-es","9":"product_tag-asir-horto-es","10":"product_tag-atens-es","11":"product_tag-horticultura-es","12":"product_tag-huerto-es-2","13":"product_tag-micorriza-es","15":"first","16":"outofstock","17":"taxable","18":"shipping-taxable","19":"purchasable","20":"product-type-simple"},"yoast_head":"<!-- This site is optimized with the Yoast SEO plugin v27.4 - https:\/\/yoast.com\/product\/yoast-seo-wordpress\/ -->\n<title>Asir horto 500 pastillas | SAIGA<\/title>\n<meta name=\"description\" content=\"Asir Horto se aplica en el momento del trasplante. Aporta microorganismos beneficiosos que estimulan el crecimiento y defensas de los cultivos.\" \/>\n<meta name=\"robots\" content=\"index, follow, max-snippet:-1, max-image-preview:large, max-video-preview:-1\" \/>\n<link rel=\"canonical\" href=\"https:\/\/saiga.es\/es\/producto\/asir-horto-500-pastillas\/\" \/>\n<meta property=\"og:locale\" content=\"es_ES\" \/>\n<meta property=\"og:type\" content=\"article\" \/>\n<meta property=\"og:title\" content=\"Asir horto 500 pastillas | SAIGA\" \/>\n<meta property=\"og:description\" content=\"Asir Horto se aplica en el momento del trasplante. Aporta microorganismos beneficiosos que estimulan el crecimiento y defensas de los cultivos.\" \/>\n<meta property=\"og:url\" content=\"https:\/\/saiga.es\/es\/producto\/asir-horto-500-pastillas\/\" \/>\n<meta property=\"og:site_name\" content=\"SAIGA\" \/>\n<meta property=\"article:modified_time\" content=\"2025-11-20T11:29:44+00:00\" \/>\n<meta property=\"og:image\" content=\"https:\/\/saiga.es\/wp-content\/uploads\/2023\/07\/asir-horto-bio-500-pastillas.jpg\" \/>\n\t<meta property=\"og:image:width\" content=\"1100\" \/>\n\t<meta property=\"og:image:height\" content=\"1422\" \/>\n\t<meta property=\"og:image:type\" content=\"image\/jpeg\" \/>\n<meta name=\"twitter:card\" content=\"summary_large_image\" \/>\n<meta name=\"twitter:site\" content=\"@saiga_agro\" \/>\n<meta name=\"twitter:label1\" content=\"Tiempo de lectura\" \/>\n\t<meta name=\"twitter:data1\" content=\"1 minuto\" \/>\n<script type=\"application\/ld+json\" class=\"yoast-schema-graph\">{\"@context\":\"https:\\\/\\\/schema.org\",\"@graph\":[{\"@type\":\"WebPage\",\"@id\":\"https:\\\/\\\/saiga.es\\\/es\\\/producto\\\/asir-horto-500-pastillas\\\/\",\"url\":\"https:\\\/\\\/saiga.es\\\/es\\\/producto\\\/asir-horto-500-pastillas\\\/\",\"name\":\"Asir horto 500 pastillas | SAIGA\",\"isPartOf\":{\"@id\":\"https:\\\/\\\/saiga.es\\\/es\\\/#website\"},\"primaryImageOfPage\":{\"@id\":\"https:\\\/\\\/saiga.es\\\/es\\\/producto\\\/asir-horto-500-pastillas\\\/#primaryimage\"},\"image\":{\"@id\":\"https:\\\/\\\/saiga.es\\\/es\\\/producto\\\/asir-horto-500-pastillas\\\/#primaryimage\"},\"thumbnailUrl\":\"https:\\\/\\\/saiga.es\\\/wp-content\\\/uploads\\\/2023\\\/07\\\/asir-horto-bio-500-pastillas.jpg\",\"datePublished\":\"2023-07-25T09:07:20+00:00\",\"dateModified\":\"2025-11-20T11:29:44+00:00\",\"description\":\"Asir Horto se aplica en el momento del trasplante. Aporta microorganismos beneficiosos que estimulan el crecimiento y defensas de los cultivos.\",\"breadcrumb\":{\"@id\":\"https:\\\/\\\/saiga.es\\\/es\\\/producto\\\/asir-horto-500-pastillas\\\/#breadcrumb\"},\"inLanguage\":\"es\",\"potentialAction\":[{\"@type\":\"ReadAction\",\"target\":[\"https:\\\/\\\/saiga.es\\\/es\\\/producto\\\/asir-horto-500-pastillas\\\/\"]}]},{\"@type\":\"ImageObject\",\"inLanguage\":\"es\",\"@id\":\"https:\\\/\\\/saiga.es\\\/es\\\/producto\\\/asir-horto-500-pastillas\\\/#primaryimage\",\"url\":\"https:\\\/\\\/saiga.es\\\/wp-content\\\/uploads\\\/2023\\\/07\\\/asir-horto-bio-500-pastillas.jpg\",\"contentUrl\":\"https:\\\/\\\/saiga.es\\\/wp-content\\\/uploads\\\/2023\\\/07\\\/asir-horto-bio-500-pastillas.jpg\",\"width\":1100,\"height\":1422,\"caption\":\"Asir Horto\"},{\"@type\":\"BreadcrumbList\",\"@id\":\"https:\\\/\\\/saiga.es\\\/es\\\/producto\\\/asir-horto-500-pastillas\\\/#breadcrumb\",\"itemListElement\":[{\"@type\":\"ListItem\",\"position\":1,\"name\":\"Inici\",\"item\":\"https:\\\/\\\/saiga.es\\\/es\\\/\"},{\"@type\":\"ListItem\",\"position\":2,\"name\":\"Tienda\",\"item\":\"https:\\\/\\\/saiga.es\\\/es\\\/tienda\\\/\"},{\"@type\":\"ListItem\",\"position\":3,\"name\":\"Asir horto 500 pastillas\"}]},{\"@type\":\"WebSite\",\"@id\":\"https:\\\/\\\/saiga.es\\\/es\\\/#website\",\"url\":\"https:\\\/\\\/saiga.es\\\/es\\\/\",\"name\":\"SAIGA\",\"description\":\"M\u00e9s de 50 anys al servei de la terra i treballant per a un \u00fas eficient de l\u2019aigua!\",\"publisher\":{\"@id\":\"https:\\\/\\\/saiga.es\\\/es\\\/#organization\"},\"potentialAction\":[{\"@type\":\"SearchAction\",\"target\":{\"@type\":\"EntryPoint\",\"urlTemplate\":\"https:\\\/\\\/saiga.es\\\/es\\\/?s={search_term_string}\"},\"query-input\":{\"@type\":\"PropertyValueSpecification\",\"valueRequired\":true,\"valueName\":\"search_term_string\"}}],\"inLanguage\":\"es\"},{\"@type\":\"Organization\",\"@id\":\"https:\\\/\\\/saiga.es\\\/es\\\/#organization\",\"name\":\"SAIGA\",\"url\":\"https:\\\/\\\/saiga.es\\\/es\\\/\",\"logo\":{\"@type\":\"ImageObject\",\"inLanguage\":\"es\",\"@id\":\"https:\\\/\\\/saiga.es\\\/es\\\/#\\\/schema\\\/logo\\\/image\\\/\",\"url\":\"https:\\\/\\\/saiga.es\\\/wp-content\\\/uploads\\\/2025\\\/07\\\/logo_saiga_baseline_optimitzat.svg\",\"contentUrl\":\"https:\\\/\\\/saiga.es\\\/wp-content\\\/uploads\\\/2025\\\/07\\\/logo_saiga_baseline_optimitzat.svg\",\"caption\":\"SAIGA\"},\"image\":{\"@id\":\"https:\\\/\\\/saiga.es\\\/es\\\/#\\\/schema\\\/logo\\\/image\\\/\"},\"sameAs\":[\"https:\\\/\\\/x.com\\\/saiga_agro\",\"https:\\\/\\\/www.instagram.com\\\/saiga_agro\\\/\"]}]}<\/script>\n<!-- \/ Yoast SEO plugin. -->","yoast_head_json":{"title":"Asir horto 500 pastillas | SAIGA","description":"Asir Horto se aplica en el momento del trasplante. Aporta microorganismos beneficiosos que estimulan el crecimiento y defensas de los cultivos.","robots":{"index":"index","follow":"follow","max-snippet":"max-snippet:-1","max-image-preview":"max-image-preview:large","max-video-preview":"max-video-preview:-1"},"canonical":"https:\/\/saiga.es\/es\/producto\/asir-horto-500-pastillas\/","og_locale":"es_ES","og_type":"article","og_title":"Asir horto 500 pastillas | SAIGA","og_description":"Asir Horto se aplica en el momento del trasplante. Aporta microorganismos beneficiosos que estimulan el crecimiento y defensas de los cultivos.","og_url":"https:\/\/saiga.es\/es\/producto\/asir-horto-500-pastillas\/","og_site_name":"SAIGA","article_modified_time":"2025-11-20T11:29:44+00:00","og_image":[{"width":1100,"height":1422,"url":"https:\/\/saiga.es\/wp-content\/uploads\/2023\/07\/asir-horto-bio-500-pastillas.jpg","type":"image\/jpeg"}],"twitter_card":"summary_large_image","twitter_site":"@saiga_agro","twitter_misc":{"Tiempo de lectura":"1 minuto"},"schema":{"@context":"https:\/\/schema.org","@graph":[{"@type":"WebPage","@id":"https:\/\/saiga.es\/es\/producto\/asir-horto-500-pastillas\/","url":"https:\/\/saiga.es\/es\/producto\/asir-horto-500-pastillas\/","name":"Asir horto 500 pastillas | SAIGA","isPartOf":{"@id":"https:\/\/saiga.es\/es\/#website"},"primaryImageOfPage":{"@id":"https:\/\/saiga.es\/es\/producto\/asir-horto-500-pastillas\/#primaryimage"},"image":{"@id":"https:\/\/saiga.es\/es\/producto\/asir-horto-500-pastillas\/#primaryimage"},"thumbnailUrl":"https:\/\/saiga.es\/wp-content\/uploads\/2023\/07\/asir-horto-bio-500-pastillas.jpg","datePublished":"2023-07-25T09:07:20+00:00","dateModified":"2025-11-20T11:29:44+00:00","description":"Asir Horto se aplica en el momento del trasplante. Aporta microorganismos beneficiosos que estimulan el crecimiento y defensas de los cultivos.","breadcrumb":{"@id":"https:\/\/saiga.es\/es\/producto\/asir-horto-500-pastillas\/#breadcrumb"},"inLanguage":"es","potentialAction":[{"@type":"ReadAction","target":["https:\/\/saiga.es\/es\/producto\/asir-horto-500-pastillas\/"]}]},{"@type":"ImageObject","inLanguage":"es","@id":"https:\/\/saiga.es\/es\/producto\/asir-horto-500-pastillas\/#primaryimage","url":"https:\/\/saiga.es\/wp-content\/uploads\/2023\/07\/asir-horto-bio-500-pastillas.jpg","contentUrl":"https:\/\/saiga.es\/wp-content\/uploads\/2023\/07\/asir-horto-bio-500-pastillas.jpg","width":1100,"height":1422,"caption":"Asir Horto"},{"@type":"BreadcrumbList","@id":"https:\/\/saiga.es\/es\/producto\/asir-horto-500-pastillas\/#breadcrumb","itemListElement":[{"@type":"ListItem","position":1,"name":"Inici","item":"https:\/\/saiga.es\/es\/"},{"@type":"ListItem","position":2,"name":"Tienda","item":"https:\/\/saiga.es\/es\/tienda\/"},{"@type":"ListItem","position":3,"name":"Asir horto 500 pastillas"}]},{"@type":"WebSite","@id":"https:\/\/saiga.es\/es\/#website","url":"https:\/\/saiga.es\/es\/","name":"SAIGA","description":"M\u00e9s de 50 anys al servei de la terra i treballant per a un \u00fas eficient de l\u2019aigua!","publisher":{"@id":"https:\/\/saiga.es\/es\/#organization"},"potentialAction":[{"@type":"SearchAction","target":{"@type":"EntryPoint","urlTemplate":"https:\/\/saiga.es\/es\/?s={search_term_string}"},"query-input":{"@type":"PropertyValueSpecification","valueRequired":true,"valueName":"search_term_string"}}],"inLanguage":"es"},{"@type":"Organization","@id":"https:\/\/saiga.es\/es\/#organization","name":"SAIGA","url":"https:\/\/saiga.es\/es\/","logo":{"@type":"ImageObject","inLanguage":"es","@id":"https:\/\/saiga.es\/es\/#\/schema\/logo\/image\/","url":"https:\/\/saiga.es\/wp-content\/uploads\/2025\/07\/logo_saiga_baseline_optimitzat.svg","contentUrl":"https:\/\/saiga.es\/wp-content\/uploads\/2025\/07\/logo_saiga_baseline_optimitzat.svg","caption":"SAIGA"},"image":{"@id":"https:\/\/saiga.es\/es\/#\/schema\/logo\/image\/"},"sameAs":["https:\/\/x.com\/saiga_agro","https:\/\/www.instagram.com\/saiga_agro\/"]}]}},"_links":{"self":[{"href":"https:\/\/saiga.es\/es\/wp-json\/wp\/v2\/product\/6098","targetHints":{"allow":["GET"]}}],"collection":[{"href":"https:\/\/saiga.es\/es\/wp-json\/wp\/v2\/product"}],"about":[{"href":"https:\/\/saiga.es\/es\/wp-json\/wp\/v2\/types\/product"}],"replies":[{"embeddable":true,"href":"https:\/\/saiga.es\/es\/wp-json\/wp\/v2\/comments?post=6098"}],"wp:featuredmedia":[{"embeddable":true,"href":"https:\/\/saiga.es\/es\/wp-json\/wp\/v2\/media\/4632"}],"wp:attachment":[{"href":"https:\/\/saiga.es\/es\/wp-json\/wp\/v2\/media?parent=6098"}],"wp:term":[{"taxonomy":"product_brand","embeddable":true,"href":"https:\/\/saiga.es\/es\/wp-json\/wp\/v2\/product_brand?post=6098"},{"taxonomy":"product_cat","embeddable":true,"href":"https:\/\/saiga.es\/es\/wp-json\/wp\/v2\/product_cat?post=6098"},{"taxonomy":"product_tag","embeddable":true,"href":"https:\/\/saiga.es\/es\/wp-json\/wp\/v2\/product_tag?post=6098"}],"curies":[{"name":"wp","href":"https:\/\/api.w.org\/{rel}","templated":true}]}}