{"id":6128,"date":"2023-10-31T14:00:34","date_gmt":"2023-10-31T14:00:34","guid":{"rendered":"https:\/\/botiga.saiga.es\/producte\/tijeras-electricas-arvipo-27\/"},"modified":"2025-09-29T08:35:59","modified_gmt":"2025-09-29T08:35:59","slug":"tijeras-electricas-arvipo-27","status":"publish","type":"product","link":"https:\/\/saiga.es\/es\/producto\/tijeras-electricas-arvipo-27\/","title":{"rendered":"Tijeras el\u00e9ctricas Arvipo PS27 EVO-2"},"content":{"rendered":"<p data-start=\"218\" data-end=\"602\"><span data-start=\"220\" data-end=\"252\">Las tijeras el\u00e9ctricas<\/span> ARVIPO PS27 son la opci\u00f3n de entrada perfecta para profesionales y aficionados que buscan agilidad, ligereza y rendimiento en la poda ligera. Con motor brushless sin escobillas, pantalla LCD, sistema Cut Prevent que detiene el corte en contacto con la piel y Smart Blade para evitar da\u00f1os por alambres, esta tijera ofrece seguridad y durabilidad. <\/p>\n<p data-start=\"604\" data-end=\"945\">Permite cortar hasta 30 mm de di\u00e1metro, con corte progresivo y doble apertura de hoja para m\u00e1s control; pesa solo 0,72 kg sin bater\u00eda y 0,91 kg con bater\u00eda \u2014 ideal para largas jornadas. Funciona con bater\u00eda de 10,8-12,6 V, con autonom\u00eda de 1 a 3 horas seg\u00fan el uso, y se recarga en aproximadamente 2-2,5 horas. <\/p>\n<p data-start=\"947\" data-end=\"1102\">Perfecta para usos en viticultura, jardiner\u00eda, invernaderos o para poda de frutales, donde la maniobrabilidad, seguridad y buena relaci\u00f3n calidad-precio son clave.<\/p>\n<p>&nbsp;<\/p>\n","protected":false},"excerpt":{"rendered":"<p>Las tijeras ARVIPO PS27 se caracterizan por un corte progresivo hasta 30 mm, motor brushless, peso ligero y m\u00e1xima seguridad con Cut Prevent y Smart Blade.<\/p>\n","protected":false},"featured_media":4633,"comment_status":"closed","ping_status":"closed","template":"","meta":[],"product_brand":[],"product_cat":[413,386,1695],"product_tag":[382,384,383,385],"class_list":{"0":"post-6128","1":"product","2":"type-product","3":"status-publish","4":"has-post-thumbnail","6":"product_cat-poda-es","7":"product_cat-tijeras-de-poda","8":"product_cat-tijeras-electricas-arvipo","9":"product_tag-arvipo-es","10":"product_tag-ps27-es","11":"product_tag-tijeras-de-podar","12":"product_tag-tijeras-electricas","14":"first","15":"outofstock","16":"taxable","17":"shipping-taxable","18":"purchasable","19":"product-type-variable"},"yoast_head":"<!-- This site is optimized with the Yoast SEO plugin v27.4 - https:\/\/yoast.com\/product\/yoast-seo-wordpress\/ -->\n<title>Tijeras el\u00e9ctricas Arvipo PS27 EVO-2 | SAIGA<\/title>\n<meta name=\"description\" content=\"El ARVIPO PS27 representa la entrada de gama en las tijeras el\u00e9ctricas ARVIPO, permitiendo descubrir al usuario las ventajas de este tipo de herramientas.\" \/>\n<meta name=\"robots\" content=\"index, follow, max-snippet:-1, max-image-preview:large, max-video-preview:-1\" \/>\n<link rel=\"canonical\" href=\"https:\/\/saiga.es\/es\/producto\/tijeras-electricas-arvipo-27\/\" \/>\n<meta property=\"og:locale\" content=\"es_ES\" \/>\n<meta property=\"og:type\" content=\"article\" \/>\n<meta property=\"og:title\" content=\"Tijeras el\u00e9ctricas Arvipo PS27 EVO-2 | SAIGA\" \/>\n<meta property=\"og:description\" content=\"El ARVIPO PS27 representa la entrada de gama en las tijeras el\u00e9ctricas ARVIPO, permitiendo descubrir al usuario las ventajas de este tipo de herramientas.\" \/>\n<meta property=\"og:url\" content=\"https:\/\/saiga.es\/es\/producto\/tijeras-electricas-arvipo-27\/\" \/>\n<meta property=\"og:site_name\" content=\"SAIGA\" \/>\n<meta property=\"article:modified_time\" content=\"2025-09-29T08:35:59+00:00\" \/>\n<meta property=\"og:image\" content=\"https:\/\/saiga.es\/wp-content\/uploads\/2023\/10\/Arvipo-P27.png\" \/>\n\t<meta property=\"og:image:width\" content=\"680\" \/>\n\t<meta property=\"og:image:height\" content=\"680\" \/>\n\t<meta property=\"og:image:type\" content=\"image\/png\" \/>\n<meta name=\"twitter:card\" content=\"summary_large_image\" \/>\n<meta name=\"twitter:site\" content=\"@saiga_agro\" \/>\n<meta name=\"twitter:label1\" content=\"Tiempo de lectura\" \/>\n\t<meta name=\"twitter:data1\" content=\"1 minuto\" \/>\n<script type=\"application\/ld+json\" class=\"yoast-schema-graph\">{\"@context\":\"https:\\\/\\\/schema.org\",\"@graph\":[{\"@type\":\"WebPage\",\"@id\":\"https:\\\/\\\/saiga.es\\\/es\\\/producto\\\/tijeras-electricas-arvipo-27\\\/\",\"url\":\"https:\\\/\\\/saiga.es\\\/es\\\/producto\\\/tijeras-electricas-arvipo-27\\\/\",\"name\":\"Tijeras el\u00e9ctricas Arvipo PS27 EVO-2 | SAIGA\",\"isPartOf\":{\"@id\":\"https:\\\/\\\/saiga.es\\\/es\\\/#website\"},\"primaryImageOfPage\":{\"@id\":\"https:\\\/\\\/saiga.es\\\/es\\\/producto\\\/tijeras-electricas-arvipo-27\\\/#primaryimage\"},\"image\":{\"@id\":\"https:\\\/\\\/saiga.es\\\/es\\\/producto\\\/tijeras-electricas-arvipo-27\\\/#primaryimage\"},\"thumbnailUrl\":\"https:\\\/\\\/saiga.es\\\/wp-content\\\/uploads\\\/2023\\\/10\\\/Arvipo-P27.png\",\"datePublished\":\"2023-10-31T14:00:34+00:00\",\"dateModified\":\"2025-09-29T08:35:59+00:00\",\"description\":\"El ARVIPO PS27 representa la entrada de gama en las tijeras el\u00e9ctricas ARVIPO, permitiendo descubrir al usuario las ventajas de este tipo de herramientas.\",\"breadcrumb\":{\"@id\":\"https:\\\/\\\/saiga.es\\\/es\\\/producto\\\/tijeras-electricas-arvipo-27\\\/#breadcrumb\"},\"inLanguage\":\"es\",\"potentialAction\":[{\"@type\":\"ReadAction\",\"target\":[\"https:\\\/\\\/saiga.es\\\/es\\\/producto\\\/tijeras-electricas-arvipo-27\\\/\"]}]},{\"@type\":\"ImageObject\",\"inLanguage\":\"es\",\"@id\":\"https:\\\/\\\/saiga.es\\\/es\\\/producto\\\/tijeras-electricas-arvipo-27\\\/#primaryimage\",\"url\":\"https:\\\/\\\/saiga.es\\\/wp-content\\\/uploads\\\/2023\\\/10\\\/Arvipo-P27.png\",\"contentUrl\":\"https:\\\/\\\/saiga.es\\\/wp-content\\\/uploads\\\/2023\\\/10\\\/Arvipo-P27.png\",\"width\":680,\"height\":680,\"caption\":\"Tijeras el\u00e9ctricas Arbipo P27\"},{\"@type\":\"BreadcrumbList\",\"@id\":\"https:\\\/\\\/saiga.es\\\/es\\\/producto\\\/tijeras-electricas-arvipo-27\\\/#breadcrumb\",\"itemListElement\":[{\"@type\":\"ListItem\",\"position\":1,\"name\":\"Inici\",\"item\":\"https:\\\/\\\/saiga.es\\\/es\\\/\"},{\"@type\":\"ListItem\",\"position\":2,\"name\":\"Tienda\",\"item\":\"https:\\\/\\\/saiga.es\\\/es\\\/tienda\\\/\"},{\"@type\":\"ListItem\",\"position\":3,\"name\":\"Tijeras el\u00e9ctricas Arvipo PS27 EVO-2\"}]},{\"@type\":\"WebSite\",\"@id\":\"https:\\\/\\\/saiga.es\\\/es\\\/#website\",\"url\":\"https:\\\/\\\/saiga.es\\\/es\\\/\",\"name\":\"SAIGA\",\"description\":\"M\u00e9s de 50 anys al servei de la terra i treballant per a un \u00fas eficient de l\u2019aigua!\",\"publisher\":{\"@id\":\"https:\\\/\\\/saiga.es\\\/es\\\/#organization\"},\"potentialAction\":[{\"@type\":\"SearchAction\",\"target\":{\"@type\":\"EntryPoint\",\"urlTemplate\":\"https:\\\/\\\/saiga.es\\\/es\\\/?s={search_term_string}\"},\"query-input\":{\"@type\":\"PropertyValueSpecification\",\"valueRequired\":true,\"valueName\":\"search_term_string\"}}],\"inLanguage\":\"es\"},{\"@type\":\"Organization\",\"@id\":\"https:\\\/\\\/saiga.es\\\/es\\\/#organization\",\"name\":\"SAIGA\",\"url\":\"https:\\\/\\\/saiga.es\\\/es\\\/\",\"logo\":{\"@type\":\"ImageObject\",\"inLanguage\":\"es\",\"@id\":\"https:\\\/\\\/saiga.es\\\/es\\\/#\\\/schema\\\/logo\\\/image\\\/\",\"url\":\"https:\\\/\\\/saiga.es\\\/wp-content\\\/uploads\\\/2025\\\/07\\\/logo_saiga_baseline_optimitzat.svg\",\"contentUrl\":\"https:\\\/\\\/saiga.es\\\/wp-content\\\/uploads\\\/2025\\\/07\\\/logo_saiga_baseline_optimitzat.svg\",\"caption\":\"SAIGA\"},\"image\":{\"@id\":\"https:\\\/\\\/saiga.es\\\/es\\\/#\\\/schema\\\/logo\\\/image\\\/\"},\"sameAs\":[\"https:\\\/\\\/x.com\\\/saiga_agro\",\"https:\\\/\\\/www.instagram.com\\\/saiga_agro\\\/\"]}]}<\/script>\n<!-- \/ Yoast SEO plugin. -->","yoast_head_json":{"title":"Tijeras el\u00e9ctricas Arvipo PS27 EVO-2 | SAIGA","description":"El ARVIPO PS27 representa la entrada de gama en las tijeras el\u00e9ctricas ARVIPO, permitiendo descubrir al usuario las ventajas de este tipo de herramientas.","robots":{"index":"index","follow":"follow","max-snippet":"max-snippet:-1","max-image-preview":"max-image-preview:large","max-video-preview":"max-video-preview:-1"},"canonical":"https:\/\/saiga.es\/es\/producto\/tijeras-electricas-arvipo-27\/","og_locale":"es_ES","og_type":"article","og_title":"Tijeras el\u00e9ctricas Arvipo PS27 EVO-2 | SAIGA","og_description":"El ARVIPO PS27 representa la entrada de gama en las tijeras el\u00e9ctricas ARVIPO, permitiendo descubrir al usuario las ventajas de este tipo de herramientas.","og_url":"https:\/\/saiga.es\/es\/producto\/tijeras-electricas-arvipo-27\/","og_site_name":"SAIGA","article_modified_time":"2025-09-29T08:35:59+00:00","og_image":[{"width":680,"height":680,"url":"https:\/\/saiga.es\/wp-content\/uploads\/2023\/10\/Arvipo-P27.png","type":"image\/png"}],"twitter_card":"summary_large_image","twitter_site":"@saiga_agro","twitter_misc":{"Tiempo de lectura":"1 minuto"},"schema":{"@context":"https:\/\/schema.org","@graph":[{"@type":"WebPage","@id":"https:\/\/saiga.es\/es\/producto\/tijeras-electricas-arvipo-27\/","url":"https:\/\/saiga.es\/es\/producto\/tijeras-electricas-arvipo-27\/","name":"Tijeras el\u00e9ctricas Arvipo PS27 EVO-2 | SAIGA","isPartOf":{"@id":"https:\/\/saiga.es\/es\/#website"},"primaryImageOfPage":{"@id":"https:\/\/saiga.es\/es\/producto\/tijeras-electricas-arvipo-27\/#primaryimage"},"image":{"@id":"https:\/\/saiga.es\/es\/producto\/tijeras-electricas-arvipo-27\/#primaryimage"},"thumbnailUrl":"https:\/\/saiga.es\/wp-content\/uploads\/2023\/10\/Arvipo-P27.png","datePublished":"2023-10-31T14:00:34+00:00","dateModified":"2025-09-29T08:35:59+00:00","description":"El ARVIPO PS27 representa la entrada de gama en las tijeras el\u00e9ctricas ARVIPO, permitiendo descubrir al usuario las ventajas de este tipo de herramientas.","breadcrumb":{"@id":"https:\/\/saiga.es\/es\/producto\/tijeras-electricas-arvipo-27\/#breadcrumb"},"inLanguage":"es","potentialAction":[{"@type":"ReadAction","target":["https:\/\/saiga.es\/es\/producto\/tijeras-electricas-arvipo-27\/"]}]},{"@type":"ImageObject","inLanguage":"es","@id":"https:\/\/saiga.es\/es\/producto\/tijeras-electricas-arvipo-27\/#primaryimage","url":"https:\/\/saiga.es\/wp-content\/uploads\/2023\/10\/Arvipo-P27.png","contentUrl":"https:\/\/saiga.es\/wp-content\/uploads\/2023\/10\/Arvipo-P27.png","width":680,"height":680,"caption":"Tijeras el\u00e9ctricas Arbipo P27"},{"@type":"BreadcrumbList","@id":"https:\/\/saiga.es\/es\/producto\/tijeras-electricas-arvipo-27\/#breadcrumb","itemListElement":[{"@type":"ListItem","position":1,"name":"Inici","item":"https:\/\/saiga.es\/es\/"},{"@type":"ListItem","position":2,"name":"Tienda","item":"https:\/\/saiga.es\/es\/tienda\/"},{"@type":"ListItem","position":3,"name":"Tijeras el\u00e9ctricas Arvipo PS27 EVO-2"}]},{"@type":"WebSite","@id":"https:\/\/saiga.es\/es\/#website","url":"https:\/\/saiga.es\/es\/","name":"SAIGA","description":"M\u00e9s de 50 anys al servei de la terra i treballant per a un \u00fas eficient de l\u2019aigua!","publisher":{"@id":"https:\/\/saiga.es\/es\/#organization"},"potentialAction":[{"@type":"SearchAction","target":{"@type":"EntryPoint","urlTemplate":"https:\/\/saiga.es\/es\/?s={search_term_string}"},"query-input":{"@type":"PropertyValueSpecification","valueRequired":true,"valueName":"search_term_string"}}],"inLanguage":"es"},{"@type":"Organization","@id":"https:\/\/saiga.es\/es\/#organization","name":"SAIGA","url":"https:\/\/saiga.es\/es\/","logo":{"@type":"ImageObject","inLanguage":"es","@id":"https:\/\/saiga.es\/es\/#\/schema\/logo\/image\/","url":"https:\/\/saiga.es\/wp-content\/uploads\/2025\/07\/logo_saiga_baseline_optimitzat.svg","contentUrl":"https:\/\/saiga.es\/wp-content\/uploads\/2025\/07\/logo_saiga_baseline_optimitzat.svg","caption":"SAIGA"},"image":{"@id":"https:\/\/saiga.es\/es\/#\/schema\/logo\/image\/"},"sameAs":["https:\/\/x.com\/saiga_agro","https:\/\/www.instagram.com\/saiga_agro\/"]}]}},"_links":{"self":[{"href":"https:\/\/saiga.es\/es\/wp-json\/wp\/v2\/product\/6128","targetHints":{"allow":["GET"]}}],"collection":[{"href":"https:\/\/saiga.es\/es\/wp-json\/wp\/v2\/product"}],"about":[{"href":"https:\/\/saiga.es\/es\/wp-json\/wp\/v2\/types\/product"}],"replies":[{"embeddable":true,"href":"https:\/\/saiga.es\/es\/wp-json\/wp\/v2\/comments?post=6128"}],"wp:featuredmedia":[{"embeddable":true,"href":"https:\/\/saiga.es\/es\/wp-json\/wp\/v2\/media\/4633"}],"wp:attachment":[{"href":"https:\/\/saiga.es\/es\/wp-json\/wp\/v2\/media?parent=6128"}],"wp:term":[{"taxonomy":"product_brand","embeddable":true,"href":"https:\/\/saiga.es\/es\/wp-json\/wp\/v2\/product_brand?post=6128"},{"taxonomy":"product_cat","embeddable":true,"href":"https:\/\/saiga.es\/es\/wp-json\/wp\/v2\/product_cat?post=6128"},{"taxonomy":"product_tag","embeddable":true,"href":"https:\/\/saiga.es\/es\/wp-json\/wp\/v2\/product_tag?post=6128"}],"curies":[{"name":"wp","href":"https:\/\/api.w.org\/{rel}","templated":true}]}}