{"id":6131,"date":"2023-08-25T07:13:33","date_gmt":"2023-08-25T07:13:33","guid":{"rendered":"https:\/\/botiga.saiga.es\/producte\/triple-accion-750-ml\/"},"modified":"2023-08-25T07:13:33","modified_gmt":"2023-08-25T07:13:33","slug":"triple-accion-750-ml","status":"publish","type":"product","link":"https:\/\/saiga.es\/es\/producto\/triple-accion-750-ml\/","title":{"rendered":"Triple acci\u00f3n 750 ml"},"content":{"rendered":"<p>Triple Acci\u00f3n es un producto para todo tipo de plantas con flor, evitando que el producto entre en contacto con los p\u00e9talos.<\/p>\n<p>Tiene una elevada eficiencia para tratamiento insecticida, fungicida y acaricida. Elimina los insectos (pulgones, orugas), \u00e1caros y hongos (oidio, yema) que provocan da\u00f1os y enfermedades en las plantas.<\/p>\n<p>Apto para cultivo de interior y exterior, plantas ornamentales, herb\u00e1ceas y le\u00f1osas.<\/p>\n<p>PRECAUCIONES DE USO<br \/>\nEvitar tratar en horas de fuerte calor.<br \/>\nNo aplicar directamente sobre las flores.<br \/>\nEvitar tratar plantas expuestas en el sol.<\/p>\n","protected":false},"excerpt":{"rendered":"<p>Triple Acci\u00f3n es un producto para todo tipo de plantas con flor, evitando que el producto entre en contacto con los p\u00e9talos. Tiene una elevada eficiencia para tratamiento insecticida, fungicida y acaricida. Elimina los insectos (pulgones, orugas), \u00e1caros y hongos (oidio, yema) que provocan da\u00f1os y enfermedades en las plantas. Apto para cultivo de interior&#8230;<\/p>\n","protected":false},"featured_media":14716,"comment_status":"open","ping_status":"closed","template":"","meta":[],"product_brand":[],"product_cat":[181],"product_tag":[],"class_list":{"0":"post-6131","1":"product","2":"type-product","3":"status-publish","4":"has-post-thumbnail","6":"product_cat-insecticidas","8":"first","9":"instock","10":"taxable","11":"shipping-taxable","12":"purchasable","13":"product-type-simple"},"yoast_head":"<!-- This site is optimized with the Yoast SEO plugin v27.4 - https:\/\/yoast.com\/product\/yoast-seo-wordpress\/ -->\n<title>Triple acci\u00f3n 750 ml | SAIGA<\/title>\n<meta name=\"robots\" content=\"index, follow, max-snippet:-1, max-image-preview:large, max-video-preview:-1\" \/>\n<link rel=\"canonical\" href=\"https:\/\/saiga.es\/es\/producto\/triple-accion-750-ml\/\" \/>\n<meta property=\"og:locale\" content=\"es_ES\" \/>\n<meta property=\"og:type\" content=\"article\" \/>\n<meta property=\"og:title\" content=\"Triple acci\u00f3n 750 ml | SAIGA\" \/>\n<meta property=\"og:description\" content=\"Triple Acci\u00f3n es un producto para todo tipo de plantas con flor, evitando que el producto entre en contacto con los p\u00e9talos. Tiene una elevada eficiencia para tratamiento insecticida, fungicida y acaricida. Elimina los insectos (pulgones, orugas), \u00e1caros y hongos (oidio, yema) que provocan da\u00f1os y enfermedades en las plantas. Apto para cultivo de interior...\" \/>\n<meta property=\"og:url\" content=\"https:\/\/saiga.es\/es\/producto\/triple-accion-750-ml\/\" \/>\n<meta property=\"og:site_name\" content=\"SAIGA\" \/>\n<meta property=\"og:image\" content=\"https:\/\/saiga.es\/wp-content\/uploads\/2023\/08\/Triple-accion.jpg\" \/>\n\t<meta property=\"og:image:width\" content=\"1080\" \/>\n\t<meta property=\"og:image:height\" content=\"1080\" \/>\n\t<meta property=\"og:image:type\" content=\"image\/jpeg\" \/>\n<meta name=\"twitter:card\" content=\"summary_large_image\" \/>\n<meta name=\"twitter:site\" content=\"@saiga_agro\" \/>\n<script type=\"application\/ld+json\" class=\"yoast-schema-graph\">{\"@context\":\"https:\\\/\\\/schema.org\",\"@graph\":[{\"@type\":\"WebPage\",\"@id\":\"https:\\\/\\\/saiga.es\\\/es\\\/producto\\\/triple-accion-750-ml\\\/\",\"url\":\"https:\\\/\\\/saiga.es\\\/es\\\/producto\\\/triple-accion-750-ml\\\/\",\"name\":\"Triple acci\u00f3n 750 ml | SAIGA\",\"isPartOf\":{\"@id\":\"https:\\\/\\\/saiga.es\\\/es\\\/#website\"},\"primaryImageOfPage\":{\"@id\":\"https:\\\/\\\/saiga.es\\\/es\\\/producto\\\/triple-accion-750-ml\\\/#primaryimage\"},\"image\":{\"@id\":\"https:\\\/\\\/saiga.es\\\/es\\\/producto\\\/triple-accion-750-ml\\\/#primaryimage\"},\"thumbnailUrl\":\"https:\\\/\\\/saiga.es\\\/wp-content\\\/uploads\\\/2023\\\/08\\\/Triple-accion.jpg\",\"datePublished\":\"2023-08-25T07:13:33+00:00\",\"breadcrumb\":{\"@id\":\"https:\\\/\\\/saiga.es\\\/es\\\/producto\\\/triple-accion-750-ml\\\/#breadcrumb\"},\"inLanguage\":\"es\",\"potentialAction\":[{\"@type\":\"ReadAction\",\"target\":[\"https:\\\/\\\/saiga.es\\\/es\\\/producto\\\/triple-accion-750-ml\\\/\"]}]},{\"@type\":\"ImageObject\",\"inLanguage\":\"es\",\"@id\":\"https:\\\/\\\/saiga.es\\\/es\\\/producto\\\/triple-accion-750-ml\\\/#primaryimage\",\"url\":\"https:\\\/\\\/saiga.es\\\/wp-content\\\/uploads\\\/2023\\\/08\\\/Triple-accion.jpg\",\"contentUrl\":\"https:\\\/\\\/saiga.es\\\/wp-content\\\/uploads\\\/2023\\\/08\\\/Triple-accion.jpg\",\"width\":1080,\"height\":1080,\"caption\":\"Triple acci\u00f3n Vithal\"},{\"@type\":\"BreadcrumbList\",\"@id\":\"https:\\\/\\\/saiga.es\\\/es\\\/producto\\\/triple-accion-750-ml\\\/#breadcrumb\",\"itemListElement\":[{\"@type\":\"ListItem\",\"position\":1,\"name\":\"Inici\",\"item\":\"https:\\\/\\\/saiga.es\\\/es\\\/\"},{\"@type\":\"ListItem\",\"position\":2,\"name\":\"Tienda\",\"item\":\"https:\\\/\\\/saiga.es\\\/es\\\/tienda\\\/\"},{\"@type\":\"ListItem\",\"position\":3,\"name\":\"Triple acci\u00f3n 750 ml\"}]},{\"@type\":\"WebSite\",\"@id\":\"https:\\\/\\\/saiga.es\\\/es\\\/#website\",\"url\":\"https:\\\/\\\/saiga.es\\\/es\\\/\",\"name\":\"SAIGA\",\"description\":\"M\u00e9s de 50 anys al servei de la terra i treballant per a un \u00fas eficient de l\u2019aigua!\",\"publisher\":{\"@id\":\"https:\\\/\\\/saiga.es\\\/es\\\/#organization\"},\"potentialAction\":[{\"@type\":\"SearchAction\",\"target\":{\"@type\":\"EntryPoint\",\"urlTemplate\":\"https:\\\/\\\/saiga.es\\\/es\\\/?s={search_term_string}\"},\"query-input\":{\"@type\":\"PropertyValueSpecification\",\"valueRequired\":true,\"valueName\":\"search_term_string\"}}],\"inLanguage\":\"es\"},{\"@type\":\"Organization\",\"@id\":\"https:\\\/\\\/saiga.es\\\/es\\\/#organization\",\"name\":\"SAIGA\",\"url\":\"https:\\\/\\\/saiga.es\\\/es\\\/\",\"logo\":{\"@type\":\"ImageObject\",\"inLanguage\":\"es\",\"@id\":\"https:\\\/\\\/saiga.es\\\/es\\\/#\\\/schema\\\/logo\\\/image\\\/\",\"url\":\"https:\\\/\\\/saiga.es\\\/wp-content\\\/uploads\\\/2025\\\/07\\\/logo_saiga_baseline_optimitzat.svg\",\"contentUrl\":\"https:\\\/\\\/saiga.es\\\/wp-content\\\/uploads\\\/2025\\\/07\\\/logo_saiga_baseline_optimitzat.svg\",\"caption\":\"SAIGA\"},\"image\":{\"@id\":\"https:\\\/\\\/saiga.es\\\/es\\\/#\\\/schema\\\/logo\\\/image\\\/\"},\"sameAs\":[\"https:\\\/\\\/x.com\\\/saiga_agro\",\"https:\\\/\\\/www.instagram.com\\\/saiga_agro\\\/\"]}]}<\/script>\n<!-- \/ Yoast SEO plugin. -->","yoast_head_json":{"title":"Triple acci\u00f3n 750 ml | SAIGA","robots":{"index":"index","follow":"follow","max-snippet":"max-snippet:-1","max-image-preview":"max-image-preview:large","max-video-preview":"max-video-preview:-1"},"canonical":"https:\/\/saiga.es\/es\/producto\/triple-accion-750-ml\/","og_locale":"es_ES","og_type":"article","og_title":"Triple acci\u00f3n 750 ml | SAIGA","og_description":"Triple Acci\u00f3n es un producto para todo tipo de plantas con flor, evitando que el producto entre en contacto con los p\u00e9talos. Tiene una elevada eficiencia para tratamiento insecticida, fungicida y acaricida. Elimina los insectos (pulgones, orugas), \u00e1caros y hongos (oidio, yema) que provocan da\u00f1os y enfermedades en las plantas. Apto para cultivo de interior...","og_url":"https:\/\/saiga.es\/es\/producto\/triple-accion-750-ml\/","og_site_name":"SAIGA","og_image":[{"width":1080,"height":1080,"url":"https:\/\/saiga.es\/wp-content\/uploads\/2023\/08\/Triple-accion.jpg","type":"image\/jpeg"}],"twitter_card":"summary_large_image","twitter_site":"@saiga_agro","schema":{"@context":"https:\/\/schema.org","@graph":[{"@type":"WebPage","@id":"https:\/\/saiga.es\/es\/producto\/triple-accion-750-ml\/","url":"https:\/\/saiga.es\/es\/producto\/triple-accion-750-ml\/","name":"Triple acci\u00f3n 750 ml | SAIGA","isPartOf":{"@id":"https:\/\/saiga.es\/es\/#website"},"primaryImageOfPage":{"@id":"https:\/\/saiga.es\/es\/producto\/triple-accion-750-ml\/#primaryimage"},"image":{"@id":"https:\/\/saiga.es\/es\/producto\/triple-accion-750-ml\/#primaryimage"},"thumbnailUrl":"https:\/\/saiga.es\/wp-content\/uploads\/2023\/08\/Triple-accion.jpg","datePublished":"2023-08-25T07:13:33+00:00","breadcrumb":{"@id":"https:\/\/saiga.es\/es\/producto\/triple-accion-750-ml\/#breadcrumb"},"inLanguage":"es","potentialAction":[{"@type":"ReadAction","target":["https:\/\/saiga.es\/es\/producto\/triple-accion-750-ml\/"]}]},{"@type":"ImageObject","inLanguage":"es","@id":"https:\/\/saiga.es\/es\/producto\/triple-accion-750-ml\/#primaryimage","url":"https:\/\/saiga.es\/wp-content\/uploads\/2023\/08\/Triple-accion.jpg","contentUrl":"https:\/\/saiga.es\/wp-content\/uploads\/2023\/08\/Triple-accion.jpg","width":1080,"height":1080,"caption":"Triple acci\u00f3n Vithal"},{"@type":"BreadcrumbList","@id":"https:\/\/saiga.es\/es\/producto\/triple-accion-750-ml\/#breadcrumb","itemListElement":[{"@type":"ListItem","position":1,"name":"Inici","item":"https:\/\/saiga.es\/es\/"},{"@type":"ListItem","position":2,"name":"Tienda","item":"https:\/\/saiga.es\/es\/tienda\/"},{"@type":"ListItem","position":3,"name":"Triple acci\u00f3n 750 ml"}]},{"@type":"WebSite","@id":"https:\/\/saiga.es\/es\/#website","url":"https:\/\/saiga.es\/es\/","name":"SAIGA","description":"M\u00e9s de 50 anys al servei de la terra i treballant per a un \u00fas eficient de l\u2019aigua!","publisher":{"@id":"https:\/\/saiga.es\/es\/#organization"},"potentialAction":[{"@type":"SearchAction","target":{"@type":"EntryPoint","urlTemplate":"https:\/\/saiga.es\/es\/?s={search_term_string}"},"query-input":{"@type":"PropertyValueSpecification","valueRequired":true,"valueName":"search_term_string"}}],"inLanguage":"es"},{"@type":"Organization","@id":"https:\/\/saiga.es\/es\/#organization","name":"SAIGA","url":"https:\/\/saiga.es\/es\/","logo":{"@type":"ImageObject","inLanguage":"es","@id":"https:\/\/saiga.es\/es\/#\/schema\/logo\/image\/","url":"https:\/\/saiga.es\/wp-content\/uploads\/2025\/07\/logo_saiga_baseline_optimitzat.svg","contentUrl":"https:\/\/saiga.es\/wp-content\/uploads\/2025\/07\/logo_saiga_baseline_optimitzat.svg","caption":"SAIGA"},"image":{"@id":"https:\/\/saiga.es\/es\/#\/schema\/logo\/image\/"},"sameAs":["https:\/\/x.com\/saiga_agro","https:\/\/www.instagram.com\/saiga_agro\/"]}]}},"_links":{"self":[{"href":"https:\/\/saiga.es\/es\/wp-json\/wp\/v2\/product\/6131","targetHints":{"allow":["GET"]}}],"collection":[{"href":"https:\/\/saiga.es\/es\/wp-json\/wp\/v2\/product"}],"about":[{"href":"https:\/\/saiga.es\/es\/wp-json\/wp\/v2\/types\/product"}],"replies":[{"embeddable":true,"href":"https:\/\/saiga.es\/es\/wp-json\/wp\/v2\/comments?post=6131"}],"wp:featuredmedia":[{"embeddable":true,"href":"https:\/\/saiga.es\/es\/wp-json\/wp\/v2\/media\/14716"}],"wp:attachment":[{"href":"https:\/\/saiga.es\/es\/wp-json\/wp\/v2\/media?parent=6131"}],"wp:term":[{"taxonomy":"product_brand","embeddable":true,"href":"https:\/\/saiga.es\/es\/wp-json\/wp\/v2\/product_brand?post=6131"},{"taxonomy":"product_cat","embeddable":true,"href":"https:\/\/saiga.es\/es\/wp-json\/wp\/v2\/product_cat?post=6131"},{"taxonomy":"product_tag","embeddable":true,"href":"https:\/\/saiga.es\/es\/wp-json\/wp\/v2\/product_tag?post=6131"}],"curies":[{"name":"wp","href":"https:\/\/api.w.org\/{rel}","templated":true}]}}