{"id":6134,"date":"2023-11-02T09:49:50","date_gmt":"2023-11-02T09:49:50","guid":{"rendered":"https:\/\/botiga.saiga.es\/producte\/aspersor-rain-bird-5000-pc-sectorial\/"},"modified":"2025-08-27T13:28:30","modified_gmt":"2025-08-27T13:28:30","slug":"aspersor-rain-bird-5000-pc-sectorial","status":"publish","type":"product","link":"https:\/\/saiga.es\/es\/producto\/aspersor-rain-bird-5000-pc-sectorial\/","title":{"rendered":"Aspersor Rain Bird 5000 PC Sectorial"},"content":{"rendered":"<p data-start=\"4122\" data-end=\"4667\">El Rain Bird 5000 PC Sectorial es un aspersor de turbina de alto rendimiento dise\u00f1ado para entornos residenciales y comerciales. Con una altura emergente ajustable (10, 15 y 30 cm), ofrece una adaptaci\u00f3n perfecta a cualquier entorno de jard\u00edn o instalaci\u00f3n verde. Su avanzada tecnolog\u00eda, como el Triple-Blade Wiper Seal y las boquillas Rain Curtain\u2122, garantizan una distribuci\u00f3n del agua uniforme y sin p\u00e9rdidas. Adem\u00e1s, cuenta con una garant\u00eda comercial de 5 a\u00f1os, que resalta su robustez y fiabilidad comprobada.   <\/p>\n<p data-start=\"4669\" data-end=\"4712\">Especificaciones t\u00e9cnicas destacadas:<\/p>\n<ul data-start=\"4713\" data-end=\"4926\">\n<li data-start=\"4713\" data-end=\"4761\">\n<p data-start=\"4715\" data-end=\"4761\">Cobertura: 7,6 m \u2013 15,2 m (25 \u2013 50 pies)<\/p>\n<\/li>\n<li data-start=\"4762\" data-end=\"4812\">\n<p data-start=\"4764\" data-end=\"4812\">Caudal: 3,0 \u2013 36,6 l\/min (0,76 \u2013 9,63 gpm)<\/p>\n<\/li>\n<li data-start=\"4813\" data-end=\"4867\">\n<p data-start=\"4815\" data-end=\"4867\">Presi\u00f3n operativa: 1,7 \u2013 4,5 bar (25 \u2013 65 psi)<\/p>\n<\/li>\n<li data-start=\"4868\" data-end=\"4926\">\n<p data-start=\"4870\" data-end=\"4926\">Arco ajustable: hasta 360\u00b0 (ciclo completo o parcial)<\/p>\n<\/li>\n<\/ul>\n<p data-start=\"4928\" data-end=\"4958\">Ventajas que te ofrecemos:<\/p>\n<ul data-start=\"4959\" data-end=\"5246\">\n<li data-start=\"4959\" data-end=\"5050\">\n<p data-start=\"4961\" data-end=\"5050\">Eficiencia h\u00eddrica: combina tecnolog\u00eda avanzada para un riego uniforme y sostenible.<\/p>\n<\/li>\n<li data-start=\"5051\" data-end=\"5161\">\n<p data-start=\"5053\" data-end=\"5161\">Instalaci\u00f3n flexible: distintas alturas y arcos configurables ideal para c\u00e9sped, campos y zonas verdes.<\/p>\n<\/li>\n<li data-start=\"5162\" data-end=\"5246\">\n<p data-start=\"5164\" data-end=\"5246\">Durabilidad asegurada: componentes de calidad y soporte de 5 a\u00f1os de garant\u00eda.<\/p>\n<\/li>\n<\/ul>\n","protected":false},"excerpt":{"rendered":"<p>Aspersor de turbina de alto rendimiento para aplicaciones en riego residencial y comercial de zonas verdes. Disponible en varios modelos para adaptarse a todas las necesidades de riego, con distintas alturas de emergencia (10, 15 y 30 cm) y opciones de configuraci\u00f3n. Ajuste del sector de riego desde la parte superior del aspersor. S\u00f3lo se necesita un destornillador de punta plana. Caracol de ajuste del chorro, que permite reducir el alcance en un 25% sin necesidad de cambiar de tobera. Aumento en el rango del alcance con menos caudal por tobera. Extracci\u00f3n sencilla de la tobera que facilita el mantenimiento del aspersor.<\/p>\n","protected":false},"featured_media":11649,"comment_status":"closed","ping_status":"closed","template":"","meta":[],"product_brand":[],"product_cat":[182],"product_tag":[],"class_list":{"0":"post-6134","1":"product","2":"type-product","3":"status-publish","4":"has-post-thumbnail","6":"product_cat-aspersores-y-difusores","8":"first","9":"instock","10":"taxable","11":"shipping-taxable","12":"purchasable","13":"product-type-simple"},"yoast_head":"<!-- This site is optimized with the Yoast SEO plugin v27.4 - https:\/\/yoast.com\/product\/yoast-seo-wordpress\/ -->\n<title>Aspersor Rain Bird 5000 PC Sectorial | SAIGA<\/title>\n<meta name=\"description\" content=\"Descobreix l\u2019aspersor de turbina Rain Bird 5000 PC Sectorial: m\u00e0xima fiabilitat i cobertura uniforme per a reg residencial i comercial.\" \/>\n<meta name=\"robots\" content=\"index, follow, max-snippet:-1, max-image-preview:large, max-video-preview:-1\" \/>\n<link rel=\"canonical\" href=\"https:\/\/saiga.es\/es\/producto\/aspersor-rain-bird-5000-pc-sectorial\/\" \/>\n<meta property=\"og:locale\" content=\"es_ES\" \/>\n<meta property=\"og:type\" content=\"article\" \/>\n<meta property=\"og:title\" content=\"Aspersor Rain Bird 5000 PC Sectorial | SAIGA\" \/>\n<meta property=\"og:description\" content=\"Descobreix l\u2019aspersor de turbina Rain Bird 5000 PC Sectorial: m\u00e0xima fiabilitat i cobertura uniforme per a reg residencial i comercial.\" \/>\n<meta property=\"og:url\" content=\"https:\/\/saiga.es\/es\/producto\/aspersor-rain-bird-5000-pc-sectorial\/\" \/>\n<meta property=\"og:site_name\" content=\"SAIGA\" \/>\n<meta property=\"article:modified_time\" content=\"2025-08-27T13:28:30+00:00\" \/>\n<meta property=\"og:image\" content=\"https:\/\/saiga.es\/wp-content\/uploads\/2023\/11\/Aspersor-Rain-Bird-serie-5000-1.jpg\" \/>\n\t<meta property=\"og:image:width\" content=\"1080\" \/>\n\t<meta property=\"og:image:height\" content=\"1080\" \/>\n\t<meta property=\"og:image:type\" content=\"image\/jpeg\" \/>\n<meta name=\"twitter:card\" content=\"summary_large_image\" \/>\n<meta name=\"twitter:site\" content=\"@saiga_agro\" \/>\n<meta name=\"twitter:label1\" content=\"Tiempo de lectura\" \/>\n\t<meta name=\"twitter:data1\" content=\"1 minuto\" \/>\n<script type=\"application\/ld+json\" class=\"yoast-schema-graph\">{\"@context\":\"https:\\\/\\\/schema.org\",\"@graph\":[{\"@type\":\"WebPage\",\"@id\":\"https:\\\/\\\/saiga.es\\\/es\\\/producto\\\/aspersor-rain-bird-5000-pc-sectorial\\\/\",\"url\":\"https:\\\/\\\/saiga.es\\\/es\\\/producto\\\/aspersor-rain-bird-5000-pc-sectorial\\\/\",\"name\":\"Aspersor Rain Bird 5000 PC Sectorial | SAIGA\",\"isPartOf\":{\"@id\":\"https:\\\/\\\/saiga.es\\\/es\\\/#website\"},\"primaryImageOfPage\":{\"@id\":\"https:\\\/\\\/saiga.es\\\/es\\\/producto\\\/aspersor-rain-bird-5000-pc-sectorial\\\/#primaryimage\"},\"image\":{\"@id\":\"https:\\\/\\\/saiga.es\\\/es\\\/producto\\\/aspersor-rain-bird-5000-pc-sectorial\\\/#primaryimage\"},\"thumbnailUrl\":\"https:\\\/\\\/saiga.es\\\/wp-content\\\/uploads\\\/2023\\\/11\\\/Aspersor-Rain-Bird-serie-5000-1.jpg\",\"datePublished\":\"2023-11-02T09:49:50+00:00\",\"dateModified\":\"2025-08-27T13:28:30+00:00\",\"description\":\"Descobreix l\u2019aspersor de turbina Rain Bird 5000 PC Sectorial: m\u00e0xima fiabilitat i cobertura uniforme per a reg residencial i comercial.\",\"breadcrumb\":{\"@id\":\"https:\\\/\\\/saiga.es\\\/es\\\/producto\\\/aspersor-rain-bird-5000-pc-sectorial\\\/#breadcrumb\"},\"inLanguage\":\"es\",\"potentialAction\":[{\"@type\":\"ReadAction\",\"target\":[\"https:\\\/\\\/saiga.es\\\/es\\\/producto\\\/aspersor-rain-bird-5000-pc-sectorial\\\/\"]}]},{\"@type\":\"ImageObject\",\"inLanguage\":\"es\",\"@id\":\"https:\\\/\\\/saiga.es\\\/es\\\/producto\\\/aspersor-rain-bird-5000-pc-sectorial\\\/#primaryimage\",\"url\":\"https:\\\/\\\/saiga.es\\\/wp-content\\\/uploads\\\/2023\\\/11\\\/Aspersor-Rain-Bird-serie-5000-1.jpg\",\"contentUrl\":\"https:\\\/\\\/saiga.es\\\/wp-content\\\/uploads\\\/2023\\\/11\\\/Aspersor-Rain-Bird-serie-5000-1.jpg\",\"width\":1080,\"height\":1080,\"caption\":\"Aspersor Rain Bird Serie 5000\"},{\"@type\":\"BreadcrumbList\",\"@id\":\"https:\\\/\\\/saiga.es\\\/es\\\/producto\\\/aspersor-rain-bird-5000-pc-sectorial\\\/#breadcrumb\",\"itemListElement\":[{\"@type\":\"ListItem\",\"position\":1,\"name\":\"Inici\",\"item\":\"https:\\\/\\\/saiga.es\\\/es\\\/\"},{\"@type\":\"ListItem\",\"position\":2,\"name\":\"Tienda\",\"item\":\"https:\\\/\\\/saiga.es\\\/es\\\/tienda\\\/\"},{\"@type\":\"ListItem\",\"position\":3,\"name\":\"Aspersor Rain Bird 5000 PC Sectorial\"}]},{\"@type\":\"WebSite\",\"@id\":\"https:\\\/\\\/saiga.es\\\/es\\\/#website\",\"url\":\"https:\\\/\\\/saiga.es\\\/es\\\/\",\"name\":\"SAIGA\",\"description\":\"M\u00e9s de 50 anys al servei de la terra i treballant per a un \u00fas eficient de l\u2019aigua!\",\"publisher\":{\"@id\":\"https:\\\/\\\/saiga.es\\\/es\\\/#organization\"},\"potentialAction\":[{\"@type\":\"SearchAction\",\"target\":{\"@type\":\"EntryPoint\",\"urlTemplate\":\"https:\\\/\\\/saiga.es\\\/es\\\/?s={search_term_string}\"},\"query-input\":{\"@type\":\"PropertyValueSpecification\",\"valueRequired\":true,\"valueName\":\"search_term_string\"}}],\"inLanguage\":\"es\"},{\"@type\":\"Organization\",\"@id\":\"https:\\\/\\\/saiga.es\\\/es\\\/#organization\",\"name\":\"SAIGA\",\"url\":\"https:\\\/\\\/saiga.es\\\/es\\\/\",\"logo\":{\"@type\":\"ImageObject\",\"inLanguage\":\"es\",\"@id\":\"https:\\\/\\\/saiga.es\\\/es\\\/#\\\/schema\\\/logo\\\/image\\\/\",\"url\":\"https:\\\/\\\/saiga.es\\\/wp-content\\\/uploads\\\/2025\\\/07\\\/logo_saiga_baseline_optimitzat.svg\",\"contentUrl\":\"https:\\\/\\\/saiga.es\\\/wp-content\\\/uploads\\\/2025\\\/07\\\/logo_saiga_baseline_optimitzat.svg\",\"caption\":\"SAIGA\"},\"image\":{\"@id\":\"https:\\\/\\\/saiga.es\\\/es\\\/#\\\/schema\\\/logo\\\/image\\\/\"},\"sameAs\":[\"https:\\\/\\\/x.com\\\/saiga_agro\",\"https:\\\/\\\/www.instagram.com\\\/saiga_agro\\\/\"]}]}<\/script>\n<!-- \/ Yoast SEO plugin. -->","yoast_head_json":{"title":"Aspersor Rain Bird 5000 PC Sectorial | SAIGA","description":"Descobreix l\u2019aspersor de turbina Rain Bird 5000 PC Sectorial: m\u00e0xima fiabilitat i cobertura uniforme per a reg residencial i comercial.","robots":{"index":"index","follow":"follow","max-snippet":"max-snippet:-1","max-image-preview":"max-image-preview:large","max-video-preview":"max-video-preview:-1"},"canonical":"https:\/\/saiga.es\/es\/producto\/aspersor-rain-bird-5000-pc-sectorial\/","og_locale":"es_ES","og_type":"article","og_title":"Aspersor Rain Bird 5000 PC Sectorial | SAIGA","og_description":"Descobreix l\u2019aspersor de turbina Rain Bird 5000 PC Sectorial: m\u00e0xima fiabilitat i cobertura uniforme per a reg residencial i comercial.","og_url":"https:\/\/saiga.es\/es\/producto\/aspersor-rain-bird-5000-pc-sectorial\/","og_site_name":"SAIGA","article_modified_time":"2025-08-27T13:28:30+00:00","og_image":[{"width":1080,"height":1080,"url":"https:\/\/saiga.es\/wp-content\/uploads\/2023\/11\/Aspersor-Rain-Bird-serie-5000-1.jpg","type":"image\/jpeg"}],"twitter_card":"summary_large_image","twitter_site":"@saiga_agro","twitter_misc":{"Tiempo de lectura":"1 minuto"},"schema":{"@context":"https:\/\/schema.org","@graph":[{"@type":"WebPage","@id":"https:\/\/saiga.es\/es\/producto\/aspersor-rain-bird-5000-pc-sectorial\/","url":"https:\/\/saiga.es\/es\/producto\/aspersor-rain-bird-5000-pc-sectorial\/","name":"Aspersor Rain Bird 5000 PC Sectorial | SAIGA","isPartOf":{"@id":"https:\/\/saiga.es\/es\/#website"},"primaryImageOfPage":{"@id":"https:\/\/saiga.es\/es\/producto\/aspersor-rain-bird-5000-pc-sectorial\/#primaryimage"},"image":{"@id":"https:\/\/saiga.es\/es\/producto\/aspersor-rain-bird-5000-pc-sectorial\/#primaryimage"},"thumbnailUrl":"https:\/\/saiga.es\/wp-content\/uploads\/2023\/11\/Aspersor-Rain-Bird-serie-5000-1.jpg","datePublished":"2023-11-02T09:49:50+00:00","dateModified":"2025-08-27T13:28:30+00:00","description":"Descobreix l\u2019aspersor de turbina Rain Bird 5000 PC Sectorial: m\u00e0xima fiabilitat i cobertura uniforme per a reg residencial i comercial.","breadcrumb":{"@id":"https:\/\/saiga.es\/es\/producto\/aspersor-rain-bird-5000-pc-sectorial\/#breadcrumb"},"inLanguage":"es","potentialAction":[{"@type":"ReadAction","target":["https:\/\/saiga.es\/es\/producto\/aspersor-rain-bird-5000-pc-sectorial\/"]}]},{"@type":"ImageObject","inLanguage":"es","@id":"https:\/\/saiga.es\/es\/producto\/aspersor-rain-bird-5000-pc-sectorial\/#primaryimage","url":"https:\/\/saiga.es\/wp-content\/uploads\/2023\/11\/Aspersor-Rain-Bird-serie-5000-1.jpg","contentUrl":"https:\/\/saiga.es\/wp-content\/uploads\/2023\/11\/Aspersor-Rain-Bird-serie-5000-1.jpg","width":1080,"height":1080,"caption":"Aspersor Rain Bird Serie 5000"},{"@type":"BreadcrumbList","@id":"https:\/\/saiga.es\/es\/producto\/aspersor-rain-bird-5000-pc-sectorial\/#breadcrumb","itemListElement":[{"@type":"ListItem","position":1,"name":"Inici","item":"https:\/\/saiga.es\/es\/"},{"@type":"ListItem","position":2,"name":"Tienda","item":"https:\/\/saiga.es\/es\/tienda\/"},{"@type":"ListItem","position":3,"name":"Aspersor Rain Bird 5000 PC Sectorial"}]},{"@type":"WebSite","@id":"https:\/\/saiga.es\/es\/#website","url":"https:\/\/saiga.es\/es\/","name":"SAIGA","description":"M\u00e9s de 50 anys al servei de la terra i treballant per a un \u00fas eficient de l\u2019aigua!","publisher":{"@id":"https:\/\/saiga.es\/es\/#organization"},"potentialAction":[{"@type":"SearchAction","target":{"@type":"EntryPoint","urlTemplate":"https:\/\/saiga.es\/es\/?s={search_term_string}"},"query-input":{"@type":"PropertyValueSpecification","valueRequired":true,"valueName":"search_term_string"}}],"inLanguage":"es"},{"@type":"Organization","@id":"https:\/\/saiga.es\/es\/#organization","name":"SAIGA","url":"https:\/\/saiga.es\/es\/","logo":{"@type":"ImageObject","inLanguage":"es","@id":"https:\/\/saiga.es\/es\/#\/schema\/logo\/image\/","url":"https:\/\/saiga.es\/wp-content\/uploads\/2025\/07\/logo_saiga_baseline_optimitzat.svg","contentUrl":"https:\/\/saiga.es\/wp-content\/uploads\/2025\/07\/logo_saiga_baseline_optimitzat.svg","caption":"SAIGA"},"image":{"@id":"https:\/\/saiga.es\/es\/#\/schema\/logo\/image\/"},"sameAs":["https:\/\/x.com\/saiga_agro","https:\/\/www.instagram.com\/saiga_agro\/"]}]}},"_links":{"self":[{"href":"https:\/\/saiga.es\/es\/wp-json\/wp\/v2\/product\/6134","targetHints":{"allow":["GET"]}}],"collection":[{"href":"https:\/\/saiga.es\/es\/wp-json\/wp\/v2\/product"}],"about":[{"href":"https:\/\/saiga.es\/es\/wp-json\/wp\/v2\/types\/product"}],"replies":[{"embeddable":true,"href":"https:\/\/saiga.es\/es\/wp-json\/wp\/v2\/comments?post=6134"}],"wp:featuredmedia":[{"embeddable":true,"href":"https:\/\/saiga.es\/es\/wp-json\/wp\/v2\/media\/11649"}],"wp:attachment":[{"href":"https:\/\/saiga.es\/es\/wp-json\/wp\/v2\/media?parent=6134"}],"wp:term":[{"taxonomy":"product_brand","embeddable":true,"href":"https:\/\/saiga.es\/es\/wp-json\/wp\/v2\/product_brand?post=6134"},{"taxonomy":"product_cat","embeddable":true,"href":"https:\/\/saiga.es\/es\/wp-json\/wp\/v2\/product_cat?post=6134"},{"taxonomy":"product_tag","embeddable":true,"href":"https:\/\/saiga.es\/es\/wp-json\/wp\/v2\/product_tag?post=6134"}],"curies":[{"name":"wp","href":"https:\/\/api.w.org\/{rel}","templated":true}]}}