{"id":6140,"date":"2023-08-25T08:03:55","date_gmt":"2023-08-25T08:03:55","guid":{"rendered":"https:\/\/botiga.saiga.es\/producte\/fosetil-al-80-wp-500-gr\/"},"modified":"2026-03-18T12:50:20","modified_gmt":"2026-03-18T12:50:20","slug":"fosetil-al-80-wp-500-gr","status":"publish","type":"product","link":"https:\/\/saiga.es\/es\/producto\/fosetil-al-80-wp-500-gr\/","title":{"rendered":"Leicitor Fosetil-Al fungicida sist\u00e9mico contra mildiu | Protecci\u00f3n frutales, vid y huerto"},"content":{"rendered":"<p data-start=\"350\" data-end=\"505\">El Leicitor Fosetil-Al fungicida sist\u00e9mico para prevenir y luchar contra el mildiu en frutales, vid, huerto y plantas ornamentales. Act\u00faa desde el interior de la planta, protegi\u00e9ndola de forma prolongada y reforzando sus defensas naturales. Es ideal tanto para uso profesional como dom\u00e9stico, especialmente en \u00e9pocas de elevado riesgo de humedad.  <\/p>\n<p data-start=\"720\" data-end=\"806\">Si tienes problemas de hongos, \u00e9ste es uno de los tratamientos m\u00e1s fiables y utilizados.<\/p>\n<p data-start=\"720\" data-end=\"806\">Beneficios:<\/p>\n<ul>\n<li data-section-id=\"1th87f\" data-start=\"849\" data-end=\"893\">\n<p data-start=\"851\" data-end=\"893\">Acci\u00f3n sist\u00e9mica (protege toda la planta)<\/p>\n<\/li>\n<li data-section-id=\"1iy5b8q\" data-start=\"894\" data-end=\"926\">\n<p data-start=\"896\" data-end=\"926\">Alta eficacia contra el mildiu<\/p>\n<\/li>\n<li data-section-id=\"s4yhpd\" data-start=\"927\" data-end=\"951\">\n<p data-start=\"929\" data-end=\"951\">Prevenci\u00f3n y tratamiento<\/p>\n<\/li>\n<li data-section-id=\"zuvfk5\" data-start=\"952\" data-end=\"985\">\n<p data-start=\"954\" data-end=\"985\">Resultats visibles en pocs dies<\/p>\n<\/li>\n<li data-section-id=\"102sby7\" data-start=\"986\" data-end=\"1020\">\n<p data-start=\"988\" data-end=\"1020\">Ideal para frutales, vid y huerto<\/p>\n<\/li>\n<\/ul>\n<p data-start=\"1104\" data-end=\"1123\"><strong data-start=\"1104\" data-end=\"1123\">Cu\u00e1ndo aplicarlo<\/strong><\/p>\n<ul data-start=\"1124\" data-end=\"1198\">\n<li data-section-id=\"a0k0r8\" data-start=\"1124\" data-end=\"1161\">\n<p data-start=\"1126\" data-end=\"1161\">Cada 10\u201315 d\u00edas en per\u00edodos de riesgo<\/p>\n<\/li>\n<li data-section-id=\"1k2unr9\" data-start=\"1162\" data-end=\"1198\">\n<p data-start=\"1164\" data-end=\"1198\">Especialmente en primavera y oto\u00f1o<\/p>\n<\/li>\n<\/ul>\n<p data-start=\"1200\" data-end=\"1225\"><strong data-start=\"1200\" data-end=\"1225\">Duraci\u00f3n del tratamiento<\/strong><\/p>\n<ul data-start=\"1226\" data-end=\"1262\">\n<li data-section-id=\"514yo9\" data-start=\"1226\" data-end=\"1262\">\n<p data-start=\"1228\" data-end=\"1262\">Protecci\u00f3n aproximada de 10-14 d\u00edas<\/p>\n<\/li>\n<\/ul>\n<p><strong>Aplicaciones<\/strong><\/p>\n<ul>\n<li data-section-id=\"1jmgba9\" data-start=\"1343\" data-end=\"1386\">\n<p data-start=\"1345\" data-end=\"1386\">Frutales (c\u00edtricos, manzanos, melocotoneros\u2026)<\/p>\n<\/li>\n<li data-section-id=\"17c1mu9\" data-start=\"1387\" data-end=\"1394\">\n<p data-start=\"1389\" data-end=\"1394\">Vi\u00f1a<\/p>\n<\/li>\n<li data-section-id=\"16oitfs\" data-start=\"1395\" data-end=\"1402\">\n<p data-start=\"1397\" data-end=\"1402\">Huerta<\/p>\n<\/li>\n<li data-section-id=\"ndgxaf\" data-start=\"1403\" data-end=\"1424\">\n<p data-start=\"1405\" data-end=\"1424\">Plantas ornamentales<\/p>\n<\/li>\n<\/ul>\n<p><strong>FAQ<\/strong><\/p>\n<p data-start=\"1468\" data-end=\"1554\"><strong data-start=\"1468\" data-end=\"1493\">\u00bfQu\u00e9 es el Fosetil-Al?<\/strong><br data-start=\"1493\" data-end=\"1496\">Es un fungicida sist\u00e9mico utilizado para combatir el mildiu.<\/p>\n<p data-start=\"1556\" data-end=\"1638\"><strong data-start=\"1556\" data-end=\"1586\">\u00bfCada cu\u00e1nto se debe aplicar?<\/strong><br data-start=\"1586\" data-end=\"1589\">Cada 10-15 d\u00edas en condiciones favorables al hongo.<\/p>\n<p data-start=\"1640\" data-end=\"1728\"><strong data-start=\"1640\" data-end=\"1665\">\u00bfSirve para frutales?<\/strong><br data-start=\"1665\" data-end=\"1668\">S\u00ed, es especialmente recomendado por c\u00edtricos y otros frutales.<\/p>\n<p data-start=\"1730\" data-end=\"1821\"><strong data-start=\"1730\" data-end=\"1771\">\u00bfSe puede utilizar de forma preventiva?<\/strong><br data-start=\"1771\" data-end=\"1774\">S\u00ed, es muy efectivo como tratamiento preventivo.<\/p>\n","protected":false},"excerpt":{"rendered":"<p>El Leicitor Fosetil-Al fungicida sist\u00e9mico por mildiu dise\u00f1ado contra el mildiu en frutales, vid, huerto y plantas ornamentales.<\/p>\n","protected":false},"featured_media":9834,"comment_status":"closed","ping_status":"closed","template":"","meta":[],"product_brand":[],"product_cat":[184],"product_tag":[574,1460,779,571,1387],"class_list":{"0":"post-6140","1":"product","2":"type-product","3":"status-publish","4":"has-post-thumbnail","6":"product_cat-fungicidas","7":"product_tag-jed-es","8":"product_tag-fosetil-es","9":"product_tag-fungicida-es","10":"product_tag-jardineria-domestica","11":"product_tag-sipcam-es","13":"first","14":"instock","15":"taxable","16":"shipping-taxable","17":"purchasable","18":"product-type-variable"},"yoast_head":"<!-- This site is optimized with the Yoast SEO plugin v27.4 - https:\/\/yoast.com\/product\/yoast-seo-wordpress\/ -->\n<title>Leicitor Fosetil-Al fungicida contra mildiu<\/title>\n<meta name=\"description\" content=\"Compra Leicitor Fosetil-Al fungicida sist\u00e9mico contra mildiu en frutales, vid y huerto. Protecci\u00f3n eficaz y env\u00edo r\u00e1pido.\" \/>\n<meta name=\"robots\" content=\"index, follow, max-snippet:-1, max-image-preview:large, max-video-preview:-1\" \/>\n<link rel=\"canonical\" href=\"https:\/\/saiga.es\/es\/producto\/fosetil-al-80-wp-500-gr\/\" \/>\n<meta property=\"og:locale\" content=\"es_ES\" \/>\n<meta property=\"og:type\" content=\"article\" \/>\n<meta property=\"og:title\" content=\"Leicitor Fosetil-Al fungicida contra mildiu\" \/>\n<meta property=\"og:description\" content=\"Compra Leicitor Fosetil-Al fungicida sist\u00e9mico contra mildiu en frutales, vid y huerto. Protecci\u00f3n eficaz y env\u00edo r\u00e1pido.\" \/>\n<meta property=\"og:url\" content=\"https:\/\/saiga.es\/es\/producto\/fosetil-al-80-wp-500-gr\/\" \/>\n<meta property=\"og:site_name\" content=\"SAIGA\" \/>\n<meta property=\"article:modified_time\" content=\"2026-03-18T12:50:20+00:00\" \/>\n<meta property=\"og:image\" content=\"https:\/\/saiga.es\/wp-content\/uploads\/2023\/08\/Lecitor-Fosetil.jpg\" \/>\n\t<meta property=\"og:image:width\" content=\"800\" \/>\n\t<meta property=\"og:image:height\" content=\"800\" \/>\n\t<meta property=\"og:image:type\" content=\"image\/jpeg\" \/>\n<meta name=\"twitter:card\" content=\"summary_large_image\" \/>\n<meta name=\"twitter:site\" content=\"@saiga_agro\" \/>\n<meta name=\"twitter:label1\" content=\"Tiempo de lectura\" \/>\n\t<meta name=\"twitter:data1\" content=\"1 minuto\" \/>\n<script type=\"application\/ld+json\" class=\"yoast-schema-graph\">{\"@context\":\"https:\\\/\\\/schema.org\",\"@graph\":[{\"@type\":\"WebPage\",\"@id\":\"https:\\\/\\\/saiga.es\\\/es\\\/producto\\\/fosetil-al-80-wp-500-gr\\\/\",\"url\":\"https:\\\/\\\/saiga.es\\\/es\\\/producto\\\/fosetil-al-80-wp-500-gr\\\/\",\"name\":\"Leicitor Fosetil-Al fungicida contra mildiu\",\"isPartOf\":{\"@id\":\"https:\\\/\\\/saiga.es\\\/es\\\/#website\"},\"primaryImageOfPage\":{\"@id\":\"https:\\\/\\\/saiga.es\\\/es\\\/producto\\\/fosetil-al-80-wp-500-gr\\\/#primaryimage\"},\"image\":{\"@id\":\"https:\\\/\\\/saiga.es\\\/es\\\/producto\\\/fosetil-al-80-wp-500-gr\\\/#primaryimage\"},\"thumbnailUrl\":\"https:\\\/\\\/saiga.es\\\/wp-content\\\/uploads\\\/2023\\\/08\\\/Lecitor-Fosetil.jpg\",\"datePublished\":\"2023-08-25T08:03:55+00:00\",\"dateModified\":\"2026-03-18T12:50:20+00:00\",\"description\":\"Compra Leicitor Fosetil-Al fungicida sist\u00e9mico contra mildiu en frutales, vid y huerto. Protecci\u00f3n eficaz y env\u00edo r\u00e1pido.\",\"breadcrumb\":{\"@id\":\"https:\\\/\\\/saiga.es\\\/es\\\/producto\\\/fosetil-al-80-wp-500-gr\\\/#breadcrumb\"},\"inLanguage\":\"es\",\"potentialAction\":[{\"@type\":\"ReadAction\",\"target\":[\"https:\\\/\\\/saiga.es\\\/es\\\/producto\\\/fosetil-al-80-wp-500-gr\\\/\"]}]},{\"@type\":\"ImageObject\",\"inLanguage\":\"es\",\"@id\":\"https:\\\/\\\/saiga.es\\\/es\\\/producto\\\/fosetil-al-80-wp-500-gr\\\/#primaryimage\",\"url\":\"https:\\\/\\\/saiga.es\\\/wp-content\\\/uploads\\\/2023\\\/08\\\/Lecitor-Fosetil.jpg\",\"contentUrl\":\"https:\\\/\\\/saiga.es\\\/wp-content\\\/uploads\\\/2023\\\/08\\\/Lecitor-Fosetil.jpg\",\"width\":800,\"height\":800,\"caption\":\"Fosetil-Al fungicida contra mildiu | Compra online\"},{\"@type\":\"BreadcrumbList\",\"@id\":\"https:\\\/\\\/saiga.es\\\/es\\\/producto\\\/fosetil-al-80-wp-500-gr\\\/#breadcrumb\",\"itemListElement\":[{\"@type\":\"ListItem\",\"position\":1,\"name\":\"Inici\",\"item\":\"https:\\\/\\\/saiga.es\\\/es\\\/\"},{\"@type\":\"ListItem\",\"position\":2,\"name\":\"Tienda\",\"item\":\"https:\\\/\\\/saiga.es\\\/es\\\/tienda\\\/\"},{\"@type\":\"ListItem\",\"position\":3,\"name\":\"Leicitor Fosetil-Al fungicida sist\u00e9mico contra mildiu | Protecci\u00f3n frutales, vid y huerto\"}]},{\"@type\":\"WebSite\",\"@id\":\"https:\\\/\\\/saiga.es\\\/es\\\/#website\",\"url\":\"https:\\\/\\\/saiga.es\\\/es\\\/\",\"name\":\"SAIGA\",\"description\":\"M\u00e9s de 50 anys al servei de la terra i treballant per a un \u00fas eficient de l\u2019aigua!\",\"publisher\":{\"@id\":\"https:\\\/\\\/saiga.es\\\/es\\\/#organization\"},\"potentialAction\":[{\"@type\":\"SearchAction\",\"target\":{\"@type\":\"EntryPoint\",\"urlTemplate\":\"https:\\\/\\\/saiga.es\\\/es\\\/?s={search_term_string}\"},\"query-input\":{\"@type\":\"PropertyValueSpecification\",\"valueRequired\":true,\"valueName\":\"search_term_string\"}}],\"inLanguage\":\"es\"},{\"@type\":\"Organization\",\"@id\":\"https:\\\/\\\/saiga.es\\\/es\\\/#organization\",\"name\":\"SAIGA\",\"url\":\"https:\\\/\\\/saiga.es\\\/es\\\/\",\"logo\":{\"@type\":\"ImageObject\",\"inLanguage\":\"es\",\"@id\":\"https:\\\/\\\/saiga.es\\\/es\\\/#\\\/schema\\\/logo\\\/image\\\/\",\"url\":\"https:\\\/\\\/saiga.es\\\/wp-content\\\/uploads\\\/2025\\\/07\\\/logo_saiga_baseline_optimitzat.svg\",\"contentUrl\":\"https:\\\/\\\/saiga.es\\\/wp-content\\\/uploads\\\/2025\\\/07\\\/logo_saiga_baseline_optimitzat.svg\",\"caption\":\"SAIGA\"},\"image\":{\"@id\":\"https:\\\/\\\/saiga.es\\\/es\\\/#\\\/schema\\\/logo\\\/image\\\/\"},\"sameAs\":[\"https:\\\/\\\/x.com\\\/saiga_agro\",\"https:\\\/\\\/www.instagram.com\\\/saiga_agro\\\/\"]}]}<\/script>\n<!-- \/ Yoast SEO plugin. -->","yoast_head_json":{"title":"Leicitor Fosetil-Al fungicida contra mildiu","description":"Compra Leicitor Fosetil-Al fungicida sist\u00e9mico contra mildiu en frutales, vid y huerto. Protecci\u00f3n eficaz y env\u00edo r\u00e1pido.","robots":{"index":"index","follow":"follow","max-snippet":"max-snippet:-1","max-image-preview":"max-image-preview:large","max-video-preview":"max-video-preview:-1"},"canonical":"https:\/\/saiga.es\/es\/producto\/fosetil-al-80-wp-500-gr\/","og_locale":"es_ES","og_type":"article","og_title":"Leicitor Fosetil-Al fungicida contra mildiu","og_description":"Compra Leicitor Fosetil-Al fungicida sist\u00e9mico contra mildiu en frutales, vid y huerto. Protecci\u00f3n eficaz y env\u00edo r\u00e1pido.","og_url":"https:\/\/saiga.es\/es\/producto\/fosetil-al-80-wp-500-gr\/","og_site_name":"SAIGA","article_modified_time":"2026-03-18T12:50:20+00:00","og_image":[{"width":800,"height":800,"url":"https:\/\/saiga.es\/wp-content\/uploads\/2023\/08\/Lecitor-Fosetil.jpg","type":"image\/jpeg"}],"twitter_card":"summary_large_image","twitter_site":"@saiga_agro","twitter_misc":{"Tiempo de lectura":"1 minuto"},"schema":{"@context":"https:\/\/schema.org","@graph":[{"@type":"WebPage","@id":"https:\/\/saiga.es\/es\/producto\/fosetil-al-80-wp-500-gr\/","url":"https:\/\/saiga.es\/es\/producto\/fosetil-al-80-wp-500-gr\/","name":"Leicitor Fosetil-Al fungicida contra mildiu","isPartOf":{"@id":"https:\/\/saiga.es\/es\/#website"},"primaryImageOfPage":{"@id":"https:\/\/saiga.es\/es\/producto\/fosetil-al-80-wp-500-gr\/#primaryimage"},"image":{"@id":"https:\/\/saiga.es\/es\/producto\/fosetil-al-80-wp-500-gr\/#primaryimage"},"thumbnailUrl":"https:\/\/saiga.es\/wp-content\/uploads\/2023\/08\/Lecitor-Fosetil.jpg","datePublished":"2023-08-25T08:03:55+00:00","dateModified":"2026-03-18T12:50:20+00:00","description":"Compra Leicitor Fosetil-Al fungicida sist\u00e9mico contra mildiu en frutales, vid y huerto. Protecci\u00f3n eficaz y env\u00edo r\u00e1pido.","breadcrumb":{"@id":"https:\/\/saiga.es\/es\/producto\/fosetil-al-80-wp-500-gr\/#breadcrumb"},"inLanguage":"es","potentialAction":[{"@type":"ReadAction","target":["https:\/\/saiga.es\/es\/producto\/fosetil-al-80-wp-500-gr\/"]}]},{"@type":"ImageObject","inLanguage":"es","@id":"https:\/\/saiga.es\/es\/producto\/fosetil-al-80-wp-500-gr\/#primaryimage","url":"https:\/\/saiga.es\/wp-content\/uploads\/2023\/08\/Lecitor-Fosetil.jpg","contentUrl":"https:\/\/saiga.es\/wp-content\/uploads\/2023\/08\/Lecitor-Fosetil.jpg","width":800,"height":800,"caption":"Fosetil-Al fungicida contra mildiu | Compra online"},{"@type":"BreadcrumbList","@id":"https:\/\/saiga.es\/es\/producto\/fosetil-al-80-wp-500-gr\/#breadcrumb","itemListElement":[{"@type":"ListItem","position":1,"name":"Inici","item":"https:\/\/saiga.es\/es\/"},{"@type":"ListItem","position":2,"name":"Tienda","item":"https:\/\/saiga.es\/es\/tienda\/"},{"@type":"ListItem","position":3,"name":"Leicitor Fosetil-Al fungicida sist\u00e9mico contra mildiu | Protecci\u00f3n frutales, vid y huerto"}]},{"@type":"WebSite","@id":"https:\/\/saiga.es\/es\/#website","url":"https:\/\/saiga.es\/es\/","name":"SAIGA","description":"M\u00e9s de 50 anys al servei de la terra i treballant per a un \u00fas eficient de l\u2019aigua!","publisher":{"@id":"https:\/\/saiga.es\/es\/#organization"},"potentialAction":[{"@type":"SearchAction","target":{"@type":"EntryPoint","urlTemplate":"https:\/\/saiga.es\/es\/?s={search_term_string}"},"query-input":{"@type":"PropertyValueSpecification","valueRequired":true,"valueName":"search_term_string"}}],"inLanguage":"es"},{"@type":"Organization","@id":"https:\/\/saiga.es\/es\/#organization","name":"SAIGA","url":"https:\/\/saiga.es\/es\/","logo":{"@type":"ImageObject","inLanguage":"es","@id":"https:\/\/saiga.es\/es\/#\/schema\/logo\/image\/","url":"https:\/\/saiga.es\/wp-content\/uploads\/2025\/07\/logo_saiga_baseline_optimitzat.svg","contentUrl":"https:\/\/saiga.es\/wp-content\/uploads\/2025\/07\/logo_saiga_baseline_optimitzat.svg","caption":"SAIGA"},"image":{"@id":"https:\/\/saiga.es\/es\/#\/schema\/logo\/image\/"},"sameAs":["https:\/\/x.com\/saiga_agro","https:\/\/www.instagram.com\/saiga_agro\/"]}]}},"_links":{"self":[{"href":"https:\/\/saiga.es\/es\/wp-json\/wp\/v2\/product\/6140","targetHints":{"allow":["GET"]}}],"collection":[{"href":"https:\/\/saiga.es\/es\/wp-json\/wp\/v2\/product"}],"about":[{"href":"https:\/\/saiga.es\/es\/wp-json\/wp\/v2\/types\/product"}],"replies":[{"embeddable":true,"href":"https:\/\/saiga.es\/es\/wp-json\/wp\/v2\/comments?post=6140"}],"wp:featuredmedia":[{"embeddable":true,"href":"https:\/\/saiga.es\/es\/wp-json\/wp\/v2\/media\/9834"}],"wp:attachment":[{"href":"https:\/\/saiga.es\/es\/wp-json\/wp\/v2\/media?parent=6140"}],"wp:term":[{"taxonomy":"product_brand","embeddable":true,"href":"https:\/\/saiga.es\/es\/wp-json\/wp\/v2\/product_brand?post=6140"},{"taxonomy":"product_cat","embeddable":true,"href":"https:\/\/saiga.es\/es\/wp-json\/wp\/v2\/product_cat?post=6140"},{"taxonomy":"product_tag","embeddable":true,"href":"https:\/\/saiga.es\/es\/wp-json\/wp\/v2\/product_tag?post=6140"}],"curies":[{"name":"wp","href":"https:\/\/api.w.org\/{rel}","templated":true}]}}