{"id":6184,"date":"2023-08-25T09:52:46","date_gmt":"2023-08-25T09:52:46","guid":{"rendered":"https:\/\/botiga.saiga.es\/producte\/par-guantes-safetop-cuero-transpirable\/"},"modified":"2023-08-25T09:52:46","modified_gmt":"2023-08-25T09:52:46","slug":"par-guantes-safetop-cuero-transpirable","status":"publish","type":"product","link":"https:\/\/saiga.es\/es\/producto\/par-guantes-safetop-cuero-transpirable\/","title":{"rendered":"Par guantes Safetop (Cuero transpirable)"},"content":{"rendered":"<p>Guante de piel flor vacuno con buen tacto y flexibilidad (m\u00e1xima dexteridad nivel 5).<br \/>\n\u2022Construido todo en una prenda de piel flor vacuno extra resistente.<br \/>\n\u2022El\u00e1stico en el dorso para mayor fijaci\u00f3n, que evita la intrusi\u00f3n de polvo.<br \/>\n\u2022APLICACIONES Agricultura, trabajos en granjas, mantenimiento, paqueter\u00eda, manipulaci\u00f3n en general.<\/p>\n","protected":false},"excerpt":{"rendered":"<p>Guante de piel flor vacuno con buen tacto y flexibilidad (m\u00e1xima dexteridad nivel 5). \u2022Construido todo en una prenda de piel flor vacuno extra resistente. \u2022El\u00e1stico en el dorso para mayor fijaci\u00f3n, que evita la intrusi\u00f3n de polvo. \u2022APLICACIONES Agricultura, trabajos en granjas, mantenimiento, paqueter\u00eda, manipulaci\u00f3n en general.<\/p>\n","protected":false},"featured_media":4580,"comment_status":"open","ping_status":"closed","template":"","meta":[],"product_brand":[],"product_cat":[178,406],"product_tag":[],"class_list":{"0":"post-6184","1":"product","2":"type-product","3":"status-publish","4":"has-post-thumbnail","6":"product_cat-guantes-de-trabajo","7":"product_cat-jardineria-domestica-es","9":"first","10":"instock","11":"taxable","12":"shipping-taxable","13":"purchasable","14":"product-type-simple"},"yoast_head":"<!-- This site is optimized with the Yoast SEO plugin v27.4 - https:\/\/yoast.com\/product\/yoast-seo-wordpress\/ -->\n<title>Par guantes Safetop (Cuero transpirable) | SAIGA<\/title>\n<meta name=\"robots\" content=\"index, follow, max-snippet:-1, max-image-preview:large, max-video-preview:-1\" \/>\n<link rel=\"canonical\" href=\"https:\/\/saiga.es\/es\/producto\/par-guantes-safetop-cuero-transpirable\/\" \/>\n<meta property=\"og:locale\" content=\"es_ES\" \/>\n<meta property=\"og:type\" content=\"article\" \/>\n<meta property=\"og:title\" content=\"Par guantes Safetop (Cuero transpirable) | SAIGA\" \/>\n<meta property=\"og:description\" content=\"Guante de piel flor vacuno con buen tacto y flexibilidad (m\u00e1xima dexteridad nivel 5). \u2022Construido todo en una prenda de piel flor vacuno extra resistente. \u2022El\u00e1stico en el dorso para mayor fijaci\u00f3n, que evita la intrusi\u00f3n de polvo. \u2022APLICACIONES Agricultura, trabajos en granjas, mantenimiento, paqueter\u00eda, manipulaci\u00f3n en general.\" \/>\n<meta property=\"og:url\" content=\"https:\/\/saiga.es\/es\/producto\/par-guantes-safetop-cuero-transpirable\/\" \/>\n<meta property=\"og:site_name\" content=\"SAIGA\" \/>\n<meta property=\"og:image\" content=\"https:\/\/saiga.es\/wp-content\/uploads\/2023\/08\/aba-guante-de-piel-bovino-en-color-blanco-standard.jpg\" \/>\n\t<meta property=\"og:image:width\" content=\"800\" \/>\n\t<meta property=\"og:image:height\" content=\"800\" \/>\n\t<meta property=\"og:image:type\" content=\"image\/jpeg\" \/>\n<meta name=\"twitter:card\" content=\"summary_large_image\" \/>\n<meta name=\"twitter:site\" content=\"@saiga_agro\" \/>\n<script type=\"application\/ld+json\" class=\"yoast-schema-graph\">{\"@context\":\"https:\\\/\\\/schema.org\",\"@graph\":[{\"@type\":\"WebPage\",\"@id\":\"https:\\\/\\\/saiga.es\\\/es\\\/producto\\\/par-guantes-safetop-cuero-transpirable\\\/\",\"url\":\"https:\\\/\\\/saiga.es\\\/es\\\/producto\\\/par-guantes-safetop-cuero-transpirable\\\/\",\"name\":\"Par guantes Safetop (Cuero transpirable) | SAIGA\",\"isPartOf\":{\"@id\":\"https:\\\/\\\/saiga.es\\\/es\\\/#website\"},\"primaryImageOfPage\":{\"@id\":\"https:\\\/\\\/saiga.es\\\/es\\\/producto\\\/par-guantes-safetop-cuero-transpirable\\\/#primaryimage\"},\"image\":{\"@id\":\"https:\\\/\\\/saiga.es\\\/es\\\/producto\\\/par-guantes-safetop-cuero-transpirable\\\/#primaryimage\"},\"thumbnailUrl\":\"https:\\\/\\\/saiga.es\\\/wp-content\\\/uploads\\\/2023\\\/08\\\/aba-guante-de-piel-bovino-en-color-blanco-standard.jpg\",\"datePublished\":\"2023-08-25T09:52:46+00:00\",\"breadcrumb\":{\"@id\":\"https:\\\/\\\/saiga.es\\\/es\\\/producto\\\/par-guantes-safetop-cuero-transpirable\\\/#breadcrumb\"},\"inLanguage\":\"es\",\"potentialAction\":[{\"@type\":\"ReadAction\",\"target\":[\"https:\\\/\\\/saiga.es\\\/es\\\/producto\\\/par-guantes-safetop-cuero-transpirable\\\/\"]}]},{\"@type\":\"ImageObject\",\"inLanguage\":\"es\",\"@id\":\"https:\\\/\\\/saiga.es\\\/es\\\/producto\\\/par-guantes-safetop-cuero-transpirable\\\/#primaryimage\",\"url\":\"https:\\\/\\\/saiga.es\\\/wp-content\\\/uploads\\\/2023\\\/08\\\/aba-guante-de-piel-bovino-en-color-blanco-standard.jpg\",\"contentUrl\":\"https:\\\/\\\/saiga.es\\\/wp-content\\\/uploads\\\/2023\\\/08\\\/aba-guante-de-piel-bovino-en-color-blanco-standard.jpg\",\"width\":800,\"height\":800},{\"@type\":\"BreadcrumbList\",\"@id\":\"https:\\\/\\\/saiga.es\\\/es\\\/producto\\\/par-guantes-safetop-cuero-transpirable\\\/#breadcrumb\",\"itemListElement\":[{\"@type\":\"ListItem\",\"position\":1,\"name\":\"Inici\",\"item\":\"https:\\\/\\\/saiga.es\\\/es\\\/\"},{\"@type\":\"ListItem\",\"position\":2,\"name\":\"Tienda\",\"item\":\"https:\\\/\\\/saiga.es\\\/es\\\/tienda\\\/\"},{\"@type\":\"ListItem\",\"position\":3,\"name\":\"Par guantes Safetop (Cuero transpirable)\"}]},{\"@type\":\"WebSite\",\"@id\":\"https:\\\/\\\/saiga.es\\\/es\\\/#website\",\"url\":\"https:\\\/\\\/saiga.es\\\/es\\\/\",\"name\":\"SAIGA\",\"description\":\"M\u00e9s de 50 anys al servei de la terra i treballant per a un \u00fas eficient de l\u2019aigua!\",\"publisher\":{\"@id\":\"https:\\\/\\\/saiga.es\\\/es\\\/#organization\"},\"potentialAction\":[{\"@type\":\"SearchAction\",\"target\":{\"@type\":\"EntryPoint\",\"urlTemplate\":\"https:\\\/\\\/saiga.es\\\/es\\\/?s={search_term_string}\"},\"query-input\":{\"@type\":\"PropertyValueSpecification\",\"valueRequired\":true,\"valueName\":\"search_term_string\"}}],\"inLanguage\":\"es\"},{\"@type\":\"Organization\",\"@id\":\"https:\\\/\\\/saiga.es\\\/es\\\/#organization\",\"name\":\"SAIGA\",\"url\":\"https:\\\/\\\/saiga.es\\\/es\\\/\",\"logo\":{\"@type\":\"ImageObject\",\"inLanguage\":\"es\",\"@id\":\"https:\\\/\\\/saiga.es\\\/es\\\/#\\\/schema\\\/logo\\\/image\\\/\",\"url\":\"https:\\\/\\\/saiga.es\\\/wp-content\\\/uploads\\\/2025\\\/07\\\/logo_saiga_baseline_optimitzat.svg\",\"contentUrl\":\"https:\\\/\\\/saiga.es\\\/wp-content\\\/uploads\\\/2025\\\/07\\\/logo_saiga_baseline_optimitzat.svg\",\"caption\":\"SAIGA\"},\"image\":{\"@id\":\"https:\\\/\\\/saiga.es\\\/es\\\/#\\\/schema\\\/logo\\\/image\\\/\"},\"sameAs\":[\"https:\\\/\\\/x.com\\\/saiga_agro\",\"https:\\\/\\\/www.instagram.com\\\/saiga_agro\\\/\"]}]}<\/script>\n<!-- \/ Yoast SEO plugin. -->","yoast_head_json":{"title":"Par guantes Safetop (Cuero transpirable) | SAIGA","robots":{"index":"index","follow":"follow","max-snippet":"max-snippet:-1","max-image-preview":"max-image-preview:large","max-video-preview":"max-video-preview:-1"},"canonical":"https:\/\/saiga.es\/es\/producto\/par-guantes-safetop-cuero-transpirable\/","og_locale":"es_ES","og_type":"article","og_title":"Par guantes Safetop (Cuero transpirable) | SAIGA","og_description":"Guante de piel flor vacuno con buen tacto y flexibilidad (m\u00e1xima dexteridad nivel 5). \u2022Construido todo en una prenda de piel flor vacuno extra resistente. \u2022El\u00e1stico en el dorso para mayor fijaci\u00f3n, que evita la intrusi\u00f3n de polvo. \u2022APLICACIONES Agricultura, trabajos en granjas, mantenimiento, paqueter\u00eda, manipulaci\u00f3n en general.","og_url":"https:\/\/saiga.es\/es\/producto\/par-guantes-safetop-cuero-transpirable\/","og_site_name":"SAIGA","og_image":[{"width":800,"height":800,"url":"https:\/\/saiga.es\/wp-content\/uploads\/2023\/08\/aba-guante-de-piel-bovino-en-color-blanco-standard.jpg","type":"image\/jpeg"}],"twitter_card":"summary_large_image","twitter_site":"@saiga_agro","schema":{"@context":"https:\/\/schema.org","@graph":[{"@type":"WebPage","@id":"https:\/\/saiga.es\/es\/producto\/par-guantes-safetop-cuero-transpirable\/","url":"https:\/\/saiga.es\/es\/producto\/par-guantes-safetop-cuero-transpirable\/","name":"Par guantes Safetop (Cuero transpirable) | SAIGA","isPartOf":{"@id":"https:\/\/saiga.es\/es\/#website"},"primaryImageOfPage":{"@id":"https:\/\/saiga.es\/es\/producto\/par-guantes-safetop-cuero-transpirable\/#primaryimage"},"image":{"@id":"https:\/\/saiga.es\/es\/producto\/par-guantes-safetop-cuero-transpirable\/#primaryimage"},"thumbnailUrl":"https:\/\/saiga.es\/wp-content\/uploads\/2023\/08\/aba-guante-de-piel-bovino-en-color-blanco-standard.jpg","datePublished":"2023-08-25T09:52:46+00:00","breadcrumb":{"@id":"https:\/\/saiga.es\/es\/producto\/par-guantes-safetop-cuero-transpirable\/#breadcrumb"},"inLanguage":"es","potentialAction":[{"@type":"ReadAction","target":["https:\/\/saiga.es\/es\/producto\/par-guantes-safetop-cuero-transpirable\/"]}]},{"@type":"ImageObject","inLanguage":"es","@id":"https:\/\/saiga.es\/es\/producto\/par-guantes-safetop-cuero-transpirable\/#primaryimage","url":"https:\/\/saiga.es\/wp-content\/uploads\/2023\/08\/aba-guante-de-piel-bovino-en-color-blanco-standard.jpg","contentUrl":"https:\/\/saiga.es\/wp-content\/uploads\/2023\/08\/aba-guante-de-piel-bovino-en-color-blanco-standard.jpg","width":800,"height":800},{"@type":"BreadcrumbList","@id":"https:\/\/saiga.es\/es\/producto\/par-guantes-safetop-cuero-transpirable\/#breadcrumb","itemListElement":[{"@type":"ListItem","position":1,"name":"Inici","item":"https:\/\/saiga.es\/es\/"},{"@type":"ListItem","position":2,"name":"Tienda","item":"https:\/\/saiga.es\/es\/tienda\/"},{"@type":"ListItem","position":3,"name":"Par guantes Safetop (Cuero transpirable)"}]},{"@type":"WebSite","@id":"https:\/\/saiga.es\/es\/#website","url":"https:\/\/saiga.es\/es\/","name":"SAIGA","description":"M\u00e9s de 50 anys al servei de la terra i treballant per a un \u00fas eficient de l\u2019aigua!","publisher":{"@id":"https:\/\/saiga.es\/es\/#organization"},"potentialAction":[{"@type":"SearchAction","target":{"@type":"EntryPoint","urlTemplate":"https:\/\/saiga.es\/es\/?s={search_term_string}"},"query-input":{"@type":"PropertyValueSpecification","valueRequired":true,"valueName":"search_term_string"}}],"inLanguage":"es"},{"@type":"Organization","@id":"https:\/\/saiga.es\/es\/#organization","name":"SAIGA","url":"https:\/\/saiga.es\/es\/","logo":{"@type":"ImageObject","inLanguage":"es","@id":"https:\/\/saiga.es\/es\/#\/schema\/logo\/image\/","url":"https:\/\/saiga.es\/wp-content\/uploads\/2025\/07\/logo_saiga_baseline_optimitzat.svg","contentUrl":"https:\/\/saiga.es\/wp-content\/uploads\/2025\/07\/logo_saiga_baseline_optimitzat.svg","caption":"SAIGA"},"image":{"@id":"https:\/\/saiga.es\/es\/#\/schema\/logo\/image\/"},"sameAs":["https:\/\/x.com\/saiga_agro","https:\/\/www.instagram.com\/saiga_agro\/"]}]}},"_links":{"self":[{"href":"https:\/\/saiga.es\/es\/wp-json\/wp\/v2\/product\/6184","targetHints":{"allow":["GET"]}}],"collection":[{"href":"https:\/\/saiga.es\/es\/wp-json\/wp\/v2\/product"}],"about":[{"href":"https:\/\/saiga.es\/es\/wp-json\/wp\/v2\/types\/product"}],"replies":[{"embeddable":true,"href":"https:\/\/saiga.es\/es\/wp-json\/wp\/v2\/comments?post=6184"}],"wp:featuredmedia":[{"embeddable":true,"href":"https:\/\/saiga.es\/es\/wp-json\/wp\/v2\/media\/4580"}],"wp:attachment":[{"href":"https:\/\/saiga.es\/es\/wp-json\/wp\/v2\/media?parent=6184"}],"wp:term":[{"taxonomy":"product_brand","embeddable":true,"href":"https:\/\/saiga.es\/es\/wp-json\/wp\/v2\/product_brand?post=6184"},{"taxonomy":"product_cat","embeddable":true,"href":"https:\/\/saiga.es\/es\/wp-json\/wp\/v2\/product_cat?post=6184"},{"taxonomy":"product_tag","embeddable":true,"href":"https:\/\/saiga.es\/es\/wp-json\/wp\/v2\/product_tag?post=6184"}],"curies":[{"name":"wp","href":"https:\/\/api.w.org\/{rel}","templated":true}]}}