{"id":6185,"date":"2023-08-25T11:23:27","date_gmt":"2023-08-25T11:23:27","guid":{"rendered":"https:\/\/botiga.saiga.es\/producte\/bidon-atrayente-liquido-bactrotrap-16-15-l\/"},"modified":"2025-10-27T07:53:27","modified_gmt":"2025-10-27T07:53:27","slug":"bidon-atrayente-liquido-bactrotrap-16-15-l","status":"publish","type":"product","link":"https:\/\/saiga.es\/es\/producto\/bidon-atrayente-liquido-bactrotrap-16-15-l\/","title":{"rendered":"Bid\u00f3n atrayente l\u00edquido Bactrotrap 16% 1,5 L"},"content":{"rendered":"<p>Atrayente alimenticio l\u00edquido para d\u00edpteros, especialmente para Bactrocera oleae, pero no restrictivo para esta especie.<\/p>\n<p>Se puede aplicar tanto por el seguimiento como por el control de la mosca del olivo (Bactrocera oleae) a trav\u00e9s del Mosquero Maxitrap XL, siendo esta combinaci\u00f3n de este mosquero + este atrayente la que registra un mayor n\u00famero de capturas entre todos los productos del mercado.<\/p>\n","protected":false},"excerpt":{"rendered":"<p>Atrayente alimenticio l\u00edquido para d\u00edpteros, especialmente para Bactrocera oleae, pero no restrictivo para esta especie. Se puede aplicar tanto por el seguimiento como por el control de la mosca del olivo (Bactrocera oleae) a trav\u00e9s del Mosquero Maxitrap XL, siendo esta combinaci\u00f3n de este mosquero + este atrayente la que registra un mayor n\u00famero de&#8230;<\/p>\n","protected":false},"featured_media":4586,"comment_status":"open","ping_status":"closed","template":"","meta":[],"product_brand":[],"product_cat":[1554],"product_tag":[],"class_list":{"0":"post-6185","1":"product","2":"type-product","3":"status-publish","4":"has-post-thumbnail","6":"product_cat-productos-naturales","8":"first","9":"instock","10":"taxable","11":"shipping-taxable","12":"purchasable","13":"product-type-simple"},"yoast_head":"<!-- This site is optimized with the Yoast SEO plugin v27.4 - https:\/\/yoast.com\/product\/yoast-seo-wordpress\/ -->\n<title>Bid\u00f3n atrayente l\u00edquido Bactrotrap 16% 1,5 L | SAIGA<\/title>\n<meta name=\"robots\" content=\"index, follow, max-snippet:-1, max-image-preview:large, max-video-preview:-1\" \/>\n<link rel=\"canonical\" href=\"https:\/\/saiga.es\/es\/producto\/bidon-atrayente-liquido-bactrotrap-16-15-l\/\" \/>\n<meta property=\"og:locale\" content=\"es_ES\" \/>\n<meta property=\"og:type\" content=\"article\" \/>\n<meta property=\"og:title\" content=\"Bid\u00f3n atrayente l\u00edquido Bactrotrap 16% 1,5 L | SAIGA\" \/>\n<meta property=\"og:description\" content=\"Atrayente alimenticio l\u00edquido para d\u00edpteros, especialmente para Bactrocera oleae, pero no restrictivo para esta especie. Se puede aplicar tanto por el seguimiento como por el control de la mosca del olivo (Bactrocera oleae) a trav\u00e9s del Mosquero Maxitrap XL, siendo esta combinaci\u00f3n de este mosquero + este atrayente la que registra un mayor n\u00famero de...\" \/>\n<meta property=\"og:url\" content=\"https:\/\/saiga.es\/es\/producto\/bidon-atrayente-liquido-bactrotrap-16-15-l\/\" \/>\n<meta property=\"og:site_name\" content=\"SAIGA\" \/>\n<meta property=\"article:modified_time\" content=\"2025-10-27T07:53:27+00:00\" \/>\n<meta property=\"og:image\" content=\"https:\/\/saiga.es\/wp-content\/uploads\/2023\/08\/Bactrotrap-liquido-16-1-5-litros.jpg\" \/>\n\t<meta property=\"og:image:width\" content=\"1000\" \/>\n\t<meta property=\"og:image:height\" content=\"1000\" \/>\n\t<meta property=\"og:image:type\" content=\"image\/jpeg\" \/>\n<meta name=\"twitter:card\" content=\"summary_large_image\" \/>\n<meta name=\"twitter:site\" content=\"@saiga_agro\" \/>\n<script type=\"application\/ld+json\" class=\"yoast-schema-graph\">{\"@context\":\"https:\\\/\\\/schema.org\",\"@graph\":[{\"@type\":\"WebPage\",\"@id\":\"https:\\\/\\\/saiga.es\\\/es\\\/producto\\\/bidon-atrayente-liquido-bactrotrap-16-15-l\\\/\",\"url\":\"https:\\\/\\\/saiga.es\\\/es\\\/producto\\\/bidon-atrayente-liquido-bactrotrap-16-15-l\\\/\",\"name\":\"Bid\u00f3n atrayente l\u00edquido Bactrotrap 16% 1,5 L | SAIGA\",\"isPartOf\":{\"@id\":\"https:\\\/\\\/saiga.es\\\/es\\\/#website\"},\"primaryImageOfPage\":{\"@id\":\"https:\\\/\\\/saiga.es\\\/es\\\/producto\\\/bidon-atrayente-liquido-bactrotrap-16-15-l\\\/#primaryimage\"},\"image\":{\"@id\":\"https:\\\/\\\/saiga.es\\\/es\\\/producto\\\/bidon-atrayente-liquido-bactrotrap-16-15-l\\\/#primaryimage\"},\"thumbnailUrl\":\"https:\\\/\\\/saiga.es\\\/wp-content\\\/uploads\\\/2023\\\/08\\\/Bactrotrap-liquido-16-1-5-litros.jpg\",\"datePublished\":\"2023-08-25T11:23:27+00:00\",\"dateModified\":\"2025-10-27T07:53:27+00:00\",\"breadcrumb\":{\"@id\":\"https:\\\/\\\/saiga.es\\\/es\\\/producto\\\/bidon-atrayente-liquido-bactrotrap-16-15-l\\\/#breadcrumb\"},\"inLanguage\":\"es\",\"potentialAction\":[{\"@type\":\"ReadAction\",\"target\":[\"https:\\\/\\\/saiga.es\\\/es\\\/producto\\\/bidon-atrayente-liquido-bactrotrap-16-15-l\\\/\"]}]},{\"@type\":\"ImageObject\",\"inLanguage\":\"es\",\"@id\":\"https:\\\/\\\/saiga.es\\\/es\\\/producto\\\/bidon-atrayente-liquido-bactrotrap-16-15-l\\\/#primaryimage\",\"url\":\"https:\\\/\\\/saiga.es\\\/wp-content\\\/uploads\\\/2023\\\/08\\\/Bactrotrap-liquido-16-1-5-litros.jpg\",\"contentUrl\":\"https:\\\/\\\/saiga.es\\\/wp-content\\\/uploads\\\/2023\\\/08\\\/Bactrotrap-liquido-16-1-5-litros.jpg\",\"width\":1000,\"height\":1000},{\"@type\":\"BreadcrumbList\",\"@id\":\"https:\\\/\\\/saiga.es\\\/es\\\/producto\\\/bidon-atrayente-liquido-bactrotrap-16-15-l\\\/#breadcrumb\",\"itemListElement\":[{\"@type\":\"ListItem\",\"position\":1,\"name\":\"Inici\",\"item\":\"https:\\\/\\\/saiga.es\\\/es\\\/\"},{\"@type\":\"ListItem\",\"position\":2,\"name\":\"Tienda\",\"item\":\"https:\\\/\\\/saiga.es\\\/es\\\/tienda\\\/\"},{\"@type\":\"ListItem\",\"position\":3,\"name\":\"Bid\u00f3n atrayente l\u00edquido Bactrotrap 16% 1,5 L\"}]},{\"@type\":\"WebSite\",\"@id\":\"https:\\\/\\\/saiga.es\\\/es\\\/#website\",\"url\":\"https:\\\/\\\/saiga.es\\\/es\\\/\",\"name\":\"SAIGA\",\"description\":\"M\u00e9s de 50 anys al servei de la terra i treballant per a un \u00fas eficient de l\u2019aigua!\",\"publisher\":{\"@id\":\"https:\\\/\\\/saiga.es\\\/es\\\/#organization\"},\"potentialAction\":[{\"@type\":\"SearchAction\",\"target\":{\"@type\":\"EntryPoint\",\"urlTemplate\":\"https:\\\/\\\/saiga.es\\\/es\\\/?s={search_term_string}\"},\"query-input\":{\"@type\":\"PropertyValueSpecification\",\"valueRequired\":true,\"valueName\":\"search_term_string\"}}],\"inLanguage\":\"es\"},{\"@type\":\"Organization\",\"@id\":\"https:\\\/\\\/saiga.es\\\/es\\\/#organization\",\"name\":\"SAIGA\",\"url\":\"https:\\\/\\\/saiga.es\\\/es\\\/\",\"logo\":{\"@type\":\"ImageObject\",\"inLanguage\":\"es\",\"@id\":\"https:\\\/\\\/saiga.es\\\/es\\\/#\\\/schema\\\/logo\\\/image\\\/\",\"url\":\"https:\\\/\\\/saiga.es\\\/wp-content\\\/uploads\\\/2025\\\/07\\\/logo_saiga_baseline_optimitzat.svg\",\"contentUrl\":\"https:\\\/\\\/saiga.es\\\/wp-content\\\/uploads\\\/2025\\\/07\\\/logo_saiga_baseline_optimitzat.svg\",\"caption\":\"SAIGA\"},\"image\":{\"@id\":\"https:\\\/\\\/saiga.es\\\/es\\\/#\\\/schema\\\/logo\\\/image\\\/\"},\"sameAs\":[\"https:\\\/\\\/x.com\\\/saiga_agro\",\"https:\\\/\\\/www.instagram.com\\\/saiga_agro\\\/\"]}]}<\/script>\n<!-- \/ Yoast SEO plugin. -->","yoast_head_json":{"title":"Bid\u00f3n atrayente l\u00edquido Bactrotrap 16% 1,5 L | SAIGA","robots":{"index":"index","follow":"follow","max-snippet":"max-snippet:-1","max-image-preview":"max-image-preview:large","max-video-preview":"max-video-preview:-1"},"canonical":"https:\/\/saiga.es\/es\/producto\/bidon-atrayente-liquido-bactrotrap-16-15-l\/","og_locale":"es_ES","og_type":"article","og_title":"Bid\u00f3n atrayente l\u00edquido Bactrotrap 16% 1,5 L | SAIGA","og_description":"Atrayente alimenticio l\u00edquido para d\u00edpteros, especialmente para Bactrocera oleae, pero no restrictivo para esta especie. Se puede aplicar tanto por el seguimiento como por el control de la mosca del olivo (Bactrocera oleae) a trav\u00e9s del Mosquero Maxitrap XL, siendo esta combinaci\u00f3n de este mosquero + este atrayente la que registra un mayor n\u00famero de...","og_url":"https:\/\/saiga.es\/es\/producto\/bidon-atrayente-liquido-bactrotrap-16-15-l\/","og_site_name":"SAIGA","article_modified_time":"2025-10-27T07:53:27+00:00","og_image":[{"width":1000,"height":1000,"url":"https:\/\/saiga.es\/wp-content\/uploads\/2023\/08\/Bactrotrap-liquido-16-1-5-litros.jpg","type":"image\/jpeg"}],"twitter_card":"summary_large_image","twitter_site":"@saiga_agro","schema":{"@context":"https:\/\/schema.org","@graph":[{"@type":"WebPage","@id":"https:\/\/saiga.es\/es\/producto\/bidon-atrayente-liquido-bactrotrap-16-15-l\/","url":"https:\/\/saiga.es\/es\/producto\/bidon-atrayente-liquido-bactrotrap-16-15-l\/","name":"Bid\u00f3n atrayente l\u00edquido Bactrotrap 16% 1,5 L | SAIGA","isPartOf":{"@id":"https:\/\/saiga.es\/es\/#website"},"primaryImageOfPage":{"@id":"https:\/\/saiga.es\/es\/producto\/bidon-atrayente-liquido-bactrotrap-16-15-l\/#primaryimage"},"image":{"@id":"https:\/\/saiga.es\/es\/producto\/bidon-atrayente-liquido-bactrotrap-16-15-l\/#primaryimage"},"thumbnailUrl":"https:\/\/saiga.es\/wp-content\/uploads\/2023\/08\/Bactrotrap-liquido-16-1-5-litros.jpg","datePublished":"2023-08-25T11:23:27+00:00","dateModified":"2025-10-27T07:53:27+00:00","breadcrumb":{"@id":"https:\/\/saiga.es\/es\/producto\/bidon-atrayente-liquido-bactrotrap-16-15-l\/#breadcrumb"},"inLanguage":"es","potentialAction":[{"@type":"ReadAction","target":["https:\/\/saiga.es\/es\/producto\/bidon-atrayente-liquido-bactrotrap-16-15-l\/"]}]},{"@type":"ImageObject","inLanguage":"es","@id":"https:\/\/saiga.es\/es\/producto\/bidon-atrayente-liquido-bactrotrap-16-15-l\/#primaryimage","url":"https:\/\/saiga.es\/wp-content\/uploads\/2023\/08\/Bactrotrap-liquido-16-1-5-litros.jpg","contentUrl":"https:\/\/saiga.es\/wp-content\/uploads\/2023\/08\/Bactrotrap-liquido-16-1-5-litros.jpg","width":1000,"height":1000},{"@type":"BreadcrumbList","@id":"https:\/\/saiga.es\/es\/producto\/bidon-atrayente-liquido-bactrotrap-16-15-l\/#breadcrumb","itemListElement":[{"@type":"ListItem","position":1,"name":"Inici","item":"https:\/\/saiga.es\/es\/"},{"@type":"ListItem","position":2,"name":"Tienda","item":"https:\/\/saiga.es\/es\/tienda\/"},{"@type":"ListItem","position":3,"name":"Bid\u00f3n atrayente l\u00edquido Bactrotrap 16% 1,5 L"}]},{"@type":"WebSite","@id":"https:\/\/saiga.es\/es\/#website","url":"https:\/\/saiga.es\/es\/","name":"SAIGA","description":"M\u00e9s de 50 anys al servei de la terra i treballant per a un \u00fas eficient de l\u2019aigua!","publisher":{"@id":"https:\/\/saiga.es\/es\/#organization"},"potentialAction":[{"@type":"SearchAction","target":{"@type":"EntryPoint","urlTemplate":"https:\/\/saiga.es\/es\/?s={search_term_string}"},"query-input":{"@type":"PropertyValueSpecification","valueRequired":true,"valueName":"search_term_string"}}],"inLanguage":"es"},{"@type":"Organization","@id":"https:\/\/saiga.es\/es\/#organization","name":"SAIGA","url":"https:\/\/saiga.es\/es\/","logo":{"@type":"ImageObject","inLanguage":"es","@id":"https:\/\/saiga.es\/es\/#\/schema\/logo\/image\/","url":"https:\/\/saiga.es\/wp-content\/uploads\/2025\/07\/logo_saiga_baseline_optimitzat.svg","contentUrl":"https:\/\/saiga.es\/wp-content\/uploads\/2025\/07\/logo_saiga_baseline_optimitzat.svg","caption":"SAIGA"},"image":{"@id":"https:\/\/saiga.es\/es\/#\/schema\/logo\/image\/"},"sameAs":["https:\/\/x.com\/saiga_agro","https:\/\/www.instagram.com\/saiga_agro\/"]}]}},"_links":{"self":[{"href":"https:\/\/saiga.es\/es\/wp-json\/wp\/v2\/product\/6185","targetHints":{"allow":["GET"]}}],"collection":[{"href":"https:\/\/saiga.es\/es\/wp-json\/wp\/v2\/product"}],"about":[{"href":"https:\/\/saiga.es\/es\/wp-json\/wp\/v2\/types\/product"}],"replies":[{"embeddable":true,"href":"https:\/\/saiga.es\/es\/wp-json\/wp\/v2\/comments?post=6185"}],"wp:featuredmedia":[{"embeddable":true,"href":"https:\/\/saiga.es\/es\/wp-json\/wp\/v2\/media\/4586"}],"wp:attachment":[{"href":"https:\/\/saiga.es\/es\/wp-json\/wp\/v2\/media?parent=6185"}],"wp:term":[{"taxonomy":"product_brand","embeddable":true,"href":"https:\/\/saiga.es\/es\/wp-json\/wp\/v2\/product_brand?post=6185"},{"taxonomy":"product_cat","embeddable":true,"href":"https:\/\/saiga.es\/es\/wp-json\/wp\/v2\/product_cat?post=6185"},{"taxonomy":"product_tag","embeddable":true,"href":"https:\/\/saiga.es\/es\/wp-json\/wp\/v2\/product_tag?post=6185"}],"curies":[{"name":"wp","href":"https:\/\/api.w.org\/{rel}","templated":true}]}}