{"id":6195,"date":"2023-11-16T10:27:56","date_gmt":"2023-11-16T10:27:56","guid":{"rendered":"https:\/\/botiga.saiga.es\/producte\/tubo-goteo-subterraneo-tech-line-17-33-23-xfs\/"},"modified":"2024-05-22T13:17:11","modified_gmt":"2024-05-22T13:17:11","slug":"tubo-goteo-subterraneo-tech-line-17-33-23-xfs","status":"publish","type":"product","link":"https:\/\/saiga.es\/es\/producto\/tubo-goteo-subterraneo-tech-line-17-33-23-xfs\/","title":{"rendered":"Tubo goteo subterr\u00e1neo Tech-line 17\/33\/2,3 XFS"},"content":{"rendered":"<p>Tubo de goteo subterr\u00e1neo de 17 mm de di\u00e1metro, 33 cm de distancia entre goteros y 100 metros de largo. Reforzado en cobre perfecto para aplicaciones subterr\u00e1neas y en superficie en desniveles.<\/p>\n<p>Protege al gotero de la entrada de las ra\u00edces creando un sistema de riego por goteo subterr\u00e1neo de larga duraci\u00f3n y bajo mantenimiento para su utilizaci\u00f3n bajo el c\u00e9sped o arbustos y \u00e1reas de cubiertas vegetales.<\/p>\n<p>&nbsp;<\/p>\n","protected":false},"excerpt":{"rendered":"<p>Tubo de goteo XFS con protecci\u00f3n de cobre perfecto para ser enterrado.<\/p>\n","protected":false},"featured_media":4659,"comment_status":"closed","ping_status":"closed","template":"","meta":[],"product_brand":[],"product_cat":[2001],"product_tag":[220,222,219,215,216,218,221,205,217,224,223,214],"class_list":{"0":"post-6195","1":"product","2":"type-product","3":"status-publish","4":"has-post-thumbnail","6":"product_cat-tubos-de-riego","7":"product_tag-agricultura-es","8":"product_tag-agua","9":"product_tag-gota-a-gota-es","10":"product_tag-goteo","11":"product_tag-goteo-es","12":"product_tag-gotero","13":"product_tag-regar-es","14":"product_tag-riego","15":"product_tag-riego-automatico","16":"product_tag-riego-localizado","17":"product_tag-subterraneo","18":"product_tag-tubo","20":"first","21":"instock","22":"sale","23":"taxable","24":"shipping-taxable","25":"purchasable","26":"product-type-simple"},"yoast_head":"<!-- This site is optimized with the Yoast SEO plugin v27.4 - https:\/\/yoast.com\/product\/yoast-seo-wordpress\/ -->\n<title>Tubo goteo subterr\u00e1neo Tech-line 17\/33\/2,3 XFS | SAIGA<\/title>\n<meta name=\"robots\" content=\"index, follow, max-snippet:-1, max-image-preview:large, max-video-preview:-1\" \/>\n<link rel=\"canonical\" href=\"https:\/\/saiga.es\/es\/producto\/tubo-goteo-subterraneo-tech-line-17-33-23-xfs\/\" \/>\n<meta property=\"og:locale\" content=\"es_ES\" \/>\n<meta property=\"og:type\" content=\"article\" \/>\n<meta property=\"og:title\" content=\"Tubo goteo subterr\u00e1neo Tech-line 17\/33\/2,3 XFS | SAIGA\" \/>\n<meta property=\"og:description\" content=\"Tubo de goteo XFS con protecci\u00f3n de cobre perfecto para ser enterrado.\" \/>\n<meta property=\"og:url\" content=\"https:\/\/saiga.es\/es\/producto\/tubo-goteo-subterraneo-tech-line-17-33-23-xfs\/\" \/>\n<meta property=\"og:site_name\" content=\"SAIGA\" \/>\n<meta property=\"article:modified_time\" content=\"2024-05-22T13:17:11+00:00\" \/>\n<meta property=\"og:image\" content=\"https:\/\/saiga.es\/wp-content\/uploads\/2023\/11\/Tech-line-17-50-23.jpeg\" \/>\n\t<meta property=\"og:image:width\" content=\"1536\" \/>\n\t<meta property=\"og:image:height\" content=\"2048\" \/>\n\t<meta property=\"og:image:type\" content=\"image\/jpeg\" \/>\n<meta name=\"twitter:card\" content=\"summary_large_image\" \/>\n<meta name=\"twitter:site\" content=\"@saiga_agro\" \/>\n<meta name=\"twitter:label1\" content=\"Tiempo de lectura\" \/>\n\t<meta name=\"twitter:data1\" content=\"1 minuto\" \/>\n<script type=\"application\/ld+json\" class=\"yoast-schema-graph\">{\"@context\":\"https:\\\/\\\/schema.org\",\"@graph\":[{\"@type\":\"WebPage\",\"@id\":\"https:\\\/\\\/saiga.es\\\/es\\\/producto\\\/tubo-goteo-subterraneo-tech-line-17-33-23-xfs\\\/\",\"url\":\"https:\\\/\\\/saiga.es\\\/es\\\/producto\\\/tubo-goteo-subterraneo-tech-line-17-33-23-xfs\\\/\",\"name\":\"Tubo goteo subterr\u00e1neo Tech-line 17\\\/33\\\/2,3 XFS | SAIGA\",\"isPartOf\":{\"@id\":\"https:\\\/\\\/saiga.es\\\/es\\\/#website\"},\"primaryImageOfPage\":{\"@id\":\"https:\\\/\\\/saiga.es\\\/es\\\/producto\\\/tubo-goteo-subterraneo-tech-line-17-33-23-xfs\\\/#primaryimage\"},\"image\":{\"@id\":\"https:\\\/\\\/saiga.es\\\/es\\\/producto\\\/tubo-goteo-subterraneo-tech-line-17-33-23-xfs\\\/#primaryimage\"},\"thumbnailUrl\":\"https:\\\/\\\/saiga.es\\\/wp-content\\\/uploads\\\/2023\\\/11\\\/Tech-line-17-50-23.jpeg\",\"datePublished\":\"2023-11-16T10:27:56+00:00\",\"dateModified\":\"2024-05-22T13:17:11+00:00\",\"breadcrumb\":{\"@id\":\"https:\\\/\\\/saiga.es\\\/es\\\/producto\\\/tubo-goteo-subterraneo-tech-line-17-33-23-xfs\\\/#breadcrumb\"},\"inLanguage\":\"es\",\"potentialAction\":[{\"@type\":\"ReadAction\",\"target\":[\"https:\\\/\\\/saiga.es\\\/es\\\/producto\\\/tubo-goteo-subterraneo-tech-line-17-33-23-xfs\\\/\"]}]},{\"@type\":\"ImageObject\",\"inLanguage\":\"es\",\"@id\":\"https:\\\/\\\/saiga.es\\\/es\\\/producto\\\/tubo-goteo-subterraneo-tech-line-17-33-23-xfs\\\/#primaryimage\",\"url\":\"https:\\\/\\\/saiga.es\\\/wp-content\\\/uploads\\\/2023\\\/11\\\/Tech-line-17-50-23.jpeg\",\"contentUrl\":\"https:\\\/\\\/saiga.es\\\/wp-content\\\/uploads\\\/2023\\\/11\\\/Tech-line-17-50-23.jpeg\",\"width\":1536,\"height\":2048},{\"@type\":\"BreadcrumbList\",\"@id\":\"https:\\\/\\\/saiga.es\\\/es\\\/producto\\\/tubo-goteo-subterraneo-tech-line-17-33-23-xfs\\\/#breadcrumb\",\"itemListElement\":[{\"@type\":\"ListItem\",\"position\":1,\"name\":\"Inici\",\"item\":\"https:\\\/\\\/saiga.es\\\/es\\\/\"},{\"@type\":\"ListItem\",\"position\":2,\"name\":\"Tienda\",\"item\":\"https:\\\/\\\/saiga.es\\\/es\\\/tienda\\\/\"},{\"@type\":\"ListItem\",\"position\":3,\"name\":\"Tubo goteo subterr\u00e1neo Tech-line 17\\\/33\\\/2,3 XFS\"}]},{\"@type\":\"WebSite\",\"@id\":\"https:\\\/\\\/saiga.es\\\/es\\\/#website\",\"url\":\"https:\\\/\\\/saiga.es\\\/es\\\/\",\"name\":\"SAIGA\",\"description\":\"M\u00e9s de 50 anys al servei de la terra i treballant per a un \u00fas eficient de l\u2019aigua!\",\"publisher\":{\"@id\":\"https:\\\/\\\/saiga.es\\\/es\\\/#organization\"},\"potentialAction\":[{\"@type\":\"SearchAction\",\"target\":{\"@type\":\"EntryPoint\",\"urlTemplate\":\"https:\\\/\\\/saiga.es\\\/es\\\/?s={search_term_string}\"},\"query-input\":{\"@type\":\"PropertyValueSpecification\",\"valueRequired\":true,\"valueName\":\"search_term_string\"}}],\"inLanguage\":\"es\"},{\"@type\":\"Organization\",\"@id\":\"https:\\\/\\\/saiga.es\\\/es\\\/#organization\",\"name\":\"SAIGA\",\"url\":\"https:\\\/\\\/saiga.es\\\/es\\\/\",\"logo\":{\"@type\":\"ImageObject\",\"inLanguage\":\"es\",\"@id\":\"https:\\\/\\\/saiga.es\\\/es\\\/#\\\/schema\\\/logo\\\/image\\\/\",\"url\":\"https:\\\/\\\/saiga.es\\\/wp-content\\\/uploads\\\/2025\\\/07\\\/logo_saiga_baseline_optimitzat.svg\",\"contentUrl\":\"https:\\\/\\\/saiga.es\\\/wp-content\\\/uploads\\\/2025\\\/07\\\/logo_saiga_baseline_optimitzat.svg\",\"caption\":\"SAIGA\"},\"image\":{\"@id\":\"https:\\\/\\\/saiga.es\\\/es\\\/#\\\/schema\\\/logo\\\/image\\\/\"},\"sameAs\":[\"https:\\\/\\\/x.com\\\/saiga_agro\",\"https:\\\/\\\/www.instagram.com\\\/saiga_agro\\\/\"]}]}<\/script>\n<!-- \/ Yoast SEO plugin. -->","yoast_head_json":{"title":"Tubo goteo subterr\u00e1neo Tech-line 17\/33\/2,3 XFS | SAIGA","robots":{"index":"index","follow":"follow","max-snippet":"max-snippet:-1","max-image-preview":"max-image-preview:large","max-video-preview":"max-video-preview:-1"},"canonical":"https:\/\/saiga.es\/es\/producto\/tubo-goteo-subterraneo-tech-line-17-33-23-xfs\/","og_locale":"es_ES","og_type":"article","og_title":"Tubo goteo subterr\u00e1neo Tech-line 17\/33\/2,3 XFS | SAIGA","og_description":"Tubo de goteo XFS con protecci\u00f3n de cobre perfecto para ser enterrado.","og_url":"https:\/\/saiga.es\/es\/producto\/tubo-goteo-subterraneo-tech-line-17-33-23-xfs\/","og_site_name":"SAIGA","article_modified_time":"2024-05-22T13:17:11+00:00","og_image":[{"width":1536,"height":2048,"url":"https:\/\/saiga.es\/wp-content\/uploads\/2023\/11\/Tech-line-17-50-23.jpeg","type":"image\/jpeg"}],"twitter_card":"summary_large_image","twitter_site":"@saiga_agro","twitter_misc":{"Tiempo de lectura":"1 minuto"},"schema":{"@context":"https:\/\/schema.org","@graph":[{"@type":"WebPage","@id":"https:\/\/saiga.es\/es\/producto\/tubo-goteo-subterraneo-tech-line-17-33-23-xfs\/","url":"https:\/\/saiga.es\/es\/producto\/tubo-goteo-subterraneo-tech-line-17-33-23-xfs\/","name":"Tubo goteo subterr\u00e1neo Tech-line 17\/33\/2,3 XFS | SAIGA","isPartOf":{"@id":"https:\/\/saiga.es\/es\/#website"},"primaryImageOfPage":{"@id":"https:\/\/saiga.es\/es\/producto\/tubo-goteo-subterraneo-tech-line-17-33-23-xfs\/#primaryimage"},"image":{"@id":"https:\/\/saiga.es\/es\/producto\/tubo-goteo-subterraneo-tech-line-17-33-23-xfs\/#primaryimage"},"thumbnailUrl":"https:\/\/saiga.es\/wp-content\/uploads\/2023\/11\/Tech-line-17-50-23.jpeg","datePublished":"2023-11-16T10:27:56+00:00","dateModified":"2024-05-22T13:17:11+00:00","breadcrumb":{"@id":"https:\/\/saiga.es\/es\/producto\/tubo-goteo-subterraneo-tech-line-17-33-23-xfs\/#breadcrumb"},"inLanguage":"es","potentialAction":[{"@type":"ReadAction","target":["https:\/\/saiga.es\/es\/producto\/tubo-goteo-subterraneo-tech-line-17-33-23-xfs\/"]}]},{"@type":"ImageObject","inLanguage":"es","@id":"https:\/\/saiga.es\/es\/producto\/tubo-goteo-subterraneo-tech-line-17-33-23-xfs\/#primaryimage","url":"https:\/\/saiga.es\/wp-content\/uploads\/2023\/11\/Tech-line-17-50-23.jpeg","contentUrl":"https:\/\/saiga.es\/wp-content\/uploads\/2023\/11\/Tech-line-17-50-23.jpeg","width":1536,"height":2048},{"@type":"BreadcrumbList","@id":"https:\/\/saiga.es\/es\/producto\/tubo-goteo-subterraneo-tech-line-17-33-23-xfs\/#breadcrumb","itemListElement":[{"@type":"ListItem","position":1,"name":"Inici","item":"https:\/\/saiga.es\/es\/"},{"@type":"ListItem","position":2,"name":"Tienda","item":"https:\/\/saiga.es\/es\/tienda\/"},{"@type":"ListItem","position":3,"name":"Tubo goteo subterr\u00e1neo Tech-line 17\/33\/2,3 XFS"}]},{"@type":"WebSite","@id":"https:\/\/saiga.es\/es\/#website","url":"https:\/\/saiga.es\/es\/","name":"SAIGA","description":"M\u00e9s de 50 anys al servei de la terra i treballant per a un \u00fas eficient de l\u2019aigua!","publisher":{"@id":"https:\/\/saiga.es\/es\/#organization"},"potentialAction":[{"@type":"SearchAction","target":{"@type":"EntryPoint","urlTemplate":"https:\/\/saiga.es\/es\/?s={search_term_string}"},"query-input":{"@type":"PropertyValueSpecification","valueRequired":true,"valueName":"search_term_string"}}],"inLanguage":"es"},{"@type":"Organization","@id":"https:\/\/saiga.es\/es\/#organization","name":"SAIGA","url":"https:\/\/saiga.es\/es\/","logo":{"@type":"ImageObject","inLanguage":"es","@id":"https:\/\/saiga.es\/es\/#\/schema\/logo\/image\/","url":"https:\/\/saiga.es\/wp-content\/uploads\/2025\/07\/logo_saiga_baseline_optimitzat.svg","contentUrl":"https:\/\/saiga.es\/wp-content\/uploads\/2025\/07\/logo_saiga_baseline_optimitzat.svg","caption":"SAIGA"},"image":{"@id":"https:\/\/saiga.es\/es\/#\/schema\/logo\/image\/"},"sameAs":["https:\/\/x.com\/saiga_agro","https:\/\/www.instagram.com\/saiga_agro\/"]}]}},"_links":{"self":[{"href":"https:\/\/saiga.es\/es\/wp-json\/wp\/v2\/product\/6195","targetHints":{"allow":["GET"]}}],"collection":[{"href":"https:\/\/saiga.es\/es\/wp-json\/wp\/v2\/product"}],"about":[{"href":"https:\/\/saiga.es\/es\/wp-json\/wp\/v2\/types\/product"}],"replies":[{"embeddable":true,"href":"https:\/\/saiga.es\/es\/wp-json\/wp\/v2\/comments?post=6195"}],"wp:featuredmedia":[{"embeddable":true,"href":"https:\/\/saiga.es\/es\/wp-json\/wp\/v2\/media\/4659"}],"wp:attachment":[{"href":"https:\/\/saiga.es\/es\/wp-json\/wp\/v2\/media?parent=6195"}],"wp:term":[{"taxonomy":"product_brand","embeddable":true,"href":"https:\/\/saiga.es\/es\/wp-json\/wp\/v2\/product_brand?post=6195"},{"taxonomy":"product_cat","embeddable":true,"href":"https:\/\/saiga.es\/es\/wp-json\/wp\/v2\/product_cat?post=6195"},{"taxonomy":"product_tag","embeddable":true,"href":"https:\/\/saiga.es\/es\/wp-json\/wp\/v2\/product_tag?post=6195"}],"curies":[{"name":"wp","href":"https:\/\/api.w.org\/{rel}","templated":true}]}}