{"id":6197,"date":"2023-11-10T12:07:47","date_gmt":"2023-11-10T12:07:47","guid":{"rendered":"https:\/\/botiga.saiga.es\/producte\/dosificador-qp-invernaje\/"},"modified":"2023-11-10T12:07:47","modified_gmt":"2023-11-10T12:07:47","slug":"dosificador-qp-invernaje","status":"publish","type":"product","link":"https:\/\/saiga.es\/es\/producto\/dosificador-qp-invernaje\/","title":{"rendered":"Dosificador QP Invernaje"},"content":{"rendered":"<p>Dosificador autom\u00e1tico QP invernaje, para el tratamiento completo por invernaje del agua de piscinas. Contiene s\u00f3lo un producto, cloraci\u00f3n del agua. Su funci\u00f3n es evitar algas y bacterias. Adem\u00e1s tiene funci\u00f3n floculante y clarificante para el agua. Se trata de un producto de larga duraci\u00f3n, muy f\u00e1cil y c\u00f3modo de utilizar.<br \/>\nAntes de utilizar el producto hay que ajustar el pH entre 7.2 &#8211; 7.6 S\u00f3lo tendr\u00e1s que cortar la fila de salientes a ambos lados del dosificador e introducirlo en tu piscina.<br \/>\nNo se puede llenar. Encuentra m\u00e1s productos para realizar el mantenimiento de tu piscina en invierno visitando nuestra tienda f\u00edsica y p\u00e1gina web.<\/p>\n","protected":false},"excerpt":{"rendered":"<p>Dosificador autom\u00e1tico QP invernaje, para el tratamiento completo por invernaje del agua de piscinas. Contiene s\u00f3lo un producto, cloraci\u00f3n del agua. Su funci\u00f3n es evitar algas y bacterias. Adem\u00e1s tiene funci\u00f3n floculante y clarificante para el agua. Se trata de un producto de larga duraci\u00f3n, muy f\u00e1cil y c\u00f3modo de utilizar. Antes de utilizar el&#8230;<\/p>\n","protected":false},"featured_media":14741,"comment_status":"closed","ping_status":"closed","template":"","meta":[],"product_brand":[],"product_cat":[208],"product_tag":[212,225,213,226,209],"class_list":{"0":"post-6197","1":"product","2":"type-product","3":"status-publish","4":"has-post-thumbnail","6":"product_cat-productos-para-piscinas","7":"product_tag-hibernador","8":"product_tag-mantenimiento","9":"product_tag-mantenimiento-piscinas","10":"product_tag-piscina-es","11":"product_tag-piscinas","13":"first","14":"instock","15":"sale","16":"taxable","17":"shipping-taxable","18":"purchasable","19":"product-type-simple"},"yoast_head":"<!-- This site is optimized with the Yoast SEO plugin v27.3 - https:\/\/yoast.com\/product\/yoast-seo-wordpress\/ -->\n<title>Dosificador QP Invernaje | SAIGA<\/title>\n<meta name=\"robots\" content=\"index, follow, max-snippet:-1, max-image-preview:large, max-video-preview:-1\" \/>\n<link rel=\"canonical\" href=\"https:\/\/saiga.es\/es\/producto\/dosificador-qp-invernaje\/\" \/>\n<meta property=\"og:locale\" content=\"es_ES\" \/>\n<meta property=\"og:type\" content=\"article\" \/>\n<meta property=\"og:title\" content=\"Dosificador QP Invernaje | SAIGA\" \/>\n<meta property=\"og:description\" content=\"Dosificador autom\u00e1tico QP invernaje, para el tratamiento completo por invernaje del agua de piscinas. Contiene s\u00f3lo un producto, cloraci\u00f3n del agua. Su funci\u00f3n es evitar algas y bacterias. Adem\u00e1s tiene funci\u00f3n floculante y clarificante para el agua. Se trata de un producto de larga duraci\u00f3n, muy f\u00e1cil y c\u00f3modo de utilizar. Antes de utilizar el...\" \/>\n<meta property=\"og:url\" content=\"https:\/\/saiga.es\/es\/producto\/dosificador-qp-invernaje\/\" \/>\n<meta property=\"og:site_name\" content=\"SAIGA\" \/>\n<meta property=\"og:image\" content=\"https:\/\/saiga.es\/wp-content\/uploads\/2023\/11\/Invernaje.jpg\" \/>\n\t<meta property=\"og:image:width\" content=\"1080\" \/>\n\t<meta property=\"og:image:height\" content=\"1080\" \/>\n\t<meta property=\"og:image:type\" content=\"image\/jpeg\" \/>\n<meta name=\"twitter:card\" content=\"summary_large_image\" \/>\n<meta name=\"twitter:site\" content=\"@saiga_agro\" \/>\n<meta name=\"twitter:label1\" content=\"Tiempo de lectura\" \/>\n\t<meta name=\"twitter:data1\" content=\"1 minuto\" \/>\n<script type=\"application\/ld+json\" class=\"yoast-schema-graph\">{\"@context\":\"https:\\\/\\\/schema.org\",\"@graph\":[{\"@type\":\"WebPage\",\"@id\":\"https:\\\/\\\/saiga.es\\\/es\\\/producto\\\/dosificador-qp-invernaje\\\/\",\"url\":\"https:\\\/\\\/saiga.es\\\/es\\\/producto\\\/dosificador-qp-invernaje\\\/\",\"name\":\"Dosificador QP Invernaje | SAIGA\",\"isPartOf\":{\"@id\":\"https:\\\/\\\/saiga.es\\\/es\\\/#website\"},\"primaryImageOfPage\":{\"@id\":\"https:\\\/\\\/saiga.es\\\/es\\\/producto\\\/dosificador-qp-invernaje\\\/#primaryimage\"},\"image\":{\"@id\":\"https:\\\/\\\/saiga.es\\\/es\\\/producto\\\/dosificador-qp-invernaje\\\/#primaryimage\"},\"thumbnailUrl\":\"https:\\\/\\\/saiga.es\\\/wp-content\\\/uploads\\\/2023\\\/11\\\/Invernaje.jpg\",\"datePublished\":\"2023-11-10T12:07:47+00:00\",\"breadcrumb\":{\"@id\":\"https:\\\/\\\/saiga.es\\\/es\\\/producto\\\/dosificador-qp-invernaje\\\/#breadcrumb\"},\"inLanguage\":\"es\",\"potentialAction\":[{\"@type\":\"ReadAction\",\"target\":[\"https:\\\/\\\/saiga.es\\\/es\\\/producto\\\/dosificador-qp-invernaje\\\/\"]}]},{\"@type\":\"ImageObject\",\"inLanguage\":\"es\",\"@id\":\"https:\\\/\\\/saiga.es\\\/es\\\/producto\\\/dosificador-qp-invernaje\\\/#primaryimage\",\"url\":\"https:\\\/\\\/saiga.es\\\/wp-content\\\/uploads\\\/2023\\\/11\\\/Invernaje.jpg\",\"contentUrl\":\"https:\\\/\\\/saiga.es\\\/wp-content\\\/uploads\\\/2023\\\/11\\\/Invernaje.jpg\",\"width\":1080,\"height\":1080,\"caption\":\"Invernaje\"},{\"@type\":\"BreadcrumbList\",\"@id\":\"https:\\\/\\\/saiga.es\\\/es\\\/producto\\\/dosificador-qp-invernaje\\\/#breadcrumb\",\"itemListElement\":[{\"@type\":\"ListItem\",\"position\":1,\"name\":\"Inici\",\"item\":\"https:\\\/\\\/saiga.es\\\/es\\\/\"},{\"@type\":\"ListItem\",\"position\":2,\"name\":\"Tienda\",\"item\":\"https:\\\/\\\/saiga.es\\\/es\\\/tienda\\\/\"},{\"@type\":\"ListItem\",\"position\":3,\"name\":\"Dosificador QP Invernaje\"}]},{\"@type\":\"WebSite\",\"@id\":\"https:\\\/\\\/saiga.es\\\/es\\\/#website\",\"url\":\"https:\\\/\\\/saiga.es\\\/es\\\/\",\"name\":\"SAIGA\",\"description\":\"M\u00e9s de 50 anys al servei de la terra i treballant per a un \u00fas eficient de l\u2019aigua!\",\"publisher\":{\"@id\":\"https:\\\/\\\/saiga.es\\\/es\\\/#organization\"},\"potentialAction\":[{\"@type\":\"SearchAction\",\"target\":{\"@type\":\"EntryPoint\",\"urlTemplate\":\"https:\\\/\\\/saiga.es\\\/es\\\/?s={search_term_string}\"},\"query-input\":{\"@type\":\"PropertyValueSpecification\",\"valueRequired\":true,\"valueName\":\"search_term_string\"}}],\"inLanguage\":\"es\"},{\"@type\":\"Organization\",\"@id\":\"https:\\\/\\\/saiga.es\\\/es\\\/#organization\",\"name\":\"SAIGA\",\"url\":\"https:\\\/\\\/saiga.es\\\/es\\\/\",\"logo\":{\"@type\":\"ImageObject\",\"inLanguage\":\"es\",\"@id\":\"https:\\\/\\\/saiga.es\\\/es\\\/#\\\/schema\\\/logo\\\/image\\\/\",\"url\":\"https:\\\/\\\/saiga.es\\\/wp-content\\\/uploads\\\/2025\\\/07\\\/logo_saiga_baseline_optimitzat.svg\",\"contentUrl\":\"https:\\\/\\\/saiga.es\\\/wp-content\\\/uploads\\\/2025\\\/07\\\/logo_saiga_baseline_optimitzat.svg\",\"caption\":\"SAIGA\"},\"image\":{\"@id\":\"https:\\\/\\\/saiga.es\\\/es\\\/#\\\/schema\\\/logo\\\/image\\\/\"},\"sameAs\":[\"https:\\\/\\\/x.com\\\/saiga_agro\",\"https:\\\/\\\/www.instagram.com\\\/saiga_agro\\\/\"]}]}<\/script>\n<!-- \/ Yoast SEO plugin. -->","yoast_head_json":{"title":"Dosificador QP Invernaje | SAIGA","robots":{"index":"index","follow":"follow","max-snippet":"max-snippet:-1","max-image-preview":"max-image-preview:large","max-video-preview":"max-video-preview:-1"},"canonical":"https:\/\/saiga.es\/es\/producto\/dosificador-qp-invernaje\/","og_locale":"es_ES","og_type":"article","og_title":"Dosificador QP Invernaje | SAIGA","og_description":"Dosificador autom\u00e1tico QP invernaje, para el tratamiento completo por invernaje del agua de piscinas. Contiene s\u00f3lo un producto, cloraci\u00f3n del agua. Su funci\u00f3n es evitar algas y bacterias. Adem\u00e1s tiene funci\u00f3n floculante y clarificante para el agua. Se trata de un producto de larga duraci\u00f3n, muy f\u00e1cil y c\u00f3modo de utilizar. Antes de utilizar el...","og_url":"https:\/\/saiga.es\/es\/producto\/dosificador-qp-invernaje\/","og_site_name":"SAIGA","og_image":[{"width":1080,"height":1080,"url":"https:\/\/saiga.es\/wp-content\/uploads\/2023\/11\/Invernaje.jpg","type":"image\/jpeg"}],"twitter_card":"summary_large_image","twitter_site":"@saiga_agro","twitter_misc":{"Tiempo de lectura":"1 minuto"},"schema":{"@context":"https:\/\/schema.org","@graph":[{"@type":"WebPage","@id":"https:\/\/saiga.es\/es\/producto\/dosificador-qp-invernaje\/","url":"https:\/\/saiga.es\/es\/producto\/dosificador-qp-invernaje\/","name":"Dosificador QP Invernaje | SAIGA","isPartOf":{"@id":"https:\/\/saiga.es\/es\/#website"},"primaryImageOfPage":{"@id":"https:\/\/saiga.es\/es\/producto\/dosificador-qp-invernaje\/#primaryimage"},"image":{"@id":"https:\/\/saiga.es\/es\/producto\/dosificador-qp-invernaje\/#primaryimage"},"thumbnailUrl":"https:\/\/saiga.es\/wp-content\/uploads\/2023\/11\/Invernaje.jpg","datePublished":"2023-11-10T12:07:47+00:00","breadcrumb":{"@id":"https:\/\/saiga.es\/es\/producto\/dosificador-qp-invernaje\/#breadcrumb"},"inLanguage":"es","potentialAction":[{"@type":"ReadAction","target":["https:\/\/saiga.es\/es\/producto\/dosificador-qp-invernaje\/"]}]},{"@type":"ImageObject","inLanguage":"es","@id":"https:\/\/saiga.es\/es\/producto\/dosificador-qp-invernaje\/#primaryimage","url":"https:\/\/saiga.es\/wp-content\/uploads\/2023\/11\/Invernaje.jpg","contentUrl":"https:\/\/saiga.es\/wp-content\/uploads\/2023\/11\/Invernaje.jpg","width":1080,"height":1080,"caption":"Invernaje"},{"@type":"BreadcrumbList","@id":"https:\/\/saiga.es\/es\/producto\/dosificador-qp-invernaje\/#breadcrumb","itemListElement":[{"@type":"ListItem","position":1,"name":"Inici","item":"https:\/\/saiga.es\/es\/"},{"@type":"ListItem","position":2,"name":"Tienda","item":"https:\/\/saiga.es\/es\/tienda\/"},{"@type":"ListItem","position":3,"name":"Dosificador QP Invernaje"}]},{"@type":"WebSite","@id":"https:\/\/saiga.es\/es\/#website","url":"https:\/\/saiga.es\/es\/","name":"SAIGA","description":"M\u00e9s de 50 anys al servei de la terra i treballant per a un \u00fas eficient de l\u2019aigua!","publisher":{"@id":"https:\/\/saiga.es\/es\/#organization"},"potentialAction":[{"@type":"SearchAction","target":{"@type":"EntryPoint","urlTemplate":"https:\/\/saiga.es\/es\/?s={search_term_string}"},"query-input":{"@type":"PropertyValueSpecification","valueRequired":true,"valueName":"search_term_string"}}],"inLanguage":"es"},{"@type":"Organization","@id":"https:\/\/saiga.es\/es\/#organization","name":"SAIGA","url":"https:\/\/saiga.es\/es\/","logo":{"@type":"ImageObject","inLanguage":"es","@id":"https:\/\/saiga.es\/es\/#\/schema\/logo\/image\/","url":"https:\/\/saiga.es\/wp-content\/uploads\/2025\/07\/logo_saiga_baseline_optimitzat.svg","contentUrl":"https:\/\/saiga.es\/wp-content\/uploads\/2025\/07\/logo_saiga_baseline_optimitzat.svg","caption":"SAIGA"},"image":{"@id":"https:\/\/saiga.es\/es\/#\/schema\/logo\/image\/"},"sameAs":["https:\/\/x.com\/saiga_agro","https:\/\/www.instagram.com\/saiga_agro\/"]}]}},"_links":{"self":[{"href":"https:\/\/saiga.es\/es\/wp-json\/wp\/v2\/product\/6197","targetHints":{"allow":["GET"]}}],"collection":[{"href":"https:\/\/saiga.es\/es\/wp-json\/wp\/v2\/product"}],"about":[{"href":"https:\/\/saiga.es\/es\/wp-json\/wp\/v2\/types\/product"}],"replies":[{"embeddable":true,"href":"https:\/\/saiga.es\/es\/wp-json\/wp\/v2\/comments?post=6197"}],"wp:featuredmedia":[{"embeddable":true,"href":"https:\/\/saiga.es\/es\/wp-json\/wp\/v2\/media\/14741"}],"wp:attachment":[{"href":"https:\/\/saiga.es\/es\/wp-json\/wp\/v2\/media?parent=6197"}],"wp:term":[{"taxonomy":"product_brand","embeddable":true,"href":"https:\/\/saiga.es\/es\/wp-json\/wp\/v2\/product_brand?post=6197"},{"taxonomy":"product_cat","embeddable":true,"href":"https:\/\/saiga.es\/es\/wp-json\/wp\/v2\/product_cat?post=6197"},{"taxonomy":"product_tag","embeddable":true,"href":"https:\/\/saiga.es\/es\/wp-json\/wp\/v2\/product_tag?post=6197"}],"curies":[{"name":"wp","href":"https:\/\/api.w.org\/{rel}","templated":true}]}}