{"id":6215,"date":"2023-11-16T12:18:38","date_gmt":"2023-11-16T12:18:38","guid":{"rendered":"https:\/\/botiga.saiga.es\/producte\/te-polietileno-de-16-mm-de-diametro\/"},"modified":"2024-10-22T19:52:20","modified_gmt":"2024-10-22T19:52:20","slug":"te-polietileno-de-16-mm-de-diametro","status":"publish","type":"product","link":"https:\/\/saiga.es\/es\/producto\/te-polietileno-de-16-mm-de-diametro\/","title":{"rendered":"T\u00e9 polietileno de 16 mm de di\u00e1metro"},"content":{"rendered":"<p>Conexi\u00f3n en forma de \u00abT\u00bb, que se utiliza en tubos de polietileno de 16 mm. Este tipo de derivaci\u00f3n permite crear una conexi\u00f3n, en una l\u00ednea principal del tubo, para dirigir el flujo de agua hacia otra direcci\u00f3n, como una rama lateral.<\/p>\n","protected":false},"excerpt":{"rendered":"<p>Conexi\u00f3n en forma de \u00abT\u00bb, que se utiliza en tubos de polietileno de 16 mm. Este tipo de derivaci\u00f3n permite crear una conexi\u00f3n, en una l\u00ednea principal del tubo, para dirigir el flujo de agua hacia otra direcci\u00f3n, como una rama lateral.<\/p>\n","protected":false},"featured_media":16335,"comment_status":"closed","ping_status":"closed","template":"","meta":[],"product_brand":[],"product_cat":[2256],"product_tag":[242,241,236,205,217,240],"class_list":{"0":"post-6215","1":"product","2":"type-product","3":"status-publish","4":"has-post-thumbnail","6":"product_cat-accesorios-tubo-de-riego","7":"product_tag-accesorios-riego","8":"product_tag-derivacion","9":"product_tag-polietileno","10":"product_tag-riego","11":"product_tag-riego-automatico","12":"product_tag-te-es","14":"first","15":"instock","16":"sale","17":"taxable","18":"shipping-taxable","19":"purchasable","20":"product-type-simple"},"yoast_head":"<!-- This site is optimized with the Yoast SEO plugin v27.4 - https:\/\/yoast.com\/product\/yoast-seo-wordpress\/ -->\n<title>T\u00e9 polietileno de 16 mm de di\u00e1metro | SAIGA<\/title>\n<meta name=\"robots\" content=\"index, follow, max-snippet:-1, max-image-preview:large, max-video-preview:-1\" \/>\n<link rel=\"canonical\" href=\"https:\/\/saiga.es\/es\/producto\/te-polietileno-de-16-mm-de-diametro\/\" \/>\n<meta property=\"og:locale\" content=\"es_ES\" \/>\n<meta property=\"og:type\" content=\"article\" \/>\n<meta property=\"og:title\" content=\"T\u00e9 polietileno de 16 mm de di\u00e1metro | SAIGA\" \/>\n<meta property=\"og:description\" content=\"Conexi\u00f3n en forma de \u00abT\u00bb, que se utiliza en tubos de polietileno de 16 mm. Este tipo de derivaci\u00f3n permite crear una conexi\u00f3n, en una l\u00ednea principal del tubo, para dirigir el flujo de agua hacia otra direcci\u00f3n, como una rama lateral.\" \/>\n<meta property=\"og:url\" content=\"https:\/\/saiga.es\/es\/producto\/te-polietileno-de-16-mm-de-diametro\/\" \/>\n<meta property=\"og:site_name\" content=\"SAIGA\" \/>\n<meta property=\"article:modified_time\" content=\"2024-10-22T19:52:20+00:00\" \/>\n<meta property=\"og:image\" content=\"https:\/\/saiga.es\/wp-content\/uploads\/2023\/11\/T-polietile-.jpg\" \/>\n\t<meta property=\"og:image:width\" content=\"1080\" \/>\n\t<meta property=\"og:image:height\" content=\"1080\" \/>\n\t<meta property=\"og:image:type\" content=\"image\/jpeg\" \/>\n<meta name=\"twitter:card\" content=\"summary_large_image\" \/>\n<meta name=\"twitter:site\" content=\"@saiga_agro\" \/>\n<meta name=\"twitter:label1\" content=\"Tiempo de lectura\" \/>\n\t<meta name=\"twitter:data1\" content=\"1 minuto\" \/>\n<script type=\"application\/ld+json\" class=\"yoast-schema-graph\">{\"@context\":\"https:\\\/\\\/schema.org\",\"@graph\":[{\"@type\":\"WebPage\",\"@id\":\"https:\\\/\\\/saiga.es\\\/es\\\/producto\\\/te-polietileno-de-16-mm-de-diametro\\\/\",\"url\":\"https:\\\/\\\/saiga.es\\\/es\\\/producto\\\/te-polietileno-de-16-mm-de-diametro\\\/\",\"name\":\"T\u00e9 polietileno de 16 mm de di\u00e1metro | SAIGA\",\"isPartOf\":{\"@id\":\"https:\\\/\\\/saiga.es\\\/es\\\/#website\"},\"primaryImageOfPage\":{\"@id\":\"https:\\\/\\\/saiga.es\\\/es\\\/producto\\\/te-polietileno-de-16-mm-de-diametro\\\/#primaryimage\"},\"image\":{\"@id\":\"https:\\\/\\\/saiga.es\\\/es\\\/producto\\\/te-polietileno-de-16-mm-de-diametro\\\/#primaryimage\"},\"thumbnailUrl\":\"https:\\\/\\\/saiga.es\\\/wp-content\\\/uploads\\\/2023\\\/11\\\/T-polietile-.jpg\",\"datePublished\":\"2023-11-16T12:18:38+00:00\",\"dateModified\":\"2024-10-22T19:52:20+00:00\",\"breadcrumb\":{\"@id\":\"https:\\\/\\\/saiga.es\\\/es\\\/producto\\\/te-polietileno-de-16-mm-de-diametro\\\/#breadcrumb\"},\"inLanguage\":\"es\",\"potentialAction\":[{\"@type\":\"ReadAction\",\"target\":[\"https:\\\/\\\/saiga.es\\\/es\\\/producto\\\/te-polietileno-de-16-mm-de-diametro\\\/\"]}]},{\"@type\":\"ImageObject\",\"inLanguage\":\"es\",\"@id\":\"https:\\\/\\\/saiga.es\\\/es\\\/producto\\\/te-polietileno-de-16-mm-de-diametro\\\/#primaryimage\",\"url\":\"https:\\\/\\\/saiga.es\\\/wp-content\\\/uploads\\\/2023\\\/11\\\/T-polietile-.jpg\",\"contentUrl\":\"https:\\\/\\\/saiga.es\\\/wp-content\\\/uploads\\\/2023\\\/11\\\/T-polietile-.jpg\",\"width\":1080,\"height\":1080,\"caption\":\"Te polietil\u00e8 de 16 mm\"},{\"@type\":\"BreadcrumbList\",\"@id\":\"https:\\\/\\\/saiga.es\\\/es\\\/producto\\\/te-polietileno-de-16-mm-de-diametro\\\/#breadcrumb\",\"itemListElement\":[{\"@type\":\"ListItem\",\"position\":1,\"name\":\"Inici\",\"item\":\"https:\\\/\\\/saiga.es\\\/es\\\/\"},{\"@type\":\"ListItem\",\"position\":2,\"name\":\"Tienda\",\"item\":\"https:\\\/\\\/saiga.es\\\/es\\\/tienda\\\/\"},{\"@type\":\"ListItem\",\"position\":3,\"name\":\"T\u00e9 polietileno de 16 mm de di\u00e1metro\"}]},{\"@type\":\"WebSite\",\"@id\":\"https:\\\/\\\/saiga.es\\\/es\\\/#website\",\"url\":\"https:\\\/\\\/saiga.es\\\/es\\\/\",\"name\":\"SAIGA\",\"description\":\"M\u00e9s de 50 anys al servei de la terra i treballant per a un \u00fas eficient de l\u2019aigua!\",\"publisher\":{\"@id\":\"https:\\\/\\\/saiga.es\\\/es\\\/#organization\"},\"potentialAction\":[{\"@type\":\"SearchAction\",\"target\":{\"@type\":\"EntryPoint\",\"urlTemplate\":\"https:\\\/\\\/saiga.es\\\/es\\\/?s={search_term_string}\"},\"query-input\":{\"@type\":\"PropertyValueSpecification\",\"valueRequired\":true,\"valueName\":\"search_term_string\"}}],\"inLanguage\":\"es\"},{\"@type\":\"Organization\",\"@id\":\"https:\\\/\\\/saiga.es\\\/es\\\/#organization\",\"name\":\"SAIGA\",\"url\":\"https:\\\/\\\/saiga.es\\\/es\\\/\",\"logo\":{\"@type\":\"ImageObject\",\"inLanguage\":\"es\",\"@id\":\"https:\\\/\\\/saiga.es\\\/es\\\/#\\\/schema\\\/logo\\\/image\\\/\",\"url\":\"https:\\\/\\\/saiga.es\\\/wp-content\\\/uploads\\\/2025\\\/07\\\/logo_saiga_baseline_optimitzat.svg\",\"contentUrl\":\"https:\\\/\\\/saiga.es\\\/wp-content\\\/uploads\\\/2025\\\/07\\\/logo_saiga_baseline_optimitzat.svg\",\"caption\":\"SAIGA\"},\"image\":{\"@id\":\"https:\\\/\\\/saiga.es\\\/es\\\/#\\\/schema\\\/logo\\\/image\\\/\"},\"sameAs\":[\"https:\\\/\\\/x.com\\\/saiga_agro\",\"https:\\\/\\\/www.instagram.com\\\/saiga_agro\\\/\"]}]}<\/script>\n<!-- \/ Yoast SEO plugin. -->","yoast_head_json":{"title":"T\u00e9 polietileno de 16 mm de di\u00e1metro | SAIGA","robots":{"index":"index","follow":"follow","max-snippet":"max-snippet:-1","max-image-preview":"max-image-preview:large","max-video-preview":"max-video-preview:-1"},"canonical":"https:\/\/saiga.es\/es\/producto\/te-polietileno-de-16-mm-de-diametro\/","og_locale":"es_ES","og_type":"article","og_title":"T\u00e9 polietileno de 16 mm de di\u00e1metro | SAIGA","og_description":"Conexi\u00f3n en forma de \u00abT\u00bb, que se utiliza en tubos de polietileno de 16 mm. Este tipo de derivaci\u00f3n permite crear una conexi\u00f3n, en una l\u00ednea principal del tubo, para dirigir el flujo de agua hacia otra direcci\u00f3n, como una rama lateral.","og_url":"https:\/\/saiga.es\/es\/producto\/te-polietileno-de-16-mm-de-diametro\/","og_site_name":"SAIGA","article_modified_time":"2024-10-22T19:52:20+00:00","og_image":[{"width":1080,"height":1080,"url":"https:\/\/saiga.es\/wp-content\/uploads\/2023\/11\/T-polietile-.jpg","type":"image\/jpeg"}],"twitter_card":"summary_large_image","twitter_site":"@saiga_agro","twitter_misc":{"Tiempo de lectura":"1 minuto"},"schema":{"@context":"https:\/\/schema.org","@graph":[{"@type":"WebPage","@id":"https:\/\/saiga.es\/es\/producto\/te-polietileno-de-16-mm-de-diametro\/","url":"https:\/\/saiga.es\/es\/producto\/te-polietileno-de-16-mm-de-diametro\/","name":"T\u00e9 polietileno de 16 mm de di\u00e1metro | SAIGA","isPartOf":{"@id":"https:\/\/saiga.es\/es\/#website"},"primaryImageOfPage":{"@id":"https:\/\/saiga.es\/es\/producto\/te-polietileno-de-16-mm-de-diametro\/#primaryimage"},"image":{"@id":"https:\/\/saiga.es\/es\/producto\/te-polietileno-de-16-mm-de-diametro\/#primaryimage"},"thumbnailUrl":"https:\/\/saiga.es\/wp-content\/uploads\/2023\/11\/T-polietile-.jpg","datePublished":"2023-11-16T12:18:38+00:00","dateModified":"2024-10-22T19:52:20+00:00","breadcrumb":{"@id":"https:\/\/saiga.es\/es\/producto\/te-polietileno-de-16-mm-de-diametro\/#breadcrumb"},"inLanguage":"es","potentialAction":[{"@type":"ReadAction","target":["https:\/\/saiga.es\/es\/producto\/te-polietileno-de-16-mm-de-diametro\/"]}]},{"@type":"ImageObject","inLanguage":"es","@id":"https:\/\/saiga.es\/es\/producto\/te-polietileno-de-16-mm-de-diametro\/#primaryimage","url":"https:\/\/saiga.es\/wp-content\/uploads\/2023\/11\/T-polietile-.jpg","contentUrl":"https:\/\/saiga.es\/wp-content\/uploads\/2023\/11\/T-polietile-.jpg","width":1080,"height":1080,"caption":"Te polietil\u00e8 de 16 mm"},{"@type":"BreadcrumbList","@id":"https:\/\/saiga.es\/es\/producto\/te-polietileno-de-16-mm-de-diametro\/#breadcrumb","itemListElement":[{"@type":"ListItem","position":1,"name":"Inici","item":"https:\/\/saiga.es\/es\/"},{"@type":"ListItem","position":2,"name":"Tienda","item":"https:\/\/saiga.es\/es\/tienda\/"},{"@type":"ListItem","position":3,"name":"T\u00e9 polietileno de 16 mm de di\u00e1metro"}]},{"@type":"WebSite","@id":"https:\/\/saiga.es\/es\/#website","url":"https:\/\/saiga.es\/es\/","name":"SAIGA","description":"M\u00e9s de 50 anys al servei de la terra i treballant per a un \u00fas eficient de l\u2019aigua!","publisher":{"@id":"https:\/\/saiga.es\/es\/#organization"},"potentialAction":[{"@type":"SearchAction","target":{"@type":"EntryPoint","urlTemplate":"https:\/\/saiga.es\/es\/?s={search_term_string}"},"query-input":{"@type":"PropertyValueSpecification","valueRequired":true,"valueName":"search_term_string"}}],"inLanguage":"es"},{"@type":"Organization","@id":"https:\/\/saiga.es\/es\/#organization","name":"SAIGA","url":"https:\/\/saiga.es\/es\/","logo":{"@type":"ImageObject","inLanguage":"es","@id":"https:\/\/saiga.es\/es\/#\/schema\/logo\/image\/","url":"https:\/\/saiga.es\/wp-content\/uploads\/2025\/07\/logo_saiga_baseline_optimitzat.svg","contentUrl":"https:\/\/saiga.es\/wp-content\/uploads\/2025\/07\/logo_saiga_baseline_optimitzat.svg","caption":"SAIGA"},"image":{"@id":"https:\/\/saiga.es\/es\/#\/schema\/logo\/image\/"},"sameAs":["https:\/\/x.com\/saiga_agro","https:\/\/www.instagram.com\/saiga_agro\/"]}]}},"_links":{"self":[{"href":"https:\/\/saiga.es\/es\/wp-json\/wp\/v2\/product\/6215","targetHints":{"allow":["GET"]}}],"collection":[{"href":"https:\/\/saiga.es\/es\/wp-json\/wp\/v2\/product"}],"about":[{"href":"https:\/\/saiga.es\/es\/wp-json\/wp\/v2\/types\/product"}],"replies":[{"embeddable":true,"href":"https:\/\/saiga.es\/es\/wp-json\/wp\/v2\/comments?post=6215"}],"wp:featuredmedia":[{"embeddable":true,"href":"https:\/\/saiga.es\/es\/wp-json\/wp\/v2\/media\/16335"}],"wp:attachment":[{"href":"https:\/\/saiga.es\/es\/wp-json\/wp\/v2\/media?parent=6215"}],"wp:term":[{"taxonomy":"product_brand","embeddable":true,"href":"https:\/\/saiga.es\/es\/wp-json\/wp\/v2\/product_brand?post=6215"},{"taxonomy":"product_cat","embeddable":true,"href":"https:\/\/saiga.es\/es\/wp-json\/wp\/v2\/product_cat?post=6215"},{"taxonomy":"product_tag","embeddable":true,"href":"https:\/\/saiga.es\/es\/wp-json\/wp\/v2\/product_tag?post=6215"}],"curies":[{"name":"wp","href":"https:\/\/api.w.org\/{rel}","templated":true}]}}