{"id":6234,"date":"2023-11-16T13:18:53","date_gmt":"2023-11-16T13:18:53","guid":{"rendered":"https:\/\/botiga.saiga.es\/producte\/espiga-de-polietileno-de-diametro-de-16-mm-y-de-1-2-pulsa-de-compresion\/"},"modified":"2024-05-22T12:55:32","modified_gmt":"2024-05-22T12:55:32","slug":"espiga-de-polietileno-de-diametro-de-16-mm-y-de-1-2-pulsa-de-compresion","status":"publish","type":"product","link":"https:\/\/saiga.es\/es\/producto\/espiga-de-polietileno-de-diametro-de-16-mm-y-de-1-2-pulsa-de-compresion\/","title":{"rendered":"Espiga de polietileno de di\u00e1metro de 16 mm y de 1\/2 pulgada de compresi\u00f3n"},"content":{"rendered":"<p>Una espiga de polietileno es una pieza espec\u00edficamente dise\u00f1ada para conectar tubos de polietileno con un di\u00e1metro exterior de 16 mm utilizando una conexi\u00f3n de compresi\u00f3n de media pulgada. Puede utilizarse en sistemas de irrigaci\u00f3n u otras aplicaciones donde este tipo de conexi\u00f3n sea necesario.<\/p>\n","protected":false},"excerpt":{"rendered":"<p>Espiga de polietileno con un di\u00e1metro exterior de 16 mm con conexi\u00f3n de compresi\u00f3n de 1\/2 pulgada.<\/p>\n","protected":false},"featured_media":6229,"comment_status":"closed","ping_status":"closed","template":"","meta":[],"product_brand":[],"product_cat":[1446],"product_tag":[],"class_list":{"0":"post-6234","1":"product","2":"type-product","3":"status-publish","4":"has-post-thumbnail","6":"product_cat-tubos-de-riego-i-accessorios","8":"first","9":"instock","10":"sale","11":"taxable","12":"shipping-taxable","13":"purchasable","14":"product-type-simple"},"yoast_head":"<!-- This site is optimized with the Yoast SEO plugin v27.4 - https:\/\/yoast.com\/product\/yoast-seo-wordpress\/ -->\n<title>Espiga de polietileno de di\u00e1metro de 16 mm y de 1\/2 pulgada de compresi\u00f3n | SAIGA<\/title>\n<meta name=\"description\" content=\"Pieza espec\u00edficamente dise\u00f1ada para conectar tubos de polietileno con un di\u00e1metro exterior de 16 mm utilizando una conexi\u00f3n de compresi\u00f3n de media pulgada.\" \/>\n<meta name=\"robots\" content=\"index, follow, max-snippet:-1, max-image-preview:large, max-video-preview:-1\" \/>\n<link rel=\"canonical\" href=\"https:\/\/saiga.es\/es\/producto\/espiga-de-polietileno-de-diametro-de-16-mm-y-de-1-2-pulsa-de-compresion\/\" \/>\n<meta property=\"og:locale\" content=\"es_ES\" \/>\n<meta property=\"og:type\" content=\"article\" \/>\n<meta property=\"og:title\" content=\"Espiga de polietileno de di\u00e1metro de 16 mm y de 1\/2 pulgada de compresi\u00f3n | SAIGA\" \/>\n<meta property=\"og:description\" content=\"Pieza espec\u00edficamente dise\u00f1ada para conectar tubos de polietileno con un di\u00e1metro exterior de 16 mm utilizando una conexi\u00f3n de compresi\u00f3n de media pulgada.\" \/>\n<meta property=\"og:url\" content=\"https:\/\/saiga.es\/es\/producto\/espiga-de-polietileno-de-diametro-de-16-mm-y-de-1-2-pulsa-de-compresion\/\" \/>\n<meta property=\"og:site_name\" content=\"SAIGA\" \/>\n<meta property=\"article:modified_time\" content=\"2024-05-22T12:55:32+00:00\" \/>\n<meta property=\"og:image\" content=\"https:\/\/saiga.es\/wp-content\/uploads\/2023\/11\/Espiga-de-compressio-3-rotated.jpg\" \/>\n\t<meta property=\"og:image:width\" content=\"1512\" \/>\n\t<meta property=\"og:image:height\" content=\"2016\" \/>\n\t<meta property=\"og:image:type\" content=\"image\/jpeg\" \/>\n<meta name=\"twitter:card\" content=\"summary_large_image\" \/>\n<meta name=\"twitter:site\" content=\"@saiga_agro\" \/>\n<meta name=\"twitter:label1\" content=\"Tiempo de lectura\" \/>\n\t<meta name=\"twitter:data1\" content=\"1 minuto\" \/>\n<script type=\"application\/ld+json\" class=\"yoast-schema-graph\">{\"@context\":\"https:\\\/\\\/schema.org\",\"@graph\":[{\"@type\":\"WebPage\",\"@id\":\"https:\\\/\\\/saiga.es\\\/es\\\/producto\\\/espiga-de-polietileno-de-diametro-de-16-mm-y-de-1-2-pulsa-de-compresion\\\/\",\"url\":\"https:\\\/\\\/saiga.es\\\/es\\\/producto\\\/espiga-de-polietileno-de-diametro-de-16-mm-y-de-1-2-pulsa-de-compresion\\\/\",\"name\":\"Espiga de polietileno de di\u00e1metro de 16 mm y de 1\\\/2 pulgada de compresi\u00f3n | SAIGA\",\"isPartOf\":{\"@id\":\"https:\\\/\\\/saiga.es\\\/es\\\/#website\"},\"primaryImageOfPage\":{\"@id\":\"https:\\\/\\\/saiga.es\\\/es\\\/producto\\\/espiga-de-polietileno-de-diametro-de-16-mm-y-de-1-2-pulsa-de-compresion\\\/#primaryimage\"},\"image\":{\"@id\":\"https:\\\/\\\/saiga.es\\\/es\\\/producto\\\/espiga-de-polietileno-de-diametro-de-16-mm-y-de-1-2-pulsa-de-compresion\\\/#primaryimage\"},\"thumbnailUrl\":\"https:\\\/\\\/saiga.es\\\/wp-content\\\/uploads\\\/2023\\\/11\\\/Espiga-de-compressio-3-rotated.jpg\",\"datePublished\":\"2023-11-16T13:18:53+00:00\",\"dateModified\":\"2024-05-22T12:55:32+00:00\",\"description\":\"Pieza espec\u00edficamente dise\u00f1ada para conectar tubos de polietileno con un di\u00e1metro exterior de 16 mm utilizando una conexi\u00f3n de compresi\u00f3n de media pulgada.\",\"breadcrumb\":{\"@id\":\"https:\\\/\\\/saiga.es\\\/es\\\/producto\\\/espiga-de-polietileno-de-diametro-de-16-mm-y-de-1-2-pulsa-de-compresion\\\/#breadcrumb\"},\"inLanguage\":\"es\",\"potentialAction\":[{\"@type\":\"ReadAction\",\"target\":[\"https:\\\/\\\/saiga.es\\\/es\\\/producto\\\/espiga-de-polietileno-de-diametro-de-16-mm-y-de-1-2-pulsa-de-compresion\\\/\"]}]},{\"@type\":\"ImageObject\",\"inLanguage\":\"es\",\"@id\":\"https:\\\/\\\/saiga.es\\\/es\\\/producto\\\/espiga-de-polietileno-de-diametro-de-16-mm-y-de-1-2-pulsa-de-compresion\\\/#primaryimage\",\"url\":\"https:\\\/\\\/saiga.es\\\/wp-content\\\/uploads\\\/2023\\\/11\\\/Espiga-de-compressio-3-rotated.jpg\",\"contentUrl\":\"https:\\\/\\\/saiga.es\\\/wp-content\\\/uploads\\\/2023\\\/11\\\/Espiga-de-compressio-3-rotated.jpg\",\"width\":1512,\"height\":2016},{\"@type\":\"BreadcrumbList\",\"@id\":\"https:\\\/\\\/saiga.es\\\/es\\\/producto\\\/espiga-de-polietileno-de-diametro-de-16-mm-y-de-1-2-pulsa-de-compresion\\\/#breadcrumb\",\"itemListElement\":[{\"@type\":\"ListItem\",\"position\":1,\"name\":\"Inici\",\"item\":\"https:\\\/\\\/saiga.es\\\/es\\\/\"},{\"@type\":\"ListItem\",\"position\":2,\"name\":\"Tienda\",\"item\":\"https:\\\/\\\/saiga.es\\\/es\\\/tienda\\\/\"},{\"@type\":\"ListItem\",\"position\":3,\"name\":\"Espiga de polietileno de di\u00e1metro de 16 mm y de 1\\\/2 pulgada de compresi\u00f3n\"}]},{\"@type\":\"WebSite\",\"@id\":\"https:\\\/\\\/saiga.es\\\/es\\\/#website\",\"url\":\"https:\\\/\\\/saiga.es\\\/es\\\/\",\"name\":\"SAIGA\",\"description\":\"M\u00e9s de 50 anys al servei de la terra i treballant per a un \u00fas eficient de l\u2019aigua!\",\"publisher\":{\"@id\":\"https:\\\/\\\/saiga.es\\\/es\\\/#organization\"},\"potentialAction\":[{\"@type\":\"SearchAction\",\"target\":{\"@type\":\"EntryPoint\",\"urlTemplate\":\"https:\\\/\\\/saiga.es\\\/es\\\/?s={search_term_string}\"},\"query-input\":{\"@type\":\"PropertyValueSpecification\",\"valueRequired\":true,\"valueName\":\"search_term_string\"}}],\"inLanguage\":\"es\"},{\"@type\":\"Organization\",\"@id\":\"https:\\\/\\\/saiga.es\\\/es\\\/#organization\",\"name\":\"SAIGA\",\"url\":\"https:\\\/\\\/saiga.es\\\/es\\\/\",\"logo\":{\"@type\":\"ImageObject\",\"inLanguage\":\"es\",\"@id\":\"https:\\\/\\\/saiga.es\\\/es\\\/#\\\/schema\\\/logo\\\/image\\\/\",\"url\":\"https:\\\/\\\/saiga.es\\\/wp-content\\\/uploads\\\/2025\\\/07\\\/logo_saiga_baseline_optimitzat.svg\",\"contentUrl\":\"https:\\\/\\\/saiga.es\\\/wp-content\\\/uploads\\\/2025\\\/07\\\/logo_saiga_baseline_optimitzat.svg\",\"caption\":\"SAIGA\"},\"image\":{\"@id\":\"https:\\\/\\\/saiga.es\\\/es\\\/#\\\/schema\\\/logo\\\/image\\\/\"},\"sameAs\":[\"https:\\\/\\\/x.com\\\/saiga_agro\",\"https:\\\/\\\/www.instagram.com\\\/saiga_agro\\\/\"]}]}<\/script>\n<!-- \/ Yoast SEO plugin. -->","yoast_head_json":{"title":"Espiga de polietileno de di\u00e1metro de 16 mm y de 1\/2 pulgada de compresi\u00f3n | SAIGA","description":"Pieza espec\u00edficamente dise\u00f1ada para conectar tubos de polietileno con un di\u00e1metro exterior de 16 mm utilizando una conexi\u00f3n de compresi\u00f3n de media pulgada.","robots":{"index":"index","follow":"follow","max-snippet":"max-snippet:-1","max-image-preview":"max-image-preview:large","max-video-preview":"max-video-preview:-1"},"canonical":"https:\/\/saiga.es\/es\/producto\/espiga-de-polietileno-de-diametro-de-16-mm-y-de-1-2-pulsa-de-compresion\/","og_locale":"es_ES","og_type":"article","og_title":"Espiga de polietileno de di\u00e1metro de 16 mm y de 1\/2 pulgada de compresi\u00f3n | SAIGA","og_description":"Pieza espec\u00edficamente dise\u00f1ada para conectar tubos de polietileno con un di\u00e1metro exterior de 16 mm utilizando una conexi\u00f3n de compresi\u00f3n de media pulgada.","og_url":"https:\/\/saiga.es\/es\/producto\/espiga-de-polietileno-de-diametro-de-16-mm-y-de-1-2-pulsa-de-compresion\/","og_site_name":"SAIGA","article_modified_time":"2024-05-22T12:55:32+00:00","og_image":[{"width":1512,"height":2016,"url":"https:\/\/saiga.es\/wp-content\/uploads\/2023\/11\/Espiga-de-compressio-3-rotated.jpg","type":"image\/jpeg"}],"twitter_card":"summary_large_image","twitter_site":"@saiga_agro","twitter_misc":{"Tiempo de lectura":"1 minuto"},"schema":{"@context":"https:\/\/schema.org","@graph":[{"@type":"WebPage","@id":"https:\/\/saiga.es\/es\/producto\/espiga-de-polietileno-de-diametro-de-16-mm-y-de-1-2-pulsa-de-compresion\/","url":"https:\/\/saiga.es\/es\/producto\/espiga-de-polietileno-de-diametro-de-16-mm-y-de-1-2-pulsa-de-compresion\/","name":"Espiga de polietileno de di\u00e1metro de 16 mm y de 1\/2 pulgada de compresi\u00f3n | SAIGA","isPartOf":{"@id":"https:\/\/saiga.es\/es\/#website"},"primaryImageOfPage":{"@id":"https:\/\/saiga.es\/es\/producto\/espiga-de-polietileno-de-diametro-de-16-mm-y-de-1-2-pulsa-de-compresion\/#primaryimage"},"image":{"@id":"https:\/\/saiga.es\/es\/producto\/espiga-de-polietileno-de-diametro-de-16-mm-y-de-1-2-pulsa-de-compresion\/#primaryimage"},"thumbnailUrl":"https:\/\/saiga.es\/wp-content\/uploads\/2023\/11\/Espiga-de-compressio-3-rotated.jpg","datePublished":"2023-11-16T13:18:53+00:00","dateModified":"2024-05-22T12:55:32+00:00","description":"Pieza espec\u00edficamente dise\u00f1ada para conectar tubos de polietileno con un di\u00e1metro exterior de 16 mm utilizando una conexi\u00f3n de compresi\u00f3n de media pulgada.","breadcrumb":{"@id":"https:\/\/saiga.es\/es\/producto\/espiga-de-polietileno-de-diametro-de-16-mm-y-de-1-2-pulsa-de-compresion\/#breadcrumb"},"inLanguage":"es","potentialAction":[{"@type":"ReadAction","target":["https:\/\/saiga.es\/es\/producto\/espiga-de-polietileno-de-diametro-de-16-mm-y-de-1-2-pulsa-de-compresion\/"]}]},{"@type":"ImageObject","inLanguage":"es","@id":"https:\/\/saiga.es\/es\/producto\/espiga-de-polietileno-de-diametro-de-16-mm-y-de-1-2-pulsa-de-compresion\/#primaryimage","url":"https:\/\/saiga.es\/wp-content\/uploads\/2023\/11\/Espiga-de-compressio-3-rotated.jpg","contentUrl":"https:\/\/saiga.es\/wp-content\/uploads\/2023\/11\/Espiga-de-compressio-3-rotated.jpg","width":1512,"height":2016},{"@type":"BreadcrumbList","@id":"https:\/\/saiga.es\/es\/producto\/espiga-de-polietileno-de-diametro-de-16-mm-y-de-1-2-pulsa-de-compresion\/#breadcrumb","itemListElement":[{"@type":"ListItem","position":1,"name":"Inici","item":"https:\/\/saiga.es\/es\/"},{"@type":"ListItem","position":2,"name":"Tienda","item":"https:\/\/saiga.es\/es\/tienda\/"},{"@type":"ListItem","position":3,"name":"Espiga de polietileno de di\u00e1metro de 16 mm y de 1\/2 pulgada de compresi\u00f3n"}]},{"@type":"WebSite","@id":"https:\/\/saiga.es\/es\/#website","url":"https:\/\/saiga.es\/es\/","name":"SAIGA","description":"M\u00e9s de 50 anys al servei de la terra i treballant per a un \u00fas eficient de l\u2019aigua!","publisher":{"@id":"https:\/\/saiga.es\/es\/#organization"},"potentialAction":[{"@type":"SearchAction","target":{"@type":"EntryPoint","urlTemplate":"https:\/\/saiga.es\/es\/?s={search_term_string}"},"query-input":{"@type":"PropertyValueSpecification","valueRequired":true,"valueName":"search_term_string"}}],"inLanguage":"es"},{"@type":"Organization","@id":"https:\/\/saiga.es\/es\/#organization","name":"SAIGA","url":"https:\/\/saiga.es\/es\/","logo":{"@type":"ImageObject","inLanguage":"es","@id":"https:\/\/saiga.es\/es\/#\/schema\/logo\/image\/","url":"https:\/\/saiga.es\/wp-content\/uploads\/2025\/07\/logo_saiga_baseline_optimitzat.svg","contentUrl":"https:\/\/saiga.es\/wp-content\/uploads\/2025\/07\/logo_saiga_baseline_optimitzat.svg","caption":"SAIGA"},"image":{"@id":"https:\/\/saiga.es\/es\/#\/schema\/logo\/image\/"},"sameAs":["https:\/\/x.com\/saiga_agro","https:\/\/www.instagram.com\/saiga_agro\/"]}]}},"_links":{"self":[{"href":"https:\/\/saiga.es\/es\/wp-json\/wp\/v2\/product\/6234","targetHints":{"allow":["GET"]}}],"collection":[{"href":"https:\/\/saiga.es\/es\/wp-json\/wp\/v2\/product"}],"about":[{"href":"https:\/\/saiga.es\/es\/wp-json\/wp\/v2\/types\/product"}],"replies":[{"embeddable":true,"href":"https:\/\/saiga.es\/es\/wp-json\/wp\/v2\/comments?post=6234"}],"wp:featuredmedia":[{"embeddable":true,"href":"https:\/\/saiga.es\/es\/wp-json\/wp\/v2\/media\/6229"}],"wp:attachment":[{"href":"https:\/\/saiga.es\/es\/wp-json\/wp\/v2\/media?parent=6234"}],"wp:term":[{"taxonomy":"product_brand","embeddable":true,"href":"https:\/\/saiga.es\/es\/wp-json\/wp\/v2\/product_brand?post=6234"},{"taxonomy":"product_cat","embeddable":true,"href":"https:\/\/saiga.es\/es\/wp-json\/wp\/v2\/product_cat?post=6234"},{"taxonomy":"product_tag","embeddable":true,"href":"https:\/\/saiga.es\/es\/wp-json\/wp\/v2\/product_tag?post=6234"}],"curies":[{"name":"wp","href":"https:\/\/api.w.org\/{rel}","templated":true}]}}