{"id":6242,"date":"2023-11-16T13:47:34","date_gmt":"2023-11-16T13:47:34","guid":{"rendered":"https:\/\/botiga.saiga.es\/producte\/grifo-paso-total-de-poliuretano-de-diametro-16-mm\/"},"modified":"2023-11-16T13:47:34","modified_gmt":"2023-11-16T13:47:34","slug":"grifo-paso-total-de-poliuretano-de-diametro-16-mm","status":"publish","type":"product","link":"https:\/\/saiga.es\/es\/producto\/grifo-paso-total-de-poliuretano-de-diametro-16-mm\/","title":{"rendered":"Grifo paso total de poliuretano de di\u00e1metro 16 mm"},"content":{"rendered":"<p>Un grifo de paso es una v\u00e1lvula o controlador dise\u00f1ado para ser utilizado con un tubo de poliuretano con un di\u00e1metro exterior de 16 mm, permitiendo que el fluido pase sin restricciones cuando est\u00e1 totalmente abierta. Podr\u00eda ser utilizada, por ejemplo, en sistemas de irrigaci\u00f3n u otras aplicaciones en las que se requiera controlar el flujo de fluido a trav\u00e9s de un tubo de poliuretano de 16 mm.<\/p>\n","protected":false},"excerpt":{"rendered":"<p>Grifo o v\u00e1lvula que permite el paso del agua, en el caso del riego, sin restricciones a trav\u00e9s de un tubo de poliuretano de 16mm.<\/p>\n","protected":false},"featured_media":16325,"comment_status":"closed","ping_status":"closed","template":"","meta":[],"product_brand":[],"product_cat":[2256],"product_tag":[242,249,215,216,247,248,205,224,227,250],"class_list":{"0":"post-6242","1":"product","2":"type-product","3":"status-publish","4":"has-post-thumbnail","6":"product_cat-accesorios-tubo-de-riego","7":"product_tag-accesorios-riego","8":"product_tag-gota-agota-es","9":"product_tag-goteo","10":"product_tag-goteo-es","11":"product_tag-grifo","12":"product_tag-re-automatico","13":"product_tag-riego","14":"product_tag-riego-localizado","15":"product_tag-riego-por-goteo","16":"product_tag-riego-por-goteo-es","18":"first","19":"instock","20":"sale","21":"taxable","22":"shipping-taxable","23":"purchasable","24":"product-type-simple"},"yoast_head":"<!-- This site is optimized with the Yoast SEO plugin v27.4 - https:\/\/yoast.com\/product\/yoast-seo-wordpress\/ -->\n<title>Grifo paso total de poliuretano de di\u00e1metro 16 mm | SAIGA<\/title>\n<meta name=\"description\" content=\"Grifo o v\u00e1lvula que permite el paso del agua, en el caso del riego, sin restricciones a trav\u00e9s de un tubo de poliuretano de 16mm.\" \/>\n<meta name=\"robots\" content=\"index, follow, max-snippet:-1, max-image-preview:large, max-video-preview:-1\" \/>\n<link rel=\"canonical\" href=\"https:\/\/saiga.es\/es\/producto\/grifo-paso-total-de-poliuretano-de-diametro-16-mm\/\" \/>\n<meta property=\"og:locale\" content=\"es_ES\" \/>\n<meta property=\"og:type\" content=\"article\" \/>\n<meta property=\"og:title\" content=\"Grifo paso total de poliuretano de di\u00e1metro 16 mm | SAIGA\" \/>\n<meta property=\"og:description\" content=\"Grifo o v\u00e1lvula que permite el paso del agua, en el caso del riego, sin restricciones a trav\u00e9s de un tubo de poliuretano de 16mm.\" \/>\n<meta property=\"og:url\" content=\"https:\/\/saiga.es\/es\/producto\/grifo-paso-total-de-poliuretano-de-diametro-16-mm\/\" \/>\n<meta property=\"og:site_name\" content=\"SAIGA\" \/>\n<meta property=\"og:image\" content=\"https:\/\/saiga.es\/wp-content\/uploads\/2023\/11\/Aixeta-clau-de-pas-16-mm.jpg\" \/>\n\t<meta property=\"og:image:width\" content=\"1080\" \/>\n\t<meta property=\"og:image:height\" content=\"1080\" \/>\n\t<meta property=\"og:image:type\" content=\"image\/jpeg\" \/>\n<meta name=\"twitter:card\" content=\"summary_large_image\" \/>\n<meta name=\"twitter:site\" content=\"@saiga_agro\" \/>\n<script type=\"application\/ld+json\" class=\"yoast-schema-graph\">{\"@context\":\"https:\\\/\\\/schema.org\",\"@graph\":[{\"@type\":\"WebPage\",\"@id\":\"https:\\\/\\\/saiga.es\\\/es\\\/producto\\\/grifo-paso-total-de-poliuretano-de-diametro-16-mm\\\/\",\"url\":\"https:\\\/\\\/saiga.es\\\/es\\\/producto\\\/grifo-paso-total-de-poliuretano-de-diametro-16-mm\\\/\",\"name\":\"Grifo paso total de poliuretano de di\u00e1metro 16 mm | SAIGA\",\"isPartOf\":{\"@id\":\"https:\\\/\\\/saiga.es\\\/es\\\/#website\"},\"primaryImageOfPage\":{\"@id\":\"https:\\\/\\\/saiga.es\\\/es\\\/producto\\\/grifo-paso-total-de-poliuretano-de-diametro-16-mm\\\/#primaryimage\"},\"image\":{\"@id\":\"https:\\\/\\\/saiga.es\\\/es\\\/producto\\\/grifo-paso-total-de-poliuretano-de-diametro-16-mm\\\/#primaryimage\"},\"thumbnailUrl\":\"https:\\\/\\\/saiga.es\\\/wp-content\\\/uploads\\\/2023\\\/11\\\/Aixeta-clau-de-pas-16-mm.jpg\",\"datePublished\":\"2023-11-16T13:47:34+00:00\",\"description\":\"Grifo o v\u00e1lvula que permite el paso del agua, en el caso del riego, sin restricciones a trav\u00e9s de un tubo de poliuretano de 16mm.\",\"breadcrumb\":{\"@id\":\"https:\\\/\\\/saiga.es\\\/es\\\/producto\\\/grifo-paso-total-de-poliuretano-de-diametro-16-mm\\\/#breadcrumb\"},\"inLanguage\":\"es\",\"potentialAction\":[{\"@type\":\"ReadAction\",\"target\":[\"https:\\\/\\\/saiga.es\\\/es\\\/producto\\\/grifo-paso-total-de-poliuretano-de-diametro-16-mm\\\/\"]}]},{\"@type\":\"ImageObject\",\"inLanguage\":\"es\",\"@id\":\"https:\\\/\\\/saiga.es\\\/es\\\/producto\\\/grifo-paso-total-de-poliuretano-de-diametro-16-mm\\\/#primaryimage\",\"url\":\"https:\\\/\\\/saiga.es\\\/wp-content\\\/uploads\\\/2023\\\/11\\\/Aixeta-clau-de-pas-16-mm.jpg\",\"contentUrl\":\"https:\\\/\\\/saiga.es\\\/wp-content\\\/uploads\\\/2023\\\/11\\\/Aixeta-clau-de-pas-16-mm.jpg\",\"width\":1080,\"height\":1080,\"caption\":\"Aixeta clau de pas 16 mm\"},{\"@type\":\"BreadcrumbList\",\"@id\":\"https:\\\/\\\/saiga.es\\\/es\\\/producto\\\/grifo-paso-total-de-poliuretano-de-diametro-16-mm\\\/#breadcrumb\",\"itemListElement\":[{\"@type\":\"ListItem\",\"position\":1,\"name\":\"Inici\",\"item\":\"https:\\\/\\\/saiga.es\\\/es\\\/\"},{\"@type\":\"ListItem\",\"position\":2,\"name\":\"Tienda\",\"item\":\"https:\\\/\\\/saiga.es\\\/es\\\/tienda\\\/\"},{\"@type\":\"ListItem\",\"position\":3,\"name\":\"Grifo paso total de poliuretano de di\u00e1metro 16 mm\"}]},{\"@type\":\"WebSite\",\"@id\":\"https:\\\/\\\/saiga.es\\\/es\\\/#website\",\"url\":\"https:\\\/\\\/saiga.es\\\/es\\\/\",\"name\":\"SAIGA\",\"description\":\"M\u00e9s de 50 anys al servei de la terra i treballant per a un \u00fas eficient de l\u2019aigua!\",\"publisher\":{\"@id\":\"https:\\\/\\\/saiga.es\\\/es\\\/#organization\"},\"potentialAction\":[{\"@type\":\"SearchAction\",\"target\":{\"@type\":\"EntryPoint\",\"urlTemplate\":\"https:\\\/\\\/saiga.es\\\/es\\\/?s={search_term_string}\"},\"query-input\":{\"@type\":\"PropertyValueSpecification\",\"valueRequired\":true,\"valueName\":\"search_term_string\"}}],\"inLanguage\":\"es\"},{\"@type\":\"Organization\",\"@id\":\"https:\\\/\\\/saiga.es\\\/es\\\/#organization\",\"name\":\"SAIGA\",\"url\":\"https:\\\/\\\/saiga.es\\\/es\\\/\",\"logo\":{\"@type\":\"ImageObject\",\"inLanguage\":\"es\",\"@id\":\"https:\\\/\\\/saiga.es\\\/es\\\/#\\\/schema\\\/logo\\\/image\\\/\",\"url\":\"https:\\\/\\\/saiga.es\\\/wp-content\\\/uploads\\\/2025\\\/07\\\/logo_saiga_baseline_optimitzat.svg\",\"contentUrl\":\"https:\\\/\\\/saiga.es\\\/wp-content\\\/uploads\\\/2025\\\/07\\\/logo_saiga_baseline_optimitzat.svg\",\"caption\":\"SAIGA\"},\"image\":{\"@id\":\"https:\\\/\\\/saiga.es\\\/es\\\/#\\\/schema\\\/logo\\\/image\\\/\"},\"sameAs\":[\"https:\\\/\\\/x.com\\\/saiga_agro\",\"https:\\\/\\\/www.instagram.com\\\/saiga_agro\\\/\"]}]}<\/script>\n<!-- \/ Yoast SEO plugin. -->","yoast_head_json":{"title":"Grifo paso total de poliuretano de di\u00e1metro 16 mm | SAIGA","description":"Grifo o v\u00e1lvula que permite el paso del agua, en el caso del riego, sin restricciones a trav\u00e9s de un tubo de poliuretano de 16mm.","robots":{"index":"index","follow":"follow","max-snippet":"max-snippet:-1","max-image-preview":"max-image-preview:large","max-video-preview":"max-video-preview:-1"},"canonical":"https:\/\/saiga.es\/es\/producto\/grifo-paso-total-de-poliuretano-de-diametro-16-mm\/","og_locale":"es_ES","og_type":"article","og_title":"Grifo paso total de poliuretano de di\u00e1metro 16 mm | SAIGA","og_description":"Grifo o v\u00e1lvula que permite el paso del agua, en el caso del riego, sin restricciones a trav\u00e9s de un tubo de poliuretano de 16mm.","og_url":"https:\/\/saiga.es\/es\/producto\/grifo-paso-total-de-poliuretano-de-diametro-16-mm\/","og_site_name":"SAIGA","og_image":[{"width":1080,"height":1080,"url":"https:\/\/saiga.es\/wp-content\/uploads\/2023\/11\/Aixeta-clau-de-pas-16-mm.jpg","type":"image\/jpeg"}],"twitter_card":"summary_large_image","twitter_site":"@saiga_agro","schema":{"@context":"https:\/\/schema.org","@graph":[{"@type":"WebPage","@id":"https:\/\/saiga.es\/es\/producto\/grifo-paso-total-de-poliuretano-de-diametro-16-mm\/","url":"https:\/\/saiga.es\/es\/producto\/grifo-paso-total-de-poliuretano-de-diametro-16-mm\/","name":"Grifo paso total de poliuretano de di\u00e1metro 16 mm | SAIGA","isPartOf":{"@id":"https:\/\/saiga.es\/es\/#website"},"primaryImageOfPage":{"@id":"https:\/\/saiga.es\/es\/producto\/grifo-paso-total-de-poliuretano-de-diametro-16-mm\/#primaryimage"},"image":{"@id":"https:\/\/saiga.es\/es\/producto\/grifo-paso-total-de-poliuretano-de-diametro-16-mm\/#primaryimage"},"thumbnailUrl":"https:\/\/saiga.es\/wp-content\/uploads\/2023\/11\/Aixeta-clau-de-pas-16-mm.jpg","datePublished":"2023-11-16T13:47:34+00:00","description":"Grifo o v\u00e1lvula que permite el paso del agua, en el caso del riego, sin restricciones a trav\u00e9s de un tubo de poliuretano de 16mm.","breadcrumb":{"@id":"https:\/\/saiga.es\/es\/producto\/grifo-paso-total-de-poliuretano-de-diametro-16-mm\/#breadcrumb"},"inLanguage":"es","potentialAction":[{"@type":"ReadAction","target":["https:\/\/saiga.es\/es\/producto\/grifo-paso-total-de-poliuretano-de-diametro-16-mm\/"]}]},{"@type":"ImageObject","inLanguage":"es","@id":"https:\/\/saiga.es\/es\/producto\/grifo-paso-total-de-poliuretano-de-diametro-16-mm\/#primaryimage","url":"https:\/\/saiga.es\/wp-content\/uploads\/2023\/11\/Aixeta-clau-de-pas-16-mm.jpg","contentUrl":"https:\/\/saiga.es\/wp-content\/uploads\/2023\/11\/Aixeta-clau-de-pas-16-mm.jpg","width":1080,"height":1080,"caption":"Aixeta clau de pas 16 mm"},{"@type":"BreadcrumbList","@id":"https:\/\/saiga.es\/es\/producto\/grifo-paso-total-de-poliuretano-de-diametro-16-mm\/#breadcrumb","itemListElement":[{"@type":"ListItem","position":1,"name":"Inici","item":"https:\/\/saiga.es\/es\/"},{"@type":"ListItem","position":2,"name":"Tienda","item":"https:\/\/saiga.es\/es\/tienda\/"},{"@type":"ListItem","position":3,"name":"Grifo paso total de poliuretano de di\u00e1metro 16 mm"}]},{"@type":"WebSite","@id":"https:\/\/saiga.es\/es\/#website","url":"https:\/\/saiga.es\/es\/","name":"SAIGA","description":"M\u00e9s de 50 anys al servei de la terra i treballant per a un \u00fas eficient de l\u2019aigua!","publisher":{"@id":"https:\/\/saiga.es\/es\/#organization"},"potentialAction":[{"@type":"SearchAction","target":{"@type":"EntryPoint","urlTemplate":"https:\/\/saiga.es\/es\/?s={search_term_string}"},"query-input":{"@type":"PropertyValueSpecification","valueRequired":true,"valueName":"search_term_string"}}],"inLanguage":"es"},{"@type":"Organization","@id":"https:\/\/saiga.es\/es\/#organization","name":"SAIGA","url":"https:\/\/saiga.es\/es\/","logo":{"@type":"ImageObject","inLanguage":"es","@id":"https:\/\/saiga.es\/es\/#\/schema\/logo\/image\/","url":"https:\/\/saiga.es\/wp-content\/uploads\/2025\/07\/logo_saiga_baseline_optimitzat.svg","contentUrl":"https:\/\/saiga.es\/wp-content\/uploads\/2025\/07\/logo_saiga_baseline_optimitzat.svg","caption":"SAIGA"},"image":{"@id":"https:\/\/saiga.es\/es\/#\/schema\/logo\/image\/"},"sameAs":["https:\/\/x.com\/saiga_agro","https:\/\/www.instagram.com\/saiga_agro\/"]}]}},"_links":{"self":[{"href":"https:\/\/saiga.es\/es\/wp-json\/wp\/v2\/product\/6242","targetHints":{"allow":["GET"]}}],"collection":[{"href":"https:\/\/saiga.es\/es\/wp-json\/wp\/v2\/product"}],"about":[{"href":"https:\/\/saiga.es\/es\/wp-json\/wp\/v2\/types\/product"}],"replies":[{"embeddable":true,"href":"https:\/\/saiga.es\/es\/wp-json\/wp\/v2\/comments?post=6242"}],"wp:featuredmedia":[{"embeddable":true,"href":"https:\/\/saiga.es\/es\/wp-json\/wp\/v2\/media\/16325"}],"wp:attachment":[{"href":"https:\/\/saiga.es\/es\/wp-json\/wp\/v2\/media?parent=6242"}],"wp:term":[{"taxonomy":"product_brand","embeddable":true,"href":"https:\/\/saiga.es\/es\/wp-json\/wp\/v2\/product_brand?post=6242"},{"taxonomy":"product_cat","embeddable":true,"href":"https:\/\/saiga.es\/es\/wp-json\/wp\/v2\/product_cat?post=6242"},{"taxonomy":"product_tag","embeddable":true,"href":"https:\/\/saiga.es\/es\/wp-json\/wp\/v2\/product_tag?post=6242"}],"curies":[{"name":"wp","href":"https:\/\/api.w.org\/{rel}","templated":true}]}}