{"id":6613,"date":"2024-01-11T14:08:06","date_gmt":"2024-01-11T14:08:06","guid":{"rendered":"https:\/\/botiga.saiga.es\/producte\/horca-de-5-puas-con-mango-de-madera-y-anilla-de-metal\/"},"modified":"2024-01-11T14:08:06","modified_gmt":"2024-01-11T14:08:06","slug":"horca-de-5-puas-con-mango-de-madera-y-anilla-de-metal","status":"publish","type":"product","link":"https:\/\/saiga.es\/es\/producto\/horca-de-5-puas-con-mango-de-madera-y-anilla-de-metal\/","title":{"rendered":"Horca de 5 p\u00faas con mango de madera y anilla de metal"},"content":{"rendered":"<p>Con nuestra horca de 5 p\u00faas, la labor en el jard\u00edn se convierte en una experiencia eficiente y f\u00e1cil. Esta robusta herramienta de jardiner\u00eda est\u00e1 dise\u00f1ada con precisi\u00f3n para ofrecerle rendimiento y durabilidad. El mango de madera proporciona un agarre c\u00f3modo y natural, mientras que el anillo de metal en la parte superior garantiza una conexi\u00f3n segura y estable con las p\u00faas.<\/p>\n<p>Las 5 p\u00faas de esta horca est\u00e1n fabricadas con materiales de alta calidad, proporcionando una resistencia excepcional para trabajos pesados \u200b\u200bde labrar y voltear la tierra. Con un dise\u00f1o ergon\u00f3mico, esta horca ofrece un manejo \u00f3ptimo y facilidad de uso, adapt\u00e1ndose perfectamente a las necesidades de los jardineros profesionales y aficionados.<\/p>\n","protected":false},"excerpt":{"rendered":"<p>Con nuestra horca de 5 p\u00faas, la labor en el jard\u00edn se convierte en una experiencia eficiente y f\u00e1cil. Esta robusta herramienta de jardiner\u00eda est\u00e1 dise\u00f1ada con precisi\u00f3n para ofrecerle rendimiento y durabilidad.<\/p>\n","protected":false},"featured_media":11804,"comment_status":"open","ping_status":"closed","template":"","meta":[],"product_brand":[],"product_cat":[400],"product_tag":[],"class_list":{"0":"post-6613","1":"product","2":"type-product","3":"status-publish","4":"has-post-thumbnail","6":"product_cat-palas-y-rascadores","8":"first","9":"instock","10":"sale","11":"taxable","12":"shipping-taxable","13":"purchasable","14":"product-type-simple"},"yoast_head":"<!-- This site is optimized with the Yoast SEO plugin v27.4 - https:\/\/yoast.com\/product\/yoast-seo-wordpress\/ -->\n<title>Horca de 5 p\u00faas con mango de madera y anilla de metal | SAIGA<\/title>\n<meta name=\"description\" content=\"Horca de 5 p\u00faas con mango de madera y anilla de metal\" \/>\n<meta name=\"robots\" content=\"index, follow, max-snippet:-1, max-image-preview:large, max-video-preview:-1\" \/>\n<link rel=\"canonical\" href=\"https:\/\/saiga.es\/es\/producto\/horca-de-5-puas-con-mango-de-madera-y-anilla-de-metal\/\" \/>\n<meta property=\"og:locale\" content=\"es_ES\" \/>\n<meta property=\"og:type\" content=\"article\" \/>\n<meta property=\"og:title\" content=\"Horca de 5 p\u00faas con mango de madera y anilla de metal | SAIGA\" \/>\n<meta property=\"og:description\" content=\"Horca de 5 p\u00faas con mango de madera y anilla de metal\" \/>\n<meta property=\"og:url\" content=\"https:\/\/saiga.es\/es\/producto\/horca-de-5-puas-con-mango-de-madera-y-anilla-de-metal\/\" \/>\n<meta property=\"og:site_name\" content=\"SAIGA\" \/>\n<meta property=\"og:image\" content=\"https:\/\/saiga.es\/wp-content\/uploads\/2024\/01\/Forca-de-5-pues.jpg\" \/>\n\t<meta property=\"og:image:width\" content=\"1080\" \/>\n\t<meta property=\"og:image:height\" content=\"1080\" \/>\n\t<meta property=\"og:image:type\" content=\"image\/jpeg\" \/>\n<meta name=\"twitter:card\" content=\"summary_large_image\" \/>\n<meta name=\"twitter:site\" content=\"@saiga_agro\" \/>\n<meta name=\"twitter:label1\" content=\"Tiempo de lectura\" \/>\n\t<meta name=\"twitter:data1\" content=\"1 minuto\" \/>\n<script type=\"application\/ld+json\" class=\"yoast-schema-graph\">{\"@context\":\"https:\\\/\\\/schema.org\",\"@graph\":[{\"@type\":\"WebPage\",\"@id\":\"https:\\\/\\\/saiga.es\\\/es\\\/producto\\\/horca-de-5-puas-con-mango-de-madera-y-anilla-de-metal\\\/\",\"url\":\"https:\\\/\\\/saiga.es\\\/es\\\/producto\\\/horca-de-5-puas-con-mango-de-madera-y-anilla-de-metal\\\/\",\"name\":\"Horca de 5 p\u00faas con mango de madera y anilla de metal | SAIGA\",\"isPartOf\":{\"@id\":\"https:\\\/\\\/saiga.es\\\/es\\\/#website\"},\"primaryImageOfPage\":{\"@id\":\"https:\\\/\\\/saiga.es\\\/es\\\/producto\\\/horca-de-5-puas-con-mango-de-madera-y-anilla-de-metal\\\/#primaryimage\"},\"image\":{\"@id\":\"https:\\\/\\\/saiga.es\\\/es\\\/producto\\\/horca-de-5-puas-con-mango-de-madera-y-anilla-de-metal\\\/#primaryimage\"},\"thumbnailUrl\":\"https:\\\/\\\/saiga.es\\\/wp-content\\\/uploads\\\/2024\\\/01\\\/Forca-de-5-pues.jpg\",\"datePublished\":\"2024-01-11T14:08:06+00:00\",\"description\":\"Horca de 5 p\u00faas con mango de madera y anilla de metal\",\"breadcrumb\":{\"@id\":\"https:\\\/\\\/saiga.es\\\/es\\\/producto\\\/horca-de-5-puas-con-mango-de-madera-y-anilla-de-metal\\\/#breadcrumb\"},\"inLanguage\":\"es\",\"potentialAction\":[{\"@type\":\"ReadAction\",\"target\":[\"https:\\\/\\\/saiga.es\\\/es\\\/producto\\\/horca-de-5-puas-con-mango-de-madera-y-anilla-de-metal\\\/\"]}]},{\"@type\":\"ImageObject\",\"inLanguage\":\"es\",\"@id\":\"https:\\\/\\\/saiga.es\\\/es\\\/producto\\\/horca-de-5-puas-con-mango-de-madera-y-anilla-de-metal\\\/#primaryimage\",\"url\":\"https:\\\/\\\/saiga.es\\\/wp-content\\\/uploads\\\/2024\\\/01\\\/Forca-de-5-pues.jpg\",\"contentUrl\":\"https:\\\/\\\/saiga.es\\\/wp-content\\\/uploads\\\/2024\\\/01\\\/Forca-de-5-pues.jpg\",\"width\":1080,\"height\":1080,\"caption\":\"Forca de cinc p\u00faes\"},{\"@type\":\"BreadcrumbList\",\"@id\":\"https:\\\/\\\/saiga.es\\\/es\\\/producto\\\/horca-de-5-puas-con-mango-de-madera-y-anilla-de-metal\\\/#breadcrumb\",\"itemListElement\":[{\"@type\":\"ListItem\",\"position\":1,\"name\":\"Inici\",\"item\":\"https:\\\/\\\/saiga.es\\\/es\\\/\"},{\"@type\":\"ListItem\",\"position\":2,\"name\":\"Tienda\",\"item\":\"https:\\\/\\\/saiga.es\\\/es\\\/tienda\\\/\"},{\"@type\":\"ListItem\",\"position\":3,\"name\":\"Horca de 5 p\u00faas con mango de madera y anilla de metal\"}]},{\"@type\":\"WebSite\",\"@id\":\"https:\\\/\\\/saiga.es\\\/es\\\/#website\",\"url\":\"https:\\\/\\\/saiga.es\\\/es\\\/\",\"name\":\"SAIGA\",\"description\":\"M\u00e9s de 50 anys al servei de la terra i treballant per a un \u00fas eficient de l\u2019aigua!\",\"publisher\":{\"@id\":\"https:\\\/\\\/saiga.es\\\/es\\\/#organization\"},\"potentialAction\":[{\"@type\":\"SearchAction\",\"target\":{\"@type\":\"EntryPoint\",\"urlTemplate\":\"https:\\\/\\\/saiga.es\\\/es\\\/?s={search_term_string}\"},\"query-input\":{\"@type\":\"PropertyValueSpecification\",\"valueRequired\":true,\"valueName\":\"search_term_string\"}}],\"inLanguage\":\"es\"},{\"@type\":\"Organization\",\"@id\":\"https:\\\/\\\/saiga.es\\\/es\\\/#organization\",\"name\":\"SAIGA\",\"url\":\"https:\\\/\\\/saiga.es\\\/es\\\/\",\"logo\":{\"@type\":\"ImageObject\",\"inLanguage\":\"es\",\"@id\":\"https:\\\/\\\/saiga.es\\\/es\\\/#\\\/schema\\\/logo\\\/image\\\/\",\"url\":\"https:\\\/\\\/saiga.es\\\/wp-content\\\/uploads\\\/2025\\\/07\\\/logo_saiga_baseline_optimitzat.svg\",\"contentUrl\":\"https:\\\/\\\/saiga.es\\\/wp-content\\\/uploads\\\/2025\\\/07\\\/logo_saiga_baseline_optimitzat.svg\",\"caption\":\"SAIGA\"},\"image\":{\"@id\":\"https:\\\/\\\/saiga.es\\\/es\\\/#\\\/schema\\\/logo\\\/image\\\/\"},\"sameAs\":[\"https:\\\/\\\/x.com\\\/saiga_agro\",\"https:\\\/\\\/www.instagram.com\\\/saiga_agro\\\/\"]}]}<\/script>\n<!-- \/ Yoast SEO plugin. -->","yoast_head_json":{"title":"Horca de 5 p\u00faas con mango de madera y anilla de metal | SAIGA","description":"Horca de 5 p\u00faas con mango de madera y anilla de metal","robots":{"index":"index","follow":"follow","max-snippet":"max-snippet:-1","max-image-preview":"max-image-preview:large","max-video-preview":"max-video-preview:-1"},"canonical":"https:\/\/saiga.es\/es\/producto\/horca-de-5-puas-con-mango-de-madera-y-anilla-de-metal\/","og_locale":"es_ES","og_type":"article","og_title":"Horca de 5 p\u00faas con mango de madera y anilla de metal | SAIGA","og_description":"Horca de 5 p\u00faas con mango de madera y anilla de metal","og_url":"https:\/\/saiga.es\/es\/producto\/horca-de-5-puas-con-mango-de-madera-y-anilla-de-metal\/","og_site_name":"SAIGA","og_image":[{"width":1080,"height":1080,"url":"https:\/\/saiga.es\/wp-content\/uploads\/2024\/01\/Forca-de-5-pues.jpg","type":"image\/jpeg"}],"twitter_card":"summary_large_image","twitter_site":"@saiga_agro","twitter_misc":{"Tiempo de lectura":"1 minuto"},"schema":{"@context":"https:\/\/schema.org","@graph":[{"@type":"WebPage","@id":"https:\/\/saiga.es\/es\/producto\/horca-de-5-puas-con-mango-de-madera-y-anilla-de-metal\/","url":"https:\/\/saiga.es\/es\/producto\/horca-de-5-puas-con-mango-de-madera-y-anilla-de-metal\/","name":"Horca de 5 p\u00faas con mango de madera y anilla de metal | SAIGA","isPartOf":{"@id":"https:\/\/saiga.es\/es\/#website"},"primaryImageOfPage":{"@id":"https:\/\/saiga.es\/es\/producto\/horca-de-5-puas-con-mango-de-madera-y-anilla-de-metal\/#primaryimage"},"image":{"@id":"https:\/\/saiga.es\/es\/producto\/horca-de-5-puas-con-mango-de-madera-y-anilla-de-metal\/#primaryimage"},"thumbnailUrl":"https:\/\/saiga.es\/wp-content\/uploads\/2024\/01\/Forca-de-5-pues.jpg","datePublished":"2024-01-11T14:08:06+00:00","description":"Horca de 5 p\u00faas con mango de madera y anilla de metal","breadcrumb":{"@id":"https:\/\/saiga.es\/es\/producto\/horca-de-5-puas-con-mango-de-madera-y-anilla-de-metal\/#breadcrumb"},"inLanguage":"es","potentialAction":[{"@type":"ReadAction","target":["https:\/\/saiga.es\/es\/producto\/horca-de-5-puas-con-mango-de-madera-y-anilla-de-metal\/"]}]},{"@type":"ImageObject","inLanguage":"es","@id":"https:\/\/saiga.es\/es\/producto\/horca-de-5-puas-con-mango-de-madera-y-anilla-de-metal\/#primaryimage","url":"https:\/\/saiga.es\/wp-content\/uploads\/2024\/01\/Forca-de-5-pues.jpg","contentUrl":"https:\/\/saiga.es\/wp-content\/uploads\/2024\/01\/Forca-de-5-pues.jpg","width":1080,"height":1080,"caption":"Forca de cinc p\u00faes"},{"@type":"BreadcrumbList","@id":"https:\/\/saiga.es\/es\/producto\/horca-de-5-puas-con-mango-de-madera-y-anilla-de-metal\/#breadcrumb","itemListElement":[{"@type":"ListItem","position":1,"name":"Inici","item":"https:\/\/saiga.es\/es\/"},{"@type":"ListItem","position":2,"name":"Tienda","item":"https:\/\/saiga.es\/es\/tienda\/"},{"@type":"ListItem","position":3,"name":"Horca de 5 p\u00faas con mango de madera y anilla de metal"}]},{"@type":"WebSite","@id":"https:\/\/saiga.es\/es\/#website","url":"https:\/\/saiga.es\/es\/","name":"SAIGA","description":"M\u00e9s de 50 anys al servei de la terra i treballant per a un \u00fas eficient de l\u2019aigua!","publisher":{"@id":"https:\/\/saiga.es\/es\/#organization"},"potentialAction":[{"@type":"SearchAction","target":{"@type":"EntryPoint","urlTemplate":"https:\/\/saiga.es\/es\/?s={search_term_string}"},"query-input":{"@type":"PropertyValueSpecification","valueRequired":true,"valueName":"search_term_string"}}],"inLanguage":"es"},{"@type":"Organization","@id":"https:\/\/saiga.es\/es\/#organization","name":"SAIGA","url":"https:\/\/saiga.es\/es\/","logo":{"@type":"ImageObject","inLanguage":"es","@id":"https:\/\/saiga.es\/es\/#\/schema\/logo\/image\/","url":"https:\/\/saiga.es\/wp-content\/uploads\/2025\/07\/logo_saiga_baseline_optimitzat.svg","contentUrl":"https:\/\/saiga.es\/wp-content\/uploads\/2025\/07\/logo_saiga_baseline_optimitzat.svg","caption":"SAIGA"},"image":{"@id":"https:\/\/saiga.es\/es\/#\/schema\/logo\/image\/"},"sameAs":["https:\/\/x.com\/saiga_agro","https:\/\/www.instagram.com\/saiga_agro\/"]}]}},"_links":{"self":[{"href":"https:\/\/saiga.es\/es\/wp-json\/wp\/v2\/product\/6613","targetHints":{"allow":["GET"]}}],"collection":[{"href":"https:\/\/saiga.es\/es\/wp-json\/wp\/v2\/product"}],"about":[{"href":"https:\/\/saiga.es\/es\/wp-json\/wp\/v2\/types\/product"}],"replies":[{"embeddable":true,"href":"https:\/\/saiga.es\/es\/wp-json\/wp\/v2\/comments?post=6613"}],"wp:featuredmedia":[{"embeddable":true,"href":"https:\/\/saiga.es\/es\/wp-json\/wp\/v2\/media\/11804"}],"wp:attachment":[{"href":"https:\/\/saiga.es\/es\/wp-json\/wp\/v2\/media?parent=6613"}],"wp:term":[{"taxonomy":"product_brand","embeddable":true,"href":"https:\/\/saiga.es\/es\/wp-json\/wp\/v2\/product_brand?post=6613"},{"taxonomy":"product_cat","embeddable":true,"href":"https:\/\/saiga.es\/es\/wp-json\/wp\/v2\/product_cat?post=6613"},{"taxonomy":"product_tag","embeddable":true,"href":"https:\/\/saiga.es\/es\/wp-json\/wp\/v2\/product_tag?post=6613"}],"curies":[{"name":"wp","href":"https:\/\/api.w.org\/{rel}","templated":true}]}}