{"id":6687,"date":"2024-01-08T12:57:03","date_gmt":"2024-01-08T12:57:03","guid":{"rendered":"https:\/\/botiga.saiga.es\/producte\/cepillo-escoba-40-cm\/"},"modified":"2025-10-27T07:53:30","modified_gmt":"2025-10-27T07:53:30","slug":"cepillo-escoba-40-cm","status":"publish","type":"product","link":"https:\/\/saiga.es\/es\/producto\/cepillo-escoba-40-cm\/","title":{"rendered":"Cepillo escoba 40 cm"},"content":{"rendered":"<p>El cepillo de 40 cm de fibra sint\u00e9tica fuerte, r\u00edgida y duradera adecuado para barrido exterior de suelos rugosos o lisos de cemento, piedra, asfalto, etc.<br \/>\nRecomendado para barrido de exteriores con part\u00edculas de polvo peque\u00f1os o bien para grandes espacios como garajes, patios, calles, empedrado, etc. Capaz de arrastrar gran cantidad de suciedad, como hojas, tierra, gravilla\u2026<br \/>\nIdeal para barridos fuertes en construcci\u00f3n, obras p\u00fablicas, naves industriales, talleres, parkings, f\u00e1bricas, almacenes, cuadros, barcos, etc. permitiendo mantener limpia su \u00e1rea de trabajo.<br \/>\nSoporte: Polipropileno reciclado. Para mangos con rosca de \u00d8 28 mm.<\/p>\n<p>Fibra: PET NEGRO \u00d8 1,20 mm 5 filas<\/p>\n<p>Cosido: Alambre galvanizado.<\/p>\n","protected":false},"excerpt":{"rendered":"<p>El cepillo de 40 cm de fibra sint\u00e9tica fuerte, r\u00edgida y duradera adecuado para barrido exterior de suelos rugosos o lisos de cemento, piedra, asfalto, etc.<\/p>\n","protected":false},"featured_media":6461,"comment_status":"closed","ping_status":"closed","template":"","meta":[],"product_brand":[],"product_cat":[393],"product_tag":[],"class_list":{"0":"post-6687","1":"product","2":"type-product","3":"status-publish","4":"has-post-thumbnail","6":"product_cat-limpieza","8":"first","9":"instock","10":"taxable","11":"shipping-taxable","12":"purchasable","13":"product-type-simple"},"yoast_head":"<!-- This site is optimized with the Yoast SEO plugin v27.4 - https:\/\/yoast.com\/product\/yoast-seo-wordpress\/ -->\n<title>Cepillo escoba 40 cm | SAIGA<\/title>\n<meta name=\"description\" content=\"El cepillo de 40 cm de fibra sint\u00e9tica fuerte, r\u00edgida y duradera adecuado para barrido exterior de suelos rugosos o lisos de cemento, piedra, asfalto, etc.\" \/>\n<meta name=\"robots\" content=\"index, follow, max-snippet:-1, max-image-preview:large, max-video-preview:-1\" \/>\n<link rel=\"canonical\" href=\"https:\/\/saiga.es\/es\/producto\/cepillo-escoba-40-cm\/\" \/>\n<meta property=\"og:locale\" content=\"es_ES\" \/>\n<meta property=\"og:type\" content=\"article\" \/>\n<meta property=\"og:title\" content=\"Cepillo escoba 40 cm | SAIGA\" \/>\n<meta property=\"og:description\" content=\"El cepillo de 40 cm de fibra sint\u00e9tica fuerte, r\u00edgida y duradera adecuado para barrido exterior de suelos rugosos o lisos de cemento, piedra, asfalto, etc.\" \/>\n<meta property=\"og:url\" content=\"https:\/\/saiga.es\/es\/producto\/cepillo-escoba-40-cm\/\" \/>\n<meta property=\"og:site_name\" content=\"SAIGA\" \/>\n<meta property=\"article:modified_time\" content=\"2025-10-27T07:53:30+00:00\" \/>\n<meta property=\"og:image\" content=\"https:\/\/saiga.es\/wp-content\/uploads\/2024\/01\/Raspall.jpg\" \/>\n\t<meta property=\"og:image:width\" content=\"1000\" \/>\n\t<meta property=\"og:image:height\" content=\"1000\" \/>\n\t<meta property=\"og:image:type\" content=\"image\/jpeg\" \/>\n<meta name=\"twitter:card\" content=\"summary_large_image\" \/>\n<meta name=\"twitter:site\" content=\"@saiga_agro\" \/>\n<meta name=\"twitter:label1\" content=\"Tiempo de lectura\" \/>\n\t<meta name=\"twitter:data1\" content=\"1 minuto\" \/>\n<script type=\"application\/ld+json\" class=\"yoast-schema-graph\">{\"@context\":\"https:\\\/\\\/schema.org\",\"@graph\":[{\"@type\":\"WebPage\",\"@id\":\"https:\\\/\\\/saiga.es\\\/es\\\/producto\\\/cepillo-escoba-40-cm\\\/\",\"url\":\"https:\\\/\\\/saiga.es\\\/es\\\/producto\\\/cepillo-escoba-40-cm\\\/\",\"name\":\"Cepillo escoba 40 cm | SAIGA\",\"isPartOf\":{\"@id\":\"https:\\\/\\\/saiga.es\\\/es\\\/#website\"},\"primaryImageOfPage\":{\"@id\":\"https:\\\/\\\/saiga.es\\\/es\\\/producto\\\/cepillo-escoba-40-cm\\\/#primaryimage\"},\"image\":{\"@id\":\"https:\\\/\\\/saiga.es\\\/es\\\/producto\\\/cepillo-escoba-40-cm\\\/#primaryimage\"},\"thumbnailUrl\":\"https:\\\/\\\/saiga.es\\\/wp-content\\\/uploads\\\/2024\\\/01\\\/Raspall.jpg\",\"datePublished\":\"2024-01-08T12:57:03+00:00\",\"dateModified\":\"2025-10-27T07:53:30+00:00\",\"description\":\"El cepillo de 40 cm de fibra sint\u00e9tica fuerte, r\u00edgida y duradera adecuado para barrido exterior de suelos rugosos o lisos de cemento, piedra, asfalto, etc.\",\"breadcrumb\":{\"@id\":\"https:\\\/\\\/saiga.es\\\/es\\\/producto\\\/cepillo-escoba-40-cm\\\/#breadcrumb\"},\"inLanguage\":\"es\",\"potentialAction\":[{\"@type\":\"ReadAction\",\"target\":[\"https:\\\/\\\/saiga.es\\\/es\\\/producto\\\/cepillo-escoba-40-cm\\\/\"]}]},{\"@type\":\"ImageObject\",\"inLanguage\":\"es\",\"@id\":\"https:\\\/\\\/saiga.es\\\/es\\\/producto\\\/cepillo-escoba-40-cm\\\/#primaryimage\",\"url\":\"https:\\\/\\\/saiga.es\\\/wp-content\\\/uploads\\\/2024\\\/01\\\/Raspall.jpg\",\"contentUrl\":\"https:\\\/\\\/saiga.es\\\/wp-content\\\/uploads\\\/2024\\\/01\\\/Raspall.jpg\",\"width\":1000,\"height\":1000,\"caption\":\"Cepillo\"},{\"@type\":\"BreadcrumbList\",\"@id\":\"https:\\\/\\\/saiga.es\\\/es\\\/producto\\\/cepillo-escoba-40-cm\\\/#breadcrumb\",\"itemListElement\":[{\"@type\":\"ListItem\",\"position\":1,\"name\":\"Inici\",\"item\":\"https:\\\/\\\/saiga.es\\\/es\\\/\"},{\"@type\":\"ListItem\",\"position\":2,\"name\":\"Tienda\",\"item\":\"https:\\\/\\\/saiga.es\\\/es\\\/tienda\\\/\"},{\"@type\":\"ListItem\",\"position\":3,\"name\":\"Cepillo escoba 40 cm\"}]},{\"@type\":\"WebSite\",\"@id\":\"https:\\\/\\\/saiga.es\\\/es\\\/#website\",\"url\":\"https:\\\/\\\/saiga.es\\\/es\\\/\",\"name\":\"SAIGA\",\"description\":\"M\u00e9s de 50 anys al servei de la terra i treballant per a un \u00fas eficient de l\u2019aigua!\",\"publisher\":{\"@id\":\"https:\\\/\\\/saiga.es\\\/es\\\/#organization\"},\"potentialAction\":[{\"@type\":\"SearchAction\",\"target\":{\"@type\":\"EntryPoint\",\"urlTemplate\":\"https:\\\/\\\/saiga.es\\\/es\\\/?s={search_term_string}\"},\"query-input\":{\"@type\":\"PropertyValueSpecification\",\"valueRequired\":true,\"valueName\":\"search_term_string\"}}],\"inLanguage\":\"es\"},{\"@type\":\"Organization\",\"@id\":\"https:\\\/\\\/saiga.es\\\/es\\\/#organization\",\"name\":\"SAIGA\",\"url\":\"https:\\\/\\\/saiga.es\\\/es\\\/\",\"logo\":{\"@type\":\"ImageObject\",\"inLanguage\":\"es\",\"@id\":\"https:\\\/\\\/saiga.es\\\/es\\\/#\\\/schema\\\/logo\\\/image\\\/\",\"url\":\"https:\\\/\\\/saiga.es\\\/wp-content\\\/uploads\\\/2025\\\/07\\\/logo_saiga_baseline_optimitzat.svg\",\"contentUrl\":\"https:\\\/\\\/saiga.es\\\/wp-content\\\/uploads\\\/2025\\\/07\\\/logo_saiga_baseline_optimitzat.svg\",\"caption\":\"SAIGA\"},\"image\":{\"@id\":\"https:\\\/\\\/saiga.es\\\/es\\\/#\\\/schema\\\/logo\\\/image\\\/\"},\"sameAs\":[\"https:\\\/\\\/x.com\\\/saiga_agro\",\"https:\\\/\\\/www.instagram.com\\\/saiga_agro\\\/\"]}]}<\/script>\n<!-- \/ Yoast SEO plugin. -->","yoast_head_json":{"title":"Cepillo escoba 40 cm | SAIGA","description":"El cepillo de 40 cm de fibra sint\u00e9tica fuerte, r\u00edgida y duradera adecuado para barrido exterior de suelos rugosos o lisos de cemento, piedra, asfalto, etc.","robots":{"index":"index","follow":"follow","max-snippet":"max-snippet:-1","max-image-preview":"max-image-preview:large","max-video-preview":"max-video-preview:-1"},"canonical":"https:\/\/saiga.es\/es\/producto\/cepillo-escoba-40-cm\/","og_locale":"es_ES","og_type":"article","og_title":"Cepillo escoba 40 cm | SAIGA","og_description":"El cepillo de 40 cm de fibra sint\u00e9tica fuerte, r\u00edgida y duradera adecuado para barrido exterior de suelos rugosos o lisos de cemento, piedra, asfalto, etc.","og_url":"https:\/\/saiga.es\/es\/producto\/cepillo-escoba-40-cm\/","og_site_name":"SAIGA","article_modified_time":"2025-10-27T07:53:30+00:00","og_image":[{"width":1000,"height":1000,"url":"https:\/\/saiga.es\/wp-content\/uploads\/2024\/01\/Raspall.jpg","type":"image\/jpeg"}],"twitter_card":"summary_large_image","twitter_site":"@saiga_agro","twitter_misc":{"Tiempo de lectura":"1 minuto"},"schema":{"@context":"https:\/\/schema.org","@graph":[{"@type":"WebPage","@id":"https:\/\/saiga.es\/es\/producto\/cepillo-escoba-40-cm\/","url":"https:\/\/saiga.es\/es\/producto\/cepillo-escoba-40-cm\/","name":"Cepillo escoba 40 cm | SAIGA","isPartOf":{"@id":"https:\/\/saiga.es\/es\/#website"},"primaryImageOfPage":{"@id":"https:\/\/saiga.es\/es\/producto\/cepillo-escoba-40-cm\/#primaryimage"},"image":{"@id":"https:\/\/saiga.es\/es\/producto\/cepillo-escoba-40-cm\/#primaryimage"},"thumbnailUrl":"https:\/\/saiga.es\/wp-content\/uploads\/2024\/01\/Raspall.jpg","datePublished":"2024-01-08T12:57:03+00:00","dateModified":"2025-10-27T07:53:30+00:00","description":"El cepillo de 40 cm de fibra sint\u00e9tica fuerte, r\u00edgida y duradera adecuado para barrido exterior de suelos rugosos o lisos de cemento, piedra, asfalto, etc.","breadcrumb":{"@id":"https:\/\/saiga.es\/es\/producto\/cepillo-escoba-40-cm\/#breadcrumb"},"inLanguage":"es","potentialAction":[{"@type":"ReadAction","target":["https:\/\/saiga.es\/es\/producto\/cepillo-escoba-40-cm\/"]}]},{"@type":"ImageObject","inLanguage":"es","@id":"https:\/\/saiga.es\/es\/producto\/cepillo-escoba-40-cm\/#primaryimage","url":"https:\/\/saiga.es\/wp-content\/uploads\/2024\/01\/Raspall.jpg","contentUrl":"https:\/\/saiga.es\/wp-content\/uploads\/2024\/01\/Raspall.jpg","width":1000,"height":1000,"caption":"Cepillo"},{"@type":"BreadcrumbList","@id":"https:\/\/saiga.es\/es\/producto\/cepillo-escoba-40-cm\/#breadcrumb","itemListElement":[{"@type":"ListItem","position":1,"name":"Inici","item":"https:\/\/saiga.es\/es\/"},{"@type":"ListItem","position":2,"name":"Tienda","item":"https:\/\/saiga.es\/es\/tienda\/"},{"@type":"ListItem","position":3,"name":"Cepillo escoba 40 cm"}]},{"@type":"WebSite","@id":"https:\/\/saiga.es\/es\/#website","url":"https:\/\/saiga.es\/es\/","name":"SAIGA","description":"M\u00e9s de 50 anys al servei de la terra i treballant per a un \u00fas eficient de l\u2019aigua!","publisher":{"@id":"https:\/\/saiga.es\/es\/#organization"},"potentialAction":[{"@type":"SearchAction","target":{"@type":"EntryPoint","urlTemplate":"https:\/\/saiga.es\/es\/?s={search_term_string}"},"query-input":{"@type":"PropertyValueSpecification","valueRequired":true,"valueName":"search_term_string"}}],"inLanguage":"es"},{"@type":"Organization","@id":"https:\/\/saiga.es\/es\/#organization","name":"SAIGA","url":"https:\/\/saiga.es\/es\/","logo":{"@type":"ImageObject","inLanguage":"es","@id":"https:\/\/saiga.es\/es\/#\/schema\/logo\/image\/","url":"https:\/\/saiga.es\/wp-content\/uploads\/2025\/07\/logo_saiga_baseline_optimitzat.svg","contentUrl":"https:\/\/saiga.es\/wp-content\/uploads\/2025\/07\/logo_saiga_baseline_optimitzat.svg","caption":"SAIGA"},"image":{"@id":"https:\/\/saiga.es\/es\/#\/schema\/logo\/image\/"},"sameAs":["https:\/\/x.com\/saiga_agro","https:\/\/www.instagram.com\/saiga_agro\/"]}]}},"_links":{"self":[{"href":"https:\/\/saiga.es\/es\/wp-json\/wp\/v2\/product\/6687","targetHints":{"allow":["GET"]}}],"collection":[{"href":"https:\/\/saiga.es\/es\/wp-json\/wp\/v2\/product"}],"about":[{"href":"https:\/\/saiga.es\/es\/wp-json\/wp\/v2\/types\/product"}],"replies":[{"embeddable":true,"href":"https:\/\/saiga.es\/es\/wp-json\/wp\/v2\/comments?post=6687"}],"wp:featuredmedia":[{"embeddable":true,"href":"https:\/\/saiga.es\/es\/wp-json\/wp\/v2\/media\/6461"}],"wp:attachment":[{"href":"https:\/\/saiga.es\/es\/wp-json\/wp\/v2\/media?parent=6687"}],"wp:term":[{"taxonomy":"product_brand","embeddable":true,"href":"https:\/\/saiga.es\/es\/wp-json\/wp\/v2\/product_brand?post=6687"},{"taxonomy":"product_cat","embeddable":true,"href":"https:\/\/saiga.es\/es\/wp-json\/wp\/v2\/product_cat?post=6687"},{"taxonomy":"product_tag","embeddable":true,"href":"https:\/\/saiga.es\/es\/wp-json\/wp\/v2\/product_tag?post=6687"}],"curies":[{"name":"wp","href":"https:\/\/api.w.org\/{rel}","templated":true}]}}