{"id":6688,"date":"2024-01-08T12:35:56","date_gmt":"2024-01-08T12:35:56","guid":{"rendered":"https:\/\/botiga.saiga.es\/producte\/escoba-mijo-plastico\/"},"modified":"2026-02-10T11:10:53","modified_gmt":"2026-02-10T11:10:53","slug":"escoba-mijo-plastico","status":"publish","type":"product","link":"https:\/\/saiga.es\/es\/producto\/escoba-mijo-plastico\/","title":{"rendered":"Escoba mijo pl\u00e1stico"},"content":{"rendered":"<p>La escoba de mijo pl\u00e1stico, es ideal para la industria y suelos r\u00fasticos. Ligera, resistente y de gran durabilidad. Est\u00e1 hecha de polipropileno o polietileno.<\/p>\n<p>Medidas aproximadas:<br \/>\nAltura: 17 cm<br \/>\nAncho: 30 cm.<\/p>\n","protected":false},"excerpt":{"rendered":"<p>La escoba de mijo pl\u00e1stico, es ideal para la industria y suelos r\u00fasticos. Ligera, resistente y de gran durabilidad. Est\u00e1 hecha de polipropileno o polietileno.<\/p>\n","protected":false},"featured_media":6458,"comment_status":"closed","ping_status":"closed","template":"","meta":[],"product_brand":[],"product_cat":[393],"product_tag":[533,537],"class_list":{"0":"post-6688","1":"product","2":"type-product","3":"status-publish","4":"has-post-thumbnail","6":"product_cat-limpieza","7":"product_tag-escoba","8":"product_tag-escoba-mijo","10":"first","11":"instock","12":"taxable","13":"shipping-taxable","14":"purchasable","15":"product-type-simple"},"yoast_head":"<!-- This site is optimized with the Yoast SEO plugin v27.4 - https:\/\/yoast.com\/product\/yoast-seo-wordpress\/ -->\n<title>Escoba mijo pl\u00e1stico | SAIGA<\/title>\n<meta name=\"description\" content=\"La escoba de mijo pl\u00e1stico, es ideal para la industria y suelos r\u00fasticos. Ligera, resistente y de gran durabilidad. Est\u00e1 hecha de polipropileno o polietileno.\" \/>\n<meta name=\"robots\" content=\"index, follow, max-snippet:-1, max-image-preview:large, max-video-preview:-1\" \/>\n<link rel=\"canonical\" href=\"https:\/\/saiga.es\/es\/producto\/escoba-mijo-plastico\/\" \/>\n<meta property=\"og:locale\" content=\"es_ES\" \/>\n<meta property=\"og:type\" content=\"article\" \/>\n<meta property=\"og:title\" content=\"Escoba mijo pl\u00e1stico | SAIGA\" \/>\n<meta property=\"og:description\" content=\"La escoba de mijo pl\u00e1stico, es ideal para la industria y suelos r\u00fasticos. Ligera, resistente y de gran durabilidad. Est\u00e1 hecha de polipropileno o polietileno.\" \/>\n<meta property=\"og:url\" content=\"https:\/\/saiga.es\/es\/producto\/escoba-mijo-plastico\/\" \/>\n<meta property=\"og:site_name\" content=\"SAIGA\" \/>\n<meta property=\"article:modified_time\" content=\"2026-02-10T11:10:53+00:00\" \/>\n<meta property=\"og:image\" content=\"https:\/\/saiga.es\/wp-content\/uploads\/2024\/01\/Escombra-mill-plastic.jpg\" \/>\n\t<meta property=\"og:image:width\" content=\"768\" \/>\n\t<meta property=\"og:image:height\" content=\"910\" \/>\n\t<meta property=\"og:image:type\" content=\"image\/jpeg\" \/>\n<meta name=\"twitter:card\" content=\"summary_large_image\" \/>\n<meta name=\"twitter:site\" content=\"@saiga_agro\" \/>\n<script type=\"application\/ld+json\" class=\"yoast-schema-graph\">{\"@context\":\"https:\\\/\\\/schema.org\",\"@graph\":[{\"@type\":\"WebPage\",\"@id\":\"https:\\\/\\\/saiga.es\\\/es\\\/producto\\\/escoba-mijo-plastico\\\/\",\"url\":\"https:\\\/\\\/saiga.es\\\/es\\\/producto\\\/escoba-mijo-plastico\\\/\",\"name\":\"Escoba mijo pl\u00e1stico | SAIGA\",\"isPartOf\":{\"@id\":\"https:\\\/\\\/saiga.es\\\/es\\\/#website\"},\"primaryImageOfPage\":{\"@id\":\"https:\\\/\\\/saiga.es\\\/es\\\/producto\\\/escoba-mijo-plastico\\\/#primaryimage\"},\"image\":{\"@id\":\"https:\\\/\\\/saiga.es\\\/es\\\/producto\\\/escoba-mijo-plastico\\\/#primaryimage\"},\"thumbnailUrl\":\"https:\\\/\\\/saiga.es\\\/wp-content\\\/uploads\\\/2024\\\/01\\\/Escombra-mill-plastic.jpg\",\"datePublished\":\"2024-01-08T12:35:56+00:00\",\"dateModified\":\"2026-02-10T11:10:53+00:00\",\"description\":\"La escoba de mijo pl\u00e1stico, es ideal para la industria y suelos r\u00fasticos. Ligera, resistente y de gran durabilidad. Est\u00e1 hecha de polipropileno o polietileno.\",\"breadcrumb\":{\"@id\":\"https:\\\/\\\/saiga.es\\\/es\\\/producto\\\/escoba-mijo-plastico\\\/#breadcrumb\"},\"inLanguage\":\"es\",\"potentialAction\":[{\"@type\":\"ReadAction\",\"target\":[\"https:\\\/\\\/saiga.es\\\/es\\\/producto\\\/escoba-mijo-plastico\\\/\"]}]},{\"@type\":\"ImageObject\",\"inLanguage\":\"es\",\"@id\":\"https:\\\/\\\/saiga.es\\\/es\\\/producto\\\/escoba-mijo-plastico\\\/#primaryimage\",\"url\":\"https:\\\/\\\/saiga.es\\\/wp-content\\\/uploads\\\/2024\\\/01\\\/Escombra-mill-plastic.jpg\",\"contentUrl\":\"https:\\\/\\\/saiga.es\\\/wp-content\\\/uploads\\\/2024\\\/01\\\/Escombra-mill-plastic.jpg\",\"width\":768,\"height\":910,\"caption\":\"Escoba mijo pl\u00e1stico\"},{\"@type\":\"BreadcrumbList\",\"@id\":\"https:\\\/\\\/saiga.es\\\/es\\\/producto\\\/escoba-mijo-plastico\\\/#breadcrumb\",\"itemListElement\":[{\"@type\":\"ListItem\",\"position\":1,\"name\":\"Inici\",\"item\":\"https:\\\/\\\/saiga.es\\\/es\\\/\"},{\"@type\":\"ListItem\",\"position\":2,\"name\":\"Tienda\",\"item\":\"https:\\\/\\\/saiga.es\\\/es\\\/tienda\\\/\"},{\"@type\":\"ListItem\",\"position\":3,\"name\":\"Escoba mijo pl\u00e1stico\"}]},{\"@type\":\"WebSite\",\"@id\":\"https:\\\/\\\/saiga.es\\\/es\\\/#website\",\"url\":\"https:\\\/\\\/saiga.es\\\/es\\\/\",\"name\":\"SAIGA\",\"description\":\"M\u00e9s de 50 anys al servei de la terra i treballant per a un \u00fas eficient de l\u2019aigua!\",\"publisher\":{\"@id\":\"https:\\\/\\\/saiga.es\\\/es\\\/#organization\"},\"potentialAction\":[{\"@type\":\"SearchAction\",\"target\":{\"@type\":\"EntryPoint\",\"urlTemplate\":\"https:\\\/\\\/saiga.es\\\/es\\\/?s={search_term_string}\"},\"query-input\":{\"@type\":\"PropertyValueSpecification\",\"valueRequired\":true,\"valueName\":\"search_term_string\"}}],\"inLanguage\":\"es\"},{\"@type\":\"Organization\",\"@id\":\"https:\\\/\\\/saiga.es\\\/es\\\/#organization\",\"name\":\"SAIGA\",\"url\":\"https:\\\/\\\/saiga.es\\\/es\\\/\",\"logo\":{\"@type\":\"ImageObject\",\"inLanguage\":\"es\",\"@id\":\"https:\\\/\\\/saiga.es\\\/es\\\/#\\\/schema\\\/logo\\\/image\\\/\",\"url\":\"https:\\\/\\\/saiga.es\\\/wp-content\\\/uploads\\\/2025\\\/07\\\/logo_saiga_baseline_optimitzat.svg\",\"contentUrl\":\"https:\\\/\\\/saiga.es\\\/wp-content\\\/uploads\\\/2025\\\/07\\\/logo_saiga_baseline_optimitzat.svg\",\"caption\":\"SAIGA\"},\"image\":{\"@id\":\"https:\\\/\\\/saiga.es\\\/es\\\/#\\\/schema\\\/logo\\\/image\\\/\"},\"sameAs\":[\"https:\\\/\\\/x.com\\\/saiga_agro\",\"https:\\\/\\\/www.instagram.com\\\/saiga_agro\\\/\"]}]}<\/script>\n<!-- \/ Yoast SEO plugin. -->","yoast_head_json":{"title":"Escoba mijo pl\u00e1stico | SAIGA","description":"La escoba de mijo pl\u00e1stico, es ideal para la industria y suelos r\u00fasticos. Ligera, resistente y de gran durabilidad. Est\u00e1 hecha de polipropileno o polietileno.","robots":{"index":"index","follow":"follow","max-snippet":"max-snippet:-1","max-image-preview":"max-image-preview:large","max-video-preview":"max-video-preview:-1"},"canonical":"https:\/\/saiga.es\/es\/producto\/escoba-mijo-plastico\/","og_locale":"es_ES","og_type":"article","og_title":"Escoba mijo pl\u00e1stico | SAIGA","og_description":"La escoba de mijo pl\u00e1stico, es ideal para la industria y suelos r\u00fasticos. Ligera, resistente y de gran durabilidad. Est\u00e1 hecha de polipropileno o polietileno.","og_url":"https:\/\/saiga.es\/es\/producto\/escoba-mijo-plastico\/","og_site_name":"SAIGA","article_modified_time":"2026-02-10T11:10:53+00:00","og_image":[{"width":768,"height":910,"url":"https:\/\/saiga.es\/wp-content\/uploads\/2024\/01\/Escombra-mill-plastic.jpg","type":"image\/jpeg"}],"twitter_card":"summary_large_image","twitter_site":"@saiga_agro","schema":{"@context":"https:\/\/schema.org","@graph":[{"@type":"WebPage","@id":"https:\/\/saiga.es\/es\/producto\/escoba-mijo-plastico\/","url":"https:\/\/saiga.es\/es\/producto\/escoba-mijo-plastico\/","name":"Escoba mijo pl\u00e1stico | SAIGA","isPartOf":{"@id":"https:\/\/saiga.es\/es\/#website"},"primaryImageOfPage":{"@id":"https:\/\/saiga.es\/es\/producto\/escoba-mijo-plastico\/#primaryimage"},"image":{"@id":"https:\/\/saiga.es\/es\/producto\/escoba-mijo-plastico\/#primaryimage"},"thumbnailUrl":"https:\/\/saiga.es\/wp-content\/uploads\/2024\/01\/Escombra-mill-plastic.jpg","datePublished":"2024-01-08T12:35:56+00:00","dateModified":"2026-02-10T11:10:53+00:00","description":"La escoba de mijo pl\u00e1stico, es ideal para la industria y suelos r\u00fasticos. Ligera, resistente y de gran durabilidad. Est\u00e1 hecha de polipropileno o polietileno.","breadcrumb":{"@id":"https:\/\/saiga.es\/es\/producto\/escoba-mijo-plastico\/#breadcrumb"},"inLanguage":"es","potentialAction":[{"@type":"ReadAction","target":["https:\/\/saiga.es\/es\/producto\/escoba-mijo-plastico\/"]}]},{"@type":"ImageObject","inLanguage":"es","@id":"https:\/\/saiga.es\/es\/producto\/escoba-mijo-plastico\/#primaryimage","url":"https:\/\/saiga.es\/wp-content\/uploads\/2024\/01\/Escombra-mill-plastic.jpg","contentUrl":"https:\/\/saiga.es\/wp-content\/uploads\/2024\/01\/Escombra-mill-plastic.jpg","width":768,"height":910,"caption":"Escoba mijo pl\u00e1stico"},{"@type":"BreadcrumbList","@id":"https:\/\/saiga.es\/es\/producto\/escoba-mijo-plastico\/#breadcrumb","itemListElement":[{"@type":"ListItem","position":1,"name":"Inici","item":"https:\/\/saiga.es\/es\/"},{"@type":"ListItem","position":2,"name":"Tienda","item":"https:\/\/saiga.es\/es\/tienda\/"},{"@type":"ListItem","position":3,"name":"Escoba mijo pl\u00e1stico"}]},{"@type":"WebSite","@id":"https:\/\/saiga.es\/es\/#website","url":"https:\/\/saiga.es\/es\/","name":"SAIGA","description":"M\u00e9s de 50 anys al servei de la terra i treballant per a un \u00fas eficient de l\u2019aigua!","publisher":{"@id":"https:\/\/saiga.es\/es\/#organization"},"potentialAction":[{"@type":"SearchAction","target":{"@type":"EntryPoint","urlTemplate":"https:\/\/saiga.es\/es\/?s={search_term_string}"},"query-input":{"@type":"PropertyValueSpecification","valueRequired":true,"valueName":"search_term_string"}}],"inLanguage":"es"},{"@type":"Organization","@id":"https:\/\/saiga.es\/es\/#organization","name":"SAIGA","url":"https:\/\/saiga.es\/es\/","logo":{"@type":"ImageObject","inLanguage":"es","@id":"https:\/\/saiga.es\/es\/#\/schema\/logo\/image\/","url":"https:\/\/saiga.es\/wp-content\/uploads\/2025\/07\/logo_saiga_baseline_optimitzat.svg","contentUrl":"https:\/\/saiga.es\/wp-content\/uploads\/2025\/07\/logo_saiga_baseline_optimitzat.svg","caption":"SAIGA"},"image":{"@id":"https:\/\/saiga.es\/es\/#\/schema\/logo\/image\/"},"sameAs":["https:\/\/x.com\/saiga_agro","https:\/\/www.instagram.com\/saiga_agro\/"]}]}},"_links":{"self":[{"href":"https:\/\/saiga.es\/es\/wp-json\/wp\/v2\/product\/6688","targetHints":{"allow":["GET"]}}],"collection":[{"href":"https:\/\/saiga.es\/es\/wp-json\/wp\/v2\/product"}],"about":[{"href":"https:\/\/saiga.es\/es\/wp-json\/wp\/v2\/types\/product"}],"replies":[{"embeddable":true,"href":"https:\/\/saiga.es\/es\/wp-json\/wp\/v2\/comments?post=6688"}],"wp:featuredmedia":[{"embeddable":true,"href":"https:\/\/saiga.es\/es\/wp-json\/wp\/v2\/media\/6458"}],"wp:attachment":[{"href":"https:\/\/saiga.es\/es\/wp-json\/wp\/v2\/media?parent=6688"}],"wp:term":[{"taxonomy":"product_brand","embeddable":true,"href":"https:\/\/saiga.es\/es\/wp-json\/wp\/v2\/product_brand?post=6688"},{"taxonomy":"product_cat","embeddable":true,"href":"https:\/\/saiga.es\/es\/wp-json\/wp\/v2\/product_cat?post=6688"},{"taxonomy":"product_tag","embeddable":true,"href":"https:\/\/saiga.es\/es\/wp-json\/wp\/v2\/product_tag?post=6688"}],"curies":[{"name":"wp","href":"https:\/\/api.w.org\/{rel}","templated":true}]}}