{"id":6693,"date":"2024-01-08T12:28:35","date_gmt":"2024-01-08T12:28:35","guid":{"rendered":"https:\/\/botiga.saiga.es\/producte\/serrucho-telescopico-tlx-2-x-15-bh\/"},"modified":"2025-10-27T07:53:29","modified_gmt":"2025-10-27T07:53:29","slug":"serrucho-telescopico-tlx-2-x-15-bh","status":"publish","type":"product","link":"https:\/\/saiga.es\/es\/producto\/serrucho-telescopico-tlx-2-x-15-bh\/","title":{"rendered":"Serrucho telesc\u00f3pico TLX 2 x 1,5 BH"},"content":{"rendered":"<p>El serrucho telesc\u00f3pico TLX 2 x 1,5 BH dispone de una p\u00e9rtiga para trabajar con mayor comodidad llegando a 3 m de altura.<\/p>\n<p><strong>DESCRIPCI\u00d3N DE LA PERCHA<\/strong><br \/>\nSerrucho telesc\u00f3pico de aluminio ovalado, de 3 metros.<\/p>\n<p><strong>CARACTER\u00cdSTICAS DE LA PERCHA TLX 2X1,5 BH<\/strong><br \/>\n&#8211; Mango de aluminio revestido de goma, para facilitar el trabajo incluso sin guantes.<br \/>\n&#8211; El aluminio ovalado permite optimizar la relaci\u00f3n entre peso, resistencia mec\u00e1nica y rigidez.<br \/>\n&#8211; El aluminio est\u00e1 reforzado interiormente en la zona de bot\u00f3n de bloqueo.<br \/>\n&#8211; Mayor regulaci\u00f3n en altura, el tubo de di\u00e1metro menor dispone de 4 agujeros que facilitan el ajuste a distintas longitudes.<br \/>\n&#8211; Doble sistema de bloqueo, integrado en la empu\u00f1adura, garantiza una fijaci\u00f3n segura y resistente.<br \/>\n&#8211; Soporte de hoja fabricado en poliamida, menor peso en el extremo superior del telesc\u00f3pico.<br \/>\n&#8211; Hoja curva cromada de diente endurecido y con gancho.<br \/>\n&#8211; Funda de protecci\u00f3n de pl\u00e1stico.<br \/>\n&#8211; La forma curva y larga de la hoja garantiza una sujeci\u00f3n sobre el tronco especial, se obtiene comodidad en el trabajo y se reduce las vibraciones.<br \/>\n&#8211; Los dientes de la hoja est\u00e1n afilados de forma que s\u00f3lo \u00e9stos tocan la madera, lo que reduce el rozamiento entre el tronco y la hoja. Proporciona un corte perfecto y regular, con menos resistencia y sin da\u00f1ar el \u00e1rbol.<br \/>\n&#8211; Corte por tracci\u00f3n, reduce el esfuerzo y evita la torsi\u00f3n de la hoja.<br \/>\n&#8211; Diente endurecido por impulsos, aumentando la vida del afilado.<br \/>\n&#8211; Hojas cromadas, evita la corrosi\u00f3n y facilita la limpieza de la savia.<br \/>\n&#8211; Acero SK-4, rico en carbono. Aumentando durabilidad de la hoja.<\/p>\n","protected":false},"excerpt":{"rendered":"<p>El serrucho telesc\u00f3pico TLX 2 x 1,5 BH dispone de una p\u00e9rtiga que permite trabajar a 3 m de altura con mango de aluminio revestido de goma.<\/p>\n","protected":false},"featured_media":6455,"comment_status":"closed","ping_status":"closed","template":"","meta":[],"product_brand":[],"product_cat":[399],"product_tag":[541,542],"class_list":{"0":"post-6693","1":"product","2":"type-product","3":"status-publish","4":"has-post-thumbnail","6":"product_cat-serruchos","7":"product_tag-serrucho-es","8":"product_tag-serrucho-telescopico","10":"first","11":"instock","12":"taxable","13":"shipping-taxable","14":"purchasable","15":"product-type-simple"},"yoast_head":"<!-- This site is optimized with the Yoast SEO plugin v27.4 - https:\/\/yoast.com\/product\/yoast-seo-wordpress\/ -->\n<title>Serrucho telesc\u00f3pico TLX 2 x 1,5 BH | SAIGA<\/title>\n<meta name=\"description\" content=\"El serrucho telesc\u00f3pico TLX 2 x 1,5 BH dispone de una p\u00e9rtiga que permite trabajar a 3 m de altura con mango de aluminio revestido de goma.\" \/>\n<meta name=\"robots\" content=\"index, follow, max-snippet:-1, max-image-preview:large, max-video-preview:-1\" \/>\n<link rel=\"canonical\" href=\"https:\/\/saiga.es\/es\/producto\/serrucho-telescopico-tlx-2-x-15-bh\/\" \/>\n<meta property=\"og:locale\" content=\"es_ES\" \/>\n<meta property=\"og:type\" content=\"article\" \/>\n<meta property=\"og:title\" content=\"Serrucho telesc\u00f3pico TLX 2 x 1,5 BH | SAIGA\" \/>\n<meta property=\"og:description\" content=\"El serrucho telesc\u00f3pico TLX 2 x 1,5 BH dispone de una p\u00e9rtiga que permite trabajar a 3 m de altura con mango de aluminio revestido de goma.\" \/>\n<meta property=\"og:url\" content=\"https:\/\/saiga.es\/es\/producto\/serrucho-telescopico-tlx-2-x-15-bh\/\" \/>\n<meta property=\"og:site_name\" content=\"SAIGA\" \/>\n<meta property=\"article:modified_time\" content=\"2025-10-27T07:53:29+00:00\" \/>\n<meta property=\"og:image\" content=\"https:\/\/saiga.es\/wp-content\/uploads\/2024\/01\/Xerrac-perxa-Kamikaze.jpg\" \/>\n\t<meta property=\"og:image:width\" content=\"381\" \/>\n\t<meta property=\"og:image:height\" content=\"492\" \/>\n\t<meta property=\"og:image:type\" content=\"image\/jpeg\" \/>\n<meta name=\"twitter:card\" content=\"summary_large_image\" \/>\n<meta name=\"twitter:site\" content=\"@saiga_agro\" \/>\n<meta name=\"twitter:label1\" content=\"Tiempo de lectura\" \/>\n\t<meta name=\"twitter:data1\" content=\"1 minuto\" \/>\n<script type=\"application\/ld+json\" class=\"yoast-schema-graph\">{\"@context\":\"https:\\\/\\\/schema.org\",\"@graph\":[{\"@type\":\"WebPage\",\"@id\":\"https:\\\/\\\/saiga.es\\\/es\\\/producto\\\/serrucho-telescopico-tlx-2-x-15-bh\\\/\",\"url\":\"https:\\\/\\\/saiga.es\\\/es\\\/producto\\\/serrucho-telescopico-tlx-2-x-15-bh\\\/\",\"name\":\"Serrucho telesc\u00f3pico TLX 2 x 1,5 BH | SAIGA\",\"isPartOf\":{\"@id\":\"https:\\\/\\\/saiga.es\\\/es\\\/#website\"},\"primaryImageOfPage\":{\"@id\":\"https:\\\/\\\/saiga.es\\\/es\\\/producto\\\/serrucho-telescopico-tlx-2-x-15-bh\\\/#primaryimage\"},\"image\":{\"@id\":\"https:\\\/\\\/saiga.es\\\/es\\\/producto\\\/serrucho-telescopico-tlx-2-x-15-bh\\\/#primaryimage\"},\"thumbnailUrl\":\"https:\\\/\\\/saiga.es\\\/wp-content\\\/uploads\\\/2024\\\/01\\\/Xerrac-perxa-Kamikaze.jpg\",\"datePublished\":\"2024-01-08T12:28:35+00:00\",\"dateModified\":\"2025-10-27T07:53:29+00:00\",\"description\":\"El serrucho telesc\u00f3pico TLX 2 x 1,5 BH dispone de una p\u00e9rtiga que permite trabajar a 3 m de altura con mango de aluminio revestido de goma.\",\"breadcrumb\":{\"@id\":\"https:\\\/\\\/saiga.es\\\/es\\\/producto\\\/serrucho-telescopico-tlx-2-x-15-bh\\\/#breadcrumb\"},\"inLanguage\":\"es\",\"potentialAction\":[{\"@type\":\"ReadAction\",\"target\":[\"https:\\\/\\\/saiga.es\\\/es\\\/producto\\\/serrucho-telescopico-tlx-2-x-15-bh\\\/\"]}]},{\"@type\":\"ImageObject\",\"inLanguage\":\"es\",\"@id\":\"https:\\\/\\\/saiga.es\\\/es\\\/producto\\\/serrucho-telescopico-tlx-2-x-15-bh\\\/#primaryimage\",\"url\":\"https:\\\/\\\/saiga.es\\\/wp-content\\\/uploads\\\/2024\\\/01\\\/Xerrac-perxa-Kamikaze.jpg\",\"contentUrl\":\"https:\\\/\\\/saiga.es\\\/wp-content\\\/uploads\\\/2024\\\/01\\\/Xerrac-perxa-Kamikaze.jpg\",\"width\":381,\"height\":492,\"caption\":\"Serrucho p\u00e9rtiga Kamikaze\"},{\"@type\":\"BreadcrumbList\",\"@id\":\"https:\\\/\\\/saiga.es\\\/es\\\/producto\\\/serrucho-telescopico-tlx-2-x-15-bh\\\/#breadcrumb\",\"itemListElement\":[{\"@type\":\"ListItem\",\"position\":1,\"name\":\"Inici\",\"item\":\"https:\\\/\\\/saiga.es\\\/es\\\/\"},{\"@type\":\"ListItem\",\"position\":2,\"name\":\"Tienda\",\"item\":\"https:\\\/\\\/saiga.es\\\/es\\\/tienda\\\/\"},{\"@type\":\"ListItem\",\"position\":3,\"name\":\"Serrucho telesc\u00f3pico TLX 2 x 1,5 BH\"}]},{\"@type\":\"WebSite\",\"@id\":\"https:\\\/\\\/saiga.es\\\/es\\\/#website\",\"url\":\"https:\\\/\\\/saiga.es\\\/es\\\/\",\"name\":\"SAIGA\",\"description\":\"M\u00e9s de 50 anys al servei de la terra i treballant per a un \u00fas eficient de l\u2019aigua!\",\"publisher\":{\"@id\":\"https:\\\/\\\/saiga.es\\\/es\\\/#organization\"},\"potentialAction\":[{\"@type\":\"SearchAction\",\"target\":{\"@type\":\"EntryPoint\",\"urlTemplate\":\"https:\\\/\\\/saiga.es\\\/es\\\/?s={search_term_string}\"},\"query-input\":{\"@type\":\"PropertyValueSpecification\",\"valueRequired\":true,\"valueName\":\"search_term_string\"}}],\"inLanguage\":\"es\"},{\"@type\":\"Organization\",\"@id\":\"https:\\\/\\\/saiga.es\\\/es\\\/#organization\",\"name\":\"SAIGA\",\"url\":\"https:\\\/\\\/saiga.es\\\/es\\\/\",\"logo\":{\"@type\":\"ImageObject\",\"inLanguage\":\"es\",\"@id\":\"https:\\\/\\\/saiga.es\\\/es\\\/#\\\/schema\\\/logo\\\/image\\\/\",\"url\":\"https:\\\/\\\/saiga.es\\\/wp-content\\\/uploads\\\/2025\\\/07\\\/logo_saiga_baseline_optimitzat.svg\",\"contentUrl\":\"https:\\\/\\\/saiga.es\\\/wp-content\\\/uploads\\\/2025\\\/07\\\/logo_saiga_baseline_optimitzat.svg\",\"caption\":\"SAIGA\"},\"image\":{\"@id\":\"https:\\\/\\\/saiga.es\\\/es\\\/#\\\/schema\\\/logo\\\/image\\\/\"},\"sameAs\":[\"https:\\\/\\\/x.com\\\/saiga_agro\",\"https:\\\/\\\/www.instagram.com\\\/saiga_agro\\\/\"]}]}<\/script>\n<!-- \/ Yoast SEO plugin. -->","yoast_head_json":{"title":"Serrucho telesc\u00f3pico TLX 2 x 1,5 BH | SAIGA","description":"El serrucho telesc\u00f3pico TLX 2 x 1,5 BH dispone de una p\u00e9rtiga que permite trabajar a 3 m de altura con mango de aluminio revestido de goma.","robots":{"index":"index","follow":"follow","max-snippet":"max-snippet:-1","max-image-preview":"max-image-preview:large","max-video-preview":"max-video-preview:-1"},"canonical":"https:\/\/saiga.es\/es\/producto\/serrucho-telescopico-tlx-2-x-15-bh\/","og_locale":"es_ES","og_type":"article","og_title":"Serrucho telesc\u00f3pico TLX 2 x 1,5 BH | SAIGA","og_description":"El serrucho telesc\u00f3pico TLX 2 x 1,5 BH dispone de una p\u00e9rtiga que permite trabajar a 3 m de altura con mango de aluminio revestido de goma.","og_url":"https:\/\/saiga.es\/es\/producto\/serrucho-telescopico-tlx-2-x-15-bh\/","og_site_name":"SAIGA","article_modified_time":"2025-10-27T07:53:29+00:00","og_image":[{"width":381,"height":492,"url":"https:\/\/saiga.es\/wp-content\/uploads\/2024\/01\/Xerrac-perxa-Kamikaze.jpg","type":"image\/jpeg"}],"twitter_card":"summary_large_image","twitter_site":"@saiga_agro","twitter_misc":{"Tiempo de lectura":"1 minuto"},"schema":{"@context":"https:\/\/schema.org","@graph":[{"@type":"WebPage","@id":"https:\/\/saiga.es\/es\/producto\/serrucho-telescopico-tlx-2-x-15-bh\/","url":"https:\/\/saiga.es\/es\/producto\/serrucho-telescopico-tlx-2-x-15-bh\/","name":"Serrucho telesc\u00f3pico TLX 2 x 1,5 BH | SAIGA","isPartOf":{"@id":"https:\/\/saiga.es\/es\/#website"},"primaryImageOfPage":{"@id":"https:\/\/saiga.es\/es\/producto\/serrucho-telescopico-tlx-2-x-15-bh\/#primaryimage"},"image":{"@id":"https:\/\/saiga.es\/es\/producto\/serrucho-telescopico-tlx-2-x-15-bh\/#primaryimage"},"thumbnailUrl":"https:\/\/saiga.es\/wp-content\/uploads\/2024\/01\/Xerrac-perxa-Kamikaze.jpg","datePublished":"2024-01-08T12:28:35+00:00","dateModified":"2025-10-27T07:53:29+00:00","description":"El serrucho telesc\u00f3pico TLX 2 x 1,5 BH dispone de una p\u00e9rtiga que permite trabajar a 3 m de altura con mango de aluminio revestido de goma.","breadcrumb":{"@id":"https:\/\/saiga.es\/es\/producto\/serrucho-telescopico-tlx-2-x-15-bh\/#breadcrumb"},"inLanguage":"es","potentialAction":[{"@type":"ReadAction","target":["https:\/\/saiga.es\/es\/producto\/serrucho-telescopico-tlx-2-x-15-bh\/"]}]},{"@type":"ImageObject","inLanguage":"es","@id":"https:\/\/saiga.es\/es\/producto\/serrucho-telescopico-tlx-2-x-15-bh\/#primaryimage","url":"https:\/\/saiga.es\/wp-content\/uploads\/2024\/01\/Xerrac-perxa-Kamikaze.jpg","contentUrl":"https:\/\/saiga.es\/wp-content\/uploads\/2024\/01\/Xerrac-perxa-Kamikaze.jpg","width":381,"height":492,"caption":"Serrucho p\u00e9rtiga Kamikaze"},{"@type":"BreadcrumbList","@id":"https:\/\/saiga.es\/es\/producto\/serrucho-telescopico-tlx-2-x-15-bh\/#breadcrumb","itemListElement":[{"@type":"ListItem","position":1,"name":"Inici","item":"https:\/\/saiga.es\/es\/"},{"@type":"ListItem","position":2,"name":"Tienda","item":"https:\/\/saiga.es\/es\/tienda\/"},{"@type":"ListItem","position":3,"name":"Serrucho telesc\u00f3pico TLX 2 x 1,5 BH"}]},{"@type":"WebSite","@id":"https:\/\/saiga.es\/es\/#website","url":"https:\/\/saiga.es\/es\/","name":"SAIGA","description":"M\u00e9s de 50 anys al servei de la terra i treballant per a un \u00fas eficient de l\u2019aigua!","publisher":{"@id":"https:\/\/saiga.es\/es\/#organization"},"potentialAction":[{"@type":"SearchAction","target":{"@type":"EntryPoint","urlTemplate":"https:\/\/saiga.es\/es\/?s={search_term_string}"},"query-input":{"@type":"PropertyValueSpecification","valueRequired":true,"valueName":"search_term_string"}}],"inLanguage":"es"},{"@type":"Organization","@id":"https:\/\/saiga.es\/es\/#organization","name":"SAIGA","url":"https:\/\/saiga.es\/es\/","logo":{"@type":"ImageObject","inLanguage":"es","@id":"https:\/\/saiga.es\/es\/#\/schema\/logo\/image\/","url":"https:\/\/saiga.es\/wp-content\/uploads\/2025\/07\/logo_saiga_baseline_optimitzat.svg","contentUrl":"https:\/\/saiga.es\/wp-content\/uploads\/2025\/07\/logo_saiga_baseline_optimitzat.svg","caption":"SAIGA"},"image":{"@id":"https:\/\/saiga.es\/es\/#\/schema\/logo\/image\/"},"sameAs":["https:\/\/x.com\/saiga_agro","https:\/\/www.instagram.com\/saiga_agro\/"]}]}},"_links":{"self":[{"href":"https:\/\/saiga.es\/es\/wp-json\/wp\/v2\/product\/6693","targetHints":{"allow":["GET"]}}],"collection":[{"href":"https:\/\/saiga.es\/es\/wp-json\/wp\/v2\/product"}],"about":[{"href":"https:\/\/saiga.es\/es\/wp-json\/wp\/v2\/types\/product"}],"replies":[{"embeddable":true,"href":"https:\/\/saiga.es\/es\/wp-json\/wp\/v2\/comments?post=6693"}],"wp:featuredmedia":[{"embeddable":true,"href":"https:\/\/saiga.es\/es\/wp-json\/wp\/v2\/media\/6455"}],"wp:attachment":[{"href":"https:\/\/saiga.es\/es\/wp-json\/wp\/v2\/media?parent=6693"}],"wp:term":[{"taxonomy":"product_brand","embeddable":true,"href":"https:\/\/saiga.es\/es\/wp-json\/wp\/v2\/product_brand?post=6693"},{"taxonomy":"product_cat","embeddable":true,"href":"https:\/\/saiga.es\/es\/wp-json\/wp\/v2\/product_cat?post=6693"},{"taxonomy":"product_tag","embeddable":true,"href":"https:\/\/saiga.es\/es\/wp-json\/wp\/v2\/product_tag?post=6693"}],"curies":[{"name":"wp","href":"https:\/\/api.w.org\/{rel}","templated":true}]}}