{"id":6789,"date":"2024-01-05T14:26:49","date_gmt":"2024-01-05T14:26:49","guid":{"rendered":"https:\/\/botiga.saiga.es\/producte\/pastor-zerko-zar-4j-red\/"},"modified":"2024-01-16T13:52:06","modified_gmt":"2024-01-16T13:52:06","slug":"pastor-zerko-zar-4j-red","status":"publish","type":"product","link":"https:\/\/saiga.es\/es\/producto\/pastor-zerko-zar-4j-red\/","title":{"rendered":"Pastor zerko zar 4J Red"},"content":{"rendered":"<p>El Pastor zerko zar 4J Red es un electrificador de 4 J, funciona con corriente el\u00e9ctrica de 220 voltios. Su uso est\u00e1 indicado para aquellas vallas el\u00e9ctricas de gran longitud siempre que sea menor de 15 kil\u00f3metros.<\/p>\n<p>La alimentaci\u00f3n a corriente garantiza que la intensidad en el pastor el\u00e9ctrico sea continua y gracias a sus 4J de potencia, este pastor ser\u00e1 ideal para animales de gran tama\u00f1o como pueden ser los terneros, las vacas o los caballos, aunque tambi\u00e9n servir\u00e1 para cerdos, ovejas, cabras&#8230;<\/p>\n<p>El Pastor zerko zar 4J Red necesita una instalaci\u00f3n muy sencilla, bastar\u00e1 con enchufar el pastor a una toma de corriente dom\u00e9stica habitual en el exterior del edificio, protegido del agua y lejos de materiales combustibles. El pastor cuenta con dos salidas, desde el borne negro se enlazar\u00e1 con el fregadero al suelo y desde el borne rojo se sacar\u00e1 la l\u00ednea conductora para hacer el per\u00edmetro de la valla.<\/p>\n","protected":false},"excerpt":{"rendered":"<p>El Pastor zerko zar 4J Red es un electrificador de 4 Julio, funciona con corriente el\u00e9ctrica de 220 voltios. Su uso est\u00e1 indicado para aquellos valles el\u00e9ctricos de gran longitud siempre que sea menor de 15 kil\u00f3metros.<\/p>\n","protected":false},"featured_media":11571,"comment_status":"closed","ping_status":"closed","template":"","meta":[],"product_brand":[],"product_cat":[2005],"product_tag":[559,560,554],"class_list":{"0":"post-6789","1":"product","2":"type-product","3":"status-publish","4":"has-post-thumbnail","6":"product_cat-pastores-electricos-es","7":"product_tag-cerco-electrico","8":"product_tag-cerco-electrificado","9":"product_tag-pastor-electrico","11":"first","12":"instock","13":"sale","14":"taxable","15":"shipping-taxable","16":"purchasable","17":"product-type-simple"},"yoast_head":"<!-- This site is optimized with the Yoast SEO plugin v27.4 - https:\/\/yoast.com\/product\/yoast-seo-wordpress\/ -->\n<title>Pastor zerko zar 4J Red | SAIGA<\/title>\n<meta name=\"description\" content=\"El Pastor zerko zar 4J Red de 4 J, funciona con corriente el\u00e9ctrica de 220 voltios. Indicado para vallas el\u00e9ctricas menores de 15 kil\u00f3metros.\" \/>\n<meta name=\"robots\" content=\"index, follow, max-snippet:-1, max-image-preview:large, max-video-preview:-1\" \/>\n<link rel=\"canonical\" href=\"https:\/\/saiga.es\/es\/producto\/pastor-zerko-zar-4j-red\/\" \/>\n<meta property=\"og:locale\" content=\"es_ES\" \/>\n<meta property=\"og:type\" content=\"article\" \/>\n<meta property=\"og:title\" content=\"Pastor zerko zar 4J Red | SAIGA\" \/>\n<meta property=\"og:description\" content=\"El Pastor zerko zar 4J Red de 4 J, funciona con corriente el\u00e9ctrica de 220 voltios. Indicado para vallas el\u00e9ctricas menores de 15 kil\u00f3metros.\" \/>\n<meta property=\"og:url\" content=\"https:\/\/saiga.es\/es\/producto\/pastor-zerko-zar-4j-red\/\" \/>\n<meta property=\"og:site_name\" content=\"SAIGA\" \/>\n<meta property=\"article:modified_time\" content=\"2024-01-16T13:52:06+00:00\" \/>\n<meta property=\"og:image\" content=\"https:\/\/saiga.es\/wp-content\/uploads\/2024\/01\/Pastor-electrico-4-J.jpg\" \/>\n\t<meta property=\"og:image:width\" content=\"1080\" \/>\n\t<meta property=\"og:image:height\" content=\"1080\" \/>\n\t<meta property=\"og:image:type\" content=\"image\/jpeg\" \/>\n<meta name=\"twitter:card\" content=\"summary_large_image\" \/>\n<meta name=\"twitter:site\" content=\"@saiga_agro\" \/>\n<meta name=\"twitter:label1\" content=\"Tiempo de lectura\" \/>\n\t<meta name=\"twitter:data1\" content=\"1 minuto\" \/>\n<script type=\"application\/ld+json\" class=\"yoast-schema-graph\">{\"@context\":\"https:\\\/\\\/schema.org\",\"@graph\":[{\"@type\":\"WebPage\",\"@id\":\"https:\\\/\\\/saiga.es\\\/es\\\/producto\\\/pastor-zerko-zar-4j-red\\\/\",\"url\":\"https:\\\/\\\/saiga.es\\\/es\\\/producto\\\/pastor-zerko-zar-4j-red\\\/\",\"name\":\"Pastor zerko zar 4J Red | SAIGA\",\"isPartOf\":{\"@id\":\"https:\\\/\\\/saiga.es\\\/es\\\/#website\"},\"primaryImageOfPage\":{\"@id\":\"https:\\\/\\\/saiga.es\\\/es\\\/producto\\\/pastor-zerko-zar-4j-red\\\/#primaryimage\"},\"image\":{\"@id\":\"https:\\\/\\\/saiga.es\\\/es\\\/producto\\\/pastor-zerko-zar-4j-red\\\/#primaryimage\"},\"thumbnailUrl\":\"https:\\\/\\\/saiga.es\\\/wp-content\\\/uploads\\\/2024\\\/01\\\/Pastor-electrico-4-J.jpg\",\"datePublished\":\"2024-01-05T14:26:49+00:00\",\"dateModified\":\"2024-01-16T13:52:06+00:00\",\"description\":\"El Pastor zerko zar 4J Red de 4 J, funciona con corriente el\u00e9ctrica de 220 voltios. Indicado para vallas el\u00e9ctricas menores de 15 kil\u00f3metros.\",\"breadcrumb\":{\"@id\":\"https:\\\/\\\/saiga.es\\\/es\\\/producto\\\/pastor-zerko-zar-4j-red\\\/#breadcrumb\"},\"inLanguage\":\"es\",\"potentialAction\":[{\"@type\":\"ReadAction\",\"target\":[\"https:\\\/\\\/saiga.es\\\/es\\\/producto\\\/pastor-zerko-zar-4j-red\\\/\"]}]},{\"@type\":\"ImageObject\",\"inLanguage\":\"es\",\"@id\":\"https:\\\/\\\/saiga.es\\\/es\\\/producto\\\/pastor-zerko-zar-4j-red\\\/#primaryimage\",\"url\":\"https:\\\/\\\/saiga.es\\\/wp-content\\\/uploads\\\/2024\\\/01\\\/Pastor-electrico-4-J.jpg\",\"contentUrl\":\"https:\\\/\\\/saiga.es\\\/wp-content\\\/uploads\\\/2024\\\/01\\\/Pastor-electrico-4-J.jpg\",\"width\":1080,\"height\":1080,\"caption\":\"Pastor el\u00e9ctrico 4J\"},{\"@type\":\"BreadcrumbList\",\"@id\":\"https:\\\/\\\/saiga.es\\\/es\\\/producto\\\/pastor-zerko-zar-4j-red\\\/#breadcrumb\",\"itemListElement\":[{\"@type\":\"ListItem\",\"position\":1,\"name\":\"Inici\",\"item\":\"https:\\\/\\\/saiga.es\\\/es\\\/\"},{\"@type\":\"ListItem\",\"position\":2,\"name\":\"Tienda\",\"item\":\"https:\\\/\\\/saiga.es\\\/es\\\/tienda\\\/\"},{\"@type\":\"ListItem\",\"position\":3,\"name\":\"Pastor zerko zar 4J Red\"}]},{\"@type\":\"WebSite\",\"@id\":\"https:\\\/\\\/saiga.es\\\/es\\\/#website\",\"url\":\"https:\\\/\\\/saiga.es\\\/es\\\/\",\"name\":\"SAIGA\",\"description\":\"M\u00e9s de 50 anys al servei de la terra i treballant per a un \u00fas eficient de l\u2019aigua!\",\"publisher\":{\"@id\":\"https:\\\/\\\/saiga.es\\\/es\\\/#organization\"},\"potentialAction\":[{\"@type\":\"SearchAction\",\"target\":{\"@type\":\"EntryPoint\",\"urlTemplate\":\"https:\\\/\\\/saiga.es\\\/es\\\/?s={search_term_string}\"},\"query-input\":{\"@type\":\"PropertyValueSpecification\",\"valueRequired\":true,\"valueName\":\"search_term_string\"}}],\"inLanguage\":\"es\"},{\"@type\":\"Organization\",\"@id\":\"https:\\\/\\\/saiga.es\\\/es\\\/#organization\",\"name\":\"SAIGA\",\"url\":\"https:\\\/\\\/saiga.es\\\/es\\\/\",\"logo\":{\"@type\":\"ImageObject\",\"inLanguage\":\"es\",\"@id\":\"https:\\\/\\\/saiga.es\\\/es\\\/#\\\/schema\\\/logo\\\/image\\\/\",\"url\":\"https:\\\/\\\/saiga.es\\\/wp-content\\\/uploads\\\/2025\\\/07\\\/logo_saiga_baseline_optimitzat.svg\",\"contentUrl\":\"https:\\\/\\\/saiga.es\\\/wp-content\\\/uploads\\\/2025\\\/07\\\/logo_saiga_baseline_optimitzat.svg\",\"caption\":\"SAIGA\"},\"image\":{\"@id\":\"https:\\\/\\\/saiga.es\\\/es\\\/#\\\/schema\\\/logo\\\/image\\\/\"},\"sameAs\":[\"https:\\\/\\\/x.com\\\/saiga_agro\",\"https:\\\/\\\/www.instagram.com\\\/saiga_agro\\\/\"]}]}<\/script>\n<!-- \/ Yoast SEO plugin. -->","yoast_head_json":{"title":"Pastor zerko zar 4J Red | SAIGA","description":"El Pastor zerko zar 4J Red de 4 J, funciona con corriente el\u00e9ctrica de 220 voltios. Indicado para vallas el\u00e9ctricas menores de 15 kil\u00f3metros.","robots":{"index":"index","follow":"follow","max-snippet":"max-snippet:-1","max-image-preview":"max-image-preview:large","max-video-preview":"max-video-preview:-1"},"canonical":"https:\/\/saiga.es\/es\/producto\/pastor-zerko-zar-4j-red\/","og_locale":"es_ES","og_type":"article","og_title":"Pastor zerko zar 4J Red | SAIGA","og_description":"El Pastor zerko zar 4J Red de 4 J, funciona con corriente el\u00e9ctrica de 220 voltios. Indicado para vallas el\u00e9ctricas menores de 15 kil\u00f3metros.","og_url":"https:\/\/saiga.es\/es\/producto\/pastor-zerko-zar-4j-red\/","og_site_name":"SAIGA","article_modified_time":"2024-01-16T13:52:06+00:00","og_image":[{"width":1080,"height":1080,"url":"https:\/\/saiga.es\/wp-content\/uploads\/2024\/01\/Pastor-electrico-4-J.jpg","type":"image\/jpeg"}],"twitter_card":"summary_large_image","twitter_site":"@saiga_agro","twitter_misc":{"Tiempo de lectura":"1 minuto"},"schema":{"@context":"https:\/\/schema.org","@graph":[{"@type":"WebPage","@id":"https:\/\/saiga.es\/es\/producto\/pastor-zerko-zar-4j-red\/","url":"https:\/\/saiga.es\/es\/producto\/pastor-zerko-zar-4j-red\/","name":"Pastor zerko zar 4J Red | SAIGA","isPartOf":{"@id":"https:\/\/saiga.es\/es\/#website"},"primaryImageOfPage":{"@id":"https:\/\/saiga.es\/es\/producto\/pastor-zerko-zar-4j-red\/#primaryimage"},"image":{"@id":"https:\/\/saiga.es\/es\/producto\/pastor-zerko-zar-4j-red\/#primaryimage"},"thumbnailUrl":"https:\/\/saiga.es\/wp-content\/uploads\/2024\/01\/Pastor-electrico-4-J.jpg","datePublished":"2024-01-05T14:26:49+00:00","dateModified":"2024-01-16T13:52:06+00:00","description":"El Pastor zerko zar 4J Red de 4 J, funciona con corriente el\u00e9ctrica de 220 voltios. Indicado para vallas el\u00e9ctricas menores de 15 kil\u00f3metros.","breadcrumb":{"@id":"https:\/\/saiga.es\/es\/producto\/pastor-zerko-zar-4j-red\/#breadcrumb"},"inLanguage":"es","potentialAction":[{"@type":"ReadAction","target":["https:\/\/saiga.es\/es\/producto\/pastor-zerko-zar-4j-red\/"]}]},{"@type":"ImageObject","inLanguage":"es","@id":"https:\/\/saiga.es\/es\/producto\/pastor-zerko-zar-4j-red\/#primaryimage","url":"https:\/\/saiga.es\/wp-content\/uploads\/2024\/01\/Pastor-electrico-4-J.jpg","contentUrl":"https:\/\/saiga.es\/wp-content\/uploads\/2024\/01\/Pastor-electrico-4-J.jpg","width":1080,"height":1080,"caption":"Pastor el\u00e9ctrico 4J"},{"@type":"BreadcrumbList","@id":"https:\/\/saiga.es\/es\/producto\/pastor-zerko-zar-4j-red\/#breadcrumb","itemListElement":[{"@type":"ListItem","position":1,"name":"Inici","item":"https:\/\/saiga.es\/es\/"},{"@type":"ListItem","position":2,"name":"Tienda","item":"https:\/\/saiga.es\/es\/tienda\/"},{"@type":"ListItem","position":3,"name":"Pastor zerko zar 4J Red"}]},{"@type":"WebSite","@id":"https:\/\/saiga.es\/es\/#website","url":"https:\/\/saiga.es\/es\/","name":"SAIGA","description":"M\u00e9s de 50 anys al servei de la terra i treballant per a un \u00fas eficient de l\u2019aigua!","publisher":{"@id":"https:\/\/saiga.es\/es\/#organization"},"potentialAction":[{"@type":"SearchAction","target":{"@type":"EntryPoint","urlTemplate":"https:\/\/saiga.es\/es\/?s={search_term_string}"},"query-input":{"@type":"PropertyValueSpecification","valueRequired":true,"valueName":"search_term_string"}}],"inLanguage":"es"},{"@type":"Organization","@id":"https:\/\/saiga.es\/es\/#organization","name":"SAIGA","url":"https:\/\/saiga.es\/es\/","logo":{"@type":"ImageObject","inLanguage":"es","@id":"https:\/\/saiga.es\/es\/#\/schema\/logo\/image\/","url":"https:\/\/saiga.es\/wp-content\/uploads\/2025\/07\/logo_saiga_baseline_optimitzat.svg","contentUrl":"https:\/\/saiga.es\/wp-content\/uploads\/2025\/07\/logo_saiga_baseline_optimitzat.svg","caption":"SAIGA"},"image":{"@id":"https:\/\/saiga.es\/es\/#\/schema\/logo\/image\/"},"sameAs":["https:\/\/x.com\/saiga_agro","https:\/\/www.instagram.com\/saiga_agro\/"]}]}},"_links":{"self":[{"href":"https:\/\/saiga.es\/es\/wp-json\/wp\/v2\/product\/6789","targetHints":{"allow":["GET"]}}],"collection":[{"href":"https:\/\/saiga.es\/es\/wp-json\/wp\/v2\/product"}],"about":[{"href":"https:\/\/saiga.es\/es\/wp-json\/wp\/v2\/types\/product"}],"replies":[{"embeddable":true,"href":"https:\/\/saiga.es\/es\/wp-json\/wp\/v2\/comments?post=6789"}],"wp:featuredmedia":[{"embeddable":true,"href":"https:\/\/saiga.es\/es\/wp-json\/wp\/v2\/media\/11571"}],"wp:attachment":[{"href":"https:\/\/saiga.es\/es\/wp-json\/wp\/v2\/media?parent=6789"}],"wp:term":[{"taxonomy":"product_brand","embeddable":true,"href":"https:\/\/saiga.es\/es\/wp-json\/wp\/v2\/product_brand?post=6789"},{"taxonomy":"product_cat","embeddable":true,"href":"https:\/\/saiga.es\/es\/wp-json\/wp\/v2\/product_cat?post=6789"},{"taxonomy":"product_tag","embeddable":true,"href":"https:\/\/saiga.es\/es\/wp-json\/wp\/v2\/product_tag?post=6789"}],"curies":[{"name":"wp","href":"https:\/\/api.w.org\/{rel}","templated":true}]}}