{"id":6833,"date":"2023-12-01T10:05:32","date_gmt":"2023-12-01T10:05:32","guid":{"rendered":"https:\/\/botiga.saiga.es\/producte\/deshierbadora-dhx-40\/"},"modified":"2024-10-17T07:18:42","modified_gmt":"2024-10-17T07:18:42","slug":"deshierbadora-dhx-40","status":"publish","type":"product","link":"https:\/\/saiga.es\/es\/producto\/deshierbadora-dhx-40\/","title":{"rendered":"Deshierbadora DHX 40"},"content":{"rendered":"<p>Deshierbadora XGREENS\u2122 DHX 40 Powered by Honda, profesional, autopropulsada, alternativa a los herbicidas qu\u00edmicos para realizar el trabajo de allanar, arrancar y rastrear en terrenos permeables.<\/p>\n<p><strong>La desherbadora XGREENS\u2122 DHX40 est\u00e1 dise\u00f1ada para profesionales o usuarios exigentes para espacios p\u00fablicos, cementerios, parques, castillos y campings.<\/strong> Est\u00e1 dise\u00f1ada para arrancar las malas hierbas en terrenos permeables como arena, grava etc. Es ideal para realizar esta tarea en caminos, avenidas de parques, carriles bici, aceras, cementerios, parques infantiles, pistas de atletismo, patios privados, etc.<\/p>\n<p>Motor Honda en su interior<br \/>\nEl coraz\u00f3n de Honda est\u00e1 en sus motores y todas las desherbadoras est\u00e1n equipadas con el potente motor de 4 tiempos exclusivo de la marca. Todos los motores Honda incorporan tecnolog\u00eda punta que garantiza su eficiencia, fiabilidad y larga vida \u00fatil. Adem\u00e1s, por su alto compromiso con el respeto al medio ambiente, Honda fabrica los motores que cumplen con las regulaciones m\u00e1s estrictas del mundo.<\/p>\n<p>Alternativa a los herbicidas qu\u00edmicos<br \/>\nLa desherbadora XGREENS\u2122 DHX40 ofrece una alternativa a los herbicidas qu\u00edmicos. Est\u00e1 dise\u00f1ado para superficies invadidas por musgo y malas hierbas en superficies de terreno de hasta 2000 m\u00b2. Destruye las ra\u00edces de las malas hierbas y trabaja a poca profundidad, lo que altera lo menos posible la estructura del suelo. Destruir la ra\u00edz es sin\u00f3nimo de un rendimiento alto ya que el tiempo de volver a aparecer las malas hierbas es superior que si las cortamos con una desbrozadora.<\/p>\n<p>Facilidad de uso<br \/>\nEsta m\u00e1quina es compacta y accesible para todo el mundo. Es f\u00e1cil de conducir y de f\u00e1cil manejo. Dispone de una caja de cambios con una velocidad hacia delante y una hacia atr\u00e1s. Su manillar es regulable en altura y lateralmente para evitar obstaculizar el camino para mayor comodidad del usuario adem\u00e1s dispone de un contrapeso frontal para garantizar la tracci\u00f3n de las ruedas neum\u00e1ticas.<\/p>\n<p>3 trabajos en una sola m\u00e1quina<br \/>\nLa desherbadora XGREENS\u2122 DHX40 se compone de tres elementos principales: un rodillo, una cuchilla afilada de 40 cm de ancho fabricada en acero de alta resistencia y un rastrillo. Gracias a estos tres elementos se hace el trabajo de allanar, arrancar y rastrillar.<\/p>\n<p>&nbsp;<\/p>\n<p><strong>ESPECIFICACIONES DEL PRODUCTO<\/strong><br \/>\nTipo de motor: Honda GP 160<br \/>\nCilindrada: 163 cm\u00b3<br \/>\nPotencia de motor: Honda GP 160<br \/>\nDep\u00f3sito de gasolina Euro 95 3,1 litros<br \/>\nAutonom\u00eda: 2,2 h<br \/>\nArranque: Manual<br \/>\nDispositivo de seguridad: Embrague por correa<br \/>\nTransmisi\u00f3n: Variable con marcha atr\u00e1s<br \/>\nAnticipo: Autopropulsado<br \/>\nManillar: Plegable<br \/>\nAncho de trabajo: 40 cm<br \/>\nManillar ajustable en altura: S\u00ed<br \/>\nManillar ajustable lateralmente: S\u00ed<br \/>\nContrapeso frontal: S\u00ed &#8211; 20 Kg<br \/>\nManillar ajustable lateralmente: S\u00ed<br \/>\nCapacidad de trabajo: 2.000 m\u00b2\/h &#8211; Seg\u00fan \u00e1rea a cortar<br \/>\nSuperficie aconsejable de trabajo: Terreno permeable<br \/>\nMaterial chasis: Acero<br \/>\nAltura: 110 cm<br \/>\nLongitud: 132 cm<br \/>\nAltura: 110 cm<br \/>\nPeso (en seco): 95 Kg<br \/>\nMarca XGREENS\u2122: Referencia 38004000<\/p>\n","protected":false},"excerpt":{"rendered":"<p>Deshierbadora XGREENS\u2122 DHX 40 Powered by Honda, profesional, autopropulsada, alternativa a los herbicidas qu\u00edmicos para realizar el trabajo de allanar, arrancar y rastrear en terrenos permeables.<\/p>\n","protected":false},"featured_media":12276,"comment_status":"closed","ping_status":"closed","template":"","meta":[],"product_brand":[],"product_cat":[1702],"product_tag":[562,563,517],"class_list":{"0":"post-6833","1":"product","2":"type-product","3":"status-publish","4":"has-post-thumbnail","6":"product_cat-desherbadoras","7":"product_tag-deshierbadora","8":"product_tag-deshierbatge-mecanica","9":"product_tag-deshierbe","11":"first","12":"instock","13":"taxable","14":"shipping-taxable","15":"purchasable","16":"product-type-simple"},"yoast_head":"<!-- This site is optimized with the Yoast SEO plugin v27.4 - https:\/\/yoast.com\/product\/yoast-seo-wordpress\/ -->\n<title>Deshierbadora DHX 40 | SAIGA<\/title>\n<meta name=\"description\" content=\"Desherbadora XGREENS\u2122 DHX 40 Powered by Honda, profesional, autopropulsada, alternativa a los herbicidas qu\u00edmicos para realizar el trabajo de allanar, arrancar y rastrear en terrenos permeables.\" \/>\n<meta name=\"robots\" content=\"index, follow, max-snippet:-1, max-image-preview:large, max-video-preview:-1\" \/>\n<link rel=\"canonical\" href=\"https:\/\/saiga.es\/es\/producto\/deshierbadora-dhx-40\/\" \/>\n<meta property=\"og:locale\" content=\"es_ES\" \/>\n<meta property=\"og:type\" content=\"article\" \/>\n<meta property=\"og:title\" content=\"Deshierbadora DHX 40 | SAIGA\" \/>\n<meta property=\"og:description\" content=\"Desherbadora XGREENS\u2122 DHX 40 Powered by Honda, profesional, autopropulsada, alternativa a los herbicidas qu\u00edmicos para realizar el trabajo de allanar, arrancar y rastrear en terrenos permeables.\" \/>\n<meta property=\"og:url\" content=\"https:\/\/saiga.es\/es\/producto\/deshierbadora-dhx-40\/\" \/>\n<meta property=\"og:site_name\" content=\"SAIGA\" \/>\n<meta property=\"article:modified_time\" content=\"2024-10-17T07:18:42+00:00\" \/>\n<meta property=\"og:image\" content=\"https:\/\/saiga.es\/wp-content\/uploads\/2024\/10\/DHX-40.jpg\" \/>\n\t<meta property=\"og:image:width\" content=\"1080\" \/>\n\t<meta property=\"og:image:height\" content=\"1080\" \/>\n\t<meta property=\"og:image:type\" content=\"image\/jpeg\" \/>\n<meta name=\"twitter:card\" content=\"summary_large_image\" \/>\n<meta name=\"twitter:site\" content=\"@saiga_agro\" \/>\n<meta name=\"twitter:label1\" content=\"Tiempo de lectura\" \/>\n\t<meta name=\"twitter:data1\" content=\"3 minutos\" \/>\n<script type=\"application\/ld+json\" class=\"yoast-schema-graph\">{\"@context\":\"https:\\\/\\\/schema.org\",\"@graph\":[{\"@type\":\"WebPage\",\"@id\":\"https:\\\/\\\/saiga.es\\\/es\\\/producto\\\/deshierbadora-dhx-40\\\/\",\"url\":\"https:\\\/\\\/saiga.es\\\/es\\\/producto\\\/deshierbadora-dhx-40\\\/\",\"name\":\"Deshierbadora DHX 40 | SAIGA\",\"isPartOf\":{\"@id\":\"https:\\\/\\\/saiga.es\\\/es\\\/#website\"},\"primaryImageOfPage\":{\"@id\":\"https:\\\/\\\/saiga.es\\\/es\\\/producto\\\/deshierbadora-dhx-40\\\/#primaryimage\"},\"image\":{\"@id\":\"https:\\\/\\\/saiga.es\\\/es\\\/producto\\\/deshierbadora-dhx-40\\\/#primaryimage\"},\"thumbnailUrl\":\"https:\\\/\\\/saiga.es\\\/wp-content\\\/uploads\\\/2024\\\/10\\\/DHX-40.jpg\",\"datePublished\":\"2023-12-01T10:05:32+00:00\",\"dateModified\":\"2024-10-17T07:18:42+00:00\",\"description\":\"Desherbadora XGREENS\u2122 DHX 40 Powered by Honda, profesional, autopropulsada, alternativa a los herbicidas qu\u00edmicos para realizar el trabajo de allanar, arrancar y rastrear en terrenos permeables.\",\"breadcrumb\":{\"@id\":\"https:\\\/\\\/saiga.es\\\/es\\\/producto\\\/deshierbadora-dhx-40\\\/#breadcrumb\"},\"inLanguage\":\"es\",\"potentialAction\":[{\"@type\":\"ReadAction\",\"target\":[\"https:\\\/\\\/saiga.es\\\/es\\\/producto\\\/deshierbadora-dhx-40\\\/\"]}]},{\"@type\":\"ImageObject\",\"inLanguage\":\"es\",\"@id\":\"https:\\\/\\\/saiga.es\\\/es\\\/producto\\\/deshierbadora-dhx-40\\\/#primaryimage\",\"url\":\"https:\\\/\\\/saiga.es\\\/wp-content\\\/uploads\\\/2024\\\/10\\\/DHX-40.jpg\",\"contentUrl\":\"https:\\\/\\\/saiga.es\\\/wp-content\\\/uploads\\\/2024\\\/10\\\/DHX-40.jpg\",\"width\":1080,\"height\":1080,\"caption\":\"Deserbadores DHX40\"},{\"@type\":\"BreadcrumbList\",\"@id\":\"https:\\\/\\\/saiga.es\\\/es\\\/producto\\\/deshierbadora-dhx-40\\\/#breadcrumb\",\"itemListElement\":[{\"@type\":\"ListItem\",\"position\":1,\"name\":\"Inici\",\"item\":\"https:\\\/\\\/saiga.es\\\/es\\\/\"},{\"@type\":\"ListItem\",\"position\":2,\"name\":\"Tienda\",\"item\":\"https:\\\/\\\/saiga.es\\\/es\\\/tienda\\\/\"},{\"@type\":\"ListItem\",\"position\":3,\"name\":\"Deshierbadora DHX 40\"}]},{\"@type\":\"WebSite\",\"@id\":\"https:\\\/\\\/saiga.es\\\/es\\\/#website\",\"url\":\"https:\\\/\\\/saiga.es\\\/es\\\/\",\"name\":\"SAIGA\",\"description\":\"M\u00e9s de 50 anys al servei de la terra i treballant per a un \u00fas eficient de l\u2019aigua!\",\"publisher\":{\"@id\":\"https:\\\/\\\/saiga.es\\\/es\\\/#organization\"},\"potentialAction\":[{\"@type\":\"SearchAction\",\"target\":{\"@type\":\"EntryPoint\",\"urlTemplate\":\"https:\\\/\\\/saiga.es\\\/es\\\/?s={search_term_string}\"},\"query-input\":{\"@type\":\"PropertyValueSpecification\",\"valueRequired\":true,\"valueName\":\"search_term_string\"}}],\"inLanguage\":\"es\"},{\"@type\":\"Organization\",\"@id\":\"https:\\\/\\\/saiga.es\\\/es\\\/#organization\",\"name\":\"SAIGA\",\"url\":\"https:\\\/\\\/saiga.es\\\/es\\\/\",\"logo\":{\"@type\":\"ImageObject\",\"inLanguage\":\"es\",\"@id\":\"https:\\\/\\\/saiga.es\\\/es\\\/#\\\/schema\\\/logo\\\/image\\\/\",\"url\":\"https:\\\/\\\/saiga.es\\\/wp-content\\\/uploads\\\/2025\\\/07\\\/logo_saiga_baseline_optimitzat.svg\",\"contentUrl\":\"https:\\\/\\\/saiga.es\\\/wp-content\\\/uploads\\\/2025\\\/07\\\/logo_saiga_baseline_optimitzat.svg\",\"caption\":\"SAIGA\"},\"image\":{\"@id\":\"https:\\\/\\\/saiga.es\\\/es\\\/#\\\/schema\\\/logo\\\/image\\\/\"},\"sameAs\":[\"https:\\\/\\\/x.com\\\/saiga_agro\",\"https:\\\/\\\/www.instagram.com\\\/saiga_agro\\\/\"]}]}<\/script>\n<!-- \/ Yoast SEO plugin. -->","yoast_head_json":{"title":"Deshierbadora DHX 40 | SAIGA","description":"Desherbadora XGREENS\u2122 DHX 40 Powered by Honda, profesional, autopropulsada, alternativa a los herbicidas qu\u00edmicos para realizar el trabajo de allanar, arrancar y rastrear en terrenos permeables.","robots":{"index":"index","follow":"follow","max-snippet":"max-snippet:-1","max-image-preview":"max-image-preview:large","max-video-preview":"max-video-preview:-1"},"canonical":"https:\/\/saiga.es\/es\/producto\/deshierbadora-dhx-40\/","og_locale":"es_ES","og_type":"article","og_title":"Deshierbadora DHX 40 | SAIGA","og_description":"Desherbadora XGREENS\u2122 DHX 40 Powered by Honda, profesional, autopropulsada, alternativa a los herbicidas qu\u00edmicos para realizar el trabajo de allanar, arrancar y rastrear en terrenos permeables.","og_url":"https:\/\/saiga.es\/es\/producto\/deshierbadora-dhx-40\/","og_site_name":"SAIGA","article_modified_time":"2024-10-17T07:18:42+00:00","og_image":[{"width":1080,"height":1080,"url":"https:\/\/saiga.es\/wp-content\/uploads\/2024\/10\/DHX-40.jpg","type":"image\/jpeg"}],"twitter_card":"summary_large_image","twitter_site":"@saiga_agro","twitter_misc":{"Tiempo de lectura":"3 minutos"},"schema":{"@context":"https:\/\/schema.org","@graph":[{"@type":"WebPage","@id":"https:\/\/saiga.es\/es\/producto\/deshierbadora-dhx-40\/","url":"https:\/\/saiga.es\/es\/producto\/deshierbadora-dhx-40\/","name":"Deshierbadora DHX 40 | SAIGA","isPartOf":{"@id":"https:\/\/saiga.es\/es\/#website"},"primaryImageOfPage":{"@id":"https:\/\/saiga.es\/es\/producto\/deshierbadora-dhx-40\/#primaryimage"},"image":{"@id":"https:\/\/saiga.es\/es\/producto\/deshierbadora-dhx-40\/#primaryimage"},"thumbnailUrl":"https:\/\/saiga.es\/wp-content\/uploads\/2024\/10\/DHX-40.jpg","datePublished":"2023-12-01T10:05:32+00:00","dateModified":"2024-10-17T07:18:42+00:00","description":"Desherbadora XGREENS\u2122 DHX 40 Powered by Honda, profesional, autopropulsada, alternativa a los herbicidas qu\u00edmicos para realizar el trabajo de allanar, arrancar y rastrear en terrenos permeables.","breadcrumb":{"@id":"https:\/\/saiga.es\/es\/producto\/deshierbadora-dhx-40\/#breadcrumb"},"inLanguage":"es","potentialAction":[{"@type":"ReadAction","target":["https:\/\/saiga.es\/es\/producto\/deshierbadora-dhx-40\/"]}]},{"@type":"ImageObject","inLanguage":"es","@id":"https:\/\/saiga.es\/es\/producto\/deshierbadora-dhx-40\/#primaryimage","url":"https:\/\/saiga.es\/wp-content\/uploads\/2024\/10\/DHX-40.jpg","contentUrl":"https:\/\/saiga.es\/wp-content\/uploads\/2024\/10\/DHX-40.jpg","width":1080,"height":1080,"caption":"Deserbadores DHX40"},{"@type":"BreadcrumbList","@id":"https:\/\/saiga.es\/es\/producto\/deshierbadora-dhx-40\/#breadcrumb","itemListElement":[{"@type":"ListItem","position":1,"name":"Inici","item":"https:\/\/saiga.es\/es\/"},{"@type":"ListItem","position":2,"name":"Tienda","item":"https:\/\/saiga.es\/es\/tienda\/"},{"@type":"ListItem","position":3,"name":"Deshierbadora DHX 40"}]},{"@type":"WebSite","@id":"https:\/\/saiga.es\/es\/#website","url":"https:\/\/saiga.es\/es\/","name":"SAIGA","description":"M\u00e9s de 50 anys al servei de la terra i treballant per a un \u00fas eficient de l\u2019aigua!","publisher":{"@id":"https:\/\/saiga.es\/es\/#organization"},"potentialAction":[{"@type":"SearchAction","target":{"@type":"EntryPoint","urlTemplate":"https:\/\/saiga.es\/es\/?s={search_term_string}"},"query-input":{"@type":"PropertyValueSpecification","valueRequired":true,"valueName":"search_term_string"}}],"inLanguage":"es"},{"@type":"Organization","@id":"https:\/\/saiga.es\/es\/#organization","name":"SAIGA","url":"https:\/\/saiga.es\/es\/","logo":{"@type":"ImageObject","inLanguage":"es","@id":"https:\/\/saiga.es\/es\/#\/schema\/logo\/image\/","url":"https:\/\/saiga.es\/wp-content\/uploads\/2025\/07\/logo_saiga_baseline_optimitzat.svg","contentUrl":"https:\/\/saiga.es\/wp-content\/uploads\/2025\/07\/logo_saiga_baseline_optimitzat.svg","caption":"SAIGA"},"image":{"@id":"https:\/\/saiga.es\/es\/#\/schema\/logo\/image\/"},"sameAs":["https:\/\/x.com\/saiga_agro","https:\/\/www.instagram.com\/saiga_agro\/"]}]}},"_links":{"self":[{"href":"https:\/\/saiga.es\/es\/wp-json\/wp\/v2\/product\/6833","targetHints":{"allow":["GET"]}}],"collection":[{"href":"https:\/\/saiga.es\/es\/wp-json\/wp\/v2\/product"}],"about":[{"href":"https:\/\/saiga.es\/es\/wp-json\/wp\/v2\/types\/product"}],"replies":[{"embeddable":true,"href":"https:\/\/saiga.es\/es\/wp-json\/wp\/v2\/comments?post=6833"}],"wp:featuredmedia":[{"embeddable":true,"href":"https:\/\/saiga.es\/es\/wp-json\/wp\/v2\/media\/12276"}],"wp:attachment":[{"href":"https:\/\/saiga.es\/es\/wp-json\/wp\/v2\/media?parent=6833"}],"wp:term":[{"taxonomy":"product_brand","embeddable":true,"href":"https:\/\/saiga.es\/es\/wp-json\/wp\/v2\/product_brand?post=6833"},{"taxonomy":"product_cat","embeddable":true,"href":"https:\/\/saiga.es\/es\/wp-json\/wp\/v2\/product_cat?post=6833"},{"taxonomy":"product_tag","embeddable":true,"href":"https:\/\/saiga.es\/es\/wp-json\/wp\/v2\/product_tag?post=6833"}],"curies":[{"name":"wp","href":"https:\/\/api.w.org\/{rel}","templated":true}]}}