{"id":6835,"date":"2023-12-01T10:31:20","date_gmt":"2023-12-01T10:31:20","guid":{"rendered":"https:\/\/botiga.saiga.es\/producte\/desherbadora-dhx-60\/"},"modified":"2024-10-17T07:25:42","modified_gmt":"2024-10-17T07:25:42","slug":"desherbadora-dhx-60","status":"publish","type":"product","link":"https:\/\/saiga.es\/es\/producto\/desherbadora-dhx-60\/","title":{"rendered":"Deshierbadora DHX 60"},"content":{"rendered":"<p>Desherbadora XGREENS\u2122 DHX 60 Powered by Honda, profesional, alternativa a los herbicidas qu\u00edmicos para realizar el trabajo de arrancar musgo y malas hierbas en terrenos no permeables. Sin proyecciones.<\/p>\n<p>La DHX60 es una deshierbadora para superficies no permeables\/duras. Permite arrancar las malas hierbas y eliminar el musgo verde en todos los suelos duros. Esta m\u00e1quina es eficiente en suelos de asfalto, adoquines, hormig\u00f3n, etc.<\/p>\n<p>Motor Honda en su interior<br \/>\nEl coraz\u00f3n de Honda est\u00e1 en sus motores y todas las desherbadoras est\u00e1n equipadas con el potente motor de 4 tiempos exclusivo de la marca. Todos los motores Honda incorporan tecnolog\u00eda punta que garantiza su eficiencia, fiabilidad y larga vida \u00fatil. Adem\u00e1s, por su alto compromiso con el respeto al medio ambiente, Honda fabrica los motores que cumplen con las regulaciones m\u00e1s estrictas del mundo.<\/p>\n<p>Alternativa a los herbicidas qu\u00edmicos<br \/>\nLa desherbadora XGREENS\u2122 DHX60 ofrece una alternativa a los herbicidas qu\u00edmicos. Est\u00e1 dise\u00f1ada para suelos invadidos por musgo y malas hierbas en superficies no permeables. Destruye las ra\u00edces por eso tiene un rendimiento alto ya que el tiempo en volver a aparecer las malas hierbas es superior que si las cortamos con una desbrozadora.<\/p>\n<p>Facilidad de uso y seguridad<br \/>\nEsta m\u00e1quina es compacta y de f\u00e1cil manejo. Est\u00e1 equipada con una nueva tecnolog\u00eda de cepillos, con 8 brochas de cepillos met\u00e1licos ajustables en altura. Estos cepillos met\u00e1licos de gran durabilidad est\u00e1n hechos de acero de alta resistencia y longitud ajustable. Se ajustan r\u00e1pidamente para compensar el desgaste y permiten una baja degradaci\u00f3n del suelo.<\/p>\n<p>El manillar es ajustable tanto en altura como lateralmente, la posibilidad de invertir la direcci\u00f3n de rotaci\u00f3n del cepillo cuya deshierbadora XGREENS\u2122 DHX60 se adapta f\u00e1cilmente a cualquier usuario y tarea. Gracias a que el cepillo gira a menos de 200 rpm se evitan proyecciones de piedras sobre el usuario o el entorno. Con la DHX60 puedes eliminar las malas hierbas con total seguridad evitando da\u00f1os a personas o veh\u00edculos.<\/p>\n<p>&nbsp;<\/p>\n<section class=\"product-features\">\n<dl class=\"data-sheet\">\n<dt class=\"name\">Tipo de motor: GCVx 200<\/dt>\n<dt class=\"name\">Cilindrada: 201 cm\u00b3<\/dt>\n<dt class=\"name\">Potencia motor: 4,2 kW (5,6 cv)<\/dt>\n<dt class=\"name\">Dep\u00f3sito de gasolina Euro 95: 0,91 litros<\/dt>\n<dt class=\"name\">Autonom\u00eda: 1,4 h<\/dt>\n<dt class=\"name\">Arranque: Manual<\/dt>\n<dt class=\"name\">Dispositivo de seguridad: Embrague por correa<\/dt>\n<dt class=\"name\">Avance: Por movimiento cepillo<\/dt>\n<dt class=\"name\">Manillar: Plegable<\/dt>\n<dt class=\"name\">Ancho de trabajo: 57 cm<\/dt>\n<dt class=\"name\">Manillar ajustable en altura: S\u00ed<\/dt>\n<dt class=\"name\">Manillar ajustable lateralmente: S\u00ed<\/dt>\n<dt class=\"name\">Capacidad de trabajo: En funci\u00f3n del operario<\/dt>\n<dt class=\"name\">Superficie aconsejable de trabajo: Terreno no permeable<\/dt>\n<dt class=\"name\">Material chasis: Acero<\/dt>\n<dt class=\"name\">Altura: 105 cm<\/dt>\n<dt class=\"name\">Longitud: 182 cm<\/dt>\n<dt class=\"name\">Anchura: 59 cm<\/dt>\n<dt class=\"name\">Peso (en seco): 65 Kg<\/dt>\n<\/dl>\n<\/section>\n<div class=\"product-manufacturer \"><label class=\"label\">Marca <a style=\"font-size: 16px;\" href=\"https:\/\/www.hondaencasa.com\/7_xgreens\">XGREENS\u2122<\/a><\/label><\/div>\n<div class=\"product-reference\"><label class=\"label\">Referencia: <span style=\"font-size: 16px;\"> 38004010<\/span><\/label><\/div>\n","protected":false},"excerpt":{"rendered":"<p>Desherbadora XGREENS\u2122 DHX 60 Powered by Honda, profesional, alternativa a los herbicidas qu\u00edmicos para realizar el trabajo de arrancar musgo y malas hierbas en terrenos no permeables. Sin proyecciones.<\/p>\n","protected":false},"featured_media":12282,"comment_status":"closed","ping_status":"closed","template":"","meta":[],"product_brand":[],"product_cat":[1702],"product_tag":[562,563,517],"class_list":{"0":"post-6835","1":"product","2":"type-product","3":"status-publish","4":"has-post-thumbnail","6":"product_cat-desherbadoras","7":"product_tag-deshierbadora","8":"product_tag-deshierbatge-mecanica","9":"product_tag-deshierbe","11":"first","12":"instock","13":"taxable","14":"shipping-taxable","15":"purchasable","16":"product-type-simple"},"yoast_head":"<!-- This site is optimized with the Yoast SEO plugin v27.4 - https:\/\/yoast.com\/product\/yoast-seo-wordpress\/ -->\n<title>Deshierbadora DHX 60 | SAIGA<\/title>\n<meta name=\"description\" content=\"Desherbadora XGREENS\u2122 DHX 60 Powered by Honda, profesional, alternativa a los herbicidas qu\u00edmicos para realizar el trabajo de arrancar musgo y malas hierbas en terrenos no permeables. Sin proyecciones.\" \/>\n<meta name=\"robots\" content=\"index, follow, max-snippet:-1, max-image-preview:large, max-video-preview:-1\" \/>\n<link rel=\"canonical\" href=\"https:\/\/saiga.es\/es\/producto\/desherbadora-dhx-60\/\" \/>\n<meta property=\"og:locale\" content=\"es_ES\" \/>\n<meta property=\"og:type\" content=\"article\" \/>\n<meta property=\"og:title\" content=\"Deshierbadora DHX 60 | SAIGA\" \/>\n<meta property=\"og:description\" content=\"Desherbadora XGREENS\u2122 DHX 60 Powered by Honda, profesional, alternativa a los herbicidas qu\u00edmicos para realizar el trabajo de arrancar musgo y malas hierbas en terrenos no permeables. Sin proyecciones.\" \/>\n<meta property=\"og:url\" content=\"https:\/\/saiga.es\/es\/producto\/desherbadora-dhx-60\/\" \/>\n<meta property=\"og:site_name\" content=\"SAIGA\" \/>\n<meta property=\"article:modified_time\" content=\"2024-10-17T07:25:42+00:00\" \/>\n<meta property=\"og:image\" content=\"https:\/\/saiga.es\/wp-content\/uploads\/2023\/12\/Desherbadora-DHX-60.jpg\" \/>\n\t<meta property=\"og:image:width\" content=\"1080\" \/>\n\t<meta property=\"og:image:height\" content=\"1080\" \/>\n\t<meta property=\"og:image:type\" content=\"image\/jpeg\" \/>\n<meta name=\"twitter:card\" content=\"summary_large_image\" \/>\n<meta name=\"twitter:site\" content=\"@saiga_agro\" \/>\n<meta name=\"twitter:label1\" content=\"Tiempo de lectura\" \/>\n\t<meta name=\"twitter:data1\" content=\"3 minutos\" \/>\n<script type=\"application\/ld+json\" class=\"yoast-schema-graph\">{\"@context\":\"https:\\\/\\\/schema.org\",\"@graph\":[{\"@type\":\"WebPage\",\"@id\":\"https:\\\/\\\/saiga.es\\\/es\\\/producto\\\/desherbadora-dhx-60\\\/\",\"url\":\"https:\\\/\\\/saiga.es\\\/es\\\/producto\\\/desherbadora-dhx-60\\\/\",\"name\":\"Deshierbadora DHX 60 | SAIGA\",\"isPartOf\":{\"@id\":\"https:\\\/\\\/saiga.es\\\/es\\\/#website\"},\"primaryImageOfPage\":{\"@id\":\"https:\\\/\\\/saiga.es\\\/es\\\/producto\\\/desherbadora-dhx-60\\\/#primaryimage\"},\"image\":{\"@id\":\"https:\\\/\\\/saiga.es\\\/es\\\/producto\\\/desherbadora-dhx-60\\\/#primaryimage\"},\"thumbnailUrl\":\"https:\\\/\\\/saiga.es\\\/wp-content\\\/uploads\\\/2023\\\/12\\\/Desherbadora-DHX-60.jpg\",\"datePublished\":\"2023-12-01T10:31:20+00:00\",\"dateModified\":\"2024-10-17T07:25:42+00:00\",\"description\":\"Desherbadora XGREENS\u2122 DHX 60 Powered by Honda, profesional, alternativa a los herbicidas qu\u00edmicos para realizar el trabajo de arrancar musgo y malas hierbas en terrenos no permeables. Sin proyecciones.\",\"breadcrumb\":{\"@id\":\"https:\\\/\\\/saiga.es\\\/es\\\/producto\\\/desherbadora-dhx-60\\\/#breadcrumb\"},\"inLanguage\":\"es\",\"potentialAction\":[{\"@type\":\"ReadAction\",\"target\":[\"https:\\\/\\\/saiga.es\\\/es\\\/producto\\\/desherbadora-dhx-60\\\/\"]}]},{\"@type\":\"ImageObject\",\"inLanguage\":\"es\",\"@id\":\"https:\\\/\\\/saiga.es\\\/es\\\/producto\\\/desherbadora-dhx-60\\\/#primaryimage\",\"url\":\"https:\\\/\\\/saiga.es\\\/wp-content\\\/uploads\\\/2023\\\/12\\\/Desherbadora-DHX-60.jpg\",\"contentUrl\":\"https:\\\/\\\/saiga.es\\\/wp-content\\\/uploads\\\/2023\\\/12\\\/Desherbadora-DHX-60.jpg\",\"width\":1080,\"height\":1080,\"caption\":\"Desherbadora DHX 60\"},{\"@type\":\"BreadcrumbList\",\"@id\":\"https:\\\/\\\/saiga.es\\\/es\\\/producto\\\/desherbadora-dhx-60\\\/#breadcrumb\",\"itemListElement\":[{\"@type\":\"ListItem\",\"position\":1,\"name\":\"Inici\",\"item\":\"https:\\\/\\\/saiga.es\\\/es\\\/\"},{\"@type\":\"ListItem\",\"position\":2,\"name\":\"Tienda\",\"item\":\"https:\\\/\\\/saiga.es\\\/es\\\/tienda\\\/\"},{\"@type\":\"ListItem\",\"position\":3,\"name\":\"Deshierbadora DHX 60\"}]},{\"@type\":\"WebSite\",\"@id\":\"https:\\\/\\\/saiga.es\\\/es\\\/#website\",\"url\":\"https:\\\/\\\/saiga.es\\\/es\\\/\",\"name\":\"SAIGA\",\"description\":\"M\u00e9s de 50 anys al servei de la terra i treballant per a un \u00fas eficient de l\u2019aigua!\",\"publisher\":{\"@id\":\"https:\\\/\\\/saiga.es\\\/es\\\/#organization\"},\"potentialAction\":[{\"@type\":\"SearchAction\",\"target\":{\"@type\":\"EntryPoint\",\"urlTemplate\":\"https:\\\/\\\/saiga.es\\\/es\\\/?s={search_term_string}\"},\"query-input\":{\"@type\":\"PropertyValueSpecification\",\"valueRequired\":true,\"valueName\":\"search_term_string\"}}],\"inLanguage\":\"es\"},{\"@type\":\"Organization\",\"@id\":\"https:\\\/\\\/saiga.es\\\/es\\\/#organization\",\"name\":\"SAIGA\",\"url\":\"https:\\\/\\\/saiga.es\\\/es\\\/\",\"logo\":{\"@type\":\"ImageObject\",\"inLanguage\":\"es\",\"@id\":\"https:\\\/\\\/saiga.es\\\/es\\\/#\\\/schema\\\/logo\\\/image\\\/\",\"url\":\"https:\\\/\\\/saiga.es\\\/wp-content\\\/uploads\\\/2025\\\/07\\\/logo_saiga_baseline_optimitzat.svg\",\"contentUrl\":\"https:\\\/\\\/saiga.es\\\/wp-content\\\/uploads\\\/2025\\\/07\\\/logo_saiga_baseline_optimitzat.svg\",\"caption\":\"SAIGA\"},\"image\":{\"@id\":\"https:\\\/\\\/saiga.es\\\/es\\\/#\\\/schema\\\/logo\\\/image\\\/\"},\"sameAs\":[\"https:\\\/\\\/x.com\\\/saiga_agro\",\"https:\\\/\\\/www.instagram.com\\\/saiga_agro\\\/\"]}]}<\/script>\n<!-- \/ Yoast SEO plugin. -->","yoast_head_json":{"title":"Deshierbadora DHX 60 | SAIGA","description":"Desherbadora XGREENS\u2122 DHX 60 Powered by Honda, profesional, alternativa a los herbicidas qu\u00edmicos para realizar el trabajo de arrancar musgo y malas hierbas en terrenos no permeables. Sin proyecciones.","robots":{"index":"index","follow":"follow","max-snippet":"max-snippet:-1","max-image-preview":"max-image-preview:large","max-video-preview":"max-video-preview:-1"},"canonical":"https:\/\/saiga.es\/es\/producto\/desherbadora-dhx-60\/","og_locale":"es_ES","og_type":"article","og_title":"Deshierbadora DHX 60 | SAIGA","og_description":"Desherbadora XGREENS\u2122 DHX 60 Powered by Honda, profesional, alternativa a los herbicidas qu\u00edmicos para realizar el trabajo de arrancar musgo y malas hierbas en terrenos no permeables. Sin proyecciones.","og_url":"https:\/\/saiga.es\/es\/producto\/desherbadora-dhx-60\/","og_site_name":"SAIGA","article_modified_time":"2024-10-17T07:25:42+00:00","og_image":[{"width":1080,"height":1080,"url":"https:\/\/saiga.es\/wp-content\/uploads\/2023\/12\/Desherbadora-DHX-60.jpg","type":"image\/jpeg"}],"twitter_card":"summary_large_image","twitter_site":"@saiga_agro","twitter_misc":{"Tiempo de lectura":"3 minutos"},"schema":{"@context":"https:\/\/schema.org","@graph":[{"@type":"WebPage","@id":"https:\/\/saiga.es\/es\/producto\/desherbadora-dhx-60\/","url":"https:\/\/saiga.es\/es\/producto\/desherbadora-dhx-60\/","name":"Deshierbadora DHX 60 | SAIGA","isPartOf":{"@id":"https:\/\/saiga.es\/es\/#website"},"primaryImageOfPage":{"@id":"https:\/\/saiga.es\/es\/producto\/desherbadora-dhx-60\/#primaryimage"},"image":{"@id":"https:\/\/saiga.es\/es\/producto\/desherbadora-dhx-60\/#primaryimage"},"thumbnailUrl":"https:\/\/saiga.es\/wp-content\/uploads\/2023\/12\/Desherbadora-DHX-60.jpg","datePublished":"2023-12-01T10:31:20+00:00","dateModified":"2024-10-17T07:25:42+00:00","description":"Desherbadora XGREENS\u2122 DHX 60 Powered by Honda, profesional, alternativa a los herbicidas qu\u00edmicos para realizar el trabajo de arrancar musgo y malas hierbas en terrenos no permeables. Sin proyecciones.","breadcrumb":{"@id":"https:\/\/saiga.es\/es\/producto\/desherbadora-dhx-60\/#breadcrumb"},"inLanguage":"es","potentialAction":[{"@type":"ReadAction","target":["https:\/\/saiga.es\/es\/producto\/desherbadora-dhx-60\/"]}]},{"@type":"ImageObject","inLanguage":"es","@id":"https:\/\/saiga.es\/es\/producto\/desherbadora-dhx-60\/#primaryimage","url":"https:\/\/saiga.es\/wp-content\/uploads\/2023\/12\/Desherbadora-DHX-60.jpg","contentUrl":"https:\/\/saiga.es\/wp-content\/uploads\/2023\/12\/Desherbadora-DHX-60.jpg","width":1080,"height":1080,"caption":"Desherbadora DHX 60"},{"@type":"BreadcrumbList","@id":"https:\/\/saiga.es\/es\/producto\/desherbadora-dhx-60\/#breadcrumb","itemListElement":[{"@type":"ListItem","position":1,"name":"Inici","item":"https:\/\/saiga.es\/es\/"},{"@type":"ListItem","position":2,"name":"Tienda","item":"https:\/\/saiga.es\/es\/tienda\/"},{"@type":"ListItem","position":3,"name":"Deshierbadora DHX 60"}]},{"@type":"WebSite","@id":"https:\/\/saiga.es\/es\/#website","url":"https:\/\/saiga.es\/es\/","name":"SAIGA","description":"M\u00e9s de 50 anys al servei de la terra i treballant per a un \u00fas eficient de l\u2019aigua!","publisher":{"@id":"https:\/\/saiga.es\/es\/#organization"},"potentialAction":[{"@type":"SearchAction","target":{"@type":"EntryPoint","urlTemplate":"https:\/\/saiga.es\/es\/?s={search_term_string}"},"query-input":{"@type":"PropertyValueSpecification","valueRequired":true,"valueName":"search_term_string"}}],"inLanguage":"es"},{"@type":"Organization","@id":"https:\/\/saiga.es\/es\/#organization","name":"SAIGA","url":"https:\/\/saiga.es\/es\/","logo":{"@type":"ImageObject","inLanguage":"es","@id":"https:\/\/saiga.es\/es\/#\/schema\/logo\/image\/","url":"https:\/\/saiga.es\/wp-content\/uploads\/2025\/07\/logo_saiga_baseline_optimitzat.svg","contentUrl":"https:\/\/saiga.es\/wp-content\/uploads\/2025\/07\/logo_saiga_baseline_optimitzat.svg","caption":"SAIGA"},"image":{"@id":"https:\/\/saiga.es\/es\/#\/schema\/logo\/image\/"},"sameAs":["https:\/\/x.com\/saiga_agro","https:\/\/www.instagram.com\/saiga_agro\/"]}]}},"_links":{"self":[{"href":"https:\/\/saiga.es\/es\/wp-json\/wp\/v2\/product\/6835","targetHints":{"allow":["GET"]}}],"collection":[{"href":"https:\/\/saiga.es\/es\/wp-json\/wp\/v2\/product"}],"about":[{"href":"https:\/\/saiga.es\/es\/wp-json\/wp\/v2\/types\/product"}],"replies":[{"embeddable":true,"href":"https:\/\/saiga.es\/es\/wp-json\/wp\/v2\/comments?post=6835"}],"wp:featuredmedia":[{"embeddable":true,"href":"https:\/\/saiga.es\/es\/wp-json\/wp\/v2\/media\/12282"}],"wp:attachment":[{"href":"https:\/\/saiga.es\/es\/wp-json\/wp\/v2\/media?parent=6835"}],"wp:term":[{"taxonomy":"product_brand","embeddable":true,"href":"https:\/\/saiga.es\/es\/wp-json\/wp\/v2\/product_brand?post=6835"},{"taxonomy":"product_cat","embeddable":true,"href":"https:\/\/saiga.es\/es\/wp-json\/wp\/v2\/product_cat?post=6835"},{"taxonomy":"product_tag","embeddable":true,"href":"https:\/\/saiga.es\/es\/wp-json\/wp\/v2\/product_tag?post=6835"}],"curies":[{"name":"wp","href":"https:\/\/api.w.org\/{rel}","templated":true}]}}