{"id":6875,"date":"2023-12-11T12:21:23","date_gmt":"2023-12-11T12:21:23","guid":{"rendered":"https:\/\/botiga.saiga.es\/producte\/tijeras-electricas-arvipo-ps37-evo-2\/"},"modified":"2025-09-29T08:27:44","modified_gmt":"2025-09-29T08:27:44","slug":"tijeras-electricas-arvipo-ps37-evo-2","status":"publish","type":"product","link":"https:\/\/saiga.es\/es\/producto\/tijeras-electricas-arvipo-ps37-evo-2\/","title":{"rendered":"Tijeras el\u00e9ctricas ARVIPO PS37 EVO-2"},"content":{"rendered":"<p data-start=\"225\" data-end=\"583\">Las tijeras el\u00e9ctricas ARVIPO PS37 EVO-2 son una herramienta profesional de poda de m\u00e1xima eficiencia, ideal para uso intensivo en olivares, vi\u00f1edos, frutales, c\u00edtricos, viveros y jardiner\u00eda especializada. Incorpora motor brushless optimizado, cabezal mejor adaptado y electr\u00f3nica avanzada para ofrecer un equilibrio excelente entre potencia y ligereza. Dispone de:  <\/p>\n<ul data-start=\"585\" data-end=\"1602\">\n<li data-start=\"585\" data-end=\"690\">\n<p data-start=\"587\" data-end=\"690\">Apertura doble de hoja y sistema de corte progresivo ajustable.<\/p>\n<\/li>\n<li data-start=\"691\" data-end=\"810\">\n<p data-start=\"693\" data-end=\"810\">Ajuste de cruzamiento de hojas v\u00eda software para controlar la calidad del corte.<\/p>\n<\/li>\n<li data-start=\"811\" data-end=\"955\">\n<p data-start=\"813\" data-end=\"955\">Visualizaci\u00f3n digital integrada (pantalla LCD) con contador de cortes y control de carga de bater\u00eda.<\/p>\n<\/li>\n<li data-start=\"956\" data-end=\"1082\">\n<p data-start=\"958\" data-end=\"1082\">Funcionamiento con bater\u00eda extra\u00edble o incorporada, con opci\u00f3n de uso con cable extensor.<\/p>\n<\/li>\n<li data-start=\"1083\" data-end=\"1269\">\n<p data-start=\"1085\" data-end=\"1269\">Sistema de seguridad \u00abCut Prevent\u00bb que detiene la hoja en contacto con la piel y tecnolog\u00eda \u00abSmart Blade\u00bb que evita cortes en alambres no deseados.<\/p>\n<\/li>\n<li data-start=\"1270\" data-end=\"1401\">\n<p data-start=\"1272\" data-end=\"1401\">Peso de 0,87 kg sin bater\u00eda y 1,20 kg con bater\u00eda, con di\u00e1metro de corte de hasta 40 mm.<\/p>\n<\/li>\n<li data-start=\"1402\" data-end=\"1521\">\n<p data-start=\"1404\" data-end=\"1521\">Autonom\u00eda con tres bater\u00edas de 2,5 Ah: 8-12 horas seg\u00fan el di\u00e1metro de corte.<\/p>\n<\/li>\n<li data-start=\"1522\" data-end=\"1602\">\n<p data-start=\"1524\" data-end=\"1602\">Tiempo de carga aproximado de 2 horas.<\/p>\n<\/li>\n<\/ul>\n<p data-start=\"1604\" data-end=\"1753\">Esta m\u00e1quina est\u00e1 dise\u00f1ada para minimizar el mantenimiento y maximizar la eficiencia en jornadas prolongadas, aportando fiabilidad al profesional.<\/p>\n","protected":false},"excerpt":{"rendered":"<p>Las tijeras el\u00e9ctricas ARVIPO PS37 EVO-2 son una herramienta profesional de poda de m\u00e1xima eficiencia, ideal para uso intensivo en olivares, vi\u00f1edos, frutales, c\u00edtricos, viveros y jardiner\u00eda especializada. Incorpora motor brushless optimizado, cabezal mejor adaptado y electr\u00f3nica avanzada para ofrecer un equilibrio excelente entre potencia y ligereza. <\/p>\n","protected":false},"featured_media":6364,"comment_status":"closed","ping_status":"closed","template":"","meta":[],"product_brand":[],"product_cat":[413,386,1695],"product_tag":[553,551,549,383,550,385],"class_list":{"0":"post-6875","1":"product","2":"type-product","3":"status-publish","4":"has-post-thumbnail","6":"product_cat-poda-es","7":"product_cat-tijeras-de-poda","8":"product_cat-tijeras-electricas-arvipo","9":"product_tag-poda-es","10":"product_tag-podar-es","11":"product_tag-tijeras","12":"product_tag-tijeras-de-podar","13":"product_tag-tijeras-de-podar-electricas","14":"product_tag-tijeras-electricas","16":"first","17":"instock","18":"taxable","19":"shipping-taxable","20":"purchasable","21":"product-type-variable"},"yoast_head":"<!-- This site is optimized with the Yoast SEO plugin v27.4 - https:\/\/yoast.com\/product\/yoast-seo-wordpress\/ -->\n<title>Tijeras el\u00e9ctricas ARVIPO PS37 EVO-2 | SAIGA<\/title>\n<meta name=\"description\" content=\"Las tijeras el\u00e9ctricas ARVIPO PS37 EVO-2 son unas tijeras profesionales mejoradas para incrementar su potencia gracias a un cabezal m\u00e1s eficiente y un motor mejorado y optimizado.\" \/>\n<meta name=\"robots\" content=\"index, follow, max-snippet:-1, max-image-preview:large, max-video-preview:-1\" \/>\n<link rel=\"canonical\" href=\"https:\/\/saiga.es\/es\/producto\/tijeras-electricas-arvipo-ps37-evo-2\/\" \/>\n<meta property=\"og:locale\" content=\"es_ES\" \/>\n<meta property=\"og:type\" content=\"article\" \/>\n<meta property=\"og:title\" content=\"Tijeras el\u00e9ctricas ARVIPO PS37 EVO-2 | SAIGA\" \/>\n<meta property=\"og:description\" content=\"Las tijeras el\u00e9ctricas ARVIPO PS37 EVO-2 son unas tijeras profesionales mejoradas para incrementar su potencia gracias a un cabezal m\u00e1s eficiente y un motor mejorado y optimizado.\" \/>\n<meta property=\"og:url\" content=\"https:\/\/saiga.es\/es\/producto\/tijeras-electricas-arvipo-ps37-evo-2\/\" \/>\n<meta property=\"og:site_name\" content=\"SAIGA\" \/>\n<meta property=\"article:modified_time\" content=\"2025-09-29T08:27:44+00:00\" \/>\n<meta property=\"og:image\" content=\"https:\/\/saiga.es\/wp-content\/uploads\/2023\/12\/PS37.jpg\" \/>\n\t<meta property=\"og:image:width\" content=\"400\" \/>\n\t<meta property=\"og:image:height\" content=\"400\" \/>\n\t<meta property=\"og:image:type\" content=\"image\/jpeg\" \/>\n<meta name=\"twitter:card\" content=\"summary_large_image\" \/>\n<meta name=\"twitter:site\" content=\"@saiga_agro\" \/>\n<meta name=\"twitter:label1\" content=\"Tiempo de lectura\" \/>\n\t<meta name=\"twitter:data1\" content=\"2 minutos\" \/>\n<script type=\"application\/ld+json\" class=\"yoast-schema-graph\">{\"@context\":\"https:\\\/\\\/schema.org\",\"@graph\":[{\"@type\":\"WebPage\",\"@id\":\"https:\\\/\\\/saiga.es\\\/es\\\/producto\\\/tijeras-electricas-arvipo-ps37-evo-2\\\/\",\"url\":\"https:\\\/\\\/saiga.es\\\/es\\\/producto\\\/tijeras-electricas-arvipo-ps37-evo-2\\\/\",\"name\":\"Tijeras el\u00e9ctricas ARVIPO PS37 EVO-2 | SAIGA\",\"isPartOf\":{\"@id\":\"https:\\\/\\\/saiga.es\\\/es\\\/#website\"},\"primaryImageOfPage\":{\"@id\":\"https:\\\/\\\/saiga.es\\\/es\\\/producto\\\/tijeras-electricas-arvipo-ps37-evo-2\\\/#primaryimage\"},\"image\":{\"@id\":\"https:\\\/\\\/saiga.es\\\/es\\\/producto\\\/tijeras-electricas-arvipo-ps37-evo-2\\\/#primaryimage\"},\"thumbnailUrl\":\"https:\\\/\\\/saiga.es\\\/wp-content\\\/uploads\\\/2023\\\/12\\\/PS37.jpg\",\"datePublished\":\"2023-12-11T12:21:23+00:00\",\"dateModified\":\"2025-09-29T08:27:44+00:00\",\"description\":\"Las tijeras el\u00e9ctricas ARVIPO PS37 EVO-2 son unas tijeras profesionales mejoradas para incrementar su potencia gracias a un cabezal m\u00e1s eficiente y un motor mejorado y optimizado.\",\"breadcrumb\":{\"@id\":\"https:\\\/\\\/saiga.es\\\/es\\\/producto\\\/tijeras-electricas-arvipo-ps37-evo-2\\\/#breadcrumb\"},\"inLanguage\":\"es\",\"potentialAction\":[{\"@type\":\"ReadAction\",\"target\":[\"https:\\\/\\\/saiga.es\\\/es\\\/producto\\\/tijeras-electricas-arvipo-ps37-evo-2\\\/\"]}]},{\"@type\":\"ImageObject\",\"inLanguage\":\"es\",\"@id\":\"https:\\\/\\\/saiga.es\\\/es\\\/producto\\\/tijeras-electricas-arvipo-ps37-evo-2\\\/#primaryimage\",\"url\":\"https:\\\/\\\/saiga.es\\\/wp-content\\\/uploads\\\/2023\\\/12\\\/PS37.jpg\",\"contentUrl\":\"https:\\\/\\\/saiga.es\\\/wp-content\\\/uploads\\\/2023\\\/12\\\/PS37.jpg\",\"width\":400,\"height\":400,\"caption\":\"Tijeras el\u00e9ctricas ARVIPO PS37\"},{\"@type\":\"BreadcrumbList\",\"@id\":\"https:\\\/\\\/saiga.es\\\/es\\\/producto\\\/tijeras-electricas-arvipo-ps37-evo-2\\\/#breadcrumb\",\"itemListElement\":[{\"@type\":\"ListItem\",\"position\":1,\"name\":\"Inici\",\"item\":\"https:\\\/\\\/saiga.es\\\/es\\\/\"},{\"@type\":\"ListItem\",\"position\":2,\"name\":\"Tienda\",\"item\":\"https:\\\/\\\/saiga.es\\\/es\\\/tienda\\\/\"},{\"@type\":\"ListItem\",\"position\":3,\"name\":\"Tijeras el\u00e9ctricas ARVIPO PS37 EVO-2\"}]},{\"@type\":\"WebSite\",\"@id\":\"https:\\\/\\\/saiga.es\\\/es\\\/#website\",\"url\":\"https:\\\/\\\/saiga.es\\\/es\\\/\",\"name\":\"SAIGA\",\"description\":\"M\u00e9s de 50 anys al servei de la terra i treballant per a un \u00fas eficient de l\u2019aigua!\",\"publisher\":{\"@id\":\"https:\\\/\\\/saiga.es\\\/es\\\/#organization\"},\"potentialAction\":[{\"@type\":\"SearchAction\",\"target\":{\"@type\":\"EntryPoint\",\"urlTemplate\":\"https:\\\/\\\/saiga.es\\\/es\\\/?s={search_term_string}\"},\"query-input\":{\"@type\":\"PropertyValueSpecification\",\"valueRequired\":true,\"valueName\":\"search_term_string\"}}],\"inLanguage\":\"es\"},{\"@type\":\"Organization\",\"@id\":\"https:\\\/\\\/saiga.es\\\/es\\\/#organization\",\"name\":\"SAIGA\",\"url\":\"https:\\\/\\\/saiga.es\\\/es\\\/\",\"logo\":{\"@type\":\"ImageObject\",\"inLanguage\":\"es\",\"@id\":\"https:\\\/\\\/saiga.es\\\/es\\\/#\\\/schema\\\/logo\\\/image\\\/\",\"url\":\"https:\\\/\\\/saiga.es\\\/wp-content\\\/uploads\\\/2025\\\/07\\\/logo_saiga_baseline_optimitzat.svg\",\"contentUrl\":\"https:\\\/\\\/saiga.es\\\/wp-content\\\/uploads\\\/2025\\\/07\\\/logo_saiga_baseline_optimitzat.svg\",\"caption\":\"SAIGA\"},\"image\":{\"@id\":\"https:\\\/\\\/saiga.es\\\/es\\\/#\\\/schema\\\/logo\\\/image\\\/\"},\"sameAs\":[\"https:\\\/\\\/x.com\\\/saiga_agro\",\"https:\\\/\\\/www.instagram.com\\\/saiga_agro\\\/\"]}]}<\/script>\n<!-- \/ Yoast SEO plugin. -->","yoast_head_json":{"title":"Tijeras el\u00e9ctricas ARVIPO PS37 EVO-2 | SAIGA","description":"Las tijeras el\u00e9ctricas ARVIPO PS37 EVO-2 son unas tijeras profesionales mejoradas para incrementar su potencia gracias a un cabezal m\u00e1s eficiente y un motor mejorado y optimizado.","robots":{"index":"index","follow":"follow","max-snippet":"max-snippet:-1","max-image-preview":"max-image-preview:large","max-video-preview":"max-video-preview:-1"},"canonical":"https:\/\/saiga.es\/es\/producto\/tijeras-electricas-arvipo-ps37-evo-2\/","og_locale":"es_ES","og_type":"article","og_title":"Tijeras el\u00e9ctricas ARVIPO PS37 EVO-2 | SAIGA","og_description":"Las tijeras el\u00e9ctricas ARVIPO PS37 EVO-2 son unas tijeras profesionales mejoradas para incrementar su potencia gracias a un cabezal m\u00e1s eficiente y un motor mejorado y optimizado.","og_url":"https:\/\/saiga.es\/es\/producto\/tijeras-electricas-arvipo-ps37-evo-2\/","og_site_name":"SAIGA","article_modified_time":"2025-09-29T08:27:44+00:00","og_image":[{"width":400,"height":400,"url":"https:\/\/saiga.es\/wp-content\/uploads\/2023\/12\/PS37.jpg","type":"image\/jpeg"}],"twitter_card":"summary_large_image","twitter_site":"@saiga_agro","twitter_misc":{"Tiempo de lectura":"2 minutos"},"schema":{"@context":"https:\/\/schema.org","@graph":[{"@type":"WebPage","@id":"https:\/\/saiga.es\/es\/producto\/tijeras-electricas-arvipo-ps37-evo-2\/","url":"https:\/\/saiga.es\/es\/producto\/tijeras-electricas-arvipo-ps37-evo-2\/","name":"Tijeras el\u00e9ctricas ARVIPO PS37 EVO-2 | SAIGA","isPartOf":{"@id":"https:\/\/saiga.es\/es\/#website"},"primaryImageOfPage":{"@id":"https:\/\/saiga.es\/es\/producto\/tijeras-electricas-arvipo-ps37-evo-2\/#primaryimage"},"image":{"@id":"https:\/\/saiga.es\/es\/producto\/tijeras-electricas-arvipo-ps37-evo-2\/#primaryimage"},"thumbnailUrl":"https:\/\/saiga.es\/wp-content\/uploads\/2023\/12\/PS37.jpg","datePublished":"2023-12-11T12:21:23+00:00","dateModified":"2025-09-29T08:27:44+00:00","description":"Las tijeras el\u00e9ctricas ARVIPO PS37 EVO-2 son unas tijeras profesionales mejoradas para incrementar su potencia gracias a un cabezal m\u00e1s eficiente y un motor mejorado y optimizado.","breadcrumb":{"@id":"https:\/\/saiga.es\/es\/producto\/tijeras-electricas-arvipo-ps37-evo-2\/#breadcrumb"},"inLanguage":"es","potentialAction":[{"@type":"ReadAction","target":["https:\/\/saiga.es\/es\/producto\/tijeras-electricas-arvipo-ps37-evo-2\/"]}]},{"@type":"ImageObject","inLanguage":"es","@id":"https:\/\/saiga.es\/es\/producto\/tijeras-electricas-arvipo-ps37-evo-2\/#primaryimage","url":"https:\/\/saiga.es\/wp-content\/uploads\/2023\/12\/PS37.jpg","contentUrl":"https:\/\/saiga.es\/wp-content\/uploads\/2023\/12\/PS37.jpg","width":400,"height":400,"caption":"Tijeras el\u00e9ctricas ARVIPO PS37"},{"@type":"BreadcrumbList","@id":"https:\/\/saiga.es\/es\/producto\/tijeras-electricas-arvipo-ps37-evo-2\/#breadcrumb","itemListElement":[{"@type":"ListItem","position":1,"name":"Inici","item":"https:\/\/saiga.es\/es\/"},{"@type":"ListItem","position":2,"name":"Tienda","item":"https:\/\/saiga.es\/es\/tienda\/"},{"@type":"ListItem","position":3,"name":"Tijeras el\u00e9ctricas ARVIPO PS37 EVO-2"}]},{"@type":"WebSite","@id":"https:\/\/saiga.es\/es\/#website","url":"https:\/\/saiga.es\/es\/","name":"SAIGA","description":"M\u00e9s de 50 anys al servei de la terra i treballant per a un \u00fas eficient de l\u2019aigua!","publisher":{"@id":"https:\/\/saiga.es\/es\/#organization"},"potentialAction":[{"@type":"SearchAction","target":{"@type":"EntryPoint","urlTemplate":"https:\/\/saiga.es\/es\/?s={search_term_string}"},"query-input":{"@type":"PropertyValueSpecification","valueRequired":true,"valueName":"search_term_string"}}],"inLanguage":"es"},{"@type":"Organization","@id":"https:\/\/saiga.es\/es\/#organization","name":"SAIGA","url":"https:\/\/saiga.es\/es\/","logo":{"@type":"ImageObject","inLanguage":"es","@id":"https:\/\/saiga.es\/es\/#\/schema\/logo\/image\/","url":"https:\/\/saiga.es\/wp-content\/uploads\/2025\/07\/logo_saiga_baseline_optimitzat.svg","contentUrl":"https:\/\/saiga.es\/wp-content\/uploads\/2025\/07\/logo_saiga_baseline_optimitzat.svg","caption":"SAIGA"},"image":{"@id":"https:\/\/saiga.es\/es\/#\/schema\/logo\/image\/"},"sameAs":["https:\/\/x.com\/saiga_agro","https:\/\/www.instagram.com\/saiga_agro\/"]}]}},"_links":{"self":[{"href":"https:\/\/saiga.es\/es\/wp-json\/wp\/v2\/product\/6875","targetHints":{"allow":["GET"]}}],"collection":[{"href":"https:\/\/saiga.es\/es\/wp-json\/wp\/v2\/product"}],"about":[{"href":"https:\/\/saiga.es\/es\/wp-json\/wp\/v2\/types\/product"}],"replies":[{"embeddable":true,"href":"https:\/\/saiga.es\/es\/wp-json\/wp\/v2\/comments?post=6875"}],"wp:featuredmedia":[{"embeddable":true,"href":"https:\/\/saiga.es\/es\/wp-json\/wp\/v2\/media\/6364"}],"wp:attachment":[{"href":"https:\/\/saiga.es\/es\/wp-json\/wp\/v2\/media?parent=6875"}],"wp:term":[{"taxonomy":"product_brand","embeddable":true,"href":"https:\/\/saiga.es\/es\/wp-json\/wp\/v2\/product_brand?post=6875"},{"taxonomy":"product_cat","embeddable":true,"href":"https:\/\/saiga.es\/es\/wp-json\/wp\/v2\/product_cat?post=6875"},{"taxonomy":"product_tag","embeddable":true,"href":"https:\/\/saiga.es\/es\/wp-json\/wp\/v2\/product_tag?post=6875"}],"curies":[{"name":"wp","href":"https:\/\/api.w.org\/{rel}","templated":true}]}}