{"id":6881,"date":"2024-01-02T10:29:48","date_gmt":"2024-01-02T10:29:48","guid":{"rendered":"https:\/\/botiga.saiga.es\/producte\/arbokol-resina-cicatrizante\/"},"modified":"2025-08-21T08:28:44","modified_gmt":"2025-08-21T08:28:44","slug":"arbokol-resina-cicatrizante","status":"publish","type":"product","link":"https:\/\/saiga.es\/es\/producto\/arbokol-resina-cicatrizante\/","title":{"rendered":"Arbokol, resina cicatrizante"},"content":{"rendered":"<p>Arbokol es una resina cicatrizante de alta calidad formulada para proteger \u00e1rboles y plantas despu\u00e9s de la poda o cualquier herida accidental. Gracias a su composici\u00f3n, crea una pel\u00edcula protectora que favorece la cicatrizaci\u00f3n y evita la entrada de enfermedades y plagas. <\/p>\n<p data-start=\"956\" data-end=\"983\">Ventajas principales<\/p>\n<ul data-start=\"984\" data-end=\"1302\">\n<li data-start=\"984\" data-end=\"1075\">\n<p data-start=\"986\" data-end=\"1075\">Forma una pel\u00edcula el\u00e1stica y porosa que se adapta perfectamente al tejido vegetal.<\/p>\n<\/li>\n<li data-start=\"1076\" data-end=\"1128\">\n<p data-start=\"1078\" data-end=\"1128\">Permite la transpiraci\u00f3n natural de la planta.<\/p>\n<\/li>\n<li data-start=\"1129\" data-end=\"1179\">\n<p data-start=\"1131\" data-end=\"1179\">No gotea y tiene una aplicaci\u00f3n f\u00e1cil y limpia.<\/p>\n<\/li>\n<li data-start=\"1180\" data-end=\"1240\">\n<p data-start=\"1182\" data-end=\"1240\">Protege contra hongos, bacterias y otros agentes nocivos.<\/p>\n<\/li>\n<li data-start=\"1241\" data-end=\"1302\">\n<p data-start=\"1243\" data-end=\"1302\">Apta para uso en poda, injertos y heridas accidentales.<\/p>\n<\/li>\n<\/ul>\n<p data-start=\"1309\" data-end=\"1331\">C\u00f3mo aplicar Arbokol, resina cicatrizante:<\/p>\n<p data-start=\"1309\" data-end=\"1331\">Limpia la herida o el corte para eliminar restos e impurezas.<\/p>\n<ol data-start=\"1332\" data-end=\"1612\">\n<li data-start=\"1401\" data-end=\"1479\">\n<p data-start=\"1404\" data-end=\"1479\">Aplica Arbokol con un pincel o esp\u00e1tula, cubriendo toda la superficie.<\/p>\n<\/li>\n<li data-start=\"1480\" data-end=\"1530\">\n<p data-start=\"1483\" data-end=\"1530\">Haz una capa uniforme de 2-3 mm de grosor.<\/p>\n<\/li>\n<li data-start=\"1531\" data-end=\"1612\">\n<p data-start=\"1534\" data-end=\"1612\">Evita aplicar con lluvia o humedad elevada para garantizar una buena fijaci\u00f3n.<\/p>\n<\/li>\n<\/ol>\n","protected":false},"excerpt":{"rendered":"<p>Arbokol, resina cicatrizante para poda, sirve para el cuidado de heridas, podas e ingertos en todo tipo de plantas, \u00e1rboles o arbustos. Arbokol resina, forma una pel\u00b7l\u00edcula el\u00e0stica i porosa que cura i evita malalties afavorint el creixement vegetatiu permetent la transpiraci\u00f3. No gotea y mantiene las propiedades protectotas durante un tiempo largo.<\/p>\n","protected":false},"featured_media":7692,"comment_status":"closed","ping_status":"closed","template":"","meta":[],"product_brand":[],"product_cat":[413],"product_tag":[2288,2074,553],"class_list":{"0":"post-6881","1":"product","2":"type-product","3":"status-publish","4":"has-post-thumbnail","6":"product_cat-poda-es","7":"product_tag-arbokol-es","8":"product_tag-cicatritzante","9":"product_tag-poda-es","11":"first","12":"instock","13":"taxable","14":"shipping-taxable","15":"purchasable","16":"product-type-variable"},"yoast_head":"<!-- This site is optimized with the Yoast SEO plugin v27.4 - https:\/\/yoast.com\/product\/yoast-seo-wordpress\/ -->\n<title>Arbokol, resina cicatrizante | SAIGA<\/title>\n<meta name=\"description\" content=\"Arbokol, resina cicatrizante para poda, sirve para el cuidado de heridas, podas e ingertos en todo tipo de plantas, \u00e1rboles o arbustos.\" \/>\n<meta name=\"robots\" content=\"index, follow, max-snippet:-1, max-image-preview:large, max-video-preview:-1\" \/>\n<link rel=\"canonical\" href=\"https:\/\/saiga.es\/es\/producto\/arbokol-resina-cicatrizante\/\" \/>\n<meta property=\"og:locale\" content=\"es_ES\" \/>\n<meta property=\"og:type\" content=\"article\" \/>\n<meta property=\"og:title\" content=\"Arbokol, resina cicatrizante | SAIGA\" \/>\n<meta property=\"og:description\" content=\"Arbokol, resina cicatrizante para poda, sirve para el cuidado de heridas, podas e ingertos en todo tipo de plantas, \u00e1rboles o arbustos.\" \/>\n<meta property=\"og:url\" content=\"https:\/\/saiga.es\/es\/producto\/arbokol-resina-cicatrizante\/\" \/>\n<meta property=\"og:site_name\" content=\"SAIGA\" \/>\n<meta property=\"article:modified_time\" content=\"2025-08-21T08:28:44+00:00\" \/>\n<meta property=\"og:image\" content=\"https:\/\/saiga.es\/wp-content\/uploads\/2024\/02\/Arbol-500-g.jpg\" \/>\n\t<meta property=\"og:image:width\" content=\"400\" \/>\n\t<meta property=\"og:image:height\" content=\"400\" \/>\n\t<meta property=\"og:image:type\" content=\"image\/jpeg\" \/>\n<meta name=\"twitter:card\" content=\"summary_large_image\" \/>\n<meta name=\"twitter:site\" content=\"@saiga_agro\" \/>\n<meta name=\"twitter:label1\" content=\"Tiempo de lectura\" \/>\n\t<meta name=\"twitter:data1\" content=\"1 minuto\" \/>\n<script type=\"application\/ld+json\" class=\"yoast-schema-graph\">{\"@context\":\"https:\\\/\\\/schema.org\",\"@graph\":[{\"@type\":\"WebPage\",\"@id\":\"https:\\\/\\\/saiga.es\\\/es\\\/producto\\\/arbokol-resina-cicatrizante\\\/\",\"url\":\"https:\\\/\\\/saiga.es\\\/es\\\/producto\\\/arbokol-resina-cicatrizante\\\/\",\"name\":\"Arbokol, resina cicatrizante | SAIGA\",\"isPartOf\":{\"@id\":\"https:\\\/\\\/saiga.es\\\/es\\\/#website\"},\"primaryImageOfPage\":{\"@id\":\"https:\\\/\\\/saiga.es\\\/es\\\/producto\\\/arbokol-resina-cicatrizante\\\/#primaryimage\"},\"image\":{\"@id\":\"https:\\\/\\\/saiga.es\\\/es\\\/producto\\\/arbokol-resina-cicatrizante\\\/#primaryimage\"},\"thumbnailUrl\":\"https:\\\/\\\/saiga.es\\\/wp-content\\\/uploads\\\/2024\\\/02\\\/Arbol-500-g.jpg\",\"datePublished\":\"2024-01-02T10:29:48+00:00\",\"dateModified\":\"2025-08-21T08:28:44+00:00\",\"description\":\"Arbokol, resina cicatrizante para poda, sirve para el cuidado de heridas, podas e ingertos en todo tipo de plantas, \u00e1rboles o arbustos.\",\"breadcrumb\":{\"@id\":\"https:\\\/\\\/saiga.es\\\/es\\\/producto\\\/arbokol-resina-cicatrizante\\\/#breadcrumb\"},\"inLanguage\":\"es\",\"potentialAction\":[{\"@type\":\"ReadAction\",\"target\":[\"https:\\\/\\\/saiga.es\\\/es\\\/producto\\\/arbokol-resina-cicatrizante\\\/\"]}]},{\"@type\":\"ImageObject\",\"inLanguage\":\"es\",\"@id\":\"https:\\\/\\\/saiga.es\\\/es\\\/producto\\\/arbokol-resina-cicatrizante\\\/#primaryimage\",\"url\":\"https:\\\/\\\/saiga.es\\\/wp-content\\\/uploads\\\/2024\\\/02\\\/Arbol-500-g.jpg\",\"contentUrl\":\"https:\\\/\\\/saiga.es\\\/wp-content\\\/uploads\\\/2024\\\/02\\\/Arbol-500-g.jpg\",\"width\":400,\"height\":400,\"caption\":\"Arbokol 500 g\"},{\"@type\":\"BreadcrumbList\",\"@id\":\"https:\\\/\\\/saiga.es\\\/es\\\/producto\\\/arbokol-resina-cicatrizante\\\/#breadcrumb\",\"itemListElement\":[{\"@type\":\"ListItem\",\"position\":1,\"name\":\"Inici\",\"item\":\"https:\\\/\\\/saiga.es\\\/es\\\/\"},{\"@type\":\"ListItem\",\"position\":2,\"name\":\"Tienda\",\"item\":\"https:\\\/\\\/saiga.es\\\/es\\\/tienda\\\/\"},{\"@type\":\"ListItem\",\"position\":3,\"name\":\"Arbokol, resina cicatrizante\"}]},{\"@type\":\"WebSite\",\"@id\":\"https:\\\/\\\/saiga.es\\\/es\\\/#website\",\"url\":\"https:\\\/\\\/saiga.es\\\/es\\\/\",\"name\":\"SAIGA\",\"description\":\"M\u00e9s de 50 anys al servei de la terra i treballant per a un \u00fas eficient de l\u2019aigua!\",\"publisher\":{\"@id\":\"https:\\\/\\\/saiga.es\\\/es\\\/#organization\"},\"potentialAction\":[{\"@type\":\"SearchAction\",\"target\":{\"@type\":\"EntryPoint\",\"urlTemplate\":\"https:\\\/\\\/saiga.es\\\/es\\\/?s={search_term_string}\"},\"query-input\":{\"@type\":\"PropertyValueSpecification\",\"valueRequired\":true,\"valueName\":\"search_term_string\"}}],\"inLanguage\":\"es\"},{\"@type\":\"Organization\",\"@id\":\"https:\\\/\\\/saiga.es\\\/es\\\/#organization\",\"name\":\"SAIGA\",\"url\":\"https:\\\/\\\/saiga.es\\\/es\\\/\",\"logo\":{\"@type\":\"ImageObject\",\"inLanguage\":\"es\",\"@id\":\"https:\\\/\\\/saiga.es\\\/es\\\/#\\\/schema\\\/logo\\\/image\\\/\",\"url\":\"https:\\\/\\\/saiga.es\\\/wp-content\\\/uploads\\\/2025\\\/07\\\/logo_saiga_baseline_optimitzat.svg\",\"contentUrl\":\"https:\\\/\\\/saiga.es\\\/wp-content\\\/uploads\\\/2025\\\/07\\\/logo_saiga_baseline_optimitzat.svg\",\"caption\":\"SAIGA\"},\"image\":{\"@id\":\"https:\\\/\\\/saiga.es\\\/es\\\/#\\\/schema\\\/logo\\\/image\\\/\"},\"sameAs\":[\"https:\\\/\\\/x.com\\\/saiga_agro\",\"https:\\\/\\\/www.instagram.com\\\/saiga_agro\\\/\"]}]}<\/script>\n<!-- \/ Yoast SEO plugin. -->","yoast_head_json":{"title":"Arbokol, resina cicatrizante | SAIGA","description":"Arbokol, resina cicatrizante para poda, sirve para el cuidado de heridas, podas e ingertos en todo tipo de plantas, \u00e1rboles o arbustos.","robots":{"index":"index","follow":"follow","max-snippet":"max-snippet:-1","max-image-preview":"max-image-preview:large","max-video-preview":"max-video-preview:-1"},"canonical":"https:\/\/saiga.es\/es\/producto\/arbokol-resina-cicatrizante\/","og_locale":"es_ES","og_type":"article","og_title":"Arbokol, resina cicatrizante | SAIGA","og_description":"Arbokol, resina cicatrizante para poda, sirve para el cuidado de heridas, podas e ingertos en todo tipo de plantas, \u00e1rboles o arbustos.","og_url":"https:\/\/saiga.es\/es\/producto\/arbokol-resina-cicatrizante\/","og_site_name":"SAIGA","article_modified_time":"2025-08-21T08:28:44+00:00","og_image":[{"width":400,"height":400,"url":"https:\/\/saiga.es\/wp-content\/uploads\/2024\/02\/Arbol-500-g.jpg","type":"image\/jpeg"}],"twitter_card":"summary_large_image","twitter_site":"@saiga_agro","twitter_misc":{"Tiempo de lectura":"1 minuto"},"schema":{"@context":"https:\/\/schema.org","@graph":[{"@type":"WebPage","@id":"https:\/\/saiga.es\/es\/producto\/arbokol-resina-cicatrizante\/","url":"https:\/\/saiga.es\/es\/producto\/arbokol-resina-cicatrizante\/","name":"Arbokol, resina cicatrizante | SAIGA","isPartOf":{"@id":"https:\/\/saiga.es\/es\/#website"},"primaryImageOfPage":{"@id":"https:\/\/saiga.es\/es\/producto\/arbokol-resina-cicatrizante\/#primaryimage"},"image":{"@id":"https:\/\/saiga.es\/es\/producto\/arbokol-resina-cicatrizante\/#primaryimage"},"thumbnailUrl":"https:\/\/saiga.es\/wp-content\/uploads\/2024\/02\/Arbol-500-g.jpg","datePublished":"2024-01-02T10:29:48+00:00","dateModified":"2025-08-21T08:28:44+00:00","description":"Arbokol, resina cicatrizante para poda, sirve para el cuidado de heridas, podas e ingertos en todo tipo de plantas, \u00e1rboles o arbustos.","breadcrumb":{"@id":"https:\/\/saiga.es\/es\/producto\/arbokol-resina-cicatrizante\/#breadcrumb"},"inLanguage":"es","potentialAction":[{"@type":"ReadAction","target":["https:\/\/saiga.es\/es\/producto\/arbokol-resina-cicatrizante\/"]}]},{"@type":"ImageObject","inLanguage":"es","@id":"https:\/\/saiga.es\/es\/producto\/arbokol-resina-cicatrizante\/#primaryimage","url":"https:\/\/saiga.es\/wp-content\/uploads\/2024\/02\/Arbol-500-g.jpg","contentUrl":"https:\/\/saiga.es\/wp-content\/uploads\/2024\/02\/Arbol-500-g.jpg","width":400,"height":400,"caption":"Arbokol 500 g"},{"@type":"BreadcrumbList","@id":"https:\/\/saiga.es\/es\/producto\/arbokol-resina-cicatrizante\/#breadcrumb","itemListElement":[{"@type":"ListItem","position":1,"name":"Inici","item":"https:\/\/saiga.es\/es\/"},{"@type":"ListItem","position":2,"name":"Tienda","item":"https:\/\/saiga.es\/es\/tienda\/"},{"@type":"ListItem","position":3,"name":"Arbokol, resina cicatrizante"}]},{"@type":"WebSite","@id":"https:\/\/saiga.es\/es\/#website","url":"https:\/\/saiga.es\/es\/","name":"SAIGA","description":"M\u00e9s de 50 anys al servei de la terra i treballant per a un \u00fas eficient de l\u2019aigua!","publisher":{"@id":"https:\/\/saiga.es\/es\/#organization"},"potentialAction":[{"@type":"SearchAction","target":{"@type":"EntryPoint","urlTemplate":"https:\/\/saiga.es\/es\/?s={search_term_string}"},"query-input":{"@type":"PropertyValueSpecification","valueRequired":true,"valueName":"search_term_string"}}],"inLanguage":"es"},{"@type":"Organization","@id":"https:\/\/saiga.es\/es\/#organization","name":"SAIGA","url":"https:\/\/saiga.es\/es\/","logo":{"@type":"ImageObject","inLanguage":"es","@id":"https:\/\/saiga.es\/es\/#\/schema\/logo\/image\/","url":"https:\/\/saiga.es\/wp-content\/uploads\/2025\/07\/logo_saiga_baseline_optimitzat.svg","contentUrl":"https:\/\/saiga.es\/wp-content\/uploads\/2025\/07\/logo_saiga_baseline_optimitzat.svg","caption":"SAIGA"},"image":{"@id":"https:\/\/saiga.es\/es\/#\/schema\/logo\/image\/"},"sameAs":["https:\/\/x.com\/saiga_agro","https:\/\/www.instagram.com\/saiga_agro\/"]}]}},"_links":{"self":[{"href":"https:\/\/saiga.es\/es\/wp-json\/wp\/v2\/product\/6881","targetHints":{"allow":["GET"]}}],"collection":[{"href":"https:\/\/saiga.es\/es\/wp-json\/wp\/v2\/product"}],"about":[{"href":"https:\/\/saiga.es\/es\/wp-json\/wp\/v2\/types\/product"}],"replies":[{"embeddable":true,"href":"https:\/\/saiga.es\/es\/wp-json\/wp\/v2\/comments?post=6881"}],"wp:featuredmedia":[{"embeddable":true,"href":"https:\/\/saiga.es\/es\/wp-json\/wp\/v2\/media\/7692"}],"wp:attachment":[{"href":"https:\/\/saiga.es\/es\/wp-json\/wp\/v2\/media?parent=6881"}],"wp:term":[{"taxonomy":"product_brand","embeddable":true,"href":"https:\/\/saiga.es\/es\/wp-json\/wp\/v2\/product_brand?post=6881"},{"taxonomy":"product_cat","embeddable":true,"href":"https:\/\/saiga.es\/es\/wp-json\/wp\/v2\/product_cat?post=6881"},{"taxonomy":"product_tag","embeddable":true,"href":"https:\/\/saiga.es\/es\/wp-json\/wp\/v2\/product_tag?post=6881"}],"curies":[{"name":"wp","href":"https:\/\/api.w.org\/{rel}","templated":true}]}}