{"id":6887,"date":"2024-01-18T11:12:20","date_gmt":"2024-01-18T11:12:20","guid":{"rendered":"https:\/\/botiga.saiga.es\/producte\/podadora-de-dos-manos-km180-kamikaze\/"},"modified":"2025-10-27T07:53:36","modified_gmt":"2025-10-27T07:53:36","slug":"podadora-de-dos-manos-km180-kamikaze","status":"publish","type":"product","link":"https:\/\/saiga.es\/es\/producto\/podadora-de-dos-manos-km180-kamikaze\/","title":{"rendered":"Podadora de dos manos km180 kamikaze"},"content":{"rendered":"<p>Podadora de dos manos km180 kamikaze<\/p>\n<p>Nuestra podadora de dos manos es una herramienta robusta y eficiente dise\u00f1ada para afrontar con facilidad labores de poda m\u00e1s grandes y exigentes. Con un dise\u00f1o ergon\u00f3mico y un mango alargado, esta podadora ofrece una combinaci\u00f3n de potencia y altura para satisfacer las necesidades de los jardineros m\u00e1s exigentes.<\/p>\n<p>Las hojas afiladas, fabricadas con materiales de alta calidad, aseguran un corte limpio y preciso, permitiendo abordar con facilidad ramas m\u00e1s gruesas. El amplio mango proporciona un agarre c\u00f3modo y estable, mientras que la longitud extra permite llegar a zonas de dif\u00edcil acceso.<\/p>\n<p>Optimiza tu tiempo de poda con nuestra podadora de dos manos, herramienta fiable y eficiente para todos tus proyectos de jardiner\u00eda.<\/p>\n","protected":false},"excerpt":{"rendered":"<p>Nuestra podadora de dos manos es una herramienta robusta y eficiente dise\u00f1ada para afrontar con facilidad labores de poda m\u00e1s grandes y exigentes.<\/p>\n","protected":false},"featured_media":11801,"comment_status":"open","ping_status":"closed","template":"","meta":[],"product_brand":[],"product_cat":[1734,413,398],"product_tag":[],"class_list":{"0":"post-6887","1":"product","2":"type-product","3":"status-publish","4":"has-post-thumbnail","6":"product_cat-kamikaze-es","7":"product_cat-poda-es","8":"product_cat-podadoras","10":"first","11":"instock","12":"taxable","13":"shipping-taxable","14":"purchasable","15":"product-type-simple"},"yoast_head":"<!-- This site is optimized with the Yoast SEO plugin v27.4 - https:\/\/yoast.com\/product\/yoast-seo-wordpress\/ -->\n<title>Podadora de dos manos km180 kamikaze | SAIGA<\/title>\n<meta name=\"description\" content=\"Nuestra podadora de dos manos es una herramienta robusta y eficiente dise\u00f1ada para afrontar con facilidad labores de poda m\u00e1s grandes y exigentes.\" \/>\n<meta name=\"robots\" content=\"index, follow, max-snippet:-1, max-image-preview:large, max-video-preview:-1\" \/>\n<link rel=\"canonical\" href=\"https:\/\/saiga.es\/es\/producto\/podadora-de-dos-manos-km180-kamikaze\/\" \/>\n<meta property=\"og:locale\" content=\"es_ES\" \/>\n<meta property=\"og:type\" content=\"article\" \/>\n<meta property=\"og:title\" content=\"Podadora de dos manos km180 kamikaze | SAIGA\" \/>\n<meta property=\"og:description\" content=\"Nuestra podadora de dos manos es una herramienta robusta y eficiente dise\u00f1ada para afrontar con facilidad labores de poda m\u00e1s grandes y exigentes.\" \/>\n<meta property=\"og:url\" content=\"https:\/\/saiga.es\/es\/producto\/podadora-de-dos-manos-km180-kamikaze\/\" \/>\n<meta property=\"og:site_name\" content=\"SAIGA\" \/>\n<meta property=\"article:modified_time\" content=\"2025-10-27T07:53:36+00:00\" \/>\n<meta property=\"og:image\" content=\"https:\/\/saiga.es\/wp-content\/uploads\/2024\/01\/Podadora-dues-mans-Kamikaxe-180.jpg\" \/>\n\t<meta property=\"og:image:width\" content=\"1080\" \/>\n\t<meta property=\"og:image:height\" content=\"1080\" \/>\n\t<meta property=\"og:image:type\" content=\"image\/jpeg\" \/>\n<meta name=\"twitter:card\" content=\"summary_large_image\" \/>\n<meta name=\"twitter:site\" content=\"@saiga_agro\" \/>\n<meta name=\"twitter:label1\" content=\"Tiempo de lectura\" \/>\n\t<meta name=\"twitter:data1\" content=\"1 minuto\" \/>\n<script type=\"application\/ld+json\" class=\"yoast-schema-graph\">{\"@context\":\"https:\\\/\\\/schema.org\",\"@graph\":[{\"@type\":\"WebPage\",\"@id\":\"https:\\\/\\\/saiga.es\\\/es\\\/producto\\\/podadora-de-dos-manos-km180-kamikaze\\\/\",\"url\":\"https:\\\/\\\/saiga.es\\\/es\\\/producto\\\/podadora-de-dos-manos-km180-kamikaze\\\/\",\"name\":\"Podadora de dos manos km180 kamikaze | SAIGA\",\"isPartOf\":{\"@id\":\"https:\\\/\\\/saiga.es\\\/es\\\/#website\"},\"primaryImageOfPage\":{\"@id\":\"https:\\\/\\\/saiga.es\\\/es\\\/producto\\\/podadora-de-dos-manos-km180-kamikaze\\\/#primaryimage\"},\"image\":{\"@id\":\"https:\\\/\\\/saiga.es\\\/es\\\/producto\\\/podadora-de-dos-manos-km180-kamikaze\\\/#primaryimage\"},\"thumbnailUrl\":\"https:\\\/\\\/saiga.es\\\/wp-content\\\/uploads\\\/2024\\\/01\\\/Podadora-dues-mans-Kamikaxe-180.jpg\",\"datePublished\":\"2024-01-18T11:12:20+00:00\",\"dateModified\":\"2025-10-27T07:53:36+00:00\",\"description\":\"Nuestra podadora de dos manos es una herramienta robusta y eficiente dise\u00f1ada para afrontar con facilidad labores de poda m\u00e1s grandes y exigentes.\",\"breadcrumb\":{\"@id\":\"https:\\\/\\\/saiga.es\\\/es\\\/producto\\\/podadora-de-dos-manos-km180-kamikaze\\\/#breadcrumb\"},\"inLanguage\":\"es\",\"potentialAction\":[{\"@type\":\"ReadAction\",\"target\":[\"https:\\\/\\\/saiga.es\\\/es\\\/producto\\\/podadora-de-dos-manos-km180-kamikaze\\\/\"]}]},{\"@type\":\"ImageObject\",\"inLanguage\":\"es\",\"@id\":\"https:\\\/\\\/saiga.es\\\/es\\\/producto\\\/podadora-de-dos-manos-km180-kamikaze\\\/#primaryimage\",\"url\":\"https:\\\/\\\/saiga.es\\\/wp-content\\\/uploads\\\/2024\\\/01\\\/Podadora-dues-mans-Kamikaxe-180.jpg\",\"contentUrl\":\"https:\\\/\\\/saiga.es\\\/wp-content\\\/uploads\\\/2024\\\/01\\\/Podadora-dues-mans-Kamikaxe-180.jpg\",\"width\":1080,\"height\":1080,\"caption\":\"Podadora dues mans Kamikaze 180\"},{\"@type\":\"BreadcrumbList\",\"@id\":\"https:\\\/\\\/saiga.es\\\/es\\\/producto\\\/podadora-de-dos-manos-km180-kamikaze\\\/#breadcrumb\",\"itemListElement\":[{\"@type\":\"ListItem\",\"position\":1,\"name\":\"Inici\",\"item\":\"https:\\\/\\\/saiga.es\\\/es\\\/\"},{\"@type\":\"ListItem\",\"position\":2,\"name\":\"Tienda\",\"item\":\"https:\\\/\\\/saiga.es\\\/es\\\/tienda\\\/\"},{\"@type\":\"ListItem\",\"position\":3,\"name\":\"Podadora de dos manos km180 kamikaze\"}]},{\"@type\":\"WebSite\",\"@id\":\"https:\\\/\\\/saiga.es\\\/es\\\/#website\",\"url\":\"https:\\\/\\\/saiga.es\\\/es\\\/\",\"name\":\"SAIGA\",\"description\":\"M\u00e9s de 50 anys al servei de la terra i treballant per a un \u00fas eficient de l\u2019aigua!\",\"publisher\":{\"@id\":\"https:\\\/\\\/saiga.es\\\/es\\\/#organization\"},\"potentialAction\":[{\"@type\":\"SearchAction\",\"target\":{\"@type\":\"EntryPoint\",\"urlTemplate\":\"https:\\\/\\\/saiga.es\\\/es\\\/?s={search_term_string}\"},\"query-input\":{\"@type\":\"PropertyValueSpecification\",\"valueRequired\":true,\"valueName\":\"search_term_string\"}}],\"inLanguage\":\"es\"},{\"@type\":\"Organization\",\"@id\":\"https:\\\/\\\/saiga.es\\\/es\\\/#organization\",\"name\":\"SAIGA\",\"url\":\"https:\\\/\\\/saiga.es\\\/es\\\/\",\"logo\":{\"@type\":\"ImageObject\",\"inLanguage\":\"es\",\"@id\":\"https:\\\/\\\/saiga.es\\\/es\\\/#\\\/schema\\\/logo\\\/image\\\/\",\"url\":\"https:\\\/\\\/saiga.es\\\/wp-content\\\/uploads\\\/2025\\\/07\\\/logo_saiga_baseline_optimitzat.svg\",\"contentUrl\":\"https:\\\/\\\/saiga.es\\\/wp-content\\\/uploads\\\/2025\\\/07\\\/logo_saiga_baseline_optimitzat.svg\",\"caption\":\"SAIGA\"},\"image\":{\"@id\":\"https:\\\/\\\/saiga.es\\\/es\\\/#\\\/schema\\\/logo\\\/image\\\/\"},\"sameAs\":[\"https:\\\/\\\/x.com\\\/saiga_agro\",\"https:\\\/\\\/www.instagram.com\\\/saiga_agro\\\/\"]}]}<\/script>\n<!-- \/ Yoast SEO plugin. -->","yoast_head_json":{"title":"Podadora de dos manos km180 kamikaze | SAIGA","description":"Nuestra podadora de dos manos es una herramienta robusta y eficiente dise\u00f1ada para afrontar con facilidad labores de poda m\u00e1s grandes y exigentes.","robots":{"index":"index","follow":"follow","max-snippet":"max-snippet:-1","max-image-preview":"max-image-preview:large","max-video-preview":"max-video-preview:-1"},"canonical":"https:\/\/saiga.es\/es\/producto\/podadora-de-dos-manos-km180-kamikaze\/","og_locale":"es_ES","og_type":"article","og_title":"Podadora de dos manos km180 kamikaze | SAIGA","og_description":"Nuestra podadora de dos manos es una herramienta robusta y eficiente dise\u00f1ada para afrontar con facilidad labores de poda m\u00e1s grandes y exigentes.","og_url":"https:\/\/saiga.es\/es\/producto\/podadora-de-dos-manos-km180-kamikaze\/","og_site_name":"SAIGA","article_modified_time":"2025-10-27T07:53:36+00:00","og_image":[{"width":1080,"height":1080,"url":"https:\/\/saiga.es\/wp-content\/uploads\/2024\/01\/Podadora-dues-mans-Kamikaxe-180.jpg","type":"image\/jpeg"}],"twitter_card":"summary_large_image","twitter_site":"@saiga_agro","twitter_misc":{"Tiempo de lectura":"1 minuto"},"schema":{"@context":"https:\/\/schema.org","@graph":[{"@type":"WebPage","@id":"https:\/\/saiga.es\/es\/producto\/podadora-de-dos-manos-km180-kamikaze\/","url":"https:\/\/saiga.es\/es\/producto\/podadora-de-dos-manos-km180-kamikaze\/","name":"Podadora de dos manos km180 kamikaze | SAIGA","isPartOf":{"@id":"https:\/\/saiga.es\/es\/#website"},"primaryImageOfPage":{"@id":"https:\/\/saiga.es\/es\/producto\/podadora-de-dos-manos-km180-kamikaze\/#primaryimage"},"image":{"@id":"https:\/\/saiga.es\/es\/producto\/podadora-de-dos-manos-km180-kamikaze\/#primaryimage"},"thumbnailUrl":"https:\/\/saiga.es\/wp-content\/uploads\/2024\/01\/Podadora-dues-mans-Kamikaxe-180.jpg","datePublished":"2024-01-18T11:12:20+00:00","dateModified":"2025-10-27T07:53:36+00:00","description":"Nuestra podadora de dos manos es una herramienta robusta y eficiente dise\u00f1ada para afrontar con facilidad labores de poda m\u00e1s grandes y exigentes.","breadcrumb":{"@id":"https:\/\/saiga.es\/es\/producto\/podadora-de-dos-manos-km180-kamikaze\/#breadcrumb"},"inLanguage":"es","potentialAction":[{"@type":"ReadAction","target":["https:\/\/saiga.es\/es\/producto\/podadora-de-dos-manos-km180-kamikaze\/"]}]},{"@type":"ImageObject","inLanguage":"es","@id":"https:\/\/saiga.es\/es\/producto\/podadora-de-dos-manos-km180-kamikaze\/#primaryimage","url":"https:\/\/saiga.es\/wp-content\/uploads\/2024\/01\/Podadora-dues-mans-Kamikaxe-180.jpg","contentUrl":"https:\/\/saiga.es\/wp-content\/uploads\/2024\/01\/Podadora-dues-mans-Kamikaxe-180.jpg","width":1080,"height":1080,"caption":"Podadora dues mans Kamikaze 180"},{"@type":"BreadcrumbList","@id":"https:\/\/saiga.es\/es\/producto\/podadora-de-dos-manos-km180-kamikaze\/#breadcrumb","itemListElement":[{"@type":"ListItem","position":1,"name":"Inici","item":"https:\/\/saiga.es\/es\/"},{"@type":"ListItem","position":2,"name":"Tienda","item":"https:\/\/saiga.es\/es\/tienda\/"},{"@type":"ListItem","position":3,"name":"Podadora de dos manos km180 kamikaze"}]},{"@type":"WebSite","@id":"https:\/\/saiga.es\/es\/#website","url":"https:\/\/saiga.es\/es\/","name":"SAIGA","description":"M\u00e9s de 50 anys al servei de la terra i treballant per a un \u00fas eficient de l\u2019aigua!","publisher":{"@id":"https:\/\/saiga.es\/es\/#organization"},"potentialAction":[{"@type":"SearchAction","target":{"@type":"EntryPoint","urlTemplate":"https:\/\/saiga.es\/es\/?s={search_term_string}"},"query-input":{"@type":"PropertyValueSpecification","valueRequired":true,"valueName":"search_term_string"}}],"inLanguage":"es"},{"@type":"Organization","@id":"https:\/\/saiga.es\/es\/#organization","name":"SAIGA","url":"https:\/\/saiga.es\/es\/","logo":{"@type":"ImageObject","inLanguage":"es","@id":"https:\/\/saiga.es\/es\/#\/schema\/logo\/image\/","url":"https:\/\/saiga.es\/wp-content\/uploads\/2025\/07\/logo_saiga_baseline_optimitzat.svg","contentUrl":"https:\/\/saiga.es\/wp-content\/uploads\/2025\/07\/logo_saiga_baseline_optimitzat.svg","caption":"SAIGA"},"image":{"@id":"https:\/\/saiga.es\/es\/#\/schema\/logo\/image\/"},"sameAs":["https:\/\/x.com\/saiga_agro","https:\/\/www.instagram.com\/saiga_agro\/"]}]}},"_links":{"self":[{"href":"https:\/\/saiga.es\/es\/wp-json\/wp\/v2\/product\/6887","targetHints":{"allow":["GET"]}}],"collection":[{"href":"https:\/\/saiga.es\/es\/wp-json\/wp\/v2\/product"}],"about":[{"href":"https:\/\/saiga.es\/es\/wp-json\/wp\/v2\/types\/product"}],"replies":[{"embeddable":true,"href":"https:\/\/saiga.es\/es\/wp-json\/wp\/v2\/comments?post=6887"}],"wp:featuredmedia":[{"embeddable":true,"href":"https:\/\/saiga.es\/es\/wp-json\/wp\/v2\/media\/11801"}],"wp:attachment":[{"href":"https:\/\/saiga.es\/es\/wp-json\/wp\/v2\/media?parent=6887"}],"wp:term":[{"taxonomy":"product_brand","embeddable":true,"href":"https:\/\/saiga.es\/es\/wp-json\/wp\/v2\/product_brand?post=6887"},{"taxonomy":"product_cat","embeddable":true,"href":"https:\/\/saiga.es\/es\/wp-json\/wp\/v2\/product_cat?post=6887"},{"taxonomy":"product_tag","embeddable":true,"href":"https:\/\/saiga.es\/es\/wp-json\/wp\/v2\/product_tag?post=6887"}],"curies":[{"name":"wp","href":"https:\/\/api.w.org\/{rel}","templated":true}]}}