{"id":6891,"date":"2024-01-18T11:34:41","date_gmt":"2024-01-18T11:34:41","guid":{"rendered":"https:\/\/botiga.saiga.es\/producte\/tijera-km-62-mas-pertiga-kamikaze\/"},"modified":"2025-10-27T07:53:37","modified_gmt":"2025-10-27T07:53:37","slug":"tijera-km-62-mas-pertiga-kamikaze","status":"publish","type":"product","link":"https:\/\/saiga.es\/es\/producto\/tijera-km-62-mas-pertiga-kamikaze\/","title":{"rendered":"Tijera km-62 m\u00e1s pertiga kamikaze"},"content":{"rendered":"<p>Tijera km-62 m\u00e1s pertiga kamikaze<\/p>\n<p>Nuestra tijera con pertiga es una herramienta innovadora y vers\u00e1til dise\u00f1ada para simplificar las labores de poda en zonas elevadas o de dif\u00edcil acceso a tu jard\u00edn. Con una combinaci\u00f3n de precisi\u00f3n y altura, esta tijera con pertiga es perfecta para la poda de \u00e1rboles altos, arbustos y otras vegetaci\u00f3n fuera del alcance convencional.<\/p>\n<p>Las hojas afiladas, fabricadas con materiales de primera calidad, aseguran un corte limpio y preciso, incluso en ramas m\u00e1s gruesas. La pertiga ajustable permite llegar a distintas alturas con facilidad, evitando el uso de otras herramientas o esfuerzos innecesarios.<\/p>\n<p>Optimiza tu tiempo de poda con nuestra tijera con pertiga, herramienta esencial para mantener tu jard\u00edn bien cuidado y con un aspecto impecable sin complicaciones.<\/p>\n","protected":false},"excerpt":{"rendered":"<p>Nuestra tijera con pertiga es una herramienta vers\u00e1til dise\u00f1ada para simplificar las tareas de poda en zonas elevadas o de dif\u00edcil acceso a tu jard\u00ednd\u00ed.<\/p>\n","protected":false},"featured_media":6863,"comment_status":"open","ping_status":"closed","template":"","meta":[],"product_brand":[],"product_cat":[1734,398],"product_tag":[],"class_list":{"0":"post-6891","1":"product","2":"type-product","3":"status-publish","4":"has-post-thumbnail","6":"product_cat-kamikaze-es","7":"product_cat-podadoras","9":"first","10":"instock","11":"taxable","12":"shipping-taxable","13":"purchasable","14":"product-type-simple"},"yoast_head":"<!-- This site is optimized with the Yoast SEO plugin v27.4 - https:\/\/yoast.com\/product\/yoast-seo-wordpress\/ -->\n<title>Tijera km-62 m\u00e1s pertiga kamikaze | SAIGA<\/title>\n<meta name=\"description\" content=\"Nuestra tijera con pertiga es una herramienta vers\u00e1til dise\u00f1ada para simplificar las tareas de poda en zonas elevadas o de dif\u00edcil acceso a tu jard\u00ednd\u00ed.\" \/>\n<meta name=\"robots\" content=\"index, follow, max-snippet:-1, max-image-preview:large, max-video-preview:-1\" \/>\n<link rel=\"canonical\" href=\"https:\/\/saiga.es\/es\/producto\/tijera-km-62-mas-pertiga-kamikaze\/\" \/>\n<meta property=\"og:locale\" content=\"es_ES\" \/>\n<meta property=\"og:type\" content=\"article\" \/>\n<meta property=\"og:title\" content=\"Tijera km-62 m\u00e1s pertiga kamikaze | SAIGA\" \/>\n<meta property=\"og:description\" content=\"Nuestra tijera con pertiga es una herramienta vers\u00e1til dise\u00f1ada para simplificar las tareas de poda en zonas elevadas o de dif\u00edcil acceso a tu jard\u00ednd\u00ed.\" \/>\n<meta property=\"og:url\" content=\"https:\/\/saiga.es\/es\/producto\/tijera-km-62-mas-pertiga-kamikaze\/\" \/>\n<meta property=\"og:site_name\" content=\"SAIGA\" \/>\n<meta property=\"article:modified_time\" content=\"2025-10-27T07:53:37+00:00\" \/>\n<meta property=\"og:image\" content=\"https:\/\/saiga.es\/wp-content\/uploads\/2024\/01\/8435128272473_1.jpg\" \/>\n\t<meta property=\"og:image:width\" content=\"510\" \/>\n\t<meta property=\"og:image:height\" content=\"510\" \/>\n\t<meta property=\"og:image:type\" content=\"image\/jpeg\" \/>\n<meta name=\"twitter:card\" content=\"summary_large_image\" \/>\n<meta name=\"twitter:site\" content=\"@saiga_agro\" \/>\n<meta name=\"twitter:label1\" content=\"Tiempo de lectura\" \/>\n\t<meta name=\"twitter:data1\" content=\"1 minuto\" \/>\n<script type=\"application\/ld+json\" class=\"yoast-schema-graph\">{\"@context\":\"https:\\\/\\\/schema.org\",\"@graph\":[{\"@type\":\"WebPage\",\"@id\":\"https:\\\/\\\/saiga.es\\\/es\\\/producto\\\/tijera-km-62-mas-pertiga-kamikaze\\\/\",\"url\":\"https:\\\/\\\/saiga.es\\\/es\\\/producto\\\/tijera-km-62-mas-pertiga-kamikaze\\\/\",\"name\":\"Tijera km-62 m\u00e1s pertiga kamikaze | SAIGA\",\"isPartOf\":{\"@id\":\"https:\\\/\\\/saiga.es\\\/es\\\/#website\"},\"primaryImageOfPage\":{\"@id\":\"https:\\\/\\\/saiga.es\\\/es\\\/producto\\\/tijera-km-62-mas-pertiga-kamikaze\\\/#primaryimage\"},\"image\":{\"@id\":\"https:\\\/\\\/saiga.es\\\/es\\\/producto\\\/tijera-km-62-mas-pertiga-kamikaze\\\/#primaryimage\"},\"thumbnailUrl\":\"https:\\\/\\\/saiga.es\\\/wp-content\\\/uploads\\\/2024\\\/01\\\/8435128272473_1.jpg\",\"datePublished\":\"2024-01-18T11:34:41+00:00\",\"dateModified\":\"2025-10-27T07:53:37+00:00\",\"description\":\"Nuestra tijera con pertiga es una herramienta vers\u00e1til dise\u00f1ada para simplificar las tareas de poda en zonas elevadas o de dif\u00edcil acceso a tu jard\u00ednd\u00ed.\",\"breadcrumb\":{\"@id\":\"https:\\\/\\\/saiga.es\\\/es\\\/producto\\\/tijera-km-62-mas-pertiga-kamikaze\\\/#breadcrumb\"},\"inLanguage\":\"es\",\"potentialAction\":[{\"@type\":\"ReadAction\",\"target\":[\"https:\\\/\\\/saiga.es\\\/es\\\/producto\\\/tijera-km-62-mas-pertiga-kamikaze\\\/\"]}]},{\"@type\":\"ImageObject\",\"inLanguage\":\"es\",\"@id\":\"https:\\\/\\\/saiga.es\\\/es\\\/producto\\\/tijera-km-62-mas-pertiga-kamikaze\\\/#primaryimage\",\"url\":\"https:\\\/\\\/saiga.es\\\/wp-content\\\/uploads\\\/2024\\\/01\\\/8435128272473_1.jpg\",\"contentUrl\":\"https:\\\/\\\/saiga.es\\\/wp-content\\\/uploads\\\/2024\\\/01\\\/8435128272473_1.jpg\",\"width\":510,\"height\":510},{\"@type\":\"BreadcrumbList\",\"@id\":\"https:\\\/\\\/saiga.es\\\/es\\\/producto\\\/tijera-km-62-mas-pertiga-kamikaze\\\/#breadcrumb\",\"itemListElement\":[{\"@type\":\"ListItem\",\"position\":1,\"name\":\"Inici\",\"item\":\"https:\\\/\\\/saiga.es\\\/es\\\/\"},{\"@type\":\"ListItem\",\"position\":2,\"name\":\"Tienda\",\"item\":\"https:\\\/\\\/saiga.es\\\/es\\\/tienda\\\/\"},{\"@type\":\"ListItem\",\"position\":3,\"name\":\"Tijera km-62 m\u00e1s pertiga kamikaze\"}]},{\"@type\":\"WebSite\",\"@id\":\"https:\\\/\\\/saiga.es\\\/es\\\/#website\",\"url\":\"https:\\\/\\\/saiga.es\\\/es\\\/\",\"name\":\"SAIGA\",\"description\":\"M\u00e9s de 50 anys al servei de la terra i treballant per a un \u00fas eficient de l\u2019aigua!\",\"publisher\":{\"@id\":\"https:\\\/\\\/saiga.es\\\/es\\\/#organization\"},\"potentialAction\":[{\"@type\":\"SearchAction\",\"target\":{\"@type\":\"EntryPoint\",\"urlTemplate\":\"https:\\\/\\\/saiga.es\\\/es\\\/?s={search_term_string}\"},\"query-input\":{\"@type\":\"PropertyValueSpecification\",\"valueRequired\":true,\"valueName\":\"search_term_string\"}}],\"inLanguage\":\"es\"},{\"@type\":\"Organization\",\"@id\":\"https:\\\/\\\/saiga.es\\\/es\\\/#organization\",\"name\":\"SAIGA\",\"url\":\"https:\\\/\\\/saiga.es\\\/es\\\/\",\"logo\":{\"@type\":\"ImageObject\",\"inLanguage\":\"es\",\"@id\":\"https:\\\/\\\/saiga.es\\\/es\\\/#\\\/schema\\\/logo\\\/image\\\/\",\"url\":\"https:\\\/\\\/saiga.es\\\/wp-content\\\/uploads\\\/2025\\\/07\\\/logo_saiga_baseline_optimitzat.svg\",\"contentUrl\":\"https:\\\/\\\/saiga.es\\\/wp-content\\\/uploads\\\/2025\\\/07\\\/logo_saiga_baseline_optimitzat.svg\",\"caption\":\"SAIGA\"},\"image\":{\"@id\":\"https:\\\/\\\/saiga.es\\\/es\\\/#\\\/schema\\\/logo\\\/image\\\/\"},\"sameAs\":[\"https:\\\/\\\/x.com\\\/saiga_agro\",\"https:\\\/\\\/www.instagram.com\\\/saiga_agro\\\/\"]}]}<\/script>\n<!-- \/ Yoast SEO plugin. -->","yoast_head_json":{"title":"Tijera km-62 m\u00e1s pertiga kamikaze | SAIGA","description":"Nuestra tijera con pertiga es una herramienta vers\u00e1til dise\u00f1ada para simplificar las tareas de poda en zonas elevadas o de dif\u00edcil acceso a tu jard\u00ednd\u00ed.","robots":{"index":"index","follow":"follow","max-snippet":"max-snippet:-1","max-image-preview":"max-image-preview:large","max-video-preview":"max-video-preview:-1"},"canonical":"https:\/\/saiga.es\/es\/producto\/tijera-km-62-mas-pertiga-kamikaze\/","og_locale":"es_ES","og_type":"article","og_title":"Tijera km-62 m\u00e1s pertiga kamikaze | SAIGA","og_description":"Nuestra tijera con pertiga es una herramienta vers\u00e1til dise\u00f1ada para simplificar las tareas de poda en zonas elevadas o de dif\u00edcil acceso a tu jard\u00ednd\u00ed.","og_url":"https:\/\/saiga.es\/es\/producto\/tijera-km-62-mas-pertiga-kamikaze\/","og_site_name":"SAIGA","article_modified_time":"2025-10-27T07:53:37+00:00","og_image":[{"width":510,"height":510,"url":"https:\/\/saiga.es\/wp-content\/uploads\/2024\/01\/8435128272473_1.jpg","type":"image\/jpeg"}],"twitter_card":"summary_large_image","twitter_site":"@saiga_agro","twitter_misc":{"Tiempo de lectura":"1 minuto"},"schema":{"@context":"https:\/\/schema.org","@graph":[{"@type":"WebPage","@id":"https:\/\/saiga.es\/es\/producto\/tijera-km-62-mas-pertiga-kamikaze\/","url":"https:\/\/saiga.es\/es\/producto\/tijera-km-62-mas-pertiga-kamikaze\/","name":"Tijera km-62 m\u00e1s pertiga kamikaze | SAIGA","isPartOf":{"@id":"https:\/\/saiga.es\/es\/#website"},"primaryImageOfPage":{"@id":"https:\/\/saiga.es\/es\/producto\/tijera-km-62-mas-pertiga-kamikaze\/#primaryimage"},"image":{"@id":"https:\/\/saiga.es\/es\/producto\/tijera-km-62-mas-pertiga-kamikaze\/#primaryimage"},"thumbnailUrl":"https:\/\/saiga.es\/wp-content\/uploads\/2024\/01\/8435128272473_1.jpg","datePublished":"2024-01-18T11:34:41+00:00","dateModified":"2025-10-27T07:53:37+00:00","description":"Nuestra tijera con pertiga es una herramienta vers\u00e1til dise\u00f1ada para simplificar las tareas de poda en zonas elevadas o de dif\u00edcil acceso a tu jard\u00ednd\u00ed.","breadcrumb":{"@id":"https:\/\/saiga.es\/es\/producto\/tijera-km-62-mas-pertiga-kamikaze\/#breadcrumb"},"inLanguage":"es","potentialAction":[{"@type":"ReadAction","target":["https:\/\/saiga.es\/es\/producto\/tijera-km-62-mas-pertiga-kamikaze\/"]}]},{"@type":"ImageObject","inLanguage":"es","@id":"https:\/\/saiga.es\/es\/producto\/tijera-km-62-mas-pertiga-kamikaze\/#primaryimage","url":"https:\/\/saiga.es\/wp-content\/uploads\/2024\/01\/8435128272473_1.jpg","contentUrl":"https:\/\/saiga.es\/wp-content\/uploads\/2024\/01\/8435128272473_1.jpg","width":510,"height":510},{"@type":"BreadcrumbList","@id":"https:\/\/saiga.es\/es\/producto\/tijera-km-62-mas-pertiga-kamikaze\/#breadcrumb","itemListElement":[{"@type":"ListItem","position":1,"name":"Inici","item":"https:\/\/saiga.es\/es\/"},{"@type":"ListItem","position":2,"name":"Tienda","item":"https:\/\/saiga.es\/es\/tienda\/"},{"@type":"ListItem","position":3,"name":"Tijera km-62 m\u00e1s pertiga kamikaze"}]},{"@type":"WebSite","@id":"https:\/\/saiga.es\/es\/#website","url":"https:\/\/saiga.es\/es\/","name":"SAIGA","description":"M\u00e9s de 50 anys al servei de la terra i treballant per a un \u00fas eficient de l\u2019aigua!","publisher":{"@id":"https:\/\/saiga.es\/es\/#organization"},"potentialAction":[{"@type":"SearchAction","target":{"@type":"EntryPoint","urlTemplate":"https:\/\/saiga.es\/es\/?s={search_term_string}"},"query-input":{"@type":"PropertyValueSpecification","valueRequired":true,"valueName":"search_term_string"}}],"inLanguage":"es"},{"@type":"Organization","@id":"https:\/\/saiga.es\/es\/#organization","name":"SAIGA","url":"https:\/\/saiga.es\/es\/","logo":{"@type":"ImageObject","inLanguage":"es","@id":"https:\/\/saiga.es\/es\/#\/schema\/logo\/image\/","url":"https:\/\/saiga.es\/wp-content\/uploads\/2025\/07\/logo_saiga_baseline_optimitzat.svg","contentUrl":"https:\/\/saiga.es\/wp-content\/uploads\/2025\/07\/logo_saiga_baseline_optimitzat.svg","caption":"SAIGA"},"image":{"@id":"https:\/\/saiga.es\/es\/#\/schema\/logo\/image\/"},"sameAs":["https:\/\/x.com\/saiga_agro","https:\/\/www.instagram.com\/saiga_agro\/"]}]}},"_links":{"self":[{"href":"https:\/\/saiga.es\/es\/wp-json\/wp\/v2\/product\/6891","targetHints":{"allow":["GET"]}}],"collection":[{"href":"https:\/\/saiga.es\/es\/wp-json\/wp\/v2\/product"}],"about":[{"href":"https:\/\/saiga.es\/es\/wp-json\/wp\/v2\/types\/product"}],"replies":[{"embeddable":true,"href":"https:\/\/saiga.es\/es\/wp-json\/wp\/v2\/comments?post=6891"}],"wp:featuredmedia":[{"embeddable":true,"href":"https:\/\/saiga.es\/es\/wp-json\/wp\/v2\/media\/6863"}],"wp:attachment":[{"href":"https:\/\/saiga.es\/es\/wp-json\/wp\/v2\/media?parent=6891"}],"wp:term":[{"taxonomy":"product_brand","embeddable":true,"href":"https:\/\/saiga.es\/es\/wp-json\/wp\/v2\/product_brand?post=6891"},{"taxonomy":"product_cat","embeddable":true,"href":"https:\/\/saiga.es\/es\/wp-json\/wp\/v2\/product_cat?post=6891"},{"taxonomy":"product_tag","embeddable":true,"href":"https:\/\/saiga.es\/es\/wp-json\/wp\/v2\/product_tag?post=6891"}],"curies":[{"name":"wp","href":"https:\/\/api.w.org\/{rel}","templated":true}]}}