{"id":6903,"date":"2023-12-07T11:23:11","date_gmt":"2023-12-07T11:23:11","guid":{"rendered":"https:\/\/botiga.saiga.es\/producte\/pellets\/"},"modified":"2023-12-07T11:23:11","modified_gmt":"2023-12-07T11:23:11","slug":"pellets","status":"publish","type":"product","link":"https:\/\/saiga.es\/es\/producto\/pellets\/","title":{"rendered":"Pellets"},"content":{"rendered":"<p>En SAIGA puedes encontrar pellets de la marca Pellets Farners en sacos de 15 Kg. El pellet son peque\u00f1os cilindros de madera producidos para utilizar como combustible, mucho m\u00e1s ecol\u00f3gico que el gas\u00f3leo, el gas o la electricidad. El Pellet cuenta con una gran capacidad calor\u00edfica lo hace perfecto para cualquier tipo de uso en calderas o estufas, en las que da una sensaci\u00f3n agradable.<\/p>\n<p>El pellet es un producto que surge del aprovechamiento de los serr\u00edn de la madera de pino que se produce durante el proceso de aserrado para la fabricaci\u00f3n de pal\u00e9s, consiguiendo crear un modelo para la obtenci\u00f3n de energ\u00edas renovables y respetuoso con el entorno. El propio proceso productivo garantiza una gran calidad en la materia prima.<\/p>\n","protected":false},"excerpt":{"rendered":"<p>En SAIGA puedes encontrar pellets de la marca Pellets Farners en sacos de 15 Kg. El pellet son peque\u00f1os cilindros de madera producidos para utilizar como combustible, mucho m\u00e1s ecol\u00f3gico que el gas\u00f3leo, el gas o la electricidad. El Pellet cuenta con una gran capacidad calor\u00edfica lo hace perfecto para cualquier tipo de uso en calderas o estufas, en las que da una sensaci\u00f3n agradable.<\/p>\n","protected":false},"featured_media":6276,"comment_status":"closed","ping_status":"closed","template":"","meta":[],"product_brand":[],"product_cat":[404],"product_tag":[565,566,567,568],"class_list":{"0":"post-6903","1":"product","2":"type-product","3":"status-publish","4":"has-post-thumbnail","6":"product_cat-climatizacion","7":"product_tag-combustible-es","8":"product_tag-pellets-es","9":"product_tag-pellets-es-2","10":"product_tag-pellets-es-3","12":"first","13":"instock","14":"sold-individually","15":"taxable","16":"shipping-taxable","17":"purchasable","18":"product-type-simple"},"yoast_head":"<!-- This site is optimized with the Yoast SEO plugin v27.4 - https:\/\/yoast.com\/product\/yoast-seo-wordpress\/ -->\n<title>Pellets | SAIGA<\/title>\n<meta name=\"description\" content=\"Saco de pellets de 15 Kg. El pellet son peque\u00f1os cilindros de madera usados \u200b\u200bcomo combustible, mucho m\u00e1s ecol\u00f3gico que el gas\u00f3leo, el gas o la electricidad.\" \/>\n<meta name=\"robots\" content=\"index, follow, max-snippet:-1, max-image-preview:large, max-video-preview:-1\" \/>\n<link rel=\"canonical\" href=\"https:\/\/saiga.es\/es\/producto\/pellets\/\" \/>\n<meta property=\"og:locale\" content=\"es_ES\" \/>\n<meta property=\"og:type\" content=\"article\" \/>\n<meta property=\"og:title\" content=\"Pellets | SAIGA\" \/>\n<meta property=\"og:description\" content=\"Saco de pellets de 15 Kg. El pellet son peque\u00f1os cilindros de madera usados \u200b\u200bcomo combustible, mucho m\u00e1s ecol\u00f3gico que el gas\u00f3leo, el gas o la electricidad.\" \/>\n<meta property=\"og:url\" content=\"https:\/\/saiga.es\/es\/producto\/pellets\/\" \/>\n<meta property=\"og:site_name\" content=\"SAIGA\" \/>\n<meta property=\"og:image\" content=\"https:\/\/saiga.es\/wp-content\/uploads\/2023\/12\/IMG_9649.jpg\" \/>\n\t<meta property=\"og:image:width\" content=\"1512\" \/>\n\t<meta property=\"og:image:height\" content=\"2016\" \/>\n\t<meta property=\"og:image:type\" content=\"image\/jpeg\" \/>\n<meta name=\"twitter:card\" content=\"summary_large_image\" \/>\n<meta name=\"twitter:site\" content=\"@saiga_agro\" \/>\n<meta name=\"twitter:label1\" content=\"Tiempo de lectura\" \/>\n\t<meta name=\"twitter:data1\" content=\"1 minuto\" \/>\n<script type=\"application\/ld+json\" class=\"yoast-schema-graph\">{\"@context\":\"https:\\\/\\\/schema.org\",\"@graph\":[{\"@type\":\"WebPage\",\"@id\":\"https:\\\/\\\/saiga.es\\\/es\\\/producto\\\/pellets\\\/\",\"url\":\"https:\\\/\\\/saiga.es\\\/es\\\/producto\\\/pellets\\\/\",\"name\":\"Pellets | SAIGA\",\"isPartOf\":{\"@id\":\"https:\\\/\\\/saiga.es\\\/es\\\/#website\"},\"primaryImageOfPage\":{\"@id\":\"https:\\\/\\\/saiga.es\\\/es\\\/producto\\\/pellets\\\/#primaryimage\"},\"image\":{\"@id\":\"https:\\\/\\\/saiga.es\\\/es\\\/producto\\\/pellets\\\/#primaryimage\"},\"thumbnailUrl\":\"https:\\\/\\\/saiga.es\\\/wp-content\\\/uploads\\\/2023\\\/12\\\/IMG_9649.jpg\",\"datePublished\":\"2023-12-07T11:23:11+00:00\",\"description\":\"Saco de pellets de 15 Kg. El pellet son peque\u00f1os cilindros de madera usados \u200b\u200bcomo combustible, mucho m\u00e1s ecol\u00f3gico que el gas\u00f3leo, el gas o la electricidad.\",\"breadcrumb\":{\"@id\":\"https:\\\/\\\/saiga.es\\\/es\\\/producto\\\/pellets\\\/#breadcrumb\"},\"inLanguage\":\"es\",\"potentialAction\":[{\"@type\":\"ReadAction\",\"target\":[\"https:\\\/\\\/saiga.es\\\/es\\\/producto\\\/pellets\\\/\"]}]},{\"@type\":\"ImageObject\",\"inLanguage\":\"es\",\"@id\":\"https:\\\/\\\/saiga.es\\\/es\\\/producto\\\/pellets\\\/#primaryimage\",\"url\":\"https:\\\/\\\/saiga.es\\\/wp-content\\\/uploads\\\/2023\\\/12\\\/IMG_9649.jpg\",\"contentUrl\":\"https:\\\/\\\/saiga.es\\\/wp-content\\\/uploads\\\/2023\\\/12\\\/IMG_9649.jpg\",\"width\":1512,\"height\":2016,\"caption\":\"Saco de Pellets de 15 Kg\"},{\"@type\":\"BreadcrumbList\",\"@id\":\"https:\\\/\\\/saiga.es\\\/es\\\/producto\\\/pellets\\\/#breadcrumb\",\"itemListElement\":[{\"@type\":\"ListItem\",\"position\":1,\"name\":\"Inici\",\"item\":\"https:\\\/\\\/saiga.es\\\/es\\\/\"},{\"@type\":\"ListItem\",\"position\":2,\"name\":\"Tienda\",\"item\":\"https:\\\/\\\/saiga.es\\\/es\\\/tienda\\\/\"},{\"@type\":\"ListItem\",\"position\":3,\"name\":\"Pellets\"}]},{\"@type\":\"WebSite\",\"@id\":\"https:\\\/\\\/saiga.es\\\/es\\\/#website\",\"url\":\"https:\\\/\\\/saiga.es\\\/es\\\/\",\"name\":\"SAIGA\",\"description\":\"M\u00e9s de 50 anys al servei de la terra i treballant per a un \u00fas eficient de l\u2019aigua!\",\"publisher\":{\"@id\":\"https:\\\/\\\/saiga.es\\\/es\\\/#organization\"},\"potentialAction\":[{\"@type\":\"SearchAction\",\"target\":{\"@type\":\"EntryPoint\",\"urlTemplate\":\"https:\\\/\\\/saiga.es\\\/es\\\/?s={search_term_string}\"},\"query-input\":{\"@type\":\"PropertyValueSpecification\",\"valueRequired\":true,\"valueName\":\"search_term_string\"}}],\"inLanguage\":\"es\"},{\"@type\":\"Organization\",\"@id\":\"https:\\\/\\\/saiga.es\\\/es\\\/#organization\",\"name\":\"SAIGA\",\"url\":\"https:\\\/\\\/saiga.es\\\/es\\\/\",\"logo\":{\"@type\":\"ImageObject\",\"inLanguage\":\"es\",\"@id\":\"https:\\\/\\\/saiga.es\\\/es\\\/#\\\/schema\\\/logo\\\/image\\\/\",\"url\":\"https:\\\/\\\/saiga.es\\\/wp-content\\\/uploads\\\/2025\\\/07\\\/logo_saiga_baseline_optimitzat.svg\",\"contentUrl\":\"https:\\\/\\\/saiga.es\\\/wp-content\\\/uploads\\\/2025\\\/07\\\/logo_saiga_baseline_optimitzat.svg\",\"caption\":\"SAIGA\"},\"image\":{\"@id\":\"https:\\\/\\\/saiga.es\\\/es\\\/#\\\/schema\\\/logo\\\/image\\\/\"},\"sameAs\":[\"https:\\\/\\\/x.com\\\/saiga_agro\",\"https:\\\/\\\/www.instagram.com\\\/saiga_agro\\\/\"]}]}<\/script>\n<!-- \/ Yoast SEO plugin. -->","yoast_head_json":{"title":"Pellets | SAIGA","description":"Saco de pellets de 15 Kg. El pellet son peque\u00f1os cilindros de madera usados \u200b\u200bcomo combustible, mucho m\u00e1s ecol\u00f3gico que el gas\u00f3leo, el gas o la electricidad.","robots":{"index":"index","follow":"follow","max-snippet":"max-snippet:-1","max-image-preview":"max-image-preview:large","max-video-preview":"max-video-preview:-1"},"canonical":"https:\/\/saiga.es\/es\/producto\/pellets\/","og_locale":"es_ES","og_type":"article","og_title":"Pellets | SAIGA","og_description":"Saco de pellets de 15 Kg. El pellet son peque\u00f1os cilindros de madera usados \u200b\u200bcomo combustible, mucho m\u00e1s ecol\u00f3gico que el gas\u00f3leo, el gas o la electricidad.","og_url":"https:\/\/saiga.es\/es\/producto\/pellets\/","og_site_name":"SAIGA","og_image":[{"width":1512,"height":2016,"url":"https:\/\/saiga.es\/wp-content\/uploads\/2023\/12\/IMG_9649.jpg","type":"image\/jpeg"}],"twitter_card":"summary_large_image","twitter_site":"@saiga_agro","twitter_misc":{"Tiempo de lectura":"1 minuto"},"schema":{"@context":"https:\/\/schema.org","@graph":[{"@type":"WebPage","@id":"https:\/\/saiga.es\/es\/producto\/pellets\/","url":"https:\/\/saiga.es\/es\/producto\/pellets\/","name":"Pellets | SAIGA","isPartOf":{"@id":"https:\/\/saiga.es\/es\/#website"},"primaryImageOfPage":{"@id":"https:\/\/saiga.es\/es\/producto\/pellets\/#primaryimage"},"image":{"@id":"https:\/\/saiga.es\/es\/producto\/pellets\/#primaryimage"},"thumbnailUrl":"https:\/\/saiga.es\/wp-content\/uploads\/2023\/12\/IMG_9649.jpg","datePublished":"2023-12-07T11:23:11+00:00","description":"Saco de pellets de 15 Kg. El pellet son peque\u00f1os cilindros de madera usados \u200b\u200bcomo combustible, mucho m\u00e1s ecol\u00f3gico que el gas\u00f3leo, el gas o la electricidad.","breadcrumb":{"@id":"https:\/\/saiga.es\/es\/producto\/pellets\/#breadcrumb"},"inLanguage":"es","potentialAction":[{"@type":"ReadAction","target":["https:\/\/saiga.es\/es\/producto\/pellets\/"]}]},{"@type":"ImageObject","inLanguage":"es","@id":"https:\/\/saiga.es\/es\/producto\/pellets\/#primaryimage","url":"https:\/\/saiga.es\/wp-content\/uploads\/2023\/12\/IMG_9649.jpg","contentUrl":"https:\/\/saiga.es\/wp-content\/uploads\/2023\/12\/IMG_9649.jpg","width":1512,"height":2016,"caption":"Saco de Pellets de 15 Kg"},{"@type":"BreadcrumbList","@id":"https:\/\/saiga.es\/es\/producto\/pellets\/#breadcrumb","itemListElement":[{"@type":"ListItem","position":1,"name":"Inici","item":"https:\/\/saiga.es\/es\/"},{"@type":"ListItem","position":2,"name":"Tienda","item":"https:\/\/saiga.es\/es\/tienda\/"},{"@type":"ListItem","position":3,"name":"Pellets"}]},{"@type":"WebSite","@id":"https:\/\/saiga.es\/es\/#website","url":"https:\/\/saiga.es\/es\/","name":"SAIGA","description":"M\u00e9s de 50 anys al servei de la terra i treballant per a un \u00fas eficient de l\u2019aigua!","publisher":{"@id":"https:\/\/saiga.es\/es\/#organization"},"potentialAction":[{"@type":"SearchAction","target":{"@type":"EntryPoint","urlTemplate":"https:\/\/saiga.es\/es\/?s={search_term_string}"},"query-input":{"@type":"PropertyValueSpecification","valueRequired":true,"valueName":"search_term_string"}}],"inLanguage":"es"},{"@type":"Organization","@id":"https:\/\/saiga.es\/es\/#organization","name":"SAIGA","url":"https:\/\/saiga.es\/es\/","logo":{"@type":"ImageObject","inLanguage":"es","@id":"https:\/\/saiga.es\/es\/#\/schema\/logo\/image\/","url":"https:\/\/saiga.es\/wp-content\/uploads\/2025\/07\/logo_saiga_baseline_optimitzat.svg","contentUrl":"https:\/\/saiga.es\/wp-content\/uploads\/2025\/07\/logo_saiga_baseline_optimitzat.svg","caption":"SAIGA"},"image":{"@id":"https:\/\/saiga.es\/es\/#\/schema\/logo\/image\/"},"sameAs":["https:\/\/x.com\/saiga_agro","https:\/\/www.instagram.com\/saiga_agro\/"]}]}},"_links":{"self":[{"href":"https:\/\/saiga.es\/es\/wp-json\/wp\/v2\/product\/6903","targetHints":{"allow":["GET"]}}],"collection":[{"href":"https:\/\/saiga.es\/es\/wp-json\/wp\/v2\/product"}],"about":[{"href":"https:\/\/saiga.es\/es\/wp-json\/wp\/v2\/types\/product"}],"replies":[{"embeddable":true,"href":"https:\/\/saiga.es\/es\/wp-json\/wp\/v2\/comments?post=6903"}],"wp:featuredmedia":[{"embeddable":true,"href":"https:\/\/saiga.es\/es\/wp-json\/wp\/v2\/media\/6276"}],"wp:attachment":[{"href":"https:\/\/saiga.es\/es\/wp-json\/wp\/v2\/media?parent=6903"}],"wp:term":[{"taxonomy":"product_brand","embeddable":true,"href":"https:\/\/saiga.es\/es\/wp-json\/wp\/v2\/product_brand?post=6903"},{"taxonomy":"product_cat","embeddable":true,"href":"https:\/\/saiga.es\/es\/wp-json\/wp\/v2\/product_cat?post=6903"},{"taxonomy":"product_tag","embeddable":true,"href":"https:\/\/saiga.es\/es\/wp-json\/wp\/v2\/product_tag?post=6903"}],"curies":[{"name":"wp","href":"https:\/\/api.w.org\/{rel}","templated":true}]}}