{"id":6908,"date":"2024-01-15T15:21:34","date_gmt":"2024-01-15T15:21:34","guid":{"rendered":"https:\/\/botiga.saiga.es\/producte\/hacha-vizcaina-con-mango-de-madera\/"},"modified":"2025-10-27T07:53:34","modified_gmt":"2025-10-27T07:53:34","slug":"hacha-vizcaina-con-mango-de-madera","status":"publish","type":"product","link":"https:\/\/saiga.es\/es\/producto\/hacha-vizcaina-con-mango-de-madera\/","title":{"rendered":"Hacha vizcaina con mango de madera"},"content":{"rendered":"<p>Nuestra hacha es una herramienta robusta y vers\u00e1til dise\u00f1ada para satisfacer las demandas de diversas tareas. Con una copa afilada y resistentes, fabricada con materiales de alta calidad, este hacha es ideal para cortar le\u00f1a, realizar trabajos de tala y otras actividades al aire libre.<\/p>\n<p>El mango ergon\u00f3mico ofrece una empu\u00f1adura c\u00f3moda y segura. La longitud y dise\u00f1o del mango est\u00e1n cuidadosamente equilibrados para proporcionar un control \u00f3ptimo y facilitar su manejo durante su uso.<\/p>\n<p>&nbsp;<\/p>\n<p>&nbsp;<\/p>\n","protected":false},"excerpt":{"rendered":"<p>Nuestra hacha es una herramienta robusta y vers\u00e1til, ideal para cortar le\u00f1a, realizar trabajos de tala y otras actividades al aire libre.<\/p>\n","protected":false},"featured_media":6753,"comment_status":"open","ping_status":"closed","template":"","meta":[],"product_brand":[],"product_cat":[391],"product_tag":[],"class_list":{"0":"post-6908","1":"product","2":"type-product","3":"status-publish","4":"has-post-thumbnail","6":"product_cat-hachas","8":"first","9":"instock","10":"taxable","11":"shipping-taxable","12":"purchasable","13":"product-type-simple"},"yoast_head":"<!-- This site is optimized with the Yoast SEO plugin v27.4 - https:\/\/yoast.com\/product\/yoast-seo-wordpress\/ -->\n<title>Hacha vizcaina con mango de madera | SAIGA<\/title>\n<meta name=\"description\" content=\"Nuestra hacha es una herramienta robusta y vers\u00e1til, ideal para cortar le\u00f1a, realizar trabajos de tala y otras actividades al aire libre.\" \/>\n<meta name=\"robots\" content=\"index, follow, max-snippet:-1, max-image-preview:large, max-video-preview:-1\" \/>\n<link rel=\"canonical\" href=\"https:\/\/saiga.es\/es\/producto\/hacha-vizcaina-con-mango-de-madera\/\" \/>\n<meta property=\"og:locale\" content=\"es_ES\" \/>\n<meta property=\"og:type\" content=\"article\" \/>\n<meta property=\"og:title\" content=\"Hacha vizcaina con mango de madera | SAIGA\" \/>\n<meta property=\"og:description\" content=\"Nuestra hacha es una herramienta robusta y vers\u00e1til, ideal para cortar le\u00f1a, realizar trabajos de tala y otras actividades al aire libre.\" \/>\n<meta property=\"og:url\" content=\"https:\/\/saiga.es\/es\/producto\/hacha-vizcaina-con-mango-de-madera\/\" \/>\n<meta property=\"og:site_name\" content=\"SAIGA\" \/>\n<meta property=\"article:modified_time\" content=\"2025-10-27T07:53:34+00:00\" \/>\n<meta property=\"og:image\" content=\"https:\/\/saiga.es\/wp-content\/uploads\/2024\/01\/hacha-corte-1200-gr-con-mango-fcortes-31010.jpg\" \/>\n\t<meta property=\"og:image:width\" content=\"800\" \/>\n\t<meta property=\"og:image:height\" content=\"800\" \/>\n\t<meta property=\"og:image:type\" content=\"image\/jpeg\" \/>\n<meta name=\"twitter:card\" content=\"summary_large_image\" \/>\n<meta name=\"twitter:site\" content=\"@saiga_agro\" \/>\n<script type=\"application\/ld+json\" class=\"yoast-schema-graph\">{\"@context\":\"https:\\\/\\\/schema.org\",\"@graph\":[{\"@type\":\"WebPage\",\"@id\":\"https:\\\/\\\/saiga.es\\\/es\\\/producto\\\/hacha-vizcaina-con-mango-de-madera\\\/\",\"url\":\"https:\\\/\\\/saiga.es\\\/es\\\/producto\\\/hacha-vizcaina-con-mango-de-madera\\\/\",\"name\":\"Hacha vizcaina con mango de madera | SAIGA\",\"isPartOf\":{\"@id\":\"https:\\\/\\\/saiga.es\\\/es\\\/#website\"},\"primaryImageOfPage\":{\"@id\":\"https:\\\/\\\/saiga.es\\\/es\\\/producto\\\/hacha-vizcaina-con-mango-de-madera\\\/#primaryimage\"},\"image\":{\"@id\":\"https:\\\/\\\/saiga.es\\\/es\\\/producto\\\/hacha-vizcaina-con-mango-de-madera\\\/#primaryimage\"},\"thumbnailUrl\":\"https:\\\/\\\/saiga.es\\\/wp-content\\\/uploads\\\/2024\\\/01\\\/hacha-corte-1200-gr-con-mango-fcortes-31010.jpg\",\"datePublished\":\"2024-01-15T15:21:34+00:00\",\"dateModified\":\"2025-10-27T07:53:34+00:00\",\"description\":\"Nuestra hacha es una herramienta robusta y vers\u00e1til, ideal para cortar le\u00f1a, realizar trabajos de tala y otras actividades al aire libre.\",\"breadcrumb\":{\"@id\":\"https:\\\/\\\/saiga.es\\\/es\\\/producto\\\/hacha-vizcaina-con-mango-de-madera\\\/#breadcrumb\"},\"inLanguage\":\"es\",\"potentialAction\":[{\"@type\":\"ReadAction\",\"target\":[\"https:\\\/\\\/saiga.es\\\/es\\\/producto\\\/hacha-vizcaina-con-mango-de-madera\\\/\"]}]},{\"@type\":\"ImageObject\",\"inLanguage\":\"es\",\"@id\":\"https:\\\/\\\/saiga.es\\\/es\\\/producto\\\/hacha-vizcaina-con-mango-de-madera\\\/#primaryimage\",\"url\":\"https:\\\/\\\/saiga.es\\\/wp-content\\\/uploads\\\/2024\\\/01\\\/hacha-corte-1200-gr-con-mango-fcortes-31010.jpg\",\"contentUrl\":\"https:\\\/\\\/saiga.es\\\/wp-content\\\/uploads\\\/2024\\\/01\\\/hacha-corte-1200-gr-con-mango-fcortes-31010.jpg\",\"width\":800,\"height\":800,\"caption\":\"Hacha\"},{\"@type\":\"BreadcrumbList\",\"@id\":\"https:\\\/\\\/saiga.es\\\/es\\\/producto\\\/hacha-vizcaina-con-mango-de-madera\\\/#breadcrumb\",\"itemListElement\":[{\"@type\":\"ListItem\",\"position\":1,\"name\":\"Inici\",\"item\":\"https:\\\/\\\/saiga.es\\\/es\\\/\"},{\"@type\":\"ListItem\",\"position\":2,\"name\":\"Tienda\",\"item\":\"https:\\\/\\\/saiga.es\\\/es\\\/tienda\\\/\"},{\"@type\":\"ListItem\",\"position\":3,\"name\":\"Hacha vizcaina con mango de madera\"}]},{\"@type\":\"WebSite\",\"@id\":\"https:\\\/\\\/saiga.es\\\/es\\\/#website\",\"url\":\"https:\\\/\\\/saiga.es\\\/es\\\/\",\"name\":\"SAIGA\",\"description\":\"M\u00e9s de 50 anys al servei de la terra i treballant per a un \u00fas eficient de l\u2019aigua!\",\"publisher\":{\"@id\":\"https:\\\/\\\/saiga.es\\\/es\\\/#organization\"},\"potentialAction\":[{\"@type\":\"SearchAction\",\"target\":{\"@type\":\"EntryPoint\",\"urlTemplate\":\"https:\\\/\\\/saiga.es\\\/es\\\/?s={search_term_string}\"},\"query-input\":{\"@type\":\"PropertyValueSpecification\",\"valueRequired\":true,\"valueName\":\"search_term_string\"}}],\"inLanguage\":\"es\"},{\"@type\":\"Organization\",\"@id\":\"https:\\\/\\\/saiga.es\\\/es\\\/#organization\",\"name\":\"SAIGA\",\"url\":\"https:\\\/\\\/saiga.es\\\/es\\\/\",\"logo\":{\"@type\":\"ImageObject\",\"inLanguage\":\"es\",\"@id\":\"https:\\\/\\\/saiga.es\\\/es\\\/#\\\/schema\\\/logo\\\/image\\\/\",\"url\":\"https:\\\/\\\/saiga.es\\\/wp-content\\\/uploads\\\/2025\\\/07\\\/logo_saiga_baseline_optimitzat.svg\",\"contentUrl\":\"https:\\\/\\\/saiga.es\\\/wp-content\\\/uploads\\\/2025\\\/07\\\/logo_saiga_baseline_optimitzat.svg\",\"caption\":\"SAIGA\"},\"image\":{\"@id\":\"https:\\\/\\\/saiga.es\\\/es\\\/#\\\/schema\\\/logo\\\/image\\\/\"},\"sameAs\":[\"https:\\\/\\\/x.com\\\/saiga_agro\",\"https:\\\/\\\/www.instagram.com\\\/saiga_agro\\\/\"]}]}<\/script>\n<!-- \/ Yoast SEO plugin. -->","yoast_head_json":{"title":"Hacha vizcaina con mango de madera | SAIGA","description":"Nuestra hacha es una herramienta robusta y vers\u00e1til, ideal para cortar le\u00f1a, realizar trabajos de tala y otras actividades al aire libre.","robots":{"index":"index","follow":"follow","max-snippet":"max-snippet:-1","max-image-preview":"max-image-preview:large","max-video-preview":"max-video-preview:-1"},"canonical":"https:\/\/saiga.es\/es\/producto\/hacha-vizcaina-con-mango-de-madera\/","og_locale":"es_ES","og_type":"article","og_title":"Hacha vizcaina con mango de madera | SAIGA","og_description":"Nuestra hacha es una herramienta robusta y vers\u00e1til, ideal para cortar le\u00f1a, realizar trabajos de tala y otras actividades al aire libre.","og_url":"https:\/\/saiga.es\/es\/producto\/hacha-vizcaina-con-mango-de-madera\/","og_site_name":"SAIGA","article_modified_time":"2025-10-27T07:53:34+00:00","og_image":[{"width":800,"height":800,"url":"https:\/\/saiga.es\/wp-content\/uploads\/2024\/01\/hacha-corte-1200-gr-con-mango-fcortes-31010.jpg","type":"image\/jpeg"}],"twitter_card":"summary_large_image","twitter_site":"@saiga_agro","schema":{"@context":"https:\/\/schema.org","@graph":[{"@type":"WebPage","@id":"https:\/\/saiga.es\/es\/producto\/hacha-vizcaina-con-mango-de-madera\/","url":"https:\/\/saiga.es\/es\/producto\/hacha-vizcaina-con-mango-de-madera\/","name":"Hacha vizcaina con mango de madera | SAIGA","isPartOf":{"@id":"https:\/\/saiga.es\/es\/#website"},"primaryImageOfPage":{"@id":"https:\/\/saiga.es\/es\/producto\/hacha-vizcaina-con-mango-de-madera\/#primaryimage"},"image":{"@id":"https:\/\/saiga.es\/es\/producto\/hacha-vizcaina-con-mango-de-madera\/#primaryimage"},"thumbnailUrl":"https:\/\/saiga.es\/wp-content\/uploads\/2024\/01\/hacha-corte-1200-gr-con-mango-fcortes-31010.jpg","datePublished":"2024-01-15T15:21:34+00:00","dateModified":"2025-10-27T07:53:34+00:00","description":"Nuestra hacha es una herramienta robusta y vers\u00e1til, ideal para cortar le\u00f1a, realizar trabajos de tala y otras actividades al aire libre.","breadcrumb":{"@id":"https:\/\/saiga.es\/es\/producto\/hacha-vizcaina-con-mango-de-madera\/#breadcrumb"},"inLanguage":"es","potentialAction":[{"@type":"ReadAction","target":["https:\/\/saiga.es\/es\/producto\/hacha-vizcaina-con-mango-de-madera\/"]}]},{"@type":"ImageObject","inLanguage":"es","@id":"https:\/\/saiga.es\/es\/producto\/hacha-vizcaina-con-mango-de-madera\/#primaryimage","url":"https:\/\/saiga.es\/wp-content\/uploads\/2024\/01\/hacha-corte-1200-gr-con-mango-fcortes-31010.jpg","contentUrl":"https:\/\/saiga.es\/wp-content\/uploads\/2024\/01\/hacha-corte-1200-gr-con-mango-fcortes-31010.jpg","width":800,"height":800,"caption":"Hacha"},{"@type":"BreadcrumbList","@id":"https:\/\/saiga.es\/es\/producto\/hacha-vizcaina-con-mango-de-madera\/#breadcrumb","itemListElement":[{"@type":"ListItem","position":1,"name":"Inici","item":"https:\/\/saiga.es\/es\/"},{"@type":"ListItem","position":2,"name":"Tienda","item":"https:\/\/saiga.es\/es\/tienda\/"},{"@type":"ListItem","position":3,"name":"Hacha vizcaina con mango de madera"}]},{"@type":"WebSite","@id":"https:\/\/saiga.es\/es\/#website","url":"https:\/\/saiga.es\/es\/","name":"SAIGA","description":"M\u00e9s de 50 anys al servei de la terra i treballant per a un \u00fas eficient de l\u2019aigua!","publisher":{"@id":"https:\/\/saiga.es\/es\/#organization"},"potentialAction":[{"@type":"SearchAction","target":{"@type":"EntryPoint","urlTemplate":"https:\/\/saiga.es\/es\/?s={search_term_string}"},"query-input":{"@type":"PropertyValueSpecification","valueRequired":true,"valueName":"search_term_string"}}],"inLanguage":"es"},{"@type":"Organization","@id":"https:\/\/saiga.es\/es\/#organization","name":"SAIGA","url":"https:\/\/saiga.es\/es\/","logo":{"@type":"ImageObject","inLanguage":"es","@id":"https:\/\/saiga.es\/es\/#\/schema\/logo\/image\/","url":"https:\/\/saiga.es\/wp-content\/uploads\/2025\/07\/logo_saiga_baseline_optimitzat.svg","contentUrl":"https:\/\/saiga.es\/wp-content\/uploads\/2025\/07\/logo_saiga_baseline_optimitzat.svg","caption":"SAIGA"},"image":{"@id":"https:\/\/saiga.es\/es\/#\/schema\/logo\/image\/"},"sameAs":["https:\/\/x.com\/saiga_agro","https:\/\/www.instagram.com\/saiga_agro\/"]}]}},"_links":{"self":[{"href":"https:\/\/saiga.es\/es\/wp-json\/wp\/v2\/product\/6908","targetHints":{"allow":["GET"]}}],"collection":[{"href":"https:\/\/saiga.es\/es\/wp-json\/wp\/v2\/product"}],"about":[{"href":"https:\/\/saiga.es\/es\/wp-json\/wp\/v2\/types\/product"}],"replies":[{"embeddable":true,"href":"https:\/\/saiga.es\/es\/wp-json\/wp\/v2\/comments?post=6908"}],"wp:featuredmedia":[{"embeddable":true,"href":"https:\/\/saiga.es\/es\/wp-json\/wp\/v2\/media\/6753"}],"wp:attachment":[{"href":"https:\/\/saiga.es\/es\/wp-json\/wp\/v2\/media?parent=6908"}],"wp:term":[{"taxonomy":"product_brand","embeddable":true,"href":"https:\/\/saiga.es\/es\/wp-json\/wp\/v2\/product_brand?post=6908"},{"taxonomy":"product_cat","embeddable":true,"href":"https:\/\/saiga.es\/es\/wp-json\/wp\/v2\/product_cat?post=6908"},{"taxonomy":"product_tag","embeddable":true,"href":"https:\/\/saiga.es\/es\/wp-json\/wp\/v2\/product_tag?post=6908"}],"curies":[{"name":"wp","href":"https:\/\/api.w.org\/{rel}","templated":true}]}}